{"id":15193,"date":"2015-08-29T12:13:20","date_gmt":"2015-08-29T10:13:20","guid":{"rendered":"http:\/\/www.naturalscience.org\/es\/?page_id=15193"},"modified":"2018-02-09T14:58:41","modified_gmt":"2018-02-09T13:58:41","slug":"gliconutrientes","status":"publish","type":"page","link":"https:\/\/www.naturalscience.org\/es\/temas\/salud\/gliconutrientes\/","title":{"rendered":"Gliconutrientes"},"content":{"rendered":"<div id=\"attachment_10630\" style=\"width: 300px\" class=\"wp-caption alignright\"><img loading=\"lazy\" decoding=\"async\" aria-describedby=\"caption-attachment-10630\" class=\"wp-image-10630 size-medium\" src=\"https:\/\/www.naturalscience.org\/wp-content\/uploads\/2015\/01\/iStock_000019113786Large-300x247.jpg\" alt=\"Los Gliconutrientes son obtenidos principalmente de la planta de Aloe vera\" width=\"300\" height=\"247\" srcset=\"https:\/\/www.naturalscience.org\/wp-content\/uploads\/2015\/01\/iStock_000019113786Large-300x247.jpg 300w, https:\/\/www.naturalscience.org\/wp-content\/uploads\/2015\/01\/iStock_000019113786Large-1024x844.jpg 1024w, https:\/\/www.naturalscience.org\/wp-content\/uploads\/2015\/01\/iStock_000019113786Large-164x135.jpg 164w\" sizes=\"auto, (max-width: 300px) 100vw, 300px\" \/><p id=\"caption-attachment-10630\" class=\"wp-caption-text\">Los Gliconutrientes son obtenidos principalmente de la planta de Aloe vera<\/p><\/div>\n<p><strong>Gliconutrientes son un tipo de nutriente celular que hasta hace poco hab\u00eda sido ampliamente desconocido y subestimado.<\/strong> Recientemente, la glicobiolog\u00eda ha comenzado a captar cada vez m\u00e1s inter\u00e9s entre los cient\u00edficos. En 1996 se descubri\u00f3 que los ocho az\u00facares esenciales &#8211; llamados gliconutrientes &#8211; son los responsables de la comunicaci\u00f3n entre las c\u00e9lulas. <strong>Los Gliconutrientes son absolutamente vitales para cada una de las c\u00e9lulas de un organismo.<\/strong> Sin ellos no hay comunicaci\u00f3n infalible y no hay regulaci\u00f3n para las reacciones bioqu\u00edmicas entre las c\u00e9lulas en el cuerpo. <strong>Solo con un nivel \u00f3ptimo de comunicaci\u00f3n entre las c\u00e9lulas nuestro cuerpo puede utilizar sus poderes de auto- curaci\u00f3n y mantenerse saludable.<\/strong><\/p>\n<div id=\"attachment_12298\" style=\"width: 300px\" class=\"wp-caption alignleft\"><a href=\"https:\/\/www.naturalscience.org\/wp-content\/uploads\/2015\/01\/image002.jpg\"><img loading=\"lazy\" decoding=\"async\" aria-describedby=\"caption-attachment-12298\" class=\"wp-image-12298 size-medium\" src=\"https:\/\/www.naturalscience.org\/wp-content\/uploads\/2015\/01\/image002-300x202.jpg\" alt=\"Gliconutrientes en la superficie de la c\u00e9lula\" width=\"300\" height=\"202\" srcset=\"https:\/\/www.naturalscience.org\/wp-content\/uploads\/2015\/01\/image002-300x202.jpg 300w, https:\/\/www.naturalscience.org\/wp-content\/uploads\/2015\/01\/image002-164x111.jpg 164w, https:\/\/www.naturalscience.org\/wp-content\/uploads\/2015\/01\/image002.jpg 403w\" sizes=\"auto, (max-width: 300px) 100vw, 300px\" \/><\/a><p id=\"caption-attachment-12298\" class=\"wp-caption-text\">Los Gliconutrientes sirven en la superficie de la c\u00e9lula para transferir informaci\u00f3n entre las c\u00e9lulas, entre otras cosas<\/p><\/div>\n<p>T\u00e9cnicamente, la naturaleza deber\u00eda proporcionar las frutas y verduras saludables para nosotros, que nos suministran las vitaminas esenciales, minerales, fitonutrientes y, de hecho, estos gliconutrientes muy necesarios tambi\u00e9n&#8230;esto es si no hubi\u00e9semos contaminado el suelo, el aire y el agua.<\/p>\n<p>Por esta raz\u00f3n, el contenido de nutrientes en los alimentos se ha ido reduciendo de manera dr\u00e1stica durante d\u00e9cadas. <strong>En 1951 dos melocotones proporcionaban a una mujer adulta su requerimiento diario de vitamina A. Hoy en d\u00eda,&nbsp;\u00a1ella tendr\u00eda que comerse 53 melocotones!<\/strong> Cuando la naturaleza sea regenerada, la oferta completa de nutrientes necesarios para nuestro cuerpo volver\u00e1 a estar disponible. Hasta entonces dependemos en gran medida de los suplementos diet\u00e9ticos naturales apropiados con el fin de mantenernos saludables.  <\/p>\n","protected":false},"excerpt":{"rendered":"Gliconutrientes son un tipo de nutriente celular que hasta hace poco hab\u00eda sido ampliamente desconocido y subestimado. Recientemente, la glicobiolog\u00eda ha comenzado a captar cada vez m\u00e1s inter\u00e9s entre los cient\u00edficos. En 1996 se descubri\u00f3 que los ocho az\u00facares esenciales &#8211; llamados gliconutrientes &#8211; son los responsables de la comunicaci\u00f3n entre las c\u00e9lulas. Los Gliconutrientes [&hellip;]","protected":false},"author":9,"featured_media":0,"parent":15189,"menu_order":19,"comment_status":"closed","ping_status":"closed","template":"","meta":{"_acf_changed":false,"ngg_post_thumbnail":0,"footnotes":""},"categories":[171],"class_list":["post-15193","page","type-page","status-publish","hentry","category-gliconutrientes","wpautop"],"acf":[],"yoast_head":"<!-- This site is optimized with the Yoast SEO plugin v27.4 - https:\/\/yoast.com\/product\/yoast-seo-wordpress\/ -->\n<title>Gliconutrientes - The World Foundation for Natural Science<\/title>\n<meta name=\"robots\" content=\"index, follow, max-snippet:-1, max-image-preview:large, max-video-preview:-1\" \/>\n<link rel=\"canonical\" href=\"https:\/\/www.naturalscience.org\/es\/temas\/salud\/gliconutrientes\/\" \/>\n<meta name=\"twitter:label1\" content=\"Tiempo de lectura\" \/>\n\t<meta name=\"twitter:data1\" content=\"2 minutos\" \/>\n<script type=\"application\/ld+json\" class=\"yoast-schema-graph\">{\"@context\":\"https:\\\/\\\/schema.org\",\"@graph\":[{\"@type\":\"WebPage\",\"@id\":\"https:\\\/\\\/www.naturalscience.org\\\/es\\\/temas\\\/salud\\\/gliconutrientes\\\/\",\"url\":\"https:\\\/\\\/www.naturalscience.org\\\/es\\\/temas\\\/salud\\\/gliconutrientes\\\/\",\"name\":\"Gliconutrientes - The World Foundation for Natural Science\",\"isPartOf\":{\"@id\":\"https:\\\/\\\/www.naturalscience.org\\\/#website\"},\"primaryImageOfPage\":{\"@id\":\"https:\\\/\\\/www.naturalscience.org\\\/es\\\/temas\\\/salud\\\/gliconutrientes\\\/#primaryimage\"},\"image\":{\"@id\":\"https:\\\/\\\/www.naturalscience.org\\\/es\\\/temas\\\/salud\\\/gliconutrientes\\\/#primaryimage\"},\"thumbnailUrl\":\"https:\\\/\\\/www.naturalscience.org\\\/wp-content\\\/uploads\\\/2015\\\/01\\\/iStock_000019113786Large-300x247.jpg\",\"datePublished\":\"2015-08-29T10:13:20+00:00\",\"dateModified\":\"2018-02-09T13:58:41+00:00\",\"breadcrumb\":{\"@id\":\"https:\\\/\\\/www.naturalscience.org\\\/es\\\/temas\\\/salud\\\/gliconutrientes\\\/#breadcrumb\"},\"inLanguage\":\"es\",\"potentialAction\":[{\"@type\":\"ReadAction\",\"target\":[\"https:\\\/\\\/www.naturalscience.org\\\/es\\\/temas\\\/salud\\\/gliconutrientes\\\/\"]}]},{\"@type\":\"ImageObject\",\"inLanguage\":\"es\",\"@id\":\"https:\\\/\\\/www.naturalscience.org\\\/es\\\/temas\\\/salud\\\/gliconutrientes\\\/#primaryimage\",\"url\":\"https:\\\/\\\/www.naturalscience.org\\\/wp-content\\\/uploads\\\/2015\\\/01\\\/iStock_000019113786Large-300x247.jpg\",\"contentUrl\":\"https:\\\/\\\/www.naturalscience.org\\\/wp-content\\\/uploads\\\/2015\\\/01\\\/iStock_000019113786Large-300x247.jpg\"},{\"@type\":\"BreadcrumbList\",\"@id\":\"https:\\\/\\\/www.naturalscience.org\\\/es\\\/temas\\\/salud\\\/gliconutrientes\\\/#breadcrumb\",\"itemListElement\":[{\"@type\":\"ListItem\",\"position\":1,\"name\":\"Home\",\"item\":\"https:\\\/\\\/www.naturalscience.org\\\/es\\\/\"},{\"@type\":\"ListItem\",\"position\":2,\"name\":\"Temas\",\"item\":\"https:\\\/\\\/www.naturalscience.org\\\/es\\\/temas\\\/\"},{\"@type\":\"ListItem\",\"position\":3,\"name\":\"Salud\",\"item\":\"https:\\\/\\\/www.naturalscience.org\\\/cs\\\/temas\\\/salud\\\/\"},{\"@type\":\"ListItem\",\"position\":4,\"name\":\"Gliconutrientes\"}]},{\"@type\":\"WebSite\",\"@id\":\"https:\\\/\\\/www.naturalscience.org\\\/#website\",\"url\":\"https:\\\/\\\/www.naturalscience.org\\\/\",\"name\":\"The World Foundation for Natural Science\",\"description\":\"Restoring and Healing the World through Responsibility and Commitment in accord with Natural and Divine Law!\",\"potentialAction\":[{\"@type\":\"SearchAction\",\"target\":{\"@type\":\"EntryPoint\",\"urlTemplate\":\"https:\\\/\\\/www.naturalscience.org\\\/?s={search_term_string}\"},\"query-input\":{\"@type\":\"PropertyValueSpecification\",\"valueRequired\":true,\"valueName\":\"search_term_string\"}}],\"inLanguage\":\"es\"}]}<\/script>\n<!-- \/ Yoast SEO plugin. -->","yoast_head_json":{"title":"Gliconutrientes - The World Foundation for Natural Science","robots":{"index":"index","follow":"follow","max-snippet":"max-snippet:-1","max-image-preview":"max-image-preview:large","max-video-preview":"max-video-preview:-1"},"canonical":"https:\/\/www.naturalscience.org\/es\/temas\/salud\/gliconutrientes\/","twitter_misc":{"Tiempo de lectura":"2 minutos"},"schema":{"@context":"https:\/\/schema.org","@graph":[{"@type":"WebPage","@id":"https:\/\/www.naturalscience.org\/es\/temas\/salud\/gliconutrientes\/","url":"https:\/\/www.naturalscience.org\/es\/temas\/salud\/gliconutrientes\/","name":"Gliconutrientes - The World Foundation for Natural Science","isPartOf":{"@id":"https:\/\/www.naturalscience.org\/#website"},"primaryImageOfPage":{"@id":"https:\/\/www.naturalscience.org\/es\/temas\/salud\/gliconutrientes\/#primaryimage"},"image":{"@id":"https:\/\/www.naturalscience.org\/es\/temas\/salud\/gliconutrientes\/#primaryimage"},"thumbnailUrl":"https:\/\/www.naturalscience.org\/wp-content\/uploads\/2015\/01\/iStock_000019113786Large-300x247.jpg","datePublished":"2015-08-29T10:13:20+00:00","dateModified":"2018-02-09T13:58:41+00:00","breadcrumb":{"@id":"https:\/\/www.naturalscience.org\/es\/temas\/salud\/gliconutrientes\/#breadcrumb"},"inLanguage":"es","potentialAction":[{"@type":"ReadAction","target":["https:\/\/www.naturalscience.org\/es\/temas\/salud\/gliconutrientes\/"]}]},{"@type":"ImageObject","inLanguage":"es","@id":"https:\/\/www.naturalscience.org\/es\/temas\/salud\/gliconutrientes\/#primaryimage","url":"https:\/\/www.naturalscience.org\/wp-content\/uploads\/2015\/01\/iStock_000019113786Large-300x247.jpg","contentUrl":"https:\/\/www.naturalscience.org\/wp-content\/uploads\/2015\/01\/iStock_000019113786Large-300x247.jpg"},{"@type":"BreadcrumbList","@id":"https:\/\/www.naturalscience.org\/es\/temas\/salud\/gliconutrientes\/#breadcrumb","itemListElement":[{"@type":"ListItem","position":1,"name":"Home","item":"https:\/\/www.naturalscience.org\/es\/"},{"@type":"ListItem","position":2,"name":"Temas","item":"https:\/\/www.naturalscience.org\/es\/temas\/"},{"@type":"ListItem","position":3,"name":"Salud","item":"https:\/\/www.naturalscience.org\/cs\/temas\/salud\/"},{"@type":"ListItem","position":4,"name":"Gliconutrientes"}]},{"@type":"WebSite","@id":"https:\/\/www.naturalscience.org\/#website","url":"https:\/\/www.naturalscience.org\/","name":"The World Foundation for Natural Science","description":"Restoring and Healing the World through Responsibility and Commitment in accord with Natural and Divine Law!","potentialAction":[{"@type":"SearchAction","target":{"@type":"EntryPoint","urlTemplate":"https:\/\/www.naturalscience.org\/?s={search_term_string}"},"query-input":{"@type":"PropertyValueSpecification","valueRequired":true,"valueName":"search_term_string"}}],"inLanguage":"es"}]}},"_links":{"self":[{"href":"https:\/\/www.naturalscience.org\/es\/wp-json\/wp\/v2\/pages\/15193","targetHints":{"allow":["GET"]}}],"collection":[{"href":"https:\/\/www.naturalscience.org\/es\/wp-json\/wp\/v2\/pages"}],"about":[{"href":"https:\/\/www.naturalscience.org\/es\/wp-json\/wp\/v2\/types\/page"}],"author":[{"embeddable":true,"href":"https:\/\/www.naturalscience.org\/es\/wp-json\/wp\/v2\/users\/9"}],"replies":[{"embeddable":true,"href":"https:\/\/www.naturalscience.org\/es\/wp-json\/wp\/v2\/comments?post=15193"}],"version-history":[{"count":7,"href":"https:\/\/www.naturalscience.org\/es\/wp-json\/wp\/v2\/pages\/15193\/revisions"}],"predecessor-version":[{"id":26777,"href":"https:\/\/www.naturalscience.org\/es\/wp-json\/wp\/v2\/pages\/15193\/revisions\/26777"}],"up":[{"embeddable":true,"href":"https:\/\/www.naturalscience.org\/es\/wp-json\/wp\/v2\/pages\/15189"}],"wp:attachment":[{"href":"https:\/\/www.naturalscience.org\/es\/wp-json\/wp\/v2\/media?parent=15193"}],"wp:term":[{"taxonomy":"category","embeddable":true,"href":"https:\/\/www.naturalscience.org\/es\/wp-json\/wp\/v2\/categories?post=15193"}],"curies":[{"name":"wp","href":"https:\/\/api.w.org\/{rel}","templated":true}]}}