{"id":15189,"date":"2015-08-29T12:03:08","date_gmt":"2015-08-29T10:03:08","guid":{"rendered":"http:\/\/www.naturalscience.org\/es\/?page_id=15189"},"modified":"2022-12-14T14:46:03","modified_gmt":"2022-12-14T13:46:03","slug":"salud","status":"publish","type":"page","link":"https:\/\/www.naturalscience.org\/es\/temas\/salud\/","title":{"rendered":"Salud"},"content":{"rendered":"<p>El cuerpo f\u00edsico no es solo un producto bioqu\u00edmico de la evoluci\u00f3n, creado al azar \u2013 de hecho, es un fiel compa\u00f1ero altamente especializado en nuestro camino de vida individual, cuya inteligencia y habilidades sobrepasan nuestra comprensi\u00f3n de lejos. Es una tarea esencial de aprendizaje para nosotros formar una buena asociaci\u00f3n y colaboraci\u00f3n con nuestros cuerpos. De hecho, a trav\u00e9s de esta colaboraci\u00f3n, podemos aprender mucho acerca de nosotros mismos, la naturaleza y la vida misma. <strong>La salud es nuestro mayor bien, nunca debe darse por sentado.<\/strong> Todos los d\u00edas nos exponemos a muchas influencias malsanas; se necesita nuestra atenci\u00f3n constante para mantener nuestra salud f\u00edsica, como tambi\u00e9n nuestra salud espiritual.<\/p>\n<div class=\"content-box green-1 width-60 right\">\n<div class=\"content-box-title\">Consejos pr\u00e1cticos para una vida saludable:<\/div>\n<div class=\"content-box-body\">\n<ul>\n<li>Toma suficiente agua (40 ml diarios por cada kg de peso corporal). Preferiblemente de grifo si est\u00e1 disponible, de una buena calidad. A\u00f1adir a un litro de agua un&nbsp;\u00bc de cucharadita de sal natural (marina o sal de roca, no sal refinada o procesada), o sal al gusto, si eres sano. Esto ayuda a las c\u00e9lulas del cuerpo a absorber mejor el agua. Los que viven en una regi\u00f3n con poca presencia de yodo en la dieta diaria, deber\u00edan tener cuidado y consumir suficiente yodo con su comida&#8230; <span class=\"more\"><i class=\"fa fa-angle-right \" ><\/i>&nbsp;<a title=\"Lo que puedes hacer para tener una mejor salud\" href=\"https:\/\/www.naturalscience.org\/es\/temas\/salud\/lo-que-puedes-hacer-para-tener-una-mejor-salud\/\">m\u00e1s<\/a><\/span><\/li>\n<\/ul>\n<\/div>\n<\/div>\n<p>Las enormes poderes de autocuraci\u00f3n de nuestro cuerpo solo podr\u00e1n desarrollarse en toda su extensi\u00f3n con la ayuda de los dones de la naturaleza, como el agua, el aire, la luz solar,&nbsp; tambi\u00e9n alimentos, hierbas medicinales y nutrientes, los cuales son prove\u00eddos por los cuatro elementos.&nbsp;<strong>La naturaleza solo puede proporcionar todo lo que necesitamos para nuestra salud en abundancia y de la m\u00e1s alta calidad cuando se mantiene intacta.<\/strong>&nbsp;As\u00ed como nosotros somos responsables de nuestro cuerpo, es nuestra responsabilidad cooperar con la Naturaleza, para mantenerla sana y si es necesario, para restablecer el orden natural.<\/p>\n<p><strong>La medicina del futuro radica en la prevenci\u00f3n.<\/strong><\/p>\n<p>Si tiene problemas con su salud le invitamos a ponerse en contacto con nosotros por tel\u00e9fono o por<a href=\"mailto:health@naturalscience.org\">health@naturalscience.org<\/a>. Trabajamos con m\u00e9dicos y terapeutas exclusivos quienes te asistir\u00e1n y asesorar\u00e1n profesionalmente con todos los asuntos relacionados con la salud. \r\n\t        <div class=\"subpages-grid\">\r\n\r\n            <ul class=\"small-block-grid-1 medium-block-grid-2\">\r\n\t\t\t\t                        <li>\r\n\r\n\t\t\t\t\t\t\t                                <a href=\"https:\/\/www.naturalscience.org\/es\/temas\/salud\/coronavirus\/\"><img loading=\"lazy\" decoding=\"async\" src=\"https:\/\/www.naturalscience.org\/wp-content\/uploads\/2021\/01\/header-topic-covid19-300x68.jpg\"\r\n                                                                         width=\"300\"\r\n                                                                         height=\"68\"\/><\/a>\r\n\t\t\t\t\t\t\t\r\n                            <h2><a href=\"https:\/\/www.naturalscience.org\/es\/temas\/salud\/coronavirus\/\">Coronavirus<\/a><\/h2>\r\n\r\n                            <ul class=\"fa-ul\">\r\n\t\t\t\t\t\t\t\t                            <\/ul>\r\n                        <\/li>\r\n\t\t\t\t\t\t\t\t\t\t\t\t\t                        <li>\r\n\r\n\t\t\t\t\t\t\t                                <a href=\"https:\/\/www.naturalscience.org\/es\/temas\/salud\/fumar\/\"><img loading=\"lazy\" decoding=\"async\" src=\"https:\/\/www.naturalscience.org\/wp-content\/uploads\/2015\/02\/header-smoking-300x68.jpg\"\r\n                                                                         width=\"300\"\r\n                                                                         height=\"68\"\/><\/a>\r\n\t\t\t\t\t\t\t\r\n                            <h2><a href=\"https:\/\/www.naturalscience.org\/es\/temas\/salud\/fumar\/\">Fumar<\/a><\/h2>\r\n\r\n                            <ul class=\"fa-ul\">\r\n\t\t\t\t\t\t\t\t\t\t\t\t\t\t\t\t\t\t\t\t\t\t\t\t\t\t\t\t\t\t\t\t\t\t                            <\/ul>\r\n                        <\/li>\r\n\t\t\t\t\t\t\t\t\t                        <li>\r\n\r\n\t\t\t\t\t\t\t                                <a href=\"https:\/\/www.naturalscience.org\/es\/temas\/salud\/cancer-de-mama\/\"><img loading=\"lazy\" decoding=\"async\" src=\"https:\/\/www.naturalscience.org\/wp-content\/uploads\/2022\/12\/AdobeStock_474745584WEB-300x68.jpg\"\r\n                                                                         width=\"300\"\r\n                                                                         height=\"68\"\/><\/a>\r\n\t\t\t\t\t\t\t\r\n                            <h2><a href=\"https:\/\/www.naturalscience.org\/es\/temas\/salud\/cancer-de-mama\/\">C\u00e1ncer de Mama<\/a><\/h2>\r\n\r\n                            <ul class=\"fa-ul\">\r\n\t\t\t\t\t\t\t\t\t\t\t\t\t\t\t\t\t\t\t\t\t\t\t\t\t\t\t\t\t\t\t\t\t\t                            <\/ul>\r\n                        <\/li>\r\n\t\t\t\t\t\t\t\t\t                        <li>\r\n\r\n\t\t\t\t\t\t\t                                <a href=\"https:\/\/www.naturalscience.org\/es\/temas\/salud\/el-parto-natural\/\"><img loading=\"lazy\" decoding=\"async\" src=\"https:\/\/www.naturalscience.org\/wp-content\/uploads\/2015\/02\/header-natural-birh-300x68.jpg\"\r\n                                                                         width=\"300\"\r\n                                                                         height=\"68\"\/><\/a>\r\n\t\t\t\t\t\t\t\r\n                            <h2><a href=\"https:\/\/www.naturalscience.org\/es\/temas\/salud\/el-parto-natural\/\">El parto natural<\/a><\/h2>\r\n\r\n                            <ul class=\"fa-ul\">\r\n\t\t\t\t\t\t\t\t\t\t\t\t\t\t\t\t\t\t\t\t\t\t\t\t\t\t\t\t\t\t\t\t\t\t                            <\/ul>\r\n                        <\/li>\r\n\t\t\t\t\t\t\t\t\t                        <li>\r\n\r\n\t\t\t\t\t\t\t                                <a href=\"https:\/\/www.naturalscience.org\/es\/temas\/salud\/gliconutrientes\/\"><img loading=\"lazy\" decoding=\"async\" src=\"https:\/\/www.naturalscience.org\/wp-content\/uploads\/2015\/02\/header-glykoscience-300x68.jpg\"\r\n                                                                         width=\"300\"\r\n                                                                         height=\"68\"\/><\/a>\r\n\t\t\t\t\t\t\t\r\n                            <h2><a href=\"https:\/\/www.naturalscience.org\/es\/temas\/salud\/gliconutrientes\/\">Gliconutrientes<\/a><\/h2>\r\n\r\n                            <ul class=\"fa-ul\">\r\n\t\t\t\t\t\t\t\t                            <\/ul>\r\n                        <\/li>\r\n\t\t\t\t\t\t\t\t\t                        <li>\r\n\r\n\t\t\t\t\t\t\t                                <a href=\"https:\/\/www.naturalscience.org\/es\/temas\/salud\/flores-de-bach\/\"><img loading=\"lazy\" decoding=\"async\" src=\"https:\/\/www.naturalscience.org\/wp-content\/uploads\/2015\/02\/header-bach-flowers-10-crab-apple-300x68.jpg\"\r\n                                                                         width=\"300\"\r\n                                                                         height=\"68\"\/><\/a>\r\n\t\t\t\t\t\t\t\r\n                            <h2><a href=\"https:\/\/www.naturalscience.org\/es\/temas\/salud\/flores-de-bach\/\">Flores de Bach<\/a><\/h2>\r\n\r\n                            <ul class=\"fa-ul\">\r\n\t\t\t\t\t\t\t\t\t\t\t\t\t\t\t\t\t\t\t\t\t\t\t\t\t\t\t\t\t\t\t\t\t\t                            <\/ul>\r\n                        <\/li>\r\n\t\t\t\t\t\t\t\t\t                        <li>\r\n\r\n\t\t\t\t\t\t\t                                <a href=\"https:\/\/www.naturalscience.org\/es\/temas\/salud\/internet-y-redes-sociales\/\"><img loading=\"lazy\" decoding=\"async\" src=\"https:\/\/www.naturalscience.org\/wp-content\/uploads\/2022\/12\/iStock_000019512727_cut-300x68.jpg\"\r\n                                                                         width=\"300\"\r\n                                                                         height=\"68\"\/><\/a>\r\n\t\t\t\t\t\t\t\r\n                            <h2><a href=\"https:\/\/www.naturalscience.org\/es\/temas\/salud\/internet-y-redes-sociales\/\">Internet y Redes Sociales<\/a><\/h2>\r\n\r\n                            <ul class=\"fa-ul\">\r\n\t\t\t\t\t\t\t\t\t\t\t\t\t\t\t\t\t\t\t\t\t\t\t\t\t\t\t\t\t\t\t\t\t\t                            <\/ul>\r\n                        <\/li>\r\n\t\t\t\t\t\t\t\t\t            <\/ul>\r\n        <\/div>\r\n\t\r\n\t\r\n\t  <\/p>\n","protected":false},"excerpt":{"rendered":"Hemos enumerado algunos consejos para que usted y su hijo sean capaces de moverse con seguridad y responsabilidad en el Internet y en las redes sociales: Hable con su hijo acerca de la Internet y su lado&nbsp;\u00aboscuro\u00bb. El uso responsable del Internet y redes sociales s\u00f3lo puede lograrse si el ni\u00f1o sabe en lo que [&hellip;]","protected":false},"author":9,"featured_media":0,"parent":15431,"menu_order":25,"comment_status":"closed","ping_status":"closed","template":"","meta":{"_acf_changed":false,"ngg_post_thumbnail":0,"footnotes":""},"categories":[],"class_list":["post-15189","page","type-page","status-publish","hentry","wpautop"],"acf":[],"yoast_head":"<!-- This site is optimized with the Yoast SEO plugin v27.4 - https:\/\/yoast.com\/product\/yoast-seo-wordpress\/ -->\n<title>Salud - The World Foundation for Natural Science<\/title>\n<meta name=\"robots\" content=\"index, follow, max-snippet:-1, max-image-preview:large, max-video-preview:-1\" \/>\n<link rel=\"canonical\" href=\"https:\/\/www.naturalscience.org\/cs\/temas\/salud\/\" \/>\n<meta name=\"twitter:label1\" content=\"Tiempo de lectura\" \/>\n\t<meta name=\"twitter:data1\" content=\"2 minutos\" \/>\n<script type=\"application\/ld+json\" class=\"yoast-schema-graph\">{\"@context\":\"https:\\\/\\\/schema.org\",\"@graph\":[{\"@type\":\"WebPage\",\"@id\":\"https:\\\/\\\/www.naturalscience.org\\\/cs\\\/temas\\\/salud\\\/\",\"url\":\"https:\\\/\\\/www.naturalscience.org\\\/cs\\\/temas\\\/salud\\\/\",\"name\":\"Salud - The World Foundation for Natural Science\",\"isPartOf\":{\"@id\":\"https:\\\/\\\/www.naturalscience.org\\\/#website\"},\"datePublished\":\"2015-08-29T10:03:08+00:00\",\"dateModified\":\"2022-12-14T13:46:03+00:00\",\"breadcrumb\":{\"@id\":\"https:\\\/\\\/www.naturalscience.org\\\/cs\\\/temas\\\/salud\\\/#breadcrumb\"},\"inLanguage\":\"es\",\"potentialAction\":[{\"@type\":\"ReadAction\",\"target\":[\"https:\\\/\\\/www.naturalscience.org\\\/cs\\\/temas\\\/salud\\\/\"]}]},{\"@type\":\"BreadcrumbList\",\"@id\":\"https:\\\/\\\/www.naturalscience.org\\\/cs\\\/temas\\\/salud\\\/#breadcrumb\",\"itemListElement\":[{\"@type\":\"ListItem\",\"position\":1,\"name\":\"Home\",\"item\":\"https:\\\/\\\/www.naturalscience.org\\\/es\\\/\"},{\"@type\":\"ListItem\",\"position\":2,\"name\":\"Temas\",\"item\":\"https:\\\/\\\/www.naturalscience.org\\\/es\\\/temas\\\/\"},{\"@type\":\"ListItem\",\"position\":3,\"name\":\"Salud\"}]},{\"@type\":\"WebSite\",\"@id\":\"https:\\\/\\\/www.naturalscience.org\\\/#website\",\"url\":\"https:\\\/\\\/www.naturalscience.org\\\/\",\"name\":\"The World Foundation for Natural Science\",\"description\":\"Restoring and Healing the World through Responsibility and Commitment in accord with Natural and Divine Law!\",\"potentialAction\":[{\"@type\":\"SearchAction\",\"target\":{\"@type\":\"EntryPoint\",\"urlTemplate\":\"https:\\\/\\\/www.naturalscience.org\\\/?s={search_term_string}\"},\"query-input\":{\"@type\":\"PropertyValueSpecification\",\"valueRequired\":true,\"valueName\":\"search_term_string\"}}],\"inLanguage\":\"es\"}]}<\/script>\n<!-- \/ Yoast SEO plugin. -->","yoast_head_json":{"title":"Salud - The World Foundation for Natural Science","robots":{"index":"index","follow":"follow","max-snippet":"max-snippet:-1","max-image-preview":"max-image-preview:large","max-video-preview":"max-video-preview:-1"},"canonical":"https:\/\/www.naturalscience.org\/cs\/temas\/salud\/","twitter_misc":{"Tiempo de lectura":"2 minutos"},"schema":{"@context":"https:\/\/schema.org","@graph":[{"@type":"WebPage","@id":"https:\/\/www.naturalscience.org\/cs\/temas\/salud\/","url":"https:\/\/www.naturalscience.org\/cs\/temas\/salud\/","name":"Salud - The World Foundation for Natural Science","isPartOf":{"@id":"https:\/\/www.naturalscience.org\/#website"},"datePublished":"2015-08-29T10:03:08+00:00","dateModified":"2022-12-14T13:46:03+00:00","breadcrumb":{"@id":"https:\/\/www.naturalscience.org\/cs\/temas\/salud\/#breadcrumb"},"inLanguage":"es","potentialAction":[{"@type":"ReadAction","target":["https:\/\/www.naturalscience.org\/cs\/temas\/salud\/"]}]},{"@type":"BreadcrumbList","@id":"https:\/\/www.naturalscience.org\/cs\/temas\/salud\/#breadcrumb","itemListElement":[{"@type":"ListItem","position":1,"name":"Home","item":"https:\/\/www.naturalscience.org\/es\/"},{"@type":"ListItem","position":2,"name":"Temas","item":"https:\/\/www.naturalscience.org\/es\/temas\/"},{"@type":"ListItem","position":3,"name":"Salud"}]},{"@type":"WebSite","@id":"https:\/\/www.naturalscience.org\/#website","url":"https:\/\/www.naturalscience.org\/","name":"The World Foundation for Natural Science","description":"Restoring and Healing the World through Responsibility and Commitment in accord with Natural and Divine Law!","potentialAction":[{"@type":"SearchAction","target":{"@type":"EntryPoint","urlTemplate":"https:\/\/www.naturalscience.org\/?s={search_term_string}"},"query-input":{"@type":"PropertyValueSpecification","valueRequired":true,"valueName":"search_term_string"}}],"inLanguage":"es"}]}},"_links":{"self":[{"href":"https:\/\/www.naturalscience.org\/es\/wp-json\/wp\/v2\/pages\/15189","targetHints":{"allow":["GET"]}}],"collection":[{"href":"https:\/\/www.naturalscience.org\/es\/wp-json\/wp\/v2\/pages"}],"about":[{"href":"https:\/\/www.naturalscience.org\/es\/wp-json\/wp\/v2\/types\/page"}],"author":[{"embeddable":true,"href":"https:\/\/www.naturalscience.org\/es\/wp-json\/wp\/v2\/users\/9"}],"replies":[{"embeddable":true,"href":"https:\/\/www.naturalscience.org\/es\/wp-json\/wp\/v2\/comments?post=15189"}],"version-history":[{"count":13,"href":"https:\/\/www.naturalscience.org\/es\/wp-json\/wp\/v2\/pages\/15189\/revisions"}],"predecessor-version":[{"id":38350,"href":"https:\/\/www.naturalscience.org\/es\/wp-json\/wp\/v2\/pages\/15189\/revisions\/38350"}],"up":[{"embeddable":true,"href":"https:\/\/www.naturalscience.org\/es\/wp-json\/wp\/v2\/pages\/15431"}],"wp:attachment":[{"href":"https:\/\/www.naturalscience.org\/es\/wp-json\/wp\/v2\/media?parent=15189"}],"wp:term":[{"taxonomy":"category","embeddable":true,"href":"https:\/\/www.naturalscience.org\/es\/wp-json\/wp\/v2\/categories?post=15189"}],"curies":[{"name":"wp","href":"https:\/\/api.w.org\/{rel}","templated":true}]}}