{"id":9117,"date":"2015-01-27T19:51:35","date_gmt":"2015-01-27T18:51:35","guid":{"rendered":"http:\/\/test.naturalscience.org\/?page_id=9117"},"modified":"2022-12-14T14:35:35","modified_gmt":"2022-12-14T13:35:35","slug":"brustkrebs","status":"publish","type":"page","link":"https:\/\/www.naturalscience.org\/de\/themen\/gesundheit\/brustkrebs\/","title":{"rendered":"Brustkrebs"},"content":{"rendered":"<p><img loading=\"lazy\" decoding=\"async\" class=\"size-medium wp-image-38332 alignright\" src=\"https:\/\/www.naturalscience.org\/wp-content\/uploads\/2022\/12\/WOMEN-200x300.jpeg\" alt=\"\" width=\"200\" height=\"300\" srcset=\"https:\/\/www.naturalscience.org\/wp-content\/uploads\/2022\/12\/WOMEN-200x300.jpeg 200w, https:\/\/www.naturalscience.org\/wp-content\/uploads\/2022\/12\/WOMEN-683x1024.jpeg 683w, https:\/\/www.naturalscience.org\/wp-content\/uploads\/2022\/12\/WOMEN-768x1152.jpeg 768w, https:\/\/www.naturalscience.org\/wp-content\/uploads\/2022\/12\/WOMEN-1024x1536.jpeg 1024w, https:\/\/www.naturalscience.org\/wp-content\/uploads\/2022\/12\/WOMEN-1365x2048.jpeg 1365w, https:\/\/www.naturalscience.org\/wp-content\/uploads\/2022\/12\/WOMEN-109x164.jpeg 109w, https:\/\/www.naturalscience.org\/wp-content\/uploads\/2022\/12\/WOMEN-267x400.jpeg 267w, https:\/\/www.naturalscience.org\/wp-content\/uploads\/2022\/12\/WOMEN-333x500.jpeg 333w, https:\/\/www.naturalscience.org\/wp-content\/uploads\/2022\/12\/WOMEN-scaled.jpeg 1707w\" sizes=\"auto, (max-width: 200px) 100vw, 200px\" \/><\/p>\n<p>Brustkrebs ist eine der h\u00e4ufigsten Krebserkrankungen bei Frauen. In Westeuropa wird jede zehnte Frau im Laufe ihres Lebens mit dieser Diagnose konfrontiert, Tendenz steigend. Und bei keiner anderen Form von Krebs werden so viele \u00c4ngste und Emotionen gesch\u00fcrt. Frauen unterziehen sich Vorsorgeuntersuchungen, Behandlungen und Operationen, die viele Risiken in sich bergen und sowohl physisches als auch emotionales Leid verursachen. <strong>Viele der wahren Hintergr\u00fcnde und Zusammenh\u00e4nge einer Brustkrebs-Erkrankung bleiben in der symptomorientierten Forschung und Medizin weitgehend unerkannt.<\/strong><\/p>\n<div class=\"content-box green-1 width-40 left\">\n<div class=\"content-box-title\">So k\u00f6nnen Sie Brustkrebs vorbeugen:<\/div>\n<div class=\"content-box-body\">\n<ul>\n<li>Vermeiden Sie hormonwirksame Medikamente wie die Pille, die Hormonspirale oder Hormonersatzmedikamente zur Reduzierung von Wechseljahrbeschwerden.<\/li>\n<li>Falls Sie Hormonpr\u00e4parate einnehmen m\u00fcssen, verwenden Sie NUR bioidentische Hormone&#8230; <span class=\"more\" style=\"line-height: 1.5;\"><i class=\"fa fa-angle-right \" ><\/i> <a title=\"So k\u00f6nnen Sie Brustkrebs vorbeugen\" href=\"https:\/\/www.naturalscience.org\/de\/themen\/gesundheit\/brustkrebs\/so-koennen-sie-brustkrebs-vorbeugen\/\">mehr<\/a><\/span><\/li>\n<\/ul>\n<\/div>\n<\/div>\n<p><strong>Doch es ist m\u00f6glich, einer Brustkrebserkrankung wirksam vorzubeugen.<\/strong>&nbsp;Dabei geht es um viele tagt\u00e4gliche Entscheidungen, beispielsweise, ob wir hormonhaltige Medikamente anwenden, oder welche Nahrungsmittel wir essen. Frauen sollten ausserdem B\u00fcstenhalter ohne Metallb\u00fcgel tragen und Glas- statt Plastikbeh\u00e4lter sowie Kosmetika ohne hormonartige Konservierungsstoffe w\u00e4hlen. Noch mehr Tipps zur Vorbeugung von Brustkrebs finden Sie&nbsp;<a title=\"So k\u00f6nnen Sie Brustkrebs vorbeugen\" href=\"https:\/\/www.naturalscience.org\/de\/themen\/gesundheit\/brustkrebs\/so-koennen-sie-brustkrebs-vorbeugen\/\">hier<\/a>.<\/p>\n<p>Ausschlaggebend ist ebenfalls der Umgang mit sich selbst und mit anderen. <strong>Denn wie bei jeder Erkrankung haben unsere Gedanken und Gef\u00fchle entscheidenden Einfluss auf unser Wohlergehen! <\/strong>Doch wenn wir die Kraft haben, Krankheiten zu verursachen, haben wir auch die Kraft, unseren K\u00f6rper wieder zu heilen.<\/p>\n<p>Es liegt somit gr\u00f6sstenteils in unserer eigenen Verantwortung, durch unser Verhalten Brustkrebs zu verhindern. Lernen Sie an unseren <a title=\"Lehrt\u00e4tigkeit\" href=\"https:\/\/www.naturalscience.org\/de\/veranstaltungen\/\">Seminaren und Vortr\u00e4gen<\/a>, wie Sie dieser Erkrankung konkret und wirkungsvoll vorbeugen k\u00f6nnen.<\/p>\n<p style=\"text-align: center;\"><strong><em><br \/>\n&#8222;Krankheiten befallen uns nicht aus heiterem Himmel, sondern entwickeln sich aus t\u00e4glichen S\u00fcnden wider die Natur. Wenn sich diese geh\u00e4uft haben, brechen sie unversehens hervor.&#8220;<\/em><\/strong><\/p>\n<p style=\"text-align: center;\"><em>Hippokrates<\/em><\/p>\n\n            <div class=\"publication-list hide-for-print\">\r\n                <div class=\"row\">\r\n                    <div class=\"small-24 columns \">\r\n                        <div class=\"title\">Publikationen<\/div>\r\n\r\n\t\t\t\t\t\t\t\t\t\t\t\t\t\r\n\r\n<article class=\"row collapse all publication-item gesundheit brustkrebs  brochure wfns\">\r\n\r\n\t<div class=\"cover medium-7 columns\">\r\n\t\t<a href=\"https:\/\/www.naturalscience.org\/de\/publikationen\/brustkrebs-echte-vorsorge-ist-moeglich\/\">\r\n\t\t\t<img loading=\"lazy\" decoding=\"async\" src=\"https:\/\/www.naturalscience.org\/wp-content\/uploads\/2014\/11\/wfns_brochure_breast-cancer_10-12_german-130x300.jpg\" width=\"130\" height=\"300\">\t\t<\/a>\r\n\t<\/div>\r\n\r\n\t<div class=\"text medium-17 columns\">\r\n\r\n\t\t<div class=\"type\">\r\n\t\t\tBrosch\u00fcre\t\t<\/div>\r\n\r\n\t\t<div class=\"name\">\r\n\t\t\t<a href=\"https:\/\/www.naturalscience.org\/de\/publikationen\/brustkrebs-echte-vorsorge-ist-moeglich\/\">Brustkrebs &#8211; Echte Vorsorge ist m\u00f6glich<\/a>\r\n\t\t<\/div>\r\n\r\n\t\t<p class=\"description\">\r\n\t\t\t<p>Faltblatt \u00fcber Brustkrebs, die Gefahren der Mammografie und wie Sie Brustkrebs vorbeugen k\u00f6nnen.<\/p>\n\t\t<\/p>\r\n\r\n\t\t<div class=\"buttons\">\r\n\t\t\t<div class=\"row collapse\">\r\n\t\t\t\t\t\t\t\t\t\t<div class=\"small-24 medium-8 columns\">\r\n\t\t\t\t\t\t\t<a href=\"https:\/\/www.naturalscience.org\/wp-content\/uploads\/2014\/11\/wfns_brochure_breast-cancer_10-12_german2.pdf\" class=\"button radius primary small\" target=\"_blank\">\r\n\t\t\t\t\t\t\t\t<i class=\"fa fa-download\"><\/i>&nbsp;&nbsp;Herunterladen\t\t\t\t\t\t\t<\/a>\r\n\t\t\t\t\t\t<\/div>\r\n\t\t\t\t\t\r\n\t\t\t\t\t\t\t\t\t\t<div class=\"small-24 medium-16 columns\">\r\n\t\t\t\t\t\t<i class=\"fa fa-angle-right\"><\/i>\r\n\t\t\t\t\t\t<a href=\"https:\/\/www.naturalscience.org\/de\/publikationen\/brustkrebs-echte-vorsorge-ist-moeglich\/\" class=\"further-information\">\r\n\t\t\t\t\t\t\tWeitere Informationen & Sprachen\t\t\t\t\t\t<\/a>\r\n\t\t\t\t\t<\/div>\r\n\t\t\t\t\r\n\t\t\t\t\r\n\r\n\t\t\t<\/div>\r\n\t\t<\/div>\r\n\r\n\t<\/div>\r\n<\/article>\t\t\t\t\t\t\t\t\t\t\t\t\t\r\n\r\n<article class=\"row collapse all publication-item gesundheit brustkrebs  article external\">\r\n\r\n\t<div class=\"cover medium-7 columns\">\r\n\t\t<a href=\"https:\/\/www.naturalscience.org\/de\/publikationen\/brustkrebs-echte-vorsorge-ist-moglich\/\">\r\n\t\t\t<img loading=\"lazy\" decoding=\"async\" src=\"https:\/\/www.naturalscience.org\/wp-content\/uploads\/2015\/02\/brustkrebs_verl-225x300.jpg\" width=\"225\" height=\"300\">\t\t<\/a>\r\n\t<\/div>\r\n\r\n\t<div class=\"text medium-17 columns\">\r\n\r\n\t\t<div class=\"type\">\r\n\t\t\tArtikel\t\t<\/div>\r\n\r\n\t\t<div class=\"name\">\r\n\t\t\t<a href=\"https:\/\/www.naturalscience.org\/de\/publikationen\/brustkrebs-echte-vorsorge-ist-moglich\/\">Brustkrebs: Echte Vorsorge ist m\u00f6glich!<\/a>\r\n\t\t<\/div>\r\n\r\n\t\t<p class=\"description\">\r\n\t\t\t<div title=\"Page 1\">\n<div>\n<div>\n<div title=\"Page 1\">\n<div>\n<div>\n<p>Bei keiner anderen Form von Krebs werden so viele \u00c4ngste gesch\u00fcrt wie bei Brustkrebs. Tatsache ist jedoch: Einer Brustkrebserkrankung k\u00f6nnte mit einer vitalen Hormonbalance wirksam vorgebeugt werden.<\/p>\n<\/div>\n<\/div>\n<\/div>\n<\/div>\n<\/div>\n<\/div>\n\t\t<\/p>\r\n\r\n\t\t<div class=\"buttons\">\r\n\t\t\t<div class=\"row collapse\">\r\n\t\t\t\t\t\t\t\t\t\t<div class=\"small-24 medium-8 columns\">\r\n\t\t\t\t\t\t\t<a href=\"https:\/\/www.naturalscience.org\/wp-content\/uploads\/2015\/02\/Zeitenschrift_Brustkrebs_Echte_Vorsorge_ist_Mo\u0308glich.pdf\" class=\"button radius primary small\" target=\"_blank\">\r\n\t\t\t\t\t\t\t\t<i class=\"fa fa-download\"><\/i>&nbsp;&nbsp;Herunterladen\t\t\t\t\t\t\t<\/a>\r\n\t\t\t\t\t\t<\/div>\r\n\t\t\t\t\t\r\n\t\t\t\t\t\t\t\t\t\t<div class=\"small-24 medium-16 columns\">\r\n\t\t\t\t\t\t<i class=\"fa fa-angle-right\"><\/i>\r\n\t\t\t\t\t\t<a href=\"https:\/\/www.naturalscience.org\/de\/publikationen\/brustkrebs-echte-vorsorge-ist-moglich\/\" class=\"further-information\">\r\n\t\t\t\t\t\t\tWeitere Informationen & Sprachen\t\t\t\t\t\t<\/a>\r\n\t\t\t\t\t<\/div>\r\n\t\t\t\t\r\n\t\t\t\t\r\n\r\n\t\t\t<\/div>\r\n\t\t<\/div>\r\n\r\n\t<\/div>\r\n<\/article>\t\t\t\t\t\t\t\t\t\t\t\t\r\n                    <\/div>\r\n                <\/div>\r\n            <\/div>\r\n\r\n\t\t\t\n","protected":false},"excerpt":{"rendered":"Bei keiner anderen Form von Krebs werden so viele \u00c4ngste gesch\u00fcrt wie bei Brustkrebs. Tatsache ist jedoch: Einer Brustkrebserkrankung k\u00f6nnte mit einer vitalen Hormonbalance wirksam vorgebeugt werden.","protected":false},"author":9,"featured_media":0,"parent":108,"menu_order":17,"comment_status":"closed","ping_status":"closed","template":"","meta":{"_acf_changed":false,"ngg_post_thumbnail":0,"footnotes":""},"categories":[85],"class_list":["post-9117","page","type-page","status-publish","hentry","category-brustkrebs","wpautop"],"acf":[],"yoast_head":"<!-- This site is optimized with the Yoast SEO plugin v27.5 - https:\/\/yoast.com\/product\/yoast-seo-wordpress\/ -->\n<title>Brustkrebs - The World Foundation for Natural Science<\/title>\n<meta name=\"robots\" content=\"index, follow, max-snippet:-1, max-image-preview:large, max-video-preview:-1\" \/>\n<link rel=\"canonical\" href=\"https:\/\/www.naturalscience.org\/de\/themen\/gesundheit\/brustkrebs\/\" \/>\n<meta name=\"twitter:label1\" content=\"Gesch\u00e4tzte Lesezeit\" \/>\n\t<meta name=\"twitter:data1\" content=\"2\u00a0Minuten\" \/>\n<script type=\"application\/ld+json\" class=\"yoast-schema-graph\">{\"@context\":\"https:\\\/\\\/schema.org\",\"@graph\":[{\"@type\":\"WebPage\",\"@id\":\"https:\\\/\\\/www.naturalscience.org\\\/de\\\/themen\\\/gesundheit\\\/brustkrebs\\\/\",\"url\":\"https:\\\/\\\/www.naturalscience.org\\\/de\\\/themen\\\/gesundheit\\\/brustkrebs\\\/\",\"name\":\"Brustkrebs - The World Foundation for Natural Science\",\"isPartOf\":{\"@id\":\"https:\\\/\\\/www.naturalscience.org\\\/#website\"},\"primaryImageOfPage\":{\"@id\":\"https:\\\/\\\/www.naturalscience.org\\\/de\\\/themen\\\/gesundheit\\\/brustkrebs\\\/#primaryimage\"},\"image\":{\"@id\":\"https:\\\/\\\/www.naturalscience.org\\\/de\\\/themen\\\/gesundheit\\\/brustkrebs\\\/#primaryimage\"},\"thumbnailUrl\":\"https:\\\/\\\/www.naturalscience.org\\\/wp-content\\\/uploads\\\/2022\\\/12\\\/WOMEN-200x300.jpeg\",\"datePublished\":\"2015-01-27T18:51:35+00:00\",\"dateModified\":\"2022-12-14T13:35:35+00:00\",\"breadcrumb\":{\"@id\":\"https:\\\/\\\/www.naturalscience.org\\\/de\\\/themen\\\/gesundheit\\\/brustkrebs\\\/#breadcrumb\"},\"inLanguage\":\"de\",\"potentialAction\":[{\"@type\":\"ReadAction\",\"target\":[\"https:\\\/\\\/www.naturalscience.org\\\/de\\\/themen\\\/gesundheit\\\/brustkrebs\\\/\"]}]},{\"@type\":\"ImageObject\",\"inLanguage\":\"de\",\"@id\":\"https:\\\/\\\/www.naturalscience.org\\\/de\\\/themen\\\/gesundheit\\\/brustkrebs\\\/#primaryimage\",\"url\":\"https:\\\/\\\/www.naturalscience.org\\\/wp-content\\\/uploads\\\/2022\\\/12\\\/WOMEN-200x300.jpeg\",\"contentUrl\":\"https:\\\/\\\/www.naturalscience.org\\\/wp-content\\\/uploads\\\/2022\\\/12\\\/WOMEN-200x300.jpeg\"},{\"@type\":\"BreadcrumbList\",\"@id\":\"https:\\\/\\\/www.naturalscience.org\\\/de\\\/themen\\\/gesundheit\\\/brustkrebs\\\/#breadcrumb\",\"itemListElement\":[{\"@type\":\"ListItem\",\"position\":1,\"name\":\"Home\",\"item\":\"https:\\\/\\\/www.naturalscience.org\\\/de\\\/\"},{\"@type\":\"ListItem\",\"position\":2,\"name\":\"Themen\",\"item\":\"https:\\\/\\\/www.naturalscience.org\\\/de\\\/themen\\\/\"},{\"@type\":\"ListItem\",\"position\":3,\"name\":\"Gesundheit\",\"item\":\"https:\\\/\\\/www.naturalscience.org\\\/de\\\/themen\\\/gesundheit\\\/\"},{\"@type\":\"ListItem\",\"position\":4,\"name\":\"Brustkrebs\"}]},{\"@type\":\"WebSite\",\"@id\":\"https:\\\/\\\/www.naturalscience.org\\\/#website\",\"url\":\"https:\\\/\\\/www.naturalscience.org\\\/\",\"name\":\"The World Foundation for Natural Science\",\"description\":\"Restoring and Healing the World through Responsibility and Commitment in accord with Natural and Divine Law!\",\"potentialAction\":[{\"@type\":\"SearchAction\",\"target\":{\"@type\":\"EntryPoint\",\"urlTemplate\":\"https:\\\/\\\/www.naturalscience.org\\\/?s={search_term_string}\"},\"query-input\":{\"@type\":\"PropertyValueSpecification\",\"valueRequired\":true,\"valueName\":\"search_term_string\"}}],\"inLanguage\":\"de\"}]}<\/script>\n<!-- \/ Yoast SEO plugin. -->","yoast_head_json":{"title":"Brustkrebs - The World Foundation for Natural Science","robots":{"index":"index","follow":"follow","max-snippet":"max-snippet:-1","max-image-preview":"max-image-preview:large","max-video-preview":"max-video-preview:-1"},"canonical":"https:\/\/www.naturalscience.org\/de\/themen\/gesundheit\/brustkrebs\/","twitter_misc":{"Gesch\u00e4tzte Lesezeit":"2\u00a0Minuten"},"schema":{"@context":"https:\/\/schema.org","@graph":[{"@type":"WebPage","@id":"https:\/\/www.naturalscience.org\/de\/themen\/gesundheit\/brustkrebs\/","url":"https:\/\/www.naturalscience.org\/de\/themen\/gesundheit\/brustkrebs\/","name":"Brustkrebs - The World Foundation for Natural Science","isPartOf":{"@id":"https:\/\/www.naturalscience.org\/#website"},"primaryImageOfPage":{"@id":"https:\/\/www.naturalscience.org\/de\/themen\/gesundheit\/brustkrebs\/#primaryimage"},"image":{"@id":"https:\/\/www.naturalscience.org\/de\/themen\/gesundheit\/brustkrebs\/#primaryimage"},"thumbnailUrl":"https:\/\/www.naturalscience.org\/wp-content\/uploads\/2022\/12\/WOMEN-200x300.jpeg","datePublished":"2015-01-27T18:51:35+00:00","dateModified":"2022-12-14T13:35:35+00:00","breadcrumb":{"@id":"https:\/\/www.naturalscience.org\/de\/themen\/gesundheit\/brustkrebs\/#breadcrumb"},"inLanguage":"de","potentialAction":[{"@type":"ReadAction","target":["https:\/\/www.naturalscience.org\/de\/themen\/gesundheit\/brustkrebs\/"]}]},{"@type":"ImageObject","inLanguage":"de","@id":"https:\/\/www.naturalscience.org\/de\/themen\/gesundheit\/brustkrebs\/#primaryimage","url":"https:\/\/www.naturalscience.org\/wp-content\/uploads\/2022\/12\/WOMEN-200x300.jpeg","contentUrl":"https:\/\/www.naturalscience.org\/wp-content\/uploads\/2022\/12\/WOMEN-200x300.jpeg"},{"@type":"BreadcrumbList","@id":"https:\/\/www.naturalscience.org\/de\/themen\/gesundheit\/brustkrebs\/#breadcrumb","itemListElement":[{"@type":"ListItem","position":1,"name":"Home","item":"https:\/\/www.naturalscience.org\/de\/"},{"@type":"ListItem","position":2,"name":"Themen","item":"https:\/\/www.naturalscience.org\/de\/themen\/"},{"@type":"ListItem","position":3,"name":"Gesundheit","item":"https:\/\/www.naturalscience.org\/de\/themen\/gesundheit\/"},{"@type":"ListItem","position":4,"name":"Brustkrebs"}]},{"@type":"WebSite","@id":"https:\/\/www.naturalscience.org\/#website","url":"https:\/\/www.naturalscience.org\/","name":"The World Foundation for Natural Science","description":"Restoring and Healing the World through Responsibility and Commitment in accord with Natural and Divine Law!","potentialAction":[{"@type":"SearchAction","target":{"@type":"EntryPoint","urlTemplate":"https:\/\/www.naturalscience.org\/?s={search_term_string}"},"query-input":{"@type":"PropertyValueSpecification","valueRequired":true,"valueName":"search_term_string"}}],"inLanguage":"de"}]}},"_links":{"self":[{"href":"https:\/\/www.naturalscience.org\/de\/wp-json\/wp\/v2\/pages\/9117","targetHints":{"allow":["GET"]}}],"collection":[{"href":"https:\/\/www.naturalscience.org\/de\/wp-json\/wp\/v2\/pages"}],"about":[{"href":"https:\/\/www.naturalscience.org\/de\/wp-json\/wp\/v2\/types\/page"}],"author":[{"embeddable":true,"href":"https:\/\/www.naturalscience.org\/de\/wp-json\/wp\/v2\/users\/9"}],"replies":[{"embeddable":true,"href":"https:\/\/www.naturalscience.org\/de\/wp-json\/wp\/v2\/comments?post=9117"}],"version-history":[{"count":5,"href":"https:\/\/www.naturalscience.org\/de\/wp-json\/wp\/v2\/pages\/9117\/revisions"}],"predecessor-version":[{"id":38340,"href":"https:\/\/www.naturalscience.org\/de\/wp-json\/wp\/v2\/pages\/9117\/revisions\/38340"}],"up":[{"embeddable":true,"href":"https:\/\/www.naturalscience.org\/de\/wp-json\/wp\/v2\/pages\/108"}],"wp:attachment":[{"href":"https:\/\/www.naturalscience.org\/de\/wp-json\/wp\/v2\/media?parent=9117"}],"wp:term":[{"taxonomy":"category","embeddable":true,"href":"https:\/\/www.naturalscience.org\/de\/wp-json\/wp\/v2\/categories?post=9117"}],"curies":[{"name":"wp","href":"https:\/\/api.w.org\/{rel}","templated":true}]}}