{"id":81,"date":"2014-04-18T10:23:38","date_gmt":"2014-04-18T10:23:38","guid":{"rendered":"http:\/\/test.naturalscience.org\/?page_id=81"},"modified":"2022-12-30T12:39:14","modified_gmt":"2022-12-30T11:39:14","slug":"mitgliedschaft","status":"publish","type":"page","link":"https:\/\/www.naturalscience.org\/de\/ueber-uns\/mitgliedschaft\/","title":{"rendered":"Mitgliedschaft"},"content":{"rendered":"<p>Als Mitglieder von The World Foundation for Natural Science sind wir bestrebt, die Prinzipien, nach denen die Natur arbeitet, zu studieren, die wissenschaftlichen Forschungen miteinzubeziehen und die daraus resultierenden Erkenntnisse im Alltag anzuwenden. Aus diesem praktischen Wissen geht eine Lebensweise im Einklang mit der Natur und ihren Gesetzm\u00e4ssigkeiten hervor.<\/p>\n<p>Wir untersuchen, was diese Welt erschafft, was diese Welt erh\u00e4lt und was diese Welt braucht, um im wahren Geiste, in dem sie urspr\u00fcnglich begr\u00fcndet wurde, fortzubestehen. Wir wissen, dass die Dinge der Natur nicht einfach so von alleine geschehen sind, und das Leben braucht uns ebenso, wie unsere individuellen Leben von ALLEM Leben abh\u00e4ngen, denn in allem, was wir als menschliche Wesen tun, gibt es einen Welleneffekt. \u201eWas ich tue beeinflusst Sie, und was Sie tun beeinflusst mich.\u201c Wenn der Einzelne also seine Lebensweise ver\u00e4ndert, ver\u00e4ndert sich auch das Leben als Ganzes. Deshalb begegnen wir der Natur und all ihren Gesch\u00f6pfen mit Liebe, Dankbarkeit, Wertsch\u00e4tzung und Respekt und setzen uns gemeinsam mit unseren Mitgliedern weltweit intensiv f\u00fcr die Wiederherstellung der Nat\u00fcrlichen und G\u00f6ttlichen Ordnung auf diesem einzigartigen Planeten Erde und f\u00fcr die Heilung von Mensch und Natur in \u00dcbereinstimmung mit dem Nat\u00fcrlichen und G\u00f6ttlichen Gesetz ein.<\/p>\n<p>Diejenigen in unserer Welt, die das Leben st\u00e4ndig fragen: \u201eWas hast du mir zu bieten?\u201d, werden f\u00fcr gew\u00f6hnlich, wenn sie zuh\u00f6ren, feststellen, dass das Leben zur\u00fcckschallt: \u201eWas hast du zu geben?!\u201d Denken Sie dar\u00fcber nach. Wir laden Menschen, die ein gesundes und nat\u00fcrliches Leben leben und sich gemeinsam mit uns f\u00fcr das Gute einsetzen wollen, herzlich ein, Mitglied (allenfalls auch Sponsor oder G\u00f6nner) von The World Foundation for Natural Science zu werden und die j\u00e4hrliche Mitgliedschaftserkl\u00e4rung zu unterschreiben.<\/p>\n<p>Mitglieder von The World Foundation for Natural Science kommen an all unseren Veranstaltungen in den Genuss von verg\u00fcnstigten Eintrittspreisen. Sponsoren erhalten zu s\u00e4mtlichen Vortr\u00e4gen, G\u00f6nner zu s\u00e4mtlichen Veranstaltungen (Vortr\u00e4ge, Seminare und j\u00e4hrlicher wissenschaftlicher Kongress) freien Zutritt.<\/p>\n<p style=\"text-align: center;\"><strong><em>\u201cVerantwortlich ist man nicht nur f\u00fcr das, was man tut,<\/em><\/strong><br \/>\n<strong><em> sondern manchmal viel mehr f\u00fcr das, was man nicht tut.\u201d<\/em><\/strong><br \/>\n<em> Laotse<\/em><\/p>\n<p>&nbsp;<\/p>\n<p><a class=\"button radius primary currency-eur\" style=\"text-decoration: none;\" href=\"https:\/\/www.naturalscience.org\/de\/ueber-uns\/mitgliedschaft\/mitgliedschaftserklaerung-eur\/\"><i class=\" fa fa-angle-right\"><\/i> Mitgliedschaftserkl\u00e4rung f\u00fcr Deutschland <img loading=\"lazy\" decoding=\"async\" class=\"alignnone size-full wp-image-13870\" src=\"https:\/\/www.naturalscience.org\/wp-content\/uploads\/2015\/03\/flag-de_flat-small.png\" alt=\"Flag DE\" width=\"19\" height=\"13\"> und \u00d6sterreich <img loading=\"lazy\" decoding=\"async\" class=\"alignnone size-full wp-image-13871\" src=\"https:\/\/www.naturalscience.org\/wp-content\/uploads\/2015\/03\/flag-at_flat-small.png\" alt=\"Flag AT\" width=\"19\" height=\"13\"> (in Euro)<\/a><\/p>\n<p><a class=\"button radius primary currency-chf\" style=\"text-decoration: none;\" href=\"https:\/\/www.naturalscience.org\/de\/ueber-uns\/mitgliedschaft\/mitgliedschaftserklaerung-chf\/\"><i class=\" fa fa-angle-right\"><\/i> Mitgliedschaftserkl\u00e4rung f\u00fcr die Schweiz <img loading=\"lazy\" decoding=\"async\" class=\"alignnone size-full wp-image-13869\" src=\"https:\/\/www.naturalscience.org\/wp-content\/uploads\/2015\/03\/flag-ch_flat-small.png\" alt=\"Flag CH\" width=\"19\" height=\"13\"> (in CHF)<\/a><\/p>\n","protected":false},"excerpt":{"rendered":"Als Mitglieder von The World Foundation for Natural Science sind wir bestrebt, die Prinzipien, nach denen die Natur arbeitet, zu studieren, die wissenschaftlichen Forschungen miteinzubeziehen und die daraus resultierenden Erkenntnisse im Alltag anzuwenden. Aus diesem praktischen Wissen geht eine Lebensweise im Einklang mit der Natur und ihren Gesetzm\u00e4ssigkeiten hervor. Wir untersuchen, was diese Welt erschafft, [&hellip;]","protected":false},"author":9,"featured_media":0,"parent":168,"menu_order":59,"comment_status":"closed","ping_status":"closed","template":"","meta":{"_acf_changed":false,"ngg_post_thumbnail":0,"footnotes":""},"categories":[],"class_list":["post-81","page","type-page","status-publish","hentry","wpautop"],"acf":[],"yoast_head":"<!-- This site is optimized with the Yoast SEO plugin v27.5 - https:\/\/yoast.com\/product\/yoast-seo-wordpress\/ -->\n<title>Mitgliedschaft - The World Foundation for Natural Science<\/title>\n<meta name=\"robots\" content=\"index, follow, max-snippet:-1, max-image-preview:large, max-video-preview:-1\" \/>\n<link rel=\"canonical\" href=\"https:\/\/www.naturalscience.org\/de\/ueber-uns\/mitgliedschaft\/\" \/>\n<meta name=\"twitter:label1\" content=\"Gesch\u00e4tzte Lesezeit\" \/>\n\t<meta name=\"twitter:data1\" content=\"3\u00a0Minuten\" \/>\n<script type=\"application\/ld+json\" class=\"yoast-schema-graph\">{\"@context\":\"https:\\\/\\\/schema.org\",\"@graph\":[{\"@type\":\"WebPage\",\"@id\":\"https:\\\/\\\/www.naturalscience.org\\\/de\\\/ueber-uns\\\/mitgliedschaft\\\/\",\"url\":\"https:\\\/\\\/www.naturalscience.org\\\/de\\\/ueber-uns\\\/mitgliedschaft\\\/\",\"name\":\"Mitgliedschaft - The World Foundation for Natural Science\",\"isPartOf\":{\"@id\":\"https:\\\/\\\/www.naturalscience.org\\\/#website\"},\"primaryImageOfPage\":{\"@id\":\"https:\\\/\\\/www.naturalscience.org\\\/de\\\/ueber-uns\\\/mitgliedschaft\\\/#primaryimage\"},\"image\":{\"@id\":\"https:\\\/\\\/www.naturalscience.org\\\/de\\\/ueber-uns\\\/mitgliedschaft\\\/#primaryimage\"},\"thumbnailUrl\":\"https:\\\/\\\/www.naturalscience.org\\\/wp-content\\\/uploads\\\/2015\\\/03\\\/flag-de_flat-small.png\",\"datePublished\":\"2014-04-18T10:23:38+00:00\",\"dateModified\":\"2022-12-30T11:39:14+00:00\",\"breadcrumb\":{\"@id\":\"https:\\\/\\\/www.naturalscience.org\\\/de\\\/ueber-uns\\\/mitgliedschaft\\\/#breadcrumb\"},\"inLanguage\":\"de\",\"potentialAction\":[{\"@type\":\"ReadAction\",\"target\":[\"https:\\\/\\\/www.naturalscience.org\\\/de\\\/ueber-uns\\\/mitgliedschaft\\\/\"]}]},{\"@type\":\"ImageObject\",\"inLanguage\":\"de\",\"@id\":\"https:\\\/\\\/www.naturalscience.org\\\/de\\\/ueber-uns\\\/mitgliedschaft\\\/#primaryimage\",\"url\":\"https:\\\/\\\/www.naturalscience.org\\\/wp-content\\\/uploads\\\/2015\\\/03\\\/flag-de_flat-small.png\",\"contentUrl\":\"https:\\\/\\\/www.naturalscience.org\\\/wp-content\\\/uploads\\\/2015\\\/03\\\/flag-de_flat-small.png\"},{\"@type\":\"BreadcrumbList\",\"@id\":\"https:\\\/\\\/www.naturalscience.org\\\/de\\\/ueber-uns\\\/mitgliedschaft\\\/#breadcrumb\",\"itemListElement\":[{\"@type\":\"ListItem\",\"position\":1,\"name\":\"Home\",\"item\":\"https:\\\/\\\/www.naturalscience.org\\\/de\\\/\"},{\"@type\":\"ListItem\",\"position\":2,\"name\":\"\u00dcber uns\",\"item\":\"https:\\\/\\\/www.naturalscience.org\\\/de\\\/ueber-uns\\\/\"},{\"@type\":\"ListItem\",\"position\":3,\"name\":\"Mitgliedschaft\"}]},{\"@type\":\"WebSite\",\"@id\":\"https:\\\/\\\/www.naturalscience.org\\\/#website\",\"url\":\"https:\\\/\\\/www.naturalscience.org\\\/\",\"name\":\"The World Foundation for Natural Science\",\"description\":\"Restoring and Healing the World through Responsibility and Commitment in accord with Natural and Divine Law!\",\"potentialAction\":[{\"@type\":\"SearchAction\",\"target\":{\"@type\":\"EntryPoint\",\"urlTemplate\":\"https:\\\/\\\/www.naturalscience.org\\\/?s={search_term_string}\"},\"query-input\":{\"@type\":\"PropertyValueSpecification\",\"valueRequired\":true,\"valueName\":\"search_term_string\"}}],\"inLanguage\":\"de\"}]}<\/script>\n<!-- \/ Yoast SEO plugin. -->","yoast_head_json":{"title":"Mitgliedschaft - The World Foundation for Natural Science","robots":{"index":"index","follow":"follow","max-snippet":"max-snippet:-1","max-image-preview":"max-image-preview:large","max-video-preview":"max-video-preview:-1"},"canonical":"https:\/\/www.naturalscience.org\/de\/ueber-uns\/mitgliedschaft\/","twitter_misc":{"Gesch\u00e4tzte Lesezeit":"3\u00a0Minuten"},"schema":{"@context":"https:\/\/schema.org","@graph":[{"@type":"WebPage","@id":"https:\/\/www.naturalscience.org\/de\/ueber-uns\/mitgliedschaft\/","url":"https:\/\/www.naturalscience.org\/de\/ueber-uns\/mitgliedschaft\/","name":"Mitgliedschaft - The World Foundation for Natural Science","isPartOf":{"@id":"https:\/\/www.naturalscience.org\/#website"},"primaryImageOfPage":{"@id":"https:\/\/www.naturalscience.org\/de\/ueber-uns\/mitgliedschaft\/#primaryimage"},"image":{"@id":"https:\/\/www.naturalscience.org\/de\/ueber-uns\/mitgliedschaft\/#primaryimage"},"thumbnailUrl":"https:\/\/www.naturalscience.org\/wp-content\/uploads\/2015\/03\/flag-de_flat-small.png","datePublished":"2014-04-18T10:23:38+00:00","dateModified":"2022-12-30T11:39:14+00:00","breadcrumb":{"@id":"https:\/\/www.naturalscience.org\/de\/ueber-uns\/mitgliedschaft\/#breadcrumb"},"inLanguage":"de","potentialAction":[{"@type":"ReadAction","target":["https:\/\/www.naturalscience.org\/de\/ueber-uns\/mitgliedschaft\/"]}]},{"@type":"ImageObject","inLanguage":"de","@id":"https:\/\/www.naturalscience.org\/de\/ueber-uns\/mitgliedschaft\/#primaryimage","url":"https:\/\/www.naturalscience.org\/wp-content\/uploads\/2015\/03\/flag-de_flat-small.png","contentUrl":"https:\/\/www.naturalscience.org\/wp-content\/uploads\/2015\/03\/flag-de_flat-small.png"},{"@type":"BreadcrumbList","@id":"https:\/\/www.naturalscience.org\/de\/ueber-uns\/mitgliedschaft\/#breadcrumb","itemListElement":[{"@type":"ListItem","position":1,"name":"Home","item":"https:\/\/www.naturalscience.org\/de\/"},{"@type":"ListItem","position":2,"name":"\u00dcber uns","item":"https:\/\/www.naturalscience.org\/de\/ueber-uns\/"},{"@type":"ListItem","position":3,"name":"Mitgliedschaft"}]},{"@type":"WebSite","@id":"https:\/\/www.naturalscience.org\/#website","url":"https:\/\/www.naturalscience.org\/","name":"The World Foundation for Natural Science","description":"Restoring and Healing the World through Responsibility and Commitment in accord with Natural and Divine Law!","potentialAction":[{"@type":"SearchAction","target":{"@type":"EntryPoint","urlTemplate":"https:\/\/www.naturalscience.org\/?s={search_term_string}"},"query-input":{"@type":"PropertyValueSpecification","valueRequired":true,"valueName":"search_term_string"}}],"inLanguage":"de"}]}},"_links":{"self":[{"href":"https:\/\/www.naturalscience.org\/de\/wp-json\/wp\/v2\/pages\/81","targetHints":{"allow":["GET"]}}],"collection":[{"href":"https:\/\/www.naturalscience.org\/de\/wp-json\/wp\/v2\/pages"}],"about":[{"href":"https:\/\/www.naturalscience.org\/de\/wp-json\/wp\/v2\/types\/page"}],"author":[{"embeddable":true,"href":"https:\/\/www.naturalscience.org\/de\/wp-json\/wp\/v2\/users\/9"}],"replies":[{"embeddable":true,"href":"https:\/\/www.naturalscience.org\/de\/wp-json\/wp\/v2\/comments?post=81"}],"version-history":[{"count":21,"href":"https:\/\/www.naturalscience.org\/de\/wp-json\/wp\/v2\/pages\/81\/revisions"}],"predecessor-version":[{"id":38489,"href":"https:\/\/www.naturalscience.org\/de\/wp-json\/wp\/v2\/pages\/81\/revisions\/38489"}],"up":[{"embeddable":true,"href":"https:\/\/www.naturalscience.org\/de\/wp-json\/wp\/v2\/pages\/168"}],"wp:attachment":[{"href":"https:\/\/www.naturalscience.org\/de\/wp-json\/wp\/v2\/media?parent=81"}],"wp:term":[{"taxonomy":"category","embeddable":true,"href":"https:\/\/www.naturalscience.org\/de\/wp-json\/wp\/v2\/categories?post=81"}],"curies":[{"name":"wp","href":"https:\/\/api.w.org\/{rel}","templated":true}]}}