{"id":6789,"date":"2015-01-17T16:39:19","date_gmt":"2015-01-17T15:39:19","guid":{"rendered":"http:\/\/test.naturalscience.org\/?page_id=6789"},"modified":"2018-02-09T14:50:38","modified_gmt":"2018-02-09T13:50:38","slug":"induktionsherd","status":"publish","type":"page","link":"https:\/\/www.naturalscience.org\/de\/themen\/mikrowellen\/induktionsherd\/","title":{"rendered":"Induktionsherd"},"content":{"rendered":"<div id=\"attachment_9641\" style=\"width: 300px\" class=\"wp-caption alignright\"><img loading=\"lazy\" decoding=\"async\" aria-describedby=\"caption-attachment-9641\" class=\"size-medium wp-image-9641\" src=\"https:\/\/www.naturalscience.org\/wp-content\/uploads\/2015\/01\/Induktionskochfeld-nicht-gesch\u00fctzt-300x168.png\" alt=\"Induktionskochfeld - nicht gesch\u00fctzt\" width=\"300\" height=\"168\" srcset=\"https:\/\/www.naturalscience.org\/wp-content\/uploads\/2015\/01\/Induktionskochfeld-nicht-gesch\u00fctzt-300x168.png 300w, https:\/\/www.naturalscience.org\/wp-content\/uploads\/2015\/01\/Induktionskochfeld-nicht-gesch\u00fctzt-200x112.png 200w, https:\/\/www.naturalscience.org\/wp-content\/uploads\/2015\/01\/Induktionskochfeld-nicht-gesch\u00fctzt-164x92.png 164w, https:\/\/www.naturalscience.org\/wp-content\/uploads\/2015\/01\/Induktionskochfeld-nicht-gesch\u00fctzt.png 539w\" sizes=\"auto, (max-width: 300px) 100vw, 300px\" \/><p id=\"caption-attachment-9641\" class=\"wp-caption-text\">Induktionskochfeld<\/p><\/div>\n<p>Die Verkaufszahlen von Induktionsherden zeigen steil nach oben, denn tats\u00e4chlich weist er ein paar Vorteile gegen\u00fcber dem herk\u00f6mmlichen Elektrokochherd auf: Er ist reaktionsschnell, die eingestellte Temperatur kann recht gut eingehalten werden, und er verbraucht etwas weniger Energie. Doch die Nachteile wiegen schwer: Der Induktionsherd erzeugt ein starkes mittelfrequentes Magnetfeld, welches die Gesundheit des Kochs oder der K\u00f6chin sch\u00e4digt.<\/p>\n<p>Rund 26&#8217;000 wissenschaftliche Studien wurden bis jetzt zum Thema elektromagnetische Strahlung und Gesundheit durchgef\u00fchrt, und viele davon zeigen einen eindeutigen Zusammenhang zwischen Strahlung und gesundheitlicher Beeintr\u00e4chtigung auf. Magnetfelder werden deshalb von der WHO als \u201em\u00f6glicherweise krebserregend&#8220; eingestuft. Tats\u00e4chlich f\u00f6rdern diese Felder Krebserkrankungen oder f\u00fchren zu Erkrankungen des Gehirns (z.B. Alzheimer, ALS). Zudem zeigen eigene Untersuchungen auf, dass die innere Ordnung und Struktur der auf einem Induktionsherd gekochten Lebensmittel komplett zerst\u00f6rt wird.<\/p>\n<div id=\"attachment_25952\" style=\"width: 500px\" class=\"wp-caption alignnone\"><img loading=\"lazy\" decoding=\"async\" aria-describedby=\"caption-attachment-25952\" class=\"wp-image-25952 size-size-500\" src=\"https:\/\/www.naturalscience.org\/wp-content\/uploads\/2015\/01\/Wasserkristallbilder-Induktionsherd-500x206.jpg\" alt=\"\" width=\"500\" height=\"206\" srcset=\"https:\/\/www.naturalscience.org\/wp-content\/uploads\/2015\/01\/Wasserkristallbilder-Induktionsherd-500x206.jpg 500w, https:\/\/www.naturalscience.org\/wp-content\/uploads\/2015\/01\/Wasserkristallbilder-Induktionsherd-300x123.jpg 300w, https:\/\/www.naturalscience.org\/wp-content\/uploads\/2015\/01\/Wasserkristallbilder-Induktionsherd-768x316.jpg 768w, https:\/\/www.naturalscience.org\/wp-content\/uploads\/2015\/01\/Wasserkristallbilder-Induktionsherd-1024x421.jpg 1024w, https:\/\/www.naturalscience.org\/wp-content\/uploads\/2015\/01\/Wasserkristallbilder-Induktionsherd-164x67.jpg 164w, https:\/\/www.naturalscience.org\/wp-content\/uploads\/2015\/01\/Wasserkristallbilder-Induktionsherd-400x164.jpg 400w, https:\/\/www.naturalscience.org\/wp-content\/uploads\/2015\/01\/Wasserkristallbilder-Induktionsherd.jpg 1681w\" sizes=\"auto, (max-width: 500px) 100vw, 500px\" \/><p id=\"caption-attachment-25952\" class=\"wp-caption-text\">Handels\u00fcbliches, kohles\u00e4urefreies Trinkwasser wurde auf verschiedenen Herdarten aufgekocht und im Labor mittels Wasserkristallbildern untersucht. Befund: Die innere Struktur wird mit dem Induktionsherd komplett zerst\u00f6rt. Auf diese Weise gekochte Lebensmittel werden somit f\u00fcr den Menschen wertlos.<\/p><\/div>\n<p>&nbsp;<\/p>\n<div id=\"attachment_25953\" style=\"width: 500px\" class=\"wp-caption alignnone\"><img loading=\"lazy\" decoding=\"async\" aria-describedby=\"caption-attachment-25953\" class=\"wp-image-25953 size-size-500\" src=\"https:\/\/www.naturalscience.org\/wp-content\/uploads\/2015\/01\/Wassertropfenbilder-Induktionsherd-500x280.jpg\" alt=\"\" width=\"500\" height=\"280\" srcset=\"https:\/\/www.naturalscience.org\/wp-content\/uploads\/2015\/01\/Wassertropfenbilder-Induktionsherd-500x280.jpg 500w, https:\/\/www.naturalscience.org\/wp-content\/uploads\/2015\/01\/Wassertropfenbilder-Induktionsherd-300x168.jpg 300w, https:\/\/www.naturalscience.org\/wp-content\/uploads\/2015\/01\/Wassertropfenbilder-Induktionsherd-768x430.jpg 768w, https:\/\/www.naturalscience.org\/wp-content\/uploads\/2015\/01\/Wassertropfenbilder-Induktionsherd-1024x573.jpg 1024w, https:\/\/www.naturalscience.org\/wp-content\/uploads\/2015\/01\/Wassertropfenbilder-Induktionsherd-164x92.jpg 164w, https:\/\/www.naturalscience.org\/wp-content\/uploads\/2015\/01\/Wassertropfenbilder-Induktionsherd-400x224.jpg 400w, https:\/\/www.naturalscience.org\/wp-content\/uploads\/2015\/01\/Wassertropfenbilder-Induktionsherd.jpg 1567w\" sizes=\"auto, (max-width: 500px) 100vw, 500px\" \/><p id=\"caption-attachment-25953\" class=\"wp-caption-text\">Auch die Tropfen-Bilder zeigen auf, dass die ordnende Struktur des Wassers mit dem Induktionsherd zerst\u00f6rt wird.<\/p><\/div>\n<p>&nbsp;<\/p>\n<p>Wissenschaftlich wird dies mit der Depolarisation des Kernspins erkl\u00e4rt, welche durch das Magnetfeld ausgel\u00f6st wird.<\/p>\n<p>Damit stellt der Induktionsherd tats\u00e4chlich eine nicht zu untersch\u00e4tzende Gefahr f\u00fcr die Gesundheit dar, doch Abhilfe ist einfach: Auf den Induktionsherd verzichten und stattdessen einen Gas- oder Elektrokochherd verwenden!<\/p>\n\n            <div class=\"publication-list hide-for-print\">\r\n                <div class=\"row\">\r\n                    <div class=\"small-24 columns \">\r\n                        <div class=\"title\">Publikationen<\/div>\r\n\r\n\t\t\t\t\t\t\t\t\t\t\t\t\t\r\n\r\n<article class=\"row collapse all publication-item auswirkungen-und-schaedigung 5g mikrowellen-mobilfunk wlan-an-schulen mikrowellenofen induktionsherd mikrowellen-wasser jugend-handys mobilfunkgeraete  film wfns\">\r\n\r\n\t<div class=\"cover medium-7 columns\">\r\n\t\t<a href=\"https:\/\/www.naturalscience.org\/de\/publikationen\/alles-leben-funktioniert-elektrisch\/\">\r\n\t\t\t<img loading=\"lazy\" decoding=\"async\" src=\"https:\/\/www.naturalscience.org\/wp-content\/uploads\/2021\/04\/THUMBAll-life-works-electricallyNO-TEXT-300x169.jpg\" width=\"300\" height=\"169\">\t\t<\/a>\r\n\t<\/div>\r\n\r\n\t<div class=\"text medium-17 columns\">\r\n\r\n\t\t<div class=\"type\">\r\n\t\t\tFilm\t\t<\/div>\r\n\r\n\t\t<div class=\"name\">\r\n\t\t\t<a href=\"https:\/\/www.naturalscience.org\/de\/publikationen\/alles-leben-funktioniert-elektrisch\/\">Alles Leben funktioniert elektrisch!<\/a>\r\n\t\t<\/div>\r\n\r\n\t\t<p class=\"description\">\r\n\t\t\tIn dieser zweiten Pr\u00e4sentation aus unserer Reihe \u201eWie k\u00fcnstliche elektromagnetische Strahlung dem Leben schadet\u201c liegt der Schwerpunkt darauf, dass alles Leben elektrisch ist.\t\t<\/p>\r\n\r\n\t\t<div class=\"buttons\">\r\n\t\t\t<div class=\"row collapse\">\r\n\t\t\t\t\t\t\t\t\t<div class=\"small-24 medium-9 columns\">\r\n\t\t\t\t\t\t<a href=\"https:\/\/www.naturalscience.org\/de\/publikationen\/alles-leben-funktioniert-elektrisch\/\" class=\"button radius primary small\">\r\n\t\t\t\t\t\t\t<i class=\"fa fa-play\"><\/i>&nbsp;&nbsp;Video ansehen\t\t\t\t\t\t<\/a>\r\n\t\t\t\t\t<\/div>\r\n\t\t\t\t\r\n\r\n\t\t\t<\/div>\r\n\t\t<\/div>\r\n\r\n\t<\/div>\r\n<\/article>\t\t\t\t\t\t\t\t\t\t\t\t\t\r\n\r\n<article class=\"row collapse all publication-item 5g mikrowellen-mobilfunk mikrowellenofen induktionsherd jugend-handys mobilfunkgeraete  brochure wfns\">\r\n\r\n\t<div class=\"cover medium-7 columns\">\r\n\t\t<a href=\"https:\/\/www.naturalscience.org\/de\/publikationen\/achtung-strahlung-wie-sie-sich-und-ihre-familie-schuetzen\/\">\r\n\t\t\t<img loading=\"lazy\" decoding=\"async\" src=\"https:\/\/www.naturalscience.org\/wp-content\/uploads\/2020\/11\/2020-10-11WFNSBRCHMICROWAVESGEWEB_cover-130x300.jpg\" width=\"130\" height=\"300\">\t\t<\/a>\r\n\t<\/div>\r\n\r\n\t<div class=\"text medium-17 columns\">\r\n\r\n\t\t<div class=\"type\">\r\n\t\t\tBrosch\u00fcre\t\t<\/div>\r\n\r\n\t\t<div class=\"name\">\r\n\t\t\t<a href=\"https:\/\/www.naturalscience.org\/de\/publikationen\/achtung-strahlung-wie-sie-sich-und-ihre-familie-schuetzen\/\">Achtung Strahlung &#8211; Wie Sie sich und Ihre Familie sch\u00fctzen<\/a>\r\n\t\t<\/div>\r\n\r\n\t\t<p class=\"description\">\r\n\t\t\t<p>Eltern sind verantwortlich f\u00fcr die gesunde Entwicklung ihrer Kinder. Dies beinhaltet nebst der Schaffung eines liebevollen Umfeldes die Auseinandersetzung mit Fragen zum Impfen, zu gesunder Ern\u00e4hrung, f\u00f6rderlichem Spielzeug, sinnvoller Freizeitgestaltung und zum sozialen Umfeld. In den letzten Jahren zunehmend st\u00e4rker m\u00fcssen sich Eltern aber auch mit Fragen zur Technik befassen&#8230;<\/p>\n\t\t<\/p>\r\n\r\n\t\t<div class=\"buttons\">\r\n\t\t\t<div class=\"row collapse\">\r\n\t\t\t\t\t\t\t\t\t\t<div class=\"small-24 medium-8 columns\">\r\n\t\t\t\t\t\t\t<a href=\"https:\/\/www.naturalscience.org\/wp-content\/uploads\/2020\/11\/2020-10-11WFNSBRCHMICROWAVESGEWEB.pdf\" class=\"button radius primary small\" target=\"_blank\">\r\n\t\t\t\t\t\t\t\t<i class=\"fa fa-download\"><\/i>&nbsp;&nbsp;Herunterladen\t\t\t\t\t\t\t<\/a>\r\n\t\t\t\t\t\t<\/div>\r\n\t\t\t\t\t\r\n\t\t\t\t\t\t\t\t\t\t<div class=\"small-24 medium-16 columns\">\r\n\t\t\t\t\t\t<i class=\"fa fa-angle-right\"><\/i>\r\n\t\t\t\t\t\t<a href=\"https:\/\/www.naturalscience.org\/de\/publikationen\/achtung-strahlung-wie-sie-sich-und-ihre-familie-schuetzen\/\" class=\"further-information\">\r\n\t\t\t\t\t\t\tWeitere Informationen & Sprachen\t\t\t\t\t\t<\/a>\r\n\t\t\t\t\t<\/div>\r\n\t\t\t\t\r\n\t\t\t\t\r\n\r\n\t\t\t<\/div>\r\n\t\t<\/div>\r\n\r\n\t<\/div>\r\n<\/article>\t\t\t\t\t\t\t\t\t\t\t\t\t\r\n\r\n<article class=\"row collapse all publication-item mikrowellen-mobilfunk induktionsherd  film wfns\">\r\n\r\n\t<div class=\"cover medium-7 columns\">\r\n\t\t<a href=\"https:\/\/www.naturalscience.org\/de\/publikationen\/induktionsherde-eine-gefahr-fuer-unsere-gesundheit\/\">\r\n\t\t\t<img loading=\"lazy\" decoding=\"async\" src=\"https:\/\/www.naturalscience.org\/wp-content\/uploads\/2017\/12\/thumb-induction-hobs-DE-300x169.jpg\" width=\"300\" height=\"169\">\t\t<\/a>\r\n\t<\/div>\r\n\r\n\t<div class=\"text medium-17 columns\">\r\n\r\n\t\t<div class=\"type\">\r\n\t\t\tFilm\t\t<\/div>\r\n\r\n\t\t<div class=\"name\">\r\n\t\t\t<a href=\"https:\/\/www.naturalscience.org\/de\/publikationen\/induktionsherde-eine-gefahr-fuer-unsere-gesundheit\/\">Induktionsherde \u2014 eine Gefahr f\u00fcr unsere Gesundheit<\/a>\r\n\t\t<\/div>\r\n\r\n\t\t<p class=\"description\">\r\n\t\t\tInduktionsherde sind praktisch, energiesparend und verdr\u00e4ngen weltweit immer mehr den konventionellen Elektro- oder Gaskochherd. Doch sie haben einen gravierenden Nachteil: Das beim Kochen entstehende starke Magnetfeld ist gesundheitssch\u00e4digend, weshalb selbst offizielle Beh\u00f6rden zur Vorsicht mahnen.\t\t<\/p>\r\n\r\n\t\t<div class=\"buttons\">\r\n\t\t\t<div class=\"row collapse\">\r\n\t\t\t\t\t\t\t\t\t<div class=\"small-24 medium-9 columns\">\r\n\t\t\t\t\t\t<a href=\"https:\/\/www.naturalscience.org\/de\/publikationen\/induktionsherde-eine-gefahr-fuer-unsere-gesundheit\/\" class=\"button radius primary small\">\r\n\t\t\t\t\t\t\t<i class=\"fa fa-play\"><\/i>&nbsp;&nbsp;Video ansehen\t\t\t\t\t\t<\/a>\r\n\t\t\t\t\t<\/div>\r\n\t\t\t\t\r\n\r\n\t\t\t<\/div>\r\n\t\t<\/div>\r\n\r\n\t<\/div>\r\n<\/article>\t\t\t\t\t\t\t\t\t\t\t\t\t\r\n\r\n<article class=\"row collapse all publication-item gesundheit mikrowellen-mobilfunk induktionsherd  brochure wfns\">\r\n\r\n\t<div class=\"cover medium-7 columns\">\r\n\t\t<a href=\"https:\/\/www.naturalscience.org\/de\/publikationen\/induktions-kochfelder-gefaehrden-unsere-gesundheit\/\">\r\n\t\t\t<img loading=\"lazy\" decoding=\"async\" src=\"https:\/\/www.naturalscience.org\/wp-content\/uploads\/2017\/11\/2024-07-05TWFNSBRCHINDUCTION-HOBGEWEBCOVER-128x300.jpg\" width=\"128\" height=\"300\">\t\t<\/a>\r\n\t<\/div>\r\n\r\n\t<div class=\"text medium-17 columns\">\r\n\r\n\t\t<div class=\"type\">\r\n\t\t\tBrosch\u00fcre\t\t<\/div>\r\n\r\n\t\t<div class=\"name\">\r\n\t\t\t<a href=\"https:\/\/www.naturalscience.org\/de\/publikationen\/induktions-kochfelder-gefaehrden-unsere-gesundheit\/\">Induktionskochfelder gef\u00e4hrden die Gesundheit<\/a>\r\n\t\t<\/div>\r\n\r\n\t\t<p class=\"description\">\r\n\t\t\t<p>Induktionskochfelder erfreuen sich heute gro\u00dfer Beliebtheit. Im Vergleich zum Elektro- oder Gasherd hat der Induktionsherd jedoch einen gravierenden Nachteil: Die beim Kochen entstehenden, starken Magnetfelder sch\u00e4digen die Gesundheit der K\u00f6chin oder des Kochs und beeintr\u00e4chtigen die Qualit\u00e4t der Lebensmittel.<\/p>\n\t\t<\/p>\r\n\r\n\t\t<div class=\"buttons\">\r\n\t\t\t<div class=\"row collapse\">\r\n\t\t\t\t\t\t\t\t\t\t<div class=\"small-24 medium-8 columns\">\r\n\t\t\t\t\t\t\t<a href=\"https:\/\/www.naturalscience.org\/wp-content\/uploads\/2017\/11\/2024-07-05TWFNSBRCHINDUCTION-HOBGEWEB.pdf\" class=\"button radius primary small\" target=\"_blank\">\r\n\t\t\t\t\t\t\t\t<i class=\"fa fa-download\"><\/i>&nbsp;&nbsp;Herunterladen\t\t\t\t\t\t\t<\/a>\r\n\t\t\t\t\t\t<\/div>\r\n\t\t\t\t\t\r\n\t\t\t\t\t\t\t\t\t\t<div class=\"small-24 medium-16 columns\">\r\n\t\t\t\t\t\t<i class=\"fa fa-angle-right\"><\/i>\r\n\t\t\t\t\t\t<a href=\"https:\/\/www.naturalscience.org\/de\/publikationen\/induktions-kochfelder-gefaehrden-unsere-gesundheit\/\" class=\"further-information\">\r\n\t\t\t\t\t\t\tWeitere Informationen & Sprachen\t\t\t\t\t\t<\/a>\r\n\t\t\t\t\t<\/div>\r\n\t\t\t\t\r\n\t\t\t\t\r\n\r\n\t\t\t<\/div>\r\n\t\t<\/div>\r\n\r\n\t<\/div>\r\n<\/article>\t\t\t\t\t\t\t\t\t\t\t\t\r\n                    <\/div>\r\n                <\/div>\r\n            <\/div>\r\n\r\n\t\t\t\n","protected":false},"excerpt":{"rendered":"Induktionskochfelder erfreuen sich heute gro\u00dfer Beliebtheit. Im Vergleich zum Elektro- oder Gasherd hat der Induktionsherd jedoch einen gravierenden Nachteil: Die beim Kochen entstehenden, starken Magnetfelder sch\u00e4digen die Gesundheit der K\u00f6chin oder des Kochs und beeintr\u00e4chtigen die Qualit\u00e4t der Lebensmittel.","protected":false},"author":9,"featured_media":0,"parent":103,"menu_order":31,"comment_status":"closed","ping_status":"closed","template":"","meta":{"_acf_changed":false,"ngg_post_thumbnail":0,"footnotes":""},"categories":[82],"class_list":["post-6789","page","type-page","status-publish","hentry","category-induktionsherd","wpautop"],"acf":[],"yoast_head":"<!-- This site is optimized with the Yoast SEO plugin v27.3 - https:\/\/yoast.com\/product\/yoast-seo-wordpress\/ -->\n<title>Induktionsherd - The World Foundation for Natural Science<\/title>\n<meta name=\"robots\" content=\"index, follow, max-snippet:-1, max-image-preview:large, max-video-preview:-1\" \/>\n<link rel=\"canonical\" href=\"https:\/\/www.naturalscience.org\/de\/themen\/mikrowellen\/induktionsherd\/\" \/>\n<meta name=\"twitter:label1\" content=\"Gesch\u00e4tzte Lesezeit\" \/>\n\t<meta name=\"twitter:data1\" content=\"1\u00a0Minute\" \/>\n<script type=\"application\/ld+json\" class=\"yoast-schema-graph\">{\"@context\":\"https:\\\/\\\/schema.org\",\"@graph\":[{\"@type\":\"WebPage\",\"@id\":\"https:\\\/\\\/www.naturalscience.org\\\/de\\\/themen\\\/mikrowellen\\\/induktionsherd\\\/\",\"url\":\"https:\\\/\\\/www.naturalscience.org\\\/de\\\/themen\\\/mikrowellen\\\/induktionsherd\\\/\",\"name\":\"Induktionsherd - The World Foundation for Natural Science\",\"isPartOf\":{\"@id\":\"https:\\\/\\\/www.naturalscience.org\\\/#website\"},\"primaryImageOfPage\":{\"@id\":\"https:\\\/\\\/www.naturalscience.org\\\/de\\\/themen\\\/mikrowellen\\\/induktionsherd\\\/#primaryimage\"},\"image\":{\"@id\":\"https:\\\/\\\/www.naturalscience.org\\\/de\\\/themen\\\/mikrowellen\\\/induktionsherd\\\/#primaryimage\"},\"thumbnailUrl\":\"https:\\\/\\\/www.naturalscience.org\\\/wp-content\\\/uploads\\\/2015\\\/01\\\/Wasserkristallbilder-Induktionsherd-500x206.jpg\",\"datePublished\":\"2015-01-17T15:39:19+00:00\",\"dateModified\":\"2018-02-09T13:50:38+00:00\",\"breadcrumb\":{\"@id\":\"https:\\\/\\\/www.naturalscience.org\\\/de\\\/themen\\\/mikrowellen\\\/induktionsherd\\\/#breadcrumb\"},\"inLanguage\":\"de\",\"potentialAction\":[{\"@type\":\"ReadAction\",\"target\":[\"https:\\\/\\\/www.naturalscience.org\\\/de\\\/themen\\\/mikrowellen\\\/induktionsherd\\\/\"]}]},{\"@type\":\"ImageObject\",\"inLanguage\":\"de\",\"@id\":\"https:\\\/\\\/www.naturalscience.org\\\/de\\\/themen\\\/mikrowellen\\\/induktionsherd\\\/#primaryimage\",\"url\":\"https:\\\/\\\/www.naturalscience.org\\\/wp-content\\\/uploads\\\/2015\\\/01\\\/Wasserkristallbilder-Induktionsherd-500x206.jpg\",\"contentUrl\":\"https:\\\/\\\/www.naturalscience.org\\\/wp-content\\\/uploads\\\/2015\\\/01\\\/Wasserkristallbilder-Induktionsherd-500x206.jpg\"},{\"@type\":\"BreadcrumbList\",\"@id\":\"https:\\\/\\\/www.naturalscience.org\\\/de\\\/themen\\\/mikrowellen\\\/induktionsherd\\\/#breadcrumb\",\"itemListElement\":[{\"@type\":\"ListItem\",\"position\":1,\"name\":\"Home\",\"item\":\"https:\\\/\\\/www.naturalscience.org\\\/de\\\/\"},{\"@type\":\"ListItem\",\"position\":2,\"name\":\"Themen\",\"item\":\"https:\\\/\\\/www.naturalscience.org\\\/de\\\/themen\\\/\"},{\"@type\":\"ListItem\",\"position\":3,\"name\":\"Mikrowellen &#038; Mobilfunk\",\"item\":\"https:\\\/\\\/www.naturalscience.org\\\/de\\\/themen\\\/mikrowellen\\\/\"},{\"@type\":\"ListItem\",\"position\":4,\"name\":\"Induktionsherd\"}]},{\"@type\":\"WebSite\",\"@id\":\"https:\\\/\\\/www.naturalscience.org\\\/#website\",\"url\":\"https:\\\/\\\/www.naturalscience.org\\\/\",\"name\":\"The World Foundation for Natural Science\",\"description\":\"Restoring and Healing the World through Responsibility and Commitment in accord with Natural and Divine Law!\",\"potentialAction\":[{\"@type\":\"SearchAction\",\"target\":{\"@type\":\"EntryPoint\",\"urlTemplate\":\"https:\\\/\\\/www.naturalscience.org\\\/?s={search_term_string}\"},\"query-input\":{\"@type\":\"PropertyValueSpecification\",\"valueRequired\":true,\"valueName\":\"search_term_string\"}}],\"inLanguage\":\"de\"}]}<\/script>\n<!-- \/ Yoast SEO plugin. -->","yoast_head_json":{"title":"Induktionsherd - The World Foundation for Natural Science","robots":{"index":"index","follow":"follow","max-snippet":"max-snippet:-1","max-image-preview":"max-image-preview:large","max-video-preview":"max-video-preview:-1"},"canonical":"https:\/\/www.naturalscience.org\/de\/themen\/mikrowellen\/induktionsherd\/","twitter_misc":{"Gesch\u00e4tzte Lesezeit":"1\u00a0Minute"},"schema":{"@context":"https:\/\/schema.org","@graph":[{"@type":"WebPage","@id":"https:\/\/www.naturalscience.org\/de\/themen\/mikrowellen\/induktionsherd\/","url":"https:\/\/www.naturalscience.org\/de\/themen\/mikrowellen\/induktionsherd\/","name":"Induktionsherd - The World Foundation for Natural Science","isPartOf":{"@id":"https:\/\/www.naturalscience.org\/#website"},"primaryImageOfPage":{"@id":"https:\/\/www.naturalscience.org\/de\/themen\/mikrowellen\/induktionsherd\/#primaryimage"},"image":{"@id":"https:\/\/www.naturalscience.org\/de\/themen\/mikrowellen\/induktionsherd\/#primaryimage"},"thumbnailUrl":"https:\/\/www.naturalscience.org\/wp-content\/uploads\/2015\/01\/Wasserkristallbilder-Induktionsherd-500x206.jpg","datePublished":"2015-01-17T15:39:19+00:00","dateModified":"2018-02-09T13:50:38+00:00","breadcrumb":{"@id":"https:\/\/www.naturalscience.org\/de\/themen\/mikrowellen\/induktionsherd\/#breadcrumb"},"inLanguage":"de","potentialAction":[{"@type":"ReadAction","target":["https:\/\/www.naturalscience.org\/de\/themen\/mikrowellen\/induktionsherd\/"]}]},{"@type":"ImageObject","inLanguage":"de","@id":"https:\/\/www.naturalscience.org\/de\/themen\/mikrowellen\/induktionsherd\/#primaryimage","url":"https:\/\/www.naturalscience.org\/wp-content\/uploads\/2015\/01\/Wasserkristallbilder-Induktionsherd-500x206.jpg","contentUrl":"https:\/\/www.naturalscience.org\/wp-content\/uploads\/2015\/01\/Wasserkristallbilder-Induktionsherd-500x206.jpg"},{"@type":"BreadcrumbList","@id":"https:\/\/www.naturalscience.org\/de\/themen\/mikrowellen\/induktionsherd\/#breadcrumb","itemListElement":[{"@type":"ListItem","position":1,"name":"Home","item":"https:\/\/www.naturalscience.org\/de\/"},{"@type":"ListItem","position":2,"name":"Themen","item":"https:\/\/www.naturalscience.org\/de\/themen\/"},{"@type":"ListItem","position":3,"name":"Mikrowellen &#038; Mobilfunk","item":"https:\/\/www.naturalscience.org\/de\/themen\/mikrowellen\/"},{"@type":"ListItem","position":4,"name":"Induktionsherd"}]},{"@type":"WebSite","@id":"https:\/\/www.naturalscience.org\/#website","url":"https:\/\/www.naturalscience.org\/","name":"The World Foundation for Natural Science","description":"Restoring and Healing the World through Responsibility and Commitment in accord with Natural and Divine Law!","potentialAction":[{"@type":"SearchAction","target":{"@type":"EntryPoint","urlTemplate":"https:\/\/www.naturalscience.org\/?s={search_term_string}"},"query-input":{"@type":"PropertyValueSpecification","valueRequired":true,"valueName":"search_term_string"}}],"inLanguage":"de"}]}},"_links":{"self":[{"href":"https:\/\/www.naturalscience.org\/de\/wp-json\/wp\/v2\/pages\/6789","targetHints":{"allow":["GET"]}}],"collection":[{"href":"https:\/\/www.naturalscience.org\/de\/wp-json\/wp\/v2\/pages"}],"about":[{"href":"https:\/\/www.naturalscience.org\/de\/wp-json\/wp\/v2\/types\/page"}],"author":[{"embeddable":true,"href":"https:\/\/www.naturalscience.org\/de\/wp-json\/wp\/v2\/users\/9"}],"replies":[{"embeddable":true,"href":"https:\/\/www.naturalscience.org\/de\/wp-json\/wp\/v2\/comments?post=6789"}],"version-history":[{"count":11,"href":"https:\/\/www.naturalscience.org\/de\/wp-json\/wp\/v2\/pages\/6789\/revisions"}],"predecessor-version":[{"id":26759,"href":"https:\/\/www.naturalscience.org\/de\/wp-json\/wp\/v2\/pages\/6789\/revisions\/26759"}],"up":[{"embeddable":true,"href":"https:\/\/www.naturalscience.org\/de\/wp-json\/wp\/v2\/pages\/103"}],"wp:attachment":[{"href":"https:\/\/www.naturalscience.org\/de\/wp-json\/wp\/v2\/media?parent=6789"}],"wp:term":[{"taxonomy":"category","embeddable":true,"href":"https:\/\/www.naturalscience.org\/de\/wp-json\/wp\/v2\/categories?post=6789"}],"curies":[{"name":"wp","href":"https:\/\/api.w.org\/{rel}","templated":true}]}}