{"id":5445,"date":"2015-01-11T12:00:56","date_gmt":"2015-01-11T11:00:56","guid":{"rendered":"http:\/\/test.naturalscience.org\/?page_id=5445"},"modified":"2023-03-08T16:58:20","modified_gmt":"2023-03-08T15:58:20","slug":"plastik","status":"publish","type":"page","link":"https:\/\/www.naturalscience.org\/de\/themen\/meere\/plastik\/","title":{"rendered":"Plastik"},"content":{"rendered":"<p><img loading=\"lazy\" decoding=\"async\" class=\"alignright wp-image-9556 size-medium\" src=\"https:\/\/www.naturalscience.org\/wp-content\/uploads\/2015\/01\/Plastik-2-199x300.jpg\" alt=\"Plastik\" width=\"199\" height=\"300\" srcset=\"https:\/\/www.naturalscience.org\/wp-content\/uploads\/2015\/01\/Plastik-2-199x300.jpg 199w, https:\/\/www.naturalscience.org\/wp-content\/uploads\/2015\/01\/Plastik-2-679x1024.jpg 679w, https:\/\/www.naturalscience.org\/wp-content\/uploads\/2015\/01\/Plastik-2-133x200.jpg 133w, https:\/\/www.naturalscience.org\/wp-content\/uploads\/2015\/01\/Plastik-2-109x164.jpg 109w, https:\/\/www.naturalscience.org\/wp-content\/uploads\/2015\/01\/Plastik-2.jpg 1805w\" sizes=\"auto, (max-width: 199px) 100vw, 199px\" \/>Weltweit werden jedes Jahr 391 Millionen Tonnen Plastik produziert, denn Plastik ist billig, leicht, unzerbrechlich und dauerhaft. Doch Plastik wird zum gr\u00f6ssten Teil aus nicht-erneuerbarem Erd\u00f6l hergestellt. <strong>Allein f\u00fcr die mehr als 600 Milliarden Plastikt\u00fcten, die rund um die Welt j\u00e4hrlich produziert werden, braucht es 2 Milliarden Liter Erd\u00f6l!<\/strong> Vor allem aber ist Plastik giftig. Besonders gravierende Auswirkungen haben die rund 6 Millionen Tonnen Plastik, die jedes Jahr im Meer enden. Dieser Plastikm\u00fcll wird nicht abgebaut, er zerf\u00e4llt einfach in immer kleiner werdende Teile und zwar sehr langsam. Plastikt\u00fcten<strong>&nbsp;<\/strong>\u00fcberdauern sch\u00e4tzungsweise 20 Jahre, Plastikflaschen 450 Jahre und Fischernetze unvorstellbare 600 Jahre!<\/p>\n<p>In den Ozeanen der Erde gibt es mittlerweile sechsmal mehr Plastik als Plankton. In den M\u00fcllstrudeln im Meer \u2013 gigantische schwimmende M\u00fcllhalden, die sich in Meereswirbeln ansammeln \u2013 betr\u00e4gt das Verh\u00e4ltnis sogar 40:1. <strong>W\u00e4hrend der Zerfallsprozesse gelangen die im Plastik enthaltenen giftigen Substanzen in die Ozeane, wo sie von Meereslebewesen aufgenommen werden.<\/strong><\/p>\n<div class=\"content-box green-1 width-60 left\">\n<div class=\"content-box-title\">Praktische Tipps f\u00fcr die Reduzierung Ihres Plastikgebrauchs:<\/div>\n<div class=\"content-box-body\">\n<ul>\n<li>Reduzieren Sie Wegwerfartikel.<\/li>\n<li>Kaufen Sie bewusst ein: Bevorzugen Sie nat\u00fcrliche und langlebige Materialien, kaufen Sie keine Pflegeprodukte mit Mikroplastik (z. B. in Peelings oder Zahnpaste)&#8230; <span class=\"more\"><i class=\"fa fa-angle-right \" ><\/i><a title=\"Wie Sie Ihren Plastikgebrauch reduzieren k\u00f6nnen\" href=\"https:\/\/www.naturalscience.org\/de\/themen\/meere\/plastik\/wie-sie-ihren-plastikgebrauch-reduzieren-koennen\/\"> mehr<\/a><\/span><\/li>\n<\/ul>\n<\/div>\n<\/div>\n<p>Die Giftansammlung steigt in der Nahrungskette mit zunehmender Gr\u00f6sse der Tiere an und landet schliesslich auf unserem Teller. Reduzieren Sie deshalb Wegwerfartikel, verwenden Sie Mehrwegbeutel aus Stoff und Papier und benutzen Sie Glas- statt Plastikbeh\u00e4lter. Weitere Empfehlungen finden Sie in unserer Brosch\u00fcre <a title=\"Plastik\u2014Es ist Zeit Aufzur\u00e4umen\" href=\"https:\/\/www.naturalscience.org\/de\/publikationen\/plastik-es-ist-zeit-aufzuraeumen\/\">Plastik\u2014Es ist Zeit Aufzur\u00e4umen<\/a>.<\/p>\n<p>Spannende&nbsp;&nbsp;L\u00f6sungsans\u00e4tze, die wir interessiert verfolgen, sind:<\/p>\n<p><a href=\"http:\/\/www.hydrosphereassociation.org\" target=\"_blank\" rel=\"noopener noreferrer\">www.hydrosphereassociation.org<\/a><\/p>\n<p><a href=\"https:\/\/oneearth-oneocean.com\/\" target=\"_blank\" rel=\"noopener noreferrer\">www.oneearth-oneocean.com<\/a><\/p>\n<p><a href=\"https:\/\/everwave.de\/\">everwave &#8211; Werde Teil der Welle, die unsere Meere rettet<\/a><\/p>\n<p><a href=\"http:\/\/www.theoceancleanup.com\/\">www.theoceancleanup.com<\/a><\/p>\n<p>&nbsp;<\/p>\n            <div class=\"latest-news-list hide-for-print\">\r\n                <div class=\"row\">\r\n                    <div class=\"small-24 columns \">\r\n                        <div class=\"title\">Das Thema Plastik im Fokus<\/div>\r\n\t\t\t\t\t\t\t\t\t\t\t\t\t<article class=\"news-excerpt\" id=\"post-43271\">\r\n    <div class=\"row collapse\">\r\n\r\n\t\t\r\n        <div class=\"medium-7 columns\">\r\n            <a href=\"https:\/\/www.naturalscience.org\/de\/news\/2026\/01\/smart-tip-12\/\" title=\"Smart Tip # 12\">\r\n                <img decoding=\"async\" src=\"https:\/\/www.naturalscience.org\/wp-content\/uploads\/2026\/01\/AdobeStock_344249839SQUARE-164x164.jpg\" alt=\"\" width=\"200px\" height=\"200px\"\/>\r\n            <\/a>\r\n        <\/div>\r\n\r\n        <div class=\"medium-17 columns\">\r\n\t\t\t\r\n                <header>\r\n                    <div class=\"row collapse top\">\r\n                        <div class=\"small-12 columns\">\r\n                            <time datetime=\"2026-01-26T16:16:32+01:00\">\r\n\t\t\t\t\t\t\t\tMontag, 26. Januar 2026                            <\/time>\r\n                        <\/div>\r\n\t\t\t\t\t\t                    <\/div>\r\n                    <h2><a href=\"https:\/\/www.naturalscience.org\/de\/news\/2026\/01\/smart-tip-12\/\">Smart Tip # 12<\/a><\/h2>\r\n\r\n                <\/header>\r\n                <div class=\"entry-content\">\r\n                    <p>\r\n\t                    Reduzieren Sie Ihren Plastikverbrauch: Vermeiden Sie vor allem Einwegplastik (z. B. Plastikt\u00fcten), verwenden Sie stattdessen wiederverwendbare Taschen, z. B. aus Stoff. Nutzen Sie Mehrwegbeh\u00e4lter aus Glas, Edelstahl oder Porzellan. Achten Sie darauf, dass Ihre K\u00f6rperpflegeprodukte kein Plastik enthalten (z. B. Peelings).                                            <\/p>\r\n                <\/div>\r\n            <\/div>\r\n        <\/div>\r\n<\/article>\t\t\t\t\t\t\t\t\t\t\t\t\t<article class=\"news-excerpt\" id=\"post-42563\">\r\n    <div class=\"row collapse\">\r\n\r\n\t\t\r\n        <div class=\"medium-7 columns\">\r\n            <a href=\"https:\/\/www.naturalscience.org\/de\/news\/2025\/08\/smart-fact-1\/\" title=\"Smart Fact # 1\">\r\n                <img decoding=\"async\" src=\"https:\/\/www.naturalscience.org\/wp-content\/uploads\/2025\/08\/AdobeStock_1230346005SQUARE-164x164.jpg\" alt=\"\" width=\"200px\" height=\"200px\"\/>\r\n            <\/a>\r\n        <\/div>\r\n\r\n        <div class=\"medium-17 columns\">\r\n\t\t\t\r\n                <header>\r\n                    <div class=\"row collapse top\">\r\n                        <div class=\"small-12 columns\">\r\n                            <time datetime=\"2025-08-18T15:03:35+02:00\">\r\n\t\t\t\t\t\t\t\tMontag, 18. August 2025                            <\/time>\r\n                        <\/div>\r\n\t\t\t\t\t\t                    <\/div>\r\n                    <h2><a href=\"https:\/\/www.naturalscience.org\/de\/news\/2025\/08\/smart-fact-1\/\">Smart Fact # 1<\/a><\/h2>\r\n\r\n                <\/header>\r\n                <div class=\"entry-content\">\r\n                    <p>\r\n\t                    Mikroplastik ist heute \u00fcberall. Es befindet sich in der Luft, im Wasser, in den B\u00f6den, in Lebensmitteln \u2013 und auch in unserem K\u00f6rper: im Blut, im Gehirn, im Herzen, in der Plazenta. W\u00f6chentlich nehmen wir rund 5g Plastik auf (ca. eine Kreditkarte). Das kann unsere Gesundheit sch\u00e4digen, insbesondere durch das Ausl\u00f6sen von Entz\u00fcndungen.                                            <\/p>\r\n                <\/div>\r\n            <\/div>\r\n        <\/div>\r\n<\/article>\t\t\t\t\t\t\t\t\t\t\t\t\r\n\t\t\t\t\t\t                        <a href=\"https:\/\/www.naturalscience.org\/de\/news\/category\/meere\/plastik\/\" class=\"button radius\">\r\n                            <i class=\"fa fa-angle-right\"><\/i>&nbsp;&nbsp;Mehr                        <\/a>\r\n                    <\/div>\r\n                <\/div>\r\n            <\/div>\r\n\t\t\t\n\n","protected":false},"excerpt":{"rendered":"Mikroplastik ist heute \u00fcberall. Es befindet sich in der Luft, im Wasser, in den B\u00f6den, in Lebensmitteln \u2013 und auch in unserem K\u00f6rper: im Blut, im Gehirn, im Herzen, in der Plazenta. W\u00f6chentlich nehmen wir rund 5g Plastik auf (ca. eine Kreditkarte). Das kann unsere Gesundheit sch\u00e4digen, insbesondere durch das Ausl\u00f6sen von Entz\u00fcndungen.","protected":false},"author":9,"featured_media":0,"parent":104,"menu_order":54,"comment_status":"closed","ping_status":"closed","template":"","meta":{"_acf_changed":false,"ngg_post_thumbnail":0,"footnotes":""},"categories":[92],"class_list":["post-5445","page","type-page","status-publish","hentry","category-plastik","wpautop"],"acf":[],"yoast_head":"<!-- This site is optimized with the Yoast SEO plugin v27.4 - https:\/\/yoast.com\/product\/yoast-seo-wordpress\/ -->\n<title>Plastik - The World Foundation for Natural Science<\/title>\n<meta name=\"robots\" content=\"index, follow, max-snippet:-1, max-image-preview:large, max-video-preview:-1\" \/>\n<link rel=\"canonical\" href=\"https:\/\/www.naturalscience.org\/de\/themen\/meere\/plastik\/\" \/>\n<meta name=\"twitter:label1\" content=\"Gesch\u00e4tzte Lesezeit\" \/>\n\t<meta name=\"twitter:data1\" content=\"2\u00a0Minuten\" \/>\n<script type=\"application\/ld+json\" class=\"yoast-schema-graph\">{\"@context\":\"https:\\\/\\\/schema.org\",\"@graph\":[{\"@type\":\"WebPage\",\"@id\":\"https:\\\/\\\/www.naturalscience.org\\\/de\\\/themen\\\/meere\\\/plastik\\\/\",\"url\":\"https:\\\/\\\/www.naturalscience.org\\\/de\\\/themen\\\/meere\\\/plastik\\\/\",\"name\":\"Plastik - The World Foundation for Natural Science\",\"isPartOf\":{\"@id\":\"https:\\\/\\\/www.naturalscience.org\\\/#website\"},\"primaryImageOfPage\":{\"@id\":\"https:\\\/\\\/www.naturalscience.org\\\/de\\\/themen\\\/meere\\\/plastik\\\/#primaryimage\"},\"image\":{\"@id\":\"https:\\\/\\\/www.naturalscience.org\\\/de\\\/themen\\\/meere\\\/plastik\\\/#primaryimage\"},\"thumbnailUrl\":\"https:\\\/\\\/www.naturalscience.org\\\/wp-content\\\/uploads\\\/2015\\\/01\\\/Plastik-2-199x300.jpg\",\"datePublished\":\"2015-01-11T11:00:56+00:00\",\"dateModified\":\"2023-03-08T15:58:20+00:00\",\"breadcrumb\":{\"@id\":\"https:\\\/\\\/www.naturalscience.org\\\/de\\\/themen\\\/meere\\\/plastik\\\/#breadcrumb\"},\"inLanguage\":\"de\",\"potentialAction\":[{\"@type\":\"ReadAction\",\"target\":[\"https:\\\/\\\/www.naturalscience.org\\\/de\\\/themen\\\/meere\\\/plastik\\\/\"]}]},{\"@type\":\"ImageObject\",\"inLanguage\":\"de\",\"@id\":\"https:\\\/\\\/www.naturalscience.org\\\/de\\\/themen\\\/meere\\\/plastik\\\/#primaryimage\",\"url\":\"https:\\\/\\\/www.naturalscience.org\\\/wp-content\\\/uploads\\\/2015\\\/01\\\/Plastik-2-199x300.jpg\",\"contentUrl\":\"https:\\\/\\\/www.naturalscience.org\\\/wp-content\\\/uploads\\\/2015\\\/01\\\/Plastik-2-199x300.jpg\"},{\"@type\":\"BreadcrumbList\",\"@id\":\"https:\\\/\\\/www.naturalscience.org\\\/de\\\/themen\\\/meere\\\/plastik\\\/#breadcrumb\",\"itemListElement\":[{\"@type\":\"ListItem\",\"position\":1,\"name\":\"Home\",\"item\":\"https:\\\/\\\/www.naturalscience.org\\\/de\\\/\"},{\"@type\":\"ListItem\",\"position\":2,\"name\":\"Themen\",\"item\":\"https:\\\/\\\/www.naturalscience.org\\\/de\\\/themen\\\/\"},{\"@type\":\"ListItem\",\"position\":3,\"name\":\"Meere\",\"item\":\"https:\\\/\\\/www.naturalscience.org\\\/de\\\/themen\\\/meere\\\/\"},{\"@type\":\"ListItem\",\"position\":4,\"name\":\"Plastik\"}]},{\"@type\":\"WebSite\",\"@id\":\"https:\\\/\\\/www.naturalscience.org\\\/#website\",\"url\":\"https:\\\/\\\/www.naturalscience.org\\\/\",\"name\":\"The World Foundation for Natural Science\",\"description\":\"Restoring and Healing the World through Responsibility and Commitment in accord with Natural and Divine Law!\",\"potentialAction\":[{\"@type\":\"SearchAction\",\"target\":{\"@type\":\"EntryPoint\",\"urlTemplate\":\"https:\\\/\\\/www.naturalscience.org\\\/?s={search_term_string}\"},\"query-input\":{\"@type\":\"PropertyValueSpecification\",\"valueRequired\":true,\"valueName\":\"search_term_string\"}}],\"inLanguage\":\"de\"}]}<\/script>\n<!-- \/ Yoast SEO plugin. -->","yoast_head_json":{"title":"Plastik - The World Foundation for Natural Science","robots":{"index":"index","follow":"follow","max-snippet":"max-snippet:-1","max-image-preview":"max-image-preview:large","max-video-preview":"max-video-preview:-1"},"canonical":"https:\/\/www.naturalscience.org\/de\/themen\/meere\/plastik\/","twitter_misc":{"Gesch\u00e4tzte Lesezeit":"2\u00a0Minuten"},"schema":{"@context":"https:\/\/schema.org","@graph":[{"@type":"WebPage","@id":"https:\/\/www.naturalscience.org\/de\/themen\/meere\/plastik\/","url":"https:\/\/www.naturalscience.org\/de\/themen\/meere\/plastik\/","name":"Plastik - The World Foundation for Natural Science","isPartOf":{"@id":"https:\/\/www.naturalscience.org\/#website"},"primaryImageOfPage":{"@id":"https:\/\/www.naturalscience.org\/de\/themen\/meere\/plastik\/#primaryimage"},"image":{"@id":"https:\/\/www.naturalscience.org\/de\/themen\/meere\/plastik\/#primaryimage"},"thumbnailUrl":"https:\/\/www.naturalscience.org\/wp-content\/uploads\/2015\/01\/Plastik-2-199x300.jpg","datePublished":"2015-01-11T11:00:56+00:00","dateModified":"2023-03-08T15:58:20+00:00","breadcrumb":{"@id":"https:\/\/www.naturalscience.org\/de\/themen\/meere\/plastik\/#breadcrumb"},"inLanguage":"de","potentialAction":[{"@type":"ReadAction","target":["https:\/\/www.naturalscience.org\/de\/themen\/meere\/plastik\/"]}]},{"@type":"ImageObject","inLanguage":"de","@id":"https:\/\/www.naturalscience.org\/de\/themen\/meere\/plastik\/#primaryimage","url":"https:\/\/www.naturalscience.org\/wp-content\/uploads\/2015\/01\/Plastik-2-199x300.jpg","contentUrl":"https:\/\/www.naturalscience.org\/wp-content\/uploads\/2015\/01\/Plastik-2-199x300.jpg"},{"@type":"BreadcrumbList","@id":"https:\/\/www.naturalscience.org\/de\/themen\/meere\/plastik\/#breadcrumb","itemListElement":[{"@type":"ListItem","position":1,"name":"Home","item":"https:\/\/www.naturalscience.org\/de\/"},{"@type":"ListItem","position":2,"name":"Themen","item":"https:\/\/www.naturalscience.org\/de\/themen\/"},{"@type":"ListItem","position":3,"name":"Meere","item":"https:\/\/www.naturalscience.org\/de\/themen\/meere\/"},{"@type":"ListItem","position":4,"name":"Plastik"}]},{"@type":"WebSite","@id":"https:\/\/www.naturalscience.org\/#website","url":"https:\/\/www.naturalscience.org\/","name":"The World Foundation for Natural Science","description":"Restoring and Healing the World through Responsibility and Commitment in accord with Natural and Divine Law!","potentialAction":[{"@type":"SearchAction","target":{"@type":"EntryPoint","urlTemplate":"https:\/\/www.naturalscience.org\/?s={search_term_string}"},"query-input":{"@type":"PropertyValueSpecification","valueRequired":true,"valueName":"search_term_string"}}],"inLanguage":"de"}]}},"_links":{"self":[{"href":"https:\/\/www.naturalscience.org\/de\/wp-json\/wp\/v2\/pages\/5445","targetHints":{"allow":["GET"]}}],"collection":[{"href":"https:\/\/www.naturalscience.org\/de\/wp-json\/wp\/v2\/pages"}],"about":[{"href":"https:\/\/www.naturalscience.org\/de\/wp-json\/wp\/v2\/types\/page"}],"author":[{"embeddable":true,"href":"https:\/\/www.naturalscience.org\/de\/wp-json\/wp\/v2\/users\/9"}],"replies":[{"embeddable":true,"href":"https:\/\/www.naturalscience.org\/de\/wp-json\/wp\/v2\/comments?post=5445"}],"version-history":[{"count":11,"href":"https:\/\/www.naturalscience.org\/de\/wp-json\/wp\/v2\/pages\/5445\/revisions"}],"predecessor-version":[{"id":39067,"href":"https:\/\/www.naturalscience.org\/de\/wp-json\/wp\/v2\/pages\/5445\/revisions\/39067"}],"up":[{"embeddable":true,"href":"https:\/\/www.naturalscience.org\/de\/wp-json\/wp\/v2\/pages\/104"}],"wp:attachment":[{"href":"https:\/\/www.naturalscience.org\/de\/wp-json\/wp\/v2\/media?parent=5445"}],"wp:term":[{"taxonomy":"category","embeddable":true,"href":"https:\/\/www.naturalscience.org\/de\/wp-json\/wp\/v2\/categories?post=5445"}],"curies":[{"name":"wp","href":"https:\/\/api.w.org\/{rel}","templated":true}]}}