{"id":5437,"date":"2015-01-11T11:56:14","date_gmt":"2015-01-11T10:56:14","guid":{"rendered":"http:\/\/test.naturalscience.org\/?page_id=5437"},"modified":"2023-01-11T09:21:13","modified_gmt":"2023-01-11T08:21:13","slug":"voegel","status":"publish","type":"page","link":"https:\/\/www.naturalscience.org\/de\/themen\/natuerliche-landwirtschaft\/voegel\/","title":{"rendered":"V\u00f6gel"},"content":{"rendered":"<p><img loading=\"lazy\" decoding=\"async\" class=\"alignright wp-image-38624 size-medium\" src=\"https:\/\/www.naturalscience.org\/wp-content\/uploads\/2023\/01\/iStock-9646110701.8MB-300x208.jpg\" alt=\"\" width=\"300\" height=\"208\" srcset=\"https:\/\/www.naturalscience.org\/wp-content\/uploads\/2023\/01\/iStock-9646110701.8MB-300x208.jpg 300w, https:\/\/www.naturalscience.org\/wp-content\/uploads\/2023\/01\/iStock-9646110701.8MB-1024x711.jpg 1024w, https:\/\/www.naturalscience.org\/wp-content\/uploads\/2023\/01\/iStock-9646110701.8MB-768x534.jpg 768w, https:\/\/www.naturalscience.org\/wp-content\/uploads\/2023\/01\/iStock-9646110701.8MB-1536x1067.jpg 1536w, https:\/\/www.naturalscience.org\/wp-content\/uploads\/2023\/01\/iStock-9646110701.8MB-2048x1423.jpg 2048w, https:\/\/www.naturalscience.org\/wp-content\/uploads\/2023\/01\/iStock-9646110701.8MB-164x114.jpg 164w, https:\/\/www.naturalscience.org\/wp-content\/uploads\/2023\/01\/iStock-9646110701.8MB-400x278.jpg 400w, https:\/\/www.naturalscience.org\/wp-content\/uploads\/2023\/01\/iStock-9646110701.8MB-500x347.jpg 500w\" sizes=\"auto, (max-width: 300px) 100vw, 300px\" \/><\/p>\n<p><strong>V\u00f6gel sind ein wichtiger<\/strong> <strong>Indikator f\u00fcr ein intaktes \u00f6kologisches Gleichgewicht<\/strong><strong> in der Umwelt.<\/strong> Sie lieben strukturierte Landschaften mit B\u00e4umen, Hecken und B\u00fcschen und besonders ausgedehnte Feuchtgebiete. Wie die meisten Lebewesen reagieren <a href=\"https:\/\/www.naturalscience.org\/de\/publikationen\/bienen-voegel-und-menschen-die-zerstoerung-der-natur-durch-elektrosmog\/\">V\u00f6gel<\/a> sehr empfindlich auf widernat\u00fcrliche Umwelteinfl\u00fcsse. So ist der Einsatz von Pestiziden in der Landwirtschaft eine gro\u00dfe Gef\u00e4hrdung f\u00fcr die V\u00f6gel, da diese Mittel nicht nur unz\u00e4hlige Insekten vernichten, welche eine wichtige Nahrungsgrundlage f\u00fcr die V\u00f6gel sind, sondern auch die V\u00f6gel selbst vergiften. Mehr und mehr werden V\u00f6gel aber auch durch <a href=\"https:\/\/www.naturalscience.org\/de\/themen\/mikrowellen\/\">Mikrowellenstrahlung<\/a>, wie sie von Mobilfunkantennen und Satelliten ausgeht, bedroht und ziehen sich nach und nach aus stark verstrahlten Regionen zur\u00fcck. <strong>Viele V\u00f6gel befinden sich deshalb auf der Liste der gef\u00e4hrdeten Tierarten.<\/strong><\/p>\n<p><img loading=\"lazy\" decoding=\"async\" class=\"alignleft wp-image-38626 size-medium\" src=\"https:\/\/www.naturalscience.org\/wp-content\/uploads\/2023\/01\/Fotolia_39698454_M-209x300.jpg\" alt=\"\" width=\"209\" height=\"300\" srcset=\"https:\/\/www.naturalscience.org\/wp-content\/uploads\/2023\/01\/Fotolia_39698454_M-209x300.jpg 209w, https:\/\/www.naturalscience.org\/wp-content\/uploads\/2023\/01\/Fotolia_39698454_M-713x1024.jpg 713w, https:\/\/www.naturalscience.org\/wp-content\/uploads\/2023\/01\/Fotolia_39698454_M-768x1103.jpg 768w, https:\/\/www.naturalscience.org\/wp-content\/uploads\/2023\/01\/Fotolia_39698454_M-1069x1536.jpg 1069w, https:\/\/www.naturalscience.org\/wp-content\/uploads\/2023\/01\/Fotolia_39698454_M-114x164.jpg 114w, https:\/\/www.naturalscience.org\/wp-content\/uploads\/2023\/01\/Fotolia_39698454_M-278x400.jpg 278w, https:\/\/www.naturalscience.org\/wp-content\/uploads\/2023\/01\/Fotolia_39698454_M-348x500.jpg 348w, https:\/\/www.naturalscience.org\/wp-content\/uploads\/2023\/01\/Fotolia_39698454_M.jpg 1150w\" sizes=\"auto, (max-width: 209px) 100vw, 209px\" \/><\/p>\n<p>Sie zu sch\u00fctzen sollte ein zentrales Anliegen sein, nicht nur, um die Artenvielfalt zu erhalten, sondern weil V\u00f6gel auch eine wichtige Rolle im Leben der Menschen spielen. V\u00f6gel inspirieren durch ihre Flugk\u00fcnste und ihre Ungebundenheit den Geist des Menschen und erfreuen sein Gem\u00fct mit ihrem Gezwitscher, Singen und Pfeifen.<\/p>\n<p><strong>Experten empfehlen unterdessen \u00fcbrigens die<\/strong> <strong>ganzj\u00e4hrige Vogelf\u00fctterung<\/strong>, da die durch intensive Landwirtschaft gepr\u00e4gte und \u201eausger\u00e4umte\u201c Landschaft sowie oft artenarme G\u00e4rten den V\u00f6geln auch im&nbsp;Sommer kaum mehr gen\u00fcgend Nahrung bieten. Doch gerade zu dieser Zeit w\u00e4ren die V\u00f6gel besonders auf Futter angewiesen, weil sie dann ihre Jungen aufziehen. <strong>Mit einer Ganzjahres-Futterstelle k\u00f6nnen bis zu 50 Vogelarten unterst\u00fctzt werden.<\/strong> Damit leistet die Vogelf\u00fctterung einen wertvollen Beitrag zum Vogelschutz und zum Erhalt der Artenvielfalt.<\/p>\n<p style=\"text-align: center;\"><em><strong>\u201eMit einer Vogelfutterstelle ist es wie mit einem Gasthaus:<\/strong><\/em><strong><em><br \/>\n<em>Es muss sich rumsprechen, wo es ist.<\/em><br \/>\n<em>Und es muss zuverl\u00e4ssig ge\u00f6ffnet sein, sonst kommt keiner.\u201c<\/em><\/em><\/strong><br \/>\n<em>Vogelexperte Peter Berthold<\/em><em><br \/>\n<em>vom Max-Planck-Institut f\u00fcr Ornithologie<\/em><\/em><\/p>\n\n            <div class=\"publication-list hide-for-print\">\r\n                <div class=\"row\">\r\n                    <div class=\"small-24 columns \">\r\n                        <div class=\"title\">Publikationen<\/div>\r\n\r\n\t\t\t\t\t\t\t\t\t\t\t\t\t\r\n\r\n<article class=\"row collapse all publication-item mikrowellen-mobilfunk bienen landwirtschaft vogel mobilfunkgeraete  fact-sheet wfns\">\r\n\r\n\t<div class=\"cover medium-7 columns\">\r\n\t\t<a href=\"https:\/\/www.naturalscience.org\/de\/publikationen\/factsheet-insects\/\">\r\n\t\t\t<img loading=\"lazy\" decoding=\"async\" src=\"https:\/\/www.naturalscience.org\/wp-content\/uploads\/2025\/11\/02-GE2025-10-24TWFNS-FS-INSECTSWEBCOVER-212x300.png\" width=\"212\" height=\"300\">\t\t<\/a>\r\n\t<\/div>\r\n\r\n\t<div class=\"text medium-17 columns\">\r\n\r\n\t\t<div class=\"type\">\r\n\t\t\tFact Sheet\t\t<\/div>\r\n\r\n\t\t<div class=\"name\">\r\n\t\t\t<a href=\"https:\/\/www.naturalscience.org\/de\/publikationen\/factsheet-insects\/\">Der Fr\u00fchling verstummt: Warum immer mehr Insekten und V\u00f6gel verschwinden<\/a>\r\n\t\t<\/div>\r\n\r\n\t\t<p class=\"description\">\r\n\t\t\tZurzeit sind der Menschheit 1,4 Millionen Arten von Lebewesen auf der Erde bekannt. Davon sind 61% Insekten, Spinnentiere und Krebstiere. Die Insekten und ihre nahen Verwandten machen also den \u00fcberwiegenden Teil der Artenvielfalt unseres Planeten aus und sie \u00fcbernehmen wichtige Funktionen in unseren \u00d6kosystemen. [...] Die L\u00f6sungen, um das Verschwinden der Insekten und V\u00f6gel aufzuhalten und umzukehren sind schon vorhanden. Sie m\u00fcssen jedoch noch konsequenter umgesetzt werden.\t\t<\/p>\r\n\r\n\t\t<div class=\"buttons\">\r\n\t\t\t<div class=\"row collapse\">\r\n\t\t\t\t\t\t\t\t\t\t<div class=\"small-24 medium-8 columns\">\r\n\t\t\t\t\t\t\t<a href=\"https:\/\/www.naturalscience.org\/wp-content\/uploads\/2025\/11\/02-GE2025-10-24TWFNS-FS-INSECTSWEB.pdf\" class=\"button radius primary small\" target=\"_blank\">\r\n\t\t\t\t\t\t\t\t<i class=\"fa fa-download\"><\/i>&nbsp;&nbsp;Herunterladen\t\t\t\t\t\t\t<\/a>\r\n\t\t\t\t\t\t<\/div>\r\n\t\t\t\t\t\r\n\t\t\t\t\t\t\t\t\t\t<div class=\"small-24 medium-16 columns\">\r\n\t\t\t\t\t\t<i class=\"fa fa-angle-right\"><\/i>\r\n\t\t\t\t\t\t<a href=\"https:\/\/www.naturalscience.org\/de\/publikationen\/factsheet-insects\/\" class=\"further-information\">\r\n\t\t\t\t\t\t\tWeitere Informationen & Sprachen\t\t\t\t\t\t<\/a>\r\n\t\t\t\t\t<\/div>\r\n\t\t\t\t\r\n\t\t\t\t\r\n\r\n\t\t\t<\/div>\r\n\t\t<\/div>\r\n\r\n\t<\/div>\r\n<\/article>\t\t\t\t\t\t\t\t\t\t\t\t\t\r\n\r\n<article class=\"row collapse all publication-item auswirkungen-und-schaedigung 5g mikrowellen-mobilfunk bienen landwirtschaft vogel  film wfns\">\r\n\r\n\t<div class=\"cover medium-7 columns\">\r\n\t\t<a href=\"https:\/\/www.naturalscience.org\/de\/publikationen\/tiere-und-pflanzen-im-strahlungsstress\/\">\r\n\t\t\t<img loading=\"lazy\" decoding=\"async\" src=\"https:\/\/www.naturalscience.org\/wp-content\/uploads\/2021\/04\/THUMB-EMFneutral-300x169.jpg\" width=\"300\" height=\"169\">\t\t<\/a>\r\n\t<\/div>\r\n\r\n\t<div class=\"text medium-17 columns\">\r\n\r\n\t\t<div class=\"type\">\r\n\t\t\tFilm\t\t<\/div>\r\n\r\n\t\t<div class=\"name\">\r\n\t\t\t<a href=\"https:\/\/www.naturalscience.org\/de\/publikationen\/tiere-und-pflanzen-im-strahlungsstress\/\">Tiere und Pflanzen im Strahlungsstress<\/a>\r\n\t\t<\/div>\r\n\r\n\t\t<p class=\"description\">\r\n\t\t\tIn dieser Pr\u00e4sentation aus unserer Reihe \u201eWie k\u00fcnstliche elektromagnetische Strahlung dem Leben schadet\u201c liegt der Schwerpunkt auf den Pflanzen und Tieren, von S\u00e4ugetieren \u00fcber V\u00f6gel bis hin zu Insekten. Im Video wird anhand einer Vielzahl von Forschungsergebnissen erkl\u00e4rt, wie sich die Dauerbestrahlung auf die Tiere und Pflanzen auswirkt. Zudem wird aufgezeigt, warum insbesondere durch den neuen Mobilfunkstandard 5G die Belastung noch deutlich zunehmen wird.\t\t<\/p>\r\n\r\n\t\t<div class=\"buttons\">\r\n\t\t\t<div class=\"row collapse\">\r\n\t\t\t\t\t\t\t\t\t<div class=\"small-24 medium-9 columns\">\r\n\t\t\t\t\t\t<a href=\"https:\/\/www.naturalscience.org\/de\/publikationen\/tiere-und-pflanzen-im-strahlungsstress\/\" class=\"button radius primary small\">\r\n\t\t\t\t\t\t\t<i class=\"fa fa-play\"><\/i>&nbsp;&nbsp;Video ansehen\t\t\t\t\t\t<\/a>\r\n\t\t\t\t\t<\/div>\r\n\t\t\t\t\r\n\r\n\t\t\t<\/div>\r\n\t\t<\/div>\r\n\r\n\t<\/div>\r\n<\/article>\t\t\t\t\t\t\t\t\t\t\t\t\t\r\n\r\n<article class=\"row collapse all publication-item bienen landwirtschaft vogel  film wfns\">\r\n\r\n\t<div class=\"cover medium-7 columns\">\r\n\t\t<a href=\"https:\/\/www.naturalscience.org\/de\/publikationen\/der-stumme-fruehling-warum-immer-mehr-insekten-und-voegel-verschwinden\/\">\r\n\t\t\t<img loading=\"lazy\" decoding=\"async\" src=\"https:\/\/www.naturalscience.org\/wp-content\/uploads\/2018\/01\/thumb-spring-DE-300x169.png\" width=\"300\" height=\"169\">\t\t<\/a>\r\n\t<\/div>\r\n\r\n\t<div class=\"text medium-17 columns\">\r\n\r\n\t\t<div class=\"type\">\r\n\t\t\tFilm\t\t<\/div>\r\n\r\n\t\t<div class=\"name\">\r\n\t\t\t<a href=\"https:\/\/www.naturalscience.org\/de\/publikationen\/der-stumme-fruehling-warum-immer-mehr-insekten-und-voegel-verschwinden\/\">Der stumme Fr\u00fchling &#8211; Warum immer mehr Insekten und V\u00f6gel verschwinden<\/a>\r\n\t\t<\/div>\r\n\r\n\t\t<p class=\"description\">\r\n\t\t\tInsekten und deren nahe Verwandte machen \u00fcber 60 % der Artenvielfalt unseres Planeten aus. Dementsprechend \u00fcbernehmen sie wichtige Aufgaben in unseren \u00d6kosystemen, etwa als Best\u00e4uber an den Bl\u00fcten oder als Stoffumwandler im Boden. Auch die V\u00f6gel, die in der Nahrungskette in direkter Abh\u00e4ngigkeit von den Insekten stehen, sind unverzichtbare Bindeglieder in der Natur.<br \/>\r\nDoch das vertraute Summen der Insekten und der Gesang der V\u00f6gel im Fr\u00fchling wird von Jahr zu Jahr immer leiser und droht gar zu verstummen.\t\t<\/p>\r\n\r\n\t\t<div class=\"buttons\">\r\n\t\t\t<div class=\"row collapse\">\r\n\t\t\t\t\t\t\t\t\t<div class=\"small-24 medium-9 columns\">\r\n\t\t\t\t\t\t<a href=\"https:\/\/www.naturalscience.org\/de\/publikationen\/der-stumme-fruehling-warum-immer-mehr-insekten-und-voegel-verschwinden\/\" class=\"button radius primary small\">\r\n\t\t\t\t\t\t\t<i class=\"fa fa-play\"><\/i>&nbsp;&nbsp;Video ansehen\t\t\t\t\t\t<\/a>\r\n\t\t\t\t\t<\/div>\r\n\t\t\t\t\r\n\r\n\t\t\t<\/div>\r\n\t\t<\/div>\r\n\r\n\t<\/div>\r\n<\/article>\t\t\t\t\t\t\t\t\t\t\t\t\r\n                    <\/div>\r\n                <\/div>\r\n            <\/div>\r\n\r\n\t\t\t\n","protected":false},"excerpt":{"rendered":"Insekten und deren nahe Verwandte machen \u00fcber 60&nbsp;% der Artenvielfalt unseres Planeten aus. Dementsprechend \u00fcbernehmen sie wichtige Aufgaben in unseren \u00d6kosystemen, etwa als Best\u00e4uber an den Bl\u00fcten oder als Stoffumwandler im Boden. Auch die V\u00f6gel, die in der Nahrungskette in direkter Abh\u00e4ngigkeit von den Insekten stehen, sind unverzichtbare Bindeglieder in der Natur. Doch das vertraute [&hellip;]","protected":false},"author":9,"featured_media":0,"parent":5607,"menu_order":49,"comment_status":"closed","ping_status":"closed","template":"","meta":{"_acf_changed":false,"ngg_post_thumbnail":0,"footnotes":""},"categories":[89],"class_list":["post-5437","page","type-page","status-publish","hentry","category-vogel","wpautop"],"acf":[],"yoast_head":"<!-- This site is optimized with the Yoast SEO plugin v27.6 - https:\/\/yoast.com\/product\/yoast-seo-wordpress\/ -->\n<title>V\u00f6gel - The World Foundation for Natural Science<\/title>\n<meta name=\"robots\" content=\"index, follow, max-snippet:-1, max-image-preview:large, max-video-preview:-1\" \/>\n<link rel=\"canonical\" href=\"https:\/\/www.naturalscience.org\/de\/themen\/natuerliche-landwirtschaft\/voegel\/\" \/>\n<meta name=\"twitter:label1\" content=\"Gesch\u00e4tzte Lesezeit\" \/>\n\t<meta name=\"twitter:data1\" content=\"2\u00a0Minuten\" \/>\n<script type=\"application\/ld+json\" class=\"yoast-schema-graph\">{\"@context\":\"https:\\\/\\\/schema.org\",\"@graph\":[{\"@type\":\"WebPage\",\"@id\":\"https:\\\/\\\/www.naturalscience.org\\\/de\\\/themen\\\/natuerliche-landwirtschaft\\\/voegel\\\/\",\"url\":\"https:\\\/\\\/www.naturalscience.org\\\/de\\\/themen\\\/natuerliche-landwirtschaft\\\/voegel\\\/\",\"name\":\"V\u00f6gel - The World Foundation for Natural Science\",\"isPartOf\":{\"@id\":\"https:\\\/\\\/www.naturalscience.org\\\/#website\"},\"primaryImageOfPage\":{\"@id\":\"https:\\\/\\\/www.naturalscience.org\\\/de\\\/themen\\\/natuerliche-landwirtschaft\\\/voegel\\\/#primaryimage\"},\"image\":{\"@id\":\"https:\\\/\\\/www.naturalscience.org\\\/de\\\/themen\\\/natuerliche-landwirtschaft\\\/voegel\\\/#primaryimage\"},\"thumbnailUrl\":\"https:\\\/\\\/www.naturalscience.org\\\/wp-content\\\/uploads\\\/2023\\\/01\\\/iStock-9646110701.8MB-300x208.jpg\",\"datePublished\":\"2015-01-11T10:56:14+00:00\",\"dateModified\":\"2023-01-11T08:21:13+00:00\",\"breadcrumb\":{\"@id\":\"https:\\\/\\\/www.naturalscience.org\\\/de\\\/themen\\\/natuerliche-landwirtschaft\\\/voegel\\\/#breadcrumb\"},\"inLanguage\":\"de\",\"potentialAction\":[{\"@type\":\"ReadAction\",\"target\":[\"https:\\\/\\\/www.naturalscience.org\\\/de\\\/themen\\\/natuerliche-landwirtschaft\\\/voegel\\\/\"]}]},{\"@type\":\"ImageObject\",\"inLanguage\":\"de\",\"@id\":\"https:\\\/\\\/www.naturalscience.org\\\/de\\\/themen\\\/natuerliche-landwirtschaft\\\/voegel\\\/#primaryimage\",\"url\":\"https:\\\/\\\/www.naturalscience.org\\\/wp-content\\\/uploads\\\/2023\\\/01\\\/iStock-9646110701.8MB-300x208.jpg\",\"contentUrl\":\"https:\\\/\\\/www.naturalscience.org\\\/wp-content\\\/uploads\\\/2023\\\/01\\\/iStock-9646110701.8MB-300x208.jpg\"},{\"@type\":\"BreadcrumbList\",\"@id\":\"https:\\\/\\\/www.naturalscience.org\\\/de\\\/themen\\\/natuerliche-landwirtschaft\\\/voegel\\\/#breadcrumb\",\"itemListElement\":[{\"@type\":\"ListItem\",\"position\":1,\"name\":\"Home\",\"item\":\"https:\\\/\\\/www.naturalscience.org\\\/de\\\/\"},{\"@type\":\"ListItem\",\"position\":2,\"name\":\"Themen\",\"item\":\"https:\\\/\\\/www.naturalscience.org\\\/de\\\/themen\\\/\"},{\"@type\":\"ListItem\",\"position\":3,\"name\":\"Nat\u00fcrliche Landwirtschaft\",\"item\":\"https:\\\/\\\/www.naturalscience.org\\\/de\\\/themen\\\/natuerliche-landwirtschaft\\\/\"},{\"@type\":\"ListItem\",\"position\":4,\"name\":\"V\u00f6gel\"}]},{\"@type\":\"WebSite\",\"@id\":\"https:\\\/\\\/www.naturalscience.org\\\/#website\",\"url\":\"https:\\\/\\\/www.naturalscience.org\\\/\",\"name\":\"The World Foundation for Natural Science\",\"description\":\"Restoring and Healing the World through Responsibility and Commitment in accord with Natural and Divine Law!\",\"potentialAction\":[{\"@type\":\"SearchAction\",\"target\":{\"@type\":\"EntryPoint\",\"urlTemplate\":\"https:\\\/\\\/www.naturalscience.org\\\/?s={search_term_string}\"},\"query-input\":{\"@type\":\"PropertyValueSpecification\",\"valueRequired\":true,\"valueName\":\"search_term_string\"}}],\"inLanguage\":\"de\"}]}<\/script>\n<!-- \/ Yoast SEO plugin. -->","yoast_head_json":{"title":"V\u00f6gel - The World Foundation for Natural Science","robots":{"index":"index","follow":"follow","max-snippet":"max-snippet:-1","max-image-preview":"max-image-preview:large","max-video-preview":"max-video-preview:-1"},"canonical":"https:\/\/www.naturalscience.org\/de\/themen\/natuerliche-landwirtschaft\/voegel\/","twitter_misc":{"Gesch\u00e4tzte Lesezeit":"2\u00a0Minuten"},"schema":{"@context":"https:\/\/schema.org","@graph":[{"@type":"WebPage","@id":"https:\/\/www.naturalscience.org\/de\/themen\/natuerliche-landwirtschaft\/voegel\/","url":"https:\/\/www.naturalscience.org\/de\/themen\/natuerliche-landwirtschaft\/voegel\/","name":"V\u00f6gel - The World Foundation for Natural Science","isPartOf":{"@id":"https:\/\/www.naturalscience.org\/#website"},"primaryImageOfPage":{"@id":"https:\/\/www.naturalscience.org\/de\/themen\/natuerliche-landwirtschaft\/voegel\/#primaryimage"},"image":{"@id":"https:\/\/www.naturalscience.org\/de\/themen\/natuerliche-landwirtschaft\/voegel\/#primaryimage"},"thumbnailUrl":"https:\/\/www.naturalscience.org\/wp-content\/uploads\/2023\/01\/iStock-9646110701.8MB-300x208.jpg","datePublished":"2015-01-11T10:56:14+00:00","dateModified":"2023-01-11T08:21:13+00:00","breadcrumb":{"@id":"https:\/\/www.naturalscience.org\/de\/themen\/natuerliche-landwirtschaft\/voegel\/#breadcrumb"},"inLanguage":"de","potentialAction":[{"@type":"ReadAction","target":["https:\/\/www.naturalscience.org\/de\/themen\/natuerliche-landwirtschaft\/voegel\/"]}]},{"@type":"ImageObject","inLanguage":"de","@id":"https:\/\/www.naturalscience.org\/de\/themen\/natuerliche-landwirtschaft\/voegel\/#primaryimage","url":"https:\/\/www.naturalscience.org\/wp-content\/uploads\/2023\/01\/iStock-9646110701.8MB-300x208.jpg","contentUrl":"https:\/\/www.naturalscience.org\/wp-content\/uploads\/2023\/01\/iStock-9646110701.8MB-300x208.jpg"},{"@type":"BreadcrumbList","@id":"https:\/\/www.naturalscience.org\/de\/themen\/natuerliche-landwirtschaft\/voegel\/#breadcrumb","itemListElement":[{"@type":"ListItem","position":1,"name":"Home","item":"https:\/\/www.naturalscience.org\/de\/"},{"@type":"ListItem","position":2,"name":"Themen","item":"https:\/\/www.naturalscience.org\/de\/themen\/"},{"@type":"ListItem","position":3,"name":"Nat\u00fcrliche Landwirtschaft","item":"https:\/\/www.naturalscience.org\/de\/themen\/natuerliche-landwirtschaft\/"},{"@type":"ListItem","position":4,"name":"V\u00f6gel"}]},{"@type":"WebSite","@id":"https:\/\/www.naturalscience.org\/#website","url":"https:\/\/www.naturalscience.org\/","name":"The World Foundation for Natural Science","description":"Restoring and Healing the World through Responsibility and Commitment in accord with Natural and Divine Law!","potentialAction":[{"@type":"SearchAction","target":{"@type":"EntryPoint","urlTemplate":"https:\/\/www.naturalscience.org\/?s={search_term_string}"},"query-input":{"@type":"PropertyValueSpecification","valueRequired":true,"valueName":"search_term_string"}}],"inLanguage":"de"}]}},"_links":{"self":[{"href":"https:\/\/www.naturalscience.org\/de\/wp-json\/wp\/v2\/pages\/5437","targetHints":{"allow":["GET"]}}],"collection":[{"href":"https:\/\/www.naturalscience.org\/de\/wp-json\/wp\/v2\/pages"}],"about":[{"href":"https:\/\/www.naturalscience.org\/de\/wp-json\/wp\/v2\/types\/page"}],"author":[{"embeddable":true,"href":"https:\/\/www.naturalscience.org\/de\/wp-json\/wp\/v2\/users\/9"}],"replies":[{"embeddable":true,"href":"https:\/\/www.naturalscience.org\/de\/wp-json\/wp\/v2\/comments?post=5437"}],"version-history":[{"count":5,"href":"https:\/\/www.naturalscience.org\/de\/wp-json\/wp\/v2\/pages\/5437\/revisions"}],"predecessor-version":[{"id":38663,"href":"https:\/\/www.naturalscience.org\/de\/wp-json\/wp\/v2\/pages\/5437\/revisions\/38663"}],"up":[{"embeddable":true,"href":"https:\/\/www.naturalscience.org\/de\/wp-json\/wp\/v2\/pages\/5607"}],"wp:attachment":[{"href":"https:\/\/www.naturalscience.org\/de\/wp-json\/wp\/v2\/media?parent=5437"}],"wp:term":[{"taxonomy":"category","embeddable":true,"href":"https:\/\/www.naturalscience.org\/de\/wp-json\/wp\/v2\/categories?post=5437"}],"curies":[{"name":"wp","href":"https:\/\/api.w.org\/{rel}","templated":true}]}}