{"id":5435,"date":"2015-01-11T11:55:14","date_gmt":"2015-01-11T10:55:14","guid":{"rendered":"http:\/\/test.naturalscience.org\/?page_id=5435"},"modified":"2023-01-11T10:02:49","modified_gmt":"2023-01-11T09:02:49","slug":"jagd","status":"publish","type":"page","link":"https:\/\/www.naturalscience.org\/de\/themen\/natuerliche-landwirtschaft\/jagd\/","title":{"rendered":"Jagd"},"content":{"rendered":"<p><img loading=\"lazy\" decoding=\"async\" class=\"alignright wp-image-10076\" src=\"https:\/\/www.naturalscience.org\/wp-content\/uploads\/2015\/01\/Jagd-1-e1422467974361-270x300.jpg\" alt=\"Fuchs\" width=\"189\" height=\"210\" srcset=\"https:\/\/www.naturalscience.org\/wp-content\/uploads\/2015\/01\/Jagd-1-e1422467974361-270x300.jpg 270w, https:\/\/www.naturalscience.org\/wp-content\/uploads\/2015\/01\/Jagd-1-e1422467974361-921x1024.jpg 921w, https:\/\/www.naturalscience.org\/wp-content\/uploads\/2015\/01\/Jagd-1-e1422467974361-180x200.jpg 180w, https:\/\/www.naturalscience.org\/wp-content\/uploads\/2015\/01\/Jagd-1-e1422467974361-147x164.jpg 147w, https:\/\/www.naturalscience.org\/wp-content\/uploads\/2015\/01\/Jagd-1-e1422467974361.jpg 1530w\" sizes=\"auto, (max-width: 189px) 100vw, 189px\" \/>Dem Menschen ist die Verantwortung f\u00fcr die Tiere \u00fcbertragen worden. Als \u201eKrone der Sch\u00f6pfung\u201c sollte er sich wie ein guter K\u00f6nig gegen\u00fcber seinen Untertanen verhalten. Er sollte die Tiere beh\u00fcten und besch\u00fctzen und sich um ihr k\u00f6rperliches und seelisch-geistiges Wohl k\u00fcmmern. Deshalb sollte er auch daf\u00fcr sorgen, dass sie sich gem\u00e4ss ihrer eigenen Bestimmung st\u00e4ndig weiterentwickeln k\u00f6nnen. Diese Entwicklung kann aber nur stattfinden, wenn Menschen liebe- und respektvoll mit Tieren umgehen.<\/p>\n<p>Die Jagd und das unn\u00f6tige T\u00f6ten von Tieren m\u00fcssen ein Ende finden. <strong>Es gibt keinen haltbaren, wissenschaftlichen oder \u00f6kologischen Grund f\u00fcr die Jagd.<\/strong> Entgegen allen Beteuerungen tr\u00e4gt die Jagd nicht zur Regulierung der Wildbest\u00e4nde bei. Bestes Beispiel daf\u00fcr ist der Fuchs. Seit langem ist bekannt, dass sich die Fuchsbest\u00e4nde dem Futterangebot anpassen. Eine Jagd ist deshalb nicht n\u00f6tig. Diese Erkenntnis setzt sich nun immer mehr durch. So hat zum Beispiel Anfang 2015 das luxemburgische Umweltministerium beschlossen, dass w\u00e4hrend eines Jahres keine F\u00fcchse mehr geschossen werden d\u00fcrfen, da es bei nicht bejagten Fuchsbest\u00e4nden weniger Junge gibt.<strong> Die Natur ist durchaus in der Lage, sich selbst zu regulieren und f\u00fcr ein gesundes Gleichgewicht zu sorgen, ohne dass der Mensch eingreifen m\u00fcsste.<\/strong><\/p>\n\n            <div class=\"publication-list hide-for-print\">\r\n                <div class=\"row\">\r\n                    <div class=\"small-24 columns \">\r\n                        <div class=\"title\">Publikationen<\/div>\r\n\r\n\t\t\t\t\t\t\t\t\t\t\t\t\t\r\n\r\n<article class=\"row collapse all publication-item jagd  fact-sheet wfns\">\r\n\r\n\t<div class=\"cover medium-7 columns\">\r\n\t\t<a href=\"https:\/\/www.naturalscience.org\/de\/publikationen\/jagd\/\">\r\n\t\t\t<img loading=\"lazy\" decoding=\"async\" src=\"https:\/\/www.naturalscience.org\/wp-content\/uploads\/2024\/09\/2024-09-23WFNS-FactsheetHUNTGERWEBCOVER-212x300.png\" width=\"212\" height=\"300\">\t\t<\/a>\r\n\t<\/div>\r\n\r\n\t<div class=\"text medium-17 columns\">\r\n\r\n\t\t<div class=\"type\">\r\n\t\t\tFact Sheet\t\t<\/div>\r\n\r\n\t\t<div class=\"name\">\r\n\t\t\t<a href=\"https:\/\/www.naturalscience.org\/de\/publikationen\/jagd\/\">Die Jagd auf Wildtiere hat keine Berechtigung \u2013 F\u00fcr ein friedliches Zusammenleben zwischen Mensch und Tier<\/a>\r\n\t\t<\/div>\r\n\r\n\t\t<p class=\"description\">\r\n\t\t\tIn der Vergangenheit hat das Jagen von Wildtieren genauso wie das Sammeln von Fr\u00fcchten dem Menschen geholfen zu \u00fcberleben. Doch die Zeiten, in denen wir jagen mussten, um uns zu ern\u00e4hren, sind seit Langem vorbei. Heute gibt es nur noch sehr wenige Menschen, die f\u00fcr ihren Lebensunterhalt auf die Jagd angewiesen sind. Trotzdem werden weltweit noch immer Wildtiere gejagt, zum Teil als grausame Freizeitbesch\u00e4ftigung und zum anderen Teil aus sogenannten \u00f6kologischen Gr\u00fcnden. Bei genauerer Betrachtung entpuppt sich die Jagd jedoch als Verursacherin eben jener Probleme, die sie zu l\u00f6sen vorgibt.\t\t<\/p>\r\n\r\n\t\t<div class=\"buttons\">\r\n\t\t\t<div class=\"row collapse\">\r\n\t\t\t\t\t\t\t\t\t\t<div class=\"small-24 medium-8 columns\">\r\n\t\t\t\t\t\t\t<a href=\"https:\/\/www.naturalscience.org\/wp-content\/uploads\/2024\/09\/2024-09-23WFNS-FactsheetHUNTGERWEB_Optimized200.pdf\" class=\"button radius primary small\" target=\"_blank\">\r\n\t\t\t\t\t\t\t\t<i class=\"fa fa-download\"><\/i>&nbsp;&nbsp;Herunterladen\t\t\t\t\t\t\t<\/a>\r\n\t\t\t\t\t\t<\/div>\r\n\t\t\t\t\t\r\n\t\t\t\t\t\t\t\t\t\t<div class=\"small-24 medium-16 columns\">\r\n\t\t\t\t\t\t<i class=\"fa fa-angle-right\"><\/i>\r\n\t\t\t\t\t\t<a href=\"https:\/\/www.naturalscience.org\/de\/publikationen\/jagd\/\" class=\"further-information\">\r\n\t\t\t\t\t\t\tWeitere Informationen & Sprachen\t\t\t\t\t\t<\/a>\r\n\t\t\t\t\t<\/div>\r\n\t\t\t\t\r\n\t\t\t\t\r\n\r\n\t\t\t<\/div>\r\n\t\t<\/div>\r\n\r\n\t<\/div>\r\n<\/article>\t\t\t\t\t\t\t\t\t\t\t\t\t\r\n\r\n<article class=\"row collapse all publication-item landwirtschaft jagd  film wfns\">\r\n\r\n\t<div class=\"cover medium-7 columns\">\r\n\t\t<a href=\"https:\/\/www.naturalscience.org\/de\/publikationen\/tiere-ihr-recht-auf-leben-und-unsere-verantwortung-fuer-sie\/\">\r\n\t\t\t<img loading=\"lazy\" decoding=\"async\" src=\"https:\/\/www.naturalscience.org\/wp-content\/uploads\/2018\/02\/thumb-animals-DE-300x169.jpg\" width=\"300\" height=\"169\">\t\t<\/a>\r\n\t<\/div>\r\n\r\n\t<div class=\"text medium-17 columns\">\r\n\r\n\t\t<div class=\"type\">\r\n\t\t\tFilm\t\t<\/div>\r\n\r\n\t\t<div class=\"name\">\r\n\t\t\t<a href=\"https:\/\/www.naturalscience.org\/de\/publikationen\/tiere-ihr-recht-auf-leben-und-unsere-verantwortung-fuer-sie\/\">Tiere &#8211; Ihr Recht auf Leben und unsere Verantwortung f\u00fcr sie<\/a>\r\n\t\t<\/div>\r\n\r\n\t\t<p class=\"description\">\r\n\t\t\tV\u00f6gel, Schmetterlinge, kriechende Gesch\u00f6pfe und alle anderen Tiere sind ebenso Teil der Sch\u00f6pfung wie wir. Wenn wir gelernt haben, dass wir, wenn wir irgendeinem lebendigen Wesen ein Leid antun, uns selbst Leid zuf\u00fcgen, dann werden wir gewiss weder t\u00f6ten noch bewirken, dass ein Lebewesen, das Der Sch\u00f6pfer geschaffen hat, Qual erleidet. Wir haben die Verantwortung f\u00fcr alle lebendigen Gesch\u00f6pfe und alles Leben in der Natur. Dies erm\u00e4chtigt uns, sie zu lieben, zu besch\u00fctzen und zu n\u00e4hren, aber nicht, sie f\u00fcr wissenschaftliche Experimente zu missbrauchen.\t\t<\/p>\r\n\r\n\t\t<div class=\"buttons\">\r\n\t\t\t<div class=\"row collapse\">\r\n\t\t\t\t\t\t\t\t\t<div class=\"small-24 medium-9 columns\">\r\n\t\t\t\t\t\t<a href=\"https:\/\/www.naturalscience.org\/de\/publikationen\/tiere-ihr-recht-auf-leben-und-unsere-verantwortung-fuer-sie\/\" class=\"button radius primary small\">\r\n\t\t\t\t\t\t\t<i class=\"fa fa-play\"><\/i>&nbsp;&nbsp;Video ansehen\t\t\t\t\t\t<\/a>\r\n\t\t\t\t\t<\/div>\r\n\t\t\t\t\r\n\r\n\t\t\t<\/div>\r\n\t\t<\/div>\r\n\r\n\t<\/div>\r\n<\/article>\t\t\t\t\t\t\t\t\t\t\t\t\t\r\n\r\n<article class=\"row collapse all publication-item jagd  fact-sheet wfns\">\r\n\r\n\t<div class=\"cover medium-7 columns\">\r\n\t\t<a href=\"https:\/\/www.naturalscience.org\/de\/publikationen\/das-koenigreich-der-tiere-ehren\/\">\r\n\t\t\t<img loading=\"lazy\" decoding=\"async\" src=\"https:\/\/www.naturalscience.org\/wp-content\/uploads\/2015\/02\/wfns_newsletter_das-koenigreich-der-tiere-ehren_10-08_german-212x300.jpg\" width=\"212\" height=\"300\">\t\t<\/a>\r\n\t<\/div>\r\n\r\n\t<div class=\"text medium-17 columns\">\r\n\r\n\t\t<div class=\"type\">\r\n\t\t\tFact Sheet\t\t<\/div>\r\n\r\n\t\t<div class=\"name\">\r\n\t\t\t<a href=\"https:\/\/www.naturalscience.org\/de\/publikationen\/das-koenigreich-der-tiere-ehren\/\">Das K\u00f6nigreich der Tiere ehren<\/a>\r\n\t\t<\/div>\r\n\r\n\t\t<p class=\"description\">\r\n\t\t\t<p>K\u00f6nnen Sie sich eine Welt ohne Tiere vorstellen? Die Frage ist leicht zu beantworten&#8230; Und dennoch werden Tiere nach wie vor nicht so geehrt, wie es sein sollte. Die Jagd geh\u00f6rt schon lange von diesem Planeten verbannt und hat keine \u00f6kologische Berechtigung mehr, wie Dr. Loske in seinem Buch schreibt. Stellen Sie sich selber die Frage: Ist Jagd als Hobby noch l\u00e4nger tolorierbar?<\/p>\n\t\t<\/p>\r\n\r\n\t\t<div class=\"buttons\">\r\n\t\t\t<div class=\"row collapse\">\r\n\t\t\t\t\t\t\t\t\t\t<div class=\"small-24 medium-8 columns\">\r\n\t\t\t\t\t\t\t<a href=\"https:\/\/www.naturalscience.org\/wp-content\/uploads\/2015\/02\/wfns_newsletter_das-koenigreich-der-tiere-ehren_10-08_german.pdf\" class=\"button radius primary small\" target=\"_blank\">\r\n\t\t\t\t\t\t\t\t<i class=\"fa fa-download\"><\/i>&nbsp;&nbsp;Herunterladen\t\t\t\t\t\t\t<\/a>\r\n\t\t\t\t\t\t<\/div>\r\n\t\t\t\t\t\r\n\t\t\t\t\t\t\t\t\t\t<div class=\"small-24 medium-16 columns\">\r\n\t\t\t\t\t\t<i class=\"fa fa-angle-right\"><\/i>\r\n\t\t\t\t\t\t<a href=\"https:\/\/www.naturalscience.org\/de\/publikationen\/das-koenigreich-der-tiere-ehren\/\" class=\"further-information\">\r\n\t\t\t\t\t\t\tWeitere Informationen & Sprachen\t\t\t\t\t\t<\/a>\r\n\t\t\t\t\t<\/div>\r\n\t\t\t\t\r\n\t\t\t\t\r\n\r\n\t\t\t<\/div>\r\n\t\t<\/div>\r\n\r\n\t<\/div>\r\n<\/article>\t\t\t\t\t\t\t\t\t\t\t\t\r\n                    <\/div>\r\n                <\/div>\r\n            <\/div>\r\n\r\n\t\t\t\n","protected":false},"excerpt":{"rendered":"K\u00f6nnen Sie sich eine Welt ohne Tiere vorstellen? Die Frage ist leicht zu beantworten&#8230; Und dennoch werden Tiere nach wie vor nicht so geehrt, wie es sein sollte. Die Jagd geh\u00f6rt schon lange von diesem Planeten verbannt und hat keine \u00f6kologische Berechtigung mehr, wie Dr. Loske in seinem Buch schreibt. Stellen Sie sich selber die [&hellip;]","protected":false},"author":9,"featured_media":0,"parent":5607,"menu_order":50,"comment_status":"closed","ping_status":"closed","template":"","meta":{"_acf_changed":false,"ngg_post_thumbnail":0,"footnotes":""},"categories":[90],"class_list":["post-5435","page","type-page","status-publish","hentry","category-jagd","wpautop"],"acf":[],"yoast_head":"<!-- This site is optimized with the Yoast SEO plugin v27.5 - https:\/\/yoast.com\/product\/yoast-seo-wordpress\/ -->\n<title>Jagd - The World Foundation for Natural Science<\/title>\n<meta name=\"robots\" content=\"index, follow, max-snippet:-1, max-image-preview:large, max-video-preview:-1\" \/>\n<link rel=\"canonical\" href=\"https:\/\/www.naturalscience.org\/de\/themen\/natuerliche-landwirtschaft\/jagd\/\" \/>\n<meta name=\"twitter:label1\" content=\"Gesch\u00e4tzte Lesezeit\" \/>\n\t<meta name=\"twitter:data1\" content=\"1\u00a0Minute\" \/>\n<script type=\"application\/ld+json\" class=\"yoast-schema-graph\">{\"@context\":\"https:\\\/\\\/schema.org\",\"@graph\":[{\"@type\":\"WebPage\",\"@id\":\"https:\\\/\\\/www.naturalscience.org\\\/de\\\/themen\\\/natuerliche-landwirtschaft\\\/jagd\\\/\",\"url\":\"https:\\\/\\\/www.naturalscience.org\\\/de\\\/themen\\\/natuerliche-landwirtschaft\\\/jagd\\\/\",\"name\":\"Jagd - The World Foundation for Natural Science\",\"isPartOf\":{\"@id\":\"https:\\\/\\\/www.naturalscience.org\\\/#website\"},\"primaryImageOfPage\":{\"@id\":\"https:\\\/\\\/www.naturalscience.org\\\/de\\\/themen\\\/natuerliche-landwirtschaft\\\/jagd\\\/#primaryimage\"},\"image\":{\"@id\":\"https:\\\/\\\/www.naturalscience.org\\\/de\\\/themen\\\/natuerliche-landwirtschaft\\\/jagd\\\/#primaryimage\"},\"thumbnailUrl\":\"https:\\\/\\\/www.naturalscience.org\\\/wp-content\\\/uploads\\\/2015\\\/01\\\/Jagd-1-e1422467974361-270x300.jpg\",\"datePublished\":\"2015-01-11T10:55:14+00:00\",\"dateModified\":\"2023-01-11T09:02:49+00:00\",\"breadcrumb\":{\"@id\":\"https:\\\/\\\/www.naturalscience.org\\\/de\\\/themen\\\/natuerliche-landwirtschaft\\\/jagd\\\/#breadcrumb\"},\"inLanguage\":\"de\",\"potentialAction\":[{\"@type\":\"ReadAction\",\"target\":[\"https:\\\/\\\/www.naturalscience.org\\\/de\\\/themen\\\/natuerliche-landwirtschaft\\\/jagd\\\/\"]}]},{\"@type\":\"ImageObject\",\"inLanguage\":\"de\",\"@id\":\"https:\\\/\\\/www.naturalscience.org\\\/de\\\/themen\\\/natuerliche-landwirtschaft\\\/jagd\\\/#primaryimage\",\"url\":\"https:\\\/\\\/www.naturalscience.org\\\/wp-content\\\/uploads\\\/2015\\\/01\\\/Jagd-1-e1422467974361-270x300.jpg\",\"contentUrl\":\"https:\\\/\\\/www.naturalscience.org\\\/wp-content\\\/uploads\\\/2015\\\/01\\\/Jagd-1-e1422467974361-270x300.jpg\"},{\"@type\":\"BreadcrumbList\",\"@id\":\"https:\\\/\\\/www.naturalscience.org\\\/de\\\/themen\\\/natuerliche-landwirtschaft\\\/jagd\\\/#breadcrumb\",\"itemListElement\":[{\"@type\":\"ListItem\",\"position\":1,\"name\":\"Home\",\"item\":\"https:\\\/\\\/www.naturalscience.org\\\/de\\\/\"},{\"@type\":\"ListItem\",\"position\":2,\"name\":\"Themen\",\"item\":\"https:\\\/\\\/www.naturalscience.org\\\/de\\\/themen\\\/\"},{\"@type\":\"ListItem\",\"position\":3,\"name\":\"Nat\u00fcrliche Landwirtschaft\",\"item\":\"https:\\\/\\\/www.naturalscience.org\\\/de\\\/themen\\\/natuerliche-landwirtschaft\\\/\"},{\"@type\":\"ListItem\",\"position\":4,\"name\":\"Jagd\"}]},{\"@type\":\"WebSite\",\"@id\":\"https:\\\/\\\/www.naturalscience.org\\\/#website\",\"url\":\"https:\\\/\\\/www.naturalscience.org\\\/\",\"name\":\"The World Foundation for Natural Science\",\"description\":\"Restoring and Healing the World through Responsibility and Commitment in accord with Natural and Divine Law!\",\"potentialAction\":[{\"@type\":\"SearchAction\",\"target\":{\"@type\":\"EntryPoint\",\"urlTemplate\":\"https:\\\/\\\/www.naturalscience.org\\\/?s={search_term_string}\"},\"query-input\":{\"@type\":\"PropertyValueSpecification\",\"valueRequired\":true,\"valueName\":\"search_term_string\"}}],\"inLanguage\":\"de\"}]}<\/script>\n<!-- \/ Yoast SEO plugin. -->","yoast_head_json":{"title":"Jagd - The World Foundation for Natural Science","robots":{"index":"index","follow":"follow","max-snippet":"max-snippet:-1","max-image-preview":"max-image-preview:large","max-video-preview":"max-video-preview:-1"},"canonical":"https:\/\/www.naturalscience.org\/de\/themen\/natuerliche-landwirtschaft\/jagd\/","twitter_misc":{"Gesch\u00e4tzte Lesezeit":"1\u00a0Minute"},"schema":{"@context":"https:\/\/schema.org","@graph":[{"@type":"WebPage","@id":"https:\/\/www.naturalscience.org\/de\/themen\/natuerliche-landwirtschaft\/jagd\/","url":"https:\/\/www.naturalscience.org\/de\/themen\/natuerliche-landwirtschaft\/jagd\/","name":"Jagd - The World Foundation for Natural Science","isPartOf":{"@id":"https:\/\/www.naturalscience.org\/#website"},"primaryImageOfPage":{"@id":"https:\/\/www.naturalscience.org\/de\/themen\/natuerliche-landwirtschaft\/jagd\/#primaryimage"},"image":{"@id":"https:\/\/www.naturalscience.org\/de\/themen\/natuerliche-landwirtschaft\/jagd\/#primaryimage"},"thumbnailUrl":"https:\/\/www.naturalscience.org\/wp-content\/uploads\/2015\/01\/Jagd-1-e1422467974361-270x300.jpg","datePublished":"2015-01-11T10:55:14+00:00","dateModified":"2023-01-11T09:02:49+00:00","breadcrumb":{"@id":"https:\/\/www.naturalscience.org\/de\/themen\/natuerliche-landwirtschaft\/jagd\/#breadcrumb"},"inLanguage":"de","potentialAction":[{"@type":"ReadAction","target":["https:\/\/www.naturalscience.org\/de\/themen\/natuerliche-landwirtschaft\/jagd\/"]}]},{"@type":"ImageObject","inLanguage":"de","@id":"https:\/\/www.naturalscience.org\/de\/themen\/natuerliche-landwirtschaft\/jagd\/#primaryimage","url":"https:\/\/www.naturalscience.org\/wp-content\/uploads\/2015\/01\/Jagd-1-e1422467974361-270x300.jpg","contentUrl":"https:\/\/www.naturalscience.org\/wp-content\/uploads\/2015\/01\/Jagd-1-e1422467974361-270x300.jpg"},{"@type":"BreadcrumbList","@id":"https:\/\/www.naturalscience.org\/de\/themen\/natuerliche-landwirtschaft\/jagd\/#breadcrumb","itemListElement":[{"@type":"ListItem","position":1,"name":"Home","item":"https:\/\/www.naturalscience.org\/de\/"},{"@type":"ListItem","position":2,"name":"Themen","item":"https:\/\/www.naturalscience.org\/de\/themen\/"},{"@type":"ListItem","position":3,"name":"Nat\u00fcrliche Landwirtschaft","item":"https:\/\/www.naturalscience.org\/de\/themen\/natuerliche-landwirtschaft\/"},{"@type":"ListItem","position":4,"name":"Jagd"}]},{"@type":"WebSite","@id":"https:\/\/www.naturalscience.org\/#website","url":"https:\/\/www.naturalscience.org\/","name":"The World Foundation for Natural Science","description":"Restoring and Healing the World through Responsibility and Commitment in accord with Natural and Divine Law!","potentialAction":[{"@type":"SearchAction","target":{"@type":"EntryPoint","urlTemplate":"https:\/\/www.naturalscience.org\/?s={search_term_string}"},"query-input":{"@type":"PropertyValueSpecification","valueRequired":true,"valueName":"search_term_string"}}],"inLanguage":"de"}]}},"_links":{"self":[{"href":"https:\/\/www.naturalscience.org\/de\/wp-json\/wp\/v2\/pages\/5435","targetHints":{"allow":["GET"]}}],"collection":[{"href":"https:\/\/www.naturalscience.org\/de\/wp-json\/wp\/v2\/pages"}],"about":[{"href":"https:\/\/www.naturalscience.org\/de\/wp-json\/wp\/v2\/types\/page"}],"author":[{"embeddable":true,"href":"https:\/\/www.naturalscience.org\/de\/wp-json\/wp\/v2\/users\/9"}],"replies":[{"embeddable":true,"href":"https:\/\/www.naturalscience.org\/de\/wp-json\/wp\/v2\/comments?post=5435"}],"version-history":[{"count":5,"href":"https:\/\/www.naturalscience.org\/de\/wp-json\/wp\/v2\/pages\/5435\/revisions"}],"predecessor-version":[{"id":38669,"href":"https:\/\/www.naturalscience.org\/de\/wp-json\/wp\/v2\/pages\/5435\/revisions\/38669"}],"up":[{"embeddable":true,"href":"https:\/\/www.naturalscience.org\/de\/wp-json\/wp\/v2\/pages\/5607"}],"wp:attachment":[{"href":"https:\/\/www.naturalscience.org\/de\/wp-json\/wp\/v2\/media?parent=5435"}],"wp:term":[{"taxonomy":"category","embeddable":true,"href":"https:\/\/www.naturalscience.org\/de\/wp-json\/wp\/v2\/categories?post=5435"}],"curies":[{"name":"wp","href":"https:\/\/api.w.org\/{rel}","templated":true}]}}