{"id":5368,"date":"2015-01-11T11:39:11","date_gmt":"2015-01-11T10:39:11","guid":{"rendered":"http:\/\/test.naturalscience.org\/?page_id=5368"},"modified":"2022-12-30T10:57:22","modified_gmt":"2022-12-30T09:57:22","slug":"bachblueten","status":"publish","type":"page","link":"https:\/\/www.naturalscience.org\/de\/themen\/gesundheit\/bachblueten\/","title":{"rendered":"Bachbl\u00fcten"},"content":{"rendered":"<div class=\"content-box green-1 width-40 right\">\n<div class=\"content-box-title\">Praktische Tipps f\u00fcr die Bachbl\u00fcten-Anwendung:<\/div>\n<div class=\"content-box-body\">\n<ul>\n<li>Greifen Sie zu Rescue Remedy (Notfalltropfen) in sehr heftigen, akuten Situationen: 4 Tropfen in ein Glas Wasser geben, davon viertelst\u00fcndlich schluckweise trinken, bis sich der Zustand bessert&#8230; <span class=\"more\"><i class=\"fa fa-angle-right \" ><\/i> <a title=\"Praktische Tipps f\u00fcr die Bachbl\u00fcten-Anwendung\" href=\"https:\/\/www.naturalscience.org\/de\/themen\/gesundheit\/bachblueten\/praktische-tipps-fuer-die-bachblueten-anwendung\/\">mehr<\/a><\/span><\/li>\n<\/ul>\n<\/div>\n<\/div>\n<p><strong>Der englische Arzt Dr. Edward Bach (1886-1936) entwickelte<\/strong> <strong>ein Heilsystem, das auf den Heilkr\u00e4ften der Bl\u00fcten von 38 Wildblumen, Str\u00e4uchern und B\u00e4umen aufgebaut ist.<\/strong> Er entdeckte, dass Pilze, Viren und Bakterien nur Begleiter von k\u00f6rperlichen Beschwerden sind, die eigentlichen Ursachen jedoch oftmals in negativen Gem\u00fctszust\u00e4nden wie zum Beispiel Angst, Schuldgef\u00fchlen, Eifersucht, Selbstzweifel, Ungeduld, Unsicherheit, Verzweiflung oder \u00c4hnlichem liegen. Die energetisch wirksamen Bachbl\u00fctenessenzen k\u00f6nnen diese negativen Emotionen ausbalancieren und helfen, den jeweils entsprechenden, positiven Gem\u00fctszustand (Liebe, Zuversicht, Entschlossenheit, Mut, Hoffnung, Glaube, Selbstvertrauen, Geduld etc.) wiederherzustellen.<\/p>\n<div id=\"attachment_9222\" style=\"width: 300px\" class=\"wp-caption alignleft\"><a href=\"https:\/\/www.naturalscience.org\/wp-content\/uploads\/2015\/01\/Bachbl\u00fcten-4-e1423887314883.jpg\"><img loading=\"lazy\" decoding=\"async\" aria-describedby=\"caption-attachment-9222\" class=\"wp-image-9222 size-medium\" src=\"https:\/\/www.naturalscience.org\/wp-content\/uploads\/2015\/01\/Bachbl\u00fcten-4-300x199.jpg\" alt=\"Bachbl\u00fcten-Set\" width=\"300\" height=\"199\"><\/a><p id=\"caption-attachment-9222\" class=\"wp-caption-text\">Bachbl\u00fcten-Set<\/p><\/div>\n<p><strong>Die Bachbl\u00fctentherapie ist eine sanfte, jedoch sehr effektive Methode, um sich selbst wieder \u201eins Lot\u201c zu bringen.<\/strong>&nbsp;Nur wenn das innere Gleichgewicht (wieder) hergestellt ist, sind wir f\u00e4hig, die feine Stimme im Innern wahrzunehmen. Handeln wir auch danach, vermeiden wir, dass unser intelligenter K\u00f6rper durch Beschwerden wie beispielsweise Schmerzen, Hautausschl\u00e4ge, Nervosit\u00e4t oder Schlaflosigkeit auf sich aufmerksam machen muss.<br \/>\nBachbl\u00fcten eignen sich deshalb auch ausgezeichnet f\u00fcr die Gesundheitsvorsorge.<\/p>\n<p>Lernen Sie, die Bachbl\u00fctenmittel f\u00fcr sich selber und Ihre Familie anzuwenden. Seminare und Vortr\u00e4ge zum Thema Bachbl\u00fcten finden Sie in unserem&nbsp;<a title=\"Veranstaltungskalender\" href=\"https:\/\/www.naturalscience.org\/de\/veranstaltungskalender\/\">Veranstaltungskalender<\/a>.<\/p>\n<div id=\"attachment_8681\" style=\"width: 267px\" class=\"wp-caption alignright\"><a href=\"https:\/\/www.naturalscience.org\/wp-content\/uploads\/2015\/01\/Bachbl\u00fcten-1.jpg\"><img loading=\"lazy\" decoding=\"async\" aria-describedby=\"caption-attachment-8681\" class=\"wp-image-8681 \" src=\"https:\/\/www.naturalscience.org\/wp-content\/uploads\/2015\/01\/Bachbl\u00fcten-1-300x214.jpg\" alt=\"Honeysuckle \/ Geissblatt\" width=\"267\" height=\"190\" srcset=\"https:\/\/www.naturalscience.org\/wp-content\/uploads\/2015\/01\/Bachbl\u00fcten-1-300x214.jpg 300w, https:\/\/www.naturalscience.org\/wp-content\/uploads\/2015\/01\/Bachbl\u00fcten-1-1024x731.jpg 1024w, https:\/\/www.naturalscience.org\/wp-content\/uploads\/2015\/01\/Bachbl\u00fcten-1-200x143.jpg 200w, https:\/\/www.naturalscience.org\/wp-content\/uploads\/2015\/01\/Bachbl\u00fcten-1-164x117.jpg 164w\" sizes=\"auto, (max-width: 267px) 100vw, 267px\" \/><\/a><p id=\"caption-attachment-8681\" class=\"wp-caption-text\">Honeysuckle \/ Geissblatt: Thema Heimweh und Sehnsucht nach vergangenen, vermeintlich \u201ebesseren Zeiten\u201c<\/p><\/div>\n<p style=\"text-align: center;\"><em><strong><br \/>\n&#8222;Gesundheit h\u00e4ngt davon ab,<\/strong><\/em><br \/>\n<em> <strong> dass wir in Harmonie mit unserer Seele sind.&#8220; <\/strong><\/em><br \/>\n<em> Dr. Edward Bach<\/em><\/p>\n            <div class=\"latest-news-list hide-for-print\">\r\n                <div class=\"row\">\r\n                    <div class=\"small-24 columns \">\r\n                        <div class=\"title\">Das Thema Bachbl\u00fcten im Fokus<\/div>\r\n\t\t\t\t\t\t\t\t\t\t\t\t\t<article class=\"news-excerpt\" id=\"post-42945\">\r\n    <div class=\"row collapse\">\r\n\r\n\t\t\r\n        <div class=\"medium-7 columns\">\r\n            <a href=\"https:\/\/www.naturalscience.org\/de\/news\/2025\/11\/smart-tip-6\/\" title=\"Smart Tip # 6\">\r\n                <img decoding=\"async\" src=\"https:\/\/www.naturalscience.org\/wp-content\/uploads\/2025\/10\/AdobeStock_293769621SQUARE-164x164.jpg\" alt=\"\" width=\"200px\" height=\"200px\"\/>\r\n            <\/a>\r\n        <\/div>\r\n\r\n        <div class=\"medium-17 columns\">\r\n\t\t\t\r\n                <header>\r\n                    <div class=\"row collapse top\">\r\n                        <div class=\"small-12 columns\">\r\n                            <time datetime=\"2025-11-04T11:56:24+01:00\">\r\n\t\t\t\t\t\t\t\tDienstag, 4. November 2025                            <\/time>\r\n                        <\/div>\r\n\t\t\t\t\t\t                    <\/div>\r\n                    <h2><a href=\"https:\/\/www.naturalscience.org\/de\/news\/2025\/11\/smart-tip-6\/\">Smart Tip # 6<\/a><\/h2>\r\n\r\n                <\/header>\r\n                <div class=\"entry-content\">\r\n                    <p>\r\n\t                    Ihr geliebtes Haustier hat Angst vor einer bestimmten Situation, z. B. dem Gang zum Tierarzt oder Feuerwerk? Ein paar Tropfen Rescue Remedy nach Dr. Bach, mit den Fingern sanft in die Ohren des Tieres einmassiert, k\u00f6nnen hier Wunder wirken! Ihr Tier wird die angstausl\u00f6sende Situation deutlich entspannter \u00fcberstehen.                                            <\/p>\r\n                <\/div>\r\n            <\/div>\r\n        <\/div>\r\n<\/article>\t\t\t\t\t\t\t\t\t\t\t\t\r\n\t\t\t\t\t\t                        <a href=\"https:\/\/www.naturalscience.org\/de\/news\/category\/gesundheit\/bachblueten\/\" class=\"button radius\">\r\n                            <i class=\"fa fa-angle-right\"><\/i>&nbsp;&nbsp;Mehr                        <\/a>\r\n                    <\/div>\r\n                <\/div>\r\n            <\/div>\r\n\t\t\t\n\n","protected":false},"excerpt":{"rendered":"Ihr geliebtes Haustier hat Angst vor einer bestimmten Situation, z. B. dem Gang zum Tierarzt oder Feuerwerk? Ein paar Tropfen Rescue Remedy nach Dr. Bach, mit den Fingern sanft in die Ohren des Tieres einmassiert, k\u00f6nnen hier Wunder wirken! Ihr Tier wird die angstausl\u00f6sende Situation deutlich entspannter \u00fcberstehen.","protected":false},"author":9,"featured_media":0,"parent":108,"menu_order":40,"comment_status":"closed","ping_status":"closed","template":"","meta":{"_acf_changed":false,"ngg_post_thumbnail":0,"footnotes":""},"categories":[76],"class_list":["post-5368","page","type-page","status-publish","hentry","category-bachblueten","wpautop"],"acf":[],"yoast_head":"<!-- This site is optimized with the Yoast SEO plugin v27.6 - https:\/\/yoast.com\/product\/yoast-seo-wordpress\/ -->\n<title>Bachbl\u00fcten - The World Foundation for Natural Science<\/title>\n<meta name=\"robots\" content=\"index, follow, max-snippet:-1, max-image-preview:large, max-video-preview:-1\" \/>\n<link rel=\"canonical\" href=\"https:\/\/www.naturalscience.org\/de\/themen\/gesundheit\/bachblueten\/\" \/>\n<meta name=\"twitter:label1\" content=\"Gesch\u00e4tzte Lesezeit\" \/>\n\t<meta name=\"twitter:data1\" content=\"2\u00a0Minuten\" \/>\n<script type=\"application\/ld+json\" class=\"yoast-schema-graph\">{\"@context\":\"https:\\\/\\\/schema.org\",\"@graph\":[{\"@type\":\"WebPage\",\"@id\":\"https:\\\/\\\/www.naturalscience.org\\\/de\\\/themen\\\/gesundheit\\\/bachblueten\\\/\",\"url\":\"https:\\\/\\\/www.naturalscience.org\\\/de\\\/themen\\\/gesundheit\\\/bachblueten\\\/\",\"name\":\"Bachbl\u00fcten - The World Foundation for Natural Science\",\"isPartOf\":{\"@id\":\"https:\\\/\\\/www.naturalscience.org\\\/#website\"},\"datePublished\":\"2015-01-11T10:39:11+00:00\",\"dateModified\":\"2022-12-30T09:57:22+00:00\",\"breadcrumb\":{\"@id\":\"https:\\\/\\\/www.naturalscience.org\\\/de\\\/themen\\\/gesundheit\\\/bachblueten\\\/#breadcrumb\"},\"inLanguage\":\"de\",\"potentialAction\":[{\"@type\":\"ReadAction\",\"target\":[\"https:\\\/\\\/www.naturalscience.org\\\/de\\\/themen\\\/gesundheit\\\/bachblueten\\\/\"]}]},{\"@type\":\"BreadcrumbList\",\"@id\":\"https:\\\/\\\/www.naturalscience.org\\\/de\\\/themen\\\/gesundheit\\\/bachblueten\\\/#breadcrumb\",\"itemListElement\":[{\"@type\":\"ListItem\",\"position\":1,\"name\":\"Home\",\"item\":\"https:\\\/\\\/www.naturalscience.org\\\/de\\\/\"},{\"@type\":\"ListItem\",\"position\":2,\"name\":\"Themen\",\"item\":\"https:\\\/\\\/www.naturalscience.org\\\/de\\\/themen\\\/\"},{\"@type\":\"ListItem\",\"position\":3,\"name\":\"Gesundheit\",\"item\":\"https:\\\/\\\/www.naturalscience.org\\\/de\\\/themen\\\/gesundheit\\\/\"},{\"@type\":\"ListItem\",\"position\":4,\"name\":\"Bachbl\u00fcten\"}]},{\"@type\":\"WebSite\",\"@id\":\"https:\\\/\\\/www.naturalscience.org\\\/#website\",\"url\":\"https:\\\/\\\/www.naturalscience.org\\\/\",\"name\":\"The World Foundation for Natural Science\",\"description\":\"Restoring and Healing the World through Responsibility and Commitment in accord with Natural and Divine Law!\",\"potentialAction\":[{\"@type\":\"SearchAction\",\"target\":{\"@type\":\"EntryPoint\",\"urlTemplate\":\"https:\\\/\\\/www.naturalscience.org\\\/?s={search_term_string}\"},\"query-input\":{\"@type\":\"PropertyValueSpecification\",\"valueRequired\":true,\"valueName\":\"search_term_string\"}}],\"inLanguage\":\"de\"}]}<\/script>\n<!-- \/ Yoast SEO plugin. -->","yoast_head_json":{"title":"Bachbl\u00fcten - The World Foundation for Natural Science","robots":{"index":"index","follow":"follow","max-snippet":"max-snippet:-1","max-image-preview":"max-image-preview:large","max-video-preview":"max-video-preview:-1"},"canonical":"https:\/\/www.naturalscience.org\/de\/themen\/gesundheit\/bachblueten\/","twitter_misc":{"Gesch\u00e4tzte Lesezeit":"2\u00a0Minuten"},"schema":{"@context":"https:\/\/schema.org","@graph":[{"@type":"WebPage","@id":"https:\/\/www.naturalscience.org\/de\/themen\/gesundheit\/bachblueten\/","url":"https:\/\/www.naturalscience.org\/de\/themen\/gesundheit\/bachblueten\/","name":"Bachbl\u00fcten - The World Foundation for Natural Science","isPartOf":{"@id":"https:\/\/www.naturalscience.org\/#website"},"datePublished":"2015-01-11T10:39:11+00:00","dateModified":"2022-12-30T09:57:22+00:00","breadcrumb":{"@id":"https:\/\/www.naturalscience.org\/de\/themen\/gesundheit\/bachblueten\/#breadcrumb"},"inLanguage":"de","potentialAction":[{"@type":"ReadAction","target":["https:\/\/www.naturalscience.org\/de\/themen\/gesundheit\/bachblueten\/"]}]},{"@type":"BreadcrumbList","@id":"https:\/\/www.naturalscience.org\/de\/themen\/gesundheit\/bachblueten\/#breadcrumb","itemListElement":[{"@type":"ListItem","position":1,"name":"Home","item":"https:\/\/www.naturalscience.org\/de\/"},{"@type":"ListItem","position":2,"name":"Themen","item":"https:\/\/www.naturalscience.org\/de\/themen\/"},{"@type":"ListItem","position":3,"name":"Gesundheit","item":"https:\/\/www.naturalscience.org\/de\/themen\/gesundheit\/"},{"@type":"ListItem","position":4,"name":"Bachbl\u00fcten"}]},{"@type":"WebSite","@id":"https:\/\/www.naturalscience.org\/#website","url":"https:\/\/www.naturalscience.org\/","name":"The World Foundation for Natural Science","description":"Restoring and Healing the World through Responsibility and Commitment in accord with Natural and Divine Law!","potentialAction":[{"@type":"SearchAction","target":{"@type":"EntryPoint","urlTemplate":"https:\/\/www.naturalscience.org\/?s={search_term_string}"},"query-input":{"@type":"PropertyValueSpecification","valueRequired":true,"valueName":"search_term_string"}}],"inLanguage":"de"}]}},"_links":{"self":[{"href":"https:\/\/www.naturalscience.org\/de\/wp-json\/wp\/v2\/pages\/5368","targetHints":{"allow":["GET"]}}],"collection":[{"href":"https:\/\/www.naturalscience.org\/de\/wp-json\/wp\/v2\/pages"}],"about":[{"href":"https:\/\/www.naturalscience.org\/de\/wp-json\/wp\/v2\/types\/page"}],"author":[{"embeddable":true,"href":"https:\/\/www.naturalscience.org\/de\/wp-json\/wp\/v2\/users\/9"}],"replies":[{"embeddable":true,"href":"https:\/\/www.naturalscience.org\/de\/wp-json\/wp\/v2\/comments?post=5368"}],"version-history":[{"count":3,"href":"https:\/\/www.naturalscience.org\/de\/wp-json\/wp\/v2\/pages\/5368\/revisions"}],"predecessor-version":[{"id":38396,"href":"https:\/\/www.naturalscience.org\/de\/wp-json\/wp\/v2\/pages\/5368\/revisions\/38396"}],"up":[{"embeddable":true,"href":"https:\/\/www.naturalscience.org\/de\/wp-json\/wp\/v2\/pages\/108"}],"wp:attachment":[{"href":"https:\/\/www.naturalscience.org\/de\/wp-json\/wp\/v2\/media?parent=5368"}],"wp:term":[{"taxonomy":"category","embeddable":true,"href":"https:\/\/www.naturalscience.org\/de\/wp-json\/wp\/v2\/categories?post=5368"}],"curies":[{"name":"wp","href":"https:\/\/api.w.org\/{rel}","templated":true}]}}