{"id":434,"date":"2014-10-23T23:01:04","date_gmt":"2014-10-23T21:01:04","guid":{"rendered":"http:\/\/test.naturalscience.org\/themen\/mikrowellen\/kinder-und-jugendliche\/"},"modified":"2018-02-09T14:50:57","modified_gmt":"2018-02-09T13:50:57","slug":"jugend-handys","status":"publish","type":"page","link":"https:\/\/www.naturalscience.org\/de\/themen\/mikrowellen\/jugend-handys\/","title":{"rendered":"Jugend &#038; Handys"},"content":{"rendered":"<p><img loading=\"lazy\" decoding=\"async\" class=\"  wp-image-9761 alignleft\" src=\"https:\/\/www.naturalscience.org\/wp-content\/uploads\/2014\/10\/Jugend-Handys-1-300x200.jpg\" alt=\"Jugend &amp; Handys\" width=\"266\" height=\"177\" srcset=\"https:\/\/www.naturalscience.org\/wp-content\/uploads\/2014\/10\/Jugend-Handys-1-300x200.jpg 300w, https:\/\/www.naturalscience.org\/wp-content\/uploads\/2014\/10\/Jugend-Handys-1-1024x682.jpg 1024w, https:\/\/www.naturalscience.org\/wp-content\/uploads\/2014\/10\/Jugend-Handys-1-200x133.jpg 200w, https:\/\/www.naturalscience.org\/wp-content\/uploads\/2014\/10\/Jugend-Handys-1-164x109.jpg 164w\" sizes=\"auto, (max-width: 266px) 100vw, 266px\" \/>Mobiltelefone sind zwar praktisch aber aufgrund ihrer elektromagnetischen Strahlung alles andere als harmlos f\u00fcr die Gesundheit. <a href=\"https:\/\/www.naturalscience.org\/de\/publikationen\/rcnirp-resolution-gesundheitliche-auswirkung-von-handys-auf-die-gesundheit-von-kindern-und-jugendlichen\/\"><strong>Kinder und Jugendliche<\/strong><\/a><strong> reagieren besonders sensibel auf <\/strong><a href=\"https:\/\/www.naturalscience.org\/de\/publikationen\/die-gefahren-der-mikrowellentechnologie\/\"><strong>Mikrowellenstrahlung<\/strong><\/a><strong>.<\/strong> Sie haben einen d\u00fcnneren Sch\u00e4delknochen, ein empfindlicheres Nervensystem, ein weniger robustes Immunsystem und, da sie sich noch im Wachstum befinden, eine erh\u00f6hte Zellteilungsrate, weshalb sich durch Strahlung verursachte Zellsch\u00e4den schneller im K\u00f6rper ausbreiten.<\/p>\n<div id=\"attachment_9763\" style=\"width: 186px\" class=\"wp-caption alignright\"><img loading=\"lazy\" decoding=\"async\" aria-describedby=\"caption-attachment-9763\" class=\" wp-image-9763\" src=\"https:\/\/www.naturalscience.org\/wp-content\/uploads\/2014\/10\/Jugend-Handys-2-256x300.jpg\" alt=\"Jugend &amp; Handys\" width=\"186\" height=\"218\" srcset=\"https:\/\/www.naturalscience.org\/wp-content\/uploads\/2014\/10\/Jugend-Handys-2-256x300.jpg 256w, https:\/\/www.naturalscience.org\/wp-content\/uploads\/2014\/10\/Jugend-Handys-2-875x1024.jpg 875w, https:\/\/www.naturalscience.org\/wp-content\/uploads\/2014\/10\/Jugend-Handys-2-171x200.jpg 171w, https:\/\/www.naturalscience.org\/wp-content\/uploads\/2014\/10\/Jugend-Handys-2-140x164.jpg 140w\" sizes=\"auto, (max-width: 186px) 100vw, 186px\" \/><p id=\"caption-attachment-9763\" class=\"wp-caption-text\">Unter 16 Jahren sollte kein Handy benutzt werden.<\/p><\/div>\n<p><strong>Bereits 2005 wies die Wiener \u00c4rztekammer darauf hin, dass Kinder unter 16 Jahren kein Handy benutzen sollten<\/strong> und schloss sich damit den Empfehlungen der Britischen Strahlenschutzbeh\u00f6rde und der D\u00e4nischen Krebsgesellschaft an. Sollte sich Ihr Kind trotzdem nicht davon \u00fcberzeugen lassen, auf das Handy zu verzichten, finden Sie in unserer <a href=\"https:\/\/www.naturalscience.org\/de\/publikationen\/informationsbroschuere-fuer-kinder-und-jugendliche-mobilfunk-handys-sind-out\/\">Brosch\u00fcre \u201eHandys sind out!\u201c<\/a> weitere Informationen f\u00fcr den Umgang mit dem Handy.<\/p>\n<p>&nbsp;<\/p>\n<p>&nbsp;<\/p>\n\n            <div class=\"publication-list hide-for-print\">\r\n                <div class=\"row\">\r\n                    <div class=\"small-24 columns \">\r\n                        <div class=\"title\">Publikationen<\/div>\r\n\r\n\t\t\t\t\t\t\t\t\t\t\t\t\t\r\n\r\n<article class=\"row collapse all publication-item auswirkungen-und-schaedigung 5g mikrowellen-mobilfunk wlan-an-schulen mikrowellenofen induktionsherd mikrowellen-wasser jugend-handys mobilfunkgeraete  film wfns\">\r\n\r\n\t<div class=\"cover medium-7 columns\">\r\n\t\t<a href=\"https:\/\/www.naturalscience.org\/de\/publikationen\/alles-leben-funktioniert-elektrisch\/\">\r\n\t\t\t<img loading=\"lazy\" decoding=\"async\" src=\"https:\/\/www.naturalscience.org\/wp-content\/uploads\/2021\/04\/THUMBAll-life-works-electricallyNO-TEXT-300x169.jpg\" width=\"300\" height=\"169\">\t\t<\/a>\r\n\t<\/div>\r\n\r\n\t<div class=\"text medium-17 columns\">\r\n\r\n\t\t<div class=\"type\">\r\n\t\t\tFilm\t\t<\/div>\r\n\r\n\t\t<div class=\"name\">\r\n\t\t\t<a href=\"https:\/\/www.naturalscience.org\/de\/publikationen\/alles-leben-funktioniert-elektrisch\/\">Alles Leben funktioniert elektrisch!<\/a>\r\n\t\t<\/div>\r\n\r\n\t\t<p class=\"description\">\r\n\t\t\tIn dieser zweiten Pr\u00e4sentation aus unserer Reihe \u201eWie k\u00fcnstliche elektromagnetische Strahlung dem Leben schadet\u201c liegt der Schwerpunkt darauf, dass alles Leben elektrisch ist.\t\t<\/p>\r\n\r\n\t\t<div class=\"buttons\">\r\n\t\t\t<div class=\"row collapse\">\r\n\t\t\t\t\t\t\t\t\t<div class=\"small-24 medium-9 columns\">\r\n\t\t\t\t\t\t<a href=\"https:\/\/www.naturalscience.org\/de\/publikationen\/alles-leben-funktioniert-elektrisch\/\" class=\"button radius primary small\">\r\n\t\t\t\t\t\t\t<i class=\"fa fa-play\"><\/i>&nbsp;&nbsp;Video ansehen\t\t\t\t\t\t<\/a>\r\n\t\t\t\t\t<\/div>\r\n\t\t\t\t\r\n\r\n\t\t\t<\/div>\r\n\t\t<\/div>\r\n\r\n\t<\/div>\r\n<\/article>\t\t\t\t\t\t\t\t\t\t\t\t\t\r\n\r\n<article class=\"row collapse all publication-item 5g mikrowellen-mobilfunk mikrowellenofen induktionsherd jugend-handys mobilfunkgeraete  brochure wfns\">\r\n\r\n\t<div class=\"cover medium-7 columns\">\r\n\t\t<a href=\"https:\/\/www.naturalscience.org\/de\/publikationen\/achtung-strahlung-wie-sie-sich-und-ihre-familie-schuetzen\/\">\r\n\t\t\t<img loading=\"lazy\" decoding=\"async\" src=\"https:\/\/www.naturalscience.org\/wp-content\/uploads\/2020\/11\/2020-10-11WFNSBRCHMICROWAVESGEWEB_cover-130x300.jpg\" width=\"130\" height=\"300\">\t\t<\/a>\r\n\t<\/div>\r\n\r\n\t<div class=\"text medium-17 columns\">\r\n\r\n\t\t<div class=\"type\">\r\n\t\t\tBrosch\u00fcre\t\t<\/div>\r\n\r\n\t\t<div class=\"name\">\r\n\t\t\t<a href=\"https:\/\/www.naturalscience.org\/de\/publikationen\/achtung-strahlung-wie-sie-sich-und-ihre-familie-schuetzen\/\">Achtung Strahlung &#8211; Wie Sie sich und Ihre Familie sch\u00fctzen<\/a>\r\n\t\t<\/div>\r\n\r\n\t\t<p class=\"description\">\r\n\t\t\t<p>Eltern sind verantwortlich f\u00fcr die gesunde Entwicklung ihrer Kinder. Dies beinhaltet nebst der Schaffung eines liebevollen Umfeldes die Auseinandersetzung mit Fragen zum Impfen, zu gesunder Ern\u00e4hrung, f\u00f6rderlichem Spielzeug, sinnvoller Freizeitgestaltung und zum sozialen Umfeld. In den letzten Jahren zunehmend st\u00e4rker m\u00fcssen sich Eltern aber auch mit Fragen zur Technik befassen&#8230;<\/p>\n\t\t<\/p>\r\n\r\n\t\t<div class=\"buttons\">\r\n\t\t\t<div class=\"row collapse\">\r\n\t\t\t\t\t\t\t\t\t\t<div class=\"small-24 medium-8 columns\">\r\n\t\t\t\t\t\t\t<a href=\"https:\/\/www.naturalscience.org\/wp-content\/uploads\/2020\/11\/2020-10-11WFNSBRCHMICROWAVESGEWEB.pdf\" class=\"button radius primary small\" target=\"_blank\">\r\n\t\t\t\t\t\t\t\t<i class=\"fa fa-download\"><\/i>&nbsp;&nbsp;Herunterladen\t\t\t\t\t\t\t<\/a>\r\n\t\t\t\t\t\t<\/div>\r\n\t\t\t\t\t\r\n\t\t\t\t\t\t\t\t\t\t<div class=\"small-24 medium-16 columns\">\r\n\t\t\t\t\t\t<i class=\"fa fa-angle-right\"><\/i>\r\n\t\t\t\t\t\t<a href=\"https:\/\/www.naturalscience.org\/de\/publikationen\/achtung-strahlung-wie-sie-sich-und-ihre-familie-schuetzen\/\" class=\"further-information\">\r\n\t\t\t\t\t\t\tWeitere Informationen & Sprachen\t\t\t\t\t\t<\/a>\r\n\t\t\t\t\t<\/div>\r\n\t\t\t\t\r\n\t\t\t\t\r\n\r\n\t\t\t<\/div>\r\n\t\t<\/div>\r\n\r\n\t<\/div>\r\n<\/article>\t\t\t\t\t\t\t\t\t\t\t\t\t\r\n\r\n<article class=\"row collapse all publication-item 5g mikrowellen-mobilfunk jugend-handys mobilfunkgeraete  film wfns\">\r\n\r\n\t<div class=\"cover medium-7 columns\">\r\n\t\t<a href=\"https:\/\/www.naturalscience.org\/de\/publikationen\/handystrahlung-schaedlich-aber-warum\/\">\r\n\t\t\t<img loading=\"lazy\" decoding=\"async\" src=\"https:\/\/www.naturalscience.org\/wp-content\/uploads\/2016\/06\/Handystrahlung-300x169.jpg\" width=\"300\" height=\"169\">\t\t<\/a>\r\n\t<\/div>\r\n\r\n\t<div class=\"text medium-17 columns\">\r\n\r\n\t\t<div class=\"type\">\r\n\t\t\tFilm\t\t<\/div>\r\n\r\n\t\t<div class=\"name\">\r\n\t\t\t<a href=\"https:\/\/www.naturalscience.org\/de\/publikationen\/handystrahlung-schaedlich-aber-warum\/\">Handystrahlung: Sch\u00e4dlich aber warum?<\/a>\r\n\t\t<\/div>\r\n\r\n\t\t<p class=\"description\">\r\n\t\t\tHandystrahlung - der moderne, schweigende Eindringling. Alles Leben basiert auf Elektromagnetismus. Die menschengemachten Mikrowellenstrahlung (verurscht durch die weltweit verbreiteten Mobiltelefone, oder Handys, welche buchst\u00e4blich unseren Kindern in die Wiege gelegt werden, WLAN, Schnurlostelefon, Mikrowellenofen etc.) bewegt sich in den selben Frequenzbereichen, in welchen die Natur kommuniziert - und sogar auch unsere K\u00f6rperzellen! Die k\u00fcnstlich erzeugten Strahlungen zerst\u00f6ren alle lebensf\u00f6rdernde Prozesse und bedrohen ALLES nat\u00fcrliche Leben. L\u00f6sungen, wie Sie sich, Tiere und Natur sch\u00fctzen k\u00f6nnen.\t\t<\/p>\r\n\r\n\t\t<div class=\"buttons\">\r\n\t\t\t<div class=\"row collapse\">\r\n\t\t\t\t\t\t\t\t\t<div class=\"small-24 medium-9 columns\">\r\n\t\t\t\t\t\t<a href=\"https:\/\/www.naturalscience.org\/de\/publikationen\/handystrahlung-schaedlich-aber-warum\/\" class=\"button radius primary small\">\r\n\t\t\t\t\t\t\t<i class=\"fa fa-play\"><\/i>&nbsp;&nbsp;Video ansehen\t\t\t\t\t\t<\/a>\r\n\t\t\t\t\t<\/div>\r\n\t\t\t\t\r\n\r\n\t\t\t<\/div>\r\n\t\t<\/div>\r\n\r\n\t<\/div>\r\n<\/article>\t\t\t\t\t\t\t\t\t\t\t\t\t\r\n\r\n<article class=\"row collapse all publication-item mikrowellen-mobilfunk jugend-handys  article external\">\r\n\r\n\t<div class=\"cover medium-7 columns\">\r\n\t\t<a href=\"https:\/\/www.naturalscience.org\/de\/publikationen\/rcnirp-resolution-gesundheitliche-auswirkung-von-handys-auf-die-gesundheit-von-kindern-und-jugendlichen\/\">\r\n\t\t\t<img loading=\"lazy\" decoding=\"async\" src=\"https:\/\/www.naturalscience.org\/wp-content\/uploads\/2014\/11\/diagnose-funk_brennpunkt_rcnirp-resolution-211x300.jpg\" width=\"211\" height=\"300\">\t\t<\/a>\r\n\t<\/div>\r\n\r\n\t<div class=\"text medium-17 columns\">\r\n\r\n\t\t<div class=\"type\">\r\n\t\t\tArtikel\t\t<\/div>\r\n\r\n\t\t<div class=\"name\">\r\n\t\t\t<a href=\"https:\/\/www.naturalscience.org\/de\/publikationen\/rcnirp-resolution-gesundheitliche-auswirkung-von-handys-auf-die-gesundheit-von-kindern-und-jugendlichen\/\">RCNIRP-Resolution: Gesundheitliche Auswirkung von Handys auf die Gesundheit von Kindern und Jugendlichen<\/a>\r\n\t\t<\/div>\r\n\r\n\t\t<p class=\"description\">\r\n\t\t\t<p>Aufsehen erregte der Appell der RCNIRP im Jahre 2008, in dem die hochrangige Kommission russischer Wissenschaftler vor schweren Gesundheitssch\u00e4digungen der jungen Generation durch den Handygebrauch und die Mobilfunkstrahlung prognostizierte.<\/p>\n\t\t<\/p>\r\n\r\n\t\t<div class=\"buttons\">\r\n\t\t\t<div class=\"row collapse\">\r\n\t\t\t\t\t\t\t\t\t\t<div class=\"small-24 medium-8 columns\">\r\n\t\t\t\t\t\t\t<a href=\"https:\/\/www.naturalscience.org\/wp-content\/uploads\/2014\/11\/diagnose-funk_brennpunkt_rcnirp-resolution.pdf\" class=\"button radius primary small\" target=\"_blank\">\r\n\t\t\t\t\t\t\t\t<i class=\"fa fa-download\"><\/i>&nbsp;&nbsp;Herunterladen\t\t\t\t\t\t\t<\/a>\r\n\t\t\t\t\t\t<\/div>\r\n\t\t\t\t\t\r\n\t\t\t\t\t\t\t\t\t\t<div class=\"small-24 medium-16 columns\">\r\n\t\t\t\t\t\t<i class=\"fa fa-angle-right\"><\/i>\r\n\t\t\t\t\t\t<a href=\"https:\/\/www.naturalscience.org\/de\/publikationen\/rcnirp-resolution-gesundheitliche-auswirkung-von-handys-auf-die-gesundheit-von-kindern-und-jugendlichen\/\" class=\"further-information\">\r\n\t\t\t\t\t\t\tWeitere Informationen & Sprachen\t\t\t\t\t\t<\/a>\r\n\t\t\t\t\t<\/div>\r\n\t\t\t\t\r\n\t\t\t\t\r\n\r\n\t\t\t<\/div>\r\n\t\t<\/div>\r\n\r\n\t<\/div>\r\n<\/article>\t\t\t\t\t\t\t\t\t\t\t\t\t\r\n\r\n<article class=\"row collapse all publication-item mikrowellen-mobilfunk jugend-handys  brochure wfns\">\r\n\r\n\t<div class=\"cover medium-7 columns\">\r\n\t\t<a href=\"https:\/\/www.naturalscience.org\/de\/publikationen\/informationsbroschuere-fuer-kinder-und-jugendliche-mobilfunk-handys-sind-out\/\">\r\n\t\t\t<img loading=\"lazy\" decoding=\"async\" src=\"https:\/\/www.naturalscience.org\/wp-content\/uploads\/2014\/11\/wfns_brochure_microwaves-youth_05-08_german-130x300.jpg\" width=\"130\" height=\"300\">\t\t<\/a>\r\n\t<\/div>\r\n\r\n\t<div class=\"text medium-17 columns\">\r\n\r\n\t\t<div class=\"type\">\r\n\t\t\tBrosch\u00fcre\t\t<\/div>\r\n\r\n\t\t<div class=\"name\">\r\n\t\t\t<a href=\"https:\/\/www.naturalscience.org\/de\/publikationen\/informationsbroschuere-fuer-kinder-und-jugendliche-mobilfunk-handys-sind-out\/\">Informationsbrosch\u00fcre f\u00fcr Kinder und Jugendliche: Mobilfunk \u2013 Handys sind out!<\/a>\r\n\t\t<\/div>\r\n\r\n\t\t<p class=\"description\">\r\n\t\t\t<p>Faltblatt f\u00fcr Kinder und Jugendliche, um sie \u00fcber die Gefahren des Mobilfunks aufzukl\u00e4ren.<\/p>\n\t\t<\/p>\r\n\r\n\t\t<div class=\"buttons\">\r\n\t\t\t<div class=\"row collapse\">\r\n\t\t\t\t\t\t\t\t\t\t<div class=\"small-24 medium-8 columns\">\r\n\t\t\t\t\t\t\t<a href=\"https:\/\/www.naturalscience.org\/wp-content\/uploads\/2014\/11\/wfns_brochure_microwaves-youth_05-08_german.pdf\" class=\"button radius primary small\" target=\"_blank\">\r\n\t\t\t\t\t\t\t\t<i class=\"fa fa-download\"><\/i>&nbsp;&nbsp;Herunterladen\t\t\t\t\t\t\t<\/a>\r\n\t\t\t\t\t\t<\/div>\r\n\t\t\t\t\t\r\n\t\t\t\t\t\t\t\t\t\t<div class=\"small-24 medium-16 columns\">\r\n\t\t\t\t\t\t<i class=\"fa fa-angle-right\"><\/i>\r\n\t\t\t\t\t\t<a href=\"https:\/\/www.naturalscience.org\/de\/publikationen\/informationsbroschuere-fuer-kinder-und-jugendliche-mobilfunk-handys-sind-out\/\" class=\"further-information\">\r\n\t\t\t\t\t\t\tWeitere Informationen & Sprachen\t\t\t\t\t\t<\/a>\r\n\t\t\t\t\t<\/div>\r\n\t\t\t\t\r\n\t\t\t\t\r\n\r\n\t\t\t<\/div>\r\n\t\t<\/div>\r\n\r\n\t<\/div>\r\n<\/article>\t\t\t\t\t\t\t\t\t\t\t\t\r\n                    <\/div>\r\n                <\/div>\r\n            <\/div>\r\n\r\n\t\t\t\n","protected":false},"excerpt":{"rendered":"Faltblatt f\u00fcr Kinder und Jugendliche, um sie \u00fcber die Gefahren des Mobilfunks aufzukl\u00e4ren.","protected":false},"author":9,"featured_media":0,"parent":103,"menu_order":34,"comment_status":"closed","ping_status":"closed","template":"","meta":{"_acf_changed":false,"ngg_post_thumbnail":0,"footnotes":""},"categories":[80],"class_list":["post-434","page","type-page","status-publish","hentry","category-jugend-handys","wpautop"],"acf":[],"yoast_head":"<!-- This site is optimized with the Yoast SEO plugin v27.5 - https:\/\/yoast.com\/product\/yoast-seo-wordpress\/ -->\n<title>Jugend &amp; Handys - The World Foundation for Natural Science<\/title>\n<meta name=\"robots\" content=\"index, follow, max-snippet:-1, max-image-preview:large, max-video-preview:-1\" \/>\n<link rel=\"canonical\" href=\"https:\/\/www.naturalscience.org\/de\/themen\/mikrowellen\/jugend-handys\/\" \/>\n<meta name=\"twitter:label1\" content=\"Gesch\u00e4tzte Lesezeit\" \/>\n\t<meta name=\"twitter:data1\" content=\"1\u00a0Minute\" \/>\n<script type=\"application\/ld+json\" class=\"yoast-schema-graph\">{\"@context\":\"https:\\\/\\\/schema.org\",\"@graph\":[{\"@type\":\"WebPage\",\"@id\":\"https:\\\/\\\/www.naturalscience.org\\\/de\\\/themen\\\/mikrowellen\\\/jugend-handys\\\/\",\"url\":\"https:\\\/\\\/www.naturalscience.org\\\/de\\\/themen\\\/mikrowellen\\\/jugend-handys\\\/\",\"name\":\"Jugend & Handys - The World Foundation for Natural Science\",\"isPartOf\":{\"@id\":\"https:\\\/\\\/www.naturalscience.org\\\/#website\"},\"primaryImageOfPage\":{\"@id\":\"https:\\\/\\\/www.naturalscience.org\\\/de\\\/themen\\\/mikrowellen\\\/jugend-handys\\\/#primaryimage\"},\"image\":{\"@id\":\"https:\\\/\\\/www.naturalscience.org\\\/de\\\/themen\\\/mikrowellen\\\/jugend-handys\\\/#primaryimage\"},\"thumbnailUrl\":\"https:\\\/\\\/www.naturalscience.org\\\/wp-content\\\/uploads\\\/2014\\\/10\\\/Jugend-Handys-1-300x200.jpg\",\"datePublished\":\"2014-10-23T21:01:04+00:00\",\"dateModified\":\"2018-02-09T13:50:57+00:00\",\"breadcrumb\":{\"@id\":\"https:\\\/\\\/www.naturalscience.org\\\/de\\\/themen\\\/mikrowellen\\\/jugend-handys\\\/#breadcrumb\"},\"inLanguage\":\"de\",\"potentialAction\":[{\"@type\":\"ReadAction\",\"target\":[\"https:\\\/\\\/www.naturalscience.org\\\/de\\\/themen\\\/mikrowellen\\\/jugend-handys\\\/\"]}]},{\"@type\":\"ImageObject\",\"inLanguage\":\"de\",\"@id\":\"https:\\\/\\\/www.naturalscience.org\\\/de\\\/themen\\\/mikrowellen\\\/jugend-handys\\\/#primaryimage\",\"url\":\"https:\\\/\\\/www.naturalscience.org\\\/wp-content\\\/uploads\\\/2014\\\/10\\\/Jugend-Handys-1-300x200.jpg\",\"contentUrl\":\"https:\\\/\\\/www.naturalscience.org\\\/wp-content\\\/uploads\\\/2014\\\/10\\\/Jugend-Handys-1-300x200.jpg\"},{\"@type\":\"BreadcrumbList\",\"@id\":\"https:\\\/\\\/www.naturalscience.org\\\/de\\\/themen\\\/mikrowellen\\\/jugend-handys\\\/#breadcrumb\",\"itemListElement\":[{\"@type\":\"ListItem\",\"position\":1,\"name\":\"Home\",\"item\":\"https:\\\/\\\/www.naturalscience.org\\\/de\\\/\"},{\"@type\":\"ListItem\",\"position\":2,\"name\":\"Themen\",\"item\":\"https:\\\/\\\/www.naturalscience.org\\\/de\\\/themen\\\/\"},{\"@type\":\"ListItem\",\"position\":3,\"name\":\"Mikrowellen &#038; Mobilfunk\",\"item\":\"https:\\\/\\\/www.naturalscience.org\\\/de\\\/themen\\\/mikrowellen\\\/\"},{\"@type\":\"ListItem\",\"position\":4,\"name\":\"Jugend &#038; Handys\"}]},{\"@type\":\"WebSite\",\"@id\":\"https:\\\/\\\/www.naturalscience.org\\\/#website\",\"url\":\"https:\\\/\\\/www.naturalscience.org\\\/\",\"name\":\"The World Foundation for Natural Science\",\"description\":\"Restoring and Healing the World through Responsibility and Commitment in accord with Natural and Divine Law!\",\"potentialAction\":[{\"@type\":\"SearchAction\",\"target\":{\"@type\":\"EntryPoint\",\"urlTemplate\":\"https:\\\/\\\/www.naturalscience.org\\\/?s={search_term_string}\"},\"query-input\":{\"@type\":\"PropertyValueSpecification\",\"valueRequired\":true,\"valueName\":\"search_term_string\"}}],\"inLanguage\":\"de\"}]}<\/script>\n<!-- \/ Yoast SEO plugin. -->","yoast_head_json":{"title":"Jugend & Handys - The World Foundation for Natural Science","robots":{"index":"index","follow":"follow","max-snippet":"max-snippet:-1","max-image-preview":"max-image-preview:large","max-video-preview":"max-video-preview:-1"},"canonical":"https:\/\/www.naturalscience.org\/de\/themen\/mikrowellen\/jugend-handys\/","twitter_misc":{"Gesch\u00e4tzte Lesezeit":"1\u00a0Minute"},"schema":{"@context":"https:\/\/schema.org","@graph":[{"@type":"WebPage","@id":"https:\/\/www.naturalscience.org\/de\/themen\/mikrowellen\/jugend-handys\/","url":"https:\/\/www.naturalscience.org\/de\/themen\/mikrowellen\/jugend-handys\/","name":"Jugend & Handys - The World Foundation for Natural Science","isPartOf":{"@id":"https:\/\/www.naturalscience.org\/#website"},"primaryImageOfPage":{"@id":"https:\/\/www.naturalscience.org\/de\/themen\/mikrowellen\/jugend-handys\/#primaryimage"},"image":{"@id":"https:\/\/www.naturalscience.org\/de\/themen\/mikrowellen\/jugend-handys\/#primaryimage"},"thumbnailUrl":"https:\/\/www.naturalscience.org\/wp-content\/uploads\/2014\/10\/Jugend-Handys-1-300x200.jpg","datePublished":"2014-10-23T21:01:04+00:00","dateModified":"2018-02-09T13:50:57+00:00","breadcrumb":{"@id":"https:\/\/www.naturalscience.org\/de\/themen\/mikrowellen\/jugend-handys\/#breadcrumb"},"inLanguage":"de","potentialAction":[{"@type":"ReadAction","target":["https:\/\/www.naturalscience.org\/de\/themen\/mikrowellen\/jugend-handys\/"]}]},{"@type":"ImageObject","inLanguage":"de","@id":"https:\/\/www.naturalscience.org\/de\/themen\/mikrowellen\/jugend-handys\/#primaryimage","url":"https:\/\/www.naturalscience.org\/wp-content\/uploads\/2014\/10\/Jugend-Handys-1-300x200.jpg","contentUrl":"https:\/\/www.naturalscience.org\/wp-content\/uploads\/2014\/10\/Jugend-Handys-1-300x200.jpg"},{"@type":"BreadcrumbList","@id":"https:\/\/www.naturalscience.org\/de\/themen\/mikrowellen\/jugend-handys\/#breadcrumb","itemListElement":[{"@type":"ListItem","position":1,"name":"Home","item":"https:\/\/www.naturalscience.org\/de\/"},{"@type":"ListItem","position":2,"name":"Themen","item":"https:\/\/www.naturalscience.org\/de\/themen\/"},{"@type":"ListItem","position":3,"name":"Mikrowellen &#038; Mobilfunk","item":"https:\/\/www.naturalscience.org\/de\/themen\/mikrowellen\/"},{"@type":"ListItem","position":4,"name":"Jugend &#038; Handys"}]},{"@type":"WebSite","@id":"https:\/\/www.naturalscience.org\/#website","url":"https:\/\/www.naturalscience.org\/","name":"The World Foundation for Natural Science","description":"Restoring and Healing the World through Responsibility and Commitment in accord with Natural and Divine Law!","potentialAction":[{"@type":"SearchAction","target":{"@type":"EntryPoint","urlTemplate":"https:\/\/www.naturalscience.org\/?s={search_term_string}"},"query-input":{"@type":"PropertyValueSpecification","valueRequired":true,"valueName":"search_term_string"}}],"inLanguage":"de"}]}},"_links":{"self":[{"href":"https:\/\/www.naturalscience.org\/de\/wp-json\/wp\/v2\/pages\/434","targetHints":{"allow":["GET"]}}],"collection":[{"href":"https:\/\/www.naturalscience.org\/de\/wp-json\/wp\/v2\/pages"}],"about":[{"href":"https:\/\/www.naturalscience.org\/de\/wp-json\/wp\/v2\/types\/page"}],"author":[{"embeddable":true,"href":"https:\/\/www.naturalscience.org\/de\/wp-json\/wp\/v2\/users\/9"}],"replies":[{"embeddable":true,"href":"https:\/\/www.naturalscience.org\/de\/wp-json\/wp\/v2\/comments?post=434"}],"version-history":[{"count":3,"href":"https:\/\/www.naturalscience.org\/de\/wp-json\/wp\/v2\/pages\/434\/revisions"}],"predecessor-version":[{"id":26761,"href":"https:\/\/www.naturalscience.org\/de\/wp-json\/wp\/v2\/pages\/434\/revisions\/26761"}],"up":[{"embeddable":true,"href":"https:\/\/www.naturalscience.org\/de\/wp-json\/wp\/v2\/pages\/103"}],"wp:attachment":[{"href":"https:\/\/www.naturalscience.org\/de\/wp-json\/wp\/v2\/media?parent=434"}],"wp:term":[{"taxonomy":"category","embeddable":true,"href":"https:\/\/www.naturalscience.org\/de\/wp-json\/wp\/v2\/categories?post=434"}],"curies":[{"name":"wp","href":"https:\/\/api.w.org\/{rel}","templated":true}]}}