{"id":433,"date":"2014-10-23T23:01:04","date_gmt":"2014-10-23T21:01:04","guid":{"rendered":"http:\/\/test.naturalscience.org\/themen\/mikrowellen\/wasser-und-mikrowellen\/"},"modified":"2022-12-30T12:17:31","modified_gmt":"2022-12-30T11:17:31","slug":"mikrowellen-wasser","status":"publish","type":"page","link":"https:\/\/www.naturalscience.org\/de\/themen\/mikrowellen\/mikrowellen-wasser\/","title":{"rendered":"Mikrowellen &#038; Wasser"},"content":{"rendered":"<p><strong>Die hochfrequente, gepulste Mikrowellenstrahlung st\u00f6rt das nat\u00fcrliche, elektromagnetische Verbundnetz des Wassers.<\/strong> Durch dieses Netz ist Wasser in der Lage, Informationen aufzunehmen, zu speichern und weiterzugeben. Die elektromagnetischen Wasserstoffbr\u00fcckenbindungen, und somit die Struktur des Wassers, werden destabilisiert und aufgel\u00f6st, und die Mikrobiologie ger\u00e4t aus dem Gleichgewicht.<\/p>\n<div id=\"attachment_38473\" style=\"width: 300px\" class=\"wp-caption alignright\"><img loading=\"lazy\" decoding=\"async\" aria-describedby=\"caption-attachment-38473\" class=\"wp-image-38473 size-medium\" src=\"https:\/\/www.naturalscience.org\/wp-content\/uploads\/2022\/12\/iStock_000018486589-300x199.jpg\" alt=\"\" width=\"300\" height=\"199\" srcset=\"https:\/\/www.naturalscience.org\/wp-content\/uploads\/2022\/12\/iStock_000018486589-300x199.jpg 300w, https:\/\/www.naturalscience.org\/wp-content\/uploads\/2022\/12\/iStock_000018486589-768x510.jpg 768w, https:\/\/www.naturalscience.org\/wp-content\/uploads\/2022\/12\/iStock_000018486589-164x109.jpg 164w, https:\/\/www.naturalscience.org\/wp-content\/uploads\/2022\/12\/iStock_000018486589-400x266.jpg 400w, https:\/\/www.naturalscience.org\/wp-content\/uploads\/2022\/12\/iStock_000018486589-500x332.jpg 500w, https:\/\/www.naturalscience.org\/wp-content\/uploads\/2022\/12\/iStock_000018486589.jpg 1000w\" sizes=\"auto, (max-width: 300px) 100vw, 300px\" \/><p id=\"caption-attachment-38473\" class=\"wp-caption-text\">Die Mikrowellen st\u00f6ren die lebenswichtigen Funktionen des Wassers<\/p><\/div>\n<p><strong>Durch die heutige, weltweit verwendete Mobilfunktechnologie wird also der gesamte Wasserhaushalt der Erde und aller lebenden Organismen beeintr\u00e4chtigt.<\/strong> Das hat <a href=\"https:\/\/www.naturalscience.org\/de\/publikationen\/der-einfluss-technischer-strahlung-auf-unser-wasser\/\">drastische Auswirkungen<\/a>, denn ohne Wasser gibt es kein Leben. Der menschliche K\u00f6rper besteht zu mehr als 70% aus Wasser, bei Neugeborenen betr\u00e4gt der Wasseranteil fast 90%. Wasser l\u00f6scht nicht nur unseren Durst; es spielt im menschlichen K\u00f6rper auch bei der Informations\u00fcbertragung auf der Zellebene eine wichtige Rolle, es h\u00e4lt die Stoffwechselprozesse aufrecht, es dient als Bindemittel f\u00fcr Zellstrukturen und wird ben\u00f6tigt, damit Abfallstoffe und Gifte abtransportiert werden k\u00f6nnen. All diese nat\u00fcrlichen F\u00e4higkeiten des Wassers werden durch die Mikrowellentechnologie gest\u00f6rt \u2013 mit den entsprechenden Konsequenzen f\u00fcr die Gesundheit von Mensch und Natur.<\/p>\n\n            <div class=\"publication-list hide-for-print\">\r\n                <div class=\"row\">\r\n                    <div class=\"small-24 columns \">\r\n                        <div class=\"title\">Publikationen<\/div>\r\n\r\n\t\t\t\t\t\t\t\t\t\t\t\t\t\r\n\r\n<article class=\"row collapse all publication-item mikrowellen-wasser  film wfns\">\r\n\r\n\t<div class=\"cover medium-7 columns\">\r\n\t\t<a href=\"https:\/\/www.naturalscience.org\/de\/publikationen\/38735-2\/\">\r\n\t\t\t<img loading=\"lazy\" decoding=\"async\" src=\"https:\/\/www.naturalscience.org\/wp-content\/uploads\/2023\/01\/THUMBELECTROSMOG_STRESSDE-1-300x169.jpg\" width=\"300\" height=\"169\">\t\t<\/a>\r\n\t<\/div>\r\n\r\n\t<div class=\"text medium-17 columns\">\r\n\r\n\t\t<div class=\"type\">\r\n\t\t\tFilm\t\t<\/div>\r\n\r\n\t\t<div class=\"name\">\r\n\t\t\t<a href=\"https:\/\/www.naturalscience.org\/de\/publikationen\/38735-2\/\">Elektrosmog: Stress pur f\u00fcr unseren K\u00f6rper!<\/a>\r\n\t\t<\/div>\r\n\r\n\t\t<p class=\"description\">\r\n\t\t\tIn dieser f\u00fcnften Pr\u00e4sentation aus unserer Reihe \u201eWie k\u00fcnstliche elektromagnetische Strahlung dem Leben schadet\u201c liegt der Schwerpunkt auf dem Elektrosmog - Stress pur f\u00fcr unseren K\u00f6rper!<br \/>\r\n\t\t<\/p>\r\n\r\n\t\t<div class=\"buttons\">\r\n\t\t\t<div class=\"row collapse\">\r\n\t\t\t\t\t\t\t\t\t<div class=\"small-24 medium-9 columns\">\r\n\t\t\t\t\t\t<a href=\"https:\/\/www.naturalscience.org\/de\/publikationen\/38735-2\/\" class=\"button radius primary small\">\r\n\t\t\t\t\t\t\t<i class=\"fa fa-play\"><\/i>&nbsp;&nbsp;Video ansehen\t\t\t\t\t\t<\/a>\r\n\t\t\t\t\t<\/div>\r\n\t\t\t\t\r\n\r\n\t\t\t<\/div>\r\n\t\t<\/div>\r\n\r\n\t<\/div>\r\n<\/article>\t\t\t\t\t\t\t\t\t\t\t\t\t\r\n\r\n<article class=\"row collapse all publication-item mikrowellen-wasser  film wfns\">\r\n\r\n\t<div class=\"cover medium-7 columns\">\r\n\t\t<a href=\"https:\/\/www.naturalscience.org\/de\/publikationen\/lebenselixier-wasser-bedroht-durch-strahlung\/\">\r\n\t\t\t<img loading=\"lazy\" decoding=\"async\" src=\"https:\/\/www.naturalscience.org\/wp-content\/uploads\/2021\/05\/publication-water-emf-300x169.jpg\" width=\"300\" height=\"169\">\t\t<\/a>\r\n\t<\/div>\r\n\r\n\t<div class=\"text medium-17 columns\">\r\n\r\n\t\t<div class=\"type\">\r\n\t\t\tFilm\t\t<\/div>\r\n\r\n\t\t<div class=\"name\">\r\n\t\t\t<a href=\"https:\/\/www.naturalscience.org\/de\/publikationen\/lebenselixier-wasser-bedroht-durch-strahlung\/\">Lebenselixier Wasser: Bedroht durch Strahlung?<\/a>\r\n\t\t<\/div>\r\n\r\n\t\t<p class=\"description\">\r\n\t\t\tIn dieser vierten Pr\u00e4sentation aus unserer Reihe \u201eWie k\u00fcnstliche elektromagnetische Strahlung dem Leben schadet\u201c liegt der Schwerpunkt auf dem Lebenselixir Wasser.\t\t<\/p>\r\n\r\n\t\t<div class=\"buttons\">\r\n\t\t\t<div class=\"row collapse\">\r\n\t\t\t\t\t\t\t\t\t<div class=\"small-24 medium-9 columns\">\r\n\t\t\t\t\t\t<a href=\"https:\/\/www.naturalscience.org\/de\/publikationen\/lebenselixier-wasser-bedroht-durch-strahlung\/\" class=\"button radius primary small\">\r\n\t\t\t\t\t\t\t<i class=\"fa fa-play\"><\/i>&nbsp;&nbsp;Video ansehen\t\t\t\t\t\t<\/a>\r\n\t\t\t\t\t<\/div>\r\n\t\t\t\t\r\n\r\n\t\t\t<\/div>\r\n\t\t<\/div>\r\n\r\n\t<\/div>\r\n<\/article>\t\t\t\t\t\t\t\t\t\t\t\t\t\r\n\r\n<article class=\"row collapse all publication-item auswirkungen-und-schaedigung 5g mikrowellen-mobilfunk wlan-an-schulen mikrowellenofen induktionsherd mikrowellen-wasser jugend-handys mobilfunkgeraete  film wfns\">\r\n\r\n\t<div class=\"cover medium-7 columns\">\r\n\t\t<a href=\"https:\/\/www.naturalscience.org\/de\/publikationen\/alles-leben-funktioniert-elektrisch\/\">\r\n\t\t\t<img loading=\"lazy\" decoding=\"async\" src=\"https:\/\/www.naturalscience.org\/wp-content\/uploads\/2021\/04\/THUMBAll-life-works-electricallyNO-TEXT-300x169.jpg\" width=\"300\" height=\"169\">\t\t<\/a>\r\n\t<\/div>\r\n\r\n\t<div class=\"text medium-17 columns\">\r\n\r\n\t\t<div class=\"type\">\r\n\t\t\tFilm\t\t<\/div>\r\n\r\n\t\t<div class=\"name\">\r\n\t\t\t<a href=\"https:\/\/www.naturalscience.org\/de\/publikationen\/alles-leben-funktioniert-elektrisch\/\">Alles Leben funktioniert elektrisch!<\/a>\r\n\t\t<\/div>\r\n\r\n\t\t<p class=\"description\">\r\n\t\t\tIn dieser zweiten Pr\u00e4sentation aus unserer Reihe \u201eWie k\u00fcnstliche elektromagnetische Strahlung dem Leben schadet\u201c liegt der Schwerpunkt darauf, dass alles Leben elektrisch ist.\t\t<\/p>\r\n\r\n\t\t<div class=\"buttons\">\r\n\t\t\t<div class=\"row collapse\">\r\n\t\t\t\t\t\t\t\t\t<div class=\"small-24 medium-9 columns\">\r\n\t\t\t\t\t\t<a href=\"https:\/\/www.naturalscience.org\/de\/publikationen\/alles-leben-funktioniert-elektrisch\/\" class=\"button radius primary small\">\r\n\t\t\t\t\t\t\t<i class=\"fa fa-play\"><\/i>&nbsp;&nbsp;Video ansehen\t\t\t\t\t\t<\/a>\r\n\t\t\t\t\t<\/div>\r\n\t\t\t\t\r\n\r\n\t\t\t<\/div>\r\n\t\t<\/div>\r\n\r\n\t<\/div>\r\n<\/article>\t\t\t\t\t\t\t\t\t\t\t\t\t\r\n\r\n<article class=\"row collapse all publication-item 5g mikrowellen-mobilfunk mikrowellen-wasser mobilfunkgeraete  film wfns\">\r\n\r\n\t<div class=\"cover medium-7 columns\">\r\n\t\t<a href=\"https:\/\/www.naturalscience.org\/de\/publikationen\/ist-mobilfunk-ungesund\/\">\r\n\t\t\t<img loading=\"lazy\" decoding=\"async\" src=\"https:\/\/www.naturalscience.org\/wp-content\/uploads\/2019\/12\/DULONGGE-300x169.jpg\" width=\"300\" height=\"169\">\t\t<\/a>\r\n\t<\/div>\r\n\r\n\t<div class=\"text medium-17 columns\">\r\n\r\n\t\t<div class=\"type\">\r\n\t\t\tFilm\t\t<\/div>\r\n\r\n\t\t<div class=\"name\">\r\n\t\t\t<a href=\"https:\/\/www.naturalscience.org\/de\/publikationen\/ist-mobilfunk-ungesund\/\">Ist Mobilfunk Ungesund?<\/a>\r\n\t\t<\/div>\r\n\r\n\t\t<p class=\"description\">\r\n\t\t\tWie geht unser K\u00f6rper mit Mobilfunkstrahlung um? Kann man auf einfache Weise die Wirkung der technischen Strahlung auf nat\u00fcrliche Systeme erkennen? Ver\u00e4ndert die Strahlung das Wasser, das Element, auf dem alles Leben basiert? Wie reagieren Tiere und Pflanzen? Denise Ulrich ging dieser Frage anhand von Experimenten im eigenen Labor nach. Ihre Erkenntnisse liefern deutliche Antworten und zeigen: Die L\u00f6sung ist einfach.\t\t<\/p>\r\n\r\n\t\t<div class=\"buttons\">\r\n\t\t\t<div class=\"row collapse\">\r\n\t\t\t\t\t\t\t\t\t<div class=\"small-24 medium-9 columns\">\r\n\t\t\t\t\t\t<a href=\"https:\/\/www.naturalscience.org\/de\/publikationen\/ist-mobilfunk-ungesund\/\" class=\"button radius primary small\">\r\n\t\t\t\t\t\t\t<i class=\"fa fa-play\"><\/i>&nbsp;&nbsp;Video ansehen\t\t\t\t\t\t<\/a>\r\n\t\t\t\t\t<\/div>\r\n\t\t\t\t\r\n\r\n\t\t\t<\/div>\r\n\t\t<\/div>\r\n\r\n\t<\/div>\r\n<\/article>\t\t\t\t\t\t\t\t\t\t\t\t\t\r\n\r\n<article class=\"row collapse all publication-item mikrowellen-wasser  article external\">\r\n\r\n\t<div class=\"cover medium-7 columns\">\r\n\t\t<a href=\"https:\/\/www.naturalscience.org\/de\/publikationen\/der-einfluss-technischer-strahlung-auf-unser-wasser\/\">\r\n\t\t\t<img loading=\"lazy\" decoding=\"async\" src=\"https:\/\/www.naturalscience.org\/wp-content\/uploads\/2014\/11\/oekostadt-report_der-einfluss-technischer-strahlung-auf-unser-wasser-229x300.jpg\" width=\"229\" height=\"300\">\t\t<\/a>\r\n\t<\/div>\r\n\r\n\t<div class=\"text medium-17 columns\">\r\n\r\n\t\t<div class=\"type\">\r\n\t\t\tArtikel\t\t<\/div>\r\n\r\n\t\t<div class=\"name\">\r\n\t\t\t<a href=\"https:\/\/www.naturalscience.org\/de\/publikationen\/der-einfluss-technischer-strahlung-auf-unser-wasser\/\">Der Einfluss technischer Strahlung auf unser Wasser<\/a>\r\n\t\t<\/div>\r\n\r\n\t\t<p class=\"description\">\r\n\t\t\t\t\t<\/p>\r\n\r\n\t\t<div class=\"buttons\">\r\n\t\t\t<div class=\"row collapse\">\r\n\t\t\t\t\r\n\t\t\t\t\t\t\t\t\t\t<div class=\"small-24 medium-16 columns\">\r\n\t\t\t\t\t\t<i class=\"fa fa-angle-right\"><\/i>\r\n\t\t\t\t\t\t<a href=\"https:\/\/www.naturalscience.org\/de\/publikationen\/der-einfluss-technischer-strahlung-auf-unser-wasser\/\" class=\"further-information\">\r\n\t\t\t\t\t\t\tWeitere Informationen & Sprachen\t\t\t\t\t\t<\/a>\r\n\t\t\t\t\t<\/div>\r\n\t\t\t\t\r\n\t\t\t\t\r\n\r\n\t\t\t<\/div>\r\n\t\t<\/div>\r\n\r\n\t<\/div>\r\n<\/article>\t\t\t\t\t\t\t\t\t\t\t\t\r\n                    <\/div>\r\n                <\/div>\r\n            <\/div>\r\n\r\n\t\t\t\n","protected":false},"excerpt":{"rendered":"","protected":false},"author":9,"featured_media":0,"parent":103,"menu_order":32,"comment_status":"closed","ping_status":"closed","template":"","meta":{"_acf_changed":false,"ngg_post_thumbnail":0,"footnotes":""},"categories":[84],"class_list":["post-433","page","type-page","status-publish","hentry","category-mikrowellen-wasser","wpautop"],"acf":[],"yoast_head":"<!-- This site is optimized with the Yoast SEO plugin v27.6 - https:\/\/yoast.com\/product\/yoast-seo-wordpress\/ -->\n<title>Mikrowellen &amp; Wasser - The World Foundation for Natural Science<\/title>\n<meta name=\"robots\" content=\"index, follow, max-snippet:-1, max-image-preview:large, max-video-preview:-1\" \/>\n<link rel=\"canonical\" href=\"https:\/\/www.naturalscience.org\/de\/themen\/mikrowellen\/mikrowellen-wasser\/\" \/>\n<meta name=\"twitter:label1\" content=\"Gesch\u00e4tzte Lesezeit\" \/>\n\t<meta name=\"twitter:data1\" content=\"1\u00a0Minute\" \/>\n<script type=\"application\/ld+json\" class=\"yoast-schema-graph\">{\"@context\":\"https:\\\/\\\/schema.org\",\"@graph\":[{\"@type\":\"WebPage\",\"@id\":\"https:\\\/\\\/www.naturalscience.org\\\/de\\\/themen\\\/mikrowellen\\\/mikrowellen-wasser\\\/\",\"url\":\"https:\\\/\\\/www.naturalscience.org\\\/de\\\/themen\\\/mikrowellen\\\/mikrowellen-wasser\\\/\",\"name\":\"Mikrowellen & Wasser - The World Foundation for Natural Science\",\"isPartOf\":{\"@id\":\"https:\\\/\\\/www.naturalscience.org\\\/#website\"},\"primaryImageOfPage\":{\"@id\":\"https:\\\/\\\/www.naturalscience.org\\\/de\\\/themen\\\/mikrowellen\\\/mikrowellen-wasser\\\/#primaryimage\"},\"image\":{\"@id\":\"https:\\\/\\\/www.naturalscience.org\\\/de\\\/themen\\\/mikrowellen\\\/mikrowellen-wasser\\\/#primaryimage\"},\"thumbnailUrl\":\"https:\\\/\\\/www.naturalscience.org\\\/wp-content\\\/uploads\\\/2022\\\/12\\\/iStock_000018486589-300x199.jpg\",\"datePublished\":\"2014-10-23T21:01:04+00:00\",\"dateModified\":\"2022-12-30T11:17:31+00:00\",\"breadcrumb\":{\"@id\":\"https:\\\/\\\/www.naturalscience.org\\\/de\\\/themen\\\/mikrowellen\\\/mikrowellen-wasser\\\/#breadcrumb\"},\"inLanguage\":\"de\",\"potentialAction\":[{\"@type\":\"ReadAction\",\"target\":[\"https:\\\/\\\/www.naturalscience.org\\\/de\\\/themen\\\/mikrowellen\\\/mikrowellen-wasser\\\/\"]}]},{\"@type\":\"ImageObject\",\"inLanguage\":\"de\",\"@id\":\"https:\\\/\\\/www.naturalscience.org\\\/de\\\/themen\\\/mikrowellen\\\/mikrowellen-wasser\\\/#primaryimage\",\"url\":\"https:\\\/\\\/www.naturalscience.org\\\/wp-content\\\/uploads\\\/2022\\\/12\\\/iStock_000018486589-300x199.jpg\",\"contentUrl\":\"https:\\\/\\\/www.naturalscience.org\\\/wp-content\\\/uploads\\\/2022\\\/12\\\/iStock_000018486589-300x199.jpg\"},{\"@type\":\"BreadcrumbList\",\"@id\":\"https:\\\/\\\/www.naturalscience.org\\\/de\\\/themen\\\/mikrowellen\\\/mikrowellen-wasser\\\/#breadcrumb\",\"itemListElement\":[{\"@type\":\"ListItem\",\"position\":1,\"name\":\"Home\",\"item\":\"https:\\\/\\\/www.naturalscience.org\\\/de\\\/\"},{\"@type\":\"ListItem\",\"position\":2,\"name\":\"Themen\",\"item\":\"https:\\\/\\\/www.naturalscience.org\\\/de\\\/themen\\\/\"},{\"@type\":\"ListItem\",\"position\":3,\"name\":\"Mikrowellen &#038; Mobilfunk\",\"item\":\"https:\\\/\\\/www.naturalscience.org\\\/de\\\/themen\\\/mikrowellen\\\/\"},{\"@type\":\"ListItem\",\"position\":4,\"name\":\"Mikrowellen &#038; Wasser\"}]},{\"@type\":\"WebSite\",\"@id\":\"https:\\\/\\\/www.naturalscience.org\\\/#website\",\"url\":\"https:\\\/\\\/www.naturalscience.org\\\/\",\"name\":\"The World Foundation for Natural Science\",\"description\":\"Restoring and Healing the World through Responsibility and Commitment in accord with Natural and Divine Law!\",\"potentialAction\":[{\"@type\":\"SearchAction\",\"target\":{\"@type\":\"EntryPoint\",\"urlTemplate\":\"https:\\\/\\\/www.naturalscience.org\\\/?s={search_term_string}\"},\"query-input\":{\"@type\":\"PropertyValueSpecification\",\"valueRequired\":true,\"valueName\":\"search_term_string\"}}],\"inLanguage\":\"de\"}]}<\/script>\n<!-- \/ Yoast SEO plugin. -->","yoast_head_json":{"title":"Mikrowellen & Wasser - The World Foundation for Natural Science","robots":{"index":"index","follow":"follow","max-snippet":"max-snippet:-1","max-image-preview":"max-image-preview:large","max-video-preview":"max-video-preview:-1"},"canonical":"https:\/\/www.naturalscience.org\/de\/themen\/mikrowellen\/mikrowellen-wasser\/","twitter_misc":{"Gesch\u00e4tzte Lesezeit":"1\u00a0Minute"},"schema":{"@context":"https:\/\/schema.org","@graph":[{"@type":"WebPage","@id":"https:\/\/www.naturalscience.org\/de\/themen\/mikrowellen\/mikrowellen-wasser\/","url":"https:\/\/www.naturalscience.org\/de\/themen\/mikrowellen\/mikrowellen-wasser\/","name":"Mikrowellen & Wasser - The World Foundation for Natural Science","isPartOf":{"@id":"https:\/\/www.naturalscience.org\/#website"},"primaryImageOfPage":{"@id":"https:\/\/www.naturalscience.org\/de\/themen\/mikrowellen\/mikrowellen-wasser\/#primaryimage"},"image":{"@id":"https:\/\/www.naturalscience.org\/de\/themen\/mikrowellen\/mikrowellen-wasser\/#primaryimage"},"thumbnailUrl":"https:\/\/www.naturalscience.org\/wp-content\/uploads\/2022\/12\/iStock_000018486589-300x199.jpg","datePublished":"2014-10-23T21:01:04+00:00","dateModified":"2022-12-30T11:17:31+00:00","breadcrumb":{"@id":"https:\/\/www.naturalscience.org\/de\/themen\/mikrowellen\/mikrowellen-wasser\/#breadcrumb"},"inLanguage":"de","potentialAction":[{"@type":"ReadAction","target":["https:\/\/www.naturalscience.org\/de\/themen\/mikrowellen\/mikrowellen-wasser\/"]}]},{"@type":"ImageObject","inLanguage":"de","@id":"https:\/\/www.naturalscience.org\/de\/themen\/mikrowellen\/mikrowellen-wasser\/#primaryimage","url":"https:\/\/www.naturalscience.org\/wp-content\/uploads\/2022\/12\/iStock_000018486589-300x199.jpg","contentUrl":"https:\/\/www.naturalscience.org\/wp-content\/uploads\/2022\/12\/iStock_000018486589-300x199.jpg"},{"@type":"BreadcrumbList","@id":"https:\/\/www.naturalscience.org\/de\/themen\/mikrowellen\/mikrowellen-wasser\/#breadcrumb","itemListElement":[{"@type":"ListItem","position":1,"name":"Home","item":"https:\/\/www.naturalscience.org\/de\/"},{"@type":"ListItem","position":2,"name":"Themen","item":"https:\/\/www.naturalscience.org\/de\/themen\/"},{"@type":"ListItem","position":3,"name":"Mikrowellen &#038; Mobilfunk","item":"https:\/\/www.naturalscience.org\/de\/themen\/mikrowellen\/"},{"@type":"ListItem","position":4,"name":"Mikrowellen &#038; Wasser"}]},{"@type":"WebSite","@id":"https:\/\/www.naturalscience.org\/#website","url":"https:\/\/www.naturalscience.org\/","name":"The World Foundation for Natural Science","description":"Restoring and Healing the World through Responsibility and Commitment in accord with Natural and Divine Law!","potentialAction":[{"@type":"SearchAction","target":{"@type":"EntryPoint","urlTemplate":"https:\/\/www.naturalscience.org\/?s={search_term_string}"},"query-input":{"@type":"PropertyValueSpecification","valueRequired":true,"valueName":"search_term_string"}}],"inLanguage":"de"}]}},"_links":{"self":[{"href":"https:\/\/www.naturalscience.org\/de\/wp-json\/wp\/v2\/pages\/433","targetHints":{"allow":["GET"]}}],"collection":[{"href":"https:\/\/www.naturalscience.org\/de\/wp-json\/wp\/v2\/pages"}],"about":[{"href":"https:\/\/www.naturalscience.org\/de\/wp-json\/wp\/v2\/types\/page"}],"author":[{"embeddable":true,"href":"https:\/\/www.naturalscience.org\/de\/wp-json\/wp\/v2\/users\/9"}],"replies":[{"embeddable":true,"href":"https:\/\/www.naturalscience.org\/de\/wp-json\/wp\/v2\/comments?post=433"}],"version-history":[{"count":3,"href":"https:\/\/www.naturalscience.org\/de\/wp-json\/wp\/v2\/pages\/433\/revisions"}],"predecessor-version":[{"id":38475,"href":"https:\/\/www.naturalscience.org\/de\/wp-json\/wp\/v2\/pages\/433\/revisions\/38475"}],"up":[{"embeddable":true,"href":"https:\/\/www.naturalscience.org\/de\/wp-json\/wp\/v2\/pages\/103"}],"wp:attachment":[{"href":"https:\/\/www.naturalscience.org\/de\/wp-json\/wp\/v2\/media?parent=433"}],"wp:term":[{"taxonomy":"category","embeddable":true,"href":"https:\/\/www.naturalscience.org\/de\/wp-json\/wp\/v2\/categories?post=433"}],"curies":[{"name":"wp","href":"https:\/\/api.w.org\/{rel}","templated":true}]}}