{"id":432,"date":"2014-10-23T23:01:04","date_gmt":"2014-10-23T21:01:04","guid":{"rendered":"http:\/\/test.naturalscience.org\/themen\/mikrowellen\/mikrowellenoefen\/"},"modified":"2022-12-30T11:56:31","modified_gmt":"2022-12-30T10:56:31","slug":"mikrowellenofen","status":"publish","type":"page","link":"https:\/\/www.naturalscience.org\/de\/themen\/mikrowellen\/mikrowellenofen\/","title":{"rendered":"Mikrowellenofen"},"content":{"rendered":"<p><img loading=\"lazy\" decoding=\"async\" class=\"wp-image-38455 size-medium alignright\" src=\"https:\/\/www.naturalscience.org\/wp-content\/uploads\/2022\/12\/iStock_000053469888-300x200.jpg\" alt=\"\" width=\"300\" height=\"200\" srcset=\"https:\/\/www.naturalscience.org\/wp-content\/uploads\/2022\/12\/iStock_000053469888-300x200.jpg 300w, https:\/\/www.naturalscience.org\/wp-content\/uploads\/2022\/12\/iStock_000053469888-768x511.jpg 768w, https:\/\/www.naturalscience.org\/wp-content\/uploads\/2022\/12\/iStock_000053469888-164x109.jpg 164w, https:\/\/www.naturalscience.org\/wp-content\/uploads\/2022\/12\/iStock_000053469888-400x266.jpg 400w, https:\/\/www.naturalscience.org\/wp-content\/uploads\/2022\/12\/iStock_000053469888-500x333.jpg 500w, https:\/\/www.naturalscience.org\/wp-content\/uploads\/2022\/12\/iStock_000053469888.jpg 1000w\" sizes=\"auto, (max-width: 300px) 100vw, 300px\" \/><\/p>\n<p><strong>Beim <\/strong><a href=\"https:\/\/www.naturalscience.org\/de\/publikationen\/kochen-sie-noch-mit-mikrowellen\/\"><strong>Kochen in der Mikrowelle<\/strong><\/a><strong> wird die<\/strong> <strong>molekulare Struktur der Nahrungsmittel komplett zerst\u00f6rt<\/strong>. Das menschliche Immunsystem identifiziert solche Nahrung als Fremdk\u00f6rper und reagiert darauf mit einem Anstieg an weissen Blutk\u00f6rperchen, Lymphozyten und Thrombozyten (Blutpl\u00e4ttchen) bei gleichzeitiger Reduktion der roten Blutk\u00f6rperchen. <strong>Das Blutbild ist dasselbe wie bei einem<\/strong> <strong>beginnenden <\/strong><a href=\"https:\/\/www.naturalscience.org\/de\/publikationen\/mikrowellennahrung-erzeugt-nicht-nur-krebs-sie-macht-auch-dick\/\"><strong>Krebsprozess<\/strong><\/a>. <a href=\"https:\/\/www.naturalscience.org\/de\/publikationen\/informationsbroschure-krebs-durch-mikrowellenofen\/\">Mikrowellen\u00f6fen<\/a> sollten deshalb nicht einmal zum Auftauen von Lebensmitteln oder Aufw\u00e4rmen von Getr\u00e4nken oder Mahlzeiten verwendet werden.<\/p>\n<p>Lesen Sie dazu unseren ausf\u00fchrlichen Spezialrapport \u201e<a title=\"Kochen mit Mikrowellen? Der Kuss des Todes!!\" href=\"https:\/\/www.naturalscience.org\/de\/publikationen\/kochen-mit-mikrowellen-der-kuss-des-todes\/\">Kochen mit Mikrowellen? Der Kuss des Todes!!<\/a>\u201c und weiteres Informationsmaterial.<\/p>\n            <div class=\"latest-news-list hide-for-print\">\r\n                <div class=\"row\">\r\n                    <div class=\"small-24 columns \">\r\n                        <div class=\"title\">Das Thema Mikrowellen\u00f6fen im Fokus<\/div>\r\n\t\t\t\t\t\t\t\t\t\t\t\t\t<article class=\"news-excerpt\" id=\"post-42979\">\r\n    <div class=\"row collapse\">\r\n\r\n\t\t\r\n        <div class=\"medium-7 columns\">\r\n            <a href=\"https:\/\/www.naturalscience.org\/de\/news\/2025\/12\/smart-fact-9\/\" title=\"Smart Fact # 9\">\r\n                <img decoding=\"async\" src=\"https:\/\/www.naturalscience.org\/wp-content\/uploads\/2025\/10\/AdobeStock_414368996SQUARE-164x164.jpg\" alt=\"\" width=\"200px\" height=\"200px\"\/>\r\n            <\/a>\r\n        <\/div>\r\n\r\n        <div class=\"medium-17 columns\">\r\n\t\t\t\r\n                <header>\r\n                    <div class=\"row collapse top\">\r\n                        <div class=\"small-12 columns\">\r\n                            <time datetime=\"2025-12-08T09:46:52+01:00\">\r\n\t\t\t\t\t\t\t\tMontag, 8. Dezember 2025                            <\/time>\r\n                        <\/div>\r\n\t\t\t\t\t\t                    <\/div>\r\n                    <h2><a href=\"https:\/\/www.naturalscience.org\/de\/news\/2025\/12\/smart-fact-9\/\">Smart Fact # 9<\/a><\/h2>\r\n\r\n                <\/header>\r\n                <div class=\"entry-content\">\r\n                    <p>\r\n\t                    Essen aus der Mikrowelle? \u2013 Nein, danke! Werden Lebensmittel in der Mikrowelle erhitzt, gehen die Antioxidantien in der Nahrung zur\u00fcck. Doch die sch\u00fctzenden Antioxidantien sind f\u00fcr den menschlichen Organismus lebenswichtig. Sie neutralisieren freie Radikale, die andernfalls vielf\u00e4ltige Zellsch\u00e4den verursachen k\u00f6nnen.                                            <\/p>\r\n                <\/div>\r\n            <\/div>\r\n        <\/div>\r\n<\/article>\t\t\t\t\t\t\t\t\t\t\t\t\t<article class=\"news-excerpt\" id=\"post-42933\">\r\n    <div class=\"row collapse\">\r\n\r\n\t\t\r\n        <div class=\"medium-7 columns\">\r\n            <a href=\"https:\/\/www.naturalscience.org\/de\/news\/2025\/10\/smart-fact-6\/\" title=\"Smart Fact # 6\">\r\n                <img decoding=\"async\" src=\"https:\/\/www.naturalscience.org\/wp-content\/uploads\/2025\/10\/AdobeStock_557775659SQUARE-164x164.jpg\" alt=\"\" width=\"200px\" height=\"200px\"\/>\r\n            <\/a>\r\n        <\/div>\r\n\r\n        <div class=\"medium-17 columns\">\r\n\t\t\t\r\n                <header>\r\n                    <div class=\"row collapse top\">\r\n                        <div class=\"small-12 columns\">\r\n                            <time datetime=\"2025-10-27T09:03:22+01:00\">\r\n\t\t\t\t\t\t\t\tMontag, 27. Oktober 2025                            <\/time>\r\n                        <\/div>\r\n\t\t\t\t\t\t                    <\/div>\r\n                    <h2><a href=\"https:\/\/www.naturalscience.org\/de\/news\/2025\/10\/smart-fact-6\/\">Smart Fact # 6<\/a><\/h2>\r\n\r\n                <\/header>\r\n                <div class=\"entry-content\">\r\n                    <p>\r\n\t                    Das Erw\u00e4rmen oder Auftauen von Muttermilch im Mikrowellenofen reduziert die in der Milch vorhandenen und f\u00fcr das sich entwickelnde Immunsystem des Babys wichtigen Antik\u00f6rper. Das ist auch bei vergleichsweise niedrigen Temperaturen zwischen 20-53\u00b0C der Fall.                                            <\/p>\r\n                <\/div>\r\n            <\/div>\r\n        <\/div>\r\n<\/article>\t\t\t\t\t\t\t\t\t\t\t\t\r\n\t\t\t\t\t\t                        <a href=\"https:\/\/www.naturalscience.org\/de\/news\/category\/mikrowellen-mobilfunk\/mikrowellenofen\/\" class=\"button radius\">\r\n                            <i class=\"fa fa-angle-right\"><\/i>&nbsp;&nbsp;Mehr                        <\/a>\r\n                    <\/div>\r\n                <\/div>\r\n            <\/div>\r\n\t\t\t\n            <div class=\"publication-list hide-for-print\">\r\n                <div class=\"row\">\r\n                    <div class=\"small-24 columns \">\r\n                        <div class=\"title\">Publikationen<\/div>\r\n\r\n\t\t\t\t\t\t\t\t\t\t\t\t\t\r\n\r\n<article class=\"row collapse all publication-item auswirkungen-und-schaedigung 5g wlan-an-schulen mikrowellen-mobilfunk mikrowellenofen induktionsherd mikrowellen-wasser jugend-handys mobilfunkgeraete  film wfns\">\r\n\r\n\t<div class=\"cover medium-7 columns\">\r\n\t\t<a href=\"https:\/\/www.naturalscience.org\/de\/publikationen\/alles-leben-funktioniert-elektrisch\/\">\r\n\t\t\t<img loading=\"lazy\" decoding=\"async\" src=\"https:\/\/www.naturalscience.org\/wp-content\/uploads\/2021\/04\/THUMBAll-life-works-electricallyNO-TEXT-300x169.jpg\" width=\"300\" height=\"169\">\t\t<\/a>\r\n\t<\/div>\r\n\r\n\t<div class=\"text medium-17 columns\">\r\n\r\n\t\t<div class=\"type\">\r\n\t\t\tFilm\t\t<\/div>\r\n\r\n\t\t<div class=\"name\">\r\n\t\t\t<a href=\"https:\/\/www.naturalscience.org\/de\/publikationen\/alles-leben-funktioniert-elektrisch\/\">Alles Leben funktioniert elektrisch!<\/a>\r\n\t\t<\/div>\r\n\r\n\t\t<p class=\"description\">\r\n\t\t\tIn dieser zweiten Pr\u00e4sentation aus unserer Reihe \u201eWie k\u00fcnstliche elektromagnetische Strahlung dem Leben schadet\u201c liegt der Schwerpunkt darauf, dass alles Leben elektrisch ist.\t\t<\/p>\r\n\r\n\t\t<div class=\"buttons\">\r\n\t\t\t<div class=\"row collapse\">\r\n\t\t\t\t\t\t\t\t\t<div class=\"small-24 medium-9 columns\">\r\n\t\t\t\t\t\t<a href=\"https:\/\/www.naturalscience.org\/de\/publikationen\/alles-leben-funktioniert-elektrisch\/\" class=\"button radius primary small\">\r\n\t\t\t\t\t\t\t<i class=\"fa fa-play\"><\/i>&nbsp;&nbsp;Video ansehen\t\t\t\t\t\t<\/a>\r\n\t\t\t\t\t<\/div>\r\n\t\t\t\t\r\n\r\n\t\t\t<\/div>\r\n\t\t<\/div>\r\n\r\n\t<\/div>\r\n<\/article>\t\t\t\t\t\t\t\t\t\t\t\t\t\r\n\r\n<article class=\"row collapse all publication-item 5g mikrowellen-mobilfunk mikrowellenofen induktionsherd jugend-handys mobilfunkgeraete  brochure wfns\">\r\n\r\n\t<div class=\"cover medium-7 columns\">\r\n\t\t<a href=\"https:\/\/www.naturalscience.org\/de\/publikationen\/achtung-strahlung-wie-sie-sich-und-ihre-familie-schuetzen\/\">\r\n\t\t\t<img loading=\"lazy\" decoding=\"async\" src=\"https:\/\/www.naturalscience.org\/wp-content\/uploads\/2020\/11\/2020-10-11WFNSBRCHMICROWAVESGEWEB_cover-130x300.jpg\" width=\"130\" height=\"300\">\t\t<\/a>\r\n\t<\/div>\r\n\r\n\t<div class=\"text medium-17 columns\">\r\n\r\n\t\t<div class=\"type\">\r\n\t\t\tBrosch\u00fcre\t\t<\/div>\r\n\r\n\t\t<div class=\"name\">\r\n\t\t\t<a href=\"https:\/\/www.naturalscience.org\/de\/publikationen\/achtung-strahlung-wie-sie-sich-und-ihre-familie-schuetzen\/\">Achtung Strahlung &#8211; Wie Sie sich und Ihre Familie sch\u00fctzen<\/a>\r\n\t\t<\/div>\r\n\r\n\t\t<p class=\"description\">\r\n\t\t\t<p>Eltern sind verantwortlich f\u00fcr die gesunde Entwicklung ihrer Kinder. Dies beinhaltet nebst der Schaffung eines liebevollen Umfeldes die Auseinandersetzung mit Fragen zum Impfen, zu gesunder Ern\u00e4hrung, f\u00f6rderlichem Spielzeug, sinnvoller Freizeitgestaltung und zum sozialen Umfeld. In den letzten Jahren zunehmend st\u00e4rker m\u00fcssen sich Eltern aber auch mit Fragen zur Technik befassen&#8230;<\/p>\n\t\t<\/p>\r\n\r\n\t\t<div class=\"buttons\">\r\n\t\t\t<div class=\"row collapse\">\r\n\t\t\t\t\t\t\t\t\t\t<div class=\"small-24 medium-8 columns\">\r\n\t\t\t\t\t\t\t<a href=\"https:\/\/www.naturalscience.org\/wp-content\/uploads\/2020\/11\/2020-10-11WFNSBRCHMICROWAVESGEWEB.pdf\" class=\"button radius primary small\" target=\"_blank\">\r\n\t\t\t\t\t\t\t\t<i class=\"fa fa-download\"><\/i>&nbsp;&nbsp;Herunterladen\t\t\t\t\t\t\t<\/a>\r\n\t\t\t\t\t\t<\/div>\r\n\t\t\t\t\t\r\n\t\t\t\t\t\t\t\t\t\t<div class=\"small-24 medium-16 columns\">\r\n\t\t\t\t\t\t<i class=\"fa fa-angle-right\"><\/i>\r\n\t\t\t\t\t\t<a href=\"https:\/\/www.naturalscience.org\/de\/publikationen\/achtung-strahlung-wie-sie-sich-und-ihre-familie-schuetzen\/\" class=\"further-information\">\r\n\t\t\t\t\t\t\tWeitere Informationen & Sprachen\t\t\t\t\t\t<\/a>\r\n\t\t\t\t\t<\/div>\r\n\t\t\t\t\r\n\t\t\t\t\r\n\r\n\t\t\t<\/div>\r\n\t\t<\/div>\r\n\r\n\t<\/div>\r\n<\/article>\t\t\t\t\t\t\t\t\t\t\t\t\t\r\n\r\n<article class=\"row collapse all publication-item mikrowellen-mobilfunk mikrowellenofen  brochure wfns\">\r\n\r\n\t<div class=\"cover medium-7 columns\">\r\n\t\t<a href=\"https:\/\/www.naturalscience.org\/de\/publikationen\/informationsbroschure-krebs-durch-mikrowellenofen\/\">\r\n\t\t\t<img loading=\"lazy\" decoding=\"async\" src=\"https:\/\/www.naturalscience.org\/wp-content\/uploads\/2014\/11\/wfns_brochure_microwaves-oven_05-08_german-130x300.jpg\" width=\"130\" height=\"300\">\t\t<\/a>\r\n\t<\/div>\r\n\r\n\t<div class=\"text medium-17 columns\">\r\n\r\n\t\t<div class=\"type\">\r\n\t\t\tBrosch\u00fcre\t\t<\/div>\r\n\r\n\t\t<div class=\"name\">\r\n\t\t\t<a href=\"https:\/\/www.naturalscience.org\/de\/publikationen\/informationsbroschure-krebs-durch-mikrowellenofen\/\">Informationsbrosch\u00fcre: Krebs durch Mikrowellen\u00f6fen<\/a>\r\n\t\t<\/div>\r\n\r\n\t\t<p class=\"description\">\r\n\t\t\tFaltblatt mit den wichtigsten wissenschaftlichen Informationen \u00fcber die Gefahren der Mikrowellennahrung.\t\t<\/p>\r\n\r\n\t\t<div class=\"buttons\">\r\n\t\t\t<div class=\"row collapse\">\r\n\t\t\t\t\t\t\t\t\t\t<div class=\"small-24 medium-8 columns\">\r\n\t\t\t\t\t\t\t<a href=\"https:\/\/www.naturalscience.org\/wp-content\/uploads\/2014\/11\/wfns_brochure_microwaves-oven_05-08_german.pdf\" class=\"button radius primary small\" target=\"_blank\">\r\n\t\t\t\t\t\t\t\t<i class=\"fa fa-download\"><\/i>&nbsp;&nbsp;Herunterladen\t\t\t\t\t\t\t<\/a>\r\n\t\t\t\t\t\t<\/div>\r\n\t\t\t\t\t\r\n\t\t\t\t\t\t\t\t\t\t<div class=\"small-24 medium-16 columns\">\r\n\t\t\t\t\t\t<i class=\"fa fa-angle-right\"><\/i>\r\n\t\t\t\t\t\t<a href=\"https:\/\/www.naturalscience.org\/de\/publikationen\/informationsbroschure-krebs-durch-mikrowellenofen\/\" class=\"further-information\">\r\n\t\t\t\t\t\t\tWeitere Informationen & Sprachen\t\t\t\t\t\t<\/a>\r\n\t\t\t\t\t<\/div>\r\n\t\t\t\t\r\n\t\t\t\t\r\n\r\n\t\t\t<\/div>\r\n\t\t<\/div>\r\n\r\n\t<\/div>\r\n<\/article>\t\t\t\t\t\t\t\t\t\t\t\t\t\r\n\r\n<article class=\"row collapse all publication-item mikrowellen-mobilfunk mikrowellenofen  special-report wfns\">\r\n\r\n\t<div class=\"cover medium-7 columns\">\r\n\t\t<a href=\"https:\/\/www.naturalscience.org\/de\/publikationen\/kochen-mit-mikrowellen-der-kuss-des-todes\/\">\r\n\t\t\t<img loading=\"lazy\" decoding=\"async\" src=\"https:\/\/www.naturalscience.org\/wp-content\/uploads\/2014\/11\/wfns_special-report_microwave_02-02_german-225x300.jpg\" width=\"225\" height=\"300\">\t\t<\/a>\r\n\t<\/div>\r\n\r\n\t<div class=\"text medium-17 columns\">\r\n\r\n\t\t<div class=\"type\">\r\n\t\t\tSpezialreport\t\t<\/div>\r\n\r\n\t\t<div class=\"name\">\r\n\t\t\t<a href=\"https:\/\/www.naturalscience.org\/de\/publikationen\/kochen-mit-mikrowellen-der-kuss-des-todes\/\">Kochen mit Mikrowellen? Der Kuss des Todes!!<\/a>\r\n\t\t<\/div>\r\n\r\n\t\t<p class=\"description\">\r\n\t\t\tZusammenfassung der wissenschaftlichen Studie von Prof. Blanc und Dr. Hertel \u00fcber die Gefahren der Mikrowellennahrung.\t\t<\/p>\r\n\r\n\t\t<div class=\"buttons\">\r\n\t\t\t<div class=\"row collapse\">\r\n\t\t\t\t\t\t\t\t\t\t<div class=\"small-24 medium-8 columns\">\r\n\t\t\t\t\t\t\t<a href=\"https:\/\/www.naturalscience.org\/wp-content\/uploads\/2014\/11\/wfns_special-report_microwave_02-02_german.pdf\" class=\"button radius primary small\" target=\"_blank\">\r\n\t\t\t\t\t\t\t\t<i class=\"fa fa-download\"><\/i>&nbsp;&nbsp;Herunterladen\t\t\t\t\t\t\t<\/a>\r\n\t\t\t\t\t\t<\/div>\r\n\t\t\t\t\t\r\n\t\t\t\t\t\t\t\t\t\t<div class=\"small-24 medium-16 columns\">\r\n\t\t\t\t\t\t<i class=\"fa fa-angle-right\"><\/i>\r\n\t\t\t\t\t\t<a href=\"https:\/\/www.naturalscience.org\/de\/publikationen\/kochen-mit-mikrowellen-der-kuss-des-todes\/\" class=\"further-information\">\r\n\t\t\t\t\t\t\tWeitere Informationen & Sprachen\t\t\t\t\t\t<\/a>\r\n\t\t\t\t\t<\/div>\r\n\t\t\t\t\r\n\t\t\t\t\r\n\r\n\t\t\t<\/div>\r\n\t\t<\/div>\r\n\r\n\t<\/div>\r\n<\/article>\t\t\t\t\t\t\t\t\t\t\t\t\t\r\n\r\n<article class=\"row collapse all publication-item gesundheit mikrowellen-mobilfunk mikrowellenofen  card wfns\">\r\n\r\n\t<div class=\"cover medium-7 columns\">\r\n\t\t<a href=\"https:\/\/www.naturalscience.org\/de\/publikationen\/kochen-sie-noch-mit-mikrowellen\/\">\r\n\t\t\t<img loading=\"lazy\" decoding=\"async\" src=\"https:\/\/www.naturalscience.org\/wp-content\/uploads\/2014\/11\/2020-09-03MW-CARDGEYELLOW-300x192.jpg\" width=\"300\" height=\"192\">\t\t<\/a>\r\n\t<\/div>\r\n\r\n\t<div class=\"text medium-17 columns\">\r\n\r\n\t\t<div class=\"type\">\r\n\t\t\tKarte\t\t<\/div>\r\n\r\n\t\t<div class=\"name\">\r\n\t\t\t<a href=\"https:\/\/www.naturalscience.org\/de\/publikationen\/kochen-sie-noch-mit-mikrowellen\/\">&#8222;Kochen&#8220; Sie noch mit Mikrowellen?<\/a>\r\n\t\t<\/div>\r\n\r\n\t\t<p class=\"description\">\r\n\t\t\t<p>Eine aufr\u00fcttelnde kurze Erkl\u00e4rung \u00fcber die Gefahren der Mikrowellennahrung.<\/p>\n\t\t<\/p>\r\n\r\n\t\t<div class=\"buttons\">\r\n\t\t\t<div class=\"row collapse\">\r\n\t\t\t\t\t\t\t\t\t\t<div class=\"small-24 medium-8 columns\">\r\n\t\t\t\t\t\t\t<a href=\"https:\/\/www.naturalscience.org\/wp-content\/uploads\/2014\/11\/2020-09-03MW-CARDGEYELLOW.tif\" class=\"button radius primary small\" target=\"_blank\">\r\n\t\t\t\t\t\t\t\t<i class=\"fa fa-download\"><\/i>&nbsp;&nbsp;Herunterladen\t\t\t\t\t\t\t<\/a>\r\n\t\t\t\t\t\t<\/div>\r\n\t\t\t\t\t\r\n\t\t\t\t\t\t\t\t\t\t<div class=\"small-24 medium-16 columns\">\r\n\t\t\t\t\t\t<i class=\"fa fa-angle-right\"><\/i>\r\n\t\t\t\t\t\t<a href=\"https:\/\/www.naturalscience.org\/de\/publikationen\/kochen-sie-noch-mit-mikrowellen\/\" class=\"further-information\">\r\n\t\t\t\t\t\t\tWeitere Informationen & Sprachen\t\t\t\t\t\t<\/a>\r\n\t\t\t\t\t<\/div>\r\n\t\t\t\t\r\n\t\t\t\t\r\n\r\n\t\t\t<\/div>\r\n\t\t<\/div>\r\n\r\n\t<\/div>\r\n<\/article>\t\t\t\t\t\t\t\t\t\t\t\t\r\n                    <\/div>\r\n                <\/div>\r\n            <\/div>\r\n\r\n\t\t\t\n","protected":false},"excerpt":{"rendered":"Eine aufr\u00fcttelnde kurze Erkl\u00e4rung \u00fcber die Gefahren der Mikrowellennahrung.","protected":false},"author":9,"featured_media":0,"parent":103,"menu_order":30,"comment_status":"closed","ping_status":"closed","template":"","meta":{"_acf_changed":false,"ngg_post_thumbnail":0,"footnotes":""},"categories":[79],"class_list":["post-432","page","type-page","status-publish","hentry","category-mikrowellenofen","wpautop"],"acf":[],"yoast_head":"<!-- This site is optimized with the Yoast SEO plugin v27.3 - https:\/\/yoast.com\/product\/yoast-seo-wordpress\/ -->\n<title>Mikrowellenofen - The World Foundation for Natural Science<\/title>\n<meta name=\"robots\" content=\"index, follow, max-snippet:-1, max-image-preview:large, max-video-preview:-1\" \/>\n<link rel=\"canonical\" href=\"https:\/\/www.naturalscience.org\/de\/themen\/mikrowellen\/mikrowellenofen\/\" \/>\n<meta name=\"twitter:label1\" content=\"Gesch\u00e4tzte Lesezeit\" \/>\n\t<meta name=\"twitter:data1\" content=\"1\u00a0Minute\" \/>\n<script type=\"application\/ld+json\" class=\"yoast-schema-graph\">{\"@context\":\"https:\\\/\\\/schema.org\",\"@graph\":[{\"@type\":\"WebPage\",\"@id\":\"https:\\\/\\\/www.naturalscience.org\\\/de\\\/themen\\\/mikrowellen\\\/mikrowellenofen\\\/\",\"url\":\"https:\\\/\\\/www.naturalscience.org\\\/de\\\/themen\\\/mikrowellen\\\/mikrowellenofen\\\/\",\"name\":\"Mikrowellenofen - The World Foundation for Natural Science\",\"isPartOf\":{\"@id\":\"https:\\\/\\\/www.naturalscience.org\\\/#website\"},\"primaryImageOfPage\":{\"@id\":\"https:\\\/\\\/www.naturalscience.org\\\/de\\\/themen\\\/mikrowellen\\\/mikrowellenofen\\\/#primaryimage\"},\"image\":{\"@id\":\"https:\\\/\\\/www.naturalscience.org\\\/de\\\/themen\\\/mikrowellen\\\/mikrowellenofen\\\/#primaryimage\"},\"thumbnailUrl\":\"https:\\\/\\\/www.naturalscience.org\\\/wp-content\\\/uploads\\\/2022\\\/12\\\/iStock_000053469888-300x200.jpg\",\"datePublished\":\"2014-10-23T21:01:04+00:00\",\"dateModified\":\"2022-12-30T10:56:31+00:00\",\"breadcrumb\":{\"@id\":\"https:\\\/\\\/www.naturalscience.org\\\/de\\\/themen\\\/mikrowellen\\\/mikrowellenofen\\\/#breadcrumb\"},\"inLanguage\":\"de\",\"potentialAction\":[{\"@type\":\"ReadAction\",\"target\":[\"https:\\\/\\\/www.naturalscience.org\\\/de\\\/themen\\\/mikrowellen\\\/mikrowellenofen\\\/\"]}]},{\"@type\":\"ImageObject\",\"inLanguage\":\"de\",\"@id\":\"https:\\\/\\\/www.naturalscience.org\\\/de\\\/themen\\\/mikrowellen\\\/mikrowellenofen\\\/#primaryimage\",\"url\":\"https:\\\/\\\/www.naturalscience.org\\\/wp-content\\\/uploads\\\/2022\\\/12\\\/iStock_000053469888-300x200.jpg\",\"contentUrl\":\"https:\\\/\\\/www.naturalscience.org\\\/wp-content\\\/uploads\\\/2022\\\/12\\\/iStock_000053469888-300x200.jpg\"},{\"@type\":\"BreadcrumbList\",\"@id\":\"https:\\\/\\\/www.naturalscience.org\\\/de\\\/themen\\\/mikrowellen\\\/mikrowellenofen\\\/#breadcrumb\",\"itemListElement\":[{\"@type\":\"ListItem\",\"position\":1,\"name\":\"Home\",\"item\":\"https:\\\/\\\/www.naturalscience.org\\\/de\\\/\"},{\"@type\":\"ListItem\",\"position\":2,\"name\":\"Themen\",\"item\":\"https:\\\/\\\/www.naturalscience.org\\\/de\\\/themen\\\/\"},{\"@type\":\"ListItem\",\"position\":3,\"name\":\"Mikrowellen &#038; Mobilfunk\",\"item\":\"https:\\\/\\\/www.naturalscience.org\\\/de\\\/themen\\\/mikrowellen\\\/\"},{\"@type\":\"ListItem\",\"position\":4,\"name\":\"Mikrowellenofen\"}]},{\"@type\":\"WebSite\",\"@id\":\"https:\\\/\\\/www.naturalscience.org\\\/#website\",\"url\":\"https:\\\/\\\/www.naturalscience.org\\\/\",\"name\":\"The World Foundation for Natural Science\",\"description\":\"Restoring and Healing the World through Responsibility and Commitment in accord with Natural and Divine Law!\",\"potentialAction\":[{\"@type\":\"SearchAction\",\"target\":{\"@type\":\"EntryPoint\",\"urlTemplate\":\"https:\\\/\\\/www.naturalscience.org\\\/?s={search_term_string}\"},\"query-input\":{\"@type\":\"PropertyValueSpecification\",\"valueRequired\":true,\"valueName\":\"search_term_string\"}}],\"inLanguage\":\"de\"}]}<\/script>\n<!-- \/ Yoast SEO plugin. -->","yoast_head_json":{"title":"Mikrowellenofen - The World Foundation for Natural Science","robots":{"index":"index","follow":"follow","max-snippet":"max-snippet:-1","max-image-preview":"max-image-preview:large","max-video-preview":"max-video-preview:-1"},"canonical":"https:\/\/www.naturalscience.org\/de\/themen\/mikrowellen\/mikrowellenofen\/","twitter_misc":{"Gesch\u00e4tzte Lesezeit":"1\u00a0Minute"},"schema":{"@context":"https:\/\/schema.org","@graph":[{"@type":"WebPage","@id":"https:\/\/www.naturalscience.org\/de\/themen\/mikrowellen\/mikrowellenofen\/","url":"https:\/\/www.naturalscience.org\/de\/themen\/mikrowellen\/mikrowellenofen\/","name":"Mikrowellenofen - The World Foundation for Natural Science","isPartOf":{"@id":"https:\/\/www.naturalscience.org\/#website"},"primaryImageOfPage":{"@id":"https:\/\/www.naturalscience.org\/de\/themen\/mikrowellen\/mikrowellenofen\/#primaryimage"},"image":{"@id":"https:\/\/www.naturalscience.org\/de\/themen\/mikrowellen\/mikrowellenofen\/#primaryimage"},"thumbnailUrl":"https:\/\/www.naturalscience.org\/wp-content\/uploads\/2022\/12\/iStock_000053469888-300x200.jpg","datePublished":"2014-10-23T21:01:04+00:00","dateModified":"2022-12-30T10:56:31+00:00","breadcrumb":{"@id":"https:\/\/www.naturalscience.org\/de\/themen\/mikrowellen\/mikrowellenofen\/#breadcrumb"},"inLanguage":"de","potentialAction":[{"@type":"ReadAction","target":["https:\/\/www.naturalscience.org\/de\/themen\/mikrowellen\/mikrowellenofen\/"]}]},{"@type":"ImageObject","inLanguage":"de","@id":"https:\/\/www.naturalscience.org\/de\/themen\/mikrowellen\/mikrowellenofen\/#primaryimage","url":"https:\/\/www.naturalscience.org\/wp-content\/uploads\/2022\/12\/iStock_000053469888-300x200.jpg","contentUrl":"https:\/\/www.naturalscience.org\/wp-content\/uploads\/2022\/12\/iStock_000053469888-300x200.jpg"},{"@type":"BreadcrumbList","@id":"https:\/\/www.naturalscience.org\/de\/themen\/mikrowellen\/mikrowellenofen\/#breadcrumb","itemListElement":[{"@type":"ListItem","position":1,"name":"Home","item":"https:\/\/www.naturalscience.org\/de\/"},{"@type":"ListItem","position":2,"name":"Themen","item":"https:\/\/www.naturalscience.org\/de\/themen\/"},{"@type":"ListItem","position":3,"name":"Mikrowellen &#038; Mobilfunk","item":"https:\/\/www.naturalscience.org\/de\/themen\/mikrowellen\/"},{"@type":"ListItem","position":4,"name":"Mikrowellenofen"}]},{"@type":"WebSite","@id":"https:\/\/www.naturalscience.org\/#website","url":"https:\/\/www.naturalscience.org\/","name":"The World Foundation for Natural Science","description":"Restoring and Healing the World through Responsibility and Commitment in accord with Natural and Divine Law!","potentialAction":[{"@type":"SearchAction","target":{"@type":"EntryPoint","urlTemplate":"https:\/\/www.naturalscience.org\/?s={search_term_string}"},"query-input":{"@type":"PropertyValueSpecification","valueRequired":true,"valueName":"search_term_string"}}],"inLanguage":"de"}]}},"_links":{"self":[{"href":"https:\/\/www.naturalscience.org\/de\/wp-json\/wp\/v2\/pages\/432","targetHints":{"allow":["GET"]}}],"collection":[{"href":"https:\/\/www.naturalscience.org\/de\/wp-json\/wp\/v2\/pages"}],"about":[{"href":"https:\/\/www.naturalscience.org\/de\/wp-json\/wp\/v2\/types\/page"}],"author":[{"embeddable":true,"href":"https:\/\/www.naturalscience.org\/de\/wp-json\/wp\/v2\/users\/9"}],"replies":[{"embeddable":true,"href":"https:\/\/www.naturalscience.org\/de\/wp-json\/wp\/v2\/comments?post=432"}],"version-history":[{"count":4,"href":"https:\/\/www.naturalscience.org\/de\/wp-json\/wp\/v2\/pages\/432\/revisions"}],"predecessor-version":[{"id":38457,"href":"https:\/\/www.naturalscience.org\/de\/wp-json\/wp\/v2\/pages\/432\/revisions\/38457"}],"up":[{"embeddable":true,"href":"https:\/\/www.naturalscience.org\/de\/wp-json\/wp\/v2\/pages\/103"}],"wp:attachment":[{"href":"https:\/\/www.naturalscience.org\/de\/wp-json\/wp\/v2\/media?parent=432"}],"wp:term":[{"taxonomy":"category","embeddable":true,"href":"https:\/\/www.naturalscience.org\/de\/wp-json\/wp\/v2\/categories?post=432"}],"curies":[{"name":"wp","href":"https:\/\/api.w.org\/{rel}","templated":true}]}}