{"id":428,"date":"2014-10-23T22:49:42","date_gmt":"2014-10-23T20:49:42","guid":{"rendered":"http:\/\/test.naturalscience.org\/themen\/social-media\/"},"modified":"2022-12-30T11:19:01","modified_gmt":"2022-12-30T10:19:01","slug":"internet-social-media","status":"publish","type":"page","link":"https:\/\/www.naturalscience.org\/de\/themen\/gesundheit\/internet-social-media\/","title":{"rendered":"Internet &#038; Social Media"},"content":{"rendered":"<p>Noch vor zwanzig Jahren konnten sich nur wenige Menschen vorstellen, dass wir eines Tages immer und \u00fcberall erreichbar sein werden. Was damals noch ferne Zukunftsmusik war, ist heute schon \u201eStandard\u201c, besitzen doch zum Beispiel in der Schweiz hundert Prozent der Haushalte mindestens ein Mobiltelefon \u2013 und von den Jugendlichen immerhin satte 97 Prozent!<\/p>\n<p><img loading=\"lazy\" decoding=\"async\" class=\"wp-image-38409 size-medium alignleft\" src=\"https:\/\/www.naturalscience.org\/wp-content\/uploads\/2022\/12\/Student-with-mobile-phone-300x200.jpg\" alt=\"\" width=\"300\" height=\"200\" srcset=\"https:\/\/www.naturalscience.org\/wp-content\/uploads\/2022\/12\/Student-with-mobile-phone-300x200.jpg 300w, https:\/\/www.naturalscience.org\/wp-content\/uploads\/2022\/12\/Student-with-mobile-phone-1024x683.jpg 1024w, https:\/\/www.naturalscience.org\/wp-content\/uploads\/2022\/12\/Student-with-mobile-phone-768x512.jpg 768w, https:\/\/www.naturalscience.org\/wp-content\/uploads\/2022\/12\/Student-with-mobile-phone-1536x1024.jpg 1536w, https:\/\/www.naturalscience.org\/wp-content\/uploads\/2022\/12\/Student-with-mobile-phone-2048x1365.jpg 2048w, https:\/\/www.naturalscience.org\/wp-content\/uploads\/2022\/12\/Student-with-mobile-phone-164x109.jpg 164w, https:\/\/www.naturalscience.org\/wp-content\/uploads\/2022\/12\/Student-with-mobile-phone-400x267.jpg 400w, https:\/\/www.naturalscience.org\/wp-content\/uploads\/2022\/12\/Student-with-mobile-phone-500x333.jpg 500w\" sizes=\"auto, (max-width: 300px) 100vw, 300px\" \/><\/p>\n<p>Soziale Netzwerke boomen wie noch nie \u2013 und die Benutzer werden immer j\u00fcnger. <strong>Vier von f\u00fcnf Jugendlichen verf\u00fcgen \u00fcber mindestens einen Account in einem \u201eSozialen Netzwerk\u201c.<\/strong> Praktisch jeder Jugendliche besitzt heute ein eigenes Smartphone und hat somit Zugang zu den Weiten des Internets, egal wo er oder sie sich gerade aufh\u00e4lt. Was jedoch die wenigsten wissen, ist, dass das Internet gar nie f\u00fcr die breite \u00d6ffentlichkeit gedacht war. Denn <strong>das World Wide Web wurde urspr\u00fcnglich vom amerikanischen Milit\u00e4r zu Zeiten des Kalten Krieges entwickelt und programmiert<\/strong>. Dennoch lassen wir heute fahrl\u00e4ssig und oft ohne Kontrolle die Kleinsten unserer Gesellschaft damit herumspielen.<\/p>\n<div class=\"content-box green-1 width-60 right\">\n<div class=\"content-box-title\">Praktische Tipps f\u00fcr den Umgang mit dem Internet und den Sozialen Medien:<\/div>\n<div class=\"content-box-body\">\n<ul>\n<li>Kl\u00e4ren Sie Ihr Kind \u00fcber das Internet und seine \u201edunklen\u201c Seiten auf. Ein verantwortungsbewusster Umgang mit dem Internet und Social Media kann nur erreicht werden, wenn das Kind weiss, worauf es sich einl\u00e4sst.<\/li>\n<li>Begleiten Sie Ihr Kind im Internet (je nach Alter), bieten Sie Hilfestellung. Lassen Sie es nicht unbeaufsichtigt, auch wenn es davon nicht begeistert sein wird&#8230; <span class=\"more\"><i class=\"fa fa-angle-right \" ><\/i><a title=\"Wie Sie Ihrem Kind beim Umgang mit dem Internet und den Sozialen Medien helfen k\u00f6nnen\" href=\"https:\/\/www.naturalscience.org\/de\/themen\/gesundheit\/internet-social-media\/wie-sie-ihrem-kind-beim-umgang-mit-dem-internet-und-den-sozialen-medien-helfen-koennen\/\"> mehr<\/a><\/span><\/li>\n<\/ul>\n<\/div>\n<\/div>\n<p>Stellen Sie sich eine Stadt vor, in der es Bibliotheken, Restaurants, Kinos und P\u00e4rke zum Verweilen gibt, aber ebenso Rotlichtmilieus, Verbrecherbezirke, Drogentreffs und andere dunkle Orte. W\u00fcrden Sie Ihr Kind einfach so ohne Begleitung in diese Stadt lassen? Gewiss nicht. Das Internet ist heute jedoch genau zu solch einer Stadt mit \u201ehellen\u201c und \u201edunklen\u201c Orten geworden.<\/p>\n<p>Mit dem Internet werden Gewinne in Milliardenh\u00f6he erzielt; ein Grund, warum es die Internet-Industrie gezielt auf Kinder und Jugendliche abgesehen hat. Denn nur wer von klein auf mit einer Marke, einem Sozialen Netzwerk und einem Internetzugang aufw\u00e4chst, wird ein Leben lang treu \u2013 oder gar s\u00fcchtig \u2013 sein. Was vielen Nutzern nicht bewusst ist, ist die Tatsache, dass, wenn etwas gratis ist, wir nicht nur Kunde, sondern vor allem Produkt sind. <strong>Im Falle von Sozialen Netzwerken verkaufen wir unsere <strong>Privatsph\u00e4re<\/strong><\/strong> \u2013<strong> unser Leben \u2013 und unsere pers\u00f6nliche Freiheit.<\/strong><\/p>\n<p><strong>Kinder brauchen f\u00fcr ihre <strong>gesunde Entwicklung<\/strong> ein intaktes Umfeld, das Werte wie Familieneinheit, wahre Freundschaft, Moral, Anstand und vor allem Liebe und Geborgenheit vermittelt.<\/strong> Leider kommen diese Attribute in den sogenannt \u201eSozialen\u201c Netzwerken fast gar nicht und in unserer Gesellschaft immer weniger vor.<\/p>\n<p>The World Foundation for Natural Science kl\u00e4rt Eltern, Lehrer, Erwachsene und besonders die Kinder und Jugendlichen \u00fcber die Gefahren des Internets und der Sozialen Medien auf, informiert aber auch, wie diese neuen Medien sinn- und verantwortungsvoll genutzt werden k\u00f6nnen.<\/p>\n\n            <div class=\"publication-list hide-for-print\">\r\n                <div class=\"row\">\r\n                    <div class=\"small-24 columns \">\r\n                        <div class=\"title\">Publikationen<\/div>\r\n\r\n\t\t\t\t\t\t\t\t\t\t\t\t\t\r\n\r\n<article class=\"row collapse all publication-item allgemein internet-social-media  fact-sheet wfns\">\r\n\r\n\t<div class=\"cover medium-7 columns\">\r\n\t\t<a href=\"https:\/\/www.naturalscience.org\/de\/publikationen\/factsheet-ai\/\">\r\n\t\t\t<img loading=\"lazy\" decoding=\"async\" src=\"https:\/\/www.naturalscience.org\/wp-content\/uploads\/2025\/10\/2025-10-17TWFNS-FSAIGEWEBCOVER-212x300.png\" width=\"212\" height=\"300\">\t\t<\/a>\r\n\t<\/div>\r\n\r\n\t<div class=\"text medium-17 columns\">\r\n\r\n\t\t<div class=\"type\">\r\n\t\t\tFact Sheet\t\t<\/div>\r\n\r\n\t\t<div class=\"name\">\r\n\t\t\t<a href=\"https:\/\/www.naturalscience.org\/de\/publikationen\/factsheet-ai\/\">K\u00fcnstliche Intelligenz: Vorteil oder Bedrohung?<\/a>\r\n\t\t<\/div>\r\n\r\n\t\t<p class=\"description\">\r\n\t\t\tDer Einsatz und die Nutzung von Computern und computergesteuerten Maschinen ist aus unserem heutigen Alltag nicht mehr wegzudenken. Die Anwendungsm\u00f6glichkeiten dieser technischen Ger\u00e4te werden durch den Einsatz von sogenannter \u201eK\u00fcnstlicher Intelligenz\u201c immer vielf\u00e4ltiger. Damit w\u00e4chst auch unsere Abh\u00e4ngigkeit von Technik sowie ihr Einfluss auf unsere Kommunikation und Bildung, auf die Entscheidungsfindung und Lebensweise. Die Anwendung von K\u00fcnstlicher Intelligenz birgt Chancen, aber auch Risiken, und eine Diskussion \u00fcber den verantwortungsvollen und ethischen Umgang damit tut dringend not.\t\t<\/p>\r\n\r\n\t\t<div class=\"buttons\">\r\n\t\t\t<div class=\"row collapse\">\r\n\t\t\t\t\t\t\t\t\t\t<div class=\"small-24 medium-8 columns\">\r\n\t\t\t\t\t\t\t<a href=\"https:\/\/www.naturalscience.org\/wp-content\/uploads\/2025\/10\/2025-10-17TWFNS-FSAIGEWEB.pdf\" class=\"button radius primary small\" target=\"_blank\">\r\n\t\t\t\t\t\t\t\t<i class=\"fa fa-download\"><\/i>&nbsp;&nbsp;Herunterladen\t\t\t\t\t\t\t<\/a>\r\n\t\t\t\t\t\t<\/div>\r\n\t\t\t\t\t\r\n\t\t\t\t\t\t\t\t\t\t<div class=\"small-24 medium-16 columns\">\r\n\t\t\t\t\t\t<i class=\"fa fa-angle-right\"><\/i>\r\n\t\t\t\t\t\t<a href=\"https:\/\/www.naturalscience.org\/de\/publikationen\/factsheet-ai\/\" class=\"further-information\">\r\n\t\t\t\t\t\t\tWeitere Informationen & Sprachen\t\t\t\t\t\t<\/a>\r\n\t\t\t\t\t<\/div>\r\n\t\t\t\t\r\n\t\t\t\t\r\n\r\n\t\t\t<\/div>\r\n\t\t<\/div>\r\n\r\n\t<\/div>\r\n<\/article>\t\t\t\t\t\t\t\t\t\t\t\t\t\r\n\r\n<article class=\"row collapse all publication-item gesundheit rauchen internet-social-media  film wfns\">\r\n\r\n\t<div class=\"cover medium-7 columns\">\r\n\t\t<a href=\"https:\/\/www.naturalscience.org\/de\/publikationen\/sucht-und-wie-sie-entsteht\/\">\r\n\t\t\t<img loading=\"lazy\" decoding=\"async\" src=\"https:\/\/www.naturalscience.org\/wp-content\/uploads\/2019\/02\/KY-Addiction-I-DE-300x169.jpg\" width=\"300\" height=\"169\">\t\t<\/a>\r\n\t<\/div>\r\n\r\n\t<div class=\"text medium-17 columns\">\r\n\r\n\t\t<div class=\"type\">\r\n\t\t\tFilm\t\t<\/div>\r\n\r\n\t\t<div class=\"name\">\r\n\t\t\t<a href=\"https:\/\/www.naturalscience.org\/de\/publikationen\/sucht-und-wie-sie-entsteht\/\">Teil 1: Sucht Und Wie Sie Entsteht<\/a>\r\n\t\t<\/div>\r\n\r\n\t\t<p class=\"description\">\r\n\t\t\tObwohl Suchterkrankungen sehr unterschiedlich sein k\u00f6nnen, von Alkohol- und Drogen- bis hin zu Internetsucht, findet man doch gemeinsame Wurzeln. Sowohl aus biologischer Sicht als auch psychosozial gibt es Faktoren, die eine Suchtentwicklung f\u00f6rdern oder davor sch\u00fctzen k\u00f6nnen. Erst ein Verst\u00e4ndnis dieser Faktoren erlaubt uns, Suchterkrankungen vorzubeugen oder Betroffene passend zu betreuen.\t\t<\/p>\r\n\r\n\t\t<div class=\"buttons\">\r\n\t\t\t<div class=\"row collapse\">\r\n\t\t\t\t\t\t\t\t\t<div class=\"small-24 medium-9 columns\">\r\n\t\t\t\t\t\t<a href=\"https:\/\/www.naturalscience.org\/de\/publikationen\/sucht-und-wie-sie-entsteht\/\" class=\"button radius primary small\">\r\n\t\t\t\t\t\t\t<i class=\"fa fa-play\"><\/i>&nbsp;&nbsp;Video ansehen\t\t\t\t\t\t<\/a>\r\n\t\t\t\t\t<\/div>\r\n\t\t\t\t\r\n\r\n\t\t\t<\/div>\r\n\t\t<\/div>\r\n\r\n\t<\/div>\r\n<\/article>\t\t\t\t\t\t\t\t\t\t\t\t\t\r\n\r\n<article class=\"row collapse all publication-item gesundheit rauchen internet-social-media  film wfns\">\r\n\r\n\t<div class=\"cover medium-7 columns\">\r\n\t\t<a href=\"https:\/\/www.naturalscience.org\/de\/publikationen\/sucht-behandlung-und-praevention\/\">\r\n\t\t\t<img loading=\"lazy\" decoding=\"async\" src=\"https:\/\/www.naturalscience.org\/wp-content\/uploads\/2019\/02\/KY-Addiction-II-DE-300x169.png\" width=\"300\" height=\"169\">\t\t<\/a>\r\n\t<\/div>\r\n\r\n\t<div class=\"text medium-17 columns\">\r\n\r\n\t\t<div class=\"type\">\r\n\t\t\tFilm\t\t<\/div>\r\n\r\n\t\t<div class=\"name\">\r\n\t\t\t<a href=\"https:\/\/www.naturalscience.org\/de\/publikationen\/sucht-behandlung-und-praevention\/\">Teil 2: Sucht\u2014Behandlung Und Pr\u00e4vention<\/a>\r\n\t\t<\/div>\r\n\r\n\t\t<p class=\"description\">\r\n\t\t\tOb Gamen, Pornografie, Zigaretten oder Drogen: Unser K\u00f6rper funktioniert bei jeder Sucht nach dem gleichen Muster. Anhand von Fallbeispielen aus seiner klinischen Praxis erkl\u00e4rt der Referent, wie man Suchterkrankungen vorbeugt und wie sie behandelt werden k\u00f6nnen.\t\t<\/p>\r\n\r\n\t\t<div class=\"buttons\">\r\n\t\t\t<div class=\"row collapse\">\r\n\t\t\t\t\t\t\t\t\t<div class=\"small-24 medium-9 columns\">\r\n\t\t\t\t\t\t<a href=\"https:\/\/www.naturalscience.org\/de\/publikationen\/sucht-behandlung-und-praevention\/\" class=\"button radius primary small\">\r\n\t\t\t\t\t\t\t<i class=\"fa fa-play\"><\/i>&nbsp;&nbsp;Video ansehen\t\t\t\t\t\t<\/a>\r\n\t\t\t\t\t<\/div>\r\n\t\t\t\t\r\n\r\n\t\t\t<\/div>\r\n\t\t<\/div>\r\n\r\n\t<\/div>\r\n<\/article>\t\t\t\t\t\t\t\t\t\t\t\t\t\r\n\r\n<article class=\"row collapse all publication-item gesundheit internet-social-media  film wfns\">\r\n\r\n\t<div class=\"cover medium-7 columns\">\r\n\t\t<a href=\"https:\/\/www.naturalscience.org\/de\/publikationen\/soziale-medien-sind-sie-das-wirklich\/\">\r\n\t\t\t<img loading=\"lazy\" decoding=\"async\" src=\"https:\/\/www.naturalscience.org\/wp-content\/uploads\/2019\/02\/03thumblongDE-300x169.jpg\" width=\"300\" height=\"169\">\t\t<\/a>\r\n\t<\/div>\r\n\r\n\t<div class=\"text medium-17 columns\">\r\n\r\n\t\t<div class=\"type\">\r\n\t\t\tFilm\t\t<\/div>\r\n\r\n\t\t<div class=\"name\">\r\n\t\t\t<a href=\"https:\/\/www.naturalscience.org\/de\/publikationen\/soziale-medien-sind-sie-das-wirklich\/\">Soziale Medien\u2014Sind Sie Das Wirklich?<\/a>\r\n\t\t<\/div>\r\n\r\n\t\t<p class=\"description\">\r\n\t\t\tDer Mensch ist von Natur aus ein soziales Wesen und die meisten von uns entfalten sich besser, wenn sie Freundschaften pflegen. Heutzutage jedoch, mit dem Hype um die \u201eSozialen Medien\u201d, die weltweit so popul\u00e4r geworden sind und unser Leben auf krankhafte Weise \u00fcberfluten, haben die Sozialen Medien still und leise die Befriedigung des Bed\u00fcrfnisses nach einem Zugeh\u00f6rigkeitsgef\u00fchl ersetzt\u2014so scheint es. Doch k\u00f6nnen diese virtuellen Beziehungen unter keinen Umst\u00e4nden den direkten menschlichen Kontakt ersetzen. Alle Sozialen Medien greifen tief in unser Leben ein. Allm\u00e4hlich schwindet unsere nat\u00fcrliche Wahrnehmung des Lebens und unser Unterscheidungsverm\u00f6gen wird beschmutzt, wodurch die Benutzer vom authentischen, wirklichen Leben getrennt werden, um der unnat\u00fcrlichen, ungesunden virtuellen Wirklichkeit den Vorrang zu geben.\t\t<\/p>\r\n\r\n\t\t<div class=\"buttons\">\r\n\t\t\t<div class=\"row collapse\">\r\n\t\t\t\t\t\t\t\t\t<div class=\"small-24 medium-9 columns\">\r\n\t\t\t\t\t\t<a href=\"https:\/\/www.naturalscience.org\/de\/publikationen\/soziale-medien-sind-sie-das-wirklich\/\" class=\"button radius primary small\">\r\n\t\t\t\t\t\t\t<i class=\"fa fa-play\"><\/i>&nbsp;&nbsp;Video ansehen\t\t\t\t\t\t<\/a>\r\n\t\t\t\t\t<\/div>\r\n\t\t\t\t\r\n\r\n\t\t\t<\/div>\r\n\t\t<\/div>\r\n\r\n\t<\/div>\r\n<\/article>\t\t\t\t\t\t\t\t\t\t\t\t\t\r\n\r\n<article class=\"row collapse all publication-item gesundheit internet-social-media  film wfns\">\r\n\r\n\t<div class=\"cover medium-7 columns\">\r\n\t\t<a href=\"https:\/\/www.naturalscience.org\/de\/publikationen\/die-digitalisierung-der-gesellschaft-und-ihre-folgen\/\">\r\n\t\t\t<img loading=\"lazy\" decoding=\"async\" src=\"https:\/\/www.naturalscience.org\/wp-content\/uploads\/2017\/01\/Digitalisierung-DE-300x169.jpg\" width=\"300\" height=\"169\">\t\t<\/a>\r\n\t<\/div>\r\n\r\n\t<div class=\"text medium-17 columns\">\r\n\r\n\t\t<div class=\"type\">\r\n\t\t\tFilm\t\t<\/div>\r\n\r\n\t\t<div class=\"name\">\r\n\t\t\t<a href=\"https:\/\/www.naturalscience.org\/de\/publikationen\/die-digitalisierung-der-gesellschaft-und-ihre-folgen\/\">Die Digitalisierung der Gesellschaft und ihre Folgen<\/a>\r\n\t\t<\/div>\r\n\r\n\t\t<p class=\"description\">\r\n\t\t\tEin Leben ohne Internet \u2013 das k\u00f6nnen wir uns kaum mehr vorstellen. Doch wie hat die Digitalisierung unsere Gesellschaft ver\u00e4ndert? Warum \u201everlieren\u201d sich immer mehr Menschen im Internet? Welche Auswirkungen haben Soziale Medien auf die Entwicklung und Gehirne unserer Kinder? Besteht ein Zusammenhang zwischen der Nutzung digitaler Medien und der rasanten Ausbreitung von Sprach- und Lernst\u00f6rungen, Aufmerksamkeitsdefizitst\u00f6rungen, Stress und der steigenden Gewaltbereitschaft bei Kindern und Jugendlichen? Erfahren Sie, warum dringender Handlungsbedarf besteht und wie ein verantwortungsvoller Umgang mit diesen modernen Technologien aussehen kann.\t\t<\/p>\r\n\r\n\t\t<div class=\"buttons\">\r\n\t\t\t<div class=\"row collapse\">\r\n\t\t\t\t\t\t\t\t\t<div class=\"small-24 medium-9 columns\">\r\n\t\t\t\t\t\t<a href=\"https:\/\/www.naturalscience.org\/de\/publikationen\/die-digitalisierung-der-gesellschaft-und-ihre-folgen\/\" class=\"button radius primary small\">\r\n\t\t\t\t\t\t\t<i class=\"fa fa-play\"><\/i>&nbsp;&nbsp;Video ansehen\t\t\t\t\t\t<\/a>\r\n\t\t\t\t\t<\/div>\r\n\t\t\t\t\r\n\r\n\t\t\t<\/div>\r\n\t\t<\/div>\r\n\r\n\t<\/div>\r\n<\/article>\t\t\t\t\t\t\t\t\t\t\t\t\t\r\n\r\n<article class=\"row collapse all publication-item gesundheit internet-social-media  brochure wfns\">\r\n\r\n\t<div class=\"cover medium-7 columns\">\r\n\t\t<a href=\"https:\/\/www.naturalscience.org\/de\/publikationen\/internet-und-social-media-ein-ratgeber-fuer-eltern-und-kinder\/\">\r\n\t\t\t<img loading=\"lazy\" decoding=\"async\" src=\"https:\/\/www.naturalscience.org\/wp-content\/uploads\/2015\/07\/2016-05-15-WFNS-Brochure-Social-Media-GERMAN-Frontpicture-130x300.jpg\" width=\"130\" height=\"300\">\t\t<\/a>\r\n\t<\/div>\r\n\r\n\t<div class=\"text medium-17 columns\">\r\n\r\n\t\t<div class=\"type\">\r\n\t\t\tBrosch\u00fcre\t\t<\/div>\r\n\r\n\t\t<div class=\"name\">\r\n\t\t\t<a href=\"https:\/\/www.naturalscience.org\/de\/publikationen\/internet-und-social-media-ein-ratgeber-fuer-eltern-und-kinder\/\">Internet und Social Media &#8211; Ein Ratgeber f\u00fcr Eltern und Kinder<\/a>\r\n\t\t<\/div>\r\n\r\n\t\t<p class=\"description\">\r\n\t\t\tFaltblatt f\u00fcr Eltern und Kinder mit den wichtigsten Informationen \u00fcber die Gefahren des Internets und Social Media.\t\t<\/p>\r\n\r\n\t\t<div class=\"buttons\">\r\n\t\t\t<div class=\"row collapse\">\r\n\t\t\t\t\t\t\t\t\t\t<div class=\"small-24 medium-8 columns\">\r\n\t\t\t\t\t\t\t<a href=\"https:\/\/www.naturalscience.org\/wp-content\/uploads\/2015\/07\/2016-05-15-WFNS-Brochure-Social-Media-GERMAN-WEB.pdf\" class=\"button radius primary small\" target=\"_blank\">\r\n\t\t\t\t\t\t\t\t<i class=\"fa fa-download\"><\/i>&nbsp;&nbsp;Herunterladen\t\t\t\t\t\t\t<\/a>\r\n\t\t\t\t\t\t<\/div>\r\n\t\t\t\t\t\r\n\t\t\t\t\t\t\t\t\t\t<div class=\"small-24 medium-16 columns\">\r\n\t\t\t\t\t\t<i class=\"fa fa-angle-right\"><\/i>\r\n\t\t\t\t\t\t<a href=\"https:\/\/www.naturalscience.org\/de\/publikationen\/internet-und-social-media-ein-ratgeber-fuer-eltern-und-kinder\/\" class=\"further-information\">\r\n\t\t\t\t\t\t\tWeitere Informationen & Sprachen\t\t\t\t\t\t<\/a>\r\n\t\t\t\t\t<\/div>\r\n\t\t\t\t\r\n\t\t\t\t\r\n\r\n\t\t\t<\/div>\r\n\t\t<\/div>\r\n\r\n\t<\/div>\r\n<\/article>\t\t\t\t\t\t\t\t\t\t\t\t\r\n                    <\/div>\r\n                <\/div>\r\n            <\/div>\r\n\r\n\t\t\t\n","protected":false},"excerpt":{"rendered":"","protected":false},"author":9,"featured_media":0,"parent":108,"menu_order":43,"comment_status":"closed","ping_status":"closed","template":"","meta":{"_acf_changed":false,"ngg_post_thumbnail":0,"footnotes":""},"categories":[78],"class_list":["post-428","page","type-page","status-publish","hentry","category-internet-social-media","wpautop"],"acf":[],"yoast_head":"<!-- This site is optimized with the Yoast SEO plugin v27.5 - https:\/\/yoast.com\/product\/yoast-seo-wordpress\/ -->\n<title>Internet &amp; Social Media - The World Foundation for Natural Science<\/title>\n<meta name=\"robots\" content=\"index, follow, max-snippet:-1, max-image-preview:large, max-video-preview:-1\" \/>\n<link rel=\"canonical\" href=\"https:\/\/www.naturalscience.org\/de\/themen\/gesundheit\/internet-social-media\/\" \/>\n<meta name=\"twitter:label1\" content=\"Gesch\u00e4tzte Lesezeit\" \/>\n\t<meta name=\"twitter:data1\" content=\"3\u00a0Minuten\" \/>\n<script type=\"application\/ld+json\" class=\"yoast-schema-graph\">{\"@context\":\"https:\\\/\\\/schema.org\",\"@graph\":[{\"@type\":\"WebPage\",\"@id\":\"https:\\\/\\\/www.naturalscience.org\\\/de\\\/themen\\\/gesundheit\\\/internet-social-media\\\/\",\"url\":\"https:\\\/\\\/www.naturalscience.org\\\/de\\\/themen\\\/gesundheit\\\/internet-social-media\\\/\",\"name\":\"Internet & Social Media - The World Foundation for Natural Science\",\"isPartOf\":{\"@id\":\"https:\\\/\\\/www.naturalscience.org\\\/#website\"},\"primaryImageOfPage\":{\"@id\":\"https:\\\/\\\/www.naturalscience.org\\\/de\\\/themen\\\/gesundheit\\\/internet-social-media\\\/#primaryimage\"},\"image\":{\"@id\":\"https:\\\/\\\/www.naturalscience.org\\\/de\\\/themen\\\/gesundheit\\\/internet-social-media\\\/#primaryimage\"},\"thumbnailUrl\":\"https:\\\/\\\/www.naturalscience.org\\\/wp-content\\\/uploads\\\/2022\\\/12\\\/Student-with-mobile-phone-300x200.jpg\",\"datePublished\":\"2014-10-23T20:49:42+00:00\",\"dateModified\":\"2022-12-30T10:19:01+00:00\",\"breadcrumb\":{\"@id\":\"https:\\\/\\\/www.naturalscience.org\\\/de\\\/themen\\\/gesundheit\\\/internet-social-media\\\/#breadcrumb\"},\"inLanguage\":\"de\",\"potentialAction\":[{\"@type\":\"ReadAction\",\"target\":[\"https:\\\/\\\/www.naturalscience.org\\\/de\\\/themen\\\/gesundheit\\\/internet-social-media\\\/\"]}]},{\"@type\":\"ImageObject\",\"inLanguage\":\"de\",\"@id\":\"https:\\\/\\\/www.naturalscience.org\\\/de\\\/themen\\\/gesundheit\\\/internet-social-media\\\/#primaryimage\",\"url\":\"https:\\\/\\\/www.naturalscience.org\\\/wp-content\\\/uploads\\\/2022\\\/12\\\/Student-with-mobile-phone-300x200.jpg\",\"contentUrl\":\"https:\\\/\\\/www.naturalscience.org\\\/wp-content\\\/uploads\\\/2022\\\/12\\\/Student-with-mobile-phone-300x200.jpg\"},{\"@type\":\"BreadcrumbList\",\"@id\":\"https:\\\/\\\/www.naturalscience.org\\\/de\\\/themen\\\/gesundheit\\\/internet-social-media\\\/#breadcrumb\",\"itemListElement\":[{\"@type\":\"ListItem\",\"position\":1,\"name\":\"Home\",\"item\":\"https:\\\/\\\/www.naturalscience.org\\\/de\\\/\"},{\"@type\":\"ListItem\",\"position\":2,\"name\":\"Themen\",\"item\":\"https:\\\/\\\/www.naturalscience.org\\\/de\\\/themen\\\/\"},{\"@type\":\"ListItem\",\"position\":3,\"name\":\"Gesundheit\",\"item\":\"https:\\\/\\\/www.naturalscience.org\\\/de\\\/themen\\\/gesundheit\\\/\"},{\"@type\":\"ListItem\",\"position\":4,\"name\":\"Internet &#038; Social Media\"}]},{\"@type\":\"WebSite\",\"@id\":\"https:\\\/\\\/www.naturalscience.org\\\/#website\",\"url\":\"https:\\\/\\\/www.naturalscience.org\\\/\",\"name\":\"The World Foundation for Natural Science\",\"description\":\"Restoring and Healing the World through Responsibility and Commitment in accord with Natural and Divine Law!\",\"potentialAction\":[{\"@type\":\"SearchAction\",\"target\":{\"@type\":\"EntryPoint\",\"urlTemplate\":\"https:\\\/\\\/www.naturalscience.org\\\/?s={search_term_string}\"},\"query-input\":{\"@type\":\"PropertyValueSpecification\",\"valueRequired\":true,\"valueName\":\"search_term_string\"}}],\"inLanguage\":\"de\"}]}<\/script>\n<!-- \/ Yoast SEO plugin. -->","yoast_head_json":{"title":"Internet & Social Media - The World Foundation for Natural Science","robots":{"index":"index","follow":"follow","max-snippet":"max-snippet:-1","max-image-preview":"max-image-preview:large","max-video-preview":"max-video-preview:-1"},"canonical":"https:\/\/www.naturalscience.org\/de\/themen\/gesundheit\/internet-social-media\/","twitter_misc":{"Gesch\u00e4tzte Lesezeit":"3\u00a0Minuten"},"schema":{"@context":"https:\/\/schema.org","@graph":[{"@type":"WebPage","@id":"https:\/\/www.naturalscience.org\/de\/themen\/gesundheit\/internet-social-media\/","url":"https:\/\/www.naturalscience.org\/de\/themen\/gesundheit\/internet-social-media\/","name":"Internet & Social Media - The World Foundation for Natural Science","isPartOf":{"@id":"https:\/\/www.naturalscience.org\/#website"},"primaryImageOfPage":{"@id":"https:\/\/www.naturalscience.org\/de\/themen\/gesundheit\/internet-social-media\/#primaryimage"},"image":{"@id":"https:\/\/www.naturalscience.org\/de\/themen\/gesundheit\/internet-social-media\/#primaryimage"},"thumbnailUrl":"https:\/\/www.naturalscience.org\/wp-content\/uploads\/2022\/12\/Student-with-mobile-phone-300x200.jpg","datePublished":"2014-10-23T20:49:42+00:00","dateModified":"2022-12-30T10:19:01+00:00","breadcrumb":{"@id":"https:\/\/www.naturalscience.org\/de\/themen\/gesundheit\/internet-social-media\/#breadcrumb"},"inLanguage":"de","potentialAction":[{"@type":"ReadAction","target":["https:\/\/www.naturalscience.org\/de\/themen\/gesundheit\/internet-social-media\/"]}]},{"@type":"ImageObject","inLanguage":"de","@id":"https:\/\/www.naturalscience.org\/de\/themen\/gesundheit\/internet-social-media\/#primaryimage","url":"https:\/\/www.naturalscience.org\/wp-content\/uploads\/2022\/12\/Student-with-mobile-phone-300x200.jpg","contentUrl":"https:\/\/www.naturalscience.org\/wp-content\/uploads\/2022\/12\/Student-with-mobile-phone-300x200.jpg"},{"@type":"BreadcrumbList","@id":"https:\/\/www.naturalscience.org\/de\/themen\/gesundheit\/internet-social-media\/#breadcrumb","itemListElement":[{"@type":"ListItem","position":1,"name":"Home","item":"https:\/\/www.naturalscience.org\/de\/"},{"@type":"ListItem","position":2,"name":"Themen","item":"https:\/\/www.naturalscience.org\/de\/themen\/"},{"@type":"ListItem","position":3,"name":"Gesundheit","item":"https:\/\/www.naturalscience.org\/de\/themen\/gesundheit\/"},{"@type":"ListItem","position":4,"name":"Internet &#038; Social Media"}]},{"@type":"WebSite","@id":"https:\/\/www.naturalscience.org\/#website","url":"https:\/\/www.naturalscience.org\/","name":"The World Foundation for Natural Science","description":"Restoring and Healing the World through Responsibility and Commitment in accord with Natural and Divine Law!","potentialAction":[{"@type":"SearchAction","target":{"@type":"EntryPoint","urlTemplate":"https:\/\/www.naturalscience.org\/?s={search_term_string}"},"query-input":{"@type":"PropertyValueSpecification","valueRequired":true,"valueName":"search_term_string"}}],"inLanguage":"de"}]}},"_links":{"self":[{"href":"https:\/\/www.naturalscience.org\/de\/wp-json\/wp\/v2\/pages\/428","targetHints":{"allow":["GET"]}}],"collection":[{"href":"https:\/\/www.naturalscience.org\/de\/wp-json\/wp\/v2\/pages"}],"about":[{"href":"https:\/\/www.naturalscience.org\/de\/wp-json\/wp\/v2\/types\/page"}],"author":[{"embeddable":true,"href":"https:\/\/www.naturalscience.org\/de\/wp-json\/wp\/v2\/users\/9"}],"replies":[{"embeddable":true,"href":"https:\/\/www.naturalscience.org\/de\/wp-json\/wp\/v2\/comments?post=428"}],"version-history":[{"count":5,"href":"https:\/\/www.naturalscience.org\/de\/wp-json\/wp\/v2\/pages\/428\/revisions"}],"predecessor-version":[{"id":38416,"href":"https:\/\/www.naturalscience.org\/de\/wp-json\/wp\/v2\/pages\/428\/revisions\/38416"}],"up":[{"embeddable":true,"href":"https:\/\/www.naturalscience.org\/de\/wp-json\/wp\/v2\/pages\/108"}],"wp:attachment":[{"href":"https:\/\/www.naturalscience.org\/de\/wp-json\/wp\/v2\/media?parent=428"}],"wp:term":[{"taxonomy":"category","embeddable":true,"href":"https:\/\/www.naturalscience.org\/de\/wp-json\/wp\/v2\/categories?post=428"}],"curies":[{"name":"wp","href":"https:\/\/api.w.org\/{rel}","templated":true}]}}