{"id":41275,"date":"2024-10-28T14:56:50","date_gmt":"2024-10-28T13:56:50","guid":{"rendered":"https:\/\/www.naturalscience.org\/?page_id=41275"},"modified":"2024-11-07T17:39:50","modified_gmt":"2024-11-07T16:39:50","slug":"congress-2024","status":"publish","type":"page","link":"https:\/\/www.naturalscience.org\/de\/congress-2024\/","title":{"rendered":"27. Internationaler \u201eNeuer Wissenschaftlicher Ausblick\u201d Welt-Kongress"},"content":{"rendered":"<div class=\"small-24 medium-8 columns text-center\">\n<div class=\"document-wrapper\">\n<p><a href=\"https:\/\/www.naturalscience.org\/wp-content\/uploads\/2024\/11\/02-GE2024-11-05NSOC-2024INVITE-1.pdf\" target=\"_blank\" rel=\"noopener noreferrer\"><img loading=\"lazy\" decoding=\"async\" class=\"alignnone size-size-400 wp-image-31154\" src=\"https:\/\/www.naturalscience.org\/wp-content\/uploads\/2024\/11\/02-GE2024-11-05NSOC-2024INVITE-232x300.jpg\" alt=\"\" width=\"304\" height=\"400\"><\/a><\/p>\n<div class=\"button-outer\">\n<div class=\"button-inner\"><a class=\"button radius\" href=\"https:\/\/www.naturalscience.org\/wp-content\/uploads\/2024\/11\/02-GE2024-11-05NSOC-2024INVITE-1.pdf\" target=\"_blank\" rel=\"noopener noreferrer\">Einladungsbrief lesen <small>(PDF)<\/small><\/a><\/div>\n<\/div>\n<\/div>\n<\/div>\n<div class=\"small-24 medium-16 columns\" style=\"margin-top: 24px;\">\n<p>Ab sofort k\u00f6nnen Sie sich f\u00fcr diesen einzigartigen Kongress anmelden, der von <strong>Donnerstag, 28. November 2024 bis Sonntag, 1. Dezember 2024<\/strong> in Frankfurt, Deutschland, stattfindet.<\/p>\n<p>Bitte lesen Sie f\u00fcr weitere Informationen den Einladungsbrief unseres Pr\u00e4sidenten f\u00fcr Europa.<\/p>\n<p>Auch wenn der Besuch des ganzen Kongresses sehr empfohlen ist, k\u00f6nnen Sie ebenfalls nur an einzelnen Tagen oder Halbtagen teilnehmen. Rufen Sie bitte unseren Europ\u00e4ischen Hauptsitz unter der Telefonnummer +41(41)798-0398 vorher an.<\/p>\n<p>Wir freuen uns schon jetzt, Sie bald bei uns willkommen zu hei\u00dfen!<\/p>\n<div class=\"text-center\" style=\"margin: 25px 0px; text-align: center;\"><a class=\"button radius register\" href=\"https:\/\/www.naturalscience.org\/de\/congress-2024\/registration\/\"><i class=\"fa fa-hand-o-right \" ><\/i> Jetzt anmelden<\/a><\/div>\n<div class=\"text-center\" style=\"margin: 25px 0px; text-align: center;\"><a class=\"button radius small\" href=\"https:\/\/www.naturalscience.org\/de\/congress-2024\/hotel\/\"><i class=\"fa fa-bed\"><\/i> Hotelzimmer reservieren<\/a><\/div>\n<div class=\"text-center\" style=\"margin: 25px 0;\"><a href=\"https:\/\/www.naturalscience.org\/wp-content\/uploads\/2024\/11\/02-GE2024-11-07NSOC-2024PRGRMHOMEPAGE.pdf\">Ganzes Programm<\/a><\/div>\n<\/div>\n","protected":false},"excerpt":{"rendered":"Einladungsbrief lesen (PDF) Ab sofort k\u00f6nnen Sie sich f\u00fcr diesen einzigartigen Kongress anmelden, der von Donnerstag, 28. November 2024 bis Sonntag, 1. Dezember 2024 in Frankfurt, Deutschland, stattfindet. Bitte lesen Sie f\u00fcr weitere Informationen den Einladungsbrief unseres Pr\u00e4sidenten f\u00fcr Europa. Auch wenn der Besuch des ganzen Kongresses sehr empfohlen ist, k\u00f6nnen Sie ebenfalls nur an [&hellip;]","protected":false},"author":14,"featured_media":0,"parent":0,"menu_order":0,"comment_status":"closed","ping_status":"closed","template":"page-full.php","meta":{"_acf_changed":false,"ngg_post_thumbnail":0,"footnotes":""},"categories":[],"class_list":["post-41275","page","type-page","status-publish","hentry","wpautop"],"acf":[],"yoast_head":"<!-- This site is optimized with the Yoast SEO plugin v27.5 - https:\/\/yoast.com\/product\/yoast-seo-wordpress\/ -->\n<title>27. Internationaler \u201eNeuer Wissenschaftlicher Ausblick\u201d Welt-Kongress - The World Foundation for Natural Science<\/title>\n<meta name=\"robots\" content=\"index, follow, max-snippet:-1, max-image-preview:large, max-video-preview:-1\" \/>\n<link rel=\"canonical\" href=\"https:\/\/www.naturalscience.org\/de\/congress-2024\/\" \/>\n<meta name=\"twitter:label1\" content=\"Gesch\u00e4tzte Lesezeit\" \/>\n\t<meta name=\"twitter:data1\" content=\"1\u00a0Minute\" \/>\n<script type=\"application\/ld+json\" class=\"yoast-schema-graph\">{\"@context\":\"https:\\\/\\\/schema.org\",\"@graph\":[{\"@type\":\"WebPage\",\"@id\":\"https:\\\/\\\/www.naturalscience.org\\\/de\\\/congress-2024\\\/\",\"url\":\"https:\\\/\\\/www.naturalscience.org\\\/de\\\/congress-2024\\\/\",\"name\":\"27. Internationaler \u201eNeuer Wissenschaftlicher Ausblick\u201d Welt-Kongress - The World Foundation for Natural Science\",\"isPartOf\":{\"@id\":\"https:\\\/\\\/www.naturalscience.org\\\/#website\"},\"primaryImageOfPage\":{\"@id\":\"https:\\\/\\\/www.naturalscience.org\\\/de\\\/congress-2024\\\/#primaryimage\"},\"image\":{\"@id\":\"https:\\\/\\\/www.naturalscience.org\\\/de\\\/congress-2024\\\/#primaryimage\"},\"thumbnailUrl\":\"https:\\\/\\\/www.naturalscience.org\\\/wp-content\\\/uploads\\\/2024\\\/11\\\/02-GE2024-11-05NSOC-2024INVITE-232x300.jpg\",\"datePublished\":\"2024-10-28T13:56:50+00:00\",\"dateModified\":\"2024-11-07T16:39:50+00:00\",\"breadcrumb\":{\"@id\":\"https:\\\/\\\/www.naturalscience.org\\\/de\\\/congress-2024\\\/#breadcrumb\"},\"inLanguage\":\"de\",\"potentialAction\":[{\"@type\":\"ReadAction\",\"target\":[\"https:\\\/\\\/www.naturalscience.org\\\/de\\\/congress-2024\\\/\"]}]},{\"@type\":\"ImageObject\",\"inLanguage\":\"de\",\"@id\":\"https:\\\/\\\/www.naturalscience.org\\\/de\\\/congress-2024\\\/#primaryimage\",\"url\":\"https:\\\/\\\/www.naturalscience.org\\\/wp-content\\\/uploads\\\/2024\\\/11\\\/02-GE2024-11-05NSOC-2024INVITE-232x300.jpg\",\"contentUrl\":\"https:\\\/\\\/www.naturalscience.org\\\/wp-content\\\/uploads\\\/2024\\\/11\\\/02-GE2024-11-05NSOC-2024INVITE-232x300.jpg\"},{\"@type\":\"BreadcrumbList\",\"@id\":\"https:\\\/\\\/www.naturalscience.org\\\/de\\\/congress-2024\\\/#breadcrumb\",\"itemListElement\":[{\"@type\":\"ListItem\",\"position\":1,\"name\":\"Home\",\"item\":\"https:\\\/\\\/www.naturalscience.org\\\/de\\\/\"},{\"@type\":\"ListItem\",\"position\":2,\"name\":\"27. Internationaler \u201eNeuer Wissenschaftlicher Ausblick\u201d Welt-Kongress\"}]},{\"@type\":\"WebSite\",\"@id\":\"https:\\\/\\\/www.naturalscience.org\\\/#website\",\"url\":\"https:\\\/\\\/www.naturalscience.org\\\/\",\"name\":\"The World Foundation for Natural Science\",\"description\":\"Restoring and Healing the World through Responsibility and Commitment in accord with Natural and Divine Law!\",\"potentialAction\":[{\"@type\":\"SearchAction\",\"target\":{\"@type\":\"EntryPoint\",\"urlTemplate\":\"https:\\\/\\\/www.naturalscience.org\\\/?s={search_term_string}\"},\"query-input\":{\"@type\":\"PropertyValueSpecification\",\"valueRequired\":true,\"valueName\":\"search_term_string\"}}],\"inLanguage\":\"de\"}]}<\/script>\n<!-- \/ Yoast SEO plugin. -->","yoast_head_json":{"title":"27. Internationaler \u201eNeuer Wissenschaftlicher Ausblick\u201d Welt-Kongress - The World Foundation for Natural Science","robots":{"index":"index","follow":"follow","max-snippet":"max-snippet:-1","max-image-preview":"max-image-preview:large","max-video-preview":"max-video-preview:-1"},"canonical":"https:\/\/www.naturalscience.org\/de\/congress-2024\/","twitter_misc":{"Gesch\u00e4tzte Lesezeit":"1\u00a0Minute"},"schema":{"@context":"https:\/\/schema.org","@graph":[{"@type":"WebPage","@id":"https:\/\/www.naturalscience.org\/de\/congress-2024\/","url":"https:\/\/www.naturalscience.org\/de\/congress-2024\/","name":"27. Internationaler \u201eNeuer Wissenschaftlicher Ausblick\u201d Welt-Kongress - The World Foundation for Natural Science","isPartOf":{"@id":"https:\/\/www.naturalscience.org\/#website"},"primaryImageOfPage":{"@id":"https:\/\/www.naturalscience.org\/de\/congress-2024\/#primaryimage"},"image":{"@id":"https:\/\/www.naturalscience.org\/de\/congress-2024\/#primaryimage"},"thumbnailUrl":"https:\/\/www.naturalscience.org\/wp-content\/uploads\/2024\/11\/02-GE2024-11-05NSOC-2024INVITE-232x300.jpg","datePublished":"2024-10-28T13:56:50+00:00","dateModified":"2024-11-07T16:39:50+00:00","breadcrumb":{"@id":"https:\/\/www.naturalscience.org\/de\/congress-2024\/#breadcrumb"},"inLanguage":"de","potentialAction":[{"@type":"ReadAction","target":["https:\/\/www.naturalscience.org\/de\/congress-2024\/"]}]},{"@type":"ImageObject","inLanguage":"de","@id":"https:\/\/www.naturalscience.org\/de\/congress-2024\/#primaryimage","url":"https:\/\/www.naturalscience.org\/wp-content\/uploads\/2024\/11\/02-GE2024-11-05NSOC-2024INVITE-232x300.jpg","contentUrl":"https:\/\/www.naturalscience.org\/wp-content\/uploads\/2024\/11\/02-GE2024-11-05NSOC-2024INVITE-232x300.jpg"},{"@type":"BreadcrumbList","@id":"https:\/\/www.naturalscience.org\/de\/congress-2024\/#breadcrumb","itemListElement":[{"@type":"ListItem","position":1,"name":"Home","item":"https:\/\/www.naturalscience.org\/de\/"},{"@type":"ListItem","position":2,"name":"27. Internationaler \u201eNeuer Wissenschaftlicher Ausblick\u201d Welt-Kongress"}]},{"@type":"WebSite","@id":"https:\/\/www.naturalscience.org\/#website","url":"https:\/\/www.naturalscience.org\/","name":"The World Foundation for Natural Science","description":"Restoring and Healing the World through Responsibility and Commitment in accord with Natural and Divine Law!","potentialAction":[{"@type":"SearchAction","target":{"@type":"EntryPoint","urlTemplate":"https:\/\/www.naturalscience.org\/?s={search_term_string}"},"query-input":{"@type":"PropertyValueSpecification","valueRequired":true,"valueName":"search_term_string"}}],"inLanguage":"de"}]}},"_links":{"self":[{"href":"https:\/\/www.naturalscience.org\/de\/wp-json\/wp\/v2\/pages\/41275","targetHints":{"allow":["GET"]}}],"collection":[{"href":"https:\/\/www.naturalscience.org\/de\/wp-json\/wp\/v2\/pages"}],"about":[{"href":"https:\/\/www.naturalscience.org\/de\/wp-json\/wp\/v2\/types\/page"}],"author":[{"embeddable":true,"href":"https:\/\/www.naturalscience.org\/de\/wp-json\/wp\/v2\/users\/14"}],"replies":[{"embeddable":true,"href":"https:\/\/www.naturalscience.org\/de\/wp-json\/wp\/v2\/comments?post=41275"}],"version-history":[{"count":22,"href":"https:\/\/www.naturalscience.org\/de\/wp-json\/wp\/v2\/pages\/41275\/revisions"}],"predecessor-version":[{"id":41498,"href":"https:\/\/www.naturalscience.org\/de\/wp-json\/wp\/v2\/pages\/41275\/revisions\/41498"}],"wp:attachment":[{"href":"https:\/\/www.naturalscience.org\/de\/wp-json\/wp\/v2\/media?parent=41275"}],"wp:term":[{"taxonomy":"category","embeddable":true,"href":"https:\/\/www.naturalscience.org\/de\/wp-json\/wp\/v2\/categories?post=41275"}],"curies":[{"name":"wp","href":"https:\/\/api.w.org\/{rel}","templated":true}]}}