{"id":38005,"date":"2022-11-27T20:40:45","date_gmt":"2022-11-27T19:40:45","guid":{"rendered":"https:\/\/www.naturalscience.org\/?page_id=38005"},"modified":"2022-12-13T14:09:10","modified_gmt":"2022-12-13T13:09:10","slug":"die-wiederherstellung-der-natuerlichen-ordnung","status":"publish","type":"page","link":"https:\/\/www.naturalscience.org\/de\/kongress-2022\/referate\/die-wiederherstellung-der-natuerlichen-ordnung\/","title":{"rendered":"Die Wiederherstellung der nat\u00fcrlichen Ordnung"},"content":{"rendered":"<p><i>The Very Rev. Dean em. <strong>Paul Probst<\/strong>, SF, Pr\u00e4sident f\u00fcr Europa, The World Foundation for Natural Science, Luzern, Schweiz<\/i><\/p>\n<p>&nbsp;<\/p>\n<p>Der Pr\u00e4sident f\u00fcr Europa von The World Foundation for Natural Science, Paul Probst, verwies in seinem Abschlussvortrag darauf, dass wir als Kinder Gottes, die wir st\u00e4ndig in Gott \u201ebaden\u201c, zur Liebe gelangen m\u00fcssen. Das in uns befindliche Potenzial darf nicht missbraucht werden, alle vier Elemente, aus denen unsere K\u00f6rper bestehen, m\u00fcssen trainiert und alles muss in Balance gehalten werden. Dabei helfen uns Atem- und Visualisierungstechniken, um auch mit schwierigen Lebenssituationen umgehen zu k\u00f6nnen. Alles, was ist, besteht aus Elektronen und dem Geist Gottes, wir m\u00fcssen das vollkommene Muster sehen und die Elektronen dorthin schicken, wo sie gebraucht werden. Wir sind wie unsere Gott-Eltern dabei, erwachsen zu werden, und wir sind mit Gef\u00fchlen ausgestattet, die uns nat\u00fcrlicherweise dr\u00e4ngen, uns zu vermehren. Hierzu haben wir unsere irdischen Eltern ausgew\u00e4hlt, wohingegen k\u00fcnstliche Befruchtung nicht der Weg ist. Der Referent betonte, dass wir lernen, um mit zunehmendem Alter immer mehr von unseren Erfahrungen zu geben. Das Geben als Geheimnis des Lebens bringt das Leben in Fluss und ist der beste Schutz gegen\u00fcber unliebsamen Energien aus dem Umfeld.<\/p>\n<p><img loading=\"lazy\" decoding=\"async\" class=\"aligncenter size-size-400 wp-image-38139\" src=\"https:\/\/www.naturalscience.org\/wp-content\/uploads\/2022\/12\/BALANCE-400x302.jpeg\" alt=\"\" width=\"400\" height=\"302\" srcset=\"https:\/\/www.naturalscience.org\/wp-content\/uploads\/2022\/12\/BALANCE-400x302.jpeg 400w, https:\/\/www.naturalscience.org\/wp-content\/uploads\/2022\/12\/BALANCE-300x226.jpeg 300w, https:\/\/www.naturalscience.org\/wp-content\/uploads\/2022\/12\/BALANCE-1024x772.jpeg 1024w, https:\/\/www.naturalscience.org\/wp-content\/uploads\/2022\/12\/BALANCE-768x579.jpeg 768w, https:\/\/www.naturalscience.org\/wp-content\/uploads\/2022\/12\/BALANCE-1536x1158.jpeg 1536w, https:\/\/www.naturalscience.org\/wp-content\/uploads\/2022\/12\/BALANCE-2048x1544.jpeg 2048w, https:\/\/www.naturalscience.org\/wp-content\/uploads\/2022\/12\/BALANCE-164x124.jpeg 164w, https:\/\/www.naturalscience.org\/wp-content\/uploads\/2022\/12\/BALANCE-500x377.jpeg 500w\" sizes=\"auto, (max-width: 400px) 100vw, 400px\" \/><\/p>\n<p>The Very Rev. Dean em. Paul Probst sprach an dieser Stelle auch \u00fcber den derzeitigen politisch motivierten Gender-\u201eFahrplan\u201c: Die Unterschiede zwischen Mann und Frau sollen schrittweise abgeschafft, Familie und Gesellschaft zerst\u00f6rt werden. Tats\u00e4chlich m\u00fcssen wir jedoch lernen, mit beiden Geschlechtern zu leben, sie zu akzeptieren und zu lieben, und dabei muss die W\u00fcrde der Frau beibehalten werden. Nach Dr. Edward Bach, dem Entdecker der Bachbl\u00fcten-Therapie, ist Elternschaft ein g\u00f6ttliches Privileg, und es geht dabei darum, ohne Erwartungen zu geben, denn die Gegenleistung erfolgt sowieso gem\u00e4\u00df dem Vorbild der Natur. Der Referent erkl\u00e4rte, dass wir durch Dienst am Leben dazu beitragen k\u00f6nnen, unsere Mitmenschen in Harmonie zu bringen. Er appellierte an alle Anwesenden, Verantwortung zu \u00fcbernehmen und die Wiederherstellung und Heilung der Welt zu ihrem pers\u00f6nlichen Anliegen zu machen. Je mehr Herzblut dabei jeder Einzelne in diese Sache steckt, desto mehr kann sich zum Guten wenden.<\/p>\n<p><img loading=\"lazy\" decoding=\"async\" class=\"aligncenter size-size-400 wp-image-38061\" src=\"https:\/\/www.naturalscience.org\/wp-content\/uploads\/2022\/11\/RESTORE-NATURAL-ORDER-400x225.jpg\" alt=\"\" width=\"400\" height=\"225\" srcset=\"https:\/\/www.naturalscience.org\/wp-content\/uploads\/2022\/11\/RESTORE-NATURAL-ORDER-400x225.jpg 400w, https:\/\/www.naturalscience.org\/wp-content\/uploads\/2022\/11\/RESTORE-NATURAL-ORDER-300x169.jpg 300w, https:\/\/www.naturalscience.org\/wp-content\/uploads\/2022\/11\/RESTORE-NATURAL-ORDER-1024x576.jpg 1024w, https:\/\/www.naturalscience.org\/wp-content\/uploads\/2022\/11\/RESTORE-NATURAL-ORDER-768x432.jpg 768w, https:\/\/www.naturalscience.org\/wp-content\/uploads\/2022\/11\/RESTORE-NATURAL-ORDER-164x92.jpg 164w, https:\/\/www.naturalscience.org\/wp-content\/uploads\/2022\/11\/RESTORE-NATURAL-ORDER-500x281.jpg 500w, https:\/\/www.naturalscience.org\/wp-content\/uploads\/2022\/11\/RESTORE-NATURAL-ORDER.jpg 1280w\" sizes=\"auto, (max-width: 400px) 100vw, 400px\" \/><\/p>\n<p>&nbsp;<\/p>\n<p><small>23. Oktober 2022, Hotel M\u00f6venpick, Regensdorf<\/small><\/p>\n","protected":false},"excerpt":{"rendered":"The Very Rev. Dean em. Paul Probst, SF, Pr\u00e4sident f\u00fcr Europa, The World Foundation for Natural Science, Luzern, Schweiz &nbsp; Der Pr\u00e4sident f\u00fcr Europa von The World Foundation for Natural Science, Paul Probst, verwies in seinem Abschlussvortrag darauf, dass wir als Kinder Gottes, die wir st\u00e4ndig in Gott \u201ebaden\u201c, zur Liebe gelangen m\u00fcssen. Das in [&hellip;]","protected":false},"author":14,"featured_media":0,"parent":37969,"menu_order":11,"comment_status":"closed","ping_status":"closed","template":"page-full.php","meta":{"_acf_changed":false,"ngg_post_thumbnail":0,"footnotes":""},"categories":[],"class_list":["post-38005","page","type-page","status-publish","hentry","wpautop"],"acf":[],"yoast_head":"<!-- This site is optimized with the Yoast SEO plugin v27.5 - https:\/\/yoast.com\/product\/yoast-seo-wordpress\/ -->\n<title>Die Wiederherstellung der nat\u00fcrlichen Ordnung - The World Foundation for Natural Science<\/title>\n<meta name=\"robots\" content=\"index, follow, max-snippet:-1, max-image-preview:large, max-video-preview:-1\" \/>\n<link rel=\"canonical\" href=\"https:\/\/www.naturalscience.org\/de\/kongress-2022\/referate\/die-wiederherstellung-der-natuerlichen-ordnung\/\" \/>\n<meta name=\"twitter:label1\" content=\"Gesch\u00e4tzte Lesezeit\" \/>\n\t<meta name=\"twitter:data1\" content=\"2\u00a0Minuten\" \/>\n<script type=\"application\/ld+json\" class=\"yoast-schema-graph\">{\"@context\":\"https:\\\/\\\/schema.org\",\"@graph\":[{\"@type\":\"WebPage\",\"@id\":\"https:\\\/\\\/www.naturalscience.org\\\/de\\\/kongress-2022\\\/referate\\\/die-wiederherstellung-der-natuerlichen-ordnung\\\/\",\"url\":\"https:\\\/\\\/www.naturalscience.org\\\/de\\\/kongress-2022\\\/referate\\\/die-wiederherstellung-der-natuerlichen-ordnung\\\/\",\"name\":\"Die Wiederherstellung der nat\u00fcrlichen Ordnung - The World Foundation for Natural Science\",\"isPartOf\":{\"@id\":\"https:\\\/\\\/www.naturalscience.org\\\/#website\"},\"primaryImageOfPage\":{\"@id\":\"https:\\\/\\\/www.naturalscience.org\\\/de\\\/kongress-2022\\\/referate\\\/die-wiederherstellung-der-natuerlichen-ordnung\\\/#primaryimage\"},\"image\":{\"@id\":\"https:\\\/\\\/www.naturalscience.org\\\/de\\\/kongress-2022\\\/referate\\\/die-wiederherstellung-der-natuerlichen-ordnung\\\/#primaryimage\"},\"thumbnailUrl\":\"https:\\\/\\\/www.naturalscience.org\\\/wp-content\\\/uploads\\\/2022\\\/12\\\/BALANCE-400x302.jpeg\",\"datePublished\":\"2022-11-27T19:40:45+00:00\",\"dateModified\":\"2022-12-13T13:09:10+00:00\",\"breadcrumb\":{\"@id\":\"https:\\\/\\\/www.naturalscience.org\\\/de\\\/kongress-2022\\\/referate\\\/die-wiederherstellung-der-natuerlichen-ordnung\\\/#breadcrumb\"},\"inLanguage\":\"de\",\"potentialAction\":[{\"@type\":\"ReadAction\",\"target\":[\"https:\\\/\\\/www.naturalscience.org\\\/de\\\/kongress-2022\\\/referate\\\/die-wiederherstellung-der-natuerlichen-ordnung\\\/\"]}]},{\"@type\":\"ImageObject\",\"inLanguage\":\"de\",\"@id\":\"https:\\\/\\\/www.naturalscience.org\\\/de\\\/kongress-2022\\\/referate\\\/die-wiederherstellung-der-natuerlichen-ordnung\\\/#primaryimage\",\"url\":\"https:\\\/\\\/www.naturalscience.org\\\/wp-content\\\/uploads\\\/2022\\\/12\\\/BALANCE-400x302.jpeg\",\"contentUrl\":\"https:\\\/\\\/www.naturalscience.org\\\/wp-content\\\/uploads\\\/2022\\\/12\\\/BALANCE-400x302.jpeg\"},{\"@type\":\"BreadcrumbList\",\"@id\":\"https:\\\/\\\/www.naturalscience.org\\\/de\\\/kongress-2022\\\/referate\\\/die-wiederherstellung-der-natuerlichen-ordnung\\\/#breadcrumb\",\"itemListElement\":[{\"@type\":\"ListItem\",\"position\":1,\"name\":\"Home\",\"item\":\"https:\\\/\\\/www.naturalscience.org\\\/de\\\/\"},{\"@type\":\"ListItem\",\"position\":2,\"name\":\"25. Internationaler \u201eNeuer Wissenschaftlicher Ausblick\u201d Welt-Kongress\",\"item\":\"https:\\\/\\\/www.naturalscience.org\\\/de\\\/kongress-2022\\\/\"},{\"@type\":\"ListItem\",\"position\":3,\"name\":\"Referate\",\"item\":\"https:\\\/\\\/www.naturalscience.org\\\/de\\\/kongress-2022\\\/referate\\\/\"},{\"@type\":\"ListItem\",\"position\":4,\"name\":\"Die Wiederherstellung der nat\u00fcrlichen Ordnung\"}]},{\"@type\":\"WebSite\",\"@id\":\"https:\\\/\\\/www.naturalscience.org\\\/#website\",\"url\":\"https:\\\/\\\/www.naturalscience.org\\\/\",\"name\":\"The World Foundation for Natural Science\",\"description\":\"Restoring and Healing the World through Responsibility and Commitment in accord with Natural and Divine Law!\",\"potentialAction\":[{\"@type\":\"SearchAction\",\"target\":{\"@type\":\"EntryPoint\",\"urlTemplate\":\"https:\\\/\\\/www.naturalscience.org\\\/?s={search_term_string}\"},\"query-input\":{\"@type\":\"PropertyValueSpecification\",\"valueRequired\":true,\"valueName\":\"search_term_string\"}}],\"inLanguage\":\"de\"}]}<\/script>\n<!-- \/ Yoast SEO plugin. -->","yoast_head_json":{"title":"Die Wiederherstellung der nat\u00fcrlichen Ordnung - The World Foundation for Natural Science","robots":{"index":"index","follow":"follow","max-snippet":"max-snippet:-1","max-image-preview":"max-image-preview:large","max-video-preview":"max-video-preview:-1"},"canonical":"https:\/\/www.naturalscience.org\/de\/kongress-2022\/referate\/die-wiederherstellung-der-natuerlichen-ordnung\/","twitter_misc":{"Gesch\u00e4tzte Lesezeit":"2\u00a0Minuten"},"schema":{"@context":"https:\/\/schema.org","@graph":[{"@type":"WebPage","@id":"https:\/\/www.naturalscience.org\/de\/kongress-2022\/referate\/die-wiederherstellung-der-natuerlichen-ordnung\/","url":"https:\/\/www.naturalscience.org\/de\/kongress-2022\/referate\/die-wiederherstellung-der-natuerlichen-ordnung\/","name":"Die Wiederherstellung der nat\u00fcrlichen Ordnung - The World Foundation for Natural Science","isPartOf":{"@id":"https:\/\/www.naturalscience.org\/#website"},"primaryImageOfPage":{"@id":"https:\/\/www.naturalscience.org\/de\/kongress-2022\/referate\/die-wiederherstellung-der-natuerlichen-ordnung\/#primaryimage"},"image":{"@id":"https:\/\/www.naturalscience.org\/de\/kongress-2022\/referate\/die-wiederherstellung-der-natuerlichen-ordnung\/#primaryimage"},"thumbnailUrl":"https:\/\/www.naturalscience.org\/wp-content\/uploads\/2022\/12\/BALANCE-400x302.jpeg","datePublished":"2022-11-27T19:40:45+00:00","dateModified":"2022-12-13T13:09:10+00:00","breadcrumb":{"@id":"https:\/\/www.naturalscience.org\/de\/kongress-2022\/referate\/die-wiederherstellung-der-natuerlichen-ordnung\/#breadcrumb"},"inLanguage":"de","potentialAction":[{"@type":"ReadAction","target":["https:\/\/www.naturalscience.org\/de\/kongress-2022\/referate\/die-wiederherstellung-der-natuerlichen-ordnung\/"]}]},{"@type":"ImageObject","inLanguage":"de","@id":"https:\/\/www.naturalscience.org\/de\/kongress-2022\/referate\/die-wiederherstellung-der-natuerlichen-ordnung\/#primaryimage","url":"https:\/\/www.naturalscience.org\/wp-content\/uploads\/2022\/12\/BALANCE-400x302.jpeg","contentUrl":"https:\/\/www.naturalscience.org\/wp-content\/uploads\/2022\/12\/BALANCE-400x302.jpeg"},{"@type":"BreadcrumbList","@id":"https:\/\/www.naturalscience.org\/de\/kongress-2022\/referate\/die-wiederherstellung-der-natuerlichen-ordnung\/#breadcrumb","itemListElement":[{"@type":"ListItem","position":1,"name":"Home","item":"https:\/\/www.naturalscience.org\/de\/"},{"@type":"ListItem","position":2,"name":"25. Internationaler \u201eNeuer Wissenschaftlicher Ausblick\u201d Welt-Kongress","item":"https:\/\/www.naturalscience.org\/de\/kongress-2022\/"},{"@type":"ListItem","position":3,"name":"Referate","item":"https:\/\/www.naturalscience.org\/de\/kongress-2022\/referate\/"},{"@type":"ListItem","position":4,"name":"Die Wiederherstellung der nat\u00fcrlichen Ordnung"}]},{"@type":"WebSite","@id":"https:\/\/www.naturalscience.org\/#website","url":"https:\/\/www.naturalscience.org\/","name":"The World Foundation for Natural Science","description":"Restoring and Healing the World through Responsibility and Commitment in accord with Natural and Divine Law!","potentialAction":[{"@type":"SearchAction","target":{"@type":"EntryPoint","urlTemplate":"https:\/\/www.naturalscience.org\/?s={search_term_string}"},"query-input":{"@type":"PropertyValueSpecification","valueRequired":true,"valueName":"search_term_string"}}],"inLanguage":"de"}]}},"_links":{"self":[{"href":"https:\/\/www.naturalscience.org\/de\/wp-json\/wp\/v2\/pages\/38005","targetHints":{"allow":["GET"]}}],"collection":[{"href":"https:\/\/www.naturalscience.org\/de\/wp-json\/wp\/v2\/pages"}],"about":[{"href":"https:\/\/www.naturalscience.org\/de\/wp-json\/wp\/v2\/types\/page"}],"author":[{"embeddable":true,"href":"https:\/\/www.naturalscience.org\/de\/wp-json\/wp\/v2\/users\/14"}],"replies":[{"embeddable":true,"href":"https:\/\/www.naturalscience.org\/de\/wp-json\/wp\/v2\/comments?post=38005"}],"version-history":[{"count":7,"href":"https:\/\/www.naturalscience.org\/de\/wp-json\/wp\/v2\/pages\/38005\/revisions"}],"predecessor-version":[{"id":38283,"href":"https:\/\/www.naturalscience.org\/de\/wp-json\/wp\/v2\/pages\/38005\/revisions\/38283"}],"up":[{"embeddable":true,"href":"https:\/\/www.naturalscience.org\/de\/wp-json\/wp\/v2\/pages\/37969"}],"wp:attachment":[{"href":"https:\/\/www.naturalscience.org\/de\/wp-json\/wp\/v2\/media?parent=38005"}],"wp:term":[{"taxonomy":"category","embeddable":true,"href":"https:\/\/www.naturalscience.org\/de\/wp-json\/wp\/v2\/categories?post=38005"}],"curies":[{"name":"wp","href":"https:\/\/api.w.org\/{rel}","templated":true}]}}