{"id":38004,"date":"2022-11-27T20:36:10","date_gmt":"2022-11-27T19:36:10","guid":{"rendered":"https:\/\/www.naturalscience.org\/?page_id=38004"},"modified":"2022-12-05T18:42:03","modified_gmt":"2022-12-05T17:42:03","slug":"mein-koerper-die-maschine-von-der-abschaffung-des-geistes","status":"publish","type":"page","link":"https:\/\/www.naturalscience.org\/de\/kongress-2022\/referate\/mein-koerper-die-maschine-von-der-abschaffung-des-geistes\/","title":{"rendered":"Mein K\u00f6rper, die Maschine? \u2013 Von der Abschaffung des Geistes"},"content":{"rendered":"<p><i><strong>Sebastian Hausmann-Z\u2019graggen<\/strong>, Dr. rer. nat. Biologie, Winterthur, Schweiz<\/i><\/p>\n<p>&nbsp;<\/p>\n<p>Dr. Sebastian Hausmann-Z&#8217;graggen stellte die derzeitige Tendenz vor, den Menschen immer mehr als eine Maschine zu betrachten, die man durch k\u00fcnstliche Intelligenz von au\u00dfen elektronisch steuern und \u201eoptimieren\u201c kann. Ziel dieser Entwicklung sei, das Gehirn von den Begrenzungen des menschlichen K\u00f6rpers zu befreien bis dahin, dass K\u00f6rperfunktionen durch k\u00fcnstliche Intelligenz gesteuert und K\u00f6rperteile durch \u00e4u\u00dfere Nachbildungen (Exoskelette) mit elektronischer Steuerung ersetzt werden.<\/p>\n<p>Die dahinter stehende Denkrichtung des \u201eTranshumanismus\u201c basiert auf zwei Grundannahmen, die hinterfragt werden m\u00fcssen: zum einen auf dem Materialismus, der die Natur als tote Materie betrachtet (und die Belebung durch einen innewohnenden Geist negiert), zum anderen auf dem Darwinismus, der die \u201eKonkurrenz der Arten\u201c als Grund f\u00fcr die Evolution ansieht (und das Ph\u00e4nomen der Symbiose zwischen den Arten au\u00dfer Acht l\u00e4sst). Die Transhumanisten folgern daraus, dass es keinen Unterschied zwischen Mensch und Maschinen gebe und dass der Mensch in seiner Evolution in Konkurrenz mit den Maschinen stehe. Wenn der Mensch \u00fcberleben wolle, m\u00fcsse er selbst zur Maschine werden.<\/p>\n<p><img loading=\"lazy\" decoding=\"async\" src=\"https:\/\/www.naturalscience.org\/wp-content\/uploads\/2022\/11\/DATA-FLOOD-MEDICINE-400x267.jpg\" alt=\"\" width=\"400\" height=\"267\" class=\"aligncenter size-size-400 wp-image-38059\" srcset=\"https:\/\/www.naturalscience.org\/wp-content\/uploads\/2022\/11\/DATA-FLOOD-MEDICINE-400x267.jpg 400w, https:\/\/www.naturalscience.org\/wp-content\/uploads\/2022\/11\/DATA-FLOOD-MEDICINE-300x200.jpg 300w, https:\/\/www.naturalscience.org\/wp-content\/uploads\/2022\/11\/DATA-FLOOD-MEDICINE-1024x684.jpg 1024w, https:\/\/www.naturalscience.org\/wp-content\/uploads\/2022\/11\/DATA-FLOOD-MEDICINE-768x513.jpg 768w, https:\/\/www.naturalscience.org\/wp-content\/uploads\/2022\/11\/DATA-FLOOD-MEDICINE-1536x1025.jpg 1536w, https:\/\/www.naturalscience.org\/wp-content\/uploads\/2022\/11\/DATA-FLOOD-MEDICINE-164x109.jpg 164w, https:\/\/www.naturalscience.org\/wp-content\/uploads\/2022\/11\/DATA-FLOOD-MEDICINE-500x334.jpg 500w, https:\/\/www.naturalscience.org\/wp-content\/uploads\/2022\/11\/DATA-FLOOD-MEDICINE.jpg 2000w\" sizes=\"auto, (max-width: 400px) 100vw, 400px\" \/><\/p>\n<p>Tats\u00e4chlich ist die zunehmende Datenflut, die anf\u00e4llt durch die Informationen der GPS-Tracker bei der Versendung der eigenen Positionskoordinaten, bei der Nutzung von Handys und Smartphones,  in der Medizin, von Wearables mit Sensoren in Kleidungsst\u00fccken sowie in Uhren, Fitnessarmb\u00e4ndern und Ringen, ohne Computer nicht zu \u00fcberschauen. Unmengen an K\u00f6rperfunktionen werden erfasst und auch an Krankenkassen gesendet, wobei sich daraus f\u00fcr den Nutzer solcher Ger\u00e4te auch nachteilige Konsequenzen ergeben k\u00f6nnen. Die \u00dcberlegungen gehen sogar soweit, dass gesunde K\u00f6rperteile eines Menschen durch  Maschinen mit gr\u00f6\u00dferer Leistungsf\u00e4higkeit ersetzt werden sollen. Dabei wird das Gehirn zur  Schnittstelle zwischen Maschine und Mensch. Gef\u00fchle und Bewusstsein fehlen dabei. Die Transhumanisten gehen sogar soweit und sagen, dass auch der Geist \u00fcber einen Neurolink, also die Abfrage der Daten aus dem Gehirn,  in Computern erfasst werden muss, wenn auch Experimente an Affen hierzu gescheitert sind.<\/p>\n<p><img loading=\"lazy\" decoding=\"async\" src=\"https:\/\/www.naturalscience.org\/wp-content\/uploads\/2022\/11\/BRAIN-MACHINE-400x225.jpg\" alt=\"\" width=\"400\" height=\"225\" class=\"aligncenter size-size-400 wp-image-38060\" srcset=\"https:\/\/www.naturalscience.org\/wp-content\/uploads\/2022\/11\/BRAIN-MACHINE-400x225.jpg 400w, https:\/\/www.naturalscience.org\/wp-content\/uploads\/2022\/11\/BRAIN-MACHINE-300x169.jpg 300w, https:\/\/www.naturalscience.org\/wp-content\/uploads\/2022\/11\/BRAIN-MACHINE-1024x576.jpg 1024w, https:\/\/www.naturalscience.org\/wp-content\/uploads\/2022\/11\/BRAIN-MACHINE-768x432.jpg 768w, https:\/\/www.naturalscience.org\/wp-content\/uploads\/2022\/11\/BRAIN-MACHINE-164x92.jpg 164w, https:\/\/www.naturalscience.org\/wp-content\/uploads\/2022\/11\/BRAIN-MACHINE-500x281.jpg 500w, https:\/\/www.naturalscience.org\/wp-content\/uploads\/2022\/11\/BRAIN-MACHINE.jpg 1280w\" sizes=\"auto, (max-width: 400px) 100vw, 400px\" \/><\/p>\n<p>Der Position des Transhumanismus stellte der Referent die Darstellung des Philosophen Bernardo Kastrup gegen\u00fcber, der darauf hinweist, dass der K\u00f6rper nicht vom Bewusstsein getrennt gesehen werden kann, sondern dass das Bewusstsein die steuernde Kraft ist. Der Materialismus k\u00f6nne nicht zeigen, wie Erfahrung zustandekommt. Kastrup belegt seine These mit Ergebnissen aus der neurophysiologischen Forschung, die nachweisen, dass sogar eine geringere Hirnaktivit\u00e4t zu einer reicheren Erfahrung f\u00fchrt. Bei einem Computerchip verh\u00e4lt es sich genau andersherum, weshalb dieser niemals ein menschliches Gehirn, geschweige denn Bewusstsein, imitieren k\u00f6nne. Er folgert: Wir k\u00f6nnen die Natur nicht mit technischen Mitteln verbessern oder ersetzen, wir k\u00f6nnen nur mit ihr zusammenarbeiten.<\/p>\n<p>So kam auch Dr. Sebastian Hausmann-Z&#8217;graggen in seinem Referat zum Schluss, dass die Trennung des Geistes (Bewusstseins) vom K\u00f6rper und die Ersetzung der Steuerung durch Bewusstsein mittels k\u00fcnstlicher Intelligenz ein fataler Irrweg ist, weil er den Menschen der M\u00f6glichkeit zur Entfaltung und Weiterentwicklung seines Bewusstseins beraubt. Im Vortrag wurde deutlich, dass die Ausbeutung von Mensch und Natur auf einem fehlgeleiteten Weltbild beruht. Der von Isaac Newton begr\u00fcndete Materialismus ist nicht die L\u00f6sung, denn das Wesen der Realit\u00e4t ist spirituell und nicht materiell. Wir k\u00f6nnen den K\u00f6rper nicht durch Maschinen ersetzen und sollten ihn so akzeptieren, wie er ist.<\/p>\n<p><img loading=\"lazy\" decoding=\"async\" src=\"https:\/\/www.naturalscience.org\/wp-content\/uploads\/2022\/12\/BODY-POSITIVE-400x266.jpg\" alt=\"\" width=\"400\" height=\"266\" class=\"aligncenter size-size-400 wp-image-38141\" srcset=\"https:\/\/www.naturalscience.org\/wp-content\/uploads\/2022\/12\/BODY-POSITIVE-400x266.jpg 400w, https:\/\/www.naturalscience.org\/wp-content\/uploads\/2022\/12\/BODY-POSITIVE-300x199.jpg 300w, https:\/\/www.naturalscience.org\/wp-content\/uploads\/2022\/12\/BODY-POSITIVE-1024x680.jpg 1024w, https:\/\/www.naturalscience.org\/wp-content\/uploads\/2022\/12\/BODY-POSITIVE-768x510.jpg 768w, https:\/\/www.naturalscience.org\/wp-content\/uploads\/2022\/12\/BODY-POSITIVE-1536x1020.jpg 1536w, https:\/\/www.naturalscience.org\/wp-content\/uploads\/2022\/12\/BODY-POSITIVE-2048x1360.jpg 2048w, https:\/\/www.naturalscience.org\/wp-content\/uploads\/2022\/12\/BODY-POSITIVE-164x109.jpg 164w, https:\/\/www.naturalscience.org\/wp-content\/uploads\/2022\/12\/BODY-POSITIVE-500x332.jpg 500w\" sizes=\"auto, (max-width: 400px) 100vw, 400px\" \/><\/p>\n<p>&nbsp;<\/p>\n<p><small>23. Oktober 2022, Hotel M\u00f6venpick, Regensdorf<\/small><\/p>\n","protected":false},"excerpt":{"rendered":"Sebastian Hausmann-Z\u2019graggen, Dr. rer. nat. Biologie, Winterthur, Schweiz &nbsp; Dr. Sebastian Hausmann-Z&#8217;graggen stellte die derzeitige Tendenz vor, den Menschen immer mehr als eine Maschine zu betrachten, die man durch k\u00fcnstliche Intelligenz von au\u00dfen elektronisch steuern und \u201eoptimieren\u201c kann. Ziel dieser Entwicklung sei, das Gehirn von den Begrenzungen des menschlichen K\u00f6rpers zu befreien bis dahin, dass [&hellip;]","protected":false},"author":14,"featured_media":0,"parent":37969,"menu_order":10,"comment_status":"closed","ping_status":"closed","template":"page-full.php","meta":{"_acf_changed":false,"ngg_post_thumbnail":0,"footnotes":""},"categories":[],"class_list":["post-38004","page","type-page","status-publish","hentry","wpautop"],"acf":[],"yoast_head":"<!-- This site is optimized with the Yoast SEO plugin v27.6 - https:\/\/yoast.com\/product\/yoast-seo-wordpress\/ -->\n<title>Mein K\u00f6rper, die Maschine? \u2013 Von der Abschaffung des Geistes - The World Foundation for Natural Science<\/title>\n<meta name=\"robots\" content=\"index, follow, max-snippet:-1, max-image-preview:large, max-video-preview:-1\" \/>\n<link rel=\"canonical\" href=\"https:\/\/www.naturalscience.org\/de\/kongress-2022\/referate\/mein-koerper-die-maschine-von-der-abschaffung-des-geistes\/\" \/>\n<meta name=\"twitter:label1\" content=\"Gesch\u00e4tzte Lesezeit\" \/>\n\t<meta name=\"twitter:data1\" content=\"3\u00a0Minuten\" \/>\n<script type=\"application\/ld+json\" class=\"yoast-schema-graph\">{\"@context\":\"https:\\\/\\\/schema.org\",\"@graph\":[{\"@type\":\"WebPage\",\"@id\":\"https:\\\/\\\/www.naturalscience.org\\\/de\\\/kongress-2022\\\/referate\\\/mein-koerper-die-maschine-von-der-abschaffung-des-geistes\\\/\",\"url\":\"https:\\\/\\\/www.naturalscience.org\\\/de\\\/kongress-2022\\\/referate\\\/mein-koerper-die-maschine-von-der-abschaffung-des-geistes\\\/\",\"name\":\"Mein K\u00f6rper, die Maschine? \u2013 Von der Abschaffung des Geistes - The World Foundation for Natural Science\",\"isPartOf\":{\"@id\":\"https:\\\/\\\/www.naturalscience.org\\\/#website\"},\"primaryImageOfPage\":{\"@id\":\"https:\\\/\\\/www.naturalscience.org\\\/de\\\/kongress-2022\\\/referate\\\/mein-koerper-die-maschine-von-der-abschaffung-des-geistes\\\/#primaryimage\"},\"image\":{\"@id\":\"https:\\\/\\\/www.naturalscience.org\\\/de\\\/kongress-2022\\\/referate\\\/mein-koerper-die-maschine-von-der-abschaffung-des-geistes\\\/#primaryimage\"},\"thumbnailUrl\":\"https:\\\/\\\/www.naturalscience.org\\\/wp-content\\\/uploads\\\/2022\\\/11\\\/DATA-FLOOD-MEDICINE-400x267.jpg\",\"datePublished\":\"2022-11-27T19:36:10+00:00\",\"dateModified\":\"2022-12-05T17:42:03+00:00\",\"breadcrumb\":{\"@id\":\"https:\\\/\\\/www.naturalscience.org\\\/de\\\/kongress-2022\\\/referate\\\/mein-koerper-die-maschine-von-der-abschaffung-des-geistes\\\/#breadcrumb\"},\"inLanguage\":\"de\",\"potentialAction\":[{\"@type\":\"ReadAction\",\"target\":[\"https:\\\/\\\/www.naturalscience.org\\\/de\\\/kongress-2022\\\/referate\\\/mein-koerper-die-maschine-von-der-abschaffung-des-geistes\\\/\"]}]},{\"@type\":\"ImageObject\",\"inLanguage\":\"de\",\"@id\":\"https:\\\/\\\/www.naturalscience.org\\\/de\\\/kongress-2022\\\/referate\\\/mein-koerper-die-maschine-von-der-abschaffung-des-geistes\\\/#primaryimage\",\"url\":\"https:\\\/\\\/www.naturalscience.org\\\/wp-content\\\/uploads\\\/2022\\\/11\\\/DATA-FLOOD-MEDICINE-400x267.jpg\",\"contentUrl\":\"https:\\\/\\\/www.naturalscience.org\\\/wp-content\\\/uploads\\\/2022\\\/11\\\/DATA-FLOOD-MEDICINE-400x267.jpg\"},{\"@type\":\"BreadcrumbList\",\"@id\":\"https:\\\/\\\/www.naturalscience.org\\\/de\\\/kongress-2022\\\/referate\\\/mein-koerper-die-maschine-von-der-abschaffung-des-geistes\\\/#breadcrumb\",\"itemListElement\":[{\"@type\":\"ListItem\",\"position\":1,\"name\":\"Home\",\"item\":\"https:\\\/\\\/www.naturalscience.org\\\/de\\\/\"},{\"@type\":\"ListItem\",\"position\":2,\"name\":\"25. Internationaler \u201eNeuer Wissenschaftlicher Ausblick\u201d Welt-Kongress\",\"item\":\"https:\\\/\\\/www.naturalscience.org\\\/de\\\/kongress-2022\\\/\"},{\"@type\":\"ListItem\",\"position\":3,\"name\":\"Referate\",\"item\":\"https:\\\/\\\/www.naturalscience.org\\\/de\\\/kongress-2022\\\/referate\\\/\"},{\"@type\":\"ListItem\",\"position\":4,\"name\":\"Mein K\u00f6rper, die Maschine? \u2013 Von der Abschaffung des Geistes\"}]},{\"@type\":\"WebSite\",\"@id\":\"https:\\\/\\\/www.naturalscience.org\\\/#website\",\"url\":\"https:\\\/\\\/www.naturalscience.org\\\/\",\"name\":\"The World Foundation for Natural Science\",\"description\":\"Restoring and Healing the World through Responsibility and Commitment in accord with Natural and Divine Law!\",\"potentialAction\":[{\"@type\":\"SearchAction\",\"target\":{\"@type\":\"EntryPoint\",\"urlTemplate\":\"https:\\\/\\\/www.naturalscience.org\\\/?s={search_term_string}\"},\"query-input\":{\"@type\":\"PropertyValueSpecification\",\"valueRequired\":true,\"valueName\":\"search_term_string\"}}],\"inLanguage\":\"de\"}]}<\/script>\n<!-- \/ Yoast SEO plugin. -->","yoast_head_json":{"title":"Mein K\u00f6rper, die Maschine? \u2013 Von der Abschaffung des Geistes - The World Foundation for Natural Science","robots":{"index":"index","follow":"follow","max-snippet":"max-snippet:-1","max-image-preview":"max-image-preview:large","max-video-preview":"max-video-preview:-1"},"canonical":"https:\/\/www.naturalscience.org\/de\/kongress-2022\/referate\/mein-koerper-die-maschine-von-der-abschaffung-des-geistes\/","twitter_misc":{"Gesch\u00e4tzte Lesezeit":"3\u00a0Minuten"},"schema":{"@context":"https:\/\/schema.org","@graph":[{"@type":"WebPage","@id":"https:\/\/www.naturalscience.org\/de\/kongress-2022\/referate\/mein-koerper-die-maschine-von-der-abschaffung-des-geistes\/","url":"https:\/\/www.naturalscience.org\/de\/kongress-2022\/referate\/mein-koerper-die-maschine-von-der-abschaffung-des-geistes\/","name":"Mein K\u00f6rper, die Maschine? \u2013 Von der Abschaffung des Geistes - The World Foundation for Natural Science","isPartOf":{"@id":"https:\/\/www.naturalscience.org\/#website"},"primaryImageOfPage":{"@id":"https:\/\/www.naturalscience.org\/de\/kongress-2022\/referate\/mein-koerper-die-maschine-von-der-abschaffung-des-geistes\/#primaryimage"},"image":{"@id":"https:\/\/www.naturalscience.org\/de\/kongress-2022\/referate\/mein-koerper-die-maschine-von-der-abschaffung-des-geistes\/#primaryimage"},"thumbnailUrl":"https:\/\/www.naturalscience.org\/wp-content\/uploads\/2022\/11\/DATA-FLOOD-MEDICINE-400x267.jpg","datePublished":"2022-11-27T19:36:10+00:00","dateModified":"2022-12-05T17:42:03+00:00","breadcrumb":{"@id":"https:\/\/www.naturalscience.org\/de\/kongress-2022\/referate\/mein-koerper-die-maschine-von-der-abschaffung-des-geistes\/#breadcrumb"},"inLanguage":"de","potentialAction":[{"@type":"ReadAction","target":["https:\/\/www.naturalscience.org\/de\/kongress-2022\/referate\/mein-koerper-die-maschine-von-der-abschaffung-des-geistes\/"]}]},{"@type":"ImageObject","inLanguage":"de","@id":"https:\/\/www.naturalscience.org\/de\/kongress-2022\/referate\/mein-koerper-die-maschine-von-der-abschaffung-des-geistes\/#primaryimage","url":"https:\/\/www.naturalscience.org\/wp-content\/uploads\/2022\/11\/DATA-FLOOD-MEDICINE-400x267.jpg","contentUrl":"https:\/\/www.naturalscience.org\/wp-content\/uploads\/2022\/11\/DATA-FLOOD-MEDICINE-400x267.jpg"},{"@type":"BreadcrumbList","@id":"https:\/\/www.naturalscience.org\/de\/kongress-2022\/referate\/mein-koerper-die-maschine-von-der-abschaffung-des-geistes\/#breadcrumb","itemListElement":[{"@type":"ListItem","position":1,"name":"Home","item":"https:\/\/www.naturalscience.org\/de\/"},{"@type":"ListItem","position":2,"name":"25. Internationaler \u201eNeuer Wissenschaftlicher Ausblick\u201d Welt-Kongress","item":"https:\/\/www.naturalscience.org\/de\/kongress-2022\/"},{"@type":"ListItem","position":3,"name":"Referate","item":"https:\/\/www.naturalscience.org\/de\/kongress-2022\/referate\/"},{"@type":"ListItem","position":4,"name":"Mein K\u00f6rper, die Maschine? \u2013 Von der Abschaffung des Geistes"}]},{"@type":"WebSite","@id":"https:\/\/www.naturalscience.org\/#website","url":"https:\/\/www.naturalscience.org\/","name":"The World Foundation for Natural Science","description":"Restoring and Healing the World through Responsibility and Commitment in accord with Natural and Divine Law!","potentialAction":[{"@type":"SearchAction","target":{"@type":"EntryPoint","urlTemplate":"https:\/\/www.naturalscience.org\/?s={search_term_string}"},"query-input":{"@type":"PropertyValueSpecification","valueRequired":true,"valueName":"search_term_string"}}],"inLanguage":"de"}]}},"_links":{"self":[{"href":"https:\/\/www.naturalscience.org\/de\/wp-json\/wp\/v2\/pages\/38004","targetHints":{"allow":["GET"]}}],"collection":[{"href":"https:\/\/www.naturalscience.org\/de\/wp-json\/wp\/v2\/pages"}],"about":[{"href":"https:\/\/www.naturalscience.org\/de\/wp-json\/wp\/v2\/types\/page"}],"author":[{"embeddable":true,"href":"https:\/\/www.naturalscience.org\/de\/wp-json\/wp\/v2\/users\/14"}],"replies":[{"embeddable":true,"href":"https:\/\/www.naturalscience.org\/de\/wp-json\/wp\/v2\/comments?post=38004"}],"version-history":[{"count":6,"href":"https:\/\/www.naturalscience.org\/de\/wp-json\/wp\/v2\/pages\/38004\/revisions"}],"predecessor-version":[{"id":38150,"href":"https:\/\/www.naturalscience.org\/de\/wp-json\/wp\/v2\/pages\/38004\/revisions\/38150"}],"up":[{"embeddable":true,"href":"https:\/\/www.naturalscience.org\/de\/wp-json\/wp\/v2\/pages\/37969"}],"wp:attachment":[{"href":"https:\/\/www.naturalscience.org\/de\/wp-json\/wp\/v2\/media?parent=38004"}],"wp:term":[{"taxonomy":"category","embeddable":true,"href":"https:\/\/www.naturalscience.org\/de\/wp-json\/wp\/v2\/categories?post=38004"}],"curies":[{"name":"wp","href":"https:\/\/api.w.org\/{rel}","templated":true}]}}