{"id":38003,"date":"2022-11-27T20:32:59","date_gmt":"2022-11-27T19:32:59","guid":{"rendered":"https:\/\/www.naturalscience.org\/?page_id=38003"},"modified":"2022-12-13T14:08:30","modified_gmt":"2022-12-13T13:08:30","slug":"was-uns-den-schlaf-raubt-der-angst-den-ruecken-kehren","status":"publish","type":"page","link":"https:\/\/www.naturalscience.org\/de\/kongress-2022\/referate\/was-uns-den-schlaf-raubt-der-angst-den-ruecken-kehren\/","title":{"rendered":"Was uns den Schlaf raubt \u2013 Der Angst den R\u00fccken kehren"},"content":{"rendered":"<p><i><strong>Lukas Waldmann<\/strong>, eidg. dipl. Heilpraktiker TEN, Rotkreuz, Schweiz<\/i><\/p>\n<p><i><strong>Heike Lorenz<\/strong>, Bachfoundation Registerd Practitioner (BRP), Leupoldsgr\u00fcn, Deutschland<\/i><\/p>\n<p>&nbsp;<\/p>\n<p>40% der Schweizerinnen und Schweizer leiden an Schlafst\u00f6rungen (weltweit 30-40% der Bev\u00f6lkerung). Dabei ist ein guter Schlaf f\u00fcr die eigene Gesundheit unerl\u00e4sslich. In der Zeit der letzten zwei Generationen haben wir weltweit t\u00e4glich durchschnittlich 1.5h an Schlafenszeit eingeb\u00fc\u00dft. Der Heilpraktiker Lukas Waldmann erl\u00e4uterte, dass es insgesamt f\u00fcnf Phasen des Schlafes gibt: die Einschlafphase (1), die Leichtschlafphase (2), die Tiefschlafphase (3), sehr tiefer Schlaf (4) und der REM-Schlaf (5). In der letzten Phase tr\u00e4umen wir und verarbeiten Erlebtes und speichern Informationen in unserem Langzeitged\u00e4chtnis. Gesteuert wird der Schlaf-Wach-Zyklus des K\u00f6rpers \u00fcber Hormone wie Melatonin, Adenosin und Cortisol, die \u00fcber den Tag hinweg gebildet oder abgebaut werden. Allerdings k\u00f6nnen diese durch \u00e4u\u00dfere Einfl\u00fcsse negativ beeinflusst werden. Wussten Sie, dass es schlaff\u00f6rdernd ist, eine Stunde vor dem Zubettgehen nicht mehr fernzusehen oder vor dem Computer zu sitzen? Denn das k\u00fcnstliche Blaulicht, welches von Bildschirmen ausgeht, hat einen Einfluss auf die Funktion der Zirbeldr\u00fcse, die ihrerseits f\u00fcr die Melatoninproduktion im K\u00f6rper verantwortlich ist. Doch auch Alkohol, Kaffee und Zucker oder ein sp\u00e4tes und zu reichhaltiges Abendessen k\u00f6nnen sich nachteilig auswirken.<\/p>\n<p><img loading=\"lazy\" decoding=\"async\" class=\"aligncenter size-size-400 wp-image-38143\" src=\"https:\/\/www.naturalscience.org\/wp-content\/uploads\/2022\/12\/INSOMNIA-400x267.jpg\" alt=\"\" width=\"400\" height=\"267\" srcset=\"https:\/\/www.naturalscience.org\/wp-content\/uploads\/2022\/12\/INSOMNIA-400x267.jpg 400w, https:\/\/www.naturalscience.org\/wp-content\/uploads\/2022\/12\/INSOMNIA-300x200.jpg 300w, https:\/\/www.naturalscience.org\/wp-content\/uploads\/2022\/12\/INSOMNIA-1024x683.jpg 1024w, https:\/\/www.naturalscience.org\/wp-content\/uploads\/2022\/12\/INSOMNIA-768x512.jpg 768w, https:\/\/www.naturalscience.org\/wp-content\/uploads\/2022\/12\/INSOMNIA-1536x1024.jpg 1536w, https:\/\/www.naturalscience.org\/wp-content\/uploads\/2022\/12\/INSOMNIA-2048x1365.jpg 2048w, https:\/\/www.naturalscience.org\/wp-content\/uploads\/2022\/12\/INSOMNIA-164x109.jpg 164w, https:\/\/www.naturalscience.org\/wp-content\/uploads\/2022\/12\/INSOMNIA-500x333.jpg 500w\" sizes=\"auto, (max-width: 400px) 100vw, 400px\" \/><\/p>\n<p>Um den Schlaf positiv zu unterst\u00fctzen, indem man das Stresshormon Cortisol senkt, empfahl Lukas Waldmann, viel Wasser zu trinken, Vitamin C, Rhodiola rosea (Rosenwurz), Magnesium oder auch etwas dunkle Schokolade. Zur Unterst\u00fctzung der Melatoninbildung kann die Einnahme von Griffonia simplicifolia mit dem Inhaltsstoff 5-HTP (5-Hydroxytryptophan) sinnvoll sein. Dar\u00fcber hinaus k\u00f6nnen Tees oder Tinkturen aus Heilpflanzen wie Taigawurzel, Rosenwurz, Passionsblume, Hopfen, Lavendel, Johanniskraut, Pestwurz, Gingko und Kurkuma das Einschlafen und den Schlaf f\u00f6rdern. Au\u00dferdem zeigte der Referent einige praktische \u00dcbungen, um den Parasympathikus (den Ruhe- oder Erholungsnerv) zu st\u00e4rken, wie beispielsweise Ohrmassage, das Klopfen auf das Jochbein oder das Brustbein sowie die 4-7-8-Atemtechnik.<\/p>\n<p>Auch darf nicht vergessen werden, dass die zunehmende Belastung durch technische elektromagnetische Felder, insbesondere durch die Strahlung der allgegenw\u00e4rtigen mobilen Kommunikationsger\u00e4te, unser Nervensystem in einen dauerhaften Stress versetzt und f\u00fcr uns das \u201eHerunterfahren\u201c dadurch immer schwieriger wird. Das Wichtigste f\u00fcr einen guten Schlaf ist jedoch der Rhythmus. Es empfiehlt sich, immer zur selben Zeit aufzustehen und schlafen zu gehen \u2013 idealerweise im Rhythmus mit der Sonne. Denn eine wichtige Funktion des Schlafes ist die Synchronisation unseres Organismus mit dem Universum und der Sonne, deren nat\u00fcrliches Licht den prim\u00e4ren Impuls f\u00fcr unseren Tag-Nacht-Rhythmus gibt. Wenn wir rhythmisch leben, k\u00f6nnen sich auch unsere Organe entsprechend der Organuhr mit ihrer Funktion in diesen Rhythmus einordnen und ihrerseits unsere m\u00f6glichst exakte Synchronisation mitunterst\u00fctzen.<\/p>\n<p><img loading=\"lazy\" decoding=\"async\" class=\"aligncenter size-size-400 wp-image-38058\" src=\"https:\/\/www.naturalscience.org\/wp-content\/uploads\/2022\/11\/TIPS-HEALTHY-SLEEP-400x225.jpg\" alt=\"\" width=\"400\" height=\"225\" srcset=\"https:\/\/www.naturalscience.org\/wp-content\/uploads\/2022\/11\/TIPS-HEALTHY-SLEEP-400x225.jpg 400w, https:\/\/www.naturalscience.org\/wp-content\/uploads\/2022\/11\/TIPS-HEALTHY-SLEEP-300x169.jpg 300w, https:\/\/www.naturalscience.org\/wp-content\/uploads\/2022\/11\/TIPS-HEALTHY-SLEEP-1024x576.jpg 1024w, https:\/\/www.naturalscience.org\/wp-content\/uploads\/2022\/11\/TIPS-HEALTHY-SLEEP-768x432.jpg 768w, https:\/\/www.naturalscience.org\/wp-content\/uploads\/2022\/11\/TIPS-HEALTHY-SLEEP-164x92.jpg 164w, https:\/\/www.naturalscience.org\/wp-content\/uploads\/2022\/11\/TIPS-HEALTHY-SLEEP-500x281.jpg 500w, https:\/\/www.naturalscience.org\/wp-content\/uploads\/2022\/11\/TIPS-HEALTHY-SLEEP.jpg 1280w\" sizes=\"auto, (max-width: 400px) 100vw, 400px\" \/><\/p>\n<p>Die ausgebildete Bachbl\u00fctentherapeutin Heike Lorenz erl\u00e4uterte in ihrem Referat die sanfte Heilmethode nach Dr. Edward Bach und motivierte die Zuh\u00f6rer ihres Vortrags dazu, die 38 Bachbl\u00fcten im t\u00e4glichen Leben zu nutzen, um die eigenen Emotionen wieder ins Gleichgewicht zu bringen.<\/p>\n<p><img loading=\"lazy\" decoding=\"async\" class=\"aligncenter size-size-400 wp-image-38145\" src=\"https:\/\/www.naturalscience.org\/wp-content\/uploads\/2022\/12\/WHITE-CHESTNUT-400x267.jpeg\" alt=\"\" width=\"400\" height=\"267\" srcset=\"https:\/\/www.naturalscience.org\/wp-content\/uploads\/2022\/12\/WHITE-CHESTNUT-400x267.jpeg 400w, https:\/\/www.naturalscience.org\/wp-content\/uploads\/2022\/12\/WHITE-CHESTNUT-300x200.jpeg 300w, https:\/\/www.naturalscience.org\/wp-content\/uploads\/2022\/12\/WHITE-CHESTNUT-1024x683.jpeg 1024w, https:\/\/www.naturalscience.org\/wp-content\/uploads\/2022\/12\/WHITE-CHESTNUT-768x512.jpeg 768w, https:\/\/www.naturalscience.org\/wp-content\/uploads\/2022\/12\/WHITE-CHESTNUT-1536x1024.jpeg 1536w, https:\/\/www.naturalscience.org\/wp-content\/uploads\/2022\/12\/WHITE-CHESTNUT-2048x1366.jpeg 2048w, https:\/\/www.naturalscience.org\/wp-content\/uploads\/2022\/12\/WHITE-CHESTNUT-164x109.jpeg 164w, https:\/\/www.naturalscience.org\/wp-content\/uploads\/2022\/12\/WHITE-CHESTNUT-500x333.jpeg 500w\" sizes=\"auto, (max-width: 400px) 100vw, 400px\" \/><\/p>\n<p>F\u00fcr den Begr\u00fcnder Dr. Edward Bach lag die wahre Ursache von Krankheit in negativen Gef\u00fchlen wie Angst, Unsicherheit, Einsamkeit, Verzweiflung etc. F\u00fcr ein gesundes Leben, welches laut Dr. Bach \u201edas Geburtsrecht jedes Menschen\u201c ist, gilt es, diese Gef\u00fchle zu erkennen und umzuwandeln. F\u00fcr ihn war Gesundheit \u201edie vollst\u00e4ndige Einheit zwischen Seele, Geist und K\u00f6rper. Und diese Einheit ist kein unerreichbares, sondern ein so einfaches und nat\u00fcrliches Ziel, dass viele von uns es einfach \u00fcbersehen haben\u201c. Die 38 Bl\u00fctenessenzen sollen dabei helfen, aus den negativen Gef\u00fchlszust\u00e4nden wieder herauszukommen und diese, wie Dr. Bach sagte \u201ewieder in positive, freudvolle, hoffnungsvolle und gl\u00fcckliche Gef\u00fchle zu verwandeln\u201c.<\/p>\n<p>Sie haben bestimmt auch schon einmal erlebt, dass Sie nicht einschlafen konnten, weil Sie eine Art \u201eGedankenkarussell\u201c im Kopf hatten. Bei n\u00e4chsten Mal k\u00f6nnten Sie die Bachbl\u00fcte \u201eWhite Chestnut\u201c (Wei\u00dfe Kastanie) einnehmen, um wieder zur Ruhe zu kommen und klare Gedanken zu fassen. Oder hat Ihr Kind Alptr\u00e4ume und kann es beispielsweise nur bei Licht einschlafen? Dann k\u00f6nnte die Bachbl\u00fcte \u201eAspen\u201c (Zitterpappel) helfen, damit Ihr Kind seine unbegr\u00fcndeten \u00c4ngste loslassen kann. F\u00fcr den Notfall, wenn Sie oder Ihre Liebsten eine schlechte Nachricht erhalten haben oder Sie das Gef\u00fchl von Panik versp\u00fcren, kann das gelbe Sonnenr\u00f6schen \u201eRock Rose\u201c helfen. Die Referentin beschrieb viele weitere Situationen, in denen Bachbl\u00fcten im Alltag eine gro\u00dfe und unkomplizierte Unterst\u00fctzung sein k\u00f6nnen.<\/p>\n<p><img loading=\"lazy\" decoding=\"async\" class=\"aligncenter size-size-400 wp-image-38140\" src=\"https:\/\/www.naturalscience.org\/wp-content\/uploads\/2022\/12\/ASPEN-400x265.jpg\" alt=\"\" width=\"400\" height=\"265\" srcset=\"https:\/\/www.naturalscience.org\/wp-content\/uploads\/2022\/12\/ASPEN-400x265.jpg 400w, https:\/\/www.naturalscience.org\/wp-content\/uploads\/2022\/12\/ASPEN-300x199.jpg 300w, https:\/\/www.naturalscience.org\/wp-content\/uploads\/2022\/12\/ASPEN-1024x678.jpg 1024w, https:\/\/www.naturalscience.org\/wp-content\/uploads\/2022\/12\/ASPEN-768x509.jpg 768w, https:\/\/www.naturalscience.org\/wp-content\/uploads\/2022\/12\/ASPEN-1536x1017.jpg 1536w, https:\/\/www.naturalscience.org\/wp-content\/uploads\/2022\/12\/ASPEN-2048x1357.jpg 2048w, https:\/\/www.naturalscience.org\/wp-content\/uploads\/2022\/12\/ASPEN-164x109.jpg 164w, https:\/\/www.naturalscience.org\/wp-content\/uploads\/2022\/12\/ASPEN-500x331.jpg 500w\" sizes=\"auto, (max-width: 400px) 100vw, 400px\" \/><\/p>\n<p>Heike Lorenz hat in der Praxis gesehen, wie effektiv die Bachbl\u00fcten bei Tieren, Kindern und Erwachsenen (manchmal sofort im Anschluss oder manchmal nach mehrw\u00f6chiger Einnahme) wirken. Ihre Begeisterung f\u00fcr die 38 Bl\u00fcten von Gr\u00e4sern, B\u00e4umen, Str\u00e4uchern, welche sozusagen die \u201ePsychotherapie von Mutter Erde\u201c darstellen, war bei ihren Ausf\u00fchrungen deutlich sp\u00fcrbar.<\/p>\n<p>&nbsp;<\/p>\n<p><small>22. Oktober 2022, Hotel M\u00f6venpick, Regensdorf<\/small><\/p>\n","protected":false},"excerpt":{"rendered":"Lukas Waldmann, eidg. dipl. Heilpraktiker TEN, Rotkreuz, Schweiz Heike Lorenz, Bachfoundation Registerd Practitioner (BRP), Leupoldsgr\u00fcn, Deutschland &nbsp; 40% der Schweizerinnen und Schweizer leiden an Schlafst\u00f6rungen (weltweit 30-40% der Bev\u00f6lkerung). Dabei ist ein guter Schlaf f\u00fcr die eigene Gesundheit unerl\u00e4sslich. In der Zeit der letzten zwei Generationen haben wir weltweit t\u00e4glich durchschnittlich 1.5h an Schlafenszeit eingeb\u00fc\u00dft. [&hellip;]","protected":false},"author":14,"featured_media":0,"parent":37969,"menu_order":9,"comment_status":"closed","ping_status":"closed","template":"page-full.php","meta":{"_acf_changed":false,"ngg_post_thumbnail":0,"footnotes":""},"categories":[],"class_list":["post-38003","page","type-page","status-publish","hentry","wpautop"],"acf":[],"yoast_head":"<!-- This site is optimized with the Yoast SEO plugin v27.5 - https:\/\/yoast.com\/product\/yoast-seo-wordpress\/ -->\n<title>Was uns den Schlaf raubt \u2013 Der Angst den R\u00fccken kehren - The World Foundation for Natural Science<\/title>\n<meta name=\"robots\" content=\"index, follow, max-snippet:-1, max-image-preview:large, max-video-preview:-1\" \/>\n<link rel=\"canonical\" href=\"https:\/\/www.naturalscience.org\/de\/kongress-2022\/referate\/was-uns-den-schlaf-raubt-der-angst-den-ruecken-kehren\/\" \/>\n<meta name=\"twitter:label1\" content=\"Gesch\u00e4tzte Lesezeit\" \/>\n\t<meta name=\"twitter:data1\" content=\"4\u00a0Minuten\" \/>\n<script type=\"application\/ld+json\" class=\"yoast-schema-graph\">{\"@context\":\"https:\\\/\\\/schema.org\",\"@graph\":[{\"@type\":\"WebPage\",\"@id\":\"https:\\\/\\\/www.naturalscience.org\\\/de\\\/kongress-2022\\\/referate\\\/was-uns-den-schlaf-raubt-der-angst-den-ruecken-kehren\\\/\",\"url\":\"https:\\\/\\\/www.naturalscience.org\\\/de\\\/kongress-2022\\\/referate\\\/was-uns-den-schlaf-raubt-der-angst-den-ruecken-kehren\\\/\",\"name\":\"Was uns den Schlaf raubt \u2013 Der Angst den R\u00fccken kehren - The World Foundation for Natural Science\",\"isPartOf\":{\"@id\":\"https:\\\/\\\/www.naturalscience.org\\\/#website\"},\"primaryImageOfPage\":{\"@id\":\"https:\\\/\\\/www.naturalscience.org\\\/de\\\/kongress-2022\\\/referate\\\/was-uns-den-schlaf-raubt-der-angst-den-ruecken-kehren\\\/#primaryimage\"},\"image\":{\"@id\":\"https:\\\/\\\/www.naturalscience.org\\\/de\\\/kongress-2022\\\/referate\\\/was-uns-den-schlaf-raubt-der-angst-den-ruecken-kehren\\\/#primaryimage\"},\"thumbnailUrl\":\"https:\\\/\\\/www.naturalscience.org\\\/wp-content\\\/uploads\\\/2022\\\/12\\\/INSOMNIA-400x267.jpg\",\"datePublished\":\"2022-11-27T19:32:59+00:00\",\"dateModified\":\"2022-12-13T13:08:30+00:00\",\"breadcrumb\":{\"@id\":\"https:\\\/\\\/www.naturalscience.org\\\/de\\\/kongress-2022\\\/referate\\\/was-uns-den-schlaf-raubt-der-angst-den-ruecken-kehren\\\/#breadcrumb\"},\"inLanguage\":\"de\",\"potentialAction\":[{\"@type\":\"ReadAction\",\"target\":[\"https:\\\/\\\/www.naturalscience.org\\\/de\\\/kongress-2022\\\/referate\\\/was-uns-den-schlaf-raubt-der-angst-den-ruecken-kehren\\\/\"]}]},{\"@type\":\"ImageObject\",\"inLanguage\":\"de\",\"@id\":\"https:\\\/\\\/www.naturalscience.org\\\/de\\\/kongress-2022\\\/referate\\\/was-uns-den-schlaf-raubt-der-angst-den-ruecken-kehren\\\/#primaryimage\",\"url\":\"https:\\\/\\\/www.naturalscience.org\\\/wp-content\\\/uploads\\\/2022\\\/12\\\/INSOMNIA-400x267.jpg\",\"contentUrl\":\"https:\\\/\\\/www.naturalscience.org\\\/wp-content\\\/uploads\\\/2022\\\/12\\\/INSOMNIA-400x267.jpg\"},{\"@type\":\"BreadcrumbList\",\"@id\":\"https:\\\/\\\/www.naturalscience.org\\\/de\\\/kongress-2022\\\/referate\\\/was-uns-den-schlaf-raubt-der-angst-den-ruecken-kehren\\\/#breadcrumb\",\"itemListElement\":[{\"@type\":\"ListItem\",\"position\":1,\"name\":\"Home\",\"item\":\"https:\\\/\\\/www.naturalscience.org\\\/de\\\/\"},{\"@type\":\"ListItem\",\"position\":2,\"name\":\"25. Internationaler \u201eNeuer Wissenschaftlicher Ausblick\u201d Welt-Kongress\",\"item\":\"https:\\\/\\\/www.naturalscience.org\\\/de\\\/kongress-2022\\\/\"},{\"@type\":\"ListItem\",\"position\":3,\"name\":\"Referate\",\"item\":\"https:\\\/\\\/www.naturalscience.org\\\/de\\\/kongress-2022\\\/referate\\\/\"},{\"@type\":\"ListItem\",\"position\":4,\"name\":\"Was uns den Schlaf raubt \u2013 Der Angst den R\u00fccken kehren\"}]},{\"@type\":\"WebSite\",\"@id\":\"https:\\\/\\\/www.naturalscience.org\\\/#website\",\"url\":\"https:\\\/\\\/www.naturalscience.org\\\/\",\"name\":\"The World Foundation for Natural Science\",\"description\":\"Restoring and Healing the World through Responsibility and Commitment in accord with Natural and Divine Law!\",\"potentialAction\":[{\"@type\":\"SearchAction\",\"target\":{\"@type\":\"EntryPoint\",\"urlTemplate\":\"https:\\\/\\\/www.naturalscience.org\\\/?s={search_term_string}\"},\"query-input\":{\"@type\":\"PropertyValueSpecification\",\"valueRequired\":true,\"valueName\":\"search_term_string\"}}],\"inLanguage\":\"de\"}]}<\/script>\n<!-- \/ Yoast SEO plugin. -->","yoast_head_json":{"title":"Was uns den Schlaf raubt \u2013 Der Angst den R\u00fccken kehren - The World Foundation for Natural Science","robots":{"index":"index","follow":"follow","max-snippet":"max-snippet:-1","max-image-preview":"max-image-preview:large","max-video-preview":"max-video-preview:-1"},"canonical":"https:\/\/www.naturalscience.org\/de\/kongress-2022\/referate\/was-uns-den-schlaf-raubt-der-angst-den-ruecken-kehren\/","twitter_misc":{"Gesch\u00e4tzte Lesezeit":"4\u00a0Minuten"},"schema":{"@context":"https:\/\/schema.org","@graph":[{"@type":"WebPage","@id":"https:\/\/www.naturalscience.org\/de\/kongress-2022\/referate\/was-uns-den-schlaf-raubt-der-angst-den-ruecken-kehren\/","url":"https:\/\/www.naturalscience.org\/de\/kongress-2022\/referate\/was-uns-den-schlaf-raubt-der-angst-den-ruecken-kehren\/","name":"Was uns den Schlaf raubt \u2013 Der Angst den R\u00fccken kehren - The World Foundation for Natural Science","isPartOf":{"@id":"https:\/\/www.naturalscience.org\/#website"},"primaryImageOfPage":{"@id":"https:\/\/www.naturalscience.org\/de\/kongress-2022\/referate\/was-uns-den-schlaf-raubt-der-angst-den-ruecken-kehren\/#primaryimage"},"image":{"@id":"https:\/\/www.naturalscience.org\/de\/kongress-2022\/referate\/was-uns-den-schlaf-raubt-der-angst-den-ruecken-kehren\/#primaryimage"},"thumbnailUrl":"https:\/\/www.naturalscience.org\/wp-content\/uploads\/2022\/12\/INSOMNIA-400x267.jpg","datePublished":"2022-11-27T19:32:59+00:00","dateModified":"2022-12-13T13:08:30+00:00","breadcrumb":{"@id":"https:\/\/www.naturalscience.org\/de\/kongress-2022\/referate\/was-uns-den-schlaf-raubt-der-angst-den-ruecken-kehren\/#breadcrumb"},"inLanguage":"de","potentialAction":[{"@type":"ReadAction","target":["https:\/\/www.naturalscience.org\/de\/kongress-2022\/referate\/was-uns-den-schlaf-raubt-der-angst-den-ruecken-kehren\/"]}]},{"@type":"ImageObject","inLanguage":"de","@id":"https:\/\/www.naturalscience.org\/de\/kongress-2022\/referate\/was-uns-den-schlaf-raubt-der-angst-den-ruecken-kehren\/#primaryimage","url":"https:\/\/www.naturalscience.org\/wp-content\/uploads\/2022\/12\/INSOMNIA-400x267.jpg","contentUrl":"https:\/\/www.naturalscience.org\/wp-content\/uploads\/2022\/12\/INSOMNIA-400x267.jpg"},{"@type":"BreadcrumbList","@id":"https:\/\/www.naturalscience.org\/de\/kongress-2022\/referate\/was-uns-den-schlaf-raubt-der-angst-den-ruecken-kehren\/#breadcrumb","itemListElement":[{"@type":"ListItem","position":1,"name":"Home","item":"https:\/\/www.naturalscience.org\/de\/"},{"@type":"ListItem","position":2,"name":"25. Internationaler \u201eNeuer Wissenschaftlicher Ausblick\u201d Welt-Kongress","item":"https:\/\/www.naturalscience.org\/de\/kongress-2022\/"},{"@type":"ListItem","position":3,"name":"Referate","item":"https:\/\/www.naturalscience.org\/de\/kongress-2022\/referate\/"},{"@type":"ListItem","position":4,"name":"Was uns den Schlaf raubt \u2013 Der Angst den R\u00fccken kehren"}]},{"@type":"WebSite","@id":"https:\/\/www.naturalscience.org\/#website","url":"https:\/\/www.naturalscience.org\/","name":"The World Foundation for Natural Science","description":"Restoring and Healing the World through Responsibility and Commitment in accord with Natural and Divine Law!","potentialAction":[{"@type":"SearchAction","target":{"@type":"EntryPoint","urlTemplate":"https:\/\/www.naturalscience.org\/?s={search_term_string}"},"query-input":{"@type":"PropertyValueSpecification","valueRequired":true,"valueName":"search_term_string"}}],"inLanguage":"de"}]}},"_links":{"self":[{"href":"https:\/\/www.naturalscience.org\/de\/wp-json\/wp\/v2\/pages\/38003","targetHints":{"allow":["GET"]}}],"collection":[{"href":"https:\/\/www.naturalscience.org\/de\/wp-json\/wp\/v2\/pages"}],"about":[{"href":"https:\/\/www.naturalscience.org\/de\/wp-json\/wp\/v2\/types\/page"}],"author":[{"embeddable":true,"href":"https:\/\/www.naturalscience.org\/de\/wp-json\/wp\/v2\/users\/14"}],"replies":[{"embeddable":true,"href":"https:\/\/www.naturalscience.org\/de\/wp-json\/wp\/v2\/comments?post=38003"}],"version-history":[{"count":6,"href":"https:\/\/www.naturalscience.org\/de\/wp-json\/wp\/v2\/pages\/38003\/revisions"}],"predecessor-version":[{"id":38282,"href":"https:\/\/www.naturalscience.org\/de\/wp-json\/wp\/v2\/pages\/38003\/revisions\/38282"}],"up":[{"embeddable":true,"href":"https:\/\/www.naturalscience.org\/de\/wp-json\/wp\/v2\/pages\/37969"}],"wp:attachment":[{"href":"https:\/\/www.naturalscience.org\/de\/wp-json\/wp\/v2\/media?parent=38003"}],"wp:term":[{"taxonomy":"category","embeddable":true,"href":"https:\/\/www.naturalscience.org\/de\/wp-json\/wp\/v2\/categories?post=38003"}],"curies":[{"name":"wp","href":"https:\/\/api.w.org\/{rel}","templated":true}]}}