{"id":38001,"date":"2022-11-24T17:33:10","date_gmt":"2022-11-24T16:33:10","guid":{"rendered":"https:\/\/www.naturalscience.org\/?page_id=38001"},"modified":"2022-12-12T17:29:05","modified_gmt":"2022-12-12T16:29:05","slug":"die-energiewende-viel-schall-und-rauch","status":"publish","type":"page","link":"https:\/\/www.naturalscience.org\/de\/kongress-2022\/referate\/die-energiewende-viel-schall-und-rauch\/","title":{"rendered":"Die Energiewende \u2013 Viel Schall und Rauch"},"content":{"rendered":"<p><i><strong>Marcel Hofmann<\/strong>, MSEE, Dipl. El. Ing. HTL, Utzigen, Schweiz<\/i><\/p>\n<p>&nbsp;<\/p>\n<p>Dipl. El.-Ing. HTL Marcel Hofmann stellte gleich zu Beginn seines Referats klar, dass der Mensch keine Energie selber erzeugen kann. Im Endeffekt ist die Sonne der einzige Energieerzeuger!<\/p>\n<p>Obwohl die Energiekrise weltweite Auswirkungen hat, ist sie haupts\u00e4chlich ein europ\u00e4isches und hausgemachtes Problem. Wenn wir von Klimakonferenzen und Green Deals sprechen, geht es meist um gro\u00dfe Investitionsprogramme und politische Klimaschutzregelungen, die das Weltklima um 2\u00b0C verringern wollen, um dem Klimawandel Einhalt zu gebieten. Gerade kommt uns die als g\u00fcnstig angepriesene Energiewende doch eher teuer zu stehen. Nun fragt sich, ob es noch um \u00f6kologische oder doch eher um wirtschaftliche Entscheidungen unter dem Deckmantel des \u201eGreen Washing\u201c geht. Wird es der Erde besser gehen, wenn wir diesen Weg hin zu Windenergie und Elektroautos durch Gro\u00dfprojekte beschleunigen? Haben wir schon alle M\u00f6glichkeiten ausgesch\u00f6pft, welche die Sonne uns bietet?<\/p>\n<p><img loading=\"lazy\" decoding=\"async\" class=\"aligncenter wp-image-38144 size-size-400\" src=\"https:\/\/www.naturalscience.org\/wp-content\/uploads\/2022\/12\/SUN-400x267.jpeg\" alt=\"\" width=\"400\" height=\"267\" srcset=\"https:\/\/www.naturalscience.org\/wp-content\/uploads\/2022\/12\/SUN-400x267.jpeg 400w, https:\/\/www.naturalscience.org\/wp-content\/uploads\/2022\/12\/SUN-300x200.jpeg 300w, https:\/\/www.naturalscience.org\/wp-content\/uploads\/2022\/12\/SUN-1024x683.jpeg 1024w, https:\/\/www.naturalscience.org\/wp-content\/uploads\/2022\/12\/SUN-768x512.jpeg 768w, https:\/\/www.naturalscience.org\/wp-content\/uploads\/2022\/12\/SUN-1536x1024.jpeg 1536w, https:\/\/www.naturalscience.org\/wp-content\/uploads\/2022\/12\/SUN-2048x1366.jpeg 2048w, https:\/\/www.naturalscience.org\/wp-content\/uploads\/2022\/12\/SUN-164x109.jpeg 164w, https:\/\/www.naturalscience.org\/wp-content\/uploads\/2022\/12\/SUN-500x333.jpeg 500w\" sizes=\"auto, (max-width: 400px) 100vw, 400px\" \/><\/p>\n<p>Dipl. El. Ing. Marcel Hofmann zeigte die gewaltigen Dimensionen der Energiethematik auf. In den letzten Jahrzehnten hat sich der Energieverbrauch massiv erh\u00f6ht (Treibstoff und Elektrizit\u00e4t). Doch noch immer werden davon bis zu 84% aus fossiler Energie (\u00d6l, Gas, Atom, Kohle) und nur 16% aus erneuerbarer Energie (Wind, Wasser, Sonne) gedeckt. In K\u00fcrze soll das ganze Leben elektrifiziert werden, ganz nach dem Tesla-Mindset \u201eschnell planen, genehmigen, bauen und umsetzen\u201c; eine geplante Energiewirtschaft, die derzeit noch nicht einmal im Ansatz existiert, da L\u00e4nder wie Deutschland (Kohle, Atom) und Frankreich (Atom) immer noch gro\u00dfe Anteile ihrer Stromversorgung aus konventioneller Energie herstellen und davon profitieren. Wie k\u00f6nnen wir diese gro\u00dfen Mengen an fossiler Energie durch erneuerbare Energie ersetzen? Viele gehen davon aus, dass Strom weniger Energie verbraucht; doch um alles, was wir derzeit mit fossilen Brennstoffen betreiben, durch erneuerbare Energien anzutreiben, br\u00e4uchten wir die dreifache Menge der heute erzeugten erneuerbaren Energie.<\/p>\n<p><img loading=\"lazy\" decoding=\"async\" class=\"aligncenter wp-image-38042 size-large\" src=\"https:\/\/www.naturalscience.org\/wp-content\/uploads\/2022\/11\/WHICH-MATERIALS-FOR-WHICH-SECTOR-1024x576.jpg\" alt=\"\" width=\"1024\" height=\"576\" srcset=\"https:\/\/www.naturalscience.org\/wp-content\/uploads\/2022\/11\/WHICH-MATERIALS-FOR-WHICH-SECTOR-1024x576.jpg 1024w, https:\/\/www.naturalscience.org\/wp-content\/uploads\/2022\/11\/WHICH-MATERIALS-FOR-WHICH-SECTOR-300x169.jpg 300w, https:\/\/www.naturalscience.org\/wp-content\/uploads\/2022\/11\/WHICH-MATERIALS-FOR-WHICH-SECTOR-768x432.jpg 768w, https:\/\/www.naturalscience.org\/wp-content\/uploads\/2022\/11\/WHICH-MATERIALS-FOR-WHICH-SECTOR-164x92.jpg 164w, https:\/\/www.naturalscience.org\/wp-content\/uploads\/2022\/11\/WHICH-MATERIALS-FOR-WHICH-SECTOR-400x225.jpg 400w, https:\/\/www.naturalscience.org\/wp-content\/uploads\/2022\/11\/WHICH-MATERIALS-FOR-WHICH-SECTOR-500x281.jpg 500w, https:\/\/www.naturalscience.org\/wp-content\/uploads\/2022\/11\/WHICH-MATERIALS-FOR-WHICH-SECTOR.jpg 1280w\" sizes=\"auto, (max-width: 1024px) 100vw, 1024px\" \/><\/p>\n<p>Vor 20 Jahren hat Deutschland angefangen, aus Wind und Sonne Energie herzustellen. W\u00e4hrend gigantische neue Projekte in Planung sind, m\u00fcssen die ersten Windr\u00e4der bereits wieder abgebaut werden. Ihre Entsorgung bzw. ihr Recycling ist aber kaum geregelt, weshalb die Bestandteile der ausrangierten Windkraftwerke nun auf unbewilligten Deponien in der Landschaft liegenbleiben. Gem\u00e4\u00df Risikoanalyse der EU wird es in Zukunft h\u00f6chstwahrscheinlich nicht gen\u00fcgend Ressourcen an seltenen Erden (Lithium, Graphite, Cobalt, Dysprosium, Neodymium, Nickel und Praseodymium) geben, die f\u00fcr die \u201egr\u00fcnen\u201c Energiewerke (z. B. Windturbinen und Motore) ben\u00f6tigten werden. Zudem stammen die seltenen Erden heute gr\u00f6\u00dftenteils aus China, wo sie abgebaut und verarbeitet werden und Unmengen an verunreinigten Abw\u00e4ssern unkontrolliert ins Grundwasser und ins Meer flie\u00dfen und Mensch und Umwelt massiven Schaden zuf\u00fcgen. Viele der seltenen Erden werden kaum wiederverwendet. Anstatt sie zu rezyklieren, werden sie oftmals neu abgebaut, weil dies in der Regel billiger ist. Begehen wir denselben Fehler, wie wir ihn zuvor bei den Atomkraftwerken begangen haben, da wir Abfall produzieren, ohne zu wissen, wie wir diesen in Zukunft entsorgen und wiederverwenden k\u00f6nnen?<\/p>\n<p><img loading=\"lazy\" decoding=\"async\" class=\"aligncenter wp-image-38043 size-large\" src=\"https:\/\/www.naturalscience.org\/wp-content\/uploads\/2022\/11\/DEPENDANCY-FROM-CHINA-1024x576.jpg\" alt=\"\" width=\"1024\" height=\"576\" srcset=\"https:\/\/www.naturalscience.org\/wp-content\/uploads\/2022\/11\/DEPENDANCY-FROM-CHINA-1024x576.jpg 1024w, https:\/\/www.naturalscience.org\/wp-content\/uploads\/2022\/11\/DEPENDANCY-FROM-CHINA-300x169.jpg 300w, https:\/\/www.naturalscience.org\/wp-content\/uploads\/2022\/11\/DEPENDANCY-FROM-CHINA-768x432.jpg 768w, https:\/\/www.naturalscience.org\/wp-content\/uploads\/2022\/11\/DEPENDANCY-FROM-CHINA-164x92.jpg 164w, https:\/\/www.naturalscience.org\/wp-content\/uploads\/2022\/11\/DEPENDANCY-FROM-CHINA-400x225.jpg 400w, https:\/\/www.naturalscience.org\/wp-content\/uploads\/2022\/11\/DEPENDANCY-FROM-CHINA-500x281.jpg 500w, https:\/\/www.naturalscience.org\/wp-content\/uploads\/2022\/11\/DEPENDANCY-FROM-CHINA.jpg 1280w\" sizes=\"auto, (max-width: 1024px) 100vw, 1024px\" \/><\/p>\n<p>Recycling geh\u00f6rt zu einer cleveren und umweltfreundlichen Energiestrategie dazu. Genauso m\u00fcssen auch Nachteile (die heute oft einfach ignoriert oder geleugnet werden) in Betracht gezogen werden, bei den Windkraftanlagen etwa Schlaflosigkeit und Schlafst\u00f6rungen bei Anwohnern durch den Infraschall der Windr\u00e4der, das Durcheinanderbringen der Meeresschichten und daher des Lebensraums unz\u00e4hliger Meerestiere durch Offshore-Windkraftanlagen, den riesigen technischen Aufwand f\u00fcr gewisse Projekte, Subventionen, die dem Stromsparen im Wege stehen und allenfalls zu einer Netz\u00fcberlastung f\u00fchren k\u00f6nnen und so weiter.<\/p>\n<p><img loading=\"lazy\" decoding=\"async\" class=\"aligncenter wp-image-38044 size-size-400\" src=\"https:\/\/www.naturalscience.org\/wp-content\/uploads\/2022\/11\/OFFSHORE-WIND-TURBINES-400x225.jpg\" alt=\"\" width=\"400\" height=\"225\" srcset=\"https:\/\/www.naturalscience.org\/wp-content\/uploads\/2022\/11\/OFFSHORE-WIND-TURBINES-400x225.jpg 400w, https:\/\/www.naturalscience.org\/wp-content\/uploads\/2022\/11\/OFFSHORE-WIND-TURBINES-300x169.jpg 300w, https:\/\/www.naturalscience.org\/wp-content\/uploads\/2022\/11\/OFFSHORE-WIND-TURBINES-1024x576.jpg 1024w, https:\/\/www.naturalscience.org\/wp-content\/uploads\/2022\/11\/OFFSHORE-WIND-TURBINES-768x432.jpg 768w, https:\/\/www.naturalscience.org\/wp-content\/uploads\/2022\/11\/OFFSHORE-WIND-TURBINES-164x92.jpg 164w, https:\/\/www.naturalscience.org\/wp-content\/uploads\/2022\/11\/OFFSHORE-WIND-TURBINES-500x281.jpg 500w, https:\/\/www.naturalscience.org\/wp-content\/uploads\/2022\/11\/OFFSHORE-WIND-TURBINES.jpg 1280w\" sizes=\"auto, (max-width: 400px) 100vw, 400px\" \/><\/p>\n<p>Wir br\u00e4uchten eine Energiewende, das sei klar, meinte Marcel Hofmann. Jedoch d\u00fcrfe es keine Post-Covid-\u00c4ra-New-Green-Deal-Energiepolitik sein, bei der es nicht um Nachhaltigkeit, sondern um das Wirtschaftswachstum geht. Ideen f\u00fcr eine wahre Energiewende w\u00e4ren zum Beispiel die dezentrale Energiegewinnung f\u00fcr private Haushalte (Wasserspeicher im Haus geheizt durch Sonnenenergie, Holzofen, &#8230;), denn Energiewende bedeutet das sinnvolle Zusammenwirken verschiedenster Energiequellen, Technologien und Ideen. Es bedeutet auch, die Gleichg\u00fcltigkeit aufzugeben und Eigenverantwortung wahrzunehmen sowie von einer zentralen auf eine dezentrale Energieversorgung umzustellen. Die gr\u00f6\u00dfte Herausforderung bei den erneuerbaren Energien ist die Frage der Energiespeicherung, da teilweise \u00fcbersch\u00fcssige Energie vernichtet werden muss und auch die Speichertechnik mittels Wasserstoffgewinnung (Elektrolyse) noch viel Verlust verursacht. Allerdings seien durchaus Projekte im Gange, um effizientere Stromspeicher herzustellen, erkl\u00e4rte der Referent mit Verweis auf ein aktuelles Beispiel im Tessin in der Schweiz. Die Energiewende ist machbar, denn \u201edie Welt hat genug f\u00fcr jedermanns Bed\u00fcrfnisse, aber nicht f\u00fcr jedermanns Gier\u201c, zitierte Marcel Hofmann zum Abschluss seines Referats Mahatma Gandhi.<\/p>\n<p>&nbsp;<\/p>\n<p><small>22. Oktober 2022, Hotel M\u00f6venpick, Regensdorf<\/small><\/p>\n","protected":false},"excerpt":{"rendered":"Marcel Hofmann, MSEE, Dipl. El. Ing. HTL, Utzigen, Schweiz &nbsp; Dipl. El.-Ing. HTL Marcel Hofmann stellte gleich zu Beginn seines Referats klar, dass der Mensch keine Energie selber erzeugen kann. Im Endeffekt ist die Sonne der einzige Energieerzeuger! Obwohl die Energiekrise weltweite Auswirkungen hat, ist sie haupts\u00e4chlich ein europ\u00e4isches und hausgemachtes Problem. Wenn wir von [&hellip;]","protected":false},"author":14,"featured_media":0,"parent":37969,"menu_order":7,"comment_status":"closed","ping_status":"closed","template":"page-full.php","meta":{"_acf_changed":false,"ngg_post_thumbnail":0,"footnotes":""},"categories":[],"class_list":["post-38001","page","type-page","status-publish","hentry","wpautop"],"acf":[],"yoast_head":"<!-- This site is optimized with the Yoast SEO plugin v27.6 - https:\/\/yoast.com\/product\/yoast-seo-wordpress\/ -->\n<title>Die Energiewende \u2013 Viel Schall und Rauch - The World Foundation for Natural Science<\/title>\n<meta name=\"robots\" content=\"index, follow, max-snippet:-1, max-image-preview:large, max-video-preview:-1\" \/>\n<link rel=\"canonical\" href=\"https:\/\/www.naturalscience.org\/de\/kongress-2022\/referate\/die-energiewende-viel-schall-und-rauch\/\" \/>\n<meta name=\"twitter:label1\" content=\"Gesch\u00e4tzte Lesezeit\" \/>\n\t<meta name=\"twitter:data1\" content=\"4\u00a0Minuten\" \/>\n<script type=\"application\/ld+json\" class=\"yoast-schema-graph\">{\"@context\":\"https:\\\/\\\/schema.org\",\"@graph\":[{\"@type\":\"WebPage\",\"@id\":\"https:\\\/\\\/www.naturalscience.org\\\/de\\\/kongress-2022\\\/referate\\\/die-energiewende-viel-schall-und-rauch\\\/\",\"url\":\"https:\\\/\\\/www.naturalscience.org\\\/de\\\/kongress-2022\\\/referate\\\/die-energiewende-viel-schall-und-rauch\\\/\",\"name\":\"Die Energiewende \u2013 Viel Schall und Rauch - The World Foundation for Natural Science\",\"isPartOf\":{\"@id\":\"https:\\\/\\\/www.naturalscience.org\\\/#website\"},\"primaryImageOfPage\":{\"@id\":\"https:\\\/\\\/www.naturalscience.org\\\/de\\\/kongress-2022\\\/referate\\\/die-energiewende-viel-schall-und-rauch\\\/#primaryimage\"},\"image\":{\"@id\":\"https:\\\/\\\/www.naturalscience.org\\\/de\\\/kongress-2022\\\/referate\\\/die-energiewende-viel-schall-und-rauch\\\/#primaryimage\"},\"thumbnailUrl\":\"https:\\\/\\\/www.naturalscience.org\\\/wp-content\\\/uploads\\\/2022\\\/12\\\/SUN-400x267.jpeg\",\"datePublished\":\"2022-11-24T16:33:10+00:00\",\"dateModified\":\"2022-12-12T16:29:05+00:00\",\"breadcrumb\":{\"@id\":\"https:\\\/\\\/www.naturalscience.org\\\/de\\\/kongress-2022\\\/referate\\\/die-energiewende-viel-schall-und-rauch\\\/#breadcrumb\"},\"inLanguage\":\"de\",\"potentialAction\":[{\"@type\":\"ReadAction\",\"target\":[\"https:\\\/\\\/www.naturalscience.org\\\/de\\\/kongress-2022\\\/referate\\\/die-energiewende-viel-schall-und-rauch\\\/\"]}]},{\"@type\":\"ImageObject\",\"inLanguage\":\"de\",\"@id\":\"https:\\\/\\\/www.naturalscience.org\\\/de\\\/kongress-2022\\\/referate\\\/die-energiewende-viel-schall-und-rauch\\\/#primaryimage\",\"url\":\"https:\\\/\\\/www.naturalscience.org\\\/wp-content\\\/uploads\\\/2022\\\/12\\\/SUN-400x267.jpeg\",\"contentUrl\":\"https:\\\/\\\/www.naturalscience.org\\\/wp-content\\\/uploads\\\/2022\\\/12\\\/SUN-400x267.jpeg\"},{\"@type\":\"BreadcrumbList\",\"@id\":\"https:\\\/\\\/www.naturalscience.org\\\/de\\\/kongress-2022\\\/referate\\\/die-energiewende-viel-schall-und-rauch\\\/#breadcrumb\",\"itemListElement\":[{\"@type\":\"ListItem\",\"position\":1,\"name\":\"Home\",\"item\":\"https:\\\/\\\/www.naturalscience.org\\\/de\\\/\"},{\"@type\":\"ListItem\",\"position\":2,\"name\":\"25. Internationaler \u201eNeuer Wissenschaftlicher Ausblick\u201d Welt-Kongress\",\"item\":\"https:\\\/\\\/www.naturalscience.org\\\/de\\\/kongress-2022\\\/\"},{\"@type\":\"ListItem\",\"position\":3,\"name\":\"Referate\",\"item\":\"https:\\\/\\\/www.naturalscience.org\\\/de\\\/kongress-2022\\\/referate\\\/\"},{\"@type\":\"ListItem\",\"position\":4,\"name\":\"Die Energiewende \u2013 Viel Schall und Rauch\"}]},{\"@type\":\"WebSite\",\"@id\":\"https:\\\/\\\/www.naturalscience.org\\\/#website\",\"url\":\"https:\\\/\\\/www.naturalscience.org\\\/\",\"name\":\"The World Foundation for Natural Science\",\"description\":\"Restoring and Healing the World through Responsibility and Commitment in accord with Natural and Divine Law!\",\"potentialAction\":[{\"@type\":\"SearchAction\",\"target\":{\"@type\":\"EntryPoint\",\"urlTemplate\":\"https:\\\/\\\/www.naturalscience.org\\\/?s={search_term_string}\"},\"query-input\":{\"@type\":\"PropertyValueSpecification\",\"valueRequired\":true,\"valueName\":\"search_term_string\"}}],\"inLanguage\":\"de\"}]}<\/script>\n<!-- \/ Yoast SEO plugin. -->","yoast_head_json":{"title":"Die Energiewende \u2013 Viel Schall und Rauch - The World Foundation for Natural Science","robots":{"index":"index","follow":"follow","max-snippet":"max-snippet:-1","max-image-preview":"max-image-preview:large","max-video-preview":"max-video-preview:-1"},"canonical":"https:\/\/www.naturalscience.org\/de\/kongress-2022\/referate\/die-energiewende-viel-schall-und-rauch\/","twitter_misc":{"Gesch\u00e4tzte Lesezeit":"4\u00a0Minuten"},"schema":{"@context":"https:\/\/schema.org","@graph":[{"@type":"WebPage","@id":"https:\/\/www.naturalscience.org\/de\/kongress-2022\/referate\/die-energiewende-viel-schall-und-rauch\/","url":"https:\/\/www.naturalscience.org\/de\/kongress-2022\/referate\/die-energiewende-viel-schall-und-rauch\/","name":"Die Energiewende \u2013 Viel Schall und Rauch - The World Foundation for Natural Science","isPartOf":{"@id":"https:\/\/www.naturalscience.org\/#website"},"primaryImageOfPage":{"@id":"https:\/\/www.naturalscience.org\/de\/kongress-2022\/referate\/die-energiewende-viel-schall-und-rauch\/#primaryimage"},"image":{"@id":"https:\/\/www.naturalscience.org\/de\/kongress-2022\/referate\/die-energiewende-viel-schall-und-rauch\/#primaryimage"},"thumbnailUrl":"https:\/\/www.naturalscience.org\/wp-content\/uploads\/2022\/12\/SUN-400x267.jpeg","datePublished":"2022-11-24T16:33:10+00:00","dateModified":"2022-12-12T16:29:05+00:00","breadcrumb":{"@id":"https:\/\/www.naturalscience.org\/de\/kongress-2022\/referate\/die-energiewende-viel-schall-und-rauch\/#breadcrumb"},"inLanguage":"de","potentialAction":[{"@type":"ReadAction","target":["https:\/\/www.naturalscience.org\/de\/kongress-2022\/referate\/die-energiewende-viel-schall-und-rauch\/"]}]},{"@type":"ImageObject","inLanguage":"de","@id":"https:\/\/www.naturalscience.org\/de\/kongress-2022\/referate\/die-energiewende-viel-schall-und-rauch\/#primaryimage","url":"https:\/\/www.naturalscience.org\/wp-content\/uploads\/2022\/12\/SUN-400x267.jpeg","contentUrl":"https:\/\/www.naturalscience.org\/wp-content\/uploads\/2022\/12\/SUN-400x267.jpeg"},{"@type":"BreadcrumbList","@id":"https:\/\/www.naturalscience.org\/de\/kongress-2022\/referate\/die-energiewende-viel-schall-und-rauch\/#breadcrumb","itemListElement":[{"@type":"ListItem","position":1,"name":"Home","item":"https:\/\/www.naturalscience.org\/de\/"},{"@type":"ListItem","position":2,"name":"25. Internationaler \u201eNeuer Wissenschaftlicher Ausblick\u201d Welt-Kongress","item":"https:\/\/www.naturalscience.org\/de\/kongress-2022\/"},{"@type":"ListItem","position":3,"name":"Referate","item":"https:\/\/www.naturalscience.org\/de\/kongress-2022\/referate\/"},{"@type":"ListItem","position":4,"name":"Die Energiewende \u2013 Viel Schall und Rauch"}]},{"@type":"WebSite","@id":"https:\/\/www.naturalscience.org\/#website","url":"https:\/\/www.naturalscience.org\/","name":"The World Foundation for Natural Science","description":"Restoring and Healing the World through Responsibility and Commitment in accord with Natural and Divine Law!","potentialAction":[{"@type":"SearchAction","target":{"@type":"EntryPoint","urlTemplate":"https:\/\/www.naturalscience.org\/?s={search_term_string}"},"query-input":{"@type":"PropertyValueSpecification","valueRequired":true,"valueName":"search_term_string"}}],"inLanguage":"de"}]}},"_links":{"self":[{"href":"https:\/\/www.naturalscience.org\/de\/wp-json\/wp\/v2\/pages\/38001","targetHints":{"allow":["GET"]}}],"collection":[{"href":"https:\/\/www.naturalscience.org\/de\/wp-json\/wp\/v2\/pages"}],"about":[{"href":"https:\/\/www.naturalscience.org\/de\/wp-json\/wp\/v2\/types\/page"}],"author":[{"embeddable":true,"href":"https:\/\/www.naturalscience.org\/de\/wp-json\/wp\/v2\/users\/14"}],"replies":[{"embeddable":true,"href":"https:\/\/www.naturalscience.org\/de\/wp-json\/wp\/v2\/comments?post=38001"}],"version-history":[{"count":11,"href":"https:\/\/www.naturalscience.org\/de\/wp-json\/wp\/v2\/pages\/38001\/revisions"}],"predecessor-version":[{"id":38246,"href":"https:\/\/www.naturalscience.org\/de\/wp-json\/wp\/v2\/pages\/38001\/revisions\/38246"}],"up":[{"embeddable":true,"href":"https:\/\/www.naturalscience.org\/de\/wp-json\/wp\/v2\/pages\/37969"}],"wp:attachment":[{"href":"https:\/\/www.naturalscience.org\/de\/wp-json\/wp\/v2\/media?parent=38001"}],"wp:term":[{"taxonomy":"category","embeddable":true,"href":"https:\/\/www.naturalscience.org\/de\/wp-json\/wp\/v2\/categories?post=38001"}],"curies":[{"name":"wp","href":"https:\/\/api.w.org\/{rel}","templated":true}]}}