{"id":38000,"date":"2022-11-24T17:25:25","date_gmt":"2022-11-24T16:25:25","guid":{"rendered":"https:\/\/www.naturalscience.org\/?page_id=38000"},"modified":"2022-12-12T17:32:55","modified_gmt":"2022-12-12T16:32:55","slug":"digital-ist-nicht-gruen-von-der-ideologie-zur-realitaet","status":"publish","type":"page","link":"https:\/\/www.naturalscience.org\/de\/kongress-2022\/referate\/digital-ist-nicht-gruen-von-der-ideologie-zur-realitaet\/","title":{"rendered":"Digital ist nicht gr\u00fcn \u2013 Von der Ideologie zur Realit\u00e4t"},"content":{"rendered":"<p><i><strong>Marcel Hofmann<\/strong>, MSEE, Dipl. El. Ing. HTL, Utzigen, Schweiz<\/i><\/p>\n<p>&nbsp;<\/p>\n<p>Die Annahme, dass die Digitalisierung dazu beitr\u00e4gt, die Umwelt zu schonen, widerlegte Marcel Hofmann in seinem Vortrag. Einer der Hauptgr\u00fcnde besteht darin, dass die Digitalisierung auf dem Sammeln, \u00dcbertragen, Verarbeiten und Speichern von Daten basiert, wof\u00fcr sehr viel Strom ben\u00f6tigt wird. R\u00fcckgrat der Digitalisierung ist 5G; f\u00fcr weitere Entwicklungen wie zum Beispiel Hologramme in selbstfahrenden Autos wird bereits 6G vorbereitet. Dabei wird h\u00e4ufig davon gesprochen, wie energieeffizient 5G sei. Dies stimmt, wenn man die Energie pro Datenpaket betrachtet. Was dabei jedoch vergessen wird, ist, dass viel mehr Daten als zuvor verarbeitet werden m\u00fcssen und daher auch viel mehr Antennen ben\u00f6tigt werden. Laut einer Studie von Huawei wird der Strombedarf durch 5G um 21% ansteigen. Diese gesammelten Daten m\u00fcssen au\u00dferdem in Rechenzentren gespeichert werden, die ebenfalls auf Strom angewiesen sind. So entspricht der Zuwachs an ben\u00f6tigter Energie zwischen 2019 und 2024 f\u00fcr den Betrieb der rund 85 Rechenzentren in der Schweiz jener Energie, welche ein Schweizer Kernkraftwerk produziert. F\u00fcr eine einzige Suchanfrage bei Google werden 0,3 Wattstunden ben\u00f6tigt. Pro Jahr verbrauchen somit nur schon die weltweiten, mehr als drei Billionen Suchanfragen bei Google etwa 900 GWh, was 3\/4 des Stromverbrauchs einer Stadt wie Basel (Schweiz) entspricht. Und der Betrieb der geringen Zahl von 1,5 Millionen Robotertaxis w\u00fcrde dasselbe Datenvolumen erzeugen, wie es durch die Internetnutzung der gesamten Weltbev\u00f6lkerung produziert wird!<\/p>\n<p><img loading=\"lazy\" decoding=\"async\" class=\"aligncenter size-size-400 wp-image-38038\" src=\"https:\/\/www.naturalscience.org\/wp-content\/uploads\/2022\/11\/HOLOGRAM-400x225.jpg\" alt=\"\" width=\"400\" height=\"225\" srcset=\"https:\/\/www.naturalscience.org\/wp-content\/uploads\/2022\/11\/HOLOGRAM-400x225.jpg 400w, https:\/\/www.naturalscience.org\/wp-content\/uploads\/2022\/11\/HOLOGRAM-300x169.jpg 300w, https:\/\/www.naturalscience.org\/wp-content\/uploads\/2022\/11\/HOLOGRAM-1024x576.jpg 1024w, https:\/\/www.naturalscience.org\/wp-content\/uploads\/2022\/11\/HOLOGRAM-768x432.jpg 768w, https:\/\/www.naturalscience.org\/wp-content\/uploads\/2022\/11\/HOLOGRAM-164x92.jpg 164w, https:\/\/www.naturalscience.org\/wp-content\/uploads\/2022\/11\/HOLOGRAM-500x281.jpg 500w, https:\/\/www.naturalscience.org\/wp-content\/uploads\/2022\/11\/HOLOGRAM.jpg 1280w\" sizes=\"auto, (max-width: 400px) 100vw, 400px\" \/><\/p>\n<p>Wir m\u00fcssen uns bewusst sein, dass Digitalisierung auf Daten beruht. Und Daten sind das \u00d6l des 21. Jahrhunderts. Somit entstehen durch die Digitalisierung neue Probleme, denn die vermehrte Datenerhebung beg\u00fcnstigt eine verst\u00e4rkte \u00dcberwachung. Marcel Hofmann gibt zu bedenken, dass jede Aktion im Internet eine Datenspur hinterl\u00e4sst. Wissen Sie, was Sie bewusst oder unbewusst im Internet \u00fcber sich preisgeben?<\/p>\n<p><img loading=\"lazy\" decoding=\"async\" class=\"aligncenter wp-image-38039 size-size-500\" src=\"https:\/\/www.naturalscience.org\/wp-content\/uploads\/2022\/11\/RESSOURCES-500x281.jpg\" alt=\"\" width=\"500\" height=\"281\" srcset=\"https:\/\/www.naturalscience.org\/wp-content\/uploads\/2022\/11\/RESSOURCES-500x281.jpg 500w, https:\/\/www.naturalscience.org\/wp-content\/uploads\/2022\/11\/RESSOURCES-300x169.jpg 300w, https:\/\/www.naturalscience.org\/wp-content\/uploads\/2022\/11\/RESSOURCES-1024x576.jpg 1024w, https:\/\/www.naturalscience.org\/wp-content\/uploads\/2022\/11\/RESSOURCES-768x432.jpg 768w, https:\/\/www.naturalscience.org\/wp-content\/uploads\/2022\/11\/RESSOURCES-164x92.jpg 164w, https:\/\/www.naturalscience.org\/wp-content\/uploads\/2022\/11\/RESSOURCES-400x225.jpg 400w, https:\/\/www.naturalscience.org\/wp-content\/uploads\/2022\/11\/RESSOURCES.jpg 1280w\" sizes=\"auto, (max-width: 500px) 100vw, 500px\" \/><\/p>\n<p>Auch die Auswirkungen der Digitalisierung auf die Natur sind nicht unerheblich. Die Herstellung eines Elektroautos ben\u00f6tigt gegen\u00fcber einem herk\u00f6mmlichen Benzin- oder Dieselfahrzeug vier Mal mehr Kupfer; bis 2030 w\u00e4re dies gegen\u00fcber heute die 30fache Menge! F\u00fcr die Herstellung von Elektroautos, Windkraftwerken oder Smartphones werden au\u00dferdem seltene Erden sowie Lithium, Kobalt, Mangan oder Kupfer ben\u00f6tigt. Bedenklich ist der Abbau dieser Ressourcen vor allem in der Tiefsee, da dies eine irreversible Sch\u00e4digung des \u00d6kosystems und seiner Bewohner zur Folge hat, wie die Meeresspezialistin von The World Foundation for Natural Science, lic. phil. Sabrina Amico, in ihrem Beitrag eindr\u00fccklich aufzeigte. Die Tiefsee, die 95% des Ozeanvolumens ausmacht und 54% der gesamten Erdoberfl\u00e4che umfasst und ein h\u00f6chst empfindlicher Lebensraum f\u00fcr unz\u00e4hlige Tier- und Pflanzenarten darstellt (f\u00fcr viele von ihnen ist die Tiefsee der einzige Lebensraum), d\u00fcrfte sich von einem so massivem Eingriff wie dem Tiefseebergbau wohl nicht mehr erholen. Was dies f\u00fcr die Erde insgesamt bedeutet, ist nicht absehbar.<\/p>\n<div id=\"attachment_38248\" style=\"width: 400px\" class=\"wp-caption aligncenter\"><img loading=\"lazy\" decoding=\"async\" aria-describedby=\"caption-attachment-38248\" class=\"wp-image-38248 size-size-400\" src=\"https:\/\/www.naturalscience.org\/wp-content\/uploads\/2022\/12\/DEEP-SEA.-1-400x267.jpg\" alt=\"\" width=\"400\" height=\"267\" srcset=\"https:\/\/www.naturalscience.org\/wp-content\/uploads\/2022\/12\/DEEP-SEA.-1-400x267.jpg 400w, https:\/\/www.naturalscience.org\/wp-content\/uploads\/2022\/12\/DEEP-SEA.-1-300x200.jpg 300w, https:\/\/www.naturalscience.org\/wp-content\/uploads\/2022\/12\/DEEP-SEA.-1-1024x684.jpg 1024w, https:\/\/www.naturalscience.org\/wp-content\/uploads\/2022\/12\/DEEP-SEA.-1-768x513.jpg 768w, https:\/\/www.naturalscience.org\/wp-content\/uploads\/2022\/12\/DEEP-SEA.-1-1536x1025.jpg 1536w, https:\/\/www.naturalscience.org\/wp-content\/uploads\/2022\/12\/DEEP-SEA.-1-2048x1367.jpg 2048w, https:\/\/www.naturalscience.org\/wp-content\/uploads\/2022\/12\/DEEP-SEA.-1-164x109.jpg 164w, https:\/\/www.naturalscience.org\/wp-content\/uploads\/2022\/12\/DEEP-SEA.-1-500x334.jpg 500w\" sizes=\"auto, (max-width: 400px) 100vw, 400px\" \/><p id=\"caption-attachment-38248\" class=\"wp-caption-text\">&nbsp;<\/p><\/div>\n<p>Wenn die Digitalisierung mehr Strom verbraucht, die Natur erheblich sch\u00e4digt und Sicherheitsrisiken f\u00fcr die privaten Daten von Nutzern mit sich bringt, stellt sich berechtigterweise die Frage, was an digital \u201egr\u00fcn\u201c sein soll. Und vergessen wir nicht, gab Marcel Hofmann in seinem Schlusswort zu bedenken, dass die Natur analog funktioniert!<\/p>\n<p>&nbsp;<\/p>\n<p><small>22. Oktober 2022, Hotel M\u00f6venpick, Regensdorf<\/small><\/p>\n","protected":false},"excerpt":{"rendered":"Marcel Hofmann, MSEE, Dipl. El. Ing. HTL, Utzigen, Schweiz &nbsp; Die Annahme, dass die Digitalisierung dazu beitr\u00e4gt, die Umwelt zu schonen, widerlegte Marcel Hofmann in seinem Vortrag. Einer der Hauptgr\u00fcnde besteht darin, dass die Digitalisierung auf dem Sammeln, \u00dcbertragen, Verarbeiten und Speichern von Daten basiert, wof\u00fcr sehr viel Strom ben\u00f6tigt wird. R\u00fcckgrat der Digitalisierung ist [&hellip;]","protected":false},"author":14,"featured_media":0,"parent":37969,"menu_order":6,"comment_status":"closed","ping_status":"closed","template":"page-full.php","meta":{"_acf_changed":false,"ngg_post_thumbnail":0,"footnotes":""},"categories":[],"class_list":["post-38000","page","type-page","status-publish","hentry","wpautop"],"acf":[],"yoast_head":"<!-- This site is optimized with the Yoast SEO plugin v27.6 - https:\/\/yoast.com\/product\/yoast-seo-wordpress\/ -->\n<title>Digital ist nicht gr\u00fcn \u2013 Von der Ideologie zur Realit\u00e4t - The World Foundation for Natural Science<\/title>\n<meta name=\"robots\" content=\"index, follow, max-snippet:-1, max-image-preview:large, max-video-preview:-1\" \/>\n<link rel=\"canonical\" href=\"https:\/\/www.naturalscience.org\/de\/kongress-2022\/referate\/digital-ist-nicht-gruen-von-der-ideologie-zur-realitaet\/\" \/>\n<meta name=\"twitter:label1\" content=\"Gesch\u00e4tzte Lesezeit\" \/>\n\t<meta name=\"twitter:data1\" content=\"3\u00a0Minuten\" \/>\n<script type=\"application\/ld+json\" class=\"yoast-schema-graph\">{\"@context\":\"https:\\\/\\\/schema.org\",\"@graph\":[{\"@type\":\"WebPage\",\"@id\":\"https:\\\/\\\/www.naturalscience.org\\\/de\\\/kongress-2022\\\/referate\\\/digital-ist-nicht-gruen-von-der-ideologie-zur-realitaet\\\/\",\"url\":\"https:\\\/\\\/www.naturalscience.org\\\/de\\\/kongress-2022\\\/referate\\\/digital-ist-nicht-gruen-von-der-ideologie-zur-realitaet\\\/\",\"name\":\"Digital ist nicht gr\u00fcn \u2013 Von der Ideologie zur Realit\u00e4t - The World Foundation for Natural Science\",\"isPartOf\":{\"@id\":\"https:\\\/\\\/www.naturalscience.org\\\/#website\"},\"primaryImageOfPage\":{\"@id\":\"https:\\\/\\\/www.naturalscience.org\\\/de\\\/kongress-2022\\\/referate\\\/digital-ist-nicht-gruen-von-der-ideologie-zur-realitaet\\\/#primaryimage\"},\"image\":{\"@id\":\"https:\\\/\\\/www.naturalscience.org\\\/de\\\/kongress-2022\\\/referate\\\/digital-ist-nicht-gruen-von-der-ideologie-zur-realitaet\\\/#primaryimage\"},\"thumbnailUrl\":\"https:\\\/\\\/www.naturalscience.org\\\/wp-content\\\/uploads\\\/2022\\\/11\\\/HOLOGRAM-400x225.jpg\",\"datePublished\":\"2022-11-24T16:25:25+00:00\",\"dateModified\":\"2022-12-12T16:32:55+00:00\",\"breadcrumb\":{\"@id\":\"https:\\\/\\\/www.naturalscience.org\\\/de\\\/kongress-2022\\\/referate\\\/digital-ist-nicht-gruen-von-der-ideologie-zur-realitaet\\\/#breadcrumb\"},\"inLanguage\":\"de\",\"potentialAction\":[{\"@type\":\"ReadAction\",\"target\":[\"https:\\\/\\\/www.naturalscience.org\\\/de\\\/kongress-2022\\\/referate\\\/digital-ist-nicht-gruen-von-der-ideologie-zur-realitaet\\\/\"]}]},{\"@type\":\"ImageObject\",\"inLanguage\":\"de\",\"@id\":\"https:\\\/\\\/www.naturalscience.org\\\/de\\\/kongress-2022\\\/referate\\\/digital-ist-nicht-gruen-von-der-ideologie-zur-realitaet\\\/#primaryimage\",\"url\":\"https:\\\/\\\/www.naturalscience.org\\\/wp-content\\\/uploads\\\/2022\\\/11\\\/HOLOGRAM-400x225.jpg\",\"contentUrl\":\"https:\\\/\\\/www.naturalscience.org\\\/wp-content\\\/uploads\\\/2022\\\/11\\\/HOLOGRAM-400x225.jpg\"},{\"@type\":\"BreadcrumbList\",\"@id\":\"https:\\\/\\\/www.naturalscience.org\\\/de\\\/kongress-2022\\\/referate\\\/digital-ist-nicht-gruen-von-der-ideologie-zur-realitaet\\\/#breadcrumb\",\"itemListElement\":[{\"@type\":\"ListItem\",\"position\":1,\"name\":\"Home\",\"item\":\"https:\\\/\\\/www.naturalscience.org\\\/de\\\/\"},{\"@type\":\"ListItem\",\"position\":2,\"name\":\"25. Internationaler \u201eNeuer Wissenschaftlicher Ausblick\u201d Welt-Kongress\",\"item\":\"https:\\\/\\\/www.naturalscience.org\\\/de\\\/kongress-2022\\\/\"},{\"@type\":\"ListItem\",\"position\":3,\"name\":\"Referate\",\"item\":\"https:\\\/\\\/www.naturalscience.org\\\/de\\\/kongress-2022\\\/referate\\\/\"},{\"@type\":\"ListItem\",\"position\":4,\"name\":\"Digital ist nicht gr\u00fcn \u2013 Von der Ideologie zur Realit\u00e4t\"}]},{\"@type\":\"WebSite\",\"@id\":\"https:\\\/\\\/www.naturalscience.org\\\/#website\",\"url\":\"https:\\\/\\\/www.naturalscience.org\\\/\",\"name\":\"The World Foundation for Natural Science\",\"description\":\"Restoring and Healing the World through Responsibility and Commitment in accord with Natural and Divine Law!\",\"potentialAction\":[{\"@type\":\"SearchAction\",\"target\":{\"@type\":\"EntryPoint\",\"urlTemplate\":\"https:\\\/\\\/www.naturalscience.org\\\/?s={search_term_string}\"},\"query-input\":{\"@type\":\"PropertyValueSpecification\",\"valueRequired\":true,\"valueName\":\"search_term_string\"}}],\"inLanguage\":\"de\"}]}<\/script>\n<!-- \/ Yoast SEO plugin. -->","yoast_head_json":{"title":"Digital ist nicht gr\u00fcn \u2013 Von der Ideologie zur Realit\u00e4t - The World Foundation for Natural Science","robots":{"index":"index","follow":"follow","max-snippet":"max-snippet:-1","max-image-preview":"max-image-preview:large","max-video-preview":"max-video-preview:-1"},"canonical":"https:\/\/www.naturalscience.org\/de\/kongress-2022\/referate\/digital-ist-nicht-gruen-von-der-ideologie-zur-realitaet\/","twitter_misc":{"Gesch\u00e4tzte Lesezeit":"3\u00a0Minuten"},"schema":{"@context":"https:\/\/schema.org","@graph":[{"@type":"WebPage","@id":"https:\/\/www.naturalscience.org\/de\/kongress-2022\/referate\/digital-ist-nicht-gruen-von-der-ideologie-zur-realitaet\/","url":"https:\/\/www.naturalscience.org\/de\/kongress-2022\/referate\/digital-ist-nicht-gruen-von-der-ideologie-zur-realitaet\/","name":"Digital ist nicht gr\u00fcn \u2013 Von der Ideologie zur Realit\u00e4t - The World Foundation for Natural Science","isPartOf":{"@id":"https:\/\/www.naturalscience.org\/#website"},"primaryImageOfPage":{"@id":"https:\/\/www.naturalscience.org\/de\/kongress-2022\/referate\/digital-ist-nicht-gruen-von-der-ideologie-zur-realitaet\/#primaryimage"},"image":{"@id":"https:\/\/www.naturalscience.org\/de\/kongress-2022\/referate\/digital-ist-nicht-gruen-von-der-ideologie-zur-realitaet\/#primaryimage"},"thumbnailUrl":"https:\/\/www.naturalscience.org\/wp-content\/uploads\/2022\/11\/HOLOGRAM-400x225.jpg","datePublished":"2022-11-24T16:25:25+00:00","dateModified":"2022-12-12T16:32:55+00:00","breadcrumb":{"@id":"https:\/\/www.naturalscience.org\/de\/kongress-2022\/referate\/digital-ist-nicht-gruen-von-der-ideologie-zur-realitaet\/#breadcrumb"},"inLanguage":"de","potentialAction":[{"@type":"ReadAction","target":["https:\/\/www.naturalscience.org\/de\/kongress-2022\/referate\/digital-ist-nicht-gruen-von-der-ideologie-zur-realitaet\/"]}]},{"@type":"ImageObject","inLanguage":"de","@id":"https:\/\/www.naturalscience.org\/de\/kongress-2022\/referate\/digital-ist-nicht-gruen-von-der-ideologie-zur-realitaet\/#primaryimage","url":"https:\/\/www.naturalscience.org\/wp-content\/uploads\/2022\/11\/HOLOGRAM-400x225.jpg","contentUrl":"https:\/\/www.naturalscience.org\/wp-content\/uploads\/2022\/11\/HOLOGRAM-400x225.jpg"},{"@type":"BreadcrumbList","@id":"https:\/\/www.naturalscience.org\/de\/kongress-2022\/referate\/digital-ist-nicht-gruen-von-der-ideologie-zur-realitaet\/#breadcrumb","itemListElement":[{"@type":"ListItem","position":1,"name":"Home","item":"https:\/\/www.naturalscience.org\/de\/"},{"@type":"ListItem","position":2,"name":"25. Internationaler \u201eNeuer Wissenschaftlicher Ausblick\u201d Welt-Kongress","item":"https:\/\/www.naturalscience.org\/de\/kongress-2022\/"},{"@type":"ListItem","position":3,"name":"Referate","item":"https:\/\/www.naturalscience.org\/de\/kongress-2022\/referate\/"},{"@type":"ListItem","position":4,"name":"Digital ist nicht gr\u00fcn \u2013 Von der Ideologie zur Realit\u00e4t"}]},{"@type":"WebSite","@id":"https:\/\/www.naturalscience.org\/#website","url":"https:\/\/www.naturalscience.org\/","name":"The World Foundation for Natural Science","description":"Restoring and Healing the World through Responsibility and Commitment in accord with Natural and Divine Law!","potentialAction":[{"@type":"SearchAction","target":{"@type":"EntryPoint","urlTemplate":"https:\/\/www.naturalscience.org\/?s={search_term_string}"},"query-input":{"@type":"PropertyValueSpecification","valueRequired":true,"valueName":"search_term_string"}}],"inLanguage":"de"}]}},"_links":{"self":[{"href":"https:\/\/www.naturalscience.org\/de\/wp-json\/wp\/v2\/pages\/38000","targetHints":{"allow":["GET"]}}],"collection":[{"href":"https:\/\/www.naturalscience.org\/de\/wp-json\/wp\/v2\/pages"}],"about":[{"href":"https:\/\/www.naturalscience.org\/de\/wp-json\/wp\/v2\/types\/page"}],"author":[{"embeddable":true,"href":"https:\/\/www.naturalscience.org\/de\/wp-json\/wp\/v2\/users\/14"}],"replies":[{"embeddable":true,"href":"https:\/\/www.naturalscience.org\/de\/wp-json\/wp\/v2\/comments?post=38000"}],"version-history":[{"count":7,"href":"https:\/\/www.naturalscience.org\/de\/wp-json\/wp\/v2\/pages\/38000\/revisions"}],"predecessor-version":[{"id":38249,"href":"https:\/\/www.naturalscience.org\/de\/wp-json\/wp\/v2\/pages\/38000\/revisions\/38249"}],"up":[{"embeddable":true,"href":"https:\/\/www.naturalscience.org\/de\/wp-json\/wp\/v2\/pages\/37969"}],"wp:attachment":[{"href":"https:\/\/www.naturalscience.org\/de\/wp-json\/wp\/v2\/media?parent=38000"}],"wp:term":[{"taxonomy":"category","embeddable":true,"href":"https:\/\/www.naturalscience.org\/de\/wp-json\/wp\/v2\/categories?post=38000"}],"curies":[{"name":"wp","href":"https:\/\/api.w.org\/{rel}","templated":true}]}}