{"id":37999,"date":"2022-11-22T18:23:48","date_gmt":"2022-11-22T17:23:48","guid":{"rendered":"https:\/\/www.naturalscience.org\/?page_id=37999"},"modified":"2022-12-13T14:04:08","modified_gmt":"2022-12-13T13:04:08","slug":"agroforstwirtschaft-die-symbiose-leben","status":"publish","type":"page","link":"https:\/\/www.naturalscience.org\/de\/kongress-2022\/referate\/agroforstwirtschaft-die-symbiose-leben\/","title":{"rendered":"Agroforstwirtschaft \u2013 Die Symbiose leben"},"content":{"rendered":"<p><i><strong>Jos\u00e9 de Almeida<\/strong>, Diplom-Agraringenieur, Lima, Peru<\/i><\/p>\n<p>&nbsp;<\/p>\n<p>Jos\u00e9 de Almeida erinnerte mit seinem schwungvollen Kurzreferat die Zuh\u00f6rerinnen und Zuh\u00f6rer daran, dass die Menschen ein integraler Bestandteil der Natur sind und dass zwischen Mensch, Tier und Natur eine Beziehung von gegenseitigem Respekt notwendig ist. Mit geschickten Fragen brachte er die Kongressteilnehmer zum Nachdenken \u00fcber ihr eigenes Konsumverhalten und schlie\u00dflich zur Erkenntnis, dass sie als Konsumenten mit ihren Kaufentscheidungen eine Mitverantwortung tragen.<\/p>\n<p><img loading=\"lazy\" decoding=\"async\" class=\"aligncenter size-size-400 wp-image-38028\" src=\"https:\/\/www.naturalscience.org\/wp-content\/uploads\/2022\/11\/PASTURE-400x300.jpg\" alt=\"\" width=\"400\" height=\"300\" srcset=\"https:\/\/www.naturalscience.org\/wp-content\/uploads\/2022\/11\/PASTURE-400x300.jpg 400w, https:\/\/www.naturalscience.org\/wp-content\/uploads\/2022\/11\/PASTURE-300x225.jpg 300w, https:\/\/www.naturalscience.org\/wp-content\/uploads\/2022\/11\/PASTURE-1024x768.jpg 1024w, https:\/\/www.naturalscience.org\/wp-content\/uploads\/2022\/11\/PASTURE-768x576.jpg 768w, https:\/\/www.naturalscience.org\/wp-content\/uploads\/2022\/11\/PASTURE-164x123.jpg 164w, https:\/\/www.naturalscience.org\/wp-content\/uploads\/2022\/11\/PASTURE-500x375.jpg 500w, https:\/\/www.naturalscience.org\/wp-content\/uploads\/2022\/11\/PASTURE.jpg 1246w\" sizes=\"auto, (max-width: 400px) 100vw, 400px\" \/><\/p>\n<p>Der Referent berichtete von seinen Erfahrungen und Beobachtungen in seinem Heimatland Peru, einem Exportland f\u00fcr viele Produkte wie beispielsweise Kaffee und Avocado. Zur Bedienung der globalen M\u00e4rkte wird dort weiterhin kleinteilige Landwirtschaftsfl\u00e4che umgestaltet oder manchmal sogar tropischer Regenwald komplett gerodet, um stattdessen gro\u00dfe Monokulturen anzubauen. Die Folgen sind der Verlust von Lebensraum und Artenvielfalt, was unter anderem zu einer verheerenden Ern\u00e4hrungskrise f\u00fcr die einheimische Bev\u00f6lkerung f\u00fchrte.<\/p>\n<p><img loading=\"lazy\" decoding=\"async\" class=\"aligncenter size-size-400 wp-image-38029\" src=\"https:\/\/www.naturalscience.org\/wp-content\/uploads\/2022\/11\/CACTI-400x225.jpg\" alt=\"\" width=\"400\" height=\"225\" srcset=\"https:\/\/www.naturalscience.org\/wp-content\/uploads\/2022\/11\/CACTI-400x225.jpg 400w, https:\/\/www.naturalscience.org\/wp-content\/uploads\/2022\/11\/CACTI-300x169.jpg 300w, https:\/\/www.naturalscience.org\/wp-content\/uploads\/2022\/11\/CACTI-1024x576.jpg 1024w, https:\/\/www.naturalscience.org\/wp-content\/uploads\/2022\/11\/CACTI-768x432.jpg 768w, https:\/\/www.naturalscience.org\/wp-content\/uploads\/2022\/11\/CACTI-164x92.jpg 164w, https:\/\/www.naturalscience.org\/wp-content\/uploads\/2022\/11\/CACTI-500x281.jpg 500w, https:\/\/www.naturalscience.org\/wp-content\/uploads\/2022\/11\/CACTI.jpg 1246w\" sizes=\"auto, (max-width: 400px) 100vw, 400px\" \/><\/p>\n<p>Jos\u00e9 de Almeida stellte die schon seit Jahrhunderten praktizierte Agroforstwirtschaft als eine \u00f6kologische und zukunftsf\u00e4hige Alternative zur von Profitgier getriebenen Monokultur vor. In der Agroforstwirtschaft werden Ackerbau, Tierhaltung und Forstwirtschaft auf derselben Fl\u00e4che betrieben, mit dem Ziel der Herstellung einer Symbiose zwischen Tier und Pflanzenwelt, der Verbesserung der Biodiversit\u00e4t und der Erreichung eines \u201eAgro\u00f6kosystems\u201c, einem nat\u00fcrlichen Gleichgewicht zwischen Landwirtschaft und Natur.<\/p>\n<p><img loading=\"lazy\" decoding=\"async\" class=\"aligncenter size-size-400 wp-image-38030\" src=\"https:\/\/www.naturalscience.org\/wp-content\/uploads\/2022\/11\/COFFEE-400x200.jpg\" alt=\"\" width=\"400\" height=\"200\" srcset=\"https:\/\/www.naturalscience.org\/wp-content\/uploads\/2022\/11\/COFFEE-400x200.jpg 400w, https:\/\/www.naturalscience.org\/wp-content\/uploads\/2022\/11\/COFFEE-300x150.jpg 300w, https:\/\/www.naturalscience.org\/wp-content\/uploads\/2022\/11\/COFFEE-768x383.jpg 768w, https:\/\/www.naturalscience.org\/wp-content\/uploads\/2022\/11\/COFFEE-164x82.jpg 164w, https:\/\/www.naturalscience.org\/wp-content\/uploads\/2022\/11\/COFFEE-500x249.jpg 500w, https:\/\/www.naturalscience.org\/wp-content\/uploads\/2022\/11\/COFFEE.jpg 938w\" sizes=\"auto, (max-width: 400px) 100vw, 400px\" \/><\/p>\n<p>Schlie\u00dflich stellte der Referent den Zuh\u00f6rern einige beeindruckende Erfolgsprojekte in Peru vor, in welchen das Konzept der Agroforstwirtschaft nicht nur vermittelt, sondern auch praktisch gelebt wird. Er beendete seinen Vortrag mit einem ber\u00fchrenden Pl\u00e4doyer \u00fcber die Liebe zur \u201ePachamama\u201c, was in Quechua, einer der alten Sprachen der Andenv\u00f6lker, \u201eMutter Erde\u201c bedeutet.<\/p>\n<p>&nbsp;<\/p>\n<p><small>21. Oktober 2022, Hotel M\u00f6venpick, Regensdorf<\/small><\/p>\n","protected":false},"excerpt":{"rendered":"Jos\u00e9 de Almeida, Diplom-Agraringenieur, Lima, Peru &nbsp; Jos\u00e9 de Almeida erinnerte mit seinem schwungvollen Kurzreferat die Zuh\u00f6rerinnen und Zuh\u00f6rer daran, dass die Menschen ein integraler Bestandteil der Natur sind und dass zwischen Mensch, Tier und Natur eine Beziehung von gegenseitigem Respekt notwendig ist. Mit geschickten Fragen brachte er die Kongressteilnehmer zum Nachdenken \u00fcber ihr eigenes [&hellip;]","protected":false},"author":14,"featured_media":0,"parent":37969,"menu_order":5,"comment_status":"closed","ping_status":"closed","template":"page-full.php","meta":{"_acf_changed":false,"ngg_post_thumbnail":0,"footnotes":""},"categories":[],"class_list":["post-37999","page","type-page","status-publish","hentry","wpautop"],"acf":[],"yoast_head":"<!-- This site is optimized with the Yoast SEO plugin v27.4 - https:\/\/yoast.com\/product\/yoast-seo-wordpress\/ -->\n<title>Agroforstwirtschaft \u2013 Die Symbiose leben - The World Foundation for Natural Science<\/title>\n<meta name=\"robots\" content=\"index, follow, max-snippet:-1, max-image-preview:large, max-video-preview:-1\" \/>\n<link rel=\"canonical\" href=\"https:\/\/www.naturalscience.org\/de\/kongress-2022\/referate\/agroforstwirtschaft-die-symbiose-leben\/\" \/>\n<meta name=\"twitter:label1\" content=\"Gesch\u00e4tzte Lesezeit\" \/>\n\t<meta name=\"twitter:data1\" content=\"2\u00a0Minuten\" \/>\n<script type=\"application\/ld+json\" class=\"yoast-schema-graph\">{\"@context\":\"https:\\\/\\\/schema.org\",\"@graph\":[{\"@type\":\"WebPage\",\"@id\":\"https:\\\/\\\/www.naturalscience.org\\\/de\\\/kongress-2022\\\/referate\\\/agroforstwirtschaft-die-symbiose-leben\\\/\",\"url\":\"https:\\\/\\\/www.naturalscience.org\\\/de\\\/kongress-2022\\\/referate\\\/agroforstwirtschaft-die-symbiose-leben\\\/\",\"name\":\"Agroforstwirtschaft \u2013 Die Symbiose leben - The World Foundation for Natural Science\",\"isPartOf\":{\"@id\":\"https:\\\/\\\/www.naturalscience.org\\\/#website\"},\"primaryImageOfPage\":{\"@id\":\"https:\\\/\\\/www.naturalscience.org\\\/de\\\/kongress-2022\\\/referate\\\/agroforstwirtschaft-die-symbiose-leben\\\/#primaryimage\"},\"image\":{\"@id\":\"https:\\\/\\\/www.naturalscience.org\\\/de\\\/kongress-2022\\\/referate\\\/agroforstwirtschaft-die-symbiose-leben\\\/#primaryimage\"},\"thumbnailUrl\":\"https:\\\/\\\/www.naturalscience.org\\\/wp-content\\\/uploads\\\/2022\\\/11\\\/PASTURE-400x300.jpg\",\"datePublished\":\"2022-11-22T17:23:48+00:00\",\"dateModified\":\"2022-12-13T13:04:08+00:00\",\"breadcrumb\":{\"@id\":\"https:\\\/\\\/www.naturalscience.org\\\/de\\\/kongress-2022\\\/referate\\\/agroforstwirtschaft-die-symbiose-leben\\\/#breadcrumb\"},\"inLanguage\":\"de\",\"potentialAction\":[{\"@type\":\"ReadAction\",\"target\":[\"https:\\\/\\\/www.naturalscience.org\\\/de\\\/kongress-2022\\\/referate\\\/agroforstwirtschaft-die-symbiose-leben\\\/\"]}]},{\"@type\":\"ImageObject\",\"inLanguage\":\"de\",\"@id\":\"https:\\\/\\\/www.naturalscience.org\\\/de\\\/kongress-2022\\\/referate\\\/agroforstwirtschaft-die-symbiose-leben\\\/#primaryimage\",\"url\":\"https:\\\/\\\/www.naturalscience.org\\\/wp-content\\\/uploads\\\/2022\\\/11\\\/PASTURE-400x300.jpg\",\"contentUrl\":\"https:\\\/\\\/www.naturalscience.org\\\/wp-content\\\/uploads\\\/2022\\\/11\\\/PASTURE-400x300.jpg\"},{\"@type\":\"BreadcrumbList\",\"@id\":\"https:\\\/\\\/www.naturalscience.org\\\/de\\\/kongress-2022\\\/referate\\\/agroforstwirtschaft-die-symbiose-leben\\\/#breadcrumb\",\"itemListElement\":[{\"@type\":\"ListItem\",\"position\":1,\"name\":\"Home\",\"item\":\"https:\\\/\\\/www.naturalscience.org\\\/de\\\/\"},{\"@type\":\"ListItem\",\"position\":2,\"name\":\"25. Internationaler \u201eNeuer Wissenschaftlicher Ausblick\u201d Welt-Kongress\",\"item\":\"https:\\\/\\\/www.naturalscience.org\\\/de\\\/kongress-2022\\\/\"},{\"@type\":\"ListItem\",\"position\":3,\"name\":\"Referate\",\"item\":\"https:\\\/\\\/www.naturalscience.org\\\/de\\\/kongress-2022\\\/referate\\\/\"},{\"@type\":\"ListItem\",\"position\":4,\"name\":\"Agroforstwirtschaft \u2013 Die Symbiose leben\"}]},{\"@type\":\"WebSite\",\"@id\":\"https:\\\/\\\/www.naturalscience.org\\\/#website\",\"url\":\"https:\\\/\\\/www.naturalscience.org\\\/\",\"name\":\"The World Foundation for Natural Science\",\"description\":\"Restoring and Healing the World through Responsibility and Commitment in accord with Natural and Divine Law!\",\"potentialAction\":[{\"@type\":\"SearchAction\",\"target\":{\"@type\":\"EntryPoint\",\"urlTemplate\":\"https:\\\/\\\/www.naturalscience.org\\\/?s={search_term_string}\"},\"query-input\":{\"@type\":\"PropertyValueSpecification\",\"valueRequired\":true,\"valueName\":\"search_term_string\"}}],\"inLanguage\":\"de\"}]}<\/script>\n<!-- \/ Yoast SEO plugin. -->","yoast_head_json":{"title":"Agroforstwirtschaft \u2013 Die Symbiose leben - The World Foundation for Natural Science","robots":{"index":"index","follow":"follow","max-snippet":"max-snippet:-1","max-image-preview":"max-image-preview:large","max-video-preview":"max-video-preview:-1"},"canonical":"https:\/\/www.naturalscience.org\/de\/kongress-2022\/referate\/agroforstwirtschaft-die-symbiose-leben\/","twitter_misc":{"Gesch\u00e4tzte Lesezeit":"2\u00a0Minuten"},"schema":{"@context":"https:\/\/schema.org","@graph":[{"@type":"WebPage","@id":"https:\/\/www.naturalscience.org\/de\/kongress-2022\/referate\/agroforstwirtschaft-die-symbiose-leben\/","url":"https:\/\/www.naturalscience.org\/de\/kongress-2022\/referate\/agroforstwirtschaft-die-symbiose-leben\/","name":"Agroforstwirtschaft \u2013 Die Symbiose leben - The World Foundation for Natural Science","isPartOf":{"@id":"https:\/\/www.naturalscience.org\/#website"},"primaryImageOfPage":{"@id":"https:\/\/www.naturalscience.org\/de\/kongress-2022\/referate\/agroforstwirtschaft-die-symbiose-leben\/#primaryimage"},"image":{"@id":"https:\/\/www.naturalscience.org\/de\/kongress-2022\/referate\/agroforstwirtschaft-die-symbiose-leben\/#primaryimage"},"thumbnailUrl":"https:\/\/www.naturalscience.org\/wp-content\/uploads\/2022\/11\/PASTURE-400x300.jpg","datePublished":"2022-11-22T17:23:48+00:00","dateModified":"2022-12-13T13:04:08+00:00","breadcrumb":{"@id":"https:\/\/www.naturalscience.org\/de\/kongress-2022\/referate\/agroforstwirtschaft-die-symbiose-leben\/#breadcrumb"},"inLanguage":"de","potentialAction":[{"@type":"ReadAction","target":["https:\/\/www.naturalscience.org\/de\/kongress-2022\/referate\/agroforstwirtschaft-die-symbiose-leben\/"]}]},{"@type":"ImageObject","inLanguage":"de","@id":"https:\/\/www.naturalscience.org\/de\/kongress-2022\/referate\/agroforstwirtschaft-die-symbiose-leben\/#primaryimage","url":"https:\/\/www.naturalscience.org\/wp-content\/uploads\/2022\/11\/PASTURE-400x300.jpg","contentUrl":"https:\/\/www.naturalscience.org\/wp-content\/uploads\/2022\/11\/PASTURE-400x300.jpg"},{"@type":"BreadcrumbList","@id":"https:\/\/www.naturalscience.org\/de\/kongress-2022\/referate\/agroforstwirtschaft-die-symbiose-leben\/#breadcrumb","itemListElement":[{"@type":"ListItem","position":1,"name":"Home","item":"https:\/\/www.naturalscience.org\/de\/"},{"@type":"ListItem","position":2,"name":"25. Internationaler \u201eNeuer Wissenschaftlicher Ausblick\u201d Welt-Kongress","item":"https:\/\/www.naturalscience.org\/de\/kongress-2022\/"},{"@type":"ListItem","position":3,"name":"Referate","item":"https:\/\/www.naturalscience.org\/de\/kongress-2022\/referate\/"},{"@type":"ListItem","position":4,"name":"Agroforstwirtschaft \u2013 Die Symbiose leben"}]},{"@type":"WebSite","@id":"https:\/\/www.naturalscience.org\/#website","url":"https:\/\/www.naturalscience.org\/","name":"The World Foundation for Natural Science","description":"Restoring and Healing the World through Responsibility and Commitment in accord with Natural and Divine Law!","potentialAction":[{"@type":"SearchAction","target":{"@type":"EntryPoint","urlTemplate":"https:\/\/www.naturalscience.org\/?s={search_term_string}"},"query-input":{"@type":"PropertyValueSpecification","valueRequired":true,"valueName":"search_term_string"}}],"inLanguage":"de"}]}},"_links":{"self":[{"href":"https:\/\/www.naturalscience.org\/de\/wp-json\/wp\/v2\/pages\/37999","targetHints":{"allow":["GET"]}}],"collection":[{"href":"https:\/\/www.naturalscience.org\/de\/wp-json\/wp\/v2\/pages"}],"about":[{"href":"https:\/\/www.naturalscience.org\/de\/wp-json\/wp\/v2\/types\/page"}],"author":[{"embeddable":true,"href":"https:\/\/www.naturalscience.org\/de\/wp-json\/wp\/v2\/users\/14"}],"replies":[{"embeddable":true,"href":"https:\/\/www.naturalscience.org\/de\/wp-json\/wp\/v2\/comments?post=37999"}],"version-history":[{"count":3,"href":"https:\/\/www.naturalscience.org\/de\/wp-json\/wp\/v2\/pages\/37999\/revisions"}],"predecessor-version":[{"id":38279,"href":"https:\/\/www.naturalscience.org\/de\/wp-json\/wp\/v2\/pages\/37999\/revisions\/38279"}],"up":[{"embeddable":true,"href":"https:\/\/www.naturalscience.org\/de\/wp-json\/wp\/v2\/pages\/37969"}],"wp:attachment":[{"href":"https:\/\/www.naturalscience.org\/de\/wp-json\/wp\/v2\/media?parent=37999"}],"wp:term":[{"taxonomy":"category","embeddable":true,"href":"https:\/\/www.naturalscience.org\/de\/wp-json\/wp\/v2\/categories?post=37999"}],"curies":[{"name":"wp","href":"https:\/\/api.w.org\/{rel}","templated":true}]}}