{"id":37997,"date":"2022-11-22T18:12:05","date_gmt":"2022-11-22T17:12:05","guid":{"rendered":"https:\/\/www.naturalscience.org\/?page_id=37997"},"modified":"2022-12-13T14:01:59","modified_gmt":"2022-12-13T13:01:59","slug":"bauer-oder-drohne-die-zukunft-der-landwirtschaft","status":"publish","type":"page","link":"https:\/\/www.naturalscience.org\/de\/kongress-2022\/referate\/bauer-oder-drohne-die-zukunft-der-landwirtschaft\/","title":{"rendered":"Bauer oder Drohne \u2013 Die Zukunft der Landwirtschaft"},"content":{"rendered":"<p><i><strong>Sebastian Hausmann-Z\u2019graggen<\/strong>, Dr. rer. nat. Biologie, Winterthur, Schweiz<\/i><\/p>\n<p>&nbsp;<\/p>\n<p>Eine brennende Frage in der heutigen Zeit lautet: \u201eIst die Landwirtschaft \u00fcberhaupt noch f\u00e4hig, die Menschheit zu ern\u00e4hren?\u201c Nein, so erkl\u00e4rte Dr. Sebastian Hausmann-Z\u2019graggen, nicht mit den heutigen Anbaumethoden. Die Menschen in Europa sind zwar privilegiert, und dennoch m\u00fcssen tiefgreifende Ver\u00e4nderungen herbeigef\u00fchrt werden, da trotz gro\u00dfm\u00e4uliger Versprechen vonseiten der industriellen Landwirtschaft ein Drittel der Menschheit an Hunger oder Mangelern\u00e4hrung leidet.<\/p>\n<p>Der Beginn der industriellen Landwirtschaft Anfang des 20. Jahrhunderts brachte die bis dahin praktizierte Mischkultur durch den Einsatz von Traktoren, die Ausbringung von Hybridsamen wie Mais und die Anwendung von Stickstoffd\u00fcnger allm\u00e4hlich zum Erliegen und die Monokultur wurde zur bevorzugten Anbaumethode. Als Konsequenz wurde die Verwendung von giftigen Spritzmitteln n\u00f6tig. Dem Versprechen der Hersteller nach sollten die Spritzmittel und die D\u00fcngung mit Stickstoff den Welthunger endg\u00fcltig besiegen. Tats\u00e4chlich erbrachte das verwendete Hochleistungssaatgut zu Beginn die prognostizierten Mehrertr\u00e4ge, die jedoch schon nach wenigen Jahren stark nachlie\u00dfen. Das patentierte Saatgut, das den Patentinhaber zum Eigent\u00fcmer macht, kann aufgrund seiner angez\u00fcchteten Eigenschaften nicht mehr f\u00fcr das Folgejahr genutzt werden und muss j\u00e4hrlich neu eingekauft werden, zusammen mit speziell angepassten D\u00fcngemitteln und giftigen Spritzmitteln, um die Probleme der Monokultur auszugleichen. Die falschen Versprechen der Industrie brachten viele Bauern an den Rand des Ruins und viele begingen gar Selbstmord, wie das Beispiel Indien beweist.<\/p>\n<p><img loading=\"lazy\" decoding=\"async\" class=\"aligncenter wp-image-38019 size-large\" src=\"https:\/\/www.naturalscience.org\/wp-content\/uploads\/2022\/11\/MONOCULTURE-1024x576.jpg\" alt=\"\" width=\"1024\" height=\"576\" srcset=\"https:\/\/www.naturalscience.org\/wp-content\/uploads\/2022\/11\/MONOCULTURE-1024x576.jpg 1024w, https:\/\/www.naturalscience.org\/wp-content\/uploads\/2022\/11\/MONOCULTURE-300x169.jpg 300w, https:\/\/www.naturalscience.org\/wp-content\/uploads\/2022\/11\/MONOCULTURE-768x432.jpg 768w, https:\/\/www.naturalscience.org\/wp-content\/uploads\/2022\/11\/MONOCULTURE-164x92.jpg 164w, https:\/\/www.naturalscience.org\/wp-content\/uploads\/2022\/11\/MONOCULTURE-400x225.jpg 400w, https:\/\/www.naturalscience.org\/wp-content\/uploads\/2022\/11\/MONOCULTURE-500x281.jpg 500w, https:\/\/www.naturalscience.org\/wp-content\/uploads\/2022\/11\/MONOCULTURE.jpg 1280w\" sizes=\"auto, (max-width: 1024px) 100vw, 1024px\" \/><\/p>\n<p>Dr. Hausmann-Z\u2019graggen zeigte auf, dass die agro-chemische Industrie durch den Verkauf von Maschinen, von Saatgut und D\u00fcngemitteln profitiert, als Konsequenz dieser Bewirtschaftung jedoch die gro\u00dfen Betriebe immer gr\u00f6\u00dfer werden und viele Kleinbauern zur Betriebsaufgabe gezwungen sind. Eigenes nicht patentiertes Saatgut, das sich \u00fcber Jahrhunderte hinweg den klimatischen Bedingungen anpassen konnte, darf aufgrund von internationalen Abkommen der Welthandelsorganisation nicht l\u00e4nger genutzt werden oder oft erst nach einem langwierigen und nahezu unbezahlbaren Zulassungsverfahren.<\/p>\n<p>An dieser Stelle erl\u00e4uterte Dipl. Ing. Stefan Birnstingl (der seit 25 Jahren zusammen mit seinem Bruder und seiner Familie Obstkulturen nach den Richtlinien der biologisch-dynamischen Wirtschaftsweise kultiviert) die ges\u00fcndere, kostenlose Alternative, um die Fruchtbarkeit der B\u00f6den wiederherzustellen und langfristig zu erhalten. Er verwies insbesondere darauf, dass der Verzicht auf chemische Spritzmittel und Stickstoffd\u00fcnger wichtig ist, um das \u00dcberleben der Regenw\u00fcrmer zu sichern. Diese sind unverzichtbare Helfer zur Humusproduktion, einem fundamentalen Bestandteil gesunder, gut durchl\u00fcfteter Erde, die Wasser speichert, das dann w\u00e4hrend Trockenperioden zur Verf\u00fcgung steht. Zudem produzieren Regenw\u00fcrmer in ihrem Kot ganz umsonst so gro\u00dfe Mengen an nat\u00fcrlichem Stickstoff, wie in der industriellen Landwirtschaft in Form von Kunstd\u00fcnger ausgebracht werden.<\/p>\n<p><img loading=\"lazy\" decoding=\"async\" class=\"aligncenter wp-image-38018 size-large\" src=\"https:\/\/www.naturalscience.org\/wp-content\/uploads\/2022\/11\/MIXEDCULTURE-1024x576.jpg\" alt=\"\" width=\"1024\" height=\"576\" srcset=\"https:\/\/www.naturalscience.org\/wp-content\/uploads\/2022\/11\/MIXEDCULTURE-1024x576.jpg 1024w, https:\/\/www.naturalscience.org\/wp-content\/uploads\/2022\/11\/MIXEDCULTURE-300x169.jpg 300w, https:\/\/www.naturalscience.org\/wp-content\/uploads\/2022\/11\/MIXEDCULTURE-768x432.jpg 768w, https:\/\/www.naturalscience.org\/wp-content\/uploads\/2022\/11\/MIXEDCULTURE-164x92.jpg 164w, https:\/\/www.naturalscience.org\/wp-content\/uploads\/2022\/11\/MIXEDCULTURE-400x225.jpg 400w, https:\/\/www.naturalscience.org\/wp-content\/uploads\/2022\/11\/MIXEDCULTURE-500x281.jpg 500w, https:\/\/www.naturalscience.org\/wp-content\/uploads\/2022\/11\/MIXEDCULTURE.jpg 1280w\" sizes=\"auto, (max-width: 1024px) 100vw, 1024px\" \/><\/p>\n<p>Anschlie\u00dfend zeigte Dr. Hausmann-Z&#8217;graggen anhand einiger Beispiele auf, dass traditionelle Mischkulturen (wie z.B. Milpa aus S\u00fcdamerika oder Navdanja aus Indien) auf der gleichen Fl\u00e4che vielfach h\u00f6here Mengen an N\u00e4hrstoffen und Vitaminen erzeugen als Monokulturen. Besonders eindr\u00fccklich war der Vergleich des Ertrags von Gro\u00dfbetrieben und Kleinbauern. Obwohl 75% der weltweiten landwirtschaftlich nutzbaren Fl\u00e4che mit den Methoden der industriellen Landwirtschaft bewirtschaftet wird, werden auf diesen Fl\u00e4chen nur 20% der weltweiten Nahrungsmittel produziert. Der Rest, ganze 80% der weltweiten Nahrungsmittel, erzeugen Kleinbauern auf nur 25% der Fl\u00e4che. Die industrielle Landwirtschaft hat versagt und ist keine Option f\u00fcr die zuk\u00fcnftige Landwirtschaft.<\/p>\n<p><img loading=\"lazy\" decoding=\"async\" class=\"aligncenter wp-image-38017 size-large\" src=\"https:\/\/www.naturalscience.org\/wp-content\/uploads\/2022\/11\/URBAN-FARMING-1024x683.jpg\" alt=\"\" width=\"1024\" height=\"683\" srcset=\"https:\/\/www.naturalscience.org\/wp-content\/uploads\/2022\/11\/URBAN-FARMING-1024x683.jpg 1024w, https:\/\/www.naturalscience.org\/wp-content\/uploads\/2022\/11\/URBAN-FARMING-300x200.jpg 300w, https:\/\/www.naturalscience.org\/wp-content\/uploads\/2022\/11\/URBAN-FARMING-768x512.jpg 768w, https:\/\/www.naturalscience.org\/wp-content\/uploads\/2022\/11\/URBAN-FARMING-1536x1025.jpg 1536w, https:\/\/www.naturalscience.org\/wp-content\/uploads\/2022\/11\/URBAN-FARMING-2048x1367.jpg 2048w, https:\/\/www.naturalscience.org\/wp-content\/uploads\/2022\/11\/URBAN-FARMING-164x109.jpg 164w, https:\/\/www.naturalscience.org\/wp-content\/uploads\/2022\/11\/URBAN-FARMING-400x267.jpg 400w, https:\/\/www.naturalscience.org\/wp-content\/uploads\/2022\/11\/URBAN-FARMING-500x334.jpg 500w\" sizes=\"auto, (max-width: 1024px) 100vw, 1024px\" \/><\/p>\n<p>Auch Smart Farming mit dem Einsatz von Drohnen und computergenerierten Anbaul\u00f6sungen oder Vertical Farming, der streng kontrollierte Anbau von Gem\u00fcse oder Fr\u00fcchten in geschlossenen Geb\u00e4uden unter Einsatz von N\u00e4hrl\u00f6sungen und k\u00fcnstlichem Licht, werden ebenso wenig wie die industrielle Landwirtschaft langfristig gesunde Nahrungsmittel erzeugen k\u00f6nnen.<\/p>\n<p>Als Resum\u00e9 seiner Ausf\u00fchrungen verwies der Referent auf notwendige Ver\u00e4nderungen wie die Einrichtung geschlossener N\u00e4hrstoffkreisl\u00e4ufe, die Wertsch\u00e4tzung der Leistung von Regenw\u00fcrmern, die Nutzung von lokal angepasstem Saatgut, der vermehrte Anbau von Mischkulturen sowie die Schaffung gesunder B\u00f6den mit hoher Wasserspeicherf\u00e4higkeit. Als Verbraucher sind wir daher unter anderem dazu aufgefordert, unseren Einkauf kritisch zu hinterfragen, die lokalen Kleinbauern zu unterst\u00fctzen oder vielleicht sogar selbst regelm\u00e4\u00dfig in der Landwirtschaft Hand anzulegen, wie es heutzutage in den vielen Projekten der solidarischen Landwirtschaft m\u00f6glich ist.<\/p>\n<p><img loading=\"lazy\" decoding=\"async\" class=\"aligncenter wp-image-38016 size-large\" src=\"https:\/\/www.naturalscience.org\/wp-content\/uploads\/2022\/11\/MORE-VEGETATION-1024x576.jpg\" alt=\"\" width=\"1024\" height=\"576\" srcset=\"https:\/\/www.naturalscience.org\/wp-content\/uploads\/2022\/11\/MORE-VEGETATION-1024x576.jpg 1024w, https:\/\/www.naturalscience.org\/wp-content\/uploads\/2022\/11\/MORE-VEGETATION-300x169.jpg 300w, https:\/\/www.naturalscience.org\/wp-content\/uploads\/2022\/11\/MORE-VEGETATION-768x432.jpg 768w, https:\/\/www.naturalscience.org\/wp-content\/uploads\/2022\/11\/MORE-VEGETATION-164x92.jpg 164w, https:\/\/www.naturalscience.org\/wp-content\/uploads\/2022\/11\/MORE-VEGETATION-400x225.jpg 400w, https:\/\/www.naturalscience.org\/wp-content\/uploads\/2022\/11\/MORE-VEGETATION-500x281.jpg 500w, https:\/\/www.naturalscience.org\/wp-content\/uploads\/2022\/11\/MORE-VEGETATION.jpg 1280w\" sizes=\"auto, (max-width: 1024px) 100vw, 1024px\" \/><\/p>\n<p>&nbsp;<\/p>\n<p><small>21. Oktober 2022, Hotel M\u00f6venpick, Regensdorf<\/small><\/p>\n","protected":false},"excerpt":{"rendered":"Sebastian Hausmann-Z\u2019graggen, Dr. rer. nat. Biologie, Winterthur, Schweiz &nbsp; Eine brennende Frage in der heutigen Zeit lautet: \u201eIst die Landwirtschaft \u00fcberhaupt noch f\u00e4hig, die Menschheit zu ern\u00e4hren?\u201c Nein, so erkl\u00e4rte Dr. Sebastian Hausmann-Z\u2019graggen, nicht mit den heutigen Anbaumethoden. Die Menschen in Europa sind zwar privilegiert, und dennoch m\u00fcssen tiefgreifende Ver\u00e4nderungen herbeigef\u00fchrt werden, da trotz gro\u00dfm\u00e4uliger [&hellip;]","protected":false},"author":14,"featured_media":0,"parent":37969,"menu_order":3,"comment_status":"closed","ping_status":"closed","template":"page-full.php","meta":{"_acf_changed":false,"ngg_post_thumbnail":0,"footnotes":""},"categories":[],"class_list":["post-37997","page","type-page","status-publish","hentry","wpautop"],"acf":[],"yoast_head":"<!-- This site is optimized with the Yoast SEO plugin v27.5 - https:\/\/yoast.com\/product\/yoast-seo-wordpress\/ -->\n<title>Bauer oder Drohne \u2013 Die Zukunft der Landwirtschaft - The World Foundation for Natural Science<\/title>\n<meta name=\"robots\" content=\"index, follow, max-snippet:-1, max-image-preview:large, max-video-preview:-1\" \/>\n<link rel=\"canonical\" href=\"https:\/\/www.naturalscience.org\/de\/kongress-2022\/referate\/bauer-oder-drohne-die-zukunft-der-landwirtschaft\/\" \/>\n<meta name=\"twitter:label1\" content=\"Gesch\u00e4tzte Lesezeit\" \/>\n\t<meta name=\"twitter:data1\" content=\"4\u00a0Minuten\" \/>\n<script type=\"application\/ld+json\" class=\"yoast-schema-graph\">{\"@context\":\"https:\\\/\\\/schema.org\",\"@graph\":[{\"@type\":\"WebPage\",\"@id\":\"https:\\\/\\\/www.naturalscience.org\\\/de\\\/kongress-2022\\\/referate\\\/bauer-oder-drohne-die-zukunft-der-landwirtschaft\\\/\",\"url\":\"https:\\\/\\\/www.naturalscience.org\\\/de\\\/kongress-2022\\\/referate\\\/bauer-oder-drohne-die-zukunft-der-landwirtschaft\\\/\",\"name\":\"Bauer oder Drohne \u2013 Die Zukunft der Landwirtschaft - The World Foundation for Natural Science\",\"isPartOf\":{\"@id\":\"https:\\\/\\\/www.naturalscience.org\\\/#website\"},\"primaryImageOfPage\":{\"@id\":\"https:\\\/\\\/www.naturalscience.org\\\/de\\\/kongress-2022\\\/referate\\\/bauer-oder-drohne-die-zukunft-der-landwirtschaft\\\/#primaryimage\"},\"image\":{\"@id\":\"https:\\\/\\\/www.naturalscience.org\\\/de\\\/kongress-2022\\\/referate\\\/bauer-oder-drohne-die-zukunft-der-landwirtschaft\\\/#primaryimage\"},\"thumbnailUrl\":\"https:\\\/\\\/www.naturalscience.org\\\/wp-content\\\/uploads\\\/2022\\\/11\\\/MONOCULTURE-1024x576.jpg\",\"datePublished\":\"2022-11-22T17:12:05+00:00\",\"dateModified\":\"2022-12-13T13:01:59+00:00\",\"breadcrumb\":{\"@id\":\"https:\\\/\\\/www.naturalscience.org\\\/de\\\/kongress-2022\\\/referate\\\/bauer-oder-drohne-die-zukunft-der-landwirtschaft\\\/#breadcrumb\"},\"inLanguage\":\"de\",\"potentialAction\":[{\"@type\":\"ReadAction\",\"target\":[\"https:\\\/\\\/www.naturalscience.org\\\/de\\\/kongress-2022\\\/referate\\\/bauer-oder-drohne-die-zukunft-der-landwirtschaft\\\/\"]}]},{\"@type\":\"ImageObject\",\"inLanguage\":\"de\",\"@id\":\"https:\\\/\\\/www.naturalscience.org\\\/de\\\/kongress-2022\\\/referate\\\/bauer-oder-drohne-die-zukunft-der-landwirtschaft\\\/#primaryimage\",\"url\":\"https:\\\/\\\/www.naturalscience.org\\\/wp-content\\\/uploads\\\/2022\\\/11\\\/MONOCULTURE-1024x576.jpg\",\"contentUrl\":\"https:\\\/\\\/www.naturalscience.org\\\/wp-content\\\/uploads\\\/2022\\\/11\\\/MONOCULTURE-1024x576.jpg\"},{\"@type\":\"BreadcrumbList\",\"@id\":\"https:\\\/\\\/www.naturalscience.org\\\/de\\\/kongress-2022\\\/referate\\\/bauer-oder-drohne-die-zukunft-der-landwirtschaft\\\/#breadcrumb\",\"itemListElement\":[{\"@type\":\"ListItem\",\"position\":1,\"name\":\"Home\",\"item\":\"https:\\\/\\\/www.naturalscience.org\\\/de\\\/\"},{\"@type\":\"ListItem\",\"position\":2,\"name\":\"25. Internationaler \u201eNeuer Wissenschaftlicher Ausblick\u201d Welt-Kongress\",\"item\":\"https:\\\/\\\/www.naturalscience.org\\\/de\\\/kongress-2022\\\/\"},{\"@type\":\"ListItem\",\"position\":3,\"name\":\"Referate\",\"item\":\"https:\\\/\\\/www.naturalscience.org\\\/de\\\/kongress-2022\\\/referate\\\/\"},{\"@type\":\"ListItem\",\"position\":4,\"name\":\"Bauer oder Drohne \u2013 Die Zukunft der Landwirtschaft\"}]},{\"@type\":\"WebSite\",\"@id\":\"https:\\\/\\\/www.naturalscience.org\\\/#website\",\"url\":\"https:\\\/\\\/www.naturalscience.org\\\/\",\"name\":\"The World Foundation for Natural Science\",\"description\":\"Restoring and Healing the World through Responsibility and Commitment in accord with Natural and Divine Law!\",\"potentialAction\":[{\"@type\":\"SearchAction\",\"target\":{\"@type\":\"EntryPoint\",\"urlTemplate\":\"https:\\\/\\\/www.naturalscience.org\\\/?s={search_term_string}\"},\"query-input\":{\"@type\":\"PropertyValueSpecification\",\"valueRequired\":true,\"valueName\":\"search_term_string\"}}],\"inLanguage\":\"de\"}]}<\/script>\n<!-- \/ Yoast SEO plugin. -->","yoast_head_json":{"title":"Bauer oder Drohne \u2013 Die Zukunft der Landwirtschaft - The World Foundation for Natural Science","robots":{"index":"index","follow":"follow","max-snippet":"max-snippet:-1","max-image-preview":"max-image-preview:large","max-video-preview":"max-video-preview:-1"},"canonical":"https:\/\/www.naturalscience.org\/de\/kongress-2022\/referate\/bauer-oder-drohne-die-zukunft-der-landwirtschaft\/","twitter_misc":{"Gesch\u00e4tzte Lesezeit":"4\u00a0Minuten"},"schema":{"@context":"https:\/\/schema.org","@graph":[{"@type":"WebPage","@id":"https:\/\/www.naturalscience.org\/de\/kongress-2022\/referate\/bauer-oder-drohne-die-zukunft-der-landwirtschaft\/","url":"https:\/\/www.naturalscience.org\/de\/kongress-2022\/referate\/bauer-oder-drohne-die-zukunft-der-landwirtschaft\/","name":"Bauer oder Drohne \u2013 Die Zukunft der Landwirtschaft - The World Foundation for Natural Science","isPartOf":{"@id":"https:\/\/www.naturalscience.org\/#website"},"primaryImageOfPage":{"@id":"https:\/\/www.naturalscience.org\/de\/kongress-2022\/referate\/bauer-oder-drohne-die-zukunft-der-landwirtschaft\/#primaryimage"},"image":{"@id":"https:\/\/www.naturalscience.org\/de\/kongress-2022\/referate\/bauer-oder-drohne-die-zukunft-der-landwirtschaft\/#primaryimage"},"thumbnailUrl":"https:\/\/www.naturalscience.org\/wp-content\/uploads\/2022\/11\/MONOCULTURE-1024x576.jpg","datePublished":"2022-11-22T17:12:05+00:00","dateModified":"2022-12-13T13:01:59+00:00","breadcrumb":{"@id":"https:\/\/www.naturalscience.org\/de\/kongress-2022\/referate\/bauer-oder-drohne-die-zukunft-der-landwirtschaft\/#breadcrumb"},"inLanguage":"de","potentialAction":[{"@type":"ReadAction","target":["https:\/\/www.naturalscience.org\/de\/kongress-2022\/referate\/bauer-oder-drohne-die-zukunft-der-landwirtschaft\/"]}]},{"@type":"ImageObject","inLanguage":"de","@id":"https:\/\/www.naturalscience.org\/de\/kongress-2022\/referate\/bauer-oder-drohne-die-zukunft-der-landwirtschaft\/#primaryimage","url":"https:\/\/www.naturalscience.org\/wp-content\/uploads\/2022\/11\/MONOCULTURE-1024x576.jpg","contentUrl":"https:\/\/www.naturalscience.org\/wp-content\/uploads\/2022\/11\/MONOCULTURE-1024x576.jpg"},{"@type":"BreadcrumbList","@id":"https:\/\/www.naturalscience.org\/de\/kongress-2022\/referate\/bauer-oder-drohne-die-zukunft-der-landwirtschaft\/#breadcrumb","itemListElement":[{"@type":"ListItem","position":1,"name":"Home","item":"https:\/\/www.naturalscience.org\/de\/"},{"@type":"ListItem","position":2,"name":"25. Internationaler \u201eNeuer Wissenschaftlicher Ausblick\u201d Welt-Kongress","item":"https:\/\/www.naturalscience.org\/de\/kongress-2022\/"},{"@type":"ListItem","position":3,"name":"Referate","item":"https:\/\/www.naturalscience.org\/de\/kongress-2022\/referate\/"},{"@type":"ListItem","position":4,"name":"Bauer oder Drohne \u2013 Die Zukunft der Landwirtschaft"}]},{"@type":"WebSite","@id":"https:\/\/www.naturalscience.org\/#website","url":"https:\/\/www.naturalscience.org\/","name":"The World Foundation for Natural Science","description":"Restoring and Healing the World through Responsibility and Commitment in accord with Natural and Divine Law!","potentialAction":[{"@type":"SearchAction","target":{"@type":"EntryPoint","urlTemplate":"https:\/\/www.naturalscience.org\/?s={search_term_string}"},"query-input":{"@type":"PropertyValueSpecification","valueRequired":true,"valueName":"search_term_string"}}],"inLanguage":"de"}]}},"_links":{"self":[{"href":"https:\/\/www.naturalscience.org\/de\/wp-json\/wp\/v2\/pages\/37997","targetHints":{"allow":["GET"]}}],"collection":[{"href":"https:\/\/www.naturalscience.org\/de\/wp-json\/wp\/v2\/pages"}],"about":[{"href":"https:\/\/www.naturalscience.org\/de\/wp-json\/wp\/v2\/types\/page"}],"author":[{"embeddable":true,"href":"https:\/\/www.naturalscience.org\/de\/wp-json\/wp\/v2\/users\/14"}],"replies":[{"embeddable":true,"href":"https:\/\/www.naturalscience.org\/de\/wp-json\/wp\/v2\/comments?post=37997"}],"version-history":[{"count":6,"href":"https:\/\/www.naturalscience.org\/de\/wp-json\/wp\/v2\/pages\/37997\/revisions"}],"predecessor-version":[{"id":38277,"href":"https:\/\/www.naturalscience.org\/de\/wp-json\/wp\/v2\/pages\/37997\/revisions\/38277"}],"up":[{"embeddable":true,"href":"https:\/\/www.naturalscience.org\/de\/wp-json\/wp\/v2\/pages\/37969"}],"wp:attachment":[{"href":"https:\/\/www.naturalscience.org\/de\/wp-json\/wp\/v2\/media?parent=37997"}],"wp:term":[{"taxonomy":"category","embeddable":true,"href":"https:\/\/www.naturalscience.org\/de\/wp-json\/wp\/v2\/categories?post=37997"}],"curies":[{"name":"wp","href":"https:\/\/api.w.org\/{rel}","templated":true}]}}