{"id":37996,"date":"2022-11-22T18:02:43","date_gmt":"2022-11-22T17:02:43","guid":{"rendered":"https:\/\/www.naturalscience.org\/?page_id=37996"},"modified":"2022-12-12T17:16:54","modified_gmt":"2022-12-12T16:16:54","slug":"die-unterschaetzten-riesen-wie-baeume-das-klima-regulieren","status":"publish","type":"page","link":"https:\/\/www.naturalscience.org\/de\/kongress-2022\/referate\/die-unterschaetzten-riesen-wie-baeume-das-klima-regulieren\/","title":{"rendered":"Die untersch\u00e4tzten Riesen \u2013 Wie B\u00e4ume das Klima regulieren"},"content":{"rendered":"<p><i><strong>Sebastian Hausmann-Z\u2019graggen<\/strong>, Dr. rer. nat. Biologie, Winterthur, Schweiz<\/i><\/p>\n<p>&nbsp;<\/p>\n<p>F\u00fcr viele Menschen ist der CO2-Aussto\u00df das dr\u00e4ngendste Problem unserer Zeit. Doch wenn vom Klimawandel die Rede ist, spricht kaum jemand \u00fcber die B\u00e4ume und die W\u00e4lder unserer Erde und deren Rolle in diesem Zusammenhang.<\/p>\n<p>Tats\u00e4chlich befinden sich nur 0.03% des Kohlenstoffdioxids (CO2) in der Atmosph\u00e4re. CO2 befindet sich jedoch nicht nur in der Atmosph\u00e4re, sondern auch als Pflanzennahrung am Boden, wo es von den Pflanzen zur Aufnahme f\u00fcr die Photosynthese gebraucht und in Sauerstoff (O2) umgewandelt wird. Daher ist die Kohlenstoffdioxid-Konzentration unter anderem vom Wachstum und Erntezyklus der Pflanzen abh\u00e4ngig. Auch die Solaren Zyklen, die Erd-Zyklen der Umlaufbahn der Erde um die Sonne und die allm\u00e4hliche Aufrichtung der Erdachse beeinflussen die Temperaturen auf unserem Planeten. Allein die oszillierenden Abst\u00e4nde der Erde zur Sonne, erzeugt durch die elliptische Umlaufbahn der Erde, sorgen f\u00fcr fast 10% Ver\u00e4nderung der Solarkonstante und f\u00fchren somit zur Temperaturver\u00e4nderung.<\/p>\n<p><img loading=\"lazy\" decoding=\"async\" class=\"aligncenter wp-image-37995 size-large\" src=\"https:\/\/www.naturalscience.org\/wp-content\/uploads\/2022\/11\/EARTH-AXIS-1024x563.jpg\" alt=\"\" width=\"1024\" height=\"563\" srcset=\"https:\/\/www.naturalscience.org\/wp-content\/uploads\/2022\/11\/EARTH-AXIS-1024x563.jpg 1024w, https:\/\/www.naturalscience.org\/wp-content\/uploads\/2022\/11\/EARTH-AXIS-300x165.jpg 300w, https:\/\/www.naturalscience.org\/wp-content\/uploads\/2022\/11\/EARTH-AXIS-768x422.jpg 768w, https:\/\/www.naturalscience.org\/wp-content\/uploads\/2022\/11\/EARTH-AXIS-164x90.jpg 164w, https:\/\/www.naturalscience.org\/wp-content\/uploads\/2022\/11\/EARTH-AXIS-400x220.jpg 400w, https:\/\/www.naturalscience.org\/wp-content\/uploads\/2022\/11\/EARTH-AXIS-500x275.jpg 500w, https:\/\/www.naturalscience.org\/wp-content\/uploads\/2022\/11\/EARTH-AXIS.jpg 1349w\" sizes=\"auto, (max-width: 1024px) 100vw, 1024px\" \/><\/p>\n<p>Im Zusammenhang mit der steigenden W\u00e4rme in der Erdatmosph\u00e4re und der wachsenden Weltbev\u00f6lkerungszahl ist auch der Wassermangel ein Thema. 97% des gesamten Wassergehalts sind Salzwasser und nur 3% davon S\u00fc\u00dfwasser. Ein Gro\u00dfteil des S\u00fc\u00dfwassers ist in Gletschern und Eiskappen eingefroren (68,7%). Dennoch ist nicht das Problem, dass es zu wenig S\u00fc\u00dfwasser auf der Erde gibt, sondern, dass dieses nicht mehr gleichm\u00e4\u00dfig verteilt ist. Von den 120&#8217;000 km3 Wasser, welche pro Jahr weltweit verdunsten und durch den Wasserkreislauf in der Atmosph\u00e4re verteilt werden und dann wieder in Regen umgewandelt werden, verdunsten 60% \u00fcber der Wasseroberfl\u00e4che. Eine betr\u00e4chtliche Menge von 40% verdunstet \u00fcber der Landoberfl\u00e4che, wovon nochmals 60-80% durch B\u00e4ume und Vegetation und nur 20-30% \u00fcber Gew\u00e4ssern verdunsten.<\/p>\n<p>Dies macht deutlich, dass B\u00e4ume eine wichtige Rolle sowohl in der Temperaturregulierung der Erdatmosph\u00e4re wie auch f\u00fcr die Wasserversorgung spielen. Im Durchschnitt l\u00e4sst ein Baum pro Tag 400 Liter Wasser verdunsten, wodurch Verdunstungsk\u00e4lte entsteht. Daher leistet ein einzelner ausgewachsener Baum eine unglaubliche Arbeit, welche mit der Leistung von 9 Klimaanlagen, die 24 Stunden lang in Betrieb sind, vergleichbar ist. Zudem wurde beobachtet, dass bei gen\u00fcgender Vegetation nur 5-10% der Sonnenw\u00e4rme je die Luft und den Boden erw\u00e4rmt. An diesen Stellen werden die restlichen 80-90% f\u00fcr die Transpiration (Wasserverdunstung durch B\u00e4ume und Pflanzen) genutzt. Im Vergleich dazu gehen in Zonen mit ungen\u00fcgend vorhandener Vegetation bis zu 90% der W\u00e4rme in die Luft \u00fcber! Dr. Hausmann-Z\u2019graggen verwies an dieser Stelle auch auf den noch nicht sehr lange bekannten Begriff der \u201eFliegenden Fl\u00fcsse\u201c (Flying Rivers), der das globale Ph\u00e4nomen des Weitertransports von Wasser \u00fcber den Landoberfl\u00e4chen durch B\u00e4ume und Pflanzen beschreibt.<\/p>\n<p><img loading=\"lazy\" decoding=\"async\" class=\"aligncenter size-size-400 wp-image-37994\" src=\"https:\/\/www.naturalscience.org\/wp-content\/uploads\/2022\/11\/TREE-AND-WATER-400x225.jpg\" alt=\"\" width=\"400\" height=\"225\" srcset=\"https:\/\/www.naturalscience.org\/wp-content\/uploads\/2022\/11\/TREE-AND-WATER-400x225.jpg 400w, https:\/\/www.naturalscience.org\/wp-content\/uploads\/2022\/11\/TREE-AND-WATER-300x169.jpg 300w, https:\/\/www.naturalscience.org\/wp-content\/uploads\/2022\/11\/TREE-AND-WATER-1024x576.jpg 1024w, https:\/\/www.naturalscience.org\/wp-content\/uploads\/2022\/11\/TREE-AND-WATER-768x432.jpg 768w, https:\/\/www.naturalscience.org\/wp-content\/uploads\/2022\/11\/TREE-AND-WATER-164x92.jpg 164w, https:\/\/www.naturalscience.org\/wp-content\/uploads\/2022\/11\/TREE-AND-WATER-500x281.jpg 500w, https:\/\/www.naturalscience.org\/wp-content\/uploads\/2022\/11\/TREE-AND-WATER.jpg 1280w\" sizes=\"auto, (max-width: 400px) 100vw, 400px\" \/><\/p>\n<p>Die Rodung von Regenwald (42&#8217;000 km2 oder 10 Fu\u00dfballfelder pro Minute!) stellt eine gro\u00dfe Bedrohung f\u00fcr diesen Wasserkreislauf dar. Denn es regnet nur dort, wo auch ein Bedarf an Regen besteht, das hei\u00dft, wo es W\u00e4lder und Vegetation hat. Mehr B\u00e4ume und Regen sorgen f\u00fcr eine bessere Temperaturregulierung (eindr\u00fcckliches Beispiel: \u201eBunny Fence\u201c in Australien). Statistiken zeigen, dass die Gesamtverdunstung des Wassers sich von 1950 bis 2000 jedes Jahr um 4-5% verringert hat. Durch das massive Abholzen von W\u00e4ldern kommt die ganze Wasser-Transportleistung der fliegenden Fl\u00fcsse zum Erliegen und dem Wasserkreislauf werden betr\u00e4chtliche Mengen an Wasser entzogen, wodurch die K\u00fchlleistung fehlt. Bis zu 40% der Ver\u00e4nderung des Erdklimas sind auf Waldrodungen zur\u00fcckzuf\u00fchren.<\/p>\n<p>Was k\u00f6nnen wir also tun? Letztlich hat es der Mensch in seinen H\u00e4nden, wie viel Vegetation w\u00e4chst. Wir sollten daher versuchen, in der Landwirtschaft den Boden m\u00f6glichst dauerhaft zu bedecken und zu bepflanzen (z. B. mit Zwischensaaten, Untersaaten oder pflugloser Bodenbearbeitung) und die Bildung von Humus im Boden zu f\u00f6rdern, da Humus bis zu 90% seines Eigengewichts an Wasser aufsaugen kann. Es ist Zeit f\u00fcr ein neues Wasser-Paradigma, das f\u00fcr mehr Vegetation (statt z. B. versiegelten Beton- oder Asphaltfl\u00e4chen) und Wasserreservoirs in den St\u00e4dten sorgt (Schwammstadt), sodass Wasser m\u00f6glichst rasch wieder in den Wasserkreislauf eingespeist werden kann. Wir haben das Wissen und die Erfahrung, wie man sogar erodierte Oberfl\u00e4chen mithilfe von Vegetation und B\u00e4umen wieder zu wasserreichen Landschaften umwandeln kann, wie der Referent am Beispiel des L\u00f6ssplateaus in Huabei, China, eindr\u00fccklich zeigte.<\/p>\n<p>\u201eDie beste Zeit, einen Baum zu pflanzen, war vor zwanzig Jahren. Die n\u00e4chstbeste Zeit ist jetzt.\u201c, schloss Dr. Sebastian Hausmann-Z\u2019graggen seinen Vortrag mit einem ugandischen Sprichwort ab.<\/p>\n<p>&nbsp;<\/p>\n<p><small>21. Oktober 2022, Hotel M\u00f6venpick, Regensdorf<\/small><\/p>\n","protected":false},"excerpt":{"rendered":"Sebastian Hausmann-Z\u2019graggen, Dr. rer. nat. Biologie, Winterthur, Schweiz &nbsp; F\u00fcr viele Menschen ist der CO2-Aussto\u00df das dr\u00e4ngendste Problem unserer Zeit. Doch wenn vom Klimawandel die Rede ist, spricht kaum jemand \u00fcber die B\u00e4ume und die W\u00e4lder unserer Erde und deren Rolle in diesem Zusammenhang. Tats\u00e4chlich befinden sich nur 0.03% des Kohlenstoffdioxids (CO2) in der Atmosph\u00e4re. [&hellip;]","protected":false},"author":14,"featured_media":0,"parent":37969,"menu_order":2,"comment_status":"closed","ping_status":"closed","template":"page-full.php","meta":{"_acf_changed":false,"ngg_post_thumbnail":0,"footnotes":""},"categories":[],"class_list":["post-37996","page","type-page","status-publish","hentry","wpautop"],"acf":[],"yoast_head":"<!-- This site is optimized with the Yoast SEO plugin v27.5 - https:\/\/yoast.com\/product\/yoast-seo-wordpress\/ -->\n<title>Die untersch\u00e4tzten Riesen \u2013 Wie B\u00e4ume das Klima regulieren - The World Foundation for Natural Science<\/title>\n<meta name=\"robots\" content=\"index, follow, max-snippet:-1, max-image-preview:large, max-video-preview:-1\" \/>\n<link rel=\"canonical\" href=\"https:\/\/www.naturalscience.org\/de\/kongress-2022\/referate\/die-unterschaetzten-riesen-wie-baeume-das-klima-regulieren\/\" \/>\n<meta name=\"twitter:label1\" content=\"Gesch\u00e4tzte Lesezeit\" \/>\n\t<meta name=\"twitter:data1\" content=\"4\u00a0Minuten\" \/>\n<script type=\"application\/ld+json\" class=\"yoast-schema-graph\">{\"@context\":\"https:\\\/\\\/schema.org\",\"@graph\":[{\"@type\":\"WebPage\",\"@id\":\"https:\\\/\\\/www.naturalscience.org\\\/de\\\/kongress-2022\\\/referate\\\/die-unterschaetzten-riesen-wie-baeume-das-klima-regulieren\\\/\",\"url\":\"https:\\\/\\\/www.naturalscience.org\\\/de\\\/kongress-2022\\\/referate\\\/die-unterschaetzten-riesen-wie-baeume-das-klima-regulieren\\\/\",\"name\":\"Die untersch\u00e4tzten Riesen \u2013 Wie B\u00e4ume das Klima regulieren - The World Foundation for Natural Science\",\"isPartOf\":{\"@id\":\"https:\\\/\\\/www.naturalscience.org\\\/#website\"},\"primaryImageOfPage\":{\"@id\":\"https:\\\/\\\/www.naturalscience.org\\\/de\\\/kongress-2022\\\/referate\\\/die-unterschaetzten-riesen-wie-baeume-das-klima-regulieren\\\/#primaryimage\"},\"image\":{\"@id\":\"https:\\\/\\\/www.naturalscience.org\\\/de\\\/kongress-2022\\\/referate\\\/die-unterschaetzten-riesen-wie-baeume-das-klima-regulieren\\\/#primaryimage\"},\"thumbnailUrl\":\"https:\\\/\\\/www.naturalscience.org\\\/wp-content\\\/uploads\\\/2022\\\/11\\\/EARTH-AXIS-1024x563.jpg\",\"datePublished\":\"2022-11-22T17:02:43+00:00\",\"dateModified\":\"2022-12-12T16:16:54+00:00\",\"breadcrumb\":{\"@id\":\"https:\\\/\\\/www.naturalscience.org\\\/de\\\/kongress-2022\\\/referate\\\/die-unterschaetzten-riesen-wie-baeume-das-klima-regulieren\\\/#breadcrumb\"},\"inLanguage\":\"de\",\"potentialAction\":[{\"@type\":\"ReadAction\",\"target\":[\"https:\\\/\\\/www.naturalscience.org\\\/de\\\/kongress-2022\\\/referate\\\/die-unterschaetzten-riesen-wie-baeume-das-klima-regulieren\\\/\"]}]},{\"@type\":\"ImageObject\",\"inLanguage\":\"de\",\"@id\":\"https:\\\/\\\/www.naturalscience.org\\\/de\\\/kongress-2022\\\/referate\\\/die-unterschaetzten-riesen-wie-baeume-das-klima-regulieren\\\/#primaryimage\",\"url\":\"https:\\\/\\\/www.naturalscience.org\\\/wp-content\\\/uploads\\\/2022\\\/11\\\/EARTH-AXIS-1024x563.jpg\",\"contentUrl\":\"https:\\\/\\\/www.naturalscience.org\\\/wp-content\\\/uploads\\\/2022\\\/11\\\/EARTH-AXIS-1024x563.jpg\"},{\"@type\":\"BreadcrumbList\",\"@id\":\"https:\\\/\\\/www.naturalscience.org\\\/de\\\/kongress-2022\\\/referate\\\/die-unterschaetzten-riesen-wie-baeume-das-klima-regulieren\\\/#breadcrumb\",\"itemListElement\":[{\"@type\":\"ListItem\",\"position\":1,\"name\":\"Home\",\"item\":\"https:\\\/\\\/www.naturalscience.org\\\/de\\\/\"},{\"@type\":\"ListItem\",\"position\":2,\"name\":\"25. Internationaler \u201eNeuer Wissenschaftlicher Ausblick\u201d Welt-Kongress\",\"item\":\"https:\\\/\\\/www.naturalscience.org\\\/de\\\/kongress-2022\\\/\"},{\"@type\":\"ListItem\",\"position\":3,\"name\":\"Referate\",\"item\":\"https:\\\/\\\/www.naturalscience.org\\\/de\\\/kongress-2022\\\/referate\\\/\"},{\"@type\":\"ListItem\",\"position\":4,\"name\":\"Die untersch\u00e4tzten Riesen \u2013 Wie B\u00e4ume das Klima regulieren\"}]},{\"@type\":\"WebSite\",\"@id\":\"https:\\\/\\\/www.naturalscience.org\\\/#website\",\"url\":\"https:\\\/\\\/www.naturalscience.org\\\/\",\"name\":\"The World Foundation for Natural Science\",\"description\":\"Restoring and Healing the World through Responsibility and Commitment in accord with Natural and Divine Law!\",\"potentialAction\":[{\"@type\":\"SearchAction\",\"target\":{\"@type\":\"EntryPoint\",\"urlTemplate\":\"https:\\\/\\\/www.naturalscience.org\\\/?s={search_term_string}\"},\"query-input\":{\"@type\":\"PropertyValueSpecification\",\"valueRequired\":true,\"valueName\":\"search_term_string\"}}],\"inLanguage\":\"de\"}]}<\/script>\n<!-- \/ Yoast SEO plugin. -->","yoast_head_json":{"title":"Die untersch\u00e4tzten Riesen \u2013 Wie B\u00e4ume das Klima regulieren - The World Foundation for Natural Science","robots":{"index":"index","follow":"follow","max-snippet":"max-snippet:-1","max-image-preview":"max-image-preview:large","max-video-preview":"max-video-preview:-1"},"canonical":"https:\/\/www.naturalscience.org\/de\/kongress-2022\/referate\/die-unterschaetzten-riesen-wie-baeume-das-klima-regulieren\/","twitter_misc":{"Gesch\u00e4tzte Lesezeit":"4\u00a0Minuten"},"schema":{"@context":"https:\/\/schema.org","@graph":[{"@type":"WebPage","@id":"https:\/\/www.naturalscience.org\/de\/kongress-2022\/referate\/die-unterschaetzten-riesen-wie-baeume-das-klima-regulieren\/","url":"https:\/\/www.naturalscience.org\/de\/kongress-2022\/referate\/die-unterschaetzten-riesen-wie-baeume-das-klima-regulieren\/","name":"Die untersch\u00e4tzten Riesen \u2013 Wie B\u00e4ume das Klima regulieren - The World Foundation for Natural Science","isPartOf":{"@id":"https:\/\/www.naturalscience.org\/#website"},"primaryImageOfPage":{"@id":"https:\/\/www.naturalscience.org\/de\/kongress-2022\/referate\/die-unterschaetzten-riesen-wie-baeume-das-klima-regulieren\/#primaryimage"},"image":{"@id":"https:\/\/www.naturalscience.org\/de\/kongress-2022\/referate\/die-unterschaetzten-riesen-wie-baeume-das-klima-regulieren\/#primaryimage"},"thumbnailUrl":"https:\/\/www.naturalscience.org\/wp-content\/uploads\/2022\/11\/EARTH-AXIS-1024x563.jpg","datePublished":"2022-11-22T17:02:43+00:00","dateModified":"2022-12-12T16:16:54+00:00","breadcrumb":{"@id":"https:\/\/www.naturalscience.org\/de\/kongress-2022\/referate\/die-unterschaetzten-riesen-wie-baeume-das-klima-regulieren\/#breadcrumb"},"inLanguage":"de","potentialAction":[{"@type":"ReadAction","target":["https:\/\/www.naturalscience.org\/de\/kongress-2022\/referate\/die-unterschaetzten-riesen-wie-baeume-das-klima-regulieren\/"]}]},{"@type":"ImageObject","inLanguage":"de","@id":"https:\/\/www.naturalscience.org\/de\/kongress-2022\/referate\/die-unterschaetzten-riesen-wie-baeume-das-klima-regulieren\/#primaryimage","url":"https:\/\/www.naturalscience.org\/wp-content\/uploads\/2022\/11\/EARTH-AXIS-1024x563.jpg","contentUrl":"https:\/\/www.naturalscience.org\/wp-content\/uploads\/2022\/11\/EARTH-AXIS-1024x563.jpg"},{"@type":"BreadcrumbList","@id":"https:\/\/www.naturalscience.org\/de\/kongress-2022\/referate\/die-unterschaetzten-riesen-wie-baeume-das-klima-regulieren\/#breadcrumb","itemListElement":[{"@type":"ListItem","position":1,"name":"Home","item":"https:\/\/www.naturalscience.org\/de\/"},{"@type":"ListItem","position":2,"name":"25. Internationaler \u201eNeuer Wissenschaftlicher Ausblick\u201d Welt-Kongress","item":"https:\/\/www.naturalscience.org\/de\/kongress-2022\/"},{"@type":"ListItem","position":3,"name":"Referate","item":"https:\/\/www.naturalscience.org\/de\/kongress-2022\/referate\/"},{"@type":"ListItem","position":4,"name":"Die untersch\u00e4tzten Riesen \u2013 Wie B\u00e4ume das Klima regulieren"}]},{"@type":"WebSite","@id":"https:\/\/www.naturalscience.org\/#website","url":"https:\/\/www.naturalscience.org\/","name":"The World Foundation for Natural Science","description":"Restoring and Healing the World through Responsibility and Commitment in accord with Natural and Divine Law!","potentialAction":[{"@type":"SearchAction","target":{"@type":"EntryPoint","urlTemplate":"https:\/\/www.naturalscience.org\/?s={search_term_string}"},"query-input":{"@type":"PropertyValueSpecification","valueRequired":true,"valueName":"search_term_string"}}],"inLanguage":"de"}]}},"_links":{"self":[{"href":"https:\/\/www.naturalscience.org\/de\/wp-json\/wp\/v2\/pages\/37996","targetHints":{"allow":["GET"]}}],"collection":[{"href":"https:\/\/www.naturalscience.org\/de\/wp-json\/wp\/v2\/pages"}],"about":[{"href":"https:\/\/www.naturalscience.org\/de\/wp-json\/wp\/v2\/types\/page"}],"author":[{"embeddable":true,"href":"https:\/\/www.naturalscience.org\/de\/wp-json\/wp\/v2\/users\/14"}],"replies":[{"embeddable":true,"href":"https:\/\/www.naturalscience.org\/de\/wp-json\/wp\/v2\/comments?post=37996"}],"version-history":[{"count":12,"href":"https:\/\/www.naturalscience.org\/de\/wp-json\/wp\/v2\/pages\/37996\/revisions"}],"predecessor-version":[{"id":38237,"href":"https:\/\/www.naturalscience.org\/de\/wp-json\/wp\/v2\/pages\/37996\/revisions\/38237"}],"up":[{"embeddable":true,"href":"https:\/\/www.naturalscience.org\/de\/wp-json\/wp\/v2\/pages\/37969"}],"wp:attachment":[{"href":"https:\/\/www.naturalscience.org\/de\/wp-json\/wp\/v2\/media?parent=37996"}],"wp:term":[{"taxonomy":"category","embeddable":true,"href":"https:\/\/www.naturalscience.org\/de\/wp-json\/wp\/v2\/categories?post=37996"}],"curies":[{"name":"wp","href":"https:\/\/api.w.org\/{rel}","templated":true}]}}