{"id":37950,"date":"2022-11-27T20:47:47","date_gmt":"2022-11-27T19:47:47","guid":{"rendered":"https:\/\/www.naturalscience.org\/?page_id=37950"},"modified":"2026-04-30T20:01:10","modified_gmt":"2026-04-30T18:01:10","slug":"rueckblick","status":"publish","type":"page","link":"https:\/\/www.naturalscience.org\/de\/kongress-2022\/rueckblick\/","title":{"rendered":"R\u00fcckblick"},"content":{"rendered":"<style>\n    .link {<br \/>\n        padding-top: 0.5rem;<br \/>\n        font-size: 1rem;<br \/>\n    }<span data-mce-type=\"bookmark\" style=\"display: inline-block; width: 0px; overflow: hidden; line-height: 0;\" class=\"mce_SELRES_start\">\ufeff<\/span><br \/>\n<\/style>\n<div class=\"landingpage-header text-center\">\n<div style=\"font-size: 18px;\">R\u00fcckblick auf<\/div>\n<h1 style=\"font-size: 30px;\">Den 25. Internationalen<br \/>\n\u201eNeuer Wissenschaftlicher Ausblick\u201c Welt-Kongress<\/h1>\n<div style=\"font-size: 18px; margin-top: 10px;\">Donnerstag, 20. Oktober bis Sonntag, 23. Oktober 2022<\/div>\n<\/div>\n<div class=\"title-box\">\n<h2>Programm-R\u00fcckblick<\/h2>\n<\/div>\n<div class=\"lecture\">\n<div class=\"row\">\n<div class=\"hide-on-mobile medium-6 columns\"><a href=\"https:\/\/www.naturalscience.org\/de\/kongress-2022\/referate\/die-wahre-wissenschaft-des-lebens\/\"><img loading=\"lazy\" decoding=\"async\" class=\"alignnone size-medium wp-image-37871\" src=\"https:\/\/www.naturalscience.org\/wp-content\/uploads\/2022\/10\/iStock-1310148959-min-scaled.jpg\" alt=\"\" width=\"300\" height=\"200\"><\/a><\/div>\n<div class=\"small-24 medium-18 columns\">\n<h3>Die wahre Wissenschaft des Lebens<\/h3>\n<div class=\"subtitle\">\u201eGott hat versagt. Es lebe die Wissenschaft!\u201c, so ert\u00f6nt der in den letzten Jahren immer lauter werdende Tenor. Die Wissenschaft habe alle Antworten auf unsere Fragen und Probleme, hei\u00dft es, wir m\u00fcssten ihr nur glauben. Doch was ist wahre Wissenschaft? Welcher Quelle entstammt sie? Steht die Wissenschaft im Dienst des Lebens auf dieser Erde? Falls nein, wem dient sie dann? Und wenn Antworten gefunden wurden, sind diese dann fortan immer g\u00fcltig?<\/div>\n<div class=\"link\"><a href=\"https:\/\/www.naturalscience.org\/de\/kongress-2022\/referate\/die-wahre-wissenschaft-des-lebens\/\">Lesen Sie hier eine Zusammenfassung des Kongress-Referats<\/a><\/div>\n<\/div>\n<\/div>\n<\/div>\n<div class=\"lecture\">\n<div class=\"row\">\n<div class=\"hide-on-mobile medium-6 columns\"><a href=\"https:\/\/www.naturalscience.org\/de\/kongress-2022\/referate\/die-unterschaetzten-riesen-wie-baeume-das-klima-regulieren\/\"><img loading=\"lazy\" decoding=\"async\" class=\"alignnone size-medium wp-image-37871\" src=\"https:\/\/www.naturalscience.org\/wp-content\/uploads\/2022\/10\/iStock-1342229191-min-scaled.jpg\" alt=\"\" width=\"300\" height=\"200\"><\/a><\/div>\n<div class=\"small-24 medium-18 columns\">\n<h3>Die untersch\u00e4tzten Riesen \u2013 Wie B\u00e4ume das Klima regulieren<\/h3>\n<div class=\"subtitle\">Der Klimawandel ist in aller Munde, viele halten ihn f\u00fcr das dr\u00e4ngendste Problem unserer Zeit. Der Schuldige steht l\u00e4ngst fest: Es ist das CO2, und dass es davon viel zu viel gibt, ist wiederum die Schuld der Menschen. Doch kaum einer spricht in diesem Zusammenhang \u00fcber die B\u00e4ume. Die W\u00e4lder der Erde spielen im sensiblen Gleichgewicht von Klima, Vegetation und Wasserhaushalt eine Hauptrolle: B\u00fchne frei f\u00fcr die stillen, gr\u00fcnen Giganten der Welt!<\/div>\n<div class=\"link\"><a href=\"https:\/\/www.naturalscience.org\/de\/kongress-2022\/referate\/die-unterschaetzten-riesen-wie-baeume-das-klima-regulieren\/\">Lesen Sie hier eine Zusammenfassung des Kongress-Referats<\/a><\/div>\n<\/div>\n<\/div>\n<\/div>\n<div class=\"lecture\">\n<div class=\"row\">\n<div class=\"hide-on-mobile medium-6 columns\"><a href=\"https:\/\/www.naturalscience.org\/de\/kongress-2022\/referate\/bauer-oder-drohne-die-zukunft-der-landwirtschaft\/\"><img loading=\"lazy\" decoding=\"async\" class=\"alignnone size-medium wp-image-37871\" src=\"https:\/\/www.naturalscience.org\/wp-content\/uploads\/2022\/10\/iStock-1254095794-min-scaled.jpg\" alt=\"\" width=\"300\" height=\"200\"><\/a><\/div>\n<div class=\"small-24 medium-18 columns\">\n<h3>Bauer oder Drohne \u2013 Die Zukunft der Landwirtschaft<\/h3>\n<div class=\"subtitle\">Die Weltbev\u00f6lkerung w\u00e4chst und w\u00e4chst. Wird die Erde die Menschen in Zukunft \u00fcberhaupt noch ern\u00e4hren k\u00f6nnen? Hat das Modell der b\u00e4uerlichen Kleinbetriebe endg\u00fcltig ausgedient? Ist Bio schon wieder am Ende? Wir werfen einen kritischen Blick auf die Versprechen der letzten Jahrzehnte, wie etwa die \u201eGr\u00fcne Revolution\u201c, und pr\u00fcfen, ob ihre Nachfolger, namentlich Smart Farming, die neue Gentechnik oder Vertical Farming die Landwirtschaft in eine florierende Zukunft f\u00fchren werden.<\/div>\n<div class=\"link\"><a href=\"https:\/\/www.naturalscience.org\/de\/kongress-2022\/referate\/bauer-oder-drohne-die-zukunft-der-landwirtschaft\/\">Lesen Sie hier eine Zusammenfassung des Kongress-Referats<\/a><\/div>\n<\/div>\n<\/div>\n<\/div>\n<div class=\"lecture\">\n<div class=\"row\">\n<div class=\"hide-on-mobile medium-6 columns\"><a href=\"https:\/\/www.naturalscience.org\/de\/kongress-2022\/referate\/gut-verwurzelt-eine-reise-ins-bodeninnere\/\"><img loading=\"lazy\" decoding=\"async\" class=\"alignnone size-medium wp-image-37871\" src=\"https:\/\/www.naturalscience.org\/wp-content\/uploads\/2022\/10\/iStock-1145283740-min-scaled.jpg\" alt=\"\" width=\"300\" height=\"200\"><\/a><\/div>\n<div class=\"small-24 medium-18 columns\">\n<h3>Gut verwurzelt \u2013 Eine Reise ins Bodeninnere<\/h3>\n<div class=\"subtitle\">Was wir mit unseren Augen sehen, ist h\u00e4ufig nur ein kleiner Ausschnitt der Realit\u00e4t. Das gilt auch bei unserem Blick auf die Pflanzen. Wir erkennen den Apfelbaum oder die Sonnenblume und erfreuen uns an seinen Fr\u00fcchten oder ihrer Farbe. Doch der gr\u00f6\u00dfte Teil des \u201ePflanzenk\u00f6rpers\u201c \u2013 oft rund achtzig Prozent \u2013 ist unserer Sicht verborgen. Aber es ist dort, tief im Boden, an den Wurzeln, wo das Leben pulsiert und wo ein Fundament gelegt wird f\u00fcr weitere Prozesse wie den Wasserhaushalt oder die Bodenfruchtbarkeit.<\/div>\n<div class=\"link\"><a href=\"https:\/\/www.naturalscience.org\/de\/kongress-2022\/referate\/gut-verwurzelt-eine-reise-ins-bodeninnere\/\">Lesen Sie hier eine Zusammenfassung des Kongress-Referats<\/a><\/div>\n<\/div>\n<\/div>\n<\/div>\n<div class=\"lecture\">\n<div class=\"row\">\n<div class=\"hide-on-mobile medium-6 columns\"><a href=\"https:\/\/www.naturalscience.org\/de\/kongress-2022\/referate\/agroforstwirtschaft-die-symbiose-leben\/\"><img loading=\"lazy\" decoding=\"async\" class=\"alignnone size-medium wp-image-37871\" src=\"https:\/\/www.naturalscience.org\/wp-content\/uploads\/2022\/10\/AdobeStock_475362432-min-300x200.jpeg\" alt=\"\" width=\"300\" height=\"200\" srcset=\"https:\/\/www.naturalscience.org\/wp-content\/uploads\/2022\/10\/AdobeStock_475362432-min-300x200.jpeg 300w, https:\/\/www.naturalscience.org\/wp-content\/uploads\/2022\/10\/AdobeStock_475362432-min-1024x683.jpeg 1024w, https:\/\/www.naturalscience.org\/wp-content\/uploads\/2022\/10\/AdobeStock_475362432-min-768x513.jpeg 768w, https:\/\/www.naturalscience.org\/wp-content\/uploads\/2022\/10\/AdobeStock_475362432-min-1536x1025.jpeg 1536w, https:\/\/www.naturalscience.org\/wp-content\/uploads\/2022\/10\/AdobeStock_475362432-min-2048x1367.jpeg 2048w, https:\/\/www.naturalscience.org\/wp-content\/uploads\/2022\/10\/AdobeStock_475362432-min-164x109.jpeg 164w, https:\/\/www.naturalscience.org\/wp-content\/uploads\/2022\/10\/AdobeStock_475362432-min-400x267.jpeg 400w, https:\/\/www.naturalscience.org\/wp-content\/uploads\/2022\/10\/AdobeStock_475362432-min-500x334.jpeg 500w\" sizes=\"auto, (max-width: 300px) 100vw, 300px\" \/><\/a><\/div>\n<div class=\"small-24 medium-18 columns\">\n<h3>Agroforstwirtschaft \u2013 Die Symbiose leben<\/h3>\n<div class=\"subtitle\">Eine jahrhundertealte Praxis erlebt gerade eine Renaissance. Unsere Vorfahren wussten noch, dass alles miteinander verbunden ist. Werden diese Wechselbeziehungen weise genutzt \u2013 bei der Agroforstwirtschaft zum Beispiel Geh\u00f6lze, Ackerkulturen und Tierhaltung \u2013, profitieren nicht nur die einzelnen Beteiligten, sondern das ganze System w\u00e4chst und gedeiht. Ein Vorbild aus der Natur, von dem der Mensch lernen kann und das bei der Ern\u00e4hrungssicherheit eine wichtige Rolle spielen k\u00f6nnte.<\/div>\n<div class=\"link\"><a href=\"https:\/\/www.naturalscience.org\/de\/kongress-2022\/referate\/agroforstwirtschaft-die-symbiose-leben\/\">Lesen Sie hier eine Zusammenfassung des Kongress-Referats<\/a><\/div>\n<\/div>\n<\/div>\n<\/div>\n<div class=\"lecture\">\n<div class=\"row\">\n<div class=\"hide-on-mobile medium-6 columns\"><a href=\"https:\/\/www.naturalscience.org\/de\/kongress-2022\/referate\/digital-ist-nicht-gruen-von-der-ideologie-zur-realitaet\/\"><img loading=\"lazy\" decoding=\"async\" class=\"alignnone size-medium wp-image-37871\" src=\"https:\/\/www.naturalscience.org\/wp-content\/uploads\/2022\/10\/iStock-487610623-min-scaled.jpg\" alt=\"\" width=\"300\" height=\"200\"><\/a><\/div>\n<div class=\"small-24 medium-18 columns\">\n<h3>Digital ist nicht gr\u00fcn \u2013 Von der Ideologie zur Realit\u00e4t<\/h3>\n<div class=\"subtitle\">Was digital ist, schont die Umwelt, so die g\u00e4ngige \u00dcberzeugung. Effizient, kosteng\u00fcnstig und nachhaltig, so lauten die Schlagworte. Die Realit\u00e4t sieht allerdings anders aus. Die Digitalisierung braucht nicht nur sehr viel Strom, sie erzeugt auch neue Probleme, zum Beispiel hinsichtlich Sicherheit, Entsorgung oder Ressourcenverbrauch. Dadurch geraten ganze \u00d6kosysteme in Gefahr, etwa die Ozeane. Wir ziehen die rosa Brille aus und werfen einen scharfen Blick auf einen modernen Heilsbringer.<\/div>\n<div class=\"link\"><a href=\"https:\/\/www.naturalscience.org\/de\/kongress-2022\/referate\/digital-ist-nicht-gruen-von-der-ideologie-zur-realitaet\/\">Lesen Sie hier eine Zusammenfassung des Kongress-Referats<\/a><\/div>\n<\/div>\n<\/div>\n<\/div>\n<div class=\"lecture\">\n<div class=\"row\">\n<div class=\"hide-on-mobile medium-6 columns\"><a href=\"https:\/\/www.naturalscience.org\/de\/kongress-2022\/referate\/die-energiewende-viel-schall-und-rauch\/\"><img loading=\"lazy\" decoding=\"async\" class=\"alignnone size-medium wp-image-37871\" src=\"https:\/\/www.naturalscience.org\/wp-content\/uploads\/2022\/10\/iStock-1365766525-min-scaled.jpg\" alt=\"\" width=\"300\" height=\"200\"><\/a><\/div>\n<div class=\"small-24 medium-18 columns\">\n<h3>Die Energiewende \u2013 Viel Schall und Rauch<\/h3>\n<div class=\"subtitle\">Die vielgepriesene Energiewende kommt uns gerade teuer zu stehen. Und stimmt es denn tats\u00e4chlich, dass es der Erde besser gehen wird dank Windenergie und Elektroautos? Wer profitiert hier wirklich? Und haben wir schon alle M\u00f6glichkeiten ausgesch\u00f6pft, welche die Sonne uns bietet? Wir zeigen auf, dass es sich auch bei den \u201esauberen\u201c Energien lohnt, genau hinzuschauen, und dass \u201eultimative\u201c L\u00f6sungen leider nur selten halten, was sie versprechen.<\/div>\n<div class=\"link\"><a href=\"https:\/\/www.naturalscience.org\/de\/kongress-2022\/referate\/die-energiewende-viel-schall-und-rauch\/\">Lesen Sie hier eine Zusammenfassung des Kongress-Referats<\/a><\/div>\n<\/div>\n<\/div>\n<\/div>\n<div class=\"lecture\">\n<div class=\"row\">\n<div class=\"hide-on-mobile medium-6 columns\"><a href=\"https:\/\/www.naturalscience.org\/de\/kongress-2022\/referate\/wenn-das-licht-ausgeht-rezepte-gegen-den-hunger-und-das-frieren\/\"><img loading=\"lazy\" decoding=\"async\" class=\"alignnone size-medium wp-image-37871\" src=\"https:\/\/www.naturalscience.org\/wp-content\/uploads\/2022\/10\/iStock-1299043412-min-scaled.jpg\" alt=\"\" width=\"300\" height=\"200\"><\/a><\/div>\n<div class=\"small-24 medium-18 columns\">\n<h3>Wenn das Licht ausgeht \u2013 Rezepte gegen den Hunger und das Frieren<\/h3>\n<div class=\"subtitle\">Europa r\u00fcstet sich f\u00fcr einen rauen Winter. Sollte der Blackout tats\u00e4chlich eintreten, wird es kalt und ungem\u00fctlich \u2013 und es kann dauern, bis alles wieder rund l\u00e4uft. Sind wir darauf vorbereitet? Sind unsere zivilisationsverw\u00f6hnten K\u00f6rper fit genug, um auch mit weniger auszukommen und gesund zu bleiben? Unsere Gro\u00dfeltern wussten noch, wie man f\u00fcr Notzeiten vorsorgt. Haben Sie es ihnen abgeschaut? Wenn nicht, keine Panik, bei diesem Vortrag k\u00f6nnen Sie dazulernen.<\/div>\n<div class=\"link\"><a href=\"https:\/\/www.naturalscience.org\/de\/kongress-2022\/referate\/wenn-das-licht-ausgeht-rezepte-gegen-den-hunger-und-das-frieren\/\">Lesen Sie hier eine Zusammenfassung des Kongress-Referats<\/a><\/div>\n<\/div>\n<\/div>\n<\/div>\n<div class=\"lecture\">\n<div class=\"row\">\n<div class=\"hide-on-mobile medium-6 columns\"><a href=\"https:\/\/www.naturalscience.org\/de\/kongress-2022\/referate\/was-uns-den-schlaf-raubt-der-angst-den-ruecken-kehren\/\"><img loading=\"lazy\" decoding=\"async\" class=\"alignnone size-medium wp-image-37871\" src=\"https:\/\/www.naturalscience.org\/wp-content\/uploads\/2022\/10\/iStock-1337766466-min-scaled.jpg\" alt=\"\" width=\"300\" height=\"200\"><\/a><\/div>\n<div class=\"small-24 medium-18 columns\">\n<h3>Was uns den Schlaf raubt \u2013 Der Angst den R\u00fccken kehren<\/h3>\n<div class=\"subtitle\">Ein Viertel bis ein Drittel der Weltbev\u00f6lkerung leidet unter chronischen Schlafst\u00f6rungen. Das ist keine Bagatelle, denn Schlafprobleme schw\u00e4chen das Immunsystem, erh\u00f6hen das Risiko f\u00fcr Unf\u00e4lle, f\u00fchren zu \u00dcbergewicht, Stimmungsschwankungen und vielen weiteren Erkrankungen. Sorgen und \u00c4ngste geh\u00f6ren zu den h\u00e4ufigsten Ursachen daf\u00fcr, dass wir uns unruhig im Bett w\u00e4lzen. Doch die Natur kann auf vielerlei Weise sanfte Abhilfe schaffen, damit wir endlich wieder zur Ruhe kommen.<\/div>\n<div class=\"link\"><a href=\"https:\/\/www.naturalscience.org\/de\/kongress-2022\/referate\/was-uns-den-schlaf-raubt-der-angst-den-ruecken-kehren\/\">Lesen Sie hier eine Zusammenfassung des Kongress-Referats<\/a><\/div>\n<\/div>\n<\/div>\n<\/div>\n<div class=\"lecture\">\n<div class=\"row\">\n<div class=\"hide-on-mobile medium-6 columns\"><a href=\"https:\/\/www.naturalscience.org\/de\/kongress-2022\/referate\/mein-koerper-die-maschine-von-der-abschaffung-des-geistes\/\"><img loading=\"lazy\" decoding=\"async\" class=\"alignnone size-medium wp-image-37871\" src=\"https:\/\/www.naturalscience.org\/wp-content\/uploads\/2022\/10\/iStock-1206796363-min-scaled.jpg\" alt=\"\" width=\"300\" height=\"200\"><\/a><\/div>\n<div class=\"small-24 medium-18 columns\">\n<h3>Mein K\u00f6rper, die Maschine? \u2013 Von der Abschaffung des Geistes<\/h3>\n<div class=\"subtitle\">Bin ich mein K\u00f6rper? Geh\u00f6rt mir mein K\u00f6rper? Unser Verst\u00e4ndnis davon, was ein Mensch ist, was unser K\u00f6rper ist, hat sich in den letzten Jahren grundlegend gewandelt. Heute sind der Modellierung und Modifizierung des K\u00f6rpers kaum noch Grenzen gesetzt. Dies geht so weit, dass wir in Zukunft unsere K\u00f6rper dank K\u00fcnstlicher Intelligenz und \u00e4hnlicher Technologien so stark beeinflussen k\u00f6nnen sollen, dass wir unsterblich sein werden. Ist dies erstrebenswert? Und wo befindet sich in all dem die Seele?<\/div>\n<div class=\"link\"><a href=\"https:\/\/www.naturalscience.org\/de\/kongress-2022\/referate\/mein-koerper-die-maschine-von-der-abschaffung-des-geistes\/\">Lesen Sie hier eine Zusammenfassung des Kongress-Referats<\/a><\/div>\n<\/div>\n<\/div>\n<\/div>\n<div class=\"lecture\">\n<div class=\"row\">\n<div class=\"hide-on-mobile medium-6 columns\"><a href=\"https:\/\/www.naturalscience.org\/de\/kongress-2022\/referate\/die-wiederherstellung-der-natuerlichen-ordnung\/\"><img loading=\"lazy\" decoding=\"async\" class=\"alignnone size-medium wp-image-37871\" src=\"https:\/\/www.naturalscience.org\/wp-content\/uploads\/2022\/10\/iStock-654031062-min-scaled.jpg\" alt=\"\" width=\"300\" height=\"200\"><\/a><\/div>\n<div class=\"small-24 medium-18 columns\">\n<h3>Die Wiederherstellung der nat\u00fcrlichen Ordnung<\/h3>\n<div class=\"subtitle\">Der Mensch hat Gott \u00fcberwunden, so scheint es. Die Menschheit hat die Begrenzungen von Raum und Zeit abgeworfen, sie st\u00f6\u00dft in neue Universen vor, sie erfindet sich selbst und die Welt neu. Wir k\u00f6nnen Fleisch z\u00fcchten, damit kein Tier mehr sein Leben f\u00fcr uns opfern muss. Wir k\u00f6nnen schon bald unsere eigenen Nachkommen so \u201eherstellen\u201c, dass Krankheit ein Ding der Vergangenheit sein wird. Haben wir also die Naturgesetze hinter uns gelassen? Sind wir frei? Oder ist dies nur der Anfang vom Ende?<\/div>\n<div class=\"link\"><a href=\"https:\/\/www.naturalscience.org\/de\/kongress-2022\/referate\/die-wiederherstellung-der-natuerlichen-ordnung\/\">Lesen Sie hier eine Zusammenfassung des Kongress-Referats<\/a><\/div>\n<\/div>\n<\/div>\n<\/div>\n<p>&nbsp;<\/p>\n<h2 style=\"text-align: center;\">Impressionen<\/h2>\nngg_shortcode_0_placeholder\n","protected":false},"excerpt":{"rendered":"R\u00fcckblick auf Den 25. Internationalen \u201eNeuer Wissenschaftlicher Ausblick\u201c Welt-Kongress Donnerstag, 20. Oktober bis Sonntag, 23. Oktober 2022 Programm-R\u00fcckblick Die wahre Wissenschaft des Lebens \u201eGott hat versagt. Es lebe die Wissenschaft!\u201c, so ert\u00f6nt der in den letzten Jahren immer lauter werdende Tenor. Die Wissenschaft habe alle Antworten auf unsere Fragen und Probleme, hei\u00dft es, wir m\u00fcssten [&hellip;]","protected":false},"author":14,"featured_media":0,"parent":34444,"menu_order":0,"comment_status":"closed","ping_status":"closed","template":"page-full.php","meta":{"_acf_changed":false,"ngg_post_thumbnail":0,"footnotes":""},"categories":[],"class_list":["post-37950","page","type-page","status-publish","hentry","wpautop"],"acf":[],"yoast_head":"<!-- This site is optimized with the Yoast SEO plugin v27.6 - https:\/\/yoast.com\/product\/yoast-seo-wordpress\/ -->\n<title>R\u00fcckblick - The World Foundation for Natural Science<\/title>\n<meta name=\"robots\" content=\"index, follow, max-snippet:-1, max-image-preview:large, max-video-preview:-1\" \/>\n<link rel=\"canonical\" href=\"https:\/\/www.naturalscience.org\/de\/kongress-2022\/rueckblick\/\" \/>\n<meta name=\"twitter:label1\" content=\"Gesch\u00e4tzte Lesezeit\" \/>\n\t<meta name=\"twitter:data1\" content=\"7\u00a0Minuten\" \/>\n<script type=\"application\/ld+json\" class=\"yoast-schema-graph\">{\"@context\":\"https:\\\/\\\/schema.org\",\"@graph\":[{\"@type\":\"WebPage\",\"@id\":\"https:\\\/\\\/www.naturalscience.org\\\/de\\\/kongress-2022\\\/rueckblick\\\/\",\"url\":\"https:\\\/\\\/www.naturalscience.org\\\/de\\\/kongress-2022\\\/rueckblick\\\/\",\"name\":\"R\u00fcckblick - The World Foundation for Natural Science\",\"isPartOf\":{\"@id\":\"https:\\\/\\\/www.naturalscience.org\\\/#website\"},\"primaryImageOfPage\":{\"@id\":\"https:\\\/\\\/www.naturalscience.org\\\/de\\\/kongress-2022\\\/rueckblick\\\/#primaryimage\"},\"image\":{\"@id\":\"https:\\\/\\\/www.naturalscience.org\\\/de\\\/kongress-2022\\\/rueckblick\\\/#primaryimage\"},\"thumbnailUrl\":\"https:\\\/\\\/www.naturalscience.org\\\/wp-content\\\/uploads\\\/2022\\\/10\\\/iStock-1310148959-min-scaled.jpg\",\"datePublished\":\"2022-11-27T19:47:47+00:00\",\"dateModified\":\"2026-04-30T18:01:10+00:00\",\"breadcrumb\":{\"@id\":\"https:\\\/\\\/www.naturalscience.org\\\/de\\\/kongress-2022\\\/rueckblick\\\/#breadcrumb\"},\"inLanguage\":\"de\",\"potentialAction\":[{\"@type\":\"ReadAction\",\"target\":[\"https:\\\/\\\/www.naturalscience.org\\\/de\\\/kongress-2022\\\/rueckblick\\\/\"]}]},{\"@type\":\"ImageObject\",\"inLanguage\":\"de\",\"@id\":\"https:\\\/\\\/www.naturalscience.org\\\/de\\\/kongress-2022\\\/rueckblick\\\/#primaryimage\",\"url\":\"https:\\\/\\\/www.naturalscience.org\\\/wp-content\\\/uploads\\\/2022\\\/10\\\/iStock-1310148959-min-scaled.jpg\",\"contentUrl\":\"https:\\\/\\\/www.naturalscience.org\\\/wp-content\\\/uploads\\\/2022\\\/10\\\/iStock-1310148959-min-scaled.jpg\"},{\"@type\":\"BreadcrumbList\",\"@id\":\"https:\\\/\\\/www.naturalscience.org\\\/de\\\/kongress-2022\\\/rueckblick\\\/#breadcrumb\",\"itemListElement\":[{\"@type\":\"ListItem\",\"position\":1,\"name\":\"Home\",\"item\":\"https:\\\/\\\/www.naturalscience.org\\\/de\\\/\"},{\"@type\":\"ListItem\",\"position\":2,\"name\":\"25. Internationaler \u201eNeuer Wissenschaftlicher Ausblick\u201d Welt-Kongress\",\"item\":\"https:\\\/\\\/www.naturalscience.org\\\/de\\\/kongress-2022\\\/\"},{\"@type\":\"ListItem\",\"position\":3,\"name\":\"R\u00fcckblick\"}]},{\"@type\":\"WebSite\",\"@id\":\"https:\\\/\\\/www.naturalscience.org\\\/#website\",\"url\":\"https:\\\/\\\/www.naturalscience.org\\\/\",\"name\":\"The World Foundation for Natural Science\",\"description\":\"Restoring and Healing the World through Responsibility and Commitment in accord with Natural and Divine Law!\",\"potentialAction\":[{\"@type\":\"SearchAction\",\"target\":{\"@type\":\"EntryPoint\",\"urlTemplate\":\"https:\\\/\\\/www.naturalscience.org\\\/?s={search_term_string}\"},\"query-input\":{\"@type\":\"PropertyValueSpecification\",\"valueRequired\":true,\"valueName\":\"search_term_string\"}}],\"inLanguage\":\"de\"}]}<\/script>\n<!-- \/ Yoast SEO plugin. -->","yoast_head_json":{"title":"R\u00fcckblick - The World Foundation for Natural Science","robots":{"index":"index","follow":"follow","max-snippet":"max-snippet:-1","max-image-preview":"max-image-preview:large","max-video-preview":"max-video-preview:-1"},"canonical":"https:\/\/www.naturalscience.org\/de\/kongress-2022\/rueckblick\/","twitter_misc":{"Gesch\u00e4tzte Lesezeit":"7\u00a0Minuten"},"schema":{"@context":"https:\/\/schema.org","@graph":[{"@type":"WebPage","@id":"https:\/\/www.naturalscience.org\/de\/kongress-2022\/rueckblick\/","url":"https:\/\/www.naturalscience.org\/de\/kongress-2022\/rueckblick\/","name":"R\u00fcckblick - The World Foundation for Natural Science","isPartOf":{"@id":"https:\/\/www.naturalscience.org\/#website"},"primaryImageOfPage":{"@id":"https:\/\/www.naturalscience.org\/de\/kongress-2022\/rueckblick\/#primaryimage"},"image":{"@id":"https:\/\/www.naturalscience.org\/de\/kongress-2022\/rueckblick\/#primaryimage"},"thumbnailUrl":"https:\/\/www.naturalscience.org\/wp-content\/uploads\/2022\/10\/iStock-1310148959-min-scaled.jpg","datePublished":"2022-11-27T19:47:47+00:00","dateModified":"2026-04-30T18:01:10+00:00","breadcrumb":{"@id":"https:\/\/www.naturalscience.org\/de\/kongress-2022\/rueckblick\/#breadcrumb"},"inLanguage":"de","potentialAction":[{"@type":"ReadAction","target":["https:\/\/www.naturalscience.org\/de\/kongress-2022\/rueckblick\/"]}]},{"@type":"ImageObject","inLanguage":"de","@id":"https:\/\/www.naturalscience.org\/de\/kongress-2022\/rueckblick\/#primaryimage","url":"https:\/\/www.naturalscience.org\/wp-content\/uploads\/2022\/10\/iStock-1310148959-min-scaled.jpg","contentUrl":"https:\/\/www.naturalscience.org\/wp-content\/uploads\/2022\/10\/iStock-1310148959-min-scaled.jpg"},{"@type":"BreadcrumbList","@id":"https:\/\/www.naturalscience.org\/de\/kongress-2022\/rueckblick\/#breadcrumb","itemListElement":[{"@type":"ListItem","position":1,"name":"Home","item":"https:\/\/www.naturalscience.org\/de\/"},{"@type":"ListItem","position":2,"name":"25. Internationaler \u201eNeuer Wissenschaftlicher Ausblick\u201d Welt-Kongress","item":"https:\/\/www.naturalscience.org\/de\/kongress-2022\/"},{"@type":"ListItem","position":3,"name":"R\u00fcckblick"}]},{"@type":"WebSite","@id":"https:\/\/www.naturalscience.org\/#website","url":"https:\/\/www.naturalscience.org\/","name":"The World Foundation for Natural Science","description":"Restoring and Healing the World through Responsibility and Commitment in accord with Natural and Divine Law!","potentialAction":[{"@type":"SearchAction","target":{"@type":"EntryPoint","urlTemplate":"https:\/\/www.naturalscience.org\/?s={search_term_string}"},"query-input":{"@type":"PropertyValueSpecification","valueRequired":true,"valueName":"search_term_string"}}],"inLanguage":"de"}]}},"_links":{"self":[{"href":"https:\/\/www.naturalscience.org\/de\/wp-json\/wp\/v2\/pages\/37950","targetHints":{"allow":["GET"]}}],"collection":[{"href":"https:\/\/www.naturalscience.org\/de\/wp-json\/wp\/v2\/pages"}],"about":[{"href":"https:\/\/www.naturalscience.org\/de\/wp-json\/wp\/v2\/types\/page"}],"author":[{"embeddable":true,"href":"https:\/\/www.naturalscience.org\/de\/wp-json\/wp\/v2\/users\/14"}],"replies":[{"embeddable":true,"href":"https:\/\/www.naturalscience.org\/de\/wp-json\/wp\/v2\/comments?post=37950"}],"version-history":[{"count":30,"href":"https:\/\/www.naturalscience.org\/de\/wp-json\/wp\/v2\/pages\/37950\/revisions"}],"predecessor-version":[{"id":43955,"href":"https:\/\/www.naturalscience.org\/de\/wp-json\/wp\/v2\/pages\/37950\/revisions\/43955"}],"up":[{"embeddable":true,"href":"https:\/\/www.naturalscience.org\/de\/wp-json\/wp\/v2\/pages\/34444"}],"wp:attachment":[{"href":"https:\/\/www.naturalscience.org\/de\/wp-json\/wp\/v2\/media?parent=37950"}],"wp:term":[{"taxonomy":"category","embeddable":true,"href":"https:\/\/www.naturalscience.org\/de\/wp-json\/wp\/v2\/categories?post=37950"}],"curies":[{"name":"wp","href":"https:\/\/api.w.org\/{rel}","templated":true}]}}