{"id":35622,"date":"2021-08-13T08:28:07","date_gmt":"2021-08-13T06:28:07","guid":{"rendered":"https:\/\/www.naturalscience.org\/?page_id=35622"},"modified":"2021-08-13T11:46:02","modified_gmt":"2021-08-13T09:46:02","slug":"vortragszyklus-die-wahre-wissenschaft-des-lebens","status":"publish","type":"page","link":"https:\/\/www.naturalscience.org\/de\/vortragszyklus-die-wahre-wissenschaft-des-lebens\/","title":{"rendered":"Vortragszyklus: Die wahre Wissenschaft des Lebens"},"content":{"rendered":"<p>Natur und Mensch sind untrennbar verbunden. Die Natur ist der beste Lehrer f\u00fcr den Menschen. Die Wissenschaft kann uns helfen, die Gesetze der Natur zu verstehen. Doch heute ist Wissenschaft leider nur allzu oft von monet\u00e4ren Interessen und Schubladendenken gepr\u00e4gt. Sie klammert den Sch\u00f6pfer aus seiner eigenen Sch\u00f6pfung aus und erhebt Erkenntnisse zu Dogmen. Doch nur der ganzheitliche Blick auf das Netz des Lebens l\u00e4sst uns begreifen, wie alles miteinander verbunden ist und was geschieht, wenn wir einen Faden nach dem anderen in diesem Lebensnetz zerrei\u00dfen.<br \/>\nZiel dieses aus sieben Lektionen bestehenden Vortragszyklus ist es, Ihnen anhand moderner wissenschaftlicher Erkenntnisse die Gelegenheit zu geben, ein tieferes und umfassenderes Verst\u00e4ndnis f\u00fcr die Gesetze der Natur zu erlangen. Ihnen werden viele praktische M\u00f6glichkeiten aufgezeigt, wie Sie von der Natur lernen und besser mit ihr zusammenarbeiten k\u00f6nnen. Bestenfalls werden Sie sich so sehr in die Sch\u00f6nheit und Vollkommenheit der Natur verlieben, dass es f\u00fcr Sie undenkbar ist, sie in Zukunft nicht (noch mehr) besch\u00fctzen zu wollen!<\/p>\n<p><strong>Lektion 1: Einf\u00fchrung und B\u00e4ume<\/strong><br \/>\nZun\u00e4chst stellen wir Ihnen Ihre Gastgeberin,<br \/>\nThe World Foundation for Natural Science, vor, um uns dann dem Wald und den B\u00e4umen zu widmen. Nicht nur sind B\u00e4ume f\u00fcr diesen Planeten essenziell, der Mensch kann auch viel von den B\u00e4umen lernen. Wussten Sie, dass B\u00e4ume sehr soziale Wesen sind, so wie wir? Kennen Sie die Heilkraft der B\u00e4ume? Und was k\u00f6nnen Sie tun, um der fortschreitenden Abholzung der urspr\u00fcnglichen W\u00e4lder entgegenzuwirken?<\/p>\n<p><strong>Lektion 2: Landwirtschaft<\/strong><br \/>\nHier geht es um den Boden. Ist er gesund, steckt er voller Leben. Welchen Einfluss haben Pestizide und gentechnisch ver\u00e4nderte Organismen auf diese Vielfalt des Lebens? Wie k\u00f6nnen wir den Boden sch\u00fctzen? Welche Rolle spielt die Landwirtschaft? Und wussten Sie, dass die Varroamilbe nicht die Hauptursache f\u00fcr das weltweite Bienensterben ist?<\/p>\n<p><strong>Lektion 3: Wasser und Meere<\/strong><br \/>\nWir tauchen ab in den gr\u00f6\u00dften und wohl wichtigsten Lebensraum unseres Planeten: die Meere und Ozeane. Ihre Sch\u00f6nheit und Vielfalt ist grenzenlos, und doch wissen wir noch viel zu wenig \u00fcber sie. Tats\u00e4chlich kennen wir den Mond besser als das Meer! Was k\u00f6nnen Sie konkret tun gegen Probleme wie \u00dcberfischung oder Plastikverschmutzung, mit denen die Ozeane zu k\u00e4mpfen haben? Nicht zuletzt werfen wir einen ganz genauen Blick auf das Element Wasser, unser Lebenselixier, von dem wir heute wissen, dass es nicht nur drei, sondern sogar vier Aggregatszust\u00e4nde hat.<\/p>\n<p><strong>Lektion 4: Elektromagnetismus<\/strong><br \/>\nWarum wei\u00df die Biene, ob vor ihr schon eine andere Biene eine Blume besucht hat? Und warum finden Brieftauben wieder nach Hause? Die Antwort liegt darin, dass alles Leben elektromagnetisch ist, auch der Mensch. Doch was hei\u00dft das f\u00fcr Anwendungen wie Mikrowellen, Mobilfunk oder Kernenergie? Und wie wirkt sich die Digitalisierung auf die Entwicklung unserer Kinder aus?<\/p>\n<p><strong>Lektion 5: Gesundheit I<\/strong><br \/>\nUm Gesundheit zu verstehen, m\u00fcssen wir auch unsere K\u00f6rper verstehen. Wie entsteht Krankheit? Welche Rolle spielen dabei Gef\u00fchle wie beispielsweise die Angst? Wie funktioniert unser Immunsystem? Was bedeutet Pr\u00e4vention? Und mit welchen nat\u00fcrlichen Mitteln k\u00f6nnen wir das physische und psychische Wohlbefinden f\u00f6rdern?<\/p>\n<p><strong>Lektion 6: Gesundheit II<\/strong><br \/>\nRauchen t\u00f6tet jedes Jahr mehr als 6 Millionen Menschen: K\u00f6nnen E-Zigaretten das Leid endlich lindern? Ist Cannabis tats\u00e4chlich harmlos? Und funktionieren Impfungen? Was ist n\u00f6tig, damit die Zellen Ihres K\u00f6rpers einwandfrei miteinander kommunizieren k\u00f6nnen? Und was geschieht, wenn dies nicht der Fall ist? Wussten Sie, dass Einsamkeit ein Killer ist? Und warum leben wir besser und l\u00e4nger, wenn wir h\u00e4ufig lachen?<\/p>\n<p><strong>Lektion 7: Nat\u00fcrliche Geburt<\/strong><br \/>\nDen Abschluss macht der Anfang. Das Leben ist ein Geschenk und ein Abenteuer. Wie treten wir in dieses Leben ein? Spielt es eine Rolle, wie wir geboren werden? Und wie sieht eine nat\u00fcrliche Geburt aus?<\/p>\n<p>Die Zeiten und Orte der Vortr\u00e4ge finden Sie in unserem Veranstaltungskalender. Wir freuen uns auf Ihre Teilnahme und einen spannenden Austausch!<\/p>\n<div class=\"text-center\"><a class=\"button radius alert\" href=\"https:\/\/www.naturalscience.org\/de\/veranstaltungskalender\/\">Zum Veranstaltungskalender<\/a><\/div>\n","protected":false},"excerpt":{"rendered":"Natur und Mensch sind untrennbar verbunden. Die Natur ist der beste Lehrer f\u00fcr den Menschen. Die Wissenschaft kann uns helfen, die Gesetze der Natur zu verstehen. Doch heute ist Wissenschaft leider nur allzu oft von monet\u00e4ren Interessen und Schubladendenken gepr\u00e4gt. Sie klammert den Sch\u00f6pfer aus seiner eigenen Sch\u00f6pfung aus und erhebt Erkenntnisse zu Dogmen. Doch [&hellip;]","protected":false},"author":9,"featured_media":0,"parent":0,"menu_order":0,"comment_status":"closed","ping_status":"closed","template":"","meta":{"_acf_changed":false,"ngg_post_thumbnail":0,"footnotes":""},"categories":[],"class_list":["post-35622","page","type-page","status-publish","hentry","wpautop"],"acf":[],"yoast_head":"<!-- This site is optimized with the Yoast SEO plugin v27.5 - https:\/\/yoast.com\/product\/yoast-seo-wordpress\/ -->\n<title>Vortragszyklus: Die wahre Wissenschaft des Lebens - The World Foundation for Natural Science<\/title>\n<meta name=\"robots\" content=\"index, follow, max-snippet:-1, max-image-preview:large, max-video-preview:-1\" \/>\n<link rel=\"canonical\" href=\"https:\/\/www.naturalscience.org\/de\/vortragszyklus-die-wahre-wissenschaft-des-lebens\/\" \/>\n<meta name=\"twitter:label1\" content=\"Gesch\u00e4tzte Lesezeit\" \/>\n\t<meta name=\"twitter:data1\" content=\"3\u00a0Minuten\" \/>\n<script type=\"application\/ld+json\" class=\"yoast-schema-graph\">{\"@context\":\"https:\\\/\\\/schema.org\",\"@graph\":[{\"@type\":\"WebPage\",\"@id\":\"https:\\\/\\\/www.naturalscience.org\\\/de\\\/vortragszyklus-die-wahre-wissenschaft-des-lebens\\\/\",\"url\":\"https:\\\/\\\/www.naturalscience.org\\\/de\\\/vortragszyklus-die-wahre-wissenschaft-des-lebens\\\/\",\"name\":\"Vortragszyklus: Die wahre Wissenschaft des Lebens - The World Foundation for Natural Science\",\"isPartOf\":{\"@id\":\"https:\\\/\\\/www.naturalscience.org\\\/#website\"},\"datePublished\":\"2021-08-13T06:28:07+00:00\",\"dateModified\":\"2021-08-13T09:46:02+00:00\",\"breadcrumb\":{\"@id\":\"https:\\\/\\\/www.naturalscience.org\\\/de\\\/vortragszyklus-die-wahre-wissenschaft-des-lebens\\\/#breadcrumb\"},\"inLanguage\":\"de\",\"potentialAction\":[{\"@type\":\"ReadAction\",\"target\":[\"https:\\\/\\\/www.naturalscience.org\\\/de\\\/vortragszyklus-die-wahre-wissenschaft-des-lebens\\\/\"]}]},{\"@type\":\"BreadcrumbList\",\"@id\":\"https:\\\/\\\/www.naturalscience.org\\\/de\\\/vortragszyklus-die-wahre-wissenschaft-des-lebens\\\/#breadcrumb\",\"itemListElement\":[{\"@type\":\"ListItem\",\"position\":1,\"name\":\"Home\",\"item\":\"https:\\\/\\\/www.naturalscience.org\\\/de\\\/\"},{\"@type\":\"ListItem\",\"position\":2,\"name\":\"Vortragszyklus: Die wahre Wissenschaft des Lebens\"}]},{\"@type\":\"WebSite\",\"@id\":\"https:\\\/\\\/www.naturalscience.org\\\/#website\",\"url\":\"https:\\\/\\\/www.naturalscience.org\\\/\",\"name\":\"The World Foundation for Natural Science\",\"description\":\"Restoring and Healing the World through Responsibility and Commitment in accord with Natural and Divine Law!\",\"potentialAction\":[{\"@type\":\"SearchAction\",\"target\":{\"@type\":\"EntryPoint\",\"urlTemplate\":\"https:\\\/\\\/www.naturalscience.org\\\/?s={search_term_string}\"},\"query-input\":{\"@type\":\"PropertyValueSpecification\",\"valueRequired\":true,\"valueName\":\"search_term_string\"}}],\"inLanguage\":\"de\"}]}<\/script>\n<!-- \/ Yoast SEO plugin. -->","yoast_head_json":{"title":"Vortragszyklus: Die wahre Wissenschaft des Lebens - The World Foundation for Natural Science","robots":{"index":"index","follow":"follow","max-snippet":"max-snippet:-1","max-image-preview":"max-image-preview:large","max-video-preview":"max-video-preview:-1"},"canonical":"https:\/\/www.naturalscience.org\/de\/vortragszyklus-die-wahre-wissenschaft-des-lebens\/","twitter_misc":{"Gesch\u00e4tzte Lesezeit":"3\u00a0Minuten"},"schema":{"@context":"https:\/\/schema.org","@graph":[{"@type":"WebPage","@id":"https:\/\/www.naturalscience.org\/de\/vortragszyklus-die-wahre-wissenschaft-des-lebens\/","url":"https:\/\/www.naturalscience.org\/de\/vortragszyklus-die-wahre-wissenschaft-des-lebens\/","name":"Vortragszyklus: Die wahre Wissenschaft des Lebens - The World Foundation for Natural Science","isPartOf":{"@id":"https:\/\/www.naturalscience.org\/#website"},"datePublished":"2021-08-13T06:28:07+00:00","dateModified":"2021-08-13T09:46:02+00:00","breadcrumb":{"@id":"https:\/\/www.naturalscience.org\/de\/vortragszyklus-die-wahre-wissenschaft-des-lebens\/#breadcrumb"},"inLanguage":"de","potentialAction":[{"@type":"ReadAction","target":["https:\/\/www.naturalscience.org\/de\/vortragszyklus-die-wahre-wissenschaft-des-lebens\/"]}]},{"@type":"BreadcrumbList","@id":"https:\/\/www.naturalscience.org\/de\/vortragszyklus-die-wahre-wissenschaft-des-lebens\/#breadcrumb","itemListElement":[{"@type":"ListItem","position":1,"name":"Home","item":"https:\/\/www.naturalscience.org\/de\/"},{"@type":"ListItem","position":2,"name":"Vortragszyklus: Die wahre Wissenschaft des Lebens"}]},{"@type":"WebSite","@id":"https:\/\/www.naturalscience.org\/#website","url":"https:\/\/www.naturalscience.org\/","name":"The World Foundation for Natural Science","description":"Restoring and Healing the World through Responsibility and Commitment in accord with Natural and Divine Law!","potentialAction":[{"@type":"SearchAction","target":{"@type":"EntryPoint","urlTemplate":"https:\/\/www.naturalscience.org\/?s={search_term_string}"},"query-input":{"@type":"PropertyValueSpecification","valueRequired":true,"valueName":"search_term_string"}}],"inLanguage":"de"}]}},"_links":{"self":[{"href":"https:\/\/www.naturalscience.org\/de\/wp-json\/wp\/v2\/pages\/35622","targetHints":{"allow":["GET"]}}],"collection":[{"href":"https:\/\/www.naturalscience.org\/de\/wp-json\/wp\/v2\/pages"}],"about":[{"href":"https:\/\/www.naturalscience.org\/de\/wp-json\/wp\/v2\/types\/page"}],"author":[{"embeddable":true,"href":"https:\/\/www.naturalscience.org\/de\/wp-json\/wp\/v2\/users\/9"}],"replies":[{"embeddable":true,"href":"https:\/\/www.naturalscience.org\/de\/wp-json\/wp\/v2\/comments?post=35622"}],"version-history":[{"count":5,"href":"https:\/\/www.naturalscience.org\/de\/wp-json\/wp\/v2\/pages\/35622\/revisions"}],"predecessor-version":[{"id":35628,"href":"https:\/\/www.naturalscience.org\/de\/wp-json\/wp\/v2\/pages\/35622\/revisions\/35628"}],"wp:attachment":[{"href":"https:\/\/www.naturalscience.org\/de\/wp-json\/wp\/v2\/media?parent=35622"}],"wp:term":[{"taxonomy":"category","embeddable":true,"href":"https:\/\/www.naturalscience.org\/de\/wp-json\/wp\/v2\/categories?post=35622"}],"curies":[{"name":"wp","href":"https:\/\/api.w.org\/{rel}","templated":true}]}}