{"id":34433,"date":"2021-02-04T10:10:45","date_gmt":"2021-02-04T09:10:45","guid":{"rendered":"https:\/\/www.naturalscience.org\/?page_id=34433"},"modified":"2021-02-09T21:44:34","modified_gmt":"2021-02-09T20:44:34","slug":"auswirkungen-und-schaedigung","status":"publish","type":"page","link":"https:\/\/www.naturalscience.org\/de\/themen\/mikrowellen\/auswirkungen-und-schaedigung\/","title":{"rendered":"Auswirkungen und Sch\u00e4digung"},"content":{"rendered":"<p>Was haben das menschliche Gehirn, Bienen und Wasser gemeinsam? \u2013 Sie alle nutzen f\u00fcr Kommunikations- oder Steuerungsprozesse auf die eine oder andere Weise elektromagnetische Impulse. Elektromagnetismus ist ein nat\u00fcrliches Geschehen, das vom Erdmagnetfeld \u00fcber elektromagnetische Felder von Organen (denken Sie an medizinische Untersuchungsmethoden wie das Elektrokardiogramm EKG oder die Magnetresonanztomografie MRT), den Schw\u00e4nzeltanz der Bienen bis hin zur zweipoligen Natur des Wassermolek\u00fcls reicht.<\/p>\n<p>Technisch erzeugte elektromagnetische Strahlung, wie sie heute \u00fcberall und in immer h\u00f6herem Ausma\u00df verwendet werden \u2013 f\u00fcr Mobilfunk, Mikrowellenherd, Smart Meter, WLAN, Smartwatch, Elektroautos, Satelliten und jedes andere \u201esmarte\u201c Ger\u00e4t \u2013 \u00fcberlagern und st\u00f6ren diese nat\u00fcrlichen Felder und Prozesse. Tausende Studien zeigen, dass unser gedankenloses Eingreifen in die Natur massive Auswirkungen hat. Tats\u00e4chlich befinden wir uns an einem Punkt, wo technisch erzeugte elektromagnetische Strahlung f\u00fcr alles Leben auf diesem Planeten zur Bedrohung geworden ist.<\/p>\n<p>In den Videobeitr\u00e4gen auf dieser Seite zeigen wir Ihnen, wie sich die Strahlung auf verschiedene Bereiche auswirkt \u2013 und warum. Dabei wird schnell klar, dass es nicht nur um die Bienen, die menschliche Gesundheit oder die V\u00f6gel geht, sondern dass alles Leben betroffen ist \u2013 und dass dringend eine Abkehr hin zu einer Technologie, die dem Leben nicht schadet, n\u00f6tig ist.<\/p>\n            <div class=\"latest-news-list hide-for-print\">\r\n                <div class=\"row\">\r\n                    <div class=\"small-24 columns \">\r\n                        <div class=\"title\">Das Thema Auswirkungen und Sch\u00e4digung im Fokus<\/div>\r\n\t\t\t\t\t\t\t\t\t\t\t\t\t<article class=\"news-excerpt\" id=\"post-43432\">\r\n    <div class=\"row collapse\">\r\n\r\n\t\t\r\n        <div class=\"medium-7 columns\">\r\n            <a href=\"https:\/\/www.naturalscience.org\/de\/news\/2026\/03\/smart-tip-17\/\" title=\"Smart Tip # 17\">\r\n                <img decoding=\"async\" src=\"https:\/\/www.naturalscience.org\/wp-content\/uploads\/2026\/02\/AdobeStock_165709342SQUARE-164x164.jpg\" alt=\"\" width=\"200px\" height=\"200px\"\/>\r\n            <\/a>\r\n        <\/div>\r\n\r\n        <div class=\"medium-17 columns\">\r\n\t\t\t\r\n                <header>\r\n                    <div class=\"row collapse top\">\r\n                        <div class=\"small-12 columns\">\r\n                            <time datetime=\"2026-03-16T09:58:43+01:00\">\r\n\t\t\t\t\t\t\t\tMontag, 16. M\u00e4rz 2026                            <\/time>\r\n                        <\/div>\r\n\t\t\t\t\t\t                    <\/div>\r\n                    <h2><a href=\"https:\/\/www.naturalscience.org\/de\/news\/2026\/03\/smart-tip-17\/\">Smart Tip # 17<\/a><\/h2>\r\n\r\n                <\/header>\r\n                <div class=\"entry-content\">\r\n                    <p>\r\n\t                    Telefonieren, fernsehen und surfen per Homespot? Lieber nicht. Dieser funktioniert nur \u00fcber das LTE- oder 5G-Netz, wodurch Sie permanenter Mobilfunkstrahlung ausgesetzt sind. Verwenden Sie besser einen Festnetzanschluss, der auch f\u00fcrs Internet genutzt werden kann. Seine Geschwindigkeit reicht in der Regel auch f\u00fcr den TV.                                            <\/p>\r\n                <\/div>\r\n            <\/div>\r\n        <\/div>\r\n<\/article>\t\t\t\t\t\t\t\t\t\t\t\t\t<article class=\"news-excerpt\" id=\"post-43346\">\r\n    <div class=\"row collapse\">\r\n\r\n\t\t\r\n        <div class=\"medium-7 columns\">\r\n            <a href=\"https:\/\/www.naturalscience.org\/de\/news\/2026\/02\/smart-tip-15\/\" title=\"Smart Tip # 15\">\r\n                <img decoding=\"async\" src=\"https:\/\/www.naturalscience.org\/wp-content\/uploads\/2026\/02\/AdobeStock_160674561SQUARE-164x164.jpg\" alt=\"\" width=\"200px\" height=\"200px\"\/>\r\n            <\/a>\r\n        <\/div>\r\n\r\n        <div class=\"medium-17 columns\">\r\n\t\t\t\r\n                <header>\r\n                    <div class=\"row collapse top\">\r\n                        <div class=\"small-12 columns\">\r\n                            <time datetime=\"2026-02-16T12:28:26+01:00\">\r\n\t\t\t\t\t\t\t\tMontag, 16. Februar 2026                            <\/time>\r\n                        <\/div>\r\n\t\t\t\t\t\t                    <\/div>\r\n                    <h2><a href=\"https:\/\/www.naturalscience.org\/de\/news\/2026\/02\/smart-tip-15\/\">Smart Tip # 15<\/a><\/h2>\r\n\r\n                <\/header>\r\n                <div class=\"entry-content\">\r\n                    <p>\r\n\t                    Schnurlostelefone senden pausenlos und k\u00f6nnen Schlafst\u00f6rungen und andere Beschwerden ausl\u00f6sen, denn \u00fcberall, wo Sie Empfang haben, haben Sie auch Strahlung. Wechseln Sie zu einem Schnurtelefon oder aktivieren Sie zumindest den Eco+ -Modus beim Schnurlostelefon. Somit strahlt das Telefon nur, wenn Sie telefonieren.                                            <\/p>\r\n                <\/div>\r\n            <\/div>\r\n        <\/div>\r\n<\/article>\t\t\t\t\t\t\t\t\t\t\t\t\t<article class=\"news-excerpt\" id=\"post-43242\">\r\n    <div class=\"row collapse\">\r\n\r\n\t\t\r\n        <div class=\"medium-7 columns\">\r\n            <a href=\"https:\/\/www.naturalscience.org\/de\/news\/2026\/01\/smart-tip-11\/\" title=\"Smart Tip # 11\">\r\n                <img decoding=\"async\" src=\"https:\/\/www.naturalscience.org\/wp-content\/uploads\/2026\/01\/AdobeStock_1026919084SQUARE-164x164.jpg\" alt=\"\" width=\"200px\" height=\"200px\"\/>\r\n            <\/a>\r\n        <\/div>\r\n\r\n        <div class=\"medium-17 columns\">\r\n\t\t\t\r\n                <header>\r\n                    <div class=\"row collapse top\">\r\n                        <div class=\"small-12 columns\">\r\n                            <time datetime=\"2026-01-12T15:51:27+01:00\">\r\n\t\t\t\t\t\t\t\tMontag, 12. Januar 2026                            <\/time>\r\n                        <\/div>\r\n\t\t\t\t\t\t                    <\/div>\r\n                    <h2><a href=\"https:\/\/www.naturalscience.org\/de\/news\/2026\/01\/smart-tip-11\/\">Smart Tip # 11<\/a><\/h2>\r\n\r\n                <\/header>\r\n                <div class=\"entry-content\">\r\n                    <p>\r\n\t                    Der WLAN-Router im Haus strahlt rund um die Uhr und raubt uns durch seine Pulsung den entspannten Schlaf. Ersetzen Sie WLAN durch DLAN. Die hausinterne Stromleitung wird dabei als Netzwerk genutzt, die Anbindung erfolgt mittels spezieller Ger\u00e4te, die in die normale Steckdose passen.                                                    <a href=\"https:\/\/www.naturalscience.org\/de\/news\/2026\/01\/smart-tip-11\/\" class=\"more-link\">Weiterlesen\u2026<\/a>\r\n                                            <\/p>\r\n                <\/div>\r\n            <\/div>\r\n        <\/div>\r\n<\/article>\t\t\t\t\t\t\t\t\t\t\t\t\r\n\t\t\t\t\t\t                        <a href=\"https:\/\/www.naturalscience.org\/de\/news\/category\/mikrowellen-mobilfunk\/auswirkungen-und-schaedigung\/\" class=\"button radius\">\r\n                            <i class=\"fa fa-angle-right\"><\/i>&nbsp;&nbsp;Mehr                        <\/a>\r\n                    <\/div>\r\n                <\/div>\r\n            <\/div>\r\n\t\t\t\n\n","protected":false},"excerpt":{"rendered":"Der WLAN-Router im Haus strahlt rund um die Uhr und raubt uns durch seine Pulsung den entspannten Schlaf. Ersetzen Sie WLAN durch DLAN. Die hausinterne Stromleitung wird dabei als Netzwerk genutzt, die Anbindung erfolgt mittels spezieller Ger\u00e4te, die in die normale Steckdose passen.","protected":false},"author":9,"featured_media":0,"parent":103,"menu_order":2,"comment_status":"closed","ping_status":"closed","template":"","meta":{"_acf_changed":false,"ngg_post_thumbnail":0,"footnotes":""},"categories":[524],"class_list":["post-34433","page","type-page","status-publish","hentry","category-auswirkungen-und-schaedigung","wpautop"],"acf":[],"yoast_head":"<!-- This site is optimized with the Yoast SEO plugin v27.4 - https:\/\/yoast.com\/product\/yoast-seo-wordpress\/ -->\n<title>Auswirkungen und Sch\u00e4digung - The World Foundation for Natural Science<\/title>\n<meta name=\"robots\" content=\"index, follow, max-snippet:-1, max-image-preview:large, max-video-preview:-1\" \/>\n<link rel=\"canonical\" href=\"https:\/\/www.naturalscience.org\/de\/themen\/mikrowellen\/auswirkungen-und-schaedigung\/\" \/>\n<meta name=\"twitter:label1\" content=\"Gesch\u00e4tzte Lesezeit\" \/>\n\t<meta name=\"twitter:data1\" content=\"1\u00a0Minute\" \/>\n<script type=\"application\/ld+json\" class=\"yoast-schema-graph\">{\"@context\":\"https:\\\/\\\/schema.org\",\"@graph\":[{\"@type\":\"WebPage\",\"@id\":\"https:\\\/\\\/www.naturalscience.org\\\/de\\\/themen\\\/mikrowellen\\\/auswirkungen-und-schaedigung\\\/\",\"url\":\"https:\\\/\\\/www.naturalscience.org\\\/de\\\/themen\\\/mikrowellen\\\/auswirkungen-und-schaedigung\\\/\",\"name\":\"Auswirkungen und Sch\u00e4digung - The World Foundation for Natural Science\",\"isPartOf\":{\"@id\":\"https:\\\/\\\/www.naturalscience.org\\\/#website\"},\"datePublished\":\"2021-02-04T09:10:45+00:00\",\"dateModified\":\"2021-02-09T20:44:34+00:00\",\"breadcrumb\":{\"@id\":\"https:\\\/\\\/www.naturalscience.org\\\/de\\\/themen\\\/mikrowellen\\\/auswirkungen-und-schaedigung\\\/#breadcrumb\"},\"inLanguage\":\"de\",\"potentialAction\":[{\"@type\":\"ReadAction\",\"target\":[\"https:\\\/\\\/www.naturalscience.org\\\/de\\\/themen\\\/mikrowellen\\\/auswirkungen-und-schaedigung\\\/\"]}]},{\"@type\":\"BreadcrumbList\",\"@id\":\"https:\\\/\\\/www.naturalscience.org\\\/de\\\/themen\\\/mikrowellen\\\/auswirkungen-und-schaedigung\\\/#breadcrumb\",\"itemListElement\":[{\"@type\":\"ListItem\",\"position\":1,\"name\":\"Home\",\"item\":\"https:\\\/\\\/www.naturalscience.org\\\/de\\\/\"},{\"@type\":\"ListItem\",\"position\":2,\"name\":\"Themen\",\"item\":\"https:\\\/\\\/www.naturalscience.org\\\/de\\\/themen\\\/\"},{\"@type\":\"ListItem\",\"position\":3,\"name\":\"Mikrowellen &#038; Mobilfunk\",\"item\":\"https:\\\/\\\/www.naturalscience.org\\\/de\\\/themen\\\/mikrowellen\\\/\"},{\"@type\":\"ListItem\",\"position\":4,\"name\":\"Auswirkungen und Sch\u00e4digung\"}]},{\"@type\":\"WebSite\",\"@id\":\"https:\\\/\\\/www.naturalscience.org\\\/#website\",\"url\":\"https:\\\/\\\/www.naturalscience.org\\\/\",\"name\":\"The World Foundation for Natural Science\",\"description\":\"Restoring and Healing the World through Responsibility and Commitment in accord with Natural and Divine Law!\",\"potentialAction\":[{\"@type\":\"SearchAction\",\"target\":{\"@type\":\"EntryPoint\",\"urlTemplate\":\"https:\\\/\\\/www.naturalscience.org\\\/?s={search_term_string}\"},\"query-input\":{\"@type\":\"PropertyValueSpecification\",\"valueRequired\":true,\"valueName\":\"search_term_string\"}}],\"inLanguage\":\"de\"}]}<\/script>\n<!-- \/ Yoast SEO plugin. -->","yoast_head_json":{"title":"Auswirkungen und Sch\u00e4digung - The World Foundation for Natural Science","robots":{"index":"index","follow":"follow","max-snippet":"max-snippet:-1","max-image-preview":"max-image-preview:large","max-video-preview":"max-video-preview:-1"},"canonical":"https:\/\/www.naturalscience.org\/de\/themen\/mikrowellen\/auswirkungen-und-schaedigung\/","twitter_misc":{"Gesch\u00e4tzte Lesezeit":"1\u00a0Minute"},"schema":{"@context":"https:\/\/schema.org","@graph":[{"@type":"WebPage","@id":"https:\/\/www.naturalscience.org\/de\/themen\/mikrowellen\/auswirkungen-und-schaedigung\/","url":"https:\/\/www.naturalscience.org\/de\/themen\/mikrowellen\/auswirkungen-und-schaedigung\/","name":"Auswirkungen und Sch\u00e4digung - The World Foundation for Natural Science","isPartOf":{"@id":"https:\/\/www.naturalscience.org\/#website"},"datePublished":"2021-02-04T09:10:45+00:00","dateModified":"2021-02-09T20:44:34+00:00","breadcrumb":{"@id":"https:\/\/www.naturalscience.org\/de\/themen\/mikrowellen\/auswirkungen-und-schaedigung\/#breadcrumb"},"inLanguage":"de","potentialAction":[{"@type":"ReadAction","target":["https:\/\/www.naturalscience.org\/de\/themen\/mikrowellen\/auswirkungen-und-schaedigung\/"]}]},{"@type":"BreadcrumbList","@id":"https:\/\/www.naturalscience.org\/de\/themen\/mikrowellen\/auswirkungen-und-schaedigung\/#breadcrumb","itemListElement":[{"@type":"ListItem","position":1,"name":"Home","item":"https:\/\/www.naturalscience.org\/de\/"},{"@type":"ListItem","position":2,"name":"Themen","item":"https:\/\/www.naturalscience.org\/de\/themen\/"},{"@type":"ListItem","position":3,"name":"Mikrowellen &#038; Mobilfunk","item":"https:\/\/www.naturalscience.org\/de\/themen\/mikrowellen\/"},{"@type":"ListItem","position":4,"name":"Auswirkungen und Sch\u00e4digung"}]},{"@type":"WebSite","@id":"https:\/\/www.naturalscience.org\/#website","url":"https:\/\/www.naturalscience.org\/","name":"The World Foundation for Natural Science","description":"Restoring and Healing the World through Responsibility and Commitment in accord with Natural and Divine Law!","potentialAction":[{"@type":"SearchAction","target":{"@type":"EntryPoint","urlTemplate":"https:\/\/www.naturalscience.org\/?s={search_term_string}"},"query-input":{"@type":"PropertyValueSpecification","valueRequired":true,"valueName":"search_term_string"}}],"inLanguage":"de"}]}},"_links":{"self":[{"href":"https:\/\/www.naturalscience.org\/de\/wp-json\/wp\/v2\/pages\/34433","targetHints":{"allow":["GET"]}}],"collection":[{"href":"https:\/\/www.naturalscience.org\/de\/wp-json\/wp\/v2\/pages"}],"about":[{"href":"https:\/\/www.naturalscience.org\/de\/wp-json\/wp\/v2\/types\/page"}],"author":[{"embeddable":true,"href":"https:\/\/www.naturalscience.org\/de\/wp-json\/wp\/v2\/users\/9"}],"replies":[{"embeddable":true,"href":"https:\/\/www.naturalscience.org\/de\/wp-json\/wp\/v2\/comments?post=34433"}],"version-history":[{"count":5,"href":"https:\/\/www.naturalscience.org\/de\/wp-json\/wp\/v2\/pages\/34433\/revisions"}],"predecessor-version":[{"id":34657,"href":"https:\/\/www.naturalscience.org\/de\/wp-json\/wp\/v2\/pages\/34433\/revisions\/34657"}],"up":[{"embeddable":true,"href":"https:\/\/www.naturalscience.org\/de\/wp-json\/wp\/v2\/pages\/103"}],"wp:attachment":[{"href":"https:\/\/www.naturalscience.org\/de\/wp-json\/wp\/v2\/media?parent=34433"}],"wp:term":[{"taxonomy":"category","embeddable":true,"href":"https:\/\/www.naturalscience.org\/de\/wp-json\/wp\/v2\/categories?post=34433"}],"curies":[{"name":"wp","href":"https:\/\/api.w.org\/{rel}","templated":true}]}}