{"id":30926,"date":"2019-09-23T11:29:22","date_gmt":"2019-09-23T09:29:22","guid":{"rendered":"https:\/\/www.naturalscience.org\/kongress-2019\/sidebar\/"},"modified":"2019-10-08T22:18:07","modified_gmt":"2019-10-08T20:18:07","slug":"sidebar","status":"publish","type":"page","link":"https:\/\/www.naturalscience.org\/de\/kongress-2019\/sidebar\/","title":{"rendered":"Sidebar"},"content":{"rendered":"<h3 style=\"margin-bottom: 0px\">Wann<\/h3>\r\n<p>31.10.2019, 19:00 Uhr<br>\r\nbis<br>\r\n03.11.2019, 13:00 Uhr<\/p>\r\n\r\n<h3 style=\"margin: 10px 0 0 0\">Wo<\/h3>\r\n<p>Maritim Hotel<br>\r\nBasteistra\u00dfe 40<br>\r\n89073 Ulm, Deutschland<\/p>\r\n\r\n<h3 style=\"margin: 10px 0 0 0\">\u00dcbersetzungen<\/h3>\r\n<p>Simultan in Deutsch, Englisch, Spanisch, Tschechisch, Russisch<\/p>\r\n\r\n<h3 style=\"margin: 10px 0 0 0\">Geb\u00fchren<\/h3>\r\n\r\n<table class=\"fees\">\r\n<tbody>\r\n<tr><td width=\"130px\">Einzelperson<\/td><td class=\"hightlight\">\u20ac 380<br>\r\n<small>CHF 420<\/small><\/td><\/tr>\r\n<tr><td>&#8222;65+&#8220;<\/td><td class=\"hightlight\">\u20ac 260\r\n<small>CHF 290<\/small><\/td><\/tr>\r\n<tr><td>Ehepaare pro Person<\/td><td class=\"hightlight\">\u20ac 260<br>\r\n<small>CHF 290<\/small><\/td><\/tr>\r\n<tr><td>Studenten<\/td><td class=\"hightlight\">\u20ac 135<br>\r\n<small>CHF 150<\/small><\/td><\/tr>\r\n<tr><td>Jugendliche\/\r\nSch\u00fcler<\/td><td class=\"hightlight\">\u20ac 100<br>\r\n<small>CHF 110<\/small><\/td><\/tr>\r\n<tr>\r\n<td>+ Essenspaket <span onClick=\"showFoodPackageInfo()\" style=\"cursor: pointer;\"><i class=\"fa fa-question-circle \" ><\/i><\/span><\/td>\r\n<td class=\"hightlight\">\u20ac 100<br>\r\n<small>CHF 110<\/small><\/td>\r\n\r\n<\/tr>\r\n<\/tbody>\r\n<\/table>\r\n\r\n<p style=\"font-size: 0.75rem\"><i class=\"fa fa-info-circle\"><\/i> Auch einzelne Tage buchbar<\/p>\t\t\t\r\n<p><a style=\"width: 100%\" class=\"button radius small\" href=\"#congress-info\"><i class=\"fa fa-info-circle \" ><\/i> Mehr Informationen<\/a><\/p>\r\n\r\n<p><a style=\"width: 100%\" class=\"button radius small\" href=\"https:\/\/www.naturalscience.org\/de\/kongress-2019\/hotelzimmer-reservieren\/\"><i class=\"fa fa-bed \" ><\/i> Hotel reservieren<\/a><\/p>\r\n\r\n<p><a style=\"width: 100%\" class=\"button radius small alert\" href=\"https:\/\/www.naturalscience.org\/de\/kongress-2019\/registration\/\"><i class=\"fa fa-hand-o-right \" ><\/i> Jetzt anmelden<\/a><\/p>\r\n\r\n\r\n<!--<h6 style=\"font-size: 1.3rem\">Questions?<\/h3>\r\n\t<ul class=\"fa-ul\">\r\n\t<li><i class=\"fa fa-envelope-o\"><\/i> <a style=\"font-size: 0.75rem\" href=\"https:\/\/test.naturalscience.org\/contact\/\">Contact form<\/a><\/li>\r\n\t<li><i class=\"fa fa-at\"><\/i> <a style=\"font-size: 0.75rem\" href=\"mailto:contact@naturalscience.org\">contact@naturalscience.org<\/a><\/li>\r\n\t<li><i style=\"font-size: 0.75rem\" class=\"fa fa-phone\"><\/i> +41(41)798-0398<\/li>\r\n\t<\/ul>\r\n-->","protected":false},"excerpt":{"rendered":"Wann 31.10.2019, 19:00 Uhr bis 03.11.2019, 13:00 Uhr Wo Maritim Hotel Basteistra\u00dfe 40 89073 Ulm, Deutschland \u00dcbersetzungen Simultan in Deutsch, Englisch, Spanisch, Tschechisch, Russisch Geb\u00fchren Einzelperson\u20ac 380 CHF 420 &#8222;65+&#8220;\u20ac 260 CHF 290 Ehepaare pro Person\u20ac 260 CHF 290 Studenten\u20ac 135 CHF 150 Jugendliche\/ Sch\u00fcler\u20ac 100 CHF 110 + Essenspaket \u20ac 100 CHF 110 Auch [&hellip;]","protected":false},"author":9,"featured_media":0,"parent":29179,"menu_order":2,"comment_status":"closed","ping_status":"closed","template":"","meta":{"_acf_changed":false,"ngg_post_thumbnail":0,"footnotes":""},"categories":[],"class_list":["post-30926","page","type-page","status-publish","hentry","no-wpautop"],"acf":[],"yoast_head":"<!-- This site is optimized with the Yoast SEO plugin v27.3 - https:\/\/yoast.com\/product\/yoast-seo-wordpress\/ -->\n<title>Sidebar - The World Foundation for Natural Science<\/title>\n<meta name=\"robots\" content=\"index, follow, max-snippet:-1, max-image-preview:large, max-video-preview:-1\" \/>\n<link rel=\"canonical\" href=\"https:\/\/www.naturalscience.org\/de\/kongress-2019\/sidebar\/\" \/>\n<script type=\"application\/ld+json\" class=\"yoast-schema-graph\">{\"@context\":\"https:\\\/\\\/schema.org\",\"@graph\":[{\"@type\":\"WebPage\",\"@id\":\"https:\\\/\\\/www.naturalscience.org\\\/de\\\/kongress-2019\\\/sidebar\\\/\",\"url\":\"https:\\\/\\\/www.naturalscience.org\\\/de\\\/kongress-2019\\\/sidebar\\\/\",\"name\":\"Sidebar - The World Foundation for Natural Science\",\"isPartOf\":{\"@id\":\"https:\\\/\\\/www.naturalscience.org\\\/#website\"},\"datePublished\":\"2019-09-23T09:29:22+00:00\",\"dateModified\":\"2019-10-08T20:18:07+00:00\",\"breadcrumb\":{\"@id\":\"https:\\\/\\\/www.naturalscience.org\\\/de\\\/kongress-2019\\\/sidebar\\\/#breadcrumb\"},\"inLanguage\":\"de\",\"potentialAction\":[{\"@type\":\"ReadAction\",\"target\":[\"https:\\\/\\\/www.naturalscience.org\\\/de\\\/kongress-2019\\\/sidebar\\\/\"]}]},{\"@type\":\"BreadcrumbList\",\"@id\":\"https:\\\/\\\/www.naturalscience.org\\\/de\\\/kongress-2019\\\/sidebar\\\/#breadcrumb\",\"itemListElement\":[{\"@type\":\"ListItem\",\"position\":1,\"name\":\"Home\",\"item\":\"https:\\\/\\\/www.naturalscience.org\\\/de\\\/\"},{\"@type\":\"ListItem\",\"position\":2,\"name\":\"24. Internationaler \u201eNeuer Wissenschaftlicher Ausblick\u201d Welt-Kongress\",\"item\":\"https:\\\/\\\/www.naturalscience.org\\\/de\\\/kongress-2019\\\/\"},{\"@type\":\"ListItem\",\"position\":3,\"name\":\"Sidebar\"}]},{\"@type\":\"WebSite\",\"@id\":\"https:\\\/\\\/www.naturalscience.org\\\/#website\",\"url\":\"https:\\\/\\\/www.naturalscience.org\\\/\",\"name\":\"The World Foundation for Natural Science\",\"description\":\"Restoring and Healing the World through Responsibility and Commitment in accord with Natural and Divine Law!\",\"potentialAction\":[{\"@type\":\"SearchAction\",\"target\":{\"@type\":\"EntryPoint\",\"urlTemplate\":\"https:\\\/\\\/www.naturalscience.org\\\/?s={search_term_string}\"},\"query-input\":{\"@type\":\"PropertyValueSpecification\",\"valueRequired\":true,\"valueName\":\"search_term_string\"}}],\"inLanguage\":\"de\"}]}<\/script>\n<!-- \/ Yoast SEO plugin. -->","yoast_head_json":{"title":"Sidebar - The World Foundation for Natural Science","robots":{"index":"index","follow":"follow","max-snippet":"max-snippet:-1","max-image-preview":"max-image-preview:large","max-video-preview":"max-video-preview:-1"},"canonical":"https:\/\/www.naturalscience.org\/de\/kongress-2019\/sidebar\/","schema":{"@context":"https:\/\/schema.org","@graph":[{"@type":"WebPage","@id":"https:\/\/www.naturalscience.org\/de\/kongress-2019\/sidebar\/","url":"https:\/\/www.naturalscience.org\/de\/kongress-2019\/sidebar\/","name":"Sidebar - The World Foundation for Natural Science","isPartOf":{"@id":"https:\/\/www.naturalscience.org\/#website"},"datePublished":"2019-09-23T09:29:22+00:00","dateModified":"2019-10-08T20:18:07+00:00","breadcrumb":{"@id":"https:\/\/www.naturalscience.org\/de\/kongress-2019\/sidebar\/#breadcrumb"},"inLanguage":"de","potentialAction":[{"@type":"ReadAction","target":["https:\/\/www.naturalscience.org\/de\/kongress-2019\/sidebar\/"]}]},{"@type":"BreadcrumbList","@id":"https:\/\/www.naturalscience.org\/de\/kongress-2019\/sidebar\/#breadcrumb","itemListElement":[{"@type":"ListItem","position":1,"name":"Home","item":"https:\/\/www.naturalscience.org\/de\/"},{"@type":"ListItem","position":2,"name":"24. Internationaler \u201eNeuer Wissenschaftlicher Ausblick\u201d Welt-Kongress","item":"https:\/\/www.naturalscience.org\/de\/kongress-2019\/"},{"@type":"ListItem","position":3,"name":"Sidebar"}]},{"@type":"WebSite","@id":"https:\/\/www.naturalscience.org\/#website","url":"https:\/\/www.naturalscience.org\/","name":"The World Foundation for Natural Science","description":"Restoring and Healing the World through Responsibility and Commitment in accord with Natural and Divine Law!","potentialAction":[{"@type":"SearchAction","target":{"@type":"EntryPoint","urlTemplate":"https:\/\/www.naturalscience.org\/?s={search_term_string}"},"query-input":{"@type":"PropertyValueSpecification","valueRequired":true,"valueName":"search_term_string"}}],"inLanguage":"de"}]}},"_links":{"self":[{"href":"https:\/\/www.naturalscience.org\/de\/wp-json\/wp\/v2\/pages\/30926","targetHints":{"allow":["GET"]}}],"collection":[{"href":"https:\/\/www.naturalscience.org\/de\/wp-json\/wp\/v2\/pages"}],"about":[{"href":"https:\/\/www.naturalscience.org\/de\/wp-json\/wp\/v2\/types\/page"}],"author":[{"embeddable":true,"href":"https:\/\/www.naturalscience.org\/de\/wp-json\/wp\/v2\/users\/9"}],"replies":[{"embeddable":true,"href":"https:\/\/www.naturalscience.org\/de\/wp-json\/wp\/v2\/comments?post=30926"}],"version-history":[{"count":23,"href":"https:\/\/www.naturalscience.org\/de\/wp-json\/wp\/v2\/pages\/30926\/revisions"}],"predecessor-version":[{"id":31255,"href":"https:\/\/www.naturalscience.org\/de\/wp-json\/wp\/v2\/pages\/30926\/revisions\/31255"}],"up":[{"embeddable":true,"href":"https:\/\/www.naturalscience.org\/de\/wp-json\/wp\/v2\/pages\/29179"}],"wp:attachment":[{"href":"https:\/\/www.naturalscience.org\/de\/wp-json\/wp\/v2\/media?parent=30926"}],"wp:term":[{"taxonomy":"category","embeddable":true,"href":"https:\/\/www.naturalscience.org\/de\/wp-json\/wp\/v2\/categories?post=30926"}],"curies":[{"name":"wp","href":"https:\/\/api.w.org\/{rel}","templated":true}]}}