{"id":294,"date":"2014-09-30T22:51:07","date_gmt":"2014-09-30T20:51:07","guid":{"rendered":"http:\/\/test.naturalscience.org\/?page_id=294"},"modified":"2016-12-03T14:07:09","modified_gmt":"2016-12-03T13:07:09","slug":"emblem","status":"publish","type":"page","link":"https:\/\/www.naturalscience.org\/de\/ueber-uns\/emblem\/","title":{"rendered":"Emblem"},"content":{"rendered":"<p>Die beiden H\u00e4nde repr\u00e4sentieren die Sch\u00f6pferische Kraft\u2014den Heiligen Scho\u00df\u2014von Mutter Erde, der ALLES LEBEN hervorbringt, wiegt, liebkost, pflegt, n\u00e4hrt, wiederherstellt, belebt, erneuert und umf\u00e4ngt&#8230;.Tiere und V\u00f6gel, Waldungen und W\u00e4lder, Gem\u00fcse und Fr\u00fcchte, Blumen und Pflanzen und Mineralien und alle nat\u00fcrlichen Ressourcen. Zweitens liegt das Schicksal der Erde in UNSEREN H\u00e4nden\u2014in deinen und meinen <span style=\"text-decoration: underline;\">gemeinsam<\/span>\u2014weiblich und m\u00e4nnlich, vereint in <span style=\"text-decoration: underline;\">bereitwilliger<\/span> Zusammenarbeit und \u00dcbereinstimmung und in <span style=\"text-decoration: underline;\">liebender<\/span> Freundschaft, die jedes Missverst\u00e4ndnis transzendiert.<\/p>\n<p><img loading=\"lazy\" decoding=\"async\" class=\"aligncenter wp-image-11841 size-full\" src=\"https:\/\/www.naturalscience.org\/wp-content\/uploads\/2014\/09\/WFNS-Original-Artwork-square-small.jpg\" alt=\"WFNS Original Artwork square small\" width=\"500\" height=\"500\" srcset=\"https:\/\/www.naturalscience.org\/wp-content\/uploads\/2014\/09\/WFNS-Original-Artwork-square-small.jpg 500w, https:\/\/www.naturalscience.org\/wp-content\/uploads\/2014\/09\/WFNS-Original-Artwork-square-small-150x150.jpg 150w, https:\/\/www.naturalscience.org\/wp-content\/uploads\/2014\/09\/WFNS-Original-Artwork-square-small-300x300.jpg 300w\" sizes=\"auto, (max-width: 500px) 100vw, 500px\" \/><br \/>\nDie H\u00e4nde repr\u00e4sentieren auch die beiden komplement\u00e4ren Prinzipien der chinesischen Philosophie, die Einfluss auf das Schicksal nehmen\u2014die <span style=\"text-decoration: underline;\">empfangende<\/span> Hand auf der linken Seite repr\u00e4sentiert das negative (einstr\u00f6mende) und weibliche (einh\u00fcllende) Prinzip des ,Yin\u2018 (chin.: dunkel); die <span style=\"text-decoration: underline;\">gebende<\/span> Hand auf der rechten Seite repr\u00e4sentiert das positive (hinausgehende) und maskuline (sch\u00f6pferische) Prinzip des ,Yang\u2018 (chin.: hell oder licht). Mit anderen Worten, das Schicksal der Erde liegt in unseren H\u00e4nden\u2014deinen und meinen\u2014HEUTE. Die Eichenbl\u00e4tter versinnbildlichen das der Erde entstammende Leben, und die Eicheln symbolisieren das erneuerte und sich ausdehnende Leben.<\/p>\n<p>Die gro\u00dfe Fackel in der Mitte repr\u00e4sentiert das FEUER; der Globus repr\u00e4sentiert die ERDE; die buschige Schleiereule die LUFT; und der Erlenmeyerkolben das WASSER\u2014die vier grundlegenden Elemente. Die Waagschalen befinden sich in vollkommenem Gleichgewicht, und weder der Erlenmeyerkolben noch die Eule lasten auf ihnen. Alles ist uns <span style=\"text-decoration: underline;\">in vollkommenem Gleichgewicht<\/span> gegeben worden, und es ist unsere Aufgabe, die Natur so zu erhalten. Alles in der Natur hat seinen Platz; es kann nicht das eine gegen das andere aufgewogen werden. Es gibt eine Notwendigkeit f\u00fcr Chemikalien, genauso wie es eine Notwendigkeit f\u00fcr Eulen gibt. Man kann in der Natur nicht eine einzige Sache auf Kosten einer anderen entwickeln. <span style=\"text-decoration: underline;\">Alles<\/span> muss ,gewichtet\u2018 und ber\u00fccksichtigt werden, wenn mit der Natur gearbeitet wird. Die Waage, deren Waagschalen von zwei Zirkeln gehalten werden, symbolisiert drei Grundprinzipien:<\/p>\n<ol>\n<li>Gerechtigkeit und Fairness des Gesetzes f\u00fcr alles, was auf dem Planeten Atem und Leben hat&#8230;&#8230;<\/li>\n<li>Die achtsame, ausgewogene Objektivit\u00e4t, mit der in der Welt der Wissenschaft alles Leben untersucht und analysiert werden muss, eingedenk der Tatsache, dass, was du untersuchst oder zu entwickeln oder zu \u00e4ndern vorschl\u00e4gst, bereits mit irgendeinem anderen Teil der Natur <span style=\"text-decoration: underline;\">im Gleichgewicht<\/span> ist&#8230;..<\/li>\n<li>Die Fackel repr\u00e4sentiert uns. Die beiden Waagschalen sind in der Mitte durch ein sinnbildliches gemeinsames Joch verbunden, welches das Gewicht der Verantwortlichkeit symbolisiert, das auf <span style=\"text-decoration: underline;\">unseren<\/span> individuellen und kollektiven Schultern liegt, <span style=\"text-decoration: underline;\">VERANTWORTUNGSBEWUSST ZU HANDELN<\/span>, <em>hin zu<\/em> und <em><span style=\"text-decoration: underline;\">MIT<\/span><\/em> DER NATUR. Es ist ein privilegiertes, von Gott gegebenes Mandat, aber nichtsdestoweniger eine gro\u00dfe B\u00fcrde, und wir haben keine andere Wahl, als diese B\u00fcrde auf uns zu nehmen, wenn wir ALLE \u00fcberleben wollen&#8230;&#8230;<\/li>\n<\/ol>\n<p>So laden wir Sie herzlich ein, die Verantwortung, die wir alle gegen\u00fcber dem Leben haben, gemeinsam mit uns wahrzunehmen und <a title=\"Mitgliedschaft\" href=\"https:\/\/www.naturalscience.org\/de\/ueber-uns\/mitgliedschaft\/\">Mitglied<\/a> bei The World Foundation for Natural Science zu werden. Danke, dass Sie uns dabei helfen, diesen Planeten zu einem besseren Ort f\u00fcr alles Leben zu machen.<\/p>\n","protected":false},"excerpt":{"rendered":"Die beiden H\u00e4nde repr\u00e4sentieren die Sch\u00f6pferische Kraft\u2014den Heiligen Scho\u00df\u2014von Mutter Erde, der ALLES LEBEN hervorbringt, wiegt, liebkost, pflegt, n\u00e4hrt, wiederherstellt, belebt, erneuert und umf\u00e4ngt&#8230;.Tiere und V\u00f6gel, Waldungen und W\u00e4lder, Gem\u00fcse und Fr\u00fcchte, Blumen und Pflanzen und Mineralien und alle nat\u00fcrlichen Ressourcen. Zweitens liegt das Schicksal der Erde in UNSEREN H\u00e4nden\u2014in deinen und meinen gemeinsam\u2014weiblich und [&hellip;]","protected":false},"author":9,"featured_media":0,"parent":168,"menu_order":58,"comment_status":"closed","ping_status":"closed","template":"","meta":{"_acf_changed":false,"ngg_post_thumbnail":0,"footnotes":""},"categories":[],"class_list":["post-294","page","type-page","status-publish","hentry","wpautop"],"acf":[],"yoast_head":"<!-- This site is optimized with the Yoast SEO plugin v27.6 - https:\/\/yoast.com\/product\/yoast-seo-wordpress\/ -->\n<title>Emblem - The World Foundation for Natural Science<\/title>\n<meta name=\"robots\" content=\"index, follow, max-snippet:-1, max-image-preview:large, max-video-preview:-1\" \/>\n<link rel=\"canonical\" href=\"https:\/\/www.naturalscience.org\/de\/ueber-uns\/emblem\/\" \/>\n<meta name=\"twitter:label1\" content=\"Gesch\u00e4tzte Lesezeit\" \/>\n\t<meta name=\"twitter:data1\" content=\"3\u00a0Minuten\" \/>\n<script type=\"application\/ld+json\" class=\"yoast-schema-graph\">{\"@context\":\"https:\\\/\\\/schema.org\",\"@graph\":[{\"@type\":\"WebPage\",\"@id\":\"https:\\\/\\\/www.naturalscience.org\\\/de\\\/ueber-uns\\\/emblem\\\/\",\"url\":\"https:\\\/\\\/www.naturalscience.org\\\/de\\\/ueber-uns\\\/emblem\\\/\",\"name\":\"Emblem - The World Foundation for Natural Science\",\"isPartOf\":{\"@id\":\"https:\\\/\\\/www.naturalscience.org\\\/#website\"},\"primaryImageOfPage\":{\"@id\":\"https:\\\/\\\/www.naturalscience.org\\\/de\\\/ueber-uns\\\/emblem\\\/#primaryimage\"},\"image\":{\"@id\":\"https:\\\/\\\/www.naturalscience.org\\\/de\\\/ueber-uns\\\/emblem\\\/#primaryimage\"},\"thumbnailUrl\":\"https:\\\/\\\/www.naturalscience.org\\\/wp-content\\\/uploads\\\/2014\\\/09\\\/WFNS-Original-Artwork-square-small.jpg\",\"datePublished\":\"2014-09-30T20:51:07+00:00\",\"dateModified\":\"2016-12-03T13:07:09+00:00\",\"breadcrumb\":{\"@id\":\"https:\\\/\\\/www.naturalscience.org\\\/de\\\/ueber-uns\\\/emblem\\\/#breadcrumb\"},\"inLanguage\":\"de\",\"potentialAction\":[{\"@type\":\"ReadAction\",\"target\":[\"https:\\\/\\\/www.naturalscience.org\\\/de\\\/ueber-uns\\\/emblem\\\/\"]}]},{\"@type\":\"ImageObject\",\"inLanguage\":\"de\",\"@id\":\"https:\\\/\\\/www.naturalscience.org\\\/de\\\/ueber-uns\\\/emblem\\\/#primaryimage\",\"url\":\"https:\\\/\\\/www.naturalscience.org\\\/wp-content\\\/uploads\\\/2014\\\/09\\\/WFNS-Original-Artwork-square-small.jpg\",\"contentUrl\":\"https:\\\/\\\/www.naturalscience.org\\\/wp-content\\\/uploads\\\/2014\\\/09\\\/WFNS-Original-Artwork-square-small.jpg\"},{\"@type\":\"BreadcrumbList\",\"@id\":\"https:\\\/\\\/www.naturalscience.org\\\/de\\\/ueber-uns\\\/emblem\\\/#breadcrumb\",\"itemListElement\":[{\"@type\":\"ListItem\",\"position\":1,\"name\":\"Home\",\"item\":\"https:\\\/\\\/www.naturalscience.org\\\/de\\\/\"},{\"@type\":\"ListItem\",\"position\":2,\"name\":\"\u00dcber uns\",\"item\":\"https:\\\/\\\/www.naturalscience.org\\\/de\\\/ueber-uns\\\/\"},{\"@type\":\"ListItem\",\"position\":3,\"name\":\"Emblem\"}]},{\"@type\":\"WebSite\",\"@id\":\"https:\\\/\\\/www.naturalscience.org\\\/#website\",\"url\":\"https:\\\/\\\/www.naturalscience.org\\\/\",\"name\":\"The World Foundation for Natural Science\",\"description\":\"Restoring and Healing the World through Responsibility and Commitment in accord with Natural and Divine Law!\",\"potentialAction\":[{\"@type\":\"SearchAction\",\"target\":{\"@type\":\"EntryPoint\",\"urlTemplate\":\"https:\\\/\\\/www.naturalscience.org\\\/?s={search_term_string}\"},\"query-input\":{\"@type\":\"PropertyValueSpecification\",\"valueRequired\":true,\"valueName\":\"search_term_string\"}}],\"inLanguage\":\"de\"}]}<\/script>\n<!-- \/ Yoast SEO plugin. -->","yoast_head_json":{"title":"Emblem - The World Foundation for Natural Science","robots":{"index":"index","follow":"follow","max-snippet":"max-snippet:-1","max-image-preview":"max-image-preview:large","max-video-preview":"max-video-preview:-1"},"canonical":"https:\/\/www.naturalscience.org\/de\/ueber-uns\/emblem\/","twitter_misc":{"Gesch\u00e4tzte Lesezeit":"3\u00a0Minuten"},"schema":{"@context":"https:\/\/schema.org","@graph":[{"@type":"WebPage","@id":"https:\/\/www.naturalscience.org\/de\/ueber-uns\/emblem\/","url":"https:\/\/www.naturalscience.org\/de\/ueber-uns\/emblem\/","name":"Emblem - The World Foundation for Natural Science","isPartOf":{"@id":"https:\/\/www.naturalscience.org\/#website"},"primaryImageOfPage":{"@id":"https:\/\/www.naturalscience.org\/de\/ueber-uns\/emblem\/#primaryimage"},"image":{"@id":"https:\/\/www.naturalscience.org\/de\/ueber-uns\/emblem\/#primaryimage"},"thumbnailUrl":"https:\/\/www.naturalscience.org\/wp-content\/uploads\/2014\/09\/WFNS-Original-Artwork-square-small.jpg","datePublished":"2014-09-30T20:51:07+00:00","dateModified":"2016-12-03T13:07:09+00:00","breadcrumb":{"@id":"https:\/\/www.naturalscience.org\/de\/ueber-uns\/emblem\/#breadcrumb"},"inLanguage":"de","potentialAction":[{"@type":"ReadAction","target":["https:\/\/www.naturalscience.org\/de\/ueber-uns\/emblem\/"]}]},{"@type":"ImageObject","inLanguage":"de","@id":"https:\/\/www.naturalscience.org\/de\/ueber-uns\/emblem\/#primaryimage","url":"https:\/\/www.naturalscience.org\/wp-content\/uploads\/2014\/09\/WFNS-Original-Artwork-square-small.jpg","contentUrl":"https:\/\/www.naturalscience.org\/wp-content\/uploads\/2014\/09\/WFNS-Original-Artwork-square-small.jpg"},{"@type":"BreadcrumbList","@id":"https:\/\/www.naturalscience.org\/de\/ueber-uns\/emblem\/#breadcrumb","itemListElement":[{"@type":"ListItem","position":1,"name":"Home","item":"https:\/\/www.naturalscience.org\/de\/"},{"@type":"ListItem","position":2,"name":"\u00dcber uns","item":"https:\/\/www.naturalscience.org\/de\/ueber-uns\/"},{"@type":"ListItem","position":3,"name":"Emblem"}]},{"@type":"WebSite","@id":"https:\/\/www.naturalscience.org\/#website","url":"https:\/\/www.naturalscience.org\/","name":"The World Foundation for Natural Science","description":"Restoring and Healing the World through Responsibility and Commitment in accord with Natural and Divine Law!","potentialAction":[{"@type":"SearchAction","target":{"@type":"EntryPoint","urlTemplate":"https:\/\/www.naturalscience.org\/?s={search_term_string}"},"query-input":{"@type":"PropertyValueSpecification","valueRequired":true,"valueName":"search_term_string"}}],"inLanguage":"de"}]}},"_links":{"self":[{"href":"https:\/\/www.naturalscience.org\/de\/wp-json\/wp\/v2\/pages\/294","targetHints":{"allow":["GET"]}}],"collection":[{"href":"https:\/\/www.naturalscience.org\/de\/wp-json\/wp\/v2\/pages"}],"about":[{"href":"https:\/\/www.naturalscience.org\/de\/wp-json\/wp\/v2\/types\/page"}],"author":[{"embeddable":true,"href":"https:\/\/www.naturalscience.org\/de\/wp-json\/wp\/v2\/users\/9"}],"replies":[{"embeddable":true,"href":"https:\/\/www.naturalscience.org\/de\/wp-json\/wp\/v2\/comments?post=294"}],"version-history":[{"count":5,"href":"https:\/\/www.naturalscience.org\/de\/wp-json\/wp\/v2\/pages\/294\/revisions"}],"predecessor-version":[{"id":22889,"href":"https:\/\/www.naturalscience.org\/de\/wp-json\/wp\/v2\/pages\/294\/revisions\/22889"}],"up":[{"embeddable":true,"href":"https:\/\/www.naturalscience.org\/de\/wp-json\/wp\/v2\/pages\/168"}],"wp:attachment":[{"href":"https:\/\/www.naturalscience.org\/de\/wp-json\/wp\/v2\/media?parent=294"}],"wp:term":[{"taxonomy":"category","embeddable":true,"href":"https:\/\/www.naturalscience.org\/de\/wp-json\/wp\/v2\/categories?post=294"}],"curies":[{"name":"wp","href":"https:\/\/api.w.org\/{rel}","templated":true}]}}