{"id":292,"date":"2014-09-30T22:50:58","date_gmt":"2014-09-30T20:50:58","guid":{"rendered":"http:\/\/test.naturalscience.org\/?page_id=292"},"modified":"2024-05-17T09:45:56","modified_gmt":"2024-05-17T07:45:56","slug":"organisation","status":"publish","type":"page","link":"https:\/\/www.naturalscience.org\/de\/ueber-uns\/organisation\/","title":{"rendered":"Organisation"},"content":{"rendered":"<h2>Welthauptsitz<\/h2>\n<p><strong>Unser Welthauptsitz befindet sich in Washington DC, der Hauptstadt der USA<\/strong>. Von hier aus erfolgt die strategische Ausrichtung f\u00fcr The World Foundation for Natural Science, die in enger Zusammenarbeit mit dem Europ\u00e4ischen Hauptsitz umgesetzt wird.<\/p>\n<p>The World Foundation for Natural Science<br \/>\nWorld Headquarters<br \/>\nPost Office Drawer 16900<br \/>\nWashington, DC 20041<br \/>\nU.S.A.<br \/>\nPhone +1(703)631-1408<br \/>\nFax +1(703)631-1919<br \/>\nE-mail <a href=\"mailto:hq@naturalscience.org\">HQ@NATURALSCIENCE.org<\/a><\/p>\n<h2>Europ\u00e4ischer Hauptsitz<\/h2>\n<p><strong>Unser Europ\u00e4ischer Hauptsitz befindet sich in Luzern, im Herzen von Europa<\/strong>. Von hier aus koordinieren wir, in enger Zusammenarbeit mit den einzelnen L\u00e4nderb\u00fcros und entsprechenden Fachleuten, unsere Aktivit\u00e4ten und Veranstaltungen. Dabei werden wir von vielen Mitgliedern ehrenamtlich unterst\u00fctzt.<\/p>\n<p>The World Foundation for Natural Science<br \/>\nEurop\u00e4ischer Hauptsitz<br \/>\nPostfach<br \/>\n6000 Luzern 7<br \/>\nSchweiz<br \/>\nTel. +41(41)798-0398<br \/>\nFax +41(41)798-0399<br \/>\nE-Mail <a href=\"mailto:eu-hq@naturalscience.org\">EU-HQ@NATURALSCIENCE.org<\/a><\/p>\n<h2>L\u00e4nderb\u00fcros<\/h2>\n<p><strong>In folgenden L\u00e4ndern ist The World Foundation for Natural Science mit offiziellen B\u00fcros vertreten.<\/strong><\/p>\n<p>Falls sich in Ihrem Heimatland eine solche Niederlassung befindet, wenden Sie sich mit Ihren Fragen und Anliegen bitte direkt an den zust\u00e4ndigen Repr\u00e4sentanten.<\/p>\n<ul class=\"small-block-grid-1 medium-block-grid-2\">\n<li>\n<h3>B\u00fcro f\u00fcr die Schweiz<\/h3>\n<p>The World Foundation for Natural Science<br \/>\nB\u00fcro f\u00fcr die Schweiz<br \/>\nPostfach<br \/>\n6000 Luzern 7<br \/>\nSchweiz<br \/>\nTel. +41(41)798-0398<br \/>\nFax +41(41)798-0399<br \/>\nE-Mail <a href=\"mailto:eu-hq@naturalscience.org\">EU-HQ@NATURALSCIENCE.org<\/a><\/li>\n<li>\n<h3>B\u00fcro f\u00fcr Deutschland<\/h3>\n<p>The World Foundation for Natural Science<br \/>\nB\u00fcro f\u00fcr Deutschland<br \/>\nPostfach 1109<br \/>\n95146 Selbitz<br \/>\nDeutschland<br \/>\nTel. +49(9292)727-9985<br \/>\nE-Mail <a href=\"mailto:de-office@naturalscience.org\">DE-Office@NATURALSCIENCE.org<\/a><\/li>\n<li>\n<h3>B\u00fcro f\u00fcr \u00d6sterreich<\/h3>\n<p>The World Foundation for Natural Science<br \/>\nPostfach 14<br \/>\n4040 Linz<br \/>\n\u00d6sterreich<br \/>\nTel. +43(7239)510-80<br \/>\nE-Mail <a href=\"mailto:at-office@naturalscience.org\">AT-Office@NATURALSCIENCE.org<\/a><\/li>\n<\/ul>\n","protected":false},"excerpt":{"rendered":"Welthauptsitz Unser Welthauptsitz befindet sich in Washington DC, der Hauptstadt der USA. Von hier aus erfolgt die strategische Ausrichtung f\u00fcr The World Foundation for Natural Science, die in enger Zusammenarbeit mit dem Europ\u00e4ischen Hauptsitz umgesetzt wird. The World Foundation for Natural Science World Headquarters Post Office Drawer 16900 Washington, DC 20041 U.S.A. Phone +1(703)631-1408 Fax [&hellip;]","protected":false},"author":9,"featured_media":0,"parent":168,"menu_order":61,"comment_status":"closed","ping_status":"closed","template":"","meta":{"_acf_changed":false,"ngg_post_thumbnail":0,"footnotes":""},"categories":[],"class_list":["post-292","page","type-page","status-publish","hentry","wpautop"],"acf":[],"yoast_head":"<!-- This site is optimized with the Yoast SEO plugin v27.5 - https:\/\/yoast.com\/product\/yoast-seo-wordpress\/ -->\n<title>Organisation - The World Foundation for Natural Science<\/title>\n<meta name=\"robots\" content=\"index, follow, max-snippet:-1, max-image-preview:large, max-video-preview:-1\" \/>\n<link rel=\"canonical\" href=\"https:\/\/www.naturalscience.org\/de\/ueber-uns\/organisation\/\" \/>\n<meta name=\"twitter:label1\" content=\"Gesch\u00e4tzte Lesezeit\" \/>\n\t<meta name=\"twitter:data1\" content=\"1\u00a0Minute\" \/>\n<script type=\"application\/ld+json\" class=\"yoast-schema-graph\">{\"@context\":\"https:\\\/\\\/schema.org\",\"@graph\":[{\"@type\":\"WebPage\",\"@id\":\"https:\\\/\\\/www.naturalscience.org\\\/de\\\/ueber-uns\\\/organisation\\\/\",\"url\":\"https:\\\/\\\/www.naturalscience.org\\\/de\\\/ueber-uns\\\/organisation\\\/\",\"name\":\"Organisation - The World Foundation for Natural Science\",\"isPartOf\":{\"@id\":\"https:\\\/\\\/www.naturalscience.org\\\/#website\"},\"datePublished\":\"2014-09-30T20:50:58+00:00\",\"dateModified\":\"2024-05-17T07:45:56+00:00\",\"breadcrumb\":{\"@id\":\"https:\\\/\\\/www.naturalscience.org\\\/de\\\/ueber-uns\\\/organisation\\\/#breadcrumb\"},\"inLanguage\":\"de\",\"potentialAction\":[{\"@type\":\"ReadAction\",\"target\":[\"https:\\\/\\\/www.naturalscience.org\\\/de\\\/ueber-uns\\\/organisation\\\/\"]}]},{\"@type\":\"BreadcrumbList\",\"@id\":\"https:\\\/\\\/www.naturalscience.org\\\/de\\\/ueber-uns\\\/organisation\\\/#breadcrumb\",\"itemListElement\":[{\"@type\":\"ListItem\",\"position\":1,\"name\":\"Home\",\"item\":\"https:\\\/\\\/www.naturalscience.org\\\/de\\\/\"},{\"@type\":\"ListItem\",\"position\":2,\"name\":\"\u00dcber uns\",\"item\":\"https:\\\/\\\/www.naturalscience.org\\\/de\\\/ueber-uns\\\/\"},{\"@type\":\"ListItem\",\"position\":3,\"name\":\"Organisation\"}]},{\"@type\":\"WebSite\",\"@id\":\"https:\\\/\\\/www.naturalscience.org\\\/#website\",\"url\":\"https:\\\/\\\/www.naturalscience.org\\\/\",\"name\":\"The World Foundation for Natural Science\",\"description\":\"Restoring and Healing the World through Responsibility and Commitment in accord with Natural and Divine Law!\",\"potentialAction\":[{\"@type\":\"SearchAction\",\"target\":{\"@type\":\"EntryPoint\",\"urlTemplate\":\"https:\\\/\\\/www.naturalscience.org\\\/?s={search_term_string}\"},\"query-input\":{\"@type\":\"PropertyValueSpecification\",\"valueRequired\":true,\"valueName\":\"search_term_string\"}}],\"inLanguage\":\"de\"}]}<\/script>\n<!-- \/ Yoast SEO plugin. -->","yoast_head_json":{"title":"Organisation - The World Foundation for Natural Science","robots":{"index":"index","follow":"follow","max-snippet":"max-snippet:-1","max-image-preview":"max-image-preview:large","max-video-preview":"max-video-preview:-1"},"canonical":"https:\/\/www.naturalscience.org\/de\/ueber-uns\/organisation\/","twitter_misc":{"Gesch\u00e4tzte Lesezeit":"1\u00a0Minute"},"schema":{"@context":"https:\/\/schema.org","@graph":[{"@type":"WebPage","@id":"https:\/\/www.naturalscience.org\/de\/ueber-uns\/organisation\/","url":"https:\/\/www.naturalscience.org\/de\/ueber-uns\/organisation\/","name":"Organisation - The World Foundation for Natural Science","isPartOf":{"@id":"https:\/\/www.naturalscience.org\/#website"},"datePublished":"2014-09-30T20:50:58+00:00","dateModified":"2024-05-17T07:45:56+00:00","breadcrumb":{"@id":"https:\/\/www.naturalscience.org\/de\/ueber-uns\/organisation\/#breadcrumb"},"inLanguage":"de","potentialAction":[{"@type":"ReadAction","target":["https:\/\/www.naturalscience.org\/de\/ueber-uns\/organisation\/"]}]},{"@type":"BreadcrumbList","@id":"https:\/\/www.naturalscience.org\/de\/ueber-uns\/organisation\/#breadcrumb","itemListElement":[{"@type":"ListItem","position":1,"name":"Home","item":"https:\/\/www.naturalscience.org\/de\/"},{"@type":"ListItem","position":2,"name":"\u00dcber uns","item":"https:\/\/www.naturalscience.org\/de\/ueber-uns\/"},{"@type":"ListItem","position":3,"name":"Organisation"}]},{"@type":"WebSite","@id":"https:\/\/www.naturalscience.org\/#website","url":"https:\/\/www.naturalscience.org\/","name":"The World Foundation for Natural Science","description":"Restoring and Healing the World through Responsibility and Commitment in accord with Natural and Divine Law!","potentialAction":[{"@type":"SearchAction","target":{"@type":"EntryPoint","urlTemplate":"https:\/\/www.naturalscience.org\/?s={search_term_string}"},"query-input":{"@type":"PropertyValueSpecification","valueRequired":true,"valueName":"search_term_string"}}],"inLanguage":"de"}]}},"_links":{"self":[{"href":"https:\/\/www.naturalscience.org\/de\/wp-json\/wp\/v2\/pages\/292","targetHints":{"allow":["GET"]}}],"collection":[{"href":"https:\/\/www.naturalscience.org\/de\/wp-json\/wp\/v2\/pages"}],"about":[{"href":"https:\/\/www.naturalscience.org\/de\/wp-json\/wp\/v2\/types\/page"}],"author":[{"embeddable":true,"href":"https:\/\/www.naturalscience.org\/de\/wp-json\/wp\/v2\/users\/9"}],"replies":[{"embeddable":true,"href":"https:\/\/www.naturalscience.org\/de\/wp-json\/wp\/v2\/comments?post=292"}],"version-history":[{"count":26,"href":"https:\/\/www.naturalscience.org\/de\/wp-json\/wp\/v2\/pages\/292\/revisions"}],"predecessor-version":[{"id":40473,"href":"https:\/\/www.naturalscience.org\/de\/wp-json\/wp\/v2\/pages\/292\/revisions\/40473"}],"up":[{"embeddable":true,"href":"https:\/\/www.naturalscience.org\/de\/wp-json\/wp\/v2\/pages\/168"}],"wp:attachment":[{"href":"https:\/\/www.naturalscience.org\/de\/wp-json\/wp\/v2\/media?parent=292"}],"wp:term":[{"taxonomy":"category","embeddable":true,"href":"https:\/\/www.naturalscience.org\/de\/wp-json\/wp\/v2\/categories?post=292"}],"curies":[{"name":"wp","href":"https:\/\/api.w.org\/{rel}","templated":true}]}}