{"id":284,"date":"2014-09-30T22:50:06","date_gmt":"2014-09-30T20:50:06","guid":{"rendered":"http:\/\/test.naturalscience.org\/?page_id=284"},"modified":"2022-12-30T11:03:29","modified_gmt":"2022-12-30T10:03:29","slug":"natuerliche-geburt","status":"publish","type":"page","link":"https:\/\/www.naturalscience.org\/de\/themen\/gesundheit\/natuerliche-geburt\/","title":{"rendered":"Nat\u00fcrliche Geburt"},"content":{"rendered":"<p><img loading=\"lazy\" decoding=\"async\" class=\"alignright wp-image-9346\" src=\"https:\/\/www.naturalscience.org\/wp-content\/uploads\/2014\/09\/Nat\u00fcrliche-Geburt-2-300x300.jpg\" alt=\"Nat\u00fcrliche Geburt\" width=\"211\" height=\"212\" srcset=\"https:\/\/www.naturalscience.org\/wp-content\/uploads\/2014\/09\/Nat\u00fcrliche-Geburt-2-300x300.jpg 300w, https:\/\/www.naturalscience.org\/wp-content\/uploads\/2014\/09\/Nat\u00fcrliche-Geburt-2-164x164.jpg 164w, https:\/\/www.naturalscience.org\/wp-content\/uploads\/2014\/09\/Nat\u00fcrliche-Geburt-2-1024x1024.jpg 1024w, https:\/\/www.naturalscience.org\/wp-content\/uploads\/2014\/09\/Nat\u00fcrliche-Geburt-2-200x200.jpg 200w\" sizes=\"auto, (max-width: 211px) 100vw, 211px\" \/><\/p>\n<p>Die moderne Geburtshilfe hat sich zu einer Geburtsmedizin entwickelt, die den nat\u00fcrlichen Prozess von Schwangerschaft und Geburt durch \u00fcberm\u00e4ssige, medizinisch-technische \u00dcberwachung kontrolliert und durch meist unn\u00f6tiges Eingreifen manipuliert.<\/p>\n<p><strong>Durch Angst und Ungeduld werden so h\u00e4ufig Komplikationen provoziert, die den Geburtsprozess riskant machen<\/strong> und den Eindruck entstehen lassen, dass die Geburt eines Kindes etwas Gef\u00e4hrliches sei. <strong>Folgedessen endet heute jede dritte Geburt, in einigen L\u00e4ndern sogar jede zweite, mit einem Kaiserschnitt, der risikoreichsten aller Geburtsformen.<\/strong><\/p>\n<div class=\"content-box green-1 width-40 left\">\n<div class=\"content-box-title\">Praktische Tipps f\u00fcr eine nat\u00fcrliche Geburt:<\/div>\n<div class=\"content-box-body\">\n<ul>\n<li>Besuchen Sie bereits zu Beginn der Schwangerschaft eine erfahrene Hebamme, die Sie w\u00e4hrend der Schwangerschaft begleiten kann, bei der Vorbereitung auf die Geburt hilft und Sie bei Bedarf an den Gyn\u00e4kologen verweist.<\/li>\n<li>Verlangen Sie, dass Ultraschalluntersuchungen nur bei notwendiger Indikation eingesetzt werden&#8230; <span class=\"more\"><i class=\"fa fa-angle-right \" ><\/i> <a title=\"Was Sie f\u00fcr eine Nat\u00fcrliche Geburt tun k\u00f6nnen\" href=\"https:\/\/www.naturalscience.org\/de\/themen\/gesundheit\/natuerliche-geburt\/was-sie-fuer-eine-natuerliche-geburt-tun-koennen\/\">mehr<\/a><\/span><\/li>\n<\/ul>\n<\/div>\n<\/div>\n<p>Eltern und Kind sollten mit Liebe und Vertrauen durch die Schwangerschaft begleitet, auf die Geburt vorbereitet und von f\u00e4higen Hebammen und Geburtshelfern beim Geburtsprozess unterst\u00fctzt werden. Die nat\u00fcrliche Kompetenz des Kindes und der Mutter f\u00fcr die Geburt gilt es in jedem Moment wieder zu st\u00e4rken und zu respektieren. Dann ist eine nat\u00fcrliche, harmonische Geburt m\u00f6glich, was sich pr\u00e4gend auf das ganze Leben auswirkt.<\/p>\n<p><strong>Neuste wissenschaftliche Erkenntnisse aus der Verhaltensforschung, der Neurobiologie und der Gehirnforschung zeigen, welch essentielle Bedeutung eine nat\u00fcrliche Geburt f\u00fcr das Bonding zwischen Eltern und Kind hat.<\/strong> Besonders die Bindungsprozesse zwischen Mutter und Kind w\u00e4hrend und nach einer vaginalen Geburt sind von h\u00f6chster Wichtigkeit f\u00fcr die Entwicklung und Funktion der Herz-Gehirn-Verbindung des Neugeborenen f\u00fcr lebenslanges, intelligentes Lernen. <strong>Ebenso wird die Grundlage f\u00fcr ein starkes Immunsystem und damit f\u00fcr die physische und geistige Gesundheit eines Menschen gelegt.<\/strong><\/p>\n<p>The World Foundation for Natural Science f\u00fchrt immer wieder Vortr\u00e4ge oder Seminare zum Thema \u201cNat\u00fcrliche Geburt\u201d durch. Aktuelle Ausschreibungen finden Sie in unserem <a title=\"Veranstaltungskalender\" href=\"https:\/\/www.naturalscience.org\/de\/veranstaltungskalender\/\">Veranstaltungskalender<\/a>.<\/p>\n<p>&nbsp;<\/p>\n\n            <div class=\"publication-list hide-for-print\">\r\n                <div class=\"row\">\r\n                    <div class=\"small-24 columns \">\r\n                        <div class=\"title\">Publikationen<\/div>\r\n\r\n\t\t\t\t\t\t\t\t\t\t\t\t\t\r\n\r\n<article class=\"row collapse all publication-item gesundheit natuerliche-geburt  film wfns\">\r\n\r\n\t<div class=\"cover medium-7 columns\">\r\n\t\t<a href=\"https:\/\/www.naturalscience.org\/de\/publikationen\/der-kaiserschnitt-ein-stoerenfried-fuer-die-geburt-ein-gott-gegebener-vorgang\/\">\r\n\t\t\t<img loading=\"lazy\" decoding=\"async\" src=\"https:\/\/www.naturalscience.org\/wp-content\/uploads\/2016\/06\/Ceasarean-birth-DE-300x169.png\" width=\"300\" height=\"169\">\t\t<\/a>\r\n\t<\/div>\r\n\r\n\t<div class=\"text medium-17 columns\">\r\n\r\n\t\t<div class=\"type\">\r\n\t\t\tFilm\t\t<\/div>\r\n\r\n\t\t<div class=\"name\">\r\n\t\t\t<a href=\"https:\/\/www.naturalscience.org\/de\/publikationen\/der-kaiserschnitt-ein-stoerenfried-fuer-die-geburt-ein-gott-gegebener-vorgang\/\">Der Kaiserschnitt: Ein St\u00f6renfried f\u00fcr die Geburt &#8211; Ein Gott-gegebener Vorgang!<\/a>\r\n\t\t<\/div>\r\n\r\n\t\t<p class=\"description\">\r\n\t\t\tIn den letzten 20 Jahren hat sich die Kaiserschnittrate in unserer zivilisierten Welt mehr als verdoppelt. Welche Geburtsart die Mutter w\u00e4hlt, beeinflusst jedoch wesentlich die Gesundheit des Neugeborenen. Im Gegensatz zur nat\u00fcrlichen Geburt, fehlt beim Kaiserschnitt die Weitergabe lebenswichtiger Mikroorganismen von der Mutter zum Kind. Harman und Wakeford, selbst erfahrene Eltern, pr\u00e4sentieren aufgrund ihrer pers\u00f6nlichen Erlebnisse und Erfahrungen, was bei einer nat\u00fcrlichen Geburt geschieht, welche Auswirkungen ein Kaiserschnitt auf zuk\u00fcnftige Generationen hat und was man machen kann, wenn ein Kaiserschnitt unumg\u00e4nglich ist!\t\t<\/p>\r\n\r\n\t\t<div class=\"buttons\">\r\n\t\t\t<div class=\"row collapse\">\r\n\t\t\t\t\t\t\t\t\t<div class=\"small-24 medium-9 columns\">\r\n\t\t\t\t\t\t<a href=\"https:\/\/www.naturalscience.org\/de\/publikationen\/der-kaiserschnitt-ein-stoerenfried-fuer-die-geburt-ein-gott-gegebener-vorgang\/\" class=\"button radius primary small\">\r\n\t\t\t\t\t\t\t<i class=\"fa fa-play\"><\/i>&nbsp;&nbsp;Video ansehen\t\t\t\t\t\t<\/a>\r\n\t\t\t\t\t<\/div>\r\n\t\t\t\t\r\n\r\n\t\t\t<\/div>\r\n\t\t<\/div>\r\n\r\n\t<\/div>\r\n<\/article>\t\t\t\t\t\t\t\t\t\t\t\t\t\r\n\r\n<article class=\"row collapse all publication-item gesundheit natuerliche-geburt  slides wfns\">\r\n\r\n\t<div class=\"cover medium-7 columns\">\r\n\t\t<a href=\"https:\/\/www.naturalscience.org\/de\/publikationen\/natuerliche-geburt-ein-gesunder-start-in-ein-neues-und-verheissungsvolles-leben\/\">\r\n\t\t\t<img loading=\"lazy\" decoding=\"async\" src=\"https:\/\/www.naturalscience.org\/wp-content\/uploads\/2015\/05\/Nat\u00fcrliche-Geburt-Ein-gesunder-Start-in-ein-neues-und-verhei\u00dfungsvolles-Leben-Cover-300x225.jpg\" width=\"300\" height=\"225\">\t\t<\/a>\r\n\t<\/div>\r\n\r\n\t<div class=\"text medium-17 columns\">\r\n\r\n\t\t<div class=\"type\">\r\n\t\t\tPr\u00e4sentationsfolien\t\t<\/div>\r\n\r\n\t\t<div class=\"name\">\r\n\t\t\t<a href=\"https:\/\/www.naturalscience.org\/de\/publikationen\/natuerliche-geburt-ein-gesunder-start-in-ein-neues-und-verheissungsvolles-leben\/\">Nat\u00fcrliche Geburt\u2014Ein gesunder Start in ein neues und verhei\u00dfungsvolles Leben!<\/a>\r\n\t\t<\/div>\r\n\r\n\t\t<p class=\"description\">\r\n\t\t\tPr\u00e4sentationsfolien des 19. Internationalen \"Neuer Wissenschaftlicher Ausblick\" Welt-Kongress von The World Foundation for Natural Science \u00fcber das Thema \"Nat\u00fcrliche Geburt Ein gesunder Start in ein neues und verhei\u00dfungsvolles Leben!\"\t\t<\/p>\r\n\r\n\t\t<div class=\"buttons\">\r\n\t\t\t<div class=\"row collapse\">\r\n\t\t\t\t\t\t\t\t\t<div class=\"small-24 columns\">\r\n\t\t\t\t\t\t<a href=\"https:\/\/www.naturalscience.org\/de\/publikationen\/natuerliche-geburt-ein-gesunder-start-in-ein-neues-und-verheissungsvolles-leben\/\" class=\"button radius primary small\">\r\n\t\t\t\t\t\t\t<i class=\"fa fa-play\"><\/i>&nbsp;&nbsp;Pr\u00e4sentationsfolien ansehen\t\t\t\t\t\t<\/a>\r\n\t\t\t\t\t<\/div>\r\n\t\t\t\t\r\n\r\n\t\t\t<\/div>\r\n\t\t<\/div>\r\n\r\n\t<\/div>\r\n<\/article>\t\t\t\t\t\t\t\t\t\t\t\t\t\r\n\r\n<article class=\"row collapse all publication-item natuerliche-geburt  article external\">\r\n\r\n\t<div class=\"cover medium-7 columns\">\r\n\t\t<a href=\"https:\/\/www.naturalscience.org\/de\/publikationen\/plaedoyer-fuer-eine-natuerliche-geburtshilfe-ohne-routine-ultraschall\/\">\r\n\t\t\t<img loading=\"lazy\" decoding=\"async\" src=\"https:\/\/www.naturalscience.org\/wp-content\/uploads\/2014\/11\/die-hebamme_pl\u00e4doyer-f\u00fcr-eine-nat\u00fcrliche-geburtshilfe-ohne-ultraschall-224x300.jpg\" width=\"224\" height=\"300\">\t\t<\/a>\r\n\t<\/div>\r\n\r\n\t<div class=\"text medium-17 columns\">\r\n\r\n\t\t<div class=\"type\">\r\n\t\t\tArtikel\t\t<\/div>\r\n\r\n\t\t<div class=\"name\">\r\n\t\t\t<a href=\"https:\/\/www.naturalscience.org\/de\/publikationen\/plaedoyer-fuer-eine-natuerliche-geburtshilfe-ohne-routine-ultraschall\/\">Pl\u00e4doyer f\u00fcr eine nat\u00fcrliche Geburtshilfe ohne Routine-Ultraschall<\/a>\r\n\t\t<\/div>\r\n\r\n\t\t<p class=\"description\">\r\n\t\t\t<p>Ultraschall ist im Verlauf einer Schwangerschaft zur Routine geworden &#8211; doch stecken auch Gefahren hinter diesen Untersuchungen? Unsere ungeborenen Kinder nehmen unfreiwillig an einer der gr\u00f6ssten Langzeitstudien teil, w\u00e4hrend Gefahren wie der W\u00e4rmewirkung und der Zellsch\u00e4digung kaum Beachtung geschenkt wird. Dies wirft die Frage auf, ob Ultraschall w\u00e4hrend der Schwangerschaft tats\u00e4chlich unentbehrlich ist.<\/p>\n\t\t<\/p>\r\n\r\n\t\t<div class=\"buttons\">\r\n\t\t\t<div class=\"row collapse\">\r\n\t\t\t\t\t\t\t\t\t\t<div class=\"small-24 medium-8 columns\">\r\n\t\t\t\t\t\t\t<a href=\"https:\/\/www.naturalscience.org\/wp-content\/uploads\/2014\/11\/die-hebamme_pl\u00e4doyer-f\u00fcr-eine-nat\u00fcrliche-geburtshilfe-ohne-ultraschall.pdf\" class=\"button radius primary small\" target=\"_blank\">\r\n\t\t\t\t\t\t\t\t<i class=\"fa fa-download\"><\/i>&nbsp;&nbsp;Herunterladen\t\t\t\t\t\t\t<\/a>\r\n\t\t\t\t\t\t<\/div>\r\n\t\t\t\t\t\r\n\t\t\t\t\t\t\t\t\t\t<div class=\"small-24 medium-16 columns\">\r\n\t\t\t\t\t\t<i class=\"fa fa-angle-right\"><\/i>\r\n\t\t\t\t\t\t<a href=\"https:\/\/www.naturalscience.org\/de\/publikationen\/plaedoyer-fuer-eine-natuerliche-geburtshilfe-ohne-routine-ultraschall\/\" class=\"further-information\">\r\n\t\t\t\t\t\t\tWeitere Informationen & Sprachen\t\t\t\t\t\t<\/a>\r\n\t\t\t\t\t<\/div>\r\n\t\t\t\t\r\n\t\t\t\t\r\n\r\n\t\t\t<\/div>\r\n\t\t<\/div>\r\n\r\n\t<\/div>\r\n<\/article>\t\t\t\t\t\t\t\t\t\t\t\t\r\n                    <\/div>\r\n                <\/div>\r\n            <\/div>\r\n\r\n\t\t\t\n","protected":false},"excerpt":{"rendered":"Ultraschall ist im Verlauf einer Schwangerschaft zur Routine geworden &#8211; doch stecken auch Gefahren hinter diesen Untersuchungen? Unsere ungeborenen Kinder nehmen unfreiwillig an einer der gr\u00f6ssten Langzeitstudien teil, w\u00e4hrend Gefahren wie der W\u00e4rmewirkung und der Zellsch\u00e4digung kaum Beachtung geschenkt wird. Dies wirft die Frage auf, ob Ultraschall w\u00e4hrend der Schwangerschaft tats\u00e4chlich unentbehrlich ist.","protected":false},"author":9,"featured_media":0,"parent":108,"menu_order":18,"comment_status":"closed","ping_status":"closed","template":"","meta":{"_acf_changed":false,"ngg_post_thumbnail":0,"footnotes":""},"categories":[43],"class_list":["post-284","page","type-page","status-publish","hentry","category-natuerliche-geburt","wpautop"],"acf":[],"yoast_head":"<!-- This site is optimized with the Yoast SEO plugin v27.4 - https:\/\/yoast.com\/product\/yoast-seo-wordpress\/ -->\n<title>Nat\u00fcrliche Geburt - The World Foundation for Natural Science<\/title>\n<meta name=\"robots\" content=\"index, follow, max-snippet:-1, max-image-preview:large, max-video-preview:-1\" \/>\n<link rel=\"canonical\" href=\"https:\/\/www.naturalscience.org\/de\/themen\/gesundheit\/natuerliche-geburt\/\" \/>\n<meta name=\"twitter:label1\" content=\"Gesch\u00e4tzte Lesezeit\" \/>\n\t<meta name=\"twitter:data1\" content=\"2\u00a0Minuten\" \/>\n<script type=\"application\/ld+json\" class=\"yoast-schema-graph\">{\"@context\":\"https:\\\/\\\/schema.org\",\"@graph\":[{\"@type\":\"WebPage\",\"@id\":\"https:\\\/\\\/www.naturalscience.org\\\/de\\\/themen\\\/gesundheit\\\/natuerliche-geburt\\\/\",\"url\":\"https:\\\/\\\/www.naturalscience.org\\\/de\\\/themen\\\/gesundheit\\\/natuerliche-geburt\\\/\",\"name\":\"Nat\u00fcrliche Geburt - The World Foundation for Natural Science\",\"isPartOf\":{\"@id\":\"https:\\\/\\\/www.naturalscience.org\\\/#website\"},\"datePublished\":\"2014-09-30T20:50:06+00:00\",\"dateModified\":\"2022-12-30T10:03:29+00:00\",\"breadcrumb\":{\"@id\":\"https:\\\/\\\/www.naturalscience.org\\\/de\\\/themen\\\/gesundheit\\\/natuerliche-geburt\\\/#breadcrumb\"},\"inLanguage\":\"de\",\"potentialAction\":[{\"@type\":\"ReadAction\",\"target\":[\"https:\\\/\\\/www.naturalscience.org\\\/de\\\/themen\\\/gesundheit\\\/natuerliche-geburt\\\/\"]}]},{\"@type\":\"BreadcrumbList\",\"@id\":\"https:\\\/\\\/www.naturalscience.org\\\/de\\\/themen\\\/gesundheit\\\/natuerliche-geburt\\\/#breadcrumb\",\"itemListElement\":[{\"@type\":\"ListItem\",\"position\":1,\"name\":\"Home\",\"item\":\"https:\\\/\\\/www.naturalscience.org\\\/de\\\/\"},{\"@type\":\"ListItem\",\"position\":2,\"name\":\"Themen\",\"item\":\"https:\\\/\\\/www.naturalscience.org\\\/de\\\/themen\\\/\"},{\"@type\":\"ListItem\",\"position\":3,\"name\":\"Gesundheit\",\"item\":\"https:\\\/\\\/www.naturalscience.org\\\/de\\\/themen\\\/gesundheit\\\/\"},{\"@type\":\"ListItem\",\"position\":4,\"name\":\"Nat\u00fcrliche Geburt\"}]},{\"@type\":\"WebSite\",\"@id\":\"https:\\\/\\\/www.naturalscience.org\\\/#website\",\"url\":\"https:\\\/\\\/www.naturalscience.org\\\/\",\"name\":\"The World Foundation for Natural Science\",\"description\":\"Restoring and Healing the World through Responsibility and Commitment in accord with Natural and Divine Law!\",\"potentialAction\":[{\"@type\":\"SearchAction\",\"target\":{\"@type\":\"EntryPoint\",\"urlTemplate\":\"https:\\\/\\\/www.naturalscience.org\\\/?s={search_term_string}\"},\"query-input\":{\"@type\":\"PropertyValueSpecification\",\"valueRequired\":true,\"valueName\":\"search_term_string\"}}],\"inLanguage\":\"de\"}]}<\/script>\n<!-- \/ Yoast SEO plugin. -->","yoast_head_json":{"title":"Nat\u00fcrliche Geburt - The World Foundation for Natural Science","robots":{"index":"index","follow":"follow","max-snippet":"max-snippet:-1","max-image-preview":"max-image-preview:large","max-video-preview":"max-video-preview:-1"},"canonical":"https:\/\/www.naturalscience.org\/de\/themen\/gesundheit\/natuerliche-geburt\/","twitter_misc":{"Gesch\u00e4tzte Lesezeit":"2\u00a0Minuten"},"schema":{"@context":"https:\/\/schema.org","@graph":[{"@type":"WebPage","@id":"https:\/\/www.naturalscience.org\/de\/themen\/gesundheit\/natuerliche-geburt\/","url":"https:\/\/www.naturalscience.org\/de\/themen\/gesundheit\/natuerliche-geburt\/","name":"Nat\u00fcrliche Geburt - The World Foundation for Natural Science","isPartOf":{"@id":"https:\/\/www.naturalscience.org\/#website"},"datePublished":"2014-09-30T20:50:06+00:00","dateModified":"2022-12-30T10:03:29+00:00","breadcrumb":{"@id":"https:\/\/www.naturalscience.org\/de\/themen\/gesundheit\/natuerliche-geburt\/#breadcrumb"},"inLanguage":"de","potentialAction":[{"@type":"ReadAction","target":["https:\/\/www.naturalscience.org\/de\/themen\/gesundheit\/natuerliche-geburt\/"]}]},{"@type":"BreadcrumbList","@id":"https:\/\/www.naturalscience.org\/de\/themen\/gesundheit\/natuerliche-geburt\/#breadcrumb","itemListElement":[{"@type":"ListItem","position":1,"name":"Home","item":"https:\/\/www.naturalscience.org\/de\/"},{"@type":"ListItem","position":2,"name":"Themen","item":"https:\/\/www.naturalscience.org\/de\/themen\/"},{"@type":"ListItem","position":3,"name":"Gesundheit","item":"https:\/\/www.naturalscience.org\/de\/themen\/gesundheit\/"},{"@type":"ListItem","position":4,"name":"Nat\u00fcrliche Geburt"}]},{"@type":"WebSite","@id":"https:\/\/www.naturalscience.org\/#website","url":"https:\/\/www.naturalscience.org\/","name":"The World Foundation for Natural Science","description":"Restoring and Healing the World through Responsibility and Commitment in accord with Natural and Divine Law!","potentialAction":[{"@type":"SearchAction","target":{"@type":"EntryPoint","urlTemplate":"https:\/\/www.naturalscience.org\/?s={search_term_string}"},"query-input":{"@type":"PropertyValueSpecification","valueRequired":true,"valueName":"search_term_string"}}],"inLanguage":"de"}]}},"_links":{"self":[{"href":"https:\/\/www.naturalscience.org\/de\/wp-json\/wp\/v2\/pages\/284","targetHints":{"allow":["GET"]}}],"collection":[{"href":"https:\/\/www.naturalscience.org\/de\/wp-json\/wp\/v2\/pages"}],"about":[{"href":"https:\/\/www.naturalscience.org\/de\/wp-json\/wp\/v2\/types\/page"}],"author":[{"embeddable":true,"href":"https:\/\/www.naturalscience.org\/de\/wp-json\/wp\/v2\/users\/9"}],"replies":[{"embeddable":true,"href":"https:\/\/www.naturalscience.org\/de\/wp-json\/wp\/v2\/comments?post=284"}],"version-history":[{"count":3,"href":"https:\/\/www.naturalscience.org\/de\/wp-json\/wp\/v2\/pages\/284\/revisions"}],"predecessor-version":[{"id":38402,"href":"https:\/\/www.naturalscience.org\/de\/wp-json\/wp\/v2\/pages\/284\/revisions\/38402"}],"up":[{"embeddable":true,"href":"https:\/\/www.naturalscience.org\/de\/wp-json\/wp\/v2\/pages\/108"}],"wp:attachment":[{"href":"https:\/\/www.naturalscience.org\/de\/wp-json\/wp\/v2\/media?parent=284"}],"wp:term":[{"taxonomy":"category","embeddable":true,"href":"https:\/\/www.naturalscience.org\/de\/wp-json\/wp\/v2\/categories?post=284"}],"curies":[{"name":"wp","href":"https:\/\/api.w.org\/{rel}","templated":true}]}}