{"id":269,"date":"2014-09-30T22:34:33","date_gmt":"2014-09-30T20:34:33","guid":{"rendered":"http:\/\/test.naturalscience.org\/?page_id=269"},"modified":"2023-01-11T10:18:20","modified_gmt":"2023-01-11T09:18:20","slug":"themen","status":"publish","type":"page","link":"https:\/\/www.naturalscience.org\/de\/themen\/","title":{"rendered":"Themen"},"content":{"rendered":"\r\n\t        <div class=\"subpages-grid\">\r\n\r\n            <ul class=\"small-block-grid-1 medium-block-grid-2\">\r\n\t\t\t\t                        <li>\r\n\r\n\t\t\t\t\t\t\t                                <a href=\"https:\/\/www.naturalscience.org\/de\/themen\/gesundheit\/\"><img loading=\"lazy\" decoding=\"async\" src=\"https:\/\/www.naturalscience.org\/wp-content\/uploads\/2022\/12\/NATURE-HERBS-300x68.jpg\"\r\n                                                                         width=\"300\"\r\n                                                                         height=\"68\"\/><\/a>\r\n\t\t\t\t\t\t\t\r\n                            <h2><a href=\"https:\/\/www.naturalscience.org\/de\/themen\/gesundheit\/\">Gesundheit<\/a><\/h2>\r\n\r\n                            <ul class=\"fa-ul\">\r\n\t\t\t\t\t\t\t\t\t\t\t\t\t\t\t\t\t                                            <li><i class=\"fa-li fa fa-angle-right\"><\/i>\r\n                                                <a href=\"https:\/\/www.naturalscience.org\/de\/themen\/gesundheit\/coronavirus\/\">Coronavirus<\/a>\r\n                                                <!--                                    <br\/>-->\r\n                                                <!--                                    -->                                            <\/li>\r\n\t\t\t\t\t\t\t\t\t\t\t\t\t\t\t\t\t\t\t\t\t\t\t\t\t\t\t\t                                            <li><i class=\"fa-li fa fa-angle-right\"><\/i>\r\n                                                <a href=\"https:\/\/www.naturalscience.org\/de\/themen\/gesundheit\/rauchen\/\">Rauchen<\/a>\r\n                                                <!--                                    <br\/>-->\r\n                                                <!--                                    -->                                            <\/li>\r\n\t\t\t\t\t\t\t\t\t\t\t\t\t\t\t\t\t\t\t                                            <li><i class=\"fa-li fa fa-angle-right\"><\/i>\r\n                                                <a href=\"https:\/\/www.naturalscience.org\/de\/themen\/gesundheit\/brustkrebs\/\">Brustkrebs<\/a>\r\n                                                <!--                                    <br\/>-->\r\n                                                <!--                                    -->                                            <\/li>\r\n\t\t\t\t\t\t\t\t\t\t\t\t\t\t\t\t\t\t\t                                            <li><i class=\"fa-li fa fa-angle-right\"><\/i>\r\n                                                <a href=\"https:\/\/www.naturalscience.org\/de\/themen\/gesundheit\/natuerliche-geburt\/\">Nat\u00fcrliche Geburt<\/a>\r\n                                                <!--                                    <br\/>-->\r\n                                                <!--                                    -->                                            <\/li>\r\n\t\t\t\t\t\t\t\t\t\t\t\t\t\t\t\t\t\t\t                                            <li><i class=\"fa-li fa fa-angle-right\"><\/i>\r\n                                                <a href=\"https:\/\/www.naturalscience.org\/de\/themen\/gesundheit\/glykonaehrstoffe\/\">Glykon\u00e4hrstoffe<\/a>\r\n                                                <!--                                    <br\/>-->\r\n                                                <!--                                    -->                                            <\/li>\r\n\t\t\t\t\t\t\t\t\t\t\t\t\t\t\t\t\t\t\t                                            <li><i class=\"fa-li fa fa-angle-right\"><\/i>\r\n                                                <a href=\"https:\/\/www.naturalscience.org\/de\/themen\/gesundheit\/bachblueten\/\">Bachbl\u00fcten<\/a>\r\n                                                <!--                                    <br\/>-->\r\n                                                <!--                                    -->                                            <\/li>\r\n\t\t\t\t\t\t\t\t\t\t\t\t\t\t\t\t\t\t\t                                            <li><i class=\"fa-li fa fa-angle-right\"><\/i>\r\n                                                <a href=\"https:\/\/www.naturalscience.org\/de\/themen\/gesundheit\/internet-social-media\/\">Internet &#038; Social Media<\/a>\r\n                                                <!--                                    <br\/>-->\r\n                                                <!--                                    -->                                            <\/li>\r\n\t\t\t\t\t\t\t\t\t\t\t\t\t\t\t\t\t\t\t\t\t\t\t\t\t\t\t                            <\/ul>\r\n                        <\/li>\r\n\t\t\t\t\t\t\t\t\t                        <li>\r\n\r\n\t\t\t\t\t\t\t                                <a href=\"https:\/\/www.naturalscience.org\/de\/themen\/mikrowellen\/\"><img loading=\"lazy\" decoding=\"async\" src=\"https:\/\/www.naturalscience.org\/wp-content\/uploads\/2022\/12\/AdobeStock_358426491-300x68.jpg\"\r\n                                                                         width=\"300\"\r\n                                                                         height=\"68\"\/><\/a>\r\n\t\t\t\t\t\t\t\r\n                            <h2><a href=\"https:\/\/www.naturalscience.org\/de\/themen\/mikrowellen\/\">Mikrowellen &#038; Mobilfunk<\/a><\/h2>\r\n\r\n                            <ul class=\"fa-ul\">\r\n\t\t\t\t\t\t\t\t\t\t\t\t\t\t\t\t\t\t\t\t\t\t\t\t\t\t                                            <li><i class=\"fa-li fa fa-angle-right\"><\/i>\r\n                                                <a href=\"https:\/\/www.naturalscience.org\/de\/themen\/mikrowellen\/wlan-an-schulen\/\">WLAN an Schulen<\/a>\r\n                                                <!--                                    <br\/>-->\r\n                                                <!--                                    -->                                            <\/li>\r\n\t\t\t\t\t\t\t\t\t\t\t\t\t\t\t\t\t\t\t                                            <li><i class=\"fa-li fa fa-angle-right\"><\/i>\r\n                                                <a href=\"https:\/\/www.naturalscience.org\/de\/themen\/mikrowellen\/5g\/\">5G<\/a>\r\n                                                <!--                                    <br\/>-->\r\n                                                <!--                                    -->                                            <\/li>\r\n\t\t\t\t\t\t\t\t\t\t\t\t\t\t\t\t\t\t\t                                            <li><i class=\"fa-li fa fa-angle-right\"><\/i>\r\n                                                <a href=\"https:\/\/www.naturalscience.org\/de\/themen\/mikrowellen\/auswirkungen-und-schaedigung\/\">Auswirkungen und Sch\u00e4digung<\/a>\r\n                                                <!--                                    <br\/>-->\r\n                                                <!--                                    -->                                            <\/li>\r\n\t\t\t\t\t\t\t\t\t\t\t\t\t\t\t\t\t\t\t                                            <li><i class=\"fa-li fa fa-angle-right\"><\/i>\r\n                                                <a href=\"https:\/\/www.naturalscience.org\/de\/themen\/mikrowellen\/mikrowellenofen\/\">Mikrowellenofen<\/a>\r\n                                                <!--                                    <br\/>-->\r\n                                                <!--                                    -->                                            <\/li>\r\n\t\t\t\t\t\t\t\t\t\t\t\t\t\t\t\t\t\t\t                                            <li><i class=\"fa-li fa fa-angle-right\"><\/i>\r\n                                                <a href=\"https:\/\/www.naturalscience.org\/de\/themen\/mikrowellen\/induktionsherd\/\">Induktionsherd<\/a>\r\n                                                <!--                                    <br\/>-->\r\n                                                <!--                                    -->                                            <\/li>\r\n\t\t\t\t\t\t\t\t\t\t\t\t\t\t\t\t\t\t\t                                            <li><i class=\"fa-li fa fa-angle-right\"><\/i>\r\n                                                <a href=\"https:\/\/www.naturalscience.org\/de\/themen\/mikrowellen\/mikrowellen-wasser\/\">Mikrowellen &#038; Wasser<\/a>\r\n                                                <!--                                    <br\/>-->\r\n                                                <!--                                    -->                                            <\/li>\r\n\t\t\t\t\t\t\t\t\t\t\t\t\t\t\t\t\t\t\t                                            <li><i class=\"fa-li fa fa-angle-right\"><\/i>\r\n                                                <a href=\"https:\/\/www.naturalscience.org\/de\/themen\/mikrowellen\/jugend-handys\/\">Jugend &#038; Handys<\/a>\r\n                                                <!--                                    <br\/>-->\r\n                                                <!--                                    -->                                            <\/li>\r\n\t\t\t\t\t\t\t\t\t\t\t\t\t\t\t\t\t\t\t                                            <li><i class=\"fa-li fa fa-angle-right\"><\/i>\r\n                                                <a href=\"https:\/\/www.naturalscience.org\/de\/themen\/mikrowellen\/mobilfunkgeraete\/\">Mobilfunkger\u00e4te<\/a>\r\n                                                <!--                                    <br\/>-->\r\n                                                <!--                                    -->                                            <\/li>\r\n\t\t\t\t\t\t\t\t\t\t\t\t\t\t\t\t\t\t\t\t\t\t\t\t\t\t\t                            <\/ul>\r\n                        <\/li>\r\n\t\t\t\t\t\t\t\t\t                        <li>\r\n\r\n\t\t\t\t\t\t\t                                <a href=\"https:\/\/www.naturalscience.org\/de\/themen\/natuerliche-landwirtschaft\/\"><img loading=\"lazy\" decoding=\"async\" src=\"https:\/\/www.naturalscience.org\/wp-content\/uploads\/2015\/02\/header-natural-agriculture-300x68.jpg\"\r\n                                                                         width=\"300\"\r\n                                                                         height=\"68\"\/><\/a>\r\n\t\t\t\t\t\t\t\r\n                            <h2><a href=\"https:\/\/www.naturalscience.org\/de\/themen\/natuerliche-landwirtschaft\/\">Nat\u00fcrliche Landwirtschaft<\/a><\/h2>\r\n\r\n                            <ul class=\"fa-ul\">\r\n\t\t\t\t\t\t\t\t\t\t\t\t\t\t\t\t\t                                            <li><i class=\"fa-li fa fa-angle-right\"><\/i>\r\n                                                <a href=\"https:\/\/www.naturalscience.org\/de\/themen\/natuerliche-landwirtschaft\/boden\/\">Boden<\/a>\r\n                                                <!--                                    <br\/>-->\r\n                                                <!--                                    -->                                            <\/li>\r\n\t\t\t\t\t\t\t\t\t\t\t\t\t\t\t\t\t\t\t                                            <li><i class=\"fa-li fa fa-angle-right\"><\/i>\r\n                                                <a href=\"https:\/\/www.naturalscience.org\/de\/themen\/natuerliche-landwirtschaft\/wald\/\">Wald<\/a>\r\n                                                <!--                                    <br\/>-->\r\n                                                <!--                                    -->                                            <\/li>\r\n\t\t\t\t\t\t\t\t\t\t\t\t\t\t\t\t\t\t\t                                            <li><i class=\"fa-li fa fa-angle-right\"><\/i>\r\n                                                <a href=\"https:\/\/www.naturalscience.org\/de\/themen\/natuerliche-landwirtschaft\/bienen\/\">Bienen<\/a>\r\n                                                <!--                                    <br\/>-->\r\n                                                <!--                                    -->                                            <\/li>\r\n\t\t\t\t\t\t\t\t\t\t\t\t\t\t\t\t\t\t\t                                            <li><i class=\"fa-li fa fa-angle-right\"><\/i>\r\n                                                <a href=\"https:\/\/www.naturalscience.org\/de\/themen\/natuerliche-landwirtschaft\/voegel\/\">V\u00f6gel<\/a>\r\n                                                <!--                                    <br\/>-->\r\n                                                <!--                                    -->                                            <\/li>\r\n\t\t\t\t\t\t\t\t\t\t\t\t\t\t\t\t\t\t\t                                            <li><i class=\"fa-li fa fa-angle-right\"><\/i>\r\n                                                <a href=\"https:\/\/www.naturalscience.org\/de\/themen\/natuerliche-landwirtschaft\/jagd\/\">Jagd<\/a>\r\n                                                <!--                                    <br\/>-->\r\n                                                <!--                                    -->                                            <\/li>\r\n\t\t\t\t\t\t\t\t\t\t\t\t\t\t\t\t\t\t\t                                            <li><i class=\"fa-li fa fa-angle-right\"><\/i>\r\n                                                <a href=\"https:\/\/www.naturalscience.org\/de\/themen\/natuerliche-landwirtschaft\/gentechnisch-veraenderte-organismen-gvo\/\">Gentechnisch ver\u00e4nderte Organismen (GVO)<\/a>\r\n                                                <!--                                    <br\/>-->\r\n                                                <!--                                    -->                                            <\/li>\r\n\t\t\t\t\t\t\t\t\t\t\t\t\t\t\t\t\t\t\t\t\t\t\t\t\t\t\t                            <\/ul>\r\n                        <\/li>\r\n\t\t\t\t\t\t\t\t\t                        <li>\r\n\r\n\t\t\t\t\t\t\t                                <a href=\"https:\/\/www.naturalscience.org\/de\/themen\/meere\/\"><img loading=\"lazy\" decoding=\"async\" src=\"https:\/\/www.naturalscience.org\/wp-content\/uploads\/2023\/01\/AdobeStock_102390473-300x68.jpeg\"\r\n                                                                         width=\"300\"\r\n                                                                         height=\"68\"\/><\/a>\r\n\t\t\t\t\t\t\t\r\n                            <h2><a href=\"https:\/\/www.naturalscience.org\/de\/themen\/meere\/\">Meere<\/a><\/h2>\r\n\r\n                            <ul class=\"fa-ul\">\r\n\t\t\t\t\t\t\t\t\t\t\t\t\t\t\t\t\t\t\t\t\t\t\t\t\t\t                                            <li><i class=\"fa-li fa fa-angle-right\"><\/i>\r\n                                                <a href=\"https:\/\/www.naturalscience.org\/de\/themen\/meere\/meeresschutzzonen\/\">Meeresschutzzonen<\/a>\r\n                                                <!--                                    <br\/>-->\r\n                                                <!--                                    -->                                            <\/li>\r\n\t\t\t\t\t\t\t\t\t\t\t\t\t\t\t\t\t\t\t                                            <li><i class=\"fa-li fa fa-angle-right\"><\/i>\r\n                                                <a href=\"https:\/\/www.naturalscience.org\/de\/themen\/meere\/plastik\/\">Plastik<\/a>\r\n                                                <!--                                    <br\/>-->\r\n                                                <!--                                    -->                                            <\/li>\r\n\t\t\t\t\t\t\t\t\t\t\t\t\t\t\t\t\t\t\t\t\t\t\t\t\t\t\t                            <\/ul>\r\n                        <\/li>\r\n\t\t\t\t\t\t\t\t\t            <\/ul>\r\n        <\/div>\r\n\t\r\n\t\r\n\t\n","protected":false},"excerpt":{"rendered":"Weltweit werden jedes Jahr 391 Millionen Tonnen Plastik produziert, denn Plastik ist billig, leicht, unzerbrechlich und dauerhaft. Doch Plastik wird zum gr\u00f6ssten Teil aus nicht-erneuerbarem Erd\u00f6l hergestellt. Allein f\u00fcr die mehr als 600 Milliarden Plastikt\u00fcten, die rund um die Welt j\u00e4hrlich produziert werden, braucht es 2 Milliarden Liter Erd\u00f6l! Vor allem aber ist Plastik giftig. [&hellip;]","protected":false},"author":9,"featured_media":0,"parent":0,"menu_order":153,"comment_status":"closed","ping_status":"closed","template":"","meta":{"_acf_changed":false,"ngg_post_thumbnail":0,"footnotes":""},"categories":[],"class_list":["post-269","page","type-page","status-publish","hentry","wpautop"],"acf":[],"yoast_head":"<!-- This site is optimized with the Yoast SEO plugin v27.3 - https:\/\/yoast.com\/product\/yoast-seo-wordpress\/ -->\n<title>Themen - The World Foundation for Natural Science<\/title>\n<meta name=\"robots\" content=\"index, follow, max-snippet:-1, max-image-preview:large, max-video-preview:-1\" \/>\n<link rel=\"canonical\" href=\"https:\/\/www.naturalscience.org\/de\/themen\/\" \/>\n<script type=\"application\/ld+json\" class=\"yoast-schema-graph\">{\"@context\":\"https:\\\/\\\/schema.org\",\"@graph\":[{\"@type\":\"WebPage\",\"@id\":\"https:\\\/\\\/www.naturalscience.org\\\/de\\\/themen\\\/\",\"url\":\"https:\\\/\\\/www.naturalscience.org\\\/de\\\/themen\\\/\",\"name\":\"Themen - The World Foundation for Natural Science\",\"isPartOf\":{\"@id\":\"https:\\\/\\\/www.naturalscience.org\\\/#website\"},\"datePublished\":\"2014-09-30T20:34:33+00:00\",\"dateModified\":\"2023-01-11T09:18:20+00:00\",\"breadcrumb\":{\"@id\":\"https:\\\/\\\/www.naturalscience.org\\\/de\\\/themen\\\/#breadcrumb\"},\"inLanguage\":\"de\",\"potentialAction\":[{\"@type\":\"ReadAction\",\"target\":[\"https:\\\/\\\/www.naturalscience.org\\\/de\\\/themen\\\/\"]}]},{\"@type\":\"BreadcrumbList\",\"@id\":\"https:\\\/\\\/www.naturalscience.org\\\/de\\\/themen\\\/#breadcrumb\",\"itemListElement\":[{\"@type\":\"ListItem\",\"position\":1,\"name\":\"Home\",\"item\":\"https:\\\/\\\/www.naturalscience.org\\\/de\\\/\"},{\"@type\":\"ListItem\",\"position\":2,\"name\":\"Themen\"}]},{\"@type\":\"WebSite\",\"@id\":\"https:\\\/\\\/www.naturalscience.org\\\/#website\",\"url\":\"https:\\\/\\\/www.naturalscience.org\\\/\",\"name\":\"The World Foundation for Natural Science\",\"description\":\"Restoring and Healing the World through Responsibility and Commitment in accord with Natural and Divine Law!\",\"potentialAction\":[{\"@type\":\"SearchAction\",\"target\":{\"@type\":\"EntryPoint\",\"urlTemplate\":\"https:\\\/\\\/www.naturalscience.org\\\/?s={search_term_string}\"},\"query-input\":{\"@type\":\"PropertyValueSpecification\",\"valueRequired\":true,\"valueName\":\"search_term_string\"}}],\"inLanguage\":\"de\"}]}<\/script>\n<!-- \/ Yoast SEO plugin. -->","yoast_head_json":{"title":"Themen - The World Foundation for Natural Science","robots":{"index":"index","follow":"follow","max-snippet":"max-snippet:-1","max-image-preview":"max-image-preview:large","max-video-preview":"max-video-preview:-1"},"canonical":"https:\/\/www.naturalscience.org\/de\/themen\/","schema":{"@context":"https:\/\/schema.org","@graph":[{"@type":"WebPage","@id":"https:\/\/www.naturalscience.org\/de\/themen\/","url":"https:\/\/www.naturalscience.org\/de\/themen\/","name":"Themen - The World Foundation for Natural Science","isPartOf":{"@id":"https:\/\/www.naturalscience.org\/#website"},"datePublished":"2014-09-30T20:34:33+00:00","dateModified":"2023-01-11T09:18:20+00:00","breadcrumb":{"@id":"https:\/\/www.naturalscience.org\/de\/themen\/#breadcrumb"},"inLanguage":"de","potentialAction":[{"@type":"ReadAction","target":["https:\/\/www.naturalscience.org\/de\/themen\/"]}]},{"@type":"BreadcrumbList","@id":"https:\/\/www.naturalscience.org\/de\/themen\/#breadcrumb","itemListElement":[{"@type":"ListItem","position":1,"name":"Home","item":"https:\/\/www.naturalscience.org\/de\/"},{"@type":"ListItem","position":2,"name":"Themen"}]},{"@type":"WebSite","@id":"https:\/\/www.naturalscience.org\/#website","url":"https:\/\/www.naturalscience.org\/","name":"The World Foundation for Natural Science","description":"Restoring and Healing the World through Responsibility and Commitment in accord with Natural and Divine Law!","potentialAction":[{"@type":"SearchAction","target":{"@type":"EntryPoint","urlTemplate":"https:\/\/www.naturalscience.org\/?s={search_term_string}"},"query-input":{"@type":"PropertyValueSpecification","valueRequired":true,"valueName":"search_term_string"}}],"inLanguage":"de"}]}},"_links":{"self":[{"href":"https:\/\/www.naturalscience.org\/de\/wp-json\/wp\/v2\/pages\/269","targetHints":{"allow":["GET"]}}],"collection":[{"href":"https:\/\/www.naturalscience.org\/de\/wp-json\/wp\/v2\/pages"}],"about":[{"href":"https:\/\/www.naturalscience.org\/de\/wp-json\/wp\/v2\/types\/page"}],"author":[{"embeddable":true,"href":"https:\/\/www.naturalscience.org\/de\/wp-json\/wp\/v2\/users\/9"}],"replies":[{"embeddable":true,"href":"https:\/\/www.naturalscience.org\/de\/wp-json\/wp\/v2\/comments?post=269"}],"version-history":[{"count":2,"href":"https:\/\/www.naturalscience.org\/de\/wp-json\/wp\/v2\/pages\/269\/revisions"}],"predecessor-version":[{"id":38686,"href":"https:\/\/www.naturalscience.org\/de\/wp-json\/wp\/v2\/pages\/269\/revisions\/38686"}],"wp:attachment":[{"href":"https:\/\/www.naturalscience.org\/de\/wp-json\/wp\/v2\/media?parent=269"}],"wp:term":[{"taxonomy":"category","embeddable":true,"href":"https:\/\/www.naturalscience.org\/de\/wp-json\/wp\/v2\/categories?post=269"}],"curies":[{"name":"wp","href":"https:\/\/api.w.org\/{rel}","templated":true}]}}