{"id":26153,"date":"2017-12-04T17:26:59","date_gmt":"2017-12-04T16:26:59","guid":{"rendered":"http:\/\/www.naturalscience.org\/kongress-2017\/vortraege-kongress-2017\/"},"modified":"2018-02-03T14:30:53","modified_gmt":"2018-02-03T13:30:53","slug":"vortraege-ansehen","status":"publish","type":"page","link":"https:\/\/www.naturalscience.org\/de\/kongress-2017\/vortraege-ansehen\/","title":{"rendered":"Vortr\u00e4ge Kongress 2017"},"content":{"rendered":"<p>Auf dieser Seite finden Sie alle Vortr\u00e4ge des <a href=\"https:\/\/www.naturalscience.org\/de\/kongress-2017\/rueckblick\/\">22. Internationalen \u201cNeuen Wissenschaftlicher Ausblick\u201d Welt-Kongresses<\/a>.<\/p>\n<ul class=\"small-block-grid-1 medium-block-grid-3\">\n<li><a href=\"https:\/\/www.naturalscience.org\/de\/publikationen\/die-banerji-protokolle-krebs-und-krankheiten-natuerlich-heilen-lassen\/\"><img loading=\"lazy\" decoding=\"async\" class=\"alignnone size-size-400 wp-image-26182\" src=\"https:\/\/www.naturalscience.org\/wp-content\/uploads\/2017\/12\/thumb-cancer-long-DE-400x225.png\" alt=\"\" width=\"400\" height=\"225\" srcset=\"https:\/\/www.naturalscience.org\/wp-content\/uploads\/2017\/12\/thumb-cancer-long-DE-400x225.png 400w, https:\/\/www.naturalscience.org\/wp-content\/uploads\/2017\/12\/thumb-cancer-long-DE-300x169.png 300w, https:\/\/www.naturalscience.org\/wp-content\/uploads\/2017\/12\/thumb-cancer-long-DE-768x432.png 768w, https:\/\/www.naturalscience.org\/wp-content\/uploads\/2017\/12\/thumb-cancer-long-DE-1024x576.png 1024w, https:\/\/www.naturalscience.org\/wp-content\/uploads\/2017\/12\/thumb-cancer-long-DE-164x92.png 164w, https:\/\/www.naturalscience.org\/wp-content\/uploads\/2017\/12\/thumb-cancer-long-DE-500x281.png 500w, https:\/\/www.naturalscience.org\/wp-content\/uploads\/2017\/12\/thumb-cancer-long-DE.png 1920w\" sizes=\"auto, (max-width: 400px) 100vw, 400px\" \/><\/a><br \/>\n<strong><a href=\"https:\/\/www.naturalscience.org\/de\/publikationen\/die-banerji-protokolle-krebs-und-krankheiten-natuerlich-heilen-lassen\/\">Krebs\u2014Das Ende dieser erschreckenden Bedrohung<\/a><\/strong><br \/>\nRolf Backenecker<\/li>\n<li><a href=\"https:\/\/www.naturalscience.org\/de\/publikationen\/gonstead-chiropraktik-den-koerper-von-innen-heraus-heilen\/\"><img loading=\"lazy\" decoding=\"async\" class=\"alignnone size-size-400 wp-image-26163\" src=\"https:\/\/www.naturalscience.org\/wp-content\/uploads\/2017\/12\/Thumb-Gonstead-DE-400x225.png\" alt=\"\" width=\"400\" height=\"225\" srcset=\"https:\/\/www.naturalscience.org\/wp-content\/uploads\/2017\/12\/Thumb-Gonstead-DE-400x225.png 400w, https:\/\/www.naturalscience.org\/wp-content\/uploads\/2017\/12\/Thumb-Gonstead-DE-300x169.png 300w, https:\/\/www.naturalscience.org\/wp-content\/uploads\/2017\/12\/Thumb-Gonstead-DE-768x432.png 768w, https:\/\/www.naturalscience.org\/wp-content\/uploads\/2017\/12\/Thumb-Gonstead-DE-1024x576.png 1024w, https:\/\/www.naturalscience.org\/wp-content\/uploads\/2017\/12\/Thumb-Gonstead-DE-164x92.png 164w, https:\/\/www.naturalscience.org\/wp-content\/uploads\/2017\/12\/Thumb-Gonstead-DE-500x281.png 500w, https:\/\/www.naturalscience.org\/wp-content\/uploads\/2017\/12\/Thumb-Gonstead-DE.png 1920w\" sizes=\"auto, (max-width: 400px) 100vw, 400px\" \/><\/a><br \/>\n<strong><a href=\"https:\/\/www.naturalscience.org\/de\/publikationen\/gonstead-chiropraktik-den-koerper-von-innen-heraus-heilen\/\">Gonstead Chiropraktik\u2014Den Menschen von innen heraus heilen<\/a><\/strong><br \/>\nDr. Stefan Rauber<\/li>\n<li><a href=\"https:\/\/www.naturalscience.org\/de\/publikationen\/abhaengigkeit-schmerzmittel-und-beruhigungspillen\/\"><img loading=\"lazy\" decoding=\"async\" class=\"alignnone size-size-400 wp-image-26211\" src=\"https:\/\/www.naturalscience.org\/wp-content\/uploads\/2017\/12\/thumb-painkillers-DE-400x225.png\" alt=\"\" width=\"400\" height=\"225\" srcset=\"https:\/\/www.naturalscience.org\/wp-content\/uploads\/2017\/12\/thumb-painkillers-DE-400x225.png 400w, https:\/\/www.naturalscience.org\/wp-content\/uploads\/2017\/12\/thumb-painkillers-DE-300x169.png 300w, https:\/\/www.naturalscience.org\/wp-content\/uploads\/2017\/12\/thumb-painkillers-DE-768x432.png 768w, https:\/\/www.naturalscience.org\/wp-content\/uploads\/2017\/12\/thumb-painkillers-DE-1024x576.png 1024w, https:\/\/www.naturalscience.org\/wp-content\/uploads\/2017\/12\/thumb-painkillers-DE-164x92.png 164w, https:\/\/www.naturalscience.org\/wp-content\/uploads\/2017\/12\/thumb-painkillers-DE-500x281.png 500w, https:\/\/www.naturalscience.org\/wp-content\/uploads\/2017\/12\/thumb-painkillers-DE.png 1920w\" sizes=\"auto, (max-width: 400px) 100vw, 400px\" \/><\/a><br \/>\n<strong><a href=\"https:\/\/www.naturalscience.org\/de\/publikationen\/abhaengigkeit-schmerzmittel-und-beruhigungspillen\/\">Wie Schmerzmittel und Beruhigungspillen Menschen in die Abh\u00e4ngigkeit treiben<\/a><\/strong><br \/>\nLukas Waldmann<\/li>\n<li><a href=\"https:\/\/www.naturalscience.org\/de\/publikationen\/kosmetika-schaedlich-fuer-koerper-umwelt\/\"><img loading=\"lazy\" decoding=\"async\" class=\"alignnone size-size-400 wp-image-26255\" src=\"https:\/\/www.naturalscience.org\/wp-content\/uploads\/2017\/12\/thumb-cosmetics-DE-400x225.jpg\" alt=\"\" width=\"400\" height=\"225\" srcset=\"https:\/\/www.naturalscience.org\/wp-content\/uploads\/2017\/12\/thumb-cosmetics-DE-400x225.jpg 400w, https:\/\/www.naturalscience.org\/wp-content\/uploads\/2017\/12\/thumb-cosmetics-DE-300x169.jpg 300w, https:\/\/www.naturalscience.org\/wp-content\/uploads\/2017\/12\/thumb-cosmetics-DE-768x432.jpg 768w, https:\/\/www.naturalscience.org\/wp-content\/uploads\/2017\/12\/thumb-cosmetics-DE-1024x576.jpg 1024w, https:\/\/www.naturalscience.org\/wp-content\/uploads\/2017\/12\/thumb-cosmetics-DE-164x92.jpg 164w, https:\/\/www.naturalscience.org\/wp-content\/uploads\/2017\/12\/thumb-cosmetics-DE-500x281.jpg 500w, https:\/\/www.naturalscience.org\/wp-content\/uploads\/2017\/12\/thumb-cosmetics-DE.jpg 1920w\" sizes=\"auto, (max-width: 400px) 100vw, 400px\" \/><\/a><br \/>\n<strong><a href=\"https:\/\/www.naturalscience.org\/de\/publikationen\/kosmetika-schaedlich-fuer-koerper-umwelt\/\">Kosmetika\u2014Sind sie sch\u00e4dlich f\u00fcr K\u00f6rper und Umwelt?<\/a><\/strong><br \/>\nWilli Luger<\/li>\n<li><a href=\"https:\/\/www.naturalscience.org\/de\/publikationen\/induktionsherde-eine-gefahr-fuer-unsere-gesundheit\/\"><img loading=\"lazy\" decoding=\"async\" class=\"alignnone size-size-400 wp-image-26425\" src=\"https:\/\/www.naturalscience.org\/wp-content\/uploads\/2017\/12\/thumb-induction-hobs-DE-400x225.jpg\" alt=\"\" width=\"400\" height=\"225\" srcset=\"https:\/\/www.naturalscience.org\/wp-content\/uploads\/2017\/12\/thumb-induction-hobs-DE-400x225.jpg 400w, https:\/\/www.naturalscience.org\/wp-content\/uploads\/2017\/12\/thumb-induction-hobs-DE-300x169.jpg 300w, https:\/\/www.naturalscience.org\/wp-content\/uploads\/2017\/12\/thumb-induction-hobs-DE-768x432.jpg 768w, https:\/\/www.naturalscience.org\/wp-content\/uploads\/2017\/12\/thumb-induction-hobs-DE-1024x576.jpg 1024w, https:\/\/www.naturalscience.org\/wp-content\/uploads\/2017\/12\/thumb-induction-hobs-DE-164x92.jpg 164w, https:\/\/www.naturalscience.org\/wp-content\/uploads\/2017\/12\/thumb-induction-hobs-DE-500x281.jpg 500w, https:\/\/www.naturalscience.org\/wp-content\/uploads\/2017\/12\/thumb-induction-hobs-DE.jpg 1920w\" sizes=\"auto, (max-width: 400px) 100vw, 400px\" \/><\/a><br \/>\n<strong><a href=\"https:\/\/www.naturalscience.org\/de\/publikationen\/induktionsherde-eine-gefahr-fuer-unsere-gesundheit\/\">Induktionsherde\u2014Eine Gefahr f\u00fcr unsere Gesundheit<\/a><\/strong><br \/>\nMarcel Hofmann, Franz Ulrich<\/li>\n<li><a href=\"https:\/\/www.naturalscience.org\/de\/publikationen\/un-wohlsein-und-krankheit-der-weg-aus-der-krebsfalle\/\"><img loading=\"lazy\" decoding=\"async\" class=\"alignnone size-size-400 wp-image-26601\" src=\"https:\/\/www.naturalscience.org\/wp-content\/uploads\/2018\/01\/thumb-dis-ease-DE-400x225.jpg\" alt=\"\" width=\"400\" height=\"225\" srcset=\"https:\/\/www.naturalscience.org\/wp-content\/uploads\/2018\/01\/thumb-dis-ease-DE-400x225.jpg 400w, https:\/\/www.naturalscience.org\/wp-content\/uploads\/2018\/01\/thumb-dis-ease-DE-300x169.jpg 300w, https:\/\/www.naturalscience.org\/wp-content\/uploads\/2018\/01\/thumb-dis-ease-DE-768x432.jpg 768w, https:\/\/www.naturalscience.org\/wp-content\/uploads\/2018\/01\/thumb-dis-ease-DE-1024x576.jpg 1024w, https:\/\/www.naturalscience.org\/wp-content\/uploads\/2018\/01\/thumb-dis-ease-DE-164x92.jpg 164w, https:\/\/www.naturalscience.org\/wp-content\/uploads\/2018\/01\/thumb-dis-ease-DE-500x281.jpg 500w, https:\/\/www.naturalscience.org\/wp-content\/uploads\/2018\/01\/thumb-dis-ease-DE.jpg 1920w\" sizes=\"auto, (max-width: 400px) 100vw, 400px\" \/><\/a><br \/>\n<strong><a href=\"https:\/\/www.naturalscience.org\/de\/publikationen\/un-wohlsein-und-krankheit-der-weg-aus-der-krebsfalle\/\">Un-Wohlsein und Krankheit\u2014Fluch oder Segen?<\/a><\/strong><br \/>\nPaul Probst<\/li>\n<li><a href=\"https:\/\/www.naturalscience.org\/de\/publikationen\/der-stumme-fruehling-warum-immer-mehr-insekten-und-voegel-verschwinden\/\"><img loading=\"lazy\" decoding=\"async\" class=\"alignnone size-size-400 wp-image-26582\" src=\"https:\/\/www.naturalscience.org\/wp-content\/uploads\/2018\/01\/thumb-spring-DE-400x225.png\" alt=\"\" width=\"400\" height=\"225\" srcset=\"https:\/\/www.naturalscience.org\/wp-content\/uploads\/2018\/01\/thumb-spring-DE-400x225.png 400w, https:\/\/www.naturalscience.org\/wp-content\/uploads\/2018\/01\/thumb-spring-DE-300x169.png 300w, https:\/\/www.naturalscience.org\/wp-content\/uploads\/2018\/01\/thumb-spring-DE-768x432.png 768w, https:\/\/www.naturalscience.org\/wp-content\/uploads\/2018\/01\/thumb-spring-DE-1024x576.png 1024w, https:\/\/www.naturalscience.org\/wp-content\/uploads\/2018\/01\/thumb-spring-DE-164x92.png 164w, https:\/\/www.naturalscience.org\/wp-content\/uploads\/2018\/01\/thumb-spring-DE-500x281.png 500w, https:\/\/www.naturalscience.org\/wp-content\/uploads\/2018\/01\/thumb-spring-DE.png 1920w\" sizes=\"auto, (max-width: 400px) 100vw, 400px\" \/><\/a><br \/>\n<strong><a href=\"https:\/\/www.naturalscience.org\/de\/publikationen\/der-stumme-fruehling-warum-immer-mehr-insekten-und-voegel-verschwinden\/\">Der stumme Fr\u00fchling \u2013 Warum immer mehr Insekten und V\u00f6gel verschwinden<\/a><\/strong><br \/>\nSebastian Hausmann<\/li>\n<li><a href=\"https:\/\/www.naturalscience.org\/de\/publikationen\/wasser-sein-geheimnis-wesen-verstehen-und-anwenden\/\"><img loading=\"lazy\" decoding=\"async\" class=\"alignnone size-size-400 wp-image-26251\" src=\"https:\/\/www.naturalscience.org\/wp-content\/uploads\/2017\/12\/thumb-Planet-Wasser-full-De-400x225.png\" alt=\"\" width=\"400\" height=\"225\" srcset=\"https:\/\/www.naturalscience.org\/wp-content\/uploads\/2017\/12\/thumb-Planet-Wasser-full-De-400x225.png 400w, https:\/\/www.naturalscience.org\/wp-content\/uploads\/2017\/12\/thumb-Planet-Wasser-full-De-300x169.png 300w, https:\/\/www.naturalscience.org\/wp-content\/uploads\/2017\/12\/thumb-Planet-Wasser-full-De-768x432.png 768w, https:\/\/www.naturalscience.org\/wp-content\/uploads\/2017\/12\/thumb-Planet-Wasser-full-De-1024x576.png 1024w, https:\/\/www.naturalscience.org\/wp-content\/uploads\/2017\/12\/thumb-Planet-Wasser-full-De-164x92.png 164w, https:\/\/www.naturalscience.org\/wp-content\/uploads\/2017\/12\/thumb-Planet-Wasser-full-De-500x281.png 500w, https:\/\/www.naturalscience.org\/wp-content\/uploads\/2017\/12\/thumb-Planet-Wasser-full-De.png 1920w\" sizes=\"auto, (max-width: 400px) 100vw, 400px\" \/><\/a><br \/>\n<strong><a href=\"https:\/\/www.naturalscience.org\/de\/publikationen\/wasser-sein-geheimnis-wesen-verstehen-und-anwenden\/\">Planet Wasser\u2014Unsere Lebensgrundlage und unsere Verantwortung<\/a><\/strong><br \/>\nDenise Ulrich<\/li>\n<li><a href=\"https:\/\/www.naturalscience.org\/de\/publikationen\/der-reichtum-der-ozeane-wie-lange-existiert-er-noch\/\"><img loading=\"lazy\" decoding=\"async\" src=\"https:\/\/www.naturalscience.org\/wp-content\/uploads\/2018\/02\/thumb-oceans-DE-400x225.jpg\" alt=\"\" width=\"400\" height=\"225\" class=\"alignnone size-size-400 wp-image-26669\" srcset=\"https:\/\/www.naturalscience.org\/wp-content\/uploads\/2018\/02\/thumb-oceans-DE-400x225.jpg 400w, https:\/\/www.naturalscience.org\/wp-content\/uploads\/2018\/02\/thumb-oceans-DE-300x169.jpg 300w, https:\/\/www.naturalscience.org\/wp-content\/uploads\/2018\/02\/thumb-oceans-DE-768x432.jpg 768w, https:\/\/www.naturalscience.org\/wp-content\/uploads\/2018\/02\/thumb-oceans-DE-1024x576.jpg 1024w, https:\/\/www.naturalscience.org\/wp-content\/uploads\/2018\/02\/thumb-oceans-DE-164x92.jpg 164w, https:\/\/www.naturalscience.org\/wp-content\/uploads\/2018\/02\/thumb-oceans-DE-500x281.jpg 500w, https:\/\/www.naturalscience.org\/wp-content\/uploads\/2018\/02\/thumb-oceans-DE.jpg 1920w\" sizes=\"auto, (max-width: 400px) 100vw, 400px\" \/><\/a><br \/>\n<strong><a href=\"https:\/\/www.naturalscience.org\/de\/publikationen\/der-reichtum-der-ozeane-wie-lange-existiert-er-noch\/\">Der Reichtum der Ozeane\u2026.\u2014Wie lange existiert er noch?<\/a><\/strong><br \/>\nSabrina Amico<\/li>\n<li><a href=\"https:\/\/www.naturalscience.org\/de\/publikationen\/tiere-ihr-recht-auf-leben-und-unsere-verantwortung-fuer-sie\/\"><img loading=\"lazy\" decoding=\"async\" src=\"https:\/\/www.naturalscience.org\/wp-content\/uploads\/2018\/02\/thumb-animals-DE-400x225.jpg\" alt=\"\" width=\"400\" height=\"225\" class=\"alignnone size-size-400 wp-image-26657\" srcset=\"https:\/\/www.naturalscience.org\/wp-content\/uploads\/2018\/02\/thumb-animals-DE-400x225.jpg 400w, https:\/\/www.naturalscience.org\/wp-content\/uploads\/2018\/02\/thumb-animals-DE-300x169.jpg 300w, https:\/\/www.naturalscience.org\/wp-content\/uploads\/2018\/02\/thumb-animals-DE-768x432.jpg 768w, https:\/\/www.naturalscience.org\/wp-content\/uploads\/2018\/02\/thumb-animals-DE-1024x576.jpg 1024w, https:\/\/www.naturalscience.org\/wp-content\/uploads\/2018\/02\/thumb-animals-DE-164x92.jpg 164w, https:\/\/www.naturalscience.org\/wp-content\/uploads\/2018\/02\/thumb-animals-DE-500x281.jpg 500w, https:\/\/www.naturalscience.org\/wp-content\/uploads\/2018\/02\/thumb-animals-DE.jpg 1920w\" sizes=\"auto, (max-width: 400px) 100vw, 400px\" \/><\/a><br \/>\n<strong><a href=\"https:\/\/www.naturalscience.org\/de\/publikationen\/tiere-ihr-recht-auf-leben-und-unsere-verantwortung-fuer-sie\/\">Tiere\u2014Ihr Recht auf Leben und unsere Verantwortung f\u00fcr sie<\/a><\/strong><br \/>\nJos\u00e9 Ernesto, Daniel Schillig<\/li>\n<\/ul>\n","protected":false},"excerpt":{"rendered":"Auf dieser Seite finden Sie alle Vortr\u00e4ge des 22. Internationalen \u201cNeuen Wissenschaftlicher Ausblick\u201d Welt-Kongresses. Krebs\u2014Das Ende dieser erschreckenden Bedrohung Rolf Backenecker Gonstead Chiropraktik\u2014Den Menschen von innen heraus heilen Dr. Stefan Rauber Wie Schmerzmittel und Beruhigungspillen Menschen in die Abh\u00e4ngigkeit treiben Lukas Waldmann Kosmetika\u2014Sind sie sch\u00e4dlich f\u00fcr K\u00f6rper und Umwelt? Willi Luger Induktionsherde\u2014Eine Gefahr f\u00fcr unsere [&hellip;]","protected":false},"author":9,"featured_media":0,"parent":25118,"menu_order":0,"comment_status":"closed","ping_status":"closed","template":"page-full.php","meta":{"_acf_changed":false,"ngg_post_thumbnail":0,"footnotes":""},"categories":[],"class_list":["post-26153","page","type-page","status-publish","hentry","wpautop"],"acf":[],"yoast_head":"<!-- This site is optimized with the Yoast SEO plugin v27.5 - https:\/\/yoast.com\/product\/yoast-seo-wordpress\/ -->\n<title>Vortr\u00e4ge Kongress 2017 - The World Foundation for Natural Science<\/title>\n<meta name=\"robots\" content=\"index, follow, max-snippet:-1, max-image-preview:large, max-video-preview:-1\" \/>\n<link rel=\"canonical\" href=\"https:\/\/www.naturalscience.org\/de\/kongress-2017\/vortraege-ansehen\/\" \/>\n<meta name=\"twitter:label1\" content=\"Gesch\u00e4tzte Lesezeit\" \/>\n\t<meta name=\"twitter:data1\" content=\"1\u00a0Minute\" \/>\n<script type=\"application\/ld+json\" class=\"yoast-schema-graph\">{\"@context\":\"https:\\\/\\\/schema.org\",\"@graph\":[{\"@type\":\"WebPage\",\"@id\":\"https:\\\/\\\/www.naturalscience.org\\\/de\\\/kongress-2017\\\/vortraege-ansehen\\\/\",\"url\":\"https:\\\/\\\/www.naturalscience.org\\\/de\\\/kongress-2017\\\/vortraege-ansehen\\\/\",\"name\":\"Vortr\u00e4ge Kongress 2017 - The World Foundation for Natural Science\",\"isPartOf\":{\"@id\":\"https:\\\/\\\/www.naturalscience.org\\\/#website\"},\"primaryImageOfPage\":{\"@id\":\"https:\\\/\\\/www.naturalscience.org\\\/de\\\/kongress-2017\\\/vortraege-ansehen\\\/#primaryimage\"},\"image\":{\"@id\":\"https:\\\/\\\/www.naturalscience.org\\\/de\\\/kongress-2017\\\/vortraege-ansehen\\\/#primaryimage\"},\"thumbnailUrl\":\"https:\\\/\\\/www.naturalscience.org\\\/wp-content\\\/uploads\\\/2017\\\/12\\\/thumb-cancer-long-DE-400x225.png\",\"datePublished\":\"2017-12-04T16:26:59+00:00\",\"dateModified\":\"2018-02-03T13:30:53+00:00\",\"breadcrumb\":{\"@id\":\"https:\\\/\\\/www.naturalscience.org\\\/de\\\/kongress-2017\\\/vortraege-ansehen\\\/#breadcrumb\"},\"inLanguage\":\"de\",\"potentialAction\":[{\"@type\":\"ReadAction\",\"target\":[\"https:\\\/\\\/www.naturalscience.org\\\/de\\\/kongress-2017\\\/vortraege-ansehen\\\/\"]}]},{\"@type\":\"ImageObject\",\"inLanguage\":\"de\",\"@id\":\"https:\\\/\\\/www.naturalscience.org\\\/de\\\/kongress-2017\\\/vortraege-ansehen\\\/#primaryimage\",\"url\":\"https:\\\/\\\/www.naturalscience.org\\\/wp-content\\\/uploads\\\/2017\\\/12\\\/thumb-cancer-long-DE-400x225.png\",\"contentUrl\":\"https:\\\/\\\/www.naturalscience.org\\\/wp-content\\\/uploads\\\/2017\\\/12\\\/thumb-cancer-long-DE-400x225.png\"},{\"@type\":\"BreadcrumbList\",\"@id\":\"https:\\\/\\\/www.naturalscience.org\\\/de\\\/kongress-2017\\\/vortraege-ansehen\\\/#breadcrumb\",\"itemListElement\":[{\"@type\":\"ListItem\",\"position\":1,\"name\":\"Home\",\"item\":\"https:\\\/\\\/www.naturalscience.org\\\/de\\\/\"},{\"@type\":\"ListItem\",\"position\":2,\"name\":\"22. Internationaler \u201cNeuer Wissenschaftlicher Ausblick\u201d Welt-Kongress\",\"item\":\"https:\\\/\\\/www.naturalscience.org\\\/de\\\/kongress-2017\\\/\"},{\"@type\":\"ListItem\",\"position\":3,\"name\":\"Vortr\u00e4ge Kongress 2017\"}]},{\"@type\":\"WebSite\",\"@id\":\"https:\\\/\\\/www.naturalscience.org\\\/#website\",\"url\":\"https:\\\/\\\/www.naturalscience.org\\\/\",\"name\":\"The World Foundation for Natural Science\",\"description\":\"Restoring and Healing the World through Responsibility and Commitment in accord with Natural and Divine Law!\",\"potentialAction\":[{\"@type\":\"SearchAction\",\"target\":{\"@type\":\"EntryPoint\",\"urlTemplate\":\"https:\\\/\\\/www.naturalscience.org\\\/?s={search_term_string}\"},\"query-input\":{\"@type\":\"PropertyValueSpecification\",\"valueRequired\":true,\"valueName\":\"search_term_string\"}}],\"inLanguage\":\"de\"}]}<\/script>\n<!-- \/ Yoast SEO plugin. -->","yoast_head_json":{"title":"Vortr\u00e4ge Kongress 2017 - The World Foundation for Natural Science","robots":{"index":"index","follow":"follow","max-snippet":"max-snippet:-1","max-image-preview":"max-image-preview:large","max-video-preview":"max-video-preview:-1"},"canonical":"https:\/\/www.naturalscience.org\/de\/kongress-2017\/vortraege-ansehen\/","twitter_misc":{"Gesch\u00e4tzte Lesezeit":"1\u00a0Minute"},"schema":{"@context":"https:\/\/schema.org","@graph":[{"@type":"WebPage","@id":"https:\/\/www.naturalscience.org\/de\/kongress-2017\/vortraege-ansehen\/","url":"https:\/\/www.naturalscience.org\/de\/kongress-2017\/vortraege-ansehen\/","name":"Vortr\u00e4ge Kongress 2017 - The World Foundation for Natural Science","isPartOf":{"@id":"https:\/\/www.naturalscience.org\/#website"},"primaryImageOfPage":{"@id":"https:\/\/www.naturalscience.org\/de\/kongress-2017\/vortraege-ansehen\/#primaryimage"},"image":{"@id":"https:\/\/www.naturalscience.org\/de\/kongress-2017\/vortraege-ansehen\/#primaryimage"},"thumbnailUrl":"https:\/\/www.naturalscience.org\/wp-content\/uploads\/2017\/12\/thumb-cancer-long-DE-400x225.png","datePublished":"2017-12-04T16:26:59+00:00","dateModified":"2018-02-03T13:30:53+00:00","breadcrumb":{"@id":"https:\/\/www.naturalscience.org\/de\/kongress-2017\/vortraege-ansehen\/#breadcrumb"},"inLanguage":"de","potentialAction":[{"@type":"ReadAction","target":["https:\/\/www.naturalscience.org\/de\/kongress-2017\/vortraege-ansehen\/"]}]},{"@type":"ImageObject","inLanguage":"de","@id":"https:\/\/www.naturalscience.org\/de\/kongress-2017\/vortraege-ansehen\/#primaryimage","url":"https:\/\/www.naturalscience.org\/wp-content\/uploads\/2017\/12\/thumb-cancer-long-DE-400x225.png","contentUrl":"https:\/\/www.naturalscience.org\/wp-content\/uploads\/2017\/12\/thumb-cancer-long-DE-400x225.png"},{"@type":"BreadcrumbList","@id":"https:\/\/www.naturalscience.org\/de\/kongress-2017\/vortraege-ansehen\/#breadcrumb","itemListElement":[{"@type":"ListItem","position":1,"name":"Home","item":"https:\/\/www.naturalscience.org\/de\/"},{"@type":"ListItem","position":2,"name":"22. Internationaler \u201cNeuer Wissenschaftlicher Ausblick\u201d Welt-Kongress","item":"https:\/\/www.naturalscience.org\/de\/kongress-2017\/"},{"@type":"ListItem","position":3,"name":"Vortr\u00e4ge Kongress 2017"}]},{"@type":"WebSite","@id":"https:\/\/www.naturalscience.org\/#website","url":"https:\/\/www.naturalscience.org\/","name":"The World Foundation for Natural Science","description":"Restoring and Healing the World through Responsibility and Commitment in accord with Natural and Divine Law!","potentialAction":[{"@type":"SearchAction","target":{"@type":"EntryPoint","urlTemplate":"https:\/\/www.naturalscience.org\/?s={search_term_string}"},"query-input":{"@type":"PropertyValueSpecification","valueRequired":true,"valueName":"search_term_string"}}],"inLanguage":"de"}]}},"_links":{"self":[{"href":"https:\/\/www.naturalscience.org\/de\/wp-json\/wp\/v2\/pages\/26153","targetHints":{"allow":["GET"]}}],"collection":[{"href":"https:\/\/www.naturalscience.org\/de\/wp-json\/wp\/v2\/pages"}],"about":[{"href":"https:\/\/www.naturalscience.org\/de\/wp-json\/wp\/v2\/types\/page"}],"author":[{"embeddable":true,"href":"https:\/\/www.naturalscience.org\/de\/wp-json\/wp\/v2\/users\/9"}],"replies":[{"embeddable":true,"href":"https:\/\/www.naturalscience.org\/de\/wp-json\/wp\/v2\/comments?post=26153"}],"version-history":[{"count":22,"href":"https:\/\/www.naturalscience.org\/de\/wp-json\/wp\/v2\/pages\/26153\/revisions"}],"predecessor-version":[{"id":26675,"href":"https:\/\/www.naturalscience.org\/de\/wp-json\/wp\/v2\/pages\/26153\/revisions\/26675"}],"up":[{"embeddable":true,"href":"https:\/\/www.naturalscience.org\/de\/wp-json\/wp\/v2\/pages\/25118"}],"wp:attachment":[{"href":"https:\/\/www.naturalscience.org\/de\/wp-json\/wp\/v2\/media?parent=26153"}],"wp:term":[{"taxonomy":"category","embeddable":true,"href":"https:\/\/www.naturalscience.org\/de\/wp-json\/wp\/v2\/categories?post=26153"}],"curies":[{"name":"wp","href":"https:\/\/api.w.org\/{rel}","templated":true}]}}