{"id":19986,"date":"2016-06-11T11:43:01","date_gmt":"2016-06-11T09:43:01","guid":{"rendered":"http:\/\/www.naturalscience.org\/de\/?page_id=19986"},"modified":"2016-09-14T09:48:59","modified_gmt":"2016-09-14T07:48:59","slug":"vortraege","status":"publish","type":"page","link":"https:\/\/www.naturalscience.org\/de\/kongress-2016\/vortraege\/","title":{"rendered":"Vortr\u00e4ge &#038; Referenten"},"content":{"rendered":"<div class=\"row\">\n<div class=\"small-24 columns\">\n<div class=\"title-box\">\n<h2>Sie sind ein Genie!<\/h2>\n<div class=\"subtitle\">Neues aus der Gehirnforschung, um die grauen Zellen zu H\u00f6chstleistungen anzuspornen<\/div>\n<\/div>\n<p><img loading=\"lazy\" decoding=\"async\" class=\"alignleft size-size-400 wp-image-21736\" src=\"https:\/\/www.naturalscience.org\/wp-content\/uploads\/2016\/06\/brain-400x247.jpg\" alt=\"brain\" width=\"400\" height=\"247\" srcset=\"https:\/\/www.naturalscience.org\/wp-content\/uploads\/2016\/06\/brain-400x247.jpg 400w, https:\/\/www.naturalscience.org\/wp-content\/uploads\/2016\/06\/brain-300x186.jpg 300w, https:\/\/www.naturalscience.org\/wp-content\/uploads\/2016\/06\/brain-768x475.jpg 768w, https:\/\/www.naturalscience.org\/wp-content\/uploads\/2016\/06\/brain-164x101.jpg 164w, https:\/\/www.naturalscience.org\/wp-content\/uploads\/2016\/06\/brain-500x309.jpg 500w, https:\/\/www.naturalscience.org\/wp-content\/uploads\/2016\/06\/brain.jpg 970w\" sizes=\"auto, (max-width: 400px) 100vw, 400px\" \/><\/p>\n<p>Entweder man wird als Super-Hirn oder als eher tr\u00fcbe Leuchte geboren und damit hat sich\u2019s dann f\u00fcr den Rest des Lebens? &#8211; Irrtum! Aus der Neuroplastizit\u00e4t, einem faszinierenden Bereich der Neurobiologie, ist bekannt, dass sich Synapsen, Nervenzellen, ja sogar ganze Hirnareale in ihrer Funktion und Anatomie laufend ver\u00e4ndern k\u00f6nnen, je nachdem, wie sie benutzt werden, und zwar ein Leben lang. Mit vision\u00e4ren Lern- und Denk-Strategien wie Image Streaming wird jede und jeder zum Einstein. Sto\u00dfen Sie in diesem dreiteiligen Workshop in neue Sph\u00e4ren vor!<br \/>\n<span style=\"color: #000080;\"><strong>Dietmar R. Schumann<\/strong>, Senior Advisor, Coach and certified Trainer in \u201eImage Streaming Methodology\u201c<\/span><\/p>\n<\/div>\n<\/div>\n<p>&nbsp;<\/p>\n<div class=\"row\">\n<div class=\"small-24 columns\">\n<div class=\"title-box\">\n<h2>Das GAP-Syndrom (GAPS)<\/h2>\n<div class=\"subtitle\">Gesunder Darm, gesunder Mensch<\/div>\n<\/div>\n<div id=\"attachment_19990\" style=\"width: 400px\" class=\"wp-caption alignleft\"><img loading=\"lazy\" decoding=\"async\" aria-describedby=\"caption-attachment-19990\" class=\"wp-image-19990 size-size-400\" src=\"https:\/\/www.naturalscience.org\/wp-content\/uploads\/2016\/06\/gap-400x248.jpg\" width=\"400\" height=\"248\" srcset=\"https:\/\/www.naturalscience.org\/wp-content\/uploads\/2016\/06\/gap-400x248.jpg 400w, https:\/\/www.naturalscience.org\/wp-content\/uploads\/2016\/06\/gap-300x186.jpg 300w, https:\/\/www.naturalscience.org\/wp-content\/uploads\/2016\/06\/gap-768x476.jpg 768w, https:\/\/www.naturalscience.org\/wp-content\/uploads\/2016\/06\/gap-164x102.jpg 164w, https:\/\/www.naturalscience.org\/wp-content\/uploads\/2016\/06\/gap-500x310.jpg 500w, https:\/\/www.naturalscience.org\/wp-content\/uploads\/2016\/06\/gap.jpg 970w\" sizes=\"auto, (max-width: 400px) 100vw, 400px\" \/><p id=\"caption-attachment-19990\" class=\"wp-caption-text\">Gem\u00e4\u00df einem asiatischen Sprichwort ist der Darm das Tor zum Leben.<\/p><\/div>\n<p>Wir leben in einer Welt, in der sich physische und geistige Krankheiten epidemieartig ausbreiten. Autismus, ADHS\/ADS und andere Lernst\u00f6rungen, Schizophrenie, Depression, Dyslexie, Zwangsneurosen und andere Geisteskrankheiten, Autoimmunprobleme, Allergien, Asthma, chronisches M\u00fcdigkeitssyndrom und viele andere physische Beschwerden verbreiten sich mehr und mehr. Warum passiert das? Dr. Natasha Campbell-McBride wird \u00fcber die Grundursachen all dieser Epidemien sprechen: GAPS, was f\u00fcr \u201cGut And Psychology Syndrome\u201d steht, also Darm- und Psychologie-Syndrom. Sie wird in ihrem Vortrag erkl\u00e4ren, was GAPS ist, und wie es anhand eines genauen Ern\u00e4hrungsprotokolls, das auf gesundem Menschenverstand und traditionellen Ern\u00e4hrungsgrunds\u00e4tzen beruht, die die Menschen \u00fcberall auf der Welt seit Jahrtausenden befolgen, behandelt werden kann.<br \/>\n<span style=\"color: #000080;\"><strong>Dr. Natasha Campbell-McBride MD<\/strong>, MmedSci(neurology), MmedSci(nutrition), Cambridge, England<\/span><\/p>\n<\/div>\n<\/div>\n<p>&nbsp;<\/p>\n<div class=\"row\">\n<div class=\"small-24 columns\">\n<div class=\"title-box\">\n<h2>Herzinfarkt durch \u201cb\u00f6se Fette\u201d?<\/h2>\n<div class=\"subtitle\">Die wahren Ursachen f\u00fcr Herzinfarkt, Arteriosklerose und Bluthochdruck<\/div>\n<\/div>\n<div id=\"attachment_19991\" style=\"width: 400px\" class=\"wp-caption alignleft\"><img loading=\"lazy\" decoding=\"async\" aria-describedby=\"caption-attachment-19991\" class=\"wp-image-19991 size-size-400\" src=\"https:\/\/www.naturalscience.org\/wp-content\/uploads\/2016\/06\/heart-400x247.jpg\" width=\"400\" height=\"247\" srcset=\"https:\/\/www.naturalscience.org\/wp-content\/uploads\/2016\/06\/heart-400x247.jpg 400w, https:\/\/www.naturalscience.org\/wp-content\/uploads\/2016\/06\/heart-300x186.jpg 300w, https:\/\/www.naturalscience.org\/wp-content\/uploads\/2016\/06\/heart-768x475.jpg 768w, https:\/\/www.naturalscience.org\/wp-content\/uploads\/2016\/06\/heart-164x101.jpg 164w, https:\/\/www.naturalscience.org\/wp-content\/uploads\/2016\/06\/heart-500x309.jpg 500w, https:\/\/www.naturalscience.org\/wp-content\/uploads\/2016\/06\/heart.jpg 970w\" sizes=\"auto, (max-width: 400px) 100vw, 400px\" \/><p id=\"caption-attachment-19991\" class=\"wp-caption-text\">Weltweit sterben j\u00e4hrlich mehr als 17 Millionen Menschen an Herz-Kreislauf-Krankheiten.<\/p><\/div>\n<p>Man hat viele Risikofaktoren ermittelt, die zur Entstehung von Arteriosklerose und Herz-Kreislauf-Erkrankungen beitragen. Doch h\u00f6ren die Leute meist nur von Cholesterin und Fett. W\u00e4hrend der letzten vierzig, f\u00fcnfzig Jahre haben wir einen Krieg gegen das Cholesterin und die Fette gef\u00fchrt. Dennoch erleiden die Menschen in der westlichen Welt genauso viele Herzinfarkte und Schlaganf\u00e4lle wie zuvor, obwohl sie doch \u201cherz-gesunde\u201d Di\u00e4ten befolgen. Machen wir also etwas falsch? Dr. Natasha Campbell-McBride spricht dar\u00fcber, was eine Herzkrankheit wirklich ist, was sie ausl\u00f6st, wie sie sich entwickelt und was Ern\u00e4hrung damit zu tun hat.<br \/>\n<span style=\"color: #000080;\"><strong>Dr. Natasha Campbell-McBride MD<\/strong>, MmedSci(neurology), MmedSci(nutrition), Cambridge, England<\/span><\/p>\n<\/div>\n<\/div>\n<p>&nbsp;<\/p>\n<div class=\"row\">\n<div class=\"small-24 columns\">\n<div class=\"title-box\">\n<h2>Ein kosmisches Gesetz bestimmt den Aufbau des Bienenstocks<\/h2>\n<div class=\"subtitle\">Und wie der Mensch mit technisch erzeugter Mikrowellenstrahlung diese Prozesse st\u00f6rt<\/div>\n<\/div>\n<div id=\"attachment_19987\" style=\"width: 400px\" class=\"wp-caption alignleft\"><img loading=\"lazy\" decoding=\"async\" aria-describedby=\"caption-attachment-19987\" class=\"wp-image-19987 size-size-400\" src=\"https:\/\/www.naturalscience.org\/wp-content\/uploads\/2016\/06\/bees-400x247.jpg\" width=\"400\" height=\"247\" srcset=\"https:\/\/www.naturalscience.org\/wp-content\/uploads\/2016\/06\/bees-400x247.jpg 400w, https:\/\/www.naturalscience.org\/wp-content\/uploads\/2016\/06\/bees-300x186.jpg 300w, https:\/\/www.naturalscience.org\/wp-content\/uploads\/2016\/06\/bees-768x475.jpg 768w, https:\/\/www.naturalscience.org\/wp-content\/uploads\/2016\/06\/bees-164x101.jpg 164w, https:\/\/www.naturalscience.org\/wp-content\/uploads\/2016\/06\/bees-500x309.jpg 500w, https:\/\/www.naturalscience.org\/wp-content\/uploads\/2016\/06\/bees.jpg 970w\" sizes=\"auto, (max-width: 400px) 100vw, 400px\" \/><p id=\"caption-attachment-19987\" class=\"wp-caption-text\">Die perfekte Symmetrie der Bienenwabe ist kein Zufall.<\/p><\/div>\n<p>Noch immer werden als Ursachen f\u00fcr das weltweite Bienensterben Pestizide, der R\u00fcckgang der Biodiversit\u00e4t, Parasiten etc. genannt und werden die verheerenden Auswirkungen von Mikrowellen auf die Bienen weitgehend ignoriert. Der Biologe Daniel Favre erkl\u00e4rt anhand seiner eigenen Forschungsresultate, warum die Bienen durch den Mobilfunk gest\u00f6rt werden. Er zeigt auch, dass diese hochintelligenten und faszinierenden Tiere ihren Bienenstock nach eindeutigen mathematischen Regeln und keineswegs zuf\u00e4llig aufbauen &#8211; und dass sich in diesen Baupl\u00e4nen ein kosmisches Gesetz erkennen l\u00e4sst.<br \/>\n<span style=\"color: #000080;\"><strong>Daniel Favre<\/strong>, Dr. Phil. Nat., Brent, Schweiz<\/span><\/p>\n<\/div>\n<\/div>\n<p>&nbsp;<\/p>\n<div class=\"row\">\n<div class=\"small-24 columns\">\n<div class=\"title-box\">\n<h2>Cholesterin \u2013 Freund oder Feind?<\/h2>\n<div class=\"subtitle\">Das Ende des M\u00e4rchens vom &#8222;guten&#8220; und &#8222;schlechten&#8220; Cholesterin<br \/>\nund die sichere Alternative zu den gesundheitsgef\u00e4hrdenden Pharmaprodukten<\/div>\n<\/div>\n<div id=\"attachment_19988\" style=\"width: 400px\" class=\"wp-caption alignleft\"><img loading=\"lazy\" decoding=\"async\" aria-describedby=\"caption-attachment-19988\" class=\"wp-image-19988 size-size-400\" src=\"https:\/\/www.naturalscience.org\/wp-content\/uploads\/2016\/06\/cholesterol-400x248.jpg\" width=\"400\" height=\"248\" srcset=\"https:\/\/www.naturalscience.org\/wp-content\/uploads\/2016\/06\/cholesterol-400x248.jpg 400w, https:\/\/www.naturalscience.org\/wp-content\/uploads\/2016\/06\/cholesterol-300x186.jpg 300w, https:\/\/www.naturalscience.org\/wp-content\/uploads\/2016\/06\/cholesterol-768x476.jpg 768w, https:\/\/www.naturalscience.org\/wp-content\/uploads\/2016\/06\/cholesterol-164x102.jpg 164w, https:\/\/www.naturalscience.org\/wp-content\/uploads\/2016\/06\/cholesterol-500x310.jpg 500w, https:\/\/www.naturalscience.org\/wp-content\/uploads\/2016\/06\/cholesterol.jpg 970w\" sizes=\"auto, (max-width: 400px) 100vw, 400px\" \/><p id=\"caption-attachment-19988\" class=\"wp-caption-text\">2014 verdiente die Pharmaindustrie weltweit 17,8 Milliarden Dollar mit Cholesterinsenkern.<\/p><\/div>\n<p>Industrie, Medien und \u00c4rzteschaft stellen Cholesterin seit Jahrzehnten als den alleinigen Verursacher von Arteriosklerose dar und damit als den Hauptgrund f\u00fcr Herz-Kreislauf-Erkrankungen, die Todesursache Nr. 1 in der westlichen Welt. W\u00e4hrend mit pharmazeutischen Cholesterinsenkern riesige Gewinne erzielt werden, wird die Bev\u00f6lkerung weder \u00fcber die gef\u00e4hrlichen Nebenwirkungen dieser Medikamente noch \u00fcber die unverzichtbare Rolle des Cholesterins f\u00fcr die Gesundheit aufgekl\u00e4rt. Dar\u00fcber hinaus ist die Wissenschaft den Beweis f\u00fcr die Wirksamkeit der chemischen Cholesterinsenker bisher schuldig geblieben. Es ist an der Zeit, die Fakten richtig zu stellen. Wir zeigen Ihnen, wie Sie Ihren Cholesterinspiegel mit nat\u00fcrlichen und vollwertigen Nahrungsmitteln selber ausbalancieren k\u00f6nnen &#8211; und damit Rundum-Vorbeugung nicht nur f\u00fcr Ihr Herz, sondern f\u00fcr den ganzen K\u00f6rper betreiben!<br \/>\n<span style=\"color: #000080;\"><strong>Lukas Waldmann<\/strong>, Heilpraktiker, Rotkreuz, Schweiz<\/span><\/p>\n<\/div>\n<\/div>\n<p>&nbsp;<\/p>\n<div class=\"row\">\n<div class=\"small-24 columns\">\n<div class=\"title-box\">\n<h2>Glykon\u00e4hrstoffe<\/h2>\n<div class=\"subtitle\">Die untersch\u00e4tzten Zelln\u00e4hrstoffe<\/div>\n<\/div>\n<div id=\"attachment_20878\" style=\"width: 400px\" class=\"wp-caption alignleft\"><img loading=\"lazy\" decoding=\"async\" aria-describedby=\"caption-attachment-20878\" class=\"wp-image-20878 size-size-400\" src=\"https:\/\/www.naturalscience.org\/wp-content\/uploads\/2016\/06\/glyco-400x248.jpg\" width=\"400\" height=\"248\" srcset=\"https:\/\/www.naturalscience.org\/wp-content\/uploads\/2016\/06\/glyco-400x248.jpg 400w, https:\/\/www.naturalscience.org\/wp-content\/uploads\/2016\/06\/glyco-300x186.jpg 300w, https:\/\/www.naturalscience.org\/wp-content\/uploads\/2016\/06\/glyco-768x476.jpg 768w, https:\/\/www.naturalscience.org\/wp-content\/uploads\/2016\/06\/glyco-164x102.jpg 164w, https:\/\/www.naturalscience.org\/wp-content\/uploads\/2016\/06\/glyco-500x310.jpg 500w, https:\/\/www.naturalscience.org\/wp-content\/uploads\/2016\/06\/glyco.jpg 970w\" sizes=\"auto, (max-width: 400px) 100vw, 400px\" \/><p id=\"caption-attachment-20878\" class=\"wp-caption-text\">Zellen m\u00fcssen miteinander kommunizieren k\u00f6nnen.<\/p><\/div>\n<p>Glykon\u00e4hrstoffe sind Zucker, und zwar gesunde! Mehr noch, Glykon\u00e4hrstoffe sind f\u00fcr jede Zelle im Organismus absolut lebenswichtig. Ohne sie gibt es zwischen den Zellen im K\u00f6rper keine fehlerfreie Kommunikation und keine geregelten biochemischen Reaktionen. Nur wenn die Kommunikation auf der Zellebene reibungslos funktioniert, ist unser K\u00f6rper in der Lage, seine Selbstheilungskr\u00e4fte freizusetzen und sich selber gesund zu erhalten.<br \/>\n<span style=\"color: #000080;\"><strong>Lukas Waldmann<\/strong>, Heilpraktiker, Rotkreuz, Schweiz<\/span><\/p>\n<\/div>\n<\/div>\n<p>&nbsp;<\/p>\n<div class=\"row\">\n<div class=\"small-24 columns\">\n<div class=\"title-box\">\n<h2>Musik<\/h2>\n<div class=\"subtitle\">Wie sie auf uns Menschen wirkt<\/div>\n<\/div>\n<div id=\"attachment_20879\" style=\"width: 400px\" class=\"wp-caption alignleft\"><img loading=\"lazy\" decoding=\"async\" aria-describedby=\"caption-attachment-20879\" class=\"wp-image-20879 size-size-400\" src=\"https:\/\/www.naturalscience.org\/wp-content\/uploads\/2016\/06\/music-400x247.jpg\" width=\"400\" height=\"247\" srcset=\"https:\/\/www.naturalscience.org\/wp-content\/uploads\/2016\/06\/music-400x247.jpg 400w, https:\/\/www.naturalscience.org\/wp-content\/uploads\/2016\/06\/music-300x186.jpg 300w, https:\/\/www.naturalscience.org\/wp-content\/uploads\/2016\/06\/music-768x475.jpg 768w, https:\/\/www.naturalscience.org\/wp-content\/uploads\/2016\/06\/music-164x101.jpg 164w, https:\/\/www.naturalscience.org\/wp-content\/uploads\/2016\/06\/music-500x309.jpg 500w, https:\/\/www.naturalscience.org\/wp-content\/uploads\/2016\/06\/music.jpg 970w\" sizes=\"auto, (max-width: 400px) 100vw, 400px\" \/><p id=\"caption-attachment-20879\" class=\"wp-caption-text\">\u201eOhne Musik w\u00e4re das Leben ein Irrtum\u201c \u2013 F.W. Nietzsche<\/p><\/div>\n<p>Musik tr\u00f6stet, heilt, gibt Energie, beruhigt, spornt an. Doch so wie Musik uns erheben kann, kann sie uns auch erniedrigen und sogar zerst\u00f6ren. Warum wirkt Musik auf uns in so kraftvoller \u2013 positiver oder negativer \u2013 Weise? Was haben Werteverfall und Kriminalit\u00e4t mit Musik zu tun? Kann Musik manipulieren? Und was versteht man unter Gewaltmusik? M\u00fcssen wir uns Dauerbeschallung im \u00f6ffentlichen Raum aufzwingen lassen und welchen Einfluss hat dies auf uns?<br \/>\n<span style=\"color: #000080;\"><strong>Rev. Bro. Sandro K\u00fcnzle<\/strong>, SF, Sassofortino, Italien<br \/>\n<strong>Cornelie Thomas<\/strong>, Diplom-Mathematikerin, Diplom-Musiklehrerin, G\u00e4rtringen, Deutschland<br \/>\n<\/span><\/p>\n<\/div>\n<\/div>\n<p>&nbsp;<\/p>\n<div class=\"row\">\n<div class=\"small-24 columns\">\n<div class=\"title-box\">\n<h2>Die Digitalisierung der Gesellschaft und ihre Folgen<\/h2>\n<\/div>\n<p><img loading=\"lazy\" decoding=\"async\" class=\"alignleft size-size-400 wp-image-21914\" src=\"https:\/\/www.naturalscience.org\/wp-content\/uploads\/2016\/09\/family-mobile-devices-400x248.jpg\" alt=\"family-mobile-devices\" width=\"400\" height=\"248\" srcset=\"https:\/\/www.naturalscience.org\/wp-content\/uploads\/2016\/09\/family-mobile-devices-400x248.jpg 400w, https:\/\/www.naturalscience.org\/wp-content\/uploads\/2016\/09\/family-mobile-devices-300x186.jpg 300w, https:\/\/www.naturalscience.org\/wp-content\/uploads\/2016\/09\/family-mobile-devices-768x476.jpg 768w, https:\/\/www.naturalscience.org\/wp-content\/uploads\/2016\/09\/family-mobile-devices-164x102.jpg 164w, https:\/\/www.naturalscience.org\/wp-content\/uploads\/2016\/09\/family-mobile-devices-500x310.jpg 500w, https:\/\/www.naturalscience.org\/wp-content\/uploads\/2016\/09\/family-mobile-devices.jpg 970w\" sizes=\"auto, (max-width: 400px) 100vw, 400px\" \/><\/p>\n<p>Ein Leben ohne Internet \u2013 Das k\u00f6nnen wir uns kaum mehr vorstellen. Doch wie hat die Digitalisierung unsere Gesellschaft ver\u00e4ndert? Warum \u201cverlieren\u201d sich immer mehr Menschen im Internet? Welche Auswirkungen haben Soziale Medien auf die Entwicklung und Gehirne unserer Kinder? Besteht ein Zusammenhang zwischen der Nutzung digitaler Medien und der rasanten Ausbreitung von Sprach- und Lernst\u00f6rungen, Aufmerksamkeitsdefiziten, Stress und der steigenden Gewaltbereitschaft bei Kindern und Jugendlichen? Erfahren Sie, warum dringender Handlungsbedarf besteht und wie ein verantwortungsvoller Umgang mit diesen modernen Technologien aussehen kann.<br \/>\n<span style=\"color: #000080;\"><strong>David Seiler<\/strong>, Redaktor &amp; <strong>Isabelle Schneider<\/strong> Lehrerin und Sozialarbeiterin, Neuheim, Schweiz<br \/>\n<\/span><\/p>\n<\/div>\n<\/div>\n<p>&nbsp;<\/p>\n<p class=\"text-center\"><a class=\"button radius\" href=\"https:\/\/www.naturalscience.org\/de\/kongress-2016\/\"><i class=\"fa fa-chevron-circle-left \" ><\/i>\u00a0\u00a0Zur\u00fcck zur \u00dcbersicht<\/a><\/p>\n","protected":false},"excerpt":{"rendered":"Sie sind ein Genie! Neues aus der Gehirnforschung, um die grauen Zellen zu H\u00f6chstleistungen anzuspornen Entweder man wird als Super-Hirn oder als eher tr\u00fcbe Leuchte geboren und damit hat sich\u2019s dann f\u00fcr den Rest des Lebens? &#8211; Irrtum! Aus der Neuroplastizit\u00e4t, einem faszinierenden Bereich der Neurobiologie, ist bekannt, dass sich Synapsen, Nervenzellen, ja sogar ganze [&hellip;]","protected":false},"author":9,"featured_media":0,"parent":17539,"menu_order":3,"comment_status":"closed","ping_status":"closed","template":"page-full.php","meta":{"_acf_changed":false,"ngg_post_thumbnail":0,"footnotes":""},"categories":[],"class_list":["post-19986","page","type-page","status-publish","hentry","wpautop"],"acf":[],"yoast_head":"<!-- This site is optimized with the Yoast SEO plugin v27.5 - https:\/\/yoast.com\/product\/yoast-seo-wordpress\/ -->\n<title>Vortr\u00e4ge &amp; Referenten - The World Foundation for Natural Science<\/title>\n<meta name=\"robots\" content=\"index, follow, max-snippet:-1, max-image-preview:large, max-video-preview:-1\" \/>\n<link rel=\"canonical\" href=\"https:\/\/www.naturalscience.org\/de\/kongress-2016\/vortraege\/\" \/>\n<meta name=\"twitter:label1\" content=\"Gesch\u00e4tzte Lesezeit\" \/>\n\t<meta name=\"twitter:data1\" content=\"5\u00a0Minuten\" \/>\n<script type=\"application\/ld+json\" class=\"yoast-schema-graph\">{\"@context\":\"https:\\\/\\\/schema.org\",\"@graph\":[{\"@type\":\"WebPage\",\"@id\":\"https:\\\/\\\/www.naturalscience.org\\\/de\\\/kongress-2016\\\/vortraege\\\/\",\"url\":\"https:\\\/\\\/www.naturalscience.org\\\/de\\\/kongress-2016\\\/vortraege\\\/\",\"name\":\"Vortr\u00e4ge & Referenten - The World Foundation for Natural Science\",\"isPartOf\":{\"@id\":\"https:\\\/\\\/www.naturalscience.org\\\/#website\"},\"primaryImageOfPage\":{\"@id\":\"https:\\\/\\\/www.naturalscience.org\\\/de\\\/kongress-2016\\\/vortraege\\\/#primaryimage\"},\"image\":{\"@id\":\"https:\\\/\\\/www.naturalscience.org\\\/de\\\/kongress-2016\\\/vortraege\\\/#primaryimage\"},\"thumbnailUrl\":\"https:\\\/\\\/www.naturalscience.org\\\/wp-content\\\/uploads\\\/2016\\\/06\\\/brain-400x247.jpg\",\"datePublished\":\"2016-06-11T09:43:01+00:00\",\"dateModified\":\"2016-09-14T07:48:59+00:00\",\"breadcrumb\":{\"@id\":\"https:\\\/\\\/www.naturalscience.org\\\/de\\\/kongress-2016\\\/vortraege\\\/#breadcrumb\"},\"inLanguage\":\"de\",\"potentialAction\":[{\"@type\":\"ReadAction\",\"target\":[\"https:\\\/\\\/www.naturalscience.org\\\/de\\\/kongress-2016\\\/vortraege\\\/\"]}]},{\"@type\":\"ImageObject\",\"inLanguage\":\"de\",\"@id\":\"https:\\\/\\\/www.naturalscience.org\\\/de\\\/kongress-2016\\\/vortraege\\\/#primaryimage\",\"url\":\"https:\\\/\\\/www.naturalscience.org\\\/wp-content\\\/uploads\\\/2016\\\/06\\\/brain-400x247.jpg\",\"contentUrl\":\"https:\\\/\\\/www.naturalscience.org\\\/wp-content\\\/uploads\\\/2016\\\/06\\\/brain-400x247.jpg\"},{\"@type\":\"BreadcrumbList\",\"@id\":\"https:\\\/\\\/www.naturalscience.org\\\/de\\\/kongress-2016\\\/vortraege\\\/#breadcrumb\",\"itemListElement\":[{\"@type\":\"ListItem\",\"position\":1,\"name\":\"Home\",\"item\":\"https:\\\/\\\/www.naturalscience.org\\\/de\\\/\"},{\"@type\":\"ListItem\",\"position\":2,\"name\":\"21. Internationaler \u201eNeuer Wissenschaftlicher Ausblick\u201c Welt-Kongress\",\"item\":\"https:\\\/\\\/www.naturalscience.org\\\/de\\\/kongress-2016\\\/\"},{\"@type\":\"ListItem\",\"position\":3,\"name\":\"Vortr\u00e4ge &#038; Referenten\"}]},{\"@type\":\"WebSite\",\"@id\":\"https:\\\/\\\/www.naturalscience.org\\\/#website\",\"url\":\"https:\\\/\\\/www.naturalscience.org\\\/\",\"name\":\"The World Foundation for Natural Science\",\"description\":\"Restoring and Healing the World through Responsibility and Commitment in accord with Natural and Divine Law!\",\"potentialAction\":[{\"@type\":\"SearchAction\",\"target\":{\"@type\":\"EntryPoint\",\"urlTemplate\":\"https:\\\/\\\/www.naturalscience.org\\\/?s={search_term_string}\"},\"query-input\":{\"@type\":\"PropertyValueSpecification\",\"valueRequired\":true,\"valueName\":\"search_term_string\"}}],\"inLanguage\":\"de\"}]}<\/script>\n<!-- \/ Yoast SEO plugin. -->","yoast_head_json":{"title":"Vortr\u00e4ge & Referenten - The World Foundation for Natural Science","robots":{"index":"index","follow":"follow","max-snippet":"max-snippet:-1","max-image-preview":"max-image-preview:large","max-video-preview":"max-video-preview:-1"},"canonical":"https:\/\/www.naturalscience.org\/de\/kongress-2016\/vortraege\/","twitter_misc":{"Gesch\u00e4tzte Lesezeit":"5\u00a0Minuten"},"schema":{"@context":"https:\/\/schema.org","@graph":[{"@type":"WebPage","@id":"https:\/\/www.naturalscience.org\/de\/kongress-2016\/vortraege\/","url":"https:\/\/www.naturalscience.org\/de\/kongress-2016\/vortraege\/","name":"Vortr\u00e4ge & Referenten - The World Foundation for Natural Science","isPartOf":{"@id":"https:\/\/www.naturalscience.org\/#website"},"primaryImageOfPage":{"@id":"https:\/\/www.naturalscience.org\/de\/kongress-2016\/vortraege\/#primaryimage"},"image":{"@id":"https:\/\/www.naturalscience.org\/de\/kongress-2016\/vortraege\/#primaryimage"},"thumbnailUrl":"https:\/\/www.naturalscience.org\/wp-content\/uploads\/2016\/06\/brain-400x247.jpg","datePublished":"2016-06-11T09:43:01+00:00","dateModified":"2016-09-14T07:48:59+00:00","breadcrumb":{"@id":"https:\/\/www.naturalscience.org\/de\/kongress-2016\/vortraege\/#breadcrumb"},"inLanguage":"de","potentialAction":[{"@type":"ReadAction","target":["https:\/\/www.naturalscience.org\/de\/kongress-2016\/vortraege\/"]}]},{"@type":"ImageObject","inLanguage":"de","@id":"https:\/\/www.naturalscience.org\/de\/kongress-2016\/vortraege\/#primaryimage","url":"https:\/\/www.naturalscience.org\/wp-content\/uploads\/2016\/06\/brain-400x247.jpg","contentUrl":"https:\/\/www.naturalscience.org\/wp-content\/uploads\/2016\/06\/brain-400x247.jpg"},{"@type":"BreadcrumbList","@id":"https:\/\/www.naturalscience.org\/de\/kongress-2016\/vortraege\/#breadcrumb","itemListElement":[{"@type":"ListItem","position":1,"name":"Home","item":"https:\/\/www.naturalscience.org\/de\/"},{"@type":"ListItem","position":2,"name":"21. Internationaler \u201eNeuer Wissenschaftlicher Ausblick\u201c Welt-Kongress","item":"https:\/\/www.naturalscience.org\/de\/kongress-2016\/"},{"@type":"ListItem","position":3,"name":"Vortr\u00e4ge &#038; Referenten"}]},{"@type":"WebSite","@id":"https:\/\/www.naturalscience.org\/#website","url":"https:\/\/www.naturalscience.org\/","name":"The World Foundation for Natural Science","description":"Restoring and Healing the World through Responsibility and Commitment in accord with Natural and Divine Law!","potentialAction":[{"@type":"SearchAction","target":{"@type":"EntryPoint","urlTemplate":"https:\/\/www.naturalscience.org\/?s={search_term_string}"},"query-input":{"@type":"PropertyValueSpecification","valueRequired":true,"valueName":"search_term_string"}}],"inLanguage":"de"}]}},"_links":{"self":[{"href":"https:\/\/www.naturalscience.org\/de\/wp-json\/wp\/v2\/pages\/19986","targetHints":{"allow":["GET"]}}],"collection":[{"href":"https:\/\/www.naturalscience.org\/de\/wp-json\/wp\/v2\/pages"}],"about":[{"href":"https:\/\/www.naturalscience.org\/de\/wp-json\/wp\/v2\/types\/page"}],"author":[{"embeddable":true,"href":"https:\/\/www.naturalscience.org\/de\/wp-json\/wp\/v2\/users\/9"}],"replies":[{"embeddable":true,"href":"https:\/\/www.naturalscience.org\/de\/wp-json\/wp\/v2\/comments?post=19986"}],"version-history":[{"count":36,"href":"https:\/\/www.naturalscience.org\/de\/wp-json\/wp\/v2\/pages\/19986\/revisions"}],"predecessor-version":[{"id":21968,"href":"https:\/\/www.naturalscience.org\/de\/wp-json\/wp\/v2\/pages\/19986\/revisions\/21968"}],"up":[{"embeddable":true,"href":"https:\/\/www.naturalscience.org\/de\/wp-json\/wp\/v2\/pages\/17539"}],"wp:attachment":[{"href":"https:\/\/www.naturalscience.org\/de\/wp-json\/wp\/v2\/media?parent=19986"}],"wp:term":[{"taxonomy":"category","embeddable":true,"href":"https:\/\/www.naturalscience.org\/de\/wp-json\/wp\/v2\/categories?post=19986"}],"curies":[{"name":"wp","href":"https:\/\/api.w.org\/{rel}","templated":true}]}}