{"id":17959,"date":"2016-02-29T16:47:02","date_gmt":"2016-02-29T15:47:02","guid":{"rendered":"http:\/\/www.naturalscience.org\/de\/ueber-uns\/eine-erklaerung-fuers-leben\/"},"modified":"2016-02-29T16:50:07","modified_gmt":"2016-02-29T15:50:07","slug":"eine-erklaerung-fuers-leben","status":"publish","type":"page","link":"https:\/\/www.naturalscience.org\/de\/ueber-uns\/eine-erklaerung-fuers-leben\/","title":{"rendered":"Eine Erkl\u00e4rung f\u00fcrs Leben"},"content":{"rendered":"<p>Da ich erkenne, dass die Menschheit die ihr innewohnende Kraft besitzt, die verheerenden Taten und deren Auswirkungen umzukehren \u2014 die prim\u00e4r verursacht werden von den ungebildeten Menschen und der geldgierigen Gesch\u00e4ftswelt [die das Geld der Welt kontrolliert, das Wissenschaftler und Ingenieure der Welt als Forschungszusch\u00fcsse zu erhalten suchen, um Projekte zu finanzieren und neue Ideen oder Erfindungen zu entwickeln, die jedoch erst noch den Punkt erreichen m\u00fcssen, an dem sie der \u00d6ffentlichkeit verkauft werden k\u00f6nnen, um einen Ertrag als Gegenleistung f\u00fcr die get\u00e4tigte Investition zu erbringen], die Mutter Erde und jeden Teil des Lebens auf dem Planeten langsam aber sicher und vor allem unerbittlich umbringen\u2014indem sie das Wasser untrinkbar machen, die Luft nicht atembar machen, den Boden vergiften, die B\u00e4ume, die Pflanzen und die Blumen t\u00f6ten, die Fische in Chemikalien ertr\u00e4nken, die Tiere im Namen der Wissenschaft oder des Sportes wegen t\u00f6ten und dabei Millionen unschuldiger menschlicher Wesen ermorden, <strong>will ich der unmittelbaren Welt um mich herum durch Bildung und Unterweisung helfen, sie unterst\u00fctzen und ermutigen.<\/strong> Die Gesch\u00e4ftswelt braucht die Wissenschaftler und Ingenieure, damit sie ihr neue Produkte geben, die sie so dringend braucht, um im Gesch\u00e4ft zu bleiben, und die wissenschaftliche Welt des Ingenieurwesens braucht das Geld. Und diese beiden \u201aWelten\u2018 innerhalb einer Welt kontrollieren den \u201aMarkt\u2018, und es sind diese beiden zusammenarbeitenden Welten, die in sich zu einer Macht geworden sind, die die T\u00f6tung unseres Planeten nach sich zieht.<\/p>\n<p>Ein Gro\u00dfteil der Umkehr der verheerenden Auswirkungen h\u00e4ngt jetzt ab von der Zusammenarbeit der vielen Wissenschaftler, \u00c4rzte, Physiotherapeuten, Psychotherapeuten, ausgebildeten Krankenpfleger, Psychiater, Psychologen, Doktoren (Akademiker), Universit\u00e4tsdozenten, Universit\u00e4tsprofessoren, praktischen Mediziner, Chiropraktiker, Akupunkturspezialisten, Physiker, Biologen, hom\u00f6opathischen \u00c4rzte, Naturheilpraktiker, Erfinder, Garagenbastler, Elektriker, Techniker, Computerprogrammierer, Funkamateure, Geologen, Pantheologen, Kinder\u00e4rzte, Chirurgen, Handelsvertreter der Pharmafirmen, Zahn\u00e4rzte, Gelehrten, Philosophen, Hochschulabsolventen, Studenten, Wirtschaftsstudenten, Meteorologen, Elektronikspezialisten, P\u00e4dagogen, Mathematiker, Verk\u00e4ufer und Verk\u00e4uferinnen und Wirtschaftsf\u00fchrer auf jedem Gebiet, Hausfrauen, Lehrer und Kinderg\u00e4rtner, et cetera&#8230;etc&#8230;.etc&#8230;<\/p>\n<p>In der Erkenntnis, dass der Erfolg einer solchen Umkehr und letztlich die Gesundheit unseres Planeten in den H\u00e4nden und im Herzen von Menschen wie mir liegt, w\u00fcnsche ich, ein Teil dieser <strong>h\u00f6chst bedeutsamen, LEBENSWICHTIGEN Wissenschaftlichen Bestrebung, <i>The World Foundation for Natural Science<\/i>,<\/strong> zu sein. Ich will helfen, die gegenw\u00e4rtige Tendenz zu \u00e4ndern, zu denken, nur Geld und finanzielle Gewinne w\u00e4ren n\u00f6tig, um ein gesundes und gl\u00fcckliches Leben zu f\u00fchren, mit wenig oder gar keiner R\u00fccksichtnahme auf die Gesundheit unserer Welt, und das Netz der T\u00e4uschung und der Gier zu durchbrechen, das das Gem\u00fct und das Herz manch eines unschuldigen Mannes und einer unschuldigen Frau erdrosselt, die sich dieser zerst\u00f6rerischen Handlungen g\u00e4nzlich unbewusst sind.<\/p>\n<p>Unter Anerkennung der Tatsache, dass ich in ein weiteres Leben zur\u00fcckkehren werde, um mich beispielsweise um die hochgiftigen M\u00fclldeponien zu k\u00fcmmern, f\u00fcr die ich w\u00e4hrend dieses Lebens m\u00f6glicherweise verantwortlich bin, sowie um die Verschmutzung, von der ich <i>wei\u00df<\/i>, dass ich (oder die Industrie als Ganzes) sie m\u00f6glicherweise <u>w\u00e4hrend<\/u> meines Lebens hier auf Erden erzeuge, wobei ich stattdessen w\u00e4hle, jede m\u00f6gliche \u201eVerz\u00f6gerungstaktik\u201c anzuwenden, die mir in meiner allt\u00e4glichen Routine m\u00f6glich ist, um das hinauszuschieben, von dem ich wei\u00df, dass ich mich heute darum k\u00fcmmern k\u00f6nnte, und es bewusst ignoriert oder unter den sprichw\u00f6rtlichen Teppich der Verantwortungslosigkeit gekehrt habe, will ich nun anfangen, das Vern\u00fcnftige zu tun und die Initiative f\u00fcr eine bessere, sauberere und ges\u00fcndere Welt zu ergreifen, nicht nur um meinetwillen, sondern f\u00fcr all jene, die weit \u00fcber meine Lebenszeit hinaus leben werden. Da ich mir die Frage stelle, wann ich imstande sein werde, das zu korrigieren, wovon ich heute erkenne, dass es falsch ist, lautet die Antwort, die zu mir zur\u00fcckkommt: \u201eJetzt!\u201c<\/p>\n<p>Ich erkenne, dass es eine Gr\u00f6\u00dfere Kraft geben muss, eine H\u00f6here Intelligenz, gr\u00f6\u00dfer als unsere eigene\u2014eine MACHT, wie man es nennen kann\u2014, die lenkt, wieder aufleben l\u00e4sst, wiederherstellt \u201aund alles neu macht, wieder\u2018&#8230;.und wieder&#8230;.und wieder. <small>[Off. 21,5]<\/small> F\u00fcr eine best\u00e4ndige und fortw\u00e4hrende Wiederherstellung unserer Welt und unseres Lebens, im Einklang mit dem Nat\u00fcrlichen und G\u00f6ttlichen Gesetz, sind intelligente und ehrliche M\u00e4nner und Frauen\u2014wie ich selbst\u2014aus allen Schichten der Gesellschaft notwendig, ungeachtet ihrer Religion oder Konfession, ungeachtet ihrer Hautfarbe, ungeachtet ihres Alters oder ihrer Nationalit\u00e4t, die sich alle engagieren, um einen positiven und dauerhaften Unterschied auf dieser Welt f\u00fcr die Welt von heute und f\u00fcr die Zukunft unseres Planeten zu bewirken, und um zu studieren, was diese Welt ausmacht, was diese Welt erh\u00e4lt, und was diese Welt ben\u00f6tigt, um im wahren Geiste weiterbestehen zu k\u00f6nnen, in und mit dem sie urspr\u00fcnglich erschaffen worden war. Die Gesundheit unserer Welt oder dessen, was wir auch das Klassenzimmer Planet Erde nennen, ebenso wie das individuelle Leben jedes Mannes, jeder Frau und jedes Kindes, des Tier- und Naturreichs gleicherma\u00dfen, ebenso wie das Leben der Menschheit insgesamt, h\u00e4ngen von uns allen ab, die wir auf diesem Planeten leben, sowie von unserer Lebensweise!<\/p>\n","protected":false},"excerpt":{"rendered":"Da ich erkenne, dass die Menschheit die ihr innewohnende Kraft besitzt, die verheerenden Taten und deren Auswirkungen umzukehren \u2014 die prim\u00e4r verursacht werden von den ungebildeten Menschen und der geldgierigen Gesch\u00e4ftswelt [die das Geld der Welt kontrolliert, das Wissenschaftler und Ingenieure der Welt als Forschungszusch\u00fcsse zu erhalten suchen, um Projekte zu finanzieren und neue Ideen [&hellip;]","protected":false},"author":9,"featured_media":0,"parent":168,"menu_order":58,"comment_status":"closed","ping_status":"closed","template":"","meta":{"_acf_changed":false,"ngg_post_thumbnail":0,"footnotes":""},"categories":[],"class_list":["post-17959","page","type-page","status-publish","hentry","wpautop"],"acf":[],"yoast_head":"<!-- This site is optimized with the Yoast SEO plugin v27.5 - https:\/\/yoast.com\/product\/yoast-seo-wordpress\/ -->\n<title>Eine Erkl\u00e4rung f\u00fcrs Leben - The World Foundation for Natural Science<\/title>\n<meta name=\"robots\" content=\"index, follow, max-snippet:-1, max-image-preview:large, max-video-preview:-1\" \/>\n<link rel=\"canonical\" href=\"https:\/\/www.naturalscience.org\/de\/ueber-uns\/eine-erklaerung-fuers-leben\/\" \/>\n<meta name=\"twitter:label1\" content=\"Gesch\u00e4tzte Lesezeit\" \/>\n\t<meta name=\"twitter:data1\" content=\"4\u00a0Minuten\" \/>\n<script type=\"application\/ld+json\" class=\"yoast-schema-graph\">{\"@context\":\"https:\\\/\\\/schema.org\",\"@graph\":[{\"@type\":\"WebPage\",\"@id\":\"https:\\\/\\\/www.naturalscience.org\\\/de\\\/ueber-uns\\\/eine-erklaerung-fuers-leben\\\/\",\"url\":\"https:\\\/\\\/www.naturalscience.org\\\/de\\\/ueber-uns\\\/eine-erklaerung-fuers-leben\\\/\",\"name\":\"Eine Erkl\u00e4rung f\u00fcrs Leben - The World Foundation for Natural Science\",\"isPartOf\":{\"@id\":\"https:\\\/\\\/www.naturalscience.org\\\/#website\"},\"datePublished\":\"2016-02-29T15:47:02+00:00\",\"dateModified\":\"2016-02-29T15:50:07+00:00\",\"breadcrumb\":{\"@id\":\"https:\\\/\\\/www.naturalscience.org\\\/de\\\/ueber-uns\\\/eine-erklaerung-fuers-leben\\\/#breadcrumb\"},\"inLanguage\":\"de\",\"potentialAction\":[{\"@type\":\"ReadAction\",\"target\":[\"https:\\\/\\\/www.naturalscience.org\\\/de\\\/ueber-uns\\\/eine-erklaerung-fuers-leben\\\/\"]}]},{\"@type\":\"BreadcrumbList\",\"@id\":\"https:\\\/\\\/www.naturalscience.org\\\/de\\\/ueber-uns\\\/eine-erklaerung-fuers-leben\\\/#breadcrumb\",\"itemListElement\":[{\"@type\":\"ListItem\",\"position\":1,\"name\":\"Home\",\"item\":\"https:\\\/\\\/www.naturalscience.org\\\/de\\\/\"},{\"@type\":\"ListItem\",\"position\":2,\"name\":\"\u00dcber uns\",\"item\":\"https:\\\/\\\/www.naturalscience.org\\\/de\\\/ueber-uns\\\/\"},{\"@type\":\"ListItem\",\"position\":3,\"name\":\"Eine Erkl\u00e4rung f\u00fcrs Leben\"}]},{\"@type\":\"WebSite\",\"@id\":\"https:\\\/\\\/www.naturalscience.org\\\/#website\",\"url\":\"https:\\\/\\\/www.naturalscience.org\\\/\",\"name\":\"The World Foundation for Natural Science\",\"description\":\"Restoring and Healing the World through Responsibility and Commitment in accord with Natural and Divine Law!\",\"potentialAction\":[{\"@type\":\"SearchAction\",\"target\":{\"@type\":\"EntryPoint\",\"urlTemplate\":\"https:\\\/\\\/www.naturalscience.org\\\/?s={search_term_string}\"},\"query-input\":{\"@type\":\"PropertyValueSpecification\",\"valueRequired\":true,\"valueName\":\"search_term_string\"}}],\"inLanguage\":\"de\"}]}<\/script>\n<!-- \/ Yoast SEO plugin. -->","yoast_head_json":{"title":"Eine Erkl\u00e4rung f\u00fcrs Leben - The World Foundation for Natural Science","robots":{"index":"index","follow":"follow","max-snippet":"max-snippet:-1","max-image-preview":"max-image-preview:large","max-video-preview":"max-video-preview:-1"},"canonical":"https:\/\/www.naturalscience.org\/de\/ueber-uns\/eine-erklaerung-fuers-leben\/","twitter_misc":{"Gesch\u00e4tzte Lesezeit":"4\u00a0Minuten"},"schema":{"@context":"https:\/\/schema.org","@graph":[{"@type":"WebPage","@id":"https:\/\/www.naturalscience.org\/de\/ueber-uns\/eine-erklaerung-fuers-leben\/","url":"https:\/\/www.naturalscience.org\/de\/ueber-uns\/eine-erklaerung-fuers-leben\/","name":"Eine Erkl\u00e4rung f\u00fcrs Leben - The World Foundation for Natural Science","isPartOf":{"@id":"https:\/\/www.naturalscience.org\/#website"},"datePublished":"2016-02-29T15:47:02+00:00","dateModified":"2016-02-29T15:50:07+00:00","breadcrumb":{"@id":"https:\/\/www.naturalscience.org\/de\/ueber-uns\/eine-erklaerung-fuers-leben\/#breadcrumb"},"inLanguage":"de","potentialAction":[{"@type":"ReadAction","target":["https:\/\/www.naturalscience.org\/de\/ueber-uns\/eine-erklaerung-fuers-leben\/"]}]},{"@type":"BreadcrumbList","@id":"https:\/\/www.naturalscience.org\/de\/ueber-uns\/eine-erklaerung-fuers-leben\/#breadcrumb","itemListElement":[{"@type":"ListItem","position":1,"name":"Home","item":"https:\/\/www.naturalscience.org\/de\/"},{"@type":"ListItem","position":2,"name":"\u00dcber uns","item":"https:\/\/www.naturalscience.org\/de\/ueber-uns\/"},{"@type":"ListItem","position":3,"name":"Eine Erkl\u00e4rung f\u00fcrs Leben"}]},{"@type":"WebSite","@id":"https:\/\/www.naturalscience.org\/#website","url":"https:\/\/www.naturalscience.org\/","name":"The World Foundation for Natural Science","description":"Restoring and Healing the World through Responsibility and Commitment in accord with Natural and Divine Law!","potentialAction":[{"@type":"SearchAction","target":{"@type":"EntryPoint","urlTemplate":"https:\/\/www.naturalscience.org\/?s={search_term_string}"},"query-input":{"@type":"PropertyValueSpecification","valueRequired":true,"valueName":"search_term_string"}}],"inLanguage":"de"}]}},"_links":{"self":[{"href":"https:\/\/www.naturalscience.org\/de\/wp-json\/wp\/v2\/pages\/17959","targetHints":{"allow":["GET"]}}],"collection":[{"href":"https:\/\/www.naturalscience.org\/de\/wp-json\/wp\/v2\/pages"}],"about":[{"href":"https:\/\/www.naturalscience.org\/de\/wp-json\/wp\/v2\/types\/page"}],"author":[{"embeddable":true,"href":"https:\/\/www.naturalscience.org\/de\/wp-json\/wp\/v2\/users\/9"}],"replies":[{"embeddable":true,"href":"https:\/\/www.naturalscience.org\/de\/wp-json\/wp\/v2\/comments?post=17959"}],"version-history":[{"count":2,"href":"https:\/\/www.naturalscience.org\/de\/wp-json\/wp\/v2\/pages\/17959\/revisions"}],"predecessor-version":[{"id":17961,"href":"https:\/\/www.naturalscience.org\/de\/wp-json\/wp\/v2\/pages\/17959\/revisions\/17961"}],"up":[{"embeddable":true,"href":"https:\/\/www.naturalscience.org\/de\/wp-json\/wp\/v2\/pages\/168"}],"wp:attachment":[{"href":"https:\/\/www.naturalscience.org\/de\/wp-json\/wp\/v2\/media?parent=17959"}],"wp:term":[{"taxonomy":"category","embeddable":true,"href":"https:\/\/www.naturalscience.org\/de\/wp-json\/wp\/v2\/categories?post=17959"}],"curies":[{"name":"wp","href":"https:\/\/api.w.org\/{rel}","templated":true}]}}