{"id":16985,"date":"2016-01-15T16:23:57","date_gmt":"2016-01-15T15:23:57","guid":{"rendered":"http:\/\/www.naturalscience.org\/de\/?page_id=16985"},"modified":"2017-12-07T18:40:31","modified_gmt":"2017-12-07T17:40:31","slug":"rueckblick","status":"publish","type":"page","link":"https:\/\/www.naturalscience.org\/de\/kongress-2015\/rueckblick\/","title":{"rendered":"R\u00fcckblick"},"content":{"rendered":"<div class=\"landingpage-header text-center\" style=\"margin-bottom: 20px;\">\n<h1>R\u00fcckblick auf den 20. Internationalen<br \/>&nbsp;\u00abNeuer Wissenschaftlicher Ausblick\u00bb Welt-Kongress<\/h1>\n<div class=\"date\">von<br \/>\nThe World Foundation for Natural Science<\/div>\n<div style=\"margin: 10px 0; font-size: 24px; font-style: italic;\">\u201cLass die Natur Dein Lehrer sein!\u201d<\/div>\n<p>Donnerstag, 29. Oktober bis Sonntag, 1. November 2015<\/p>\n<\/div>\n<p style=\"text-align: center; margin: 20px 0;\"><a class=\"button radius alert\" href=\"https:\/\/www.naturalscience.org\/de\/kongress-2015\/vortraege\/\"><i class=\"fa fa-angle-right\"><\/i>\u00a0\u00a0Hier Vortr\u00e4ge ansehen<\/a><\/p>\n<p><strong><img loading=\"lazy\" decoding=\"async\" class=\"alignright wp-image-17309 size-medium\" src=\"https:\/\/www.naturalscience.org\/wp-content\/uploads\/2016\/01\/luebke-hildebrandt_web-e1452953370360-264x300.jpg\" alt=\"luebke-hildebrandt_web\" width=\"264\" height=\"300\" srcset=\"https:\/\/www.naturalscience.org\/wp-content\/uploads\/2016\/01\/luebke-hildebrandt_web-e1452953370360-264x300.jpg 264w, https:\/\/www.naturalscience.org\/wp-content\/uploads\/2016\/01\/luebke-hildebrandt_web-e1452953370360-144x164.jpg 144w, https:\/\/www.naturalscience.org\/wp-content\/uploads\/2016\/01\/luebke-hildebrandt_web-e1452953370360.jpg 480w\" sizes=\"auto, (max-width: 264px) 100vw, 264px\" \/>Angelika L\u00fcbke-Hildebrandt, Expertin f\u00fcr Bodenqualit\u00e4t,<\/strong> vermittelte das Verst\u00e4ndnis daf\u00fcr, dass der Boden ein lebendiger Organismus ist, der gehegt und gepflegt und nicht l\u00e4nger ausgepresst und vergewaltigt werden darf. Was wir in den Boden geben, wie Kunstd\u00fcnger, Pestizide, G\u00fclle und Kl\u00e4rschlamm, landet schlussendlich auf unseren Tellern und damit in unserem K\u00f6rper. Der Boden ist ein sich selbst organisierender und stets verj\u00fcngender Organismus. Doch nur vielf\u00e4ltig belebter Humus schafft Ordnung im Boden und l\u00e4sst Pflanzen h\u00f6chster Qualit\u00e4t gedeihen. Das Steuerelement daf\u00fcr sind die humusbildenden Mikroorganismen im Boden. Humus wird durch Mist, G\u00fclle, G\u00e4rgut und dergleichen zerst\u00f6rt, ebenso durch synthetische Spritz- und D\u00fcngemittel, minderwertigen Kompost sowie einen falschen Bearbeitungszeitpunkt. Humusverlust hat weitreichende Auswirkungen: Wasserverunreinigung, Staubst\u00fcrme, W\u00fcstenbildung, Krankheiten. Der Einzelne kann zur Gesundung und Erhaltung des Bodens beitragen, indem er zum Beispiel im Garten Kompost-Extrakte verwendet, Boden-Decker anpflanzt, Mulch nur bei B\u00f6den einsetzt, die zum Austrocknen neigen, den Boden bel\u00fcftet und Kupferwerkzeug benutzt.<\/p>\n<p><strong><img loading=\"lazy\" decoding=\"async\" class=\"alignleft wp-image-17305 size-medium\" src=\"https:\/\/www.naturalscience.org\/wp-content\/uploads\/2016\/01\/harman_web-e1452953309424-253x300.jpg\" alt=\"harman_web\" width=\"253\" height=\"300\" srcset=\"https:\/\/www.naturalscience.org\/wp-content\/uploads\/2016\/01\/harman_web-e1452953309424-253x300.jpg 253w, https:\/\/www.naturalscience.org\/wp-content\/uploads\/2016\/01\/harman_web-e1452953309424-138x164.jpg 138w, https:\/\/www.naturalscience.org\/wp-content\/uploads\/2016\/01\/harman_web-e1452953309424.jpg 482w\" sizes=\"auto, (max-width: 253px) 100vw, 253px\" \/>Toni Harman<\/strong>, englische <strong>Filmemacherin<\/strong> des preisgekr\u00f6nten Films&nbsp;\u00abMicrobirth\u00bb: Das Mikrobiom des Menschen (die Gesamtheit aller uns besiedelnder Mikroorganismen) ist essentiell wichtig f\u00fcr seine Gesundheit. Schl\u00fcsselmoment f\u00fcr die Etablierung dieses Mikrobioms ist die nat\u00fcrliche Geburt, wenn das Neugeborene im Geburtskanal mit den Keimen der Mutter \u201eimpr\u00e4gniert\u201c wird. War eine Nat\u00fcrliche Geburt nicht m\u00f6glich, k\u00f6nnen verschiedene Massnahmen das Mikrobiom unterst\u00fctzen; dazu geh\u00f6ren eine richtige Ern\u00e4hrung, Bewegung und ein wenig Dreck (Haustiere)! Die Natur arbeitet sowohl mit Chaos wie mit Ordnung und sie weiss, wann was n\u00f6tig ist.<\/p>\n<p>Diese beiden Referate veranschaulichten in eindr\u00fccklicher Weise den Zusammenhang und die immense Bedeutung sowohl von Mikroorganismen im Boden wie im menschlichen K\u00f6rper.<\/p>\n<p><img loading=\"lazy\" decoding=\"async\" class=\"alignright wp-image-17306 size-medium\" src=\"https:\/\/www.naturalscience.org\/wp-content\/uploads\/2016\/01\/herout_web-e1452953419847-260x300.jpg\" alt=\"herout_web\" width=\"260\" height=\"300\" srcset=\"https:\/\/www.naturalscience.org\/wp-content\/uploads\/2016\/01\/herout_web-e1452953419847-260x300.jpg 260w, https:\/\/www.naturalscience.org\/wp-content\/uploads\/2016\/01\/herout_web-e1452953419847-142x164.jpg 142w, https:\/\/www.naturalscience.org\/wp-content\/uploads\/2016\/01\/herout_web-e1452953419847.jpg 561w\" sizes=\"auto, (max-width: 260px) 100vw, 260px\" \/>Ihre langj\u00e4hrige Erfahrung mit Hom\u00f6opathie und Naturheilkunde bei Tieren haben Frau <strong>Dr. med. vet. Nicole Herout<\/strong> zur Pionierin einer neuen Tiermedizin gemacht, die Auswege aus der Sackgasse aufzeigt, in die sich die von der Pharmaindustrie abh\u00e4ngige Schulmedizin verrannt hat. L\u00f6sungsansatz: Humanmedizin, Veterin\u00e4rmedizin und Agrarforschung m\u00fcssen zusammenarbeiten. Viele Antibiotika sch\u00e4digen die Darmflora auf Jahre hinaus, Chemotherapie und Bestrahlung zerst\u00f6ren diese sogar bis zu 90%, oft unwiderruflich! Die Regeneration der Darmflora dauert mindestens sechs Monate, wobei Probiotika daf\u00fcr v\u00f6llig ungeeignet sind. Weil der Darm fremde Bakterien nicht akzeptiert. Kinder unter 14 Jahren sollten keine Antibiotika erhalten!<\/p>\n<p><strong><img loading=\"lazy\" decoding=\"async\" class=\"alignleft wp-image-17310 size-medium\" src=\"https:\/\/www.naturalscience.org\/wp-content\/uploads\/2016\/01\/trappitsch_web-e1452953467411-201x300.jpg\" alt=\"trappitsch_web\" width=\"201\" height=\"300\" srcset=\"https:\/\/www.naturalscience.org\/wp-content\/uploads\/2016\/01\/trappitsch_web-e1452953467411-201x300.jpg 201w, https:\/\/www.naturalscience.org\/wp-content\/uploads\/2016\/01\/trappitsch_web-e1452953467411-110x164.jpg 110w, https:\/\/www.naturalscience.org\/wp-content\/uploads\/2016\/01\/trappitsch_web-e1452953467411.jpg 299w\" sizes=\"auto, (max-width: 201px) 100vw, 201px\" \/>Daniel Trappitsch<\/strong>, vom Netzwerk Impfentscheid, sieht als Gr\u00fcnde f\u00fcr den R\u00fcckgang von Kinderkrankheiten in erster Linie Hygiene, Ern\u00e4hrung und die Sozialsysteme. Die zur Ausrottung von Krankheiten propagierte Theorie der \u201eHerdenimmunit\u00e4t\u201c wurde noch nie bewiesen. Hingegen weiss man, dass \u00fcber 75% der Geimpften immer noch Ausscheider von Erregern und somit eine Gefahr f\u00fcr Andere sind. Jeder Impfstoff enth\u00e4lt 80-100 Zusatzstoffe, (z. B. Aluminium) wovon aber die meisten nicht deklariert werden. Die Fragen nach der Notwendigkeit, Sicherheit und Wirksamkeit von Impfungen m\u00fcssen aufgrund der Fakten allesamt mit \u201eNein\u201c beantwortet werden. Trotzdem: Impfen ist immer ein individueller Entscheid.<\/p>\n<p><strong><img loading=\"lazy\" decoding=\"async\" class=\"alignright wp-image-17308 size-medium\" src=\"https:\/\/www.naturalscience.org\/wp-content\/uploads\/2016\/01\/k-cox_waldmann_web-e1452953526457-300x189.jpg\" alt=\"k-cox_waldmann_web\" width=\"300\" height=\"189\" srcset=\"https:\/\/www.naturalscience.org\/wp-content\/uploads\/2016\/01\/k-cox_waldmann_web-e1452953526457-300x189.jpg 300w, https:\/\/www.naturalscience.org\/wp-content\/uploads\/2016\/01\/k-cox_waldmann_web-e1452953526457-768x485.jpg 768w, https:\/\/www.naturalscience.org\/wp-content\/uploads\/2016\/01\/k-cox_waldmann_web-e1452953526457-164x103.jpg 164w, https:\/\/www.naturalscience.org\/wp-content\/uploads\/2016\/01\/k-cox_waldmann_web-e1452953526457.jpg 840w\" sizes=\"auto, (max-width: 300px) 100vw, 300px\" \/>Dr. Karl Cox, PhD<\/strong> und <strong>Lukas Waldmann, Heilpraktiker<\/strong>, zum Thema&nbsp;\u00abGentech \u2013 Versteckter Killer unserer Gesundheit und der gesamten Lebensqualit\u00e4t\u00bb: Genmanipulierte Nahrungsmittel k\u00f6nnen das Ern\u00e4hrungsproblem nicht l\u00f6sen. Im Gegensatz zu Nicht-GVO-Lebensmitteln enthalten sie bedeutend weniger N\u00e4hrstoffe, jedoch Gifte wie zum Beispiel Formaldehyd und Glyphosat (vermutlich krebserregend). Ein Hauptrisiko das durch den Konsum von genmanipulierten Organismen entsteht ist der sogenannt durchl\u00e4ssige Darm. Dieser f\u00fchrt zu Erkrankungen des Hormonsystems (Schilddr\u00fcse), Gehirns (Alzheimer, MS, Parkinson) und der Gelenke. Um den Darm zu sanieren, muss das Mikrobiom wiederhergestellt werden. Hilfreich dabei sind zum Beispiel fermentierte Produkte (Rohmilchprodukte, Gem\u00fcse), Kokosnussprodukte, gekeimte Samen (Chia-, Floh-, Lein- oder Hanfsamen), Kraftbr\u00fche.<\/p>\n<p>GVO finden sich vor allem in: Milchprodukten, Kartoffeln, Papaya, Tomaten, Reis, Erbsen, Baumwolle, Soja, Mais und Raps. Wegen der Spritzmittel sollten ausserdem folgende Frucht- und Gem\u00fcsesorten m\u00f6glichst aus biologischem Anbau bezogen werden: \u00c4pfel, Paprika, Sellerie, Trauben, Nektarinen, Gr\u00fcnkohl, Kirschen, Erdbeeren, Lattich, Pfirsich, Birnen.<\/p>\n<p><strong><img loading=\"lazy\" decoding=\"async\" class=\"alignleft wp-image-17307 size-medium\" src=\"https:\/\/www.naturalscience.org\/wp-content\/uploads\/2016\/01\/hofmann_web_2-227x300.jpg\" alt=\"hofmann_web\" width=\"227\" height=\"300\" srcset=\"https:\/\/www.naturalscience.org\/wp-content\/uploads\/2016\/01\/hofmann_web_2-227x300.jpg 227w, https:\/\/www.naturalscience.org\/wp-content\/uploads\/2016\/01\/hofmann_web_2-124x164.jpg 124w, https:\/\/www.naturalscience.org\/wp-content\/uploads\/2016\/01\/hofmann_web_2.jpg 606w\" sizes=\"auto, (max-width: 227px) 100vw, 227px\" \/>Marcel Hofmann, MSEE\/Dipl. El.-Ing.<\/strong> \u00fcber die Problematik der technischen, menschgemachten Strahlung: Bereits in den 1940er-Jahren wurde das bioelektrische Feld bei Tieren und Pflanzen nachgewiesen. Insofern ist klar, dass jede Art von Strahlung den K\u00f6rper auf irgendeine Weise beeinflusst. Auch Menschen besitzen ein Gleichstrom-Steuerungssystem, das die Nervensysteme regelt. Jedes Organ hat eine oder mehrere eigene, messbare Frequenzen (Schwingung). Zellen sind durch Informationen, denen sie durch das Umfeld ausgesetzt sind, programmierbar. Wie bei den Bienen enth\u00e4lt auch das menschliche Gehirn eine riesige Anzahl Magnetite, was bedeutet, dass \u00e4ussere Magnetfelder (wie sie durch technische Strahlung erzeugt werden) unser Gehirn direkt beeinflussen. Schutz vor technischer Strahlung heisst: Vermeiden, Abschalten, Abstand von Hochspannungsleitungen, Trafostationen, Mobilfunkantennen etc., den K\u00f6rper st\u00e4rken.<\/p>\n<p><img loading=\"lazy\" decoding=\"async\" class=\"size-medium wp-image-17303 alignright\" src=\"https:\/\/www.naturalscience.org\/wp-content\/uploads\/2016\/01\/z-cox_waldmann_web-300x235.jpg\" alt=\"z-cox_waldmann_web\" width=\"300\" height=\"235\" srcset=\"https:\/\/www.naturalscience.org\/wp-content\/uploads\/2016\/01\/z-cox_waldmann_web-300x235.jpg 300w, https:\/\/www.naturalscience.org\/wp-content\/uploads\/2016\/01\/z-cox_waldmann_web-768x601.jpg 768w, https:\/\/www.naturalscience.org\/wp-content\/uploads\/2016\/01\/z-cox_waldmann_web-164x128.jpg 164w, https:\/\/www.naturalscience.org\/wp-content\/uploads\/2016\/01\/z-cox_waldmann_web.jpg 1000w\" sizes=\"auto, (max-width: 300px) 100vw, 300px\" \/>Die Z\u00e4hne als Spiegel unserer Gesundheit: <strong>Dr. R. Zac Cox, Zahnarzt<\/strong> und <strong>Lukas Waldmann, Heilpraktiker<\/strong>, veranschaulichten, wie wichtig eine richtige Ern\u00e4hrung f\u00fcr unsere Z\u00e4hne und unsere Gesundheit ist. Jegliche chronische Entz\u00fcndung betrifft den gesamten K\u00f6rper. F\u00fcr Zahnzerfall sind nicht Bakterien, sondern das innere Milieu verantwortlich. Zahnzerfall hat zu tun mit: weissem Zucker, raffinierten Mehlen, Stress (Angst!), Mangel an Magnesium\/Zink\/Kupfer oder auch einer Wasser\/Salz-Dysbalance. Fluoride sind akkumulative Toxine. Eine WHO-Studie von 2012 besagt, dass es keinen Unterschied bzgl. Zahnzerfall zwischen L\u00e4ndern mit fluoridiertem Trinkwasser und L\u00e4ndern, die dem Trinkwasser kein Fluor zusetzen, gibt.<\/p>\n<p><strong><img loading=\"lazy\" decoding=\"async\" class=\"alignleft size-medium wp-image-17304\" src=\"https:\/\/www.naturalscience.org\/wp-content\/uploads\/2016\/01\/baars_web-199x300.jpg\" alt=\"baars_web\" width=\"199\" height=\"300\" srcset=\"https:\/\/www.naturalscience.org\/wp-content\/uploads\/2016\/01\/baars_web-199x300.jpg 199w, https:\/\/www.naturalscience.org\/wp-content\/uploads\/2016\/01\/baars_web-109x164.jpg 109w, https:\/\/www.naturalscience.org\/wp-content\/uploads\/2016\/01\/baars_web.jpg 664w\" sizes=\"auto, (max-width: 199px) 100vw, 199px\" \/>Prof. Dr. Ton Baars, Forschungsinstitut f\u00fcr Biologischen Landbau<\/strong>, zeigte in seinem hochinteressanten Referat \u00fcber Milch auf, warum immer mehr Menschen unter Laktoseintoleranz leiden und Nutztiere zu Maschinen verkommen. UHT- und PAST- Milch haben die Rohmilch heutzutage fast g\u00e4nzlich verdr\u00e4ngt, leider, denn Rohmilch sch\u00fctzt gegen Allergien, Asthma, Heuschnupfen und Mittelohrentz\u00fcndung. Sie wirkt pr\u00e4ventiv, kann aber auch bereits vorhandene Beschwerden heilen. Es gibt keinen Grund, entrahmte Milch zu trinken, schon gar nicht aus Gewichtsgr\u00fcnden, denn \u00dcbergewicht hat in erster Linie damit zu tun, dass das Verh\u00e4ltnis von Ern\u00e4hrung und Bewegung nicht ausgewogen ist.<\/p>\n<p>Die von allen Referenten mit Fachkenntnis und Engagement vorgetragenen Erkenntnisse machten deutlich, wie gut und sinnvoll die Natur organisiert ist und wie wichtig jeder noch so kleine Bestandteil davon ist. Als roter Faden an diesem Kongress zog sich insbesondere die Bedeutung der Mikroorganismen hindurch. (Zer-)St\u00f6rt der Mensch aus Unwissenheit oder Gier diese Mikroorganismen hat das weitreichende Konsequenzen f\u00fcr alles Leben. Jedoch, und auch das vermochten die Referenten deutlich aufzuzeigen, gibt es durchaus L\u00f6sungen f\u00fcr die aktuellen Probleme \u2013 und oft reicht daf\u00fcr ein Blick auf die Natur.<\/p>\n<p>Zus\u00e4tzliche Informationen \u00fcber die Referenten finden Sie <a href=\"https:\/\/www.naturalscience.org\/wp-content\/uploads\/2015\/10\/Kongress-2015-Themen-Referenten.pdf\" target=\"_blank\">hier<\/a>.<\/p>\n<p>Auch dieses Jahr f\u00fchren wir wieder einen Kongress durch. Weitere Informationen finden sie <a href=\"https:\/\/www.naturalscience.org\/de\/kongress-2016\/\">hier<\/a>.<\/p>\n<p>&nbsp;<\/p>\n<h2 class=\"text-center\">Was unsere Teilnehmer sagen<\/h2>\n<div class=\"row\">\n<div class=\"small-24 medium-8 columns\">\n<blockquote><p>Vielen Dank f\u00fcr die grossartige Stimmung am WFNS-Kongress! Es war ein grosses Privileg, daran teilhaben zu k\u00f6nnen und einen neuen Ausblick f\u00fcr mein Leben zu erhalten. Nach dem Kongress haben wir gleich wie von Dr. med. vet. Nicole Herout gelehrt, unseren Katzen feuchtes statt trockenes Futter verabreicht. Und es scheint, als w\u00e4ren unsere Katzen nun viel zufriedener. Deshalb nochmals vielen Dank f\u00fcr all die Informationen, die wir w\u00e4hrend des Kongresses erhalten haben.<cite>Gintas Stankevicius, Grossbritannien<\/cite><\/p><\/blockquote>\n<\/div>\n<div class=\"small-24 medium-8 columns\">\n<blockquote><p>Vielen herzlichen Dank f\u00fcr diesen grossartigen Kongress! Es hat mich sehr beeindruckt, dass alle Referenten mit ihren unterschiedlichen Inhalten doch das gleiche Kernthema ansprachen. Ihr habt mir einen positiven Ausblick gegeben und ich weiss nun, dass es auf jeden Einzelnen ankommt und es noch nicht zu sp\u00e4t ist, sich f\u00fcr eine positive Ver\u00e4nderung auf dieser Welt zu engagieren.<cite>Ruth Widmer, Schweiz<\/cite><\/p><\/blockquote>\n<\/div>\n<div class=\"small-24 medium-8 columns\">\n<blockquote><p>Die Vortr\u00e4ge waren phantastisch. Sie haben Themen vertieft, mit denen ich mich seit Jahren besch\u00e4ftige. Besonders beeindruckt hat mich die gro\u00dfe Offenheit und weltweite Beteiligung &#8211; insbesondere auch von jungen Menschen. Das gibt mir Hoffnung f\u00fcr die Zukunft. Auch die wunderbare, liebevolle Gestaltung des grossen Kongress-Saals ging mir gleich ans Herz. <cite>Hiltrud aus Ulm, 80 Jahre alt<\/cite><\/p><\/blockquote>\n<\/div>\n<\/div>\n<h2 style=\"text-align: center;\">Impressionen<\/h2>\n<p><div class=\"ngg-pro-mosaic-container\" data-ngg-pro-mosaic-id=\"79bd7f609e4cd137eec92147c1cbcf36\"><\/div>\n<\/p>\n","protected":false},"excerpt":{"rendered":"R\u00fcckblick auf den 20. Internationalen&nbsp;\u00abNeuer Wissenschaftlicher Ausblick\u00bb Welt-Kongress von The World Foundation for Natural Science \u201cLass die Natur Dein Lehrer sein!\u201d Donnerstag, 29. Oktober bis Sonntag, 1. November 2015 \u00a0\u00a0Hier Vortr\u00e4ge ansehen Angelika L\u00fcbke-Hildebrandt, Expertin f\u00fcr Bodenqualit\u00e4t, vermittelte das Verst\u00e4ndnis daf\u00fcr, dass der Boden ein lebendiger Organismus ist, der gehegt und gepflegt und nicht l\u00e4nger [&hellip;]","protected":false},"author":9,"featured_media":0,"parent":15248,"menu_order":21,"comment_status":"closed","ping_status":"closed","template":"page-full.php","meta":{"_acf_changed":false,"ngg_post_thumbnail":0,"footnotes":""},"categories":[],"class_list":["post-16985","page","type-page","status-publish","hentry","wpautop"],"acf":[],"yoast_head":"<!-- This site is optimized with the Yoast SEO plugin v27.3 - https:\/\/yoast.com\/product\/yoast-seo-wordpress\/ -->\n<title>R\u00fcckblick auf den 20. Internationalen \u00abNeuer Wissenschaftlicher Ausblick\u00bb Welt-Kongress<\/title>\n<meta name=\"robots\" content=\"index, follow, max-snippet:-1, max-image-preview:large, max-video-preview:-1\" \/>\n<link rel=\"canonical\" href=\"https:\/\/www.naturalscience.org\/de\/kongress-2015\/rueckblick\/\" \/>\n<meta name=\"twitter:label1\" content=\"Gesch\u00e4tzte Lesezeit\" \/>\n\t<meta name=\"twitter:data1\" content=\"7\u00a0Minuten\" \/>\n<script type=\"application\/ld+json\" class=\"yoast-schema-graph\">{\"@context\":\"https:\\\/\\\/schema.org\",\"@graph\":[{\"@type\":\"WebPage\",\"@id\":\"https:\\\/\\\/www.naturalscience.org\\\/de\\\/kongress-2015\\\/rueckblick\\\/\",\"url\":\"https:\\\/\\\/www.naturalscience.org\\\/de\\\/kongress-2015\\\/rueckblick\\\/\",\"name\":\"R\u00fcckblick auf den 20. Internationalen \u00abNeuer Wissenschaftlicher Ausblick\u00bb Welt-Kongress\",\"isPartOf\":{\"@id\":\"https:\\\/\\\/www.naturalscience.org\\\/#website\"},\"primaryImageOfPage\":{\"@id\":\"https:\\\/\\\/www.naturalscience.org\\\/de\\\/kongress-2015\\\/rueckblick\\\/#primaryimage\"},\"image\":{\"@id\":\"https:\\\/\\\/www.naturalscience.org\\\/de\\\/kongress-2015\\\/rueckblick\\\/#primaryimage\"},\"thumbnailUrl\":\"https:\\\/\\\/www.naturalscience.org\\\/wp-content\\\/uploads\\\/2016\\\/01\\\/luebke-hildebrandt_web-e1452953370360-264x300.jpg\",\"datePublished\":\"2016-01-15T15:23:57+00:00\",\"dateModified\":\"2017-12-07T17:40:31+00:00\",\"breadcrumb\":{\"@id\":\"https:\\\/\\\/www.naturalscience.org\\\/de\\\/kongress-2015\\\/rueckblick\\\/#breadcrumb\"},\"inLanguage\":\"de\",\"potentialAction\":[{\"@type\":\"ReadAction\",\"target\":[\"https:\\\/\\\/www.naturalscience.org\\\/de\\\/kongress-2015\\\/rueckblick\\\/\"]}]},{\"@type\":\"ImageObject\",\"inLanguage\":\"de\",\"@id\":\"https:\\\/\\\/www.naturalscience.org\\\/de\\\/kongress-2015\\\/rueckblick\\\/#primaryimage\",\"url\":\"https:\\\/\\\/www.naturalscience.org\\\/wp-content\\\/uploads\\\/2016\\\/01\\\/luebke-hildebrandt_web-e1452953370360-264x300.jpg\",\"contentUrl\":\"https:\\\/\\\/www.naturalscience.org\\\/wp-content\\\/uploads\\\/2016\\\/01\\\/luebke-hildebrandt_web-e1452953370360-264x300.jpg\"},{\"@type\":\"BreadcrumbList\",\"@id\":\"https:\\\/\\\/www.naturalscience.org\\\/de\\\/kongress-2015\\\/rueckblick\\\/#breadcrumb\",\"itemListElement\":[{\"@type\":\"ListItem\",\"position\":1,\"name\":\"Home\",\"item\":\"https:\\\/\\\/www.naturalscience.org\\\/de\\\/\"},{\"@type\":\"ListItem\",\"position\":2,\"name\":\"20. Internationaler \u201eNeuer Wissenschaftlicher Ausblick\u201c Welt-Kongress\",\"item\":\"https:\\\/\\\/www.naturalscience.org\\\/de\\\/kongress-2015\\\/\"},{\"@type\":\"ListItem\",\"position\":3,\"name\":\"R\u00fcckblick\"}]},{\"@type\":\"WebSite\",\"@id\":\"https:\\\/\\\/www.naturalscience.org\\\/#website\",\"url\":\"https:\\\/\\\/www.naturalscience.org\\\/\",\"name\":\"The World Foundation for Natural Science\",\"description\":\"Restoring and Healing the World through Responsibility and Commitment in accord with Natural and Divine Law!\",\"potentialAction\":[{\"@type\":\"SearchAction\",\"target\":{\"@type\":\"EntryPoint\",\"urlTemplate\":\"https:\\\/\\\/www.naturalscience.org\\\/?s={search_term_string}\"},\"query-input\":{\"@type\":\"PropertyValueSpecification\",\"valueRequired\":true,\"valueName\":\"search_term_string\"}}],\"inLanguage\":\"de\"}]}<\/script>\n<!-- \/ Yoast SEO plugin. -->","yoast_head_json":{"title":"R\u00fcckblick auf den 20. Internationalen \u00abNeuer Wissenschaftlicher Ausblick\u00bb Welt-Kongress","robots":{"index":"index","follow":"follow","max-snippet":"max-snippet:-1","max-image-preview":"max-image-preview:large","max-video-preview":"max-video-preview:-1"},"canonical":"https:\/\/www.naturalscience.org\/de\/kongress-2015\/rueckblick\/","twitter_misc":{"Gesch\u00e4tzte Lesezeit":"7\u00a0Minuten"},"schema":{"@context":"https:\/\/schema.org","@graph":[{"@type":"WebPage","@id":"https:\/\/www.naturalscience.org\/de\/kongress-2015\/rueckblick\/","url":"https:\/\/www.naturalscience.org\/de\/kongress-2015\/rueckblick\/","name":"R\u00fcckblick auf den 20. Internationalen \u00abNeuer Wissenschaftlicher Ausblick\u00bb Welt-Kongress","isPartOf":{"@id":"https:\/\/www.naturalscience.org\/#website"},"primaryImageOfPage":{"@id":"https:\/\/www.naturalscience.org\/de\/kongress-2015\/rueckblick\/#primaryimage"},"image":{"@id":"https:\/\/www.naturalscience.org\/de\/kongress-2015\/rueckblick\/#primaryimage"},"thumbnailUrl":"https:\/\/www.naturalscience.org\/wp-content\/uploads\/2016\/01\/luebke-hildebrandt_web-e1452953370360-264x300.jpg","datePublished":"2016-01-15T15:23:57+00:00","dateModified":"2017-12-07T17:40:31+00:00","breadcrumb":{"@id":"https:\/\/www.naturalscience.org\/de\/kongress-2015\/rueckblick\/#breadcrumb"},"inLanguage":"de","potentialAction":[{"@type":"ReadAction","target":["https:\/\/www.naturalscience.org\/de\/kongress-2015\/rueckblick\/"]}]},{"@type":"ImageObject","inLanguage":"de","@id":"https:\/\/www.naturalscience.org\/de\/kongress-2015\/rueckblick\/#primaryimage","url":"https:\/\/www.naturalscience.org\/wp-content\/uploads\/2016\/01\/luebke-hildebrandt_web-e1452953370360-264x300.jpg","contentUrl":"https:\/\/www.naturalscience.org\/wp-content\/uploads\/2016\/01\/luebke-hildebrandt_web-e1452953370360-264x300.jpg"},{"@type":"BreadcrumbList","@id":"https:\/\/www.naturalscience.org\/de\/kongress-2015\/rueckblick\/#breadcrumb","itemListElement":[{"@type":"ListItem","position":1,"name":"Home","item":"https:\/\/www.naturalscience.org\/de\/"},{"@type":"ListItem","position":2,"name":"20. Internationaler \u201eNeuer Wissenschaftlicher Ausblick\u201c Welt-Kongress","item":"https:\/\/www.naturalscience.org\/de\/kongress-2015\/"},{"@type":"ListItem","position":3,"name":"R\u00fcckblick"}]},{"@type":"WebSite","@id":"https:\/\/www.naturalscience.org\/#website","url":"https:\/\/www.naturalscience.org\/","name":"The World Foundation for Natural Science","description":"Restoring and Healing the World through Responsibility and Commitment in accord with Natural and Divine Law!","potentialAction":[{"@type":"SearchAction","target":{"@type":"EntryPoint","urlTemplate":"https:\/\/www.naturalscience.org\/?s={search_term_string}"},"query-input":{"@type":"PropertyValueSpecification","valueRequired":true,"valueName":"search_term_string"}}],"inLanguage":"de"}]}},"_links":{"self":[{"href":"https:\/\/www.naturalscience.org\/de\/wp-json\/wp\/v2\/pages\/16985","targetHints":{"allow":["GET"]}}],"collection":[{"href":"https:\/\/www.naturalscience.org\/de\/wp-json\/wp\/v2\/pages"}],"about":[{"href":"https:\/\/www.naturalscience.org\/de\/wp-json\/wp\/v2\/types\/page"}],"author":[{"embeddable":true,"href":"https:\/\/www.naturalscience.org\/de\/wp-json\/wp\/v2\/users\/9"}],"replies":[{"embeddable":true,"href":"https:\/\/www.naturalscience.org\/de\/wp-json\/wp\/v2\/comments?post=16985"}],"version-history":[{"count":31,"href":"https:\/\/www.naturalscience.org\/de\/wp-json\/wp\/v2\/pages\/16985\/revisions"}],"predecessor-version":[{"id":21496,"href":"https:\/\/www.naturalscience.org\/de\/wp-json\/wp\/v2\/pages\/16985\/revisions\/21496"}],"up":[{"embeddable":true,"href":"https:\/\/www.naturalscience.org\/de\/wp-json\/wp\/v2\/pages\/15248"}],"wp:attachment":[{"href":"https:\/\/www.naturalscience.org\/de\/wp-json\/wp\/v2\/media?parent=16985"}],"wp:term":[{"taxonomy":"category","embeddable":true,"href":"https:\/\/www.naturalscience.org\/de\/wp-json\/wp\/v2\/categories?post=16985"}],"curies":[{"name":"wp","href":"https:\/\/api.w.org\/{rel}","templated":true}]}}