{"id":1688,"date":"2014-12-16T23:56:43","date_gmt":"2014-12-16T22:56:43","guid":{"rendered":"http:\/\/test.naturalscience.org\/?page_id=1688"},"modified":"2018-02-09T14:51:28","modified_gmt":"2018-02-09T13:51:28","slug":"boden","status":"publish","type":"page","link":"https:\/\/www.naturalscience.org\/de\/themen\/natuerliche-landwirtschaft\/boden\/","title":{"rendered":"Boden"},"content":{"rendered":"<p>Guter, gesunder Boden ist voller Leben. Diese Lebendigkeit kann er allem, was auf ihm w\u00e4chst, weiter geben. <strong>Ein gesunder Boden ist das Fundament f\u00fcr ein gesundes Leben, einen gesunden Planeten und gesunde Menschen<\/strong>. Jede landwirtschaftliche Nutzung muss R\u00fccksicht auf dieses fragile Zusammenleben von Milliarden von Klein- und Kleinstlebewesen nehmen. Tut sie dies nicht, verschwindet die lebensspendende Kraft, und Krankheit und sogenannte Sch\u00e4dlinge halten Einzug.<\/p>\n<div id=\"attachment_10612\" style=\"width: 300px\" class=\"wp-caption alignright\"><a href=\"https:\/\/www.naturalscience.org\/wp-content\/uploads\/2014\/12\/iStock_000011782223_Large.jpg\"><img loading=\"lazy\" decoding=\"async\" aria-describedby=\"caption-attachment-10612\" class=\"wp-image-10612 size-medium\" src=\"https:\/\/www.naturalscience.org\/wp-content\/uploads\/2014\/12\/iStock_000011782223_Large-300x198.jpg\" alt=\"Gesunder Boden bringt gesunde Fr\u00fcchte hervor.\" width=\"300\" height=\"198\" srcset=\"https:\/\/www.naturalscience.org\/wp-content\/uploads\/2014\/12\/iStock_000011782223_Large-300x198.jpg 300w, https:\/\/www.naturalscience.org\/wp-content\/uploads\/2014\/12\/iStock_000011782223_Large-1024x675.jpg 1024w, https:\/\/www.naturalscience.org\/wp-content\/uploads\/2014\/12\/iStock_000011782223_Large-164x108.jpg 164w\" sizes=\"auto, (max-width: 300px) 100vw, 300px\" \/><\/a><p id=\"caption-attachment-10612\" class=\"wp-caption-text\">Gesunder Boden bringt gesunde Fr\u00fcchte hervor.<\/p><\/div>\n<p>Werden die B\u00f6den jedoch schonend bearbeitet und gef\u00f6rdert, und befinden sich diese B\u00f6den in einer landschaftlich vielf\u00e4ltig und artenreich gestalteten Umgebung, so werden sie Mensch und Tier mit allem versorgen, was ben\u00f6tigt wird.<\/p>\n<p>In den meisten F\u00e4llen sind sich die Menschen des Zusammenhangs zwischen dem Boden und unserer Nahrung, dem Wasser, dem Klima, der Biodiversit\u00e4t und dem Leben generell nicht bewusst. Aus diesem Grund sind Gesunde B\u00f6den und Nat\u00fcrliche Landwirtschaft wichtige Themen von The World Foundation for Natural Science und ihrer Lehrt\u00e4tigkeit. Auch auf internationaler Ebene wurde erkannt, dass der Boden und das Leben im Boden eine \u201ekritische Gr\u00f6sse f\u00fcr die globale Lebensmittelproduktion\u201c (FAO-Direktor Jos\u00e9 Graziano da Silva) und somit f\u00fcr unser aller \u00dcberleben ist. Um die Sensibilisierung zu f\u00f6rdern, deklarierte die FAO das vergangene Jahr 2015 zum Jahr der B\u00f6den. Aus diesem Anlass hat The World Foundation for Natural Science ein Factsheet zum Thema Boden erstellt, das die wichtigen Zusammenh\u00e4nge aufzeigt und mit Tipps zu einem schonenden Umgang mit unseren B\u00f6den aufruft. In diesem Sinne empfehlen wir Ihnen auch den 2014 produzierten Film \u201eSymphony of the Soil\u201c, der offiziell ein Teil des Internationalen UNO-Jahres der B\u00f6den war. Sehen Sie sich unten den Trailer dieses grossartigen Films an. Die DVD kann in unserem <a href=\"http:\/\/shop.naturalscience.org\/de\/symphony-of-the-soil.html\">Online-Shop<\/a> bestellt werden.<\/p>\n<p><iframe loading=\"lazy\" src=\"https:\/\/www.youtube-nocookie.com\/embed\/K5QYZ-LRXW4?rel=0\" width=\"640\" height=\"360\" frameborder=\"0\" allowfullscreen=\"allowfullscreen\"><\/iframe><\/p>\n\n            <div class=\"publication-list hide-for-print\">\r\n                <div class=\"row\">\r\n                    <div class=\"small-24 columns \">\r\n                        <div class=\"title\">Publikationen<\/div>\r\n\r\n\t\t\t\t\t\t\t\t\t\t\t\t\t\r\n\r\n<article class=\"row collapse all publication-item boden landwirtschaft  film wfns\">\r\n\r\n\t<div class=\"cover medium-7 columns\">\r\n\t\t<a href=\"https:\/\/www.naturalscience.org\/de\/publikationen\/klimafarming-fuer-gesunde-boeden-und-sauberes-trinkwasser\/\">\r\n\t\t\t<img loading=\"lazy\" decoding=\"async\" src=\"https:\/\/www.naturalscience.org\/wp-content\/uploads\/2017\/01\/Dossenbach-D-Climatfarming-ohne-Zeit-300x169.jpg\" width=\"300\" height=\"169\">\t\t<\/a>\r\n\t<\/div>\r\n\r\n\t<div class=\"text medium-17 columns\">\r\n\r\n\t\t<div class=\"type\">\r\n\t\t\tFilm\t\t<\/div>\r\n\r\n\t\t<div class=\"name\">\r\n\t\t\t<a href=\"https:\/\/www.naturalscience.org\/de\/publikationen\/klimafarming-fuer-gesunde-boeden-und-sauberes-trinkwasser\/\">Klimafarming \u2014 F\u00fcr gesunde B\u00f6den und sauberes Trinkwasser<\/a>\r\n\t\t<\/div>\r\n\r\n\t\t<p class=\"description\">\r\n\t\t\tDie heutige, industrialisierte Landwirtschaft erzeugt durch ihre falsche Maxime des \u201eImmer gr\u00f6sser, immer schneller, immer billiger\u201c regelrechte \u201eAgrarw\u00fcsten\u201c. Doch bilden gesunde B\u00f6den und das durch sie gefilterte, saubere Trinkwasser die Grundlage allen Lebens. Nur die kleine, flexible, regionale b\u00e4uerliche Landwirtschaft verf\u00fcgt \u00fcber die entsprechenden nachhaltigen L\u00f6sungen, um die B\u00f6den wieder gesunden zu lassen. So das Klimafarming mit Pflanzenkohle: Es erh\u00f6ht den Humusgehalt und damit die Fruchtbarkeit des Bodens und beeinflusst so B\u00f6den, Wasser, Klima und Lebensmittel \u2013 kurz, das gesamte \u00d6kosystem \u2013 positiv.\t\t<\/p>\r\n\r\n\t\t<div class=\"buttons\">\r\n\t\t\t<div class=\"row collapse\">\r\n\t\t\t\t\t\t\t\t\t<div class=\"small-24 medium-9 columns\">\r\n\t\t\t\t\t\t<a href=\"https:\/\/www.naturalscience.org\/de\/publikationen\/klimafarming-fuer-gesunde-boeden-und-sauberes-trinkwasser\/\" class=\"button radius primary small\">\r\n\t\t\t\t\t\t\t<i class=\"fa fa-play\"><\/i>&nbsp;&nbsp;Video ansehen\t\t\t\t\t\t<\/a>\r\n\t\t\t\t\t<\/div>\r\n\t\t\t\t\r\n\r\n\t\t\t<\/div>\r\n\t\t<\/div>\r\n\r\n\t<\/div>\r\n<\/article>\t\t\t\t\t\t\t\t\t\t\t\t\t\r\n\r\n<article class=\"row collapse all publication-item boden landwirtschaft  film wfns\">\r\n\r\n\t<div class=\"cover medium-7 columns\">\r\n\t\t<a href=\"https:\/\/www.naturalscience.org\/de\/publikationen\/richtig-kompostieren-gesunde-lebensmittel-durch-pflanzenvertraeglichen-kompost\/\">\r\n\t\t\t<img loading=\"lazy\" decoding=\"async\" src=\"https:\/\/www.naturalscience.org\/wp-content\/uploads\/2016\/09\/Kompost-300x169.jpg\" width=\"300\" height=\"169\">\t\t<\/a>\r\n\t<\/div>\r\n\r\n\t<div class=\"text medium-17 columns\">\r\n\r\n\t\t<div class=\"type\">\r\n\t\t\tFilm\t\t<\/div>\r\n\r\n\t\t<div class=\"name\">\r\n\t\t\t<a href=\"https:\/\/www.naturalscience.org\/de\/publikationen\/richtig-kompostieren-gesunde-lebensmittel-durch-pflanzenvertraeglichen-kompost\/\">Richtig kompostieren: Gesunde Lebensmittel durch pflanzenvertr\u00e4glichen Kompost!<\/a>\r\n\t\t<\/div>\r\n\r\n\t\t<p class=\"description\">\r\n\t\t\tKompost, der reich mit lebendigen Mikroorganismen durchsetzt ist, wird zur Lebensquelle f\u00fcr Gem\u00fcse, Obst, Getreide und Kulturpflanzen, macht diese widerstandsf\u00e4hig, verhindert die Aufnahme von radioaktiver Strahlung in Wurzelgem\u00fcse und steigert die Ernteertr\u00e4ge.<br \/>\r\nIn diesem Vortrag wird Schritt f\u00fcr Schritt das richtige Vorgehen der Kompostierung erkl\u00e4rt. Wer selbst keinen Kompost herstellen kann hat die M\u00f6glichkeit mit Kompostextrakten gute Resultate zu erzielen. Erfahren Sie, wie Sie mit einfachen Hilfsmittel die Lebens-Mittel Qualit\u00e4t selbst pr\u00fcfen k\u00f6nnen.\t\t<\/p>\r\n\r\n\t\t<div class=\"buttons\">\r\n\t\t\t<div class=\"row collapse\">\r\n\t\t\t\t\t\t\t\t\t<div class=\"small-24 medium-9 columns\">\r\n\t\t\t\t\t\t<a href=\"https:\/\/www.naturalscience.org\/de\/publikationen\/richtig-kompostieren-gesunde-lebensmittel-durch-pflanzenvertraeglichen-kompost\/\" class=\"button radius primary small\">\r\n\t\t\t\t\t\t\t<i class=\"fa fa-play\"><\/i>&nbsp;&nbsp;Video ansehen\t\t\t\t\t\t<\/a>\r\n\t\t\t\t\t<\/div>\r\n\t\t\t\t\r\n\r\n\t\t\t<\/div>\r\n\t\t<\/div>\r\n\r\n\t<\/div>\r\n<\/article>\t\t\t\t\t\t\t\t\t\t\t\t\t\r\n\r\n<article class=\"row collapse all publication-item boden landwirtschaft  film wfns\">\r\n\r\n\t<div class=\"cover medium-7 columns\">\r\n\t\t<a href=\"https:\/\/www.naturalscience.org\/de\/publikationen\/die-boeden-unsere-lebensgrundlage-sind-tod-krank-eine-aufforderung-zum-handeln\/\">\r\n\t\t\t<img loading=\"lazy\" decoding=\"async\" src=\"https:\/\/www.naturalscience.org\/wp-content\/uploads\/2016\/07\/B\u00f6den-300x169.jpg\" width=\"300\" height=\"169\">\t\t<\/a>\r\n\t<\/div>\r\n\r\n\t<div class=\"text medium-17 columns\">\r\n\r\n\t\t<div class=\"type\">\r\n\t\t\tFilm\t\t<\/div>\r\n\r\n\t\t<div class=\"name\">\r\n\t\t\t<a href=\"https:\/\/www.naturalscience.org\/de\/publikationen\/die-boeden-unsere-lebensgrundlage-sind-tod-krank-eine-aufforderung-zum-handeln\/\">Die B\u00f6den \u2013 unsere Lebensgrundlage \u2013 sind tod-krank. Eine Aufforderung zum Handeln.<\/a>\r\n\t\t<\/div>\r\n\r\n\t\t<p class=\"description\">\r\n\t\t\tWeltweit sind die B\u00f6den in einem katastrophalen Zustand, verursacht durch die Industrialisierung und den sinnlosen Einsatz von Pestiziden. Durch \u00fcberwiegend profitorientiertes und kurzsichtiges Denken ist aber unsere wichtigste Lebensgrundlage, die Erde, nicht nur gef\u00e4hrdet, sondern grossteils bereits verloren gegangen. Sie erhalten L\u00f6sungen, wie Sie individuell und wir als Gesellschaft insgesamt dazu beitragen k\u00f6nnen, die Regenerationsf\u00e4higkeit der B\u00f6den wiederherzustellen und wahre \u201eLebens-Mittel\u201c zu produzieren.\t\t<\/p>\r\n\r\n\t\t<div class=\"buttons\">\r\n\t\t\t<div class=\"row collapse\">\r\n\t\t\t\t\t\t\t\t\t<div class=\"small-24 medium-9 columns\">\r\n\t\t\t\t\t\t<a href=\"https:\/\/www.naturalscience.org\/de\/publikationen\/die-boeden-unsere-lebensgrundlage-sind-tod-krank-eine-aufforderung-zum-handeln\/\" class=\"button radius primary small\">\r\n\t\t\t\t\t\t\t<i class=\"fa fa-play\"><\/i>&nbsp;&nbsp;Video ansehen\t\t\t\t\t\t<\/a>\r\n\t\t\t\t\t<\/div>\r\n\t\t\t\t\r\n\r\n\t\t\t<\/div>\r\n\t\t<\/div>\r\n\r\n\t<\/div>\r\n<\/article>\t\t\t\t\t\t\t\t\t\t\t\t\t\r\n\r\n<article class=\"row collapse all publication-item boden wald landwirtschaft meere   wfns\">\r\n\r\n\t<div class=\"cover medium-7 columns\">\r\n\t\t<a href=\"https:\/\/www.naturalscience.org\/de\/publikationen\/versprechen-an-mutter-erde\/\">\r\n\t\t\t<img loading=\"lazy\" decoding=\"async\" src=\"https:\/\/www.naturalscience.org\/wp-content\/uploads\/2016\/04\/Pledge-to-Mother-Earth_DE_2_cover-212x300.jpg\" width=\"212\" height=\"300\">\t\t<\/a>\r\n\t<\/div>\r\n\r\n\t<div class=\"text medium-17 columns\">\r\n\r\n\t\t<div class=\"type\">\r\n\t\t\t\t\t<\/div>\r\n\r\n\t\t<div class=\"name\">\r\n\t\t\t<a href=\"https:\/\/www.naturalscience.org\/de\/publikationen\/versprechen-an-mutter-erde\/\">Versprechen an Mutter Erde<\/a>\r\n\t\t<\/div>\r\n\r\n\t\t<p class=\"description\">\r\n\t\t\t\t\t<\/p>\r\n\r\n\t\t<div class=\"buttons\">\r\n\t\t\t<div class=\"row collapse\">\r\n\t\t\t\t\t\t\t\t\t\t<div class=\"small-24 medium-8 columns\">\r\n\t\t\t\t\t\t\t<a href=\"https:\/\/www.naturalscience.org\/wp-content\/uploads\/2016\/04\/Pledge-to-Mother-Earth_DE_2.pdf\" class=\"button radius primary small\" target=\"_blank\">\r\n\t\t\t\t\t\t\t\t<i class=\"fa fa-download\"><\/i>&nbsp;&nbsp;Herunterladen\t\t\t\t\t\t\t<\/a>\r\n\t\t\t\t\t\t<\/div>\r\n\t\t\t\t\t\r\n\t\t\t\t\t\t\t\t\t\t<div class=\"small-24 medium-16 columns\">\r\n\t\t\t\t\t\t<i class=\"fa fa-angle-right\"><\/i>\r\n\t\t\t\t\t\t<a href=\"https:\/\/www.naturalscience.org\/de\/publikationen\/versprechen-an-mutter-erde\/\" class=\"further-information\">\r\n\t\t\t\t\t\t\tWeitere Informationen & Sprachen\t\t\t\t\t\t<\/a>\r\n\t\t\t\t\t<\/div>\r\n\t\t\t\t\r\n\t\t\t\t\r\n\r\n\t\t\t<\/div>\r\n\t\t<\/div>\r\n\r\n\t<\/div>\r\n<\/article>\t\t\t\t\t\t\t\t\t\t\t\t\r\n                    <\/div>\r\n                <\/div>\r\n            <\/div>\r\n\r\n\t\t\t\n","protected":false},"excerpt":{"rendered":"","protected":false},"author":9,"featured_media":0,"parent":5607,"menu_order":45,"comment_status":"closed","ping_status":"closed","template":"","meta":{"_acf_changed":false,"ngg_post_thumbnail":0,"footnotes":""},"categories":[87],"class_list":["post-1688","page","type-page","status-publish","hentry","category-boden","wpautop"],"acf":[],"yoast_head":"<!-- This site is optimized with the Yoast SEO plugin v27.6 - https:\/\/yoast.com\/product\/yoast-seo-wordpress\/ -->\n<title>Boden - The World Foundation for Natural Science<\/title>\n<meta name=\"robots\" content=\"index, follow, max-snippet:-1, max-image-preview:large, max-video-preview:-1\" \/>\n<link rel=\"canonical\" href=\"https:\/\/www.naturalscience.org\/de\/themen\/natuerliche-landwirtschaft\/boden\/\" \/>\n<meta name=\"twitter:label1\" content=\"Gesch\u00e4tzte Lesezeit\" \/>\n\t<meta name=\"twitter:data1\" content=\"2\u00a0Minuten\" \/>\n<script type=\"application\/ld+json\" class=\"yoast-schema-graph\">{\"@context\":\"https:\\\/\\\/schema.org\",\"@graph\":[{\"@type\":\"WebPage\",\"@id\":\"https:\\\/\\\/www.naturalscience.org\\\/de\\\/themen\\\/natuerliche-landwirtschaft\\\/boden\\\/\",\"url\":\"https:\\\/\\\/www.naturalscience.org\\\/de\\\/themen\\\/natuerliche-landwirtschaft\\\/boden\\\/\",\"name\":\"Boden - The World Foundation for Natural Science\",\"isPartOf\":{\"@id\":\"https:\\\/\\\/www.naturalscience.org\\\/#website\"},\"primaryImageOfPage\":{\"@id\":\"https:\\\/\\\/www.naturalscience.org\\\/de\\\/themen\\\/natuerliche-landwirtschaft\\\/boden\\\/#primaryimage\"},\"image\":{\"@id\":\"https:\\\/\\\/www.naturalscience.org\\\/de\\\/themen\\\/natuerliche-landwirtschaft\\\/boden\\\/#primaryimage\"},\"thumbnailUrl\":\"https:\\\/\\\/www.naturalscience.org\\\/wp-content\\\/uploads\\\/2014\\\/12\\\/iStock_000011782223_Large-300x198.jpg\",\"datePublished\":\"2014-12-16T22:56:43+00:00\",\"dateModified\":\"2018-02-09T13:51:28+00:00\",\"breadcrumb\":{\"@id\":\"https:\\\/\\\/www.naturalscience.org\\\/de\\\/themen\\\/natuerliche-landwirtschaft\\\/boden\\\/#breadcrumb\"},\"inLanguage\":\"de\",\"potentialAction\":[{\"@type\":\"ReadAction\",\"target\":[\"https:\\\/\\\/www.naturalscience.org\\\/de\\\/themen\\\/natuerliche-landwirtschaft\\\/boden\\\/\"]}]},{\"@type\":\"ImageObject\",\"inLanguage\":\"de\",\"@id\":\"https:\\\/\\\/www.naturalscience.org\\\/de\\\/themen\\\/natuerliche-landwirtschaft\\\/boden\\\/#primaryimage\",\"url\":\"https:\\\/\\\/www.naturalscience.org\\\/wp-content\\\/uploads\\\/2014\\\/12\\\/iStock_000011782223_Large-300x198.jpg\",\"contentUrl\":\"https:\\\/\\\/www.naturalscience.org\\\/wp-content\\\/uploads\\\/2014\\\/12\\\/iStock_000011782223_Large-300x198.jpg\"},{\"@type\":\"BreadcrumbList\",\"@id\":\"https:\\\/\\\/www.naturalscience.org\\\/de\\\/themen\\\/natuerliche-landwirtschaft\\\/boden\\\/#breadcrumb\",\"itemListElement\":[{\"@type\":\"ListItem\",\"position\":1,\"name\":\"Home\",\"item\":\"https:\\\/\\\/www.naturalscience.org\\\/de\\\/\"},{\"@type\":\"ListItem\",\"position\":2,\"name\":\"Themen\",\"item\":\"https:\\\/\\\/www.naturalscience.org\\\/de\\\/themen\\\/\"},{\"@type\":\"ListItem\",\"position\":3,\"name\":\"Nat\u00fcrliche Landwirtschaft\",\"item\":\"https:\\\/\\\/www.naturalscience.org\\\/de\\\/themen\\\/natuerliche-landwirtschaft\\\/\"},{\"@type\":\"ListItem\",\"position\":4,\"name\":\"Boden\"}]},{\"@type\":\"WebSite\",\"@id\":\"https:\\\/\\\/www.naturalscience.org\\\/#website\",\"url\":\"https:\\\/\\\/www.naturalscience.org\\\/\",\"name\":\"The World Foundation for Natural Science\",\"description\":\"Restoring and Healing the World through Responsibility and Commitment in accord with Natural and Divine Law!\",\"potentialAction\":[{\"@type\":\"SearchAction\",\"target\":{\"@type\":\"EntryPoint\",\"urlTemplate\":\"https:\\\/\\\/www.naturalscience.org\\\/?s={search_term_string}\"},\"query-input\":{\"@type\":\"PropertyValueSpecification\",\"valueRequired\":true,\"valueName\":\"search_term_string\"}}],\"inLanguage\":\"de\"}]}<\/script>\n<!-- \/ Yoast SEO plugin. -->","yoast_head_json":{"title":"Boden - The World Foundation for Natural Science","robots":{"index":"index","follow":"follow","max-snippet":"max-snippet:-1","max-image-preview":"max-image-preview:large","max-video-preview":"max-video-preview:-1"},"canonical":"https:\/\/www.naturalscience.org\/de\/themen\/natuerliche-landwirtschaft\/boden\/","twitter_misc":{"Gesch\u00e4tzte Lesezeit":"2\u00a0Minuten"},"schema":{"@context":"https:\/\/schema.org","@graph":[{"@type":"WebPage","@id":"https:\/\/www.naturalscience.org\/de\/themen\/natuerliche-landwirtschaft\/boden\/","url":"https:\/\/www.naturalscience.org\/de\/themen\/natuerliche-landwirtschaft\/boden\/","name":"Boden - The World Foundation for Natural Science","isPartOf":{"@id":"https:\/\/www.naturalscience.org\/#website"},"primaryImageOfPage":{"@id":"https:\/\/www.naturalscience.org\/de\/themen\/natuerliche-landwirtschaft\/boden\/#primaryimage"},"image":{"@id":"https:\/\/www.naturalscience.org\/de\/themen\/natuerliche-landwirtschaft\/boden\/#primaryimage"},"thumbnailUrl":"https:\/\/www.naturalscience.org\/wp-content\/uploads\/2014\/12\/iStock_000011782223_Large-300x198.jpg","datePublished":"2014-12-16T22:56:43+00:00","dateModified":"2018-02-09T13:51:28+00:00","breadcrumb":{"@id":"https:\/\/www.naturalscience.org\/de\/themen\/natuerliche-landwirtschaft\/boden\/#breadcrumb"},"inLanguage":"de","potentialAction":[{"@type":"ReadAction","target":["https:\/\/www.naturalscience.org\/de\/themen\/natuerliche-landwirtschaft\/boden\/"]}]},{"@type":"ImageObject","inLanguage":"de","@id":"https:\/\/www.naturalscience.org\/de\/themen\/natuerliche-landwirtschaft\/boden\/#primaryimage","url":"https:\/\/www.naturalscience.org\/wp-content\/uploads\/2014\/12\/iStock_000011782223_Large-300x198.jpg","contentUrl":"https:\/\/www.naturalscience.org\/wp-content\/uploads\/2014\/12\/iStock_000011782223_Large-300x198.jpg"},{"@type":"BreadcrumbList","@id":"https:\/\/www.naturalscience.org\/de\/themen\/natuerliche-landwirtschaft\/boden\/#breadcrumb","itemListElement":[{"@type":"ListItem","position":1,"name":"Home","item":"https:\/\/www.naturalscience.org\/de\/"},{"@type":"ListItem","position":2,"name":"Themen","item":"https:\/\/www.naturalscience.org\/de\/themen\/"},{"@type":"ListItem","position":3,"name":"Nat\u00fcrliche Landwirtschaft","item":"https:\/\/www.naturalscience.org\/de\/themen\/natuerliche-landwirtschaft\/"},{"@type":"ListItem","position":4,"name":"Boden"}]},{"@type":"WebSite","@id":"https:\/\/www.naturalscience.org\/#website","url":"https:\/\/www.naturalscience.org\/","name":"The World Foundation for Natural Science","description":"Restoring and Healing the World through Responsibility and Commitment in accord with Natural and Divine Law!","potentialAction":[{"@type":"SearchAction","target":{"@type":"EntryPoint","urlTemplate":"https:\/\/www.naturalscience.org\/?s={search_term_string}"},"query-input":{"@type":"PropertyValueSpecification","valueRequired":true,"valueName":"search_term_string"}}],"inLanguage":"de"}]}},"_links":{"self":[{"href":"https:\/\/www.naturalscience.org\/de\/wp-json\/wp\/v2\/pages\/1688","targetHints":{"allow":["GET"]}}],"collection":[{"href":"https:\/\/www.naturalscience.org\/de\/wp-json\/wp\/v2\/pages"}],"about":[{"href":"https:\/\/www.naturalscience.org\/de\/wp-json\/wp\/v2\/types\/page"}],"author":[{"embeddable":true,"href":"https:\/\/www.naturalscience.org\/de\/wp-json\/wp\/v2\/users\/9"}],"replies":[{"embeddable":true,"href":"https:\/\/www.naturalscience.org\/de\/wp-json\/wp\/v2\/comments?post=1688"}],"version-history":[{"count":13,"href":"https:\/\/www.naturalscience.org\/de\/wp-json\/wp\/v2\/pages\/1688\/revisions"}],"predecessor-version":[{"id":26764,"href":"https:\/\/www.naturalscience.org\/de\/wp-json\/wp\/v2\/pages\/1688\/revisions\/26764"}],"up":[{"embeddable":true,"href":"https:\/\/www.naturalscience.org\/de\/wp-json\/wp\/v2\/pages\/5607"}],"wp:attachment":[{"href":"https:\/\/www.naturalscience.org\/de\/wp-json\/wp\/v2\/media?parent=1688"}],"wp:term":[{"taxonomy":"category","embeddable":true,"href":"https:\/\/www.naturalscience.org\/de\/wp-json\/wp\/v2\/categories?post=1688"}],"curies":[{"name":"wp","href":"https:\/\/api.w.org\/{rel}","templated":true}]}}