{"id":168,"date":"2014-04-24T21:02:40","date_gmt":"2014-04-24T21:02:40","guid":{"rendered":"http:\/\/test.naturalscience.org\/?page_id=168"},"modified":"2016-10-05T14:31:06","modified_gmt":"2016-10-05T12:31:06","slug":"ueber-uns","status":"publish","type":"page","link":"https:\/\/www.naturalscience.org\/de\/ueber-uns\/","title":{"rendered":"\u00dcber uns"},"content":{"rendered":"<p><em><strong>The World Foundation for Natural Science ist international f\u00fchrend darin, Naturwissenschaft und Spiritualit\u00e4t zu vereinen, um echte L\u00f6sungen f\u00fcr die Probleme, mit denen Mensch und Natur heute in vielen Bereichen konfrontiert sind, aufzuzeigen. Lernen Sie uns besser kennen!<\/strong><\/em><\/p>\n<h3>Wiederherstellung und Heilung der Welt durch Verantwortung und Verpflichtung in Einklang mit dem Nat\u00fcrlichen und G\u00f6ttlichen Gesetz<\/h3>\n<p>Gegr\u00fcndet wurde The World Foundation for Natural Science im Jahre 1993 von The Most Rev. Dr. Peter W. Leach-Lewis, Ch.D. Unser Auftrag ist es, die Welt durch Verantwortung und Verpflichtung im Einklang mit den Gesetzen der Natur zu heilen und dadurch die G\u00f6ttliche Ordnung auf diesem kostbaren Planeten Erde wiederherzustellen. Es wird uns nur dann m\u00f6glich sein, die Probleme unserer Zeit zu l\u00f6sen, wenn Wissenschaftler anerkennen, dass es ohne Gott keine wahre Wissenschaft geben kann, und bis wir alle damit anfangen, Gott wieder in unsere \u00dcberlegungen miteinzubeziehen.<\/p>\n<h3>Wahre Naturwissenschaft bezieht ihr Wissen aus der Natur und ihren Gesetzm\u00e4ssigkeiten<\/h3>\n<p>Die Natur und ihre Gesetzm\u00e4ssigkeiten sind uns Vorbild. Den Schwerpunkt unserer T\u00e4tigkeit bildet die Aufkl\u00e4rungsarbeit, denn nur wer informiert ist, kann Dinge auch \u00e4ndern.<\/p>\n<h3>Naturwissenschaft und Geisteswissenschaft vereinen, um die Probleme unsere Zeit zu l\u00f6sen<\/h3>\n<p>Wir werden die Natur nie ganz verstehen, und auch nicht ihre \u201eWissenschaft\u201d, da wir ein lebenswichtiger und notwendiger Teil dessen sind, was wir zu begreifen versuchen. Wir k\u00f6nnen nicht gen\u00fcgend Abstand haben, um sie objektiv genug betrachten zu k\u00f6nnen, denn indem wir uns aus der Gleichung entfernen, ist das, was wir studieren, jetzt unvollst\u00e4ndig. Und genau das gibt The World Foundation for Natural Science seinen Daseinsgrund, denn in unserem Bestreben zu verstehen, was sich um uns herum befindet, beginnen wir zu erkennen, was in uns ist, und warum wir hier auf dieser \u201eWelt\u201d sind\u2026 das ist der Grund unserer Verk\u00f6rperung. Das Leben ist kein Zufall. Wir untersuchen die verschlungenen Muster und Designs des Lebens. Wir glauben weder an das \u00dcbernat\u00fcrliche noch an das, was \u00fcber das Normale hinausgeht. Alles kann bis zu einem gewissen Grad verstanden werden, und die meisten Dinge k\u00f6nnen nach ausreichendem Studium erkl\u00e4rt werden.<\/p>\n<h3>Warum Franz von Assisi f\u00fcr uns ein Vorbild ist<\/h3>\n<p>Die gro\u00dfe Wertsch\u00e4tzung und Verehrung, die Franz von Assisi (1182-1226) allem Leben und der Sch\u00f6pfung zeit seines Lebens entgegenbrachte, sind uns Vorbild und Inspiration. Franz von Assisi gilt als Schutzpatron von Tieren, Natur und Umwelt, und sein Wirken wird an seinem Namenstag, dem 4. Oktober, als Welttierschutztag gew\u00fcrdigt.<\/p>\n<p>Die Erde ist unser Heim. Sie ist ein Schulungsraum f\u00fcr Milliarden von Menschen und bietet uns die M\u00f6glichkeit zu lernen, zu wachsen und uns weiterzuentwickeln. Die Erde wurde uns anvertraut, wir sind f\u00fcr sie verantwortlich. Verantwortung bedingt Verpflichtung und den Willen, sich mit den Gesetzen der Natur auseinanderzusetzen. Denn nur wer das Nat\u00fcrliche und G\u00f6ttliche Gesetz (was letzten Endes ein und dasselbe ist) verstanden hat, kann entsprechend handeln und findet L\u00f6sungen f\u00fcr die Probleme, die wir uns selbst geschaffen haben.<\/p>\n<p>Diese Botschaft hatte Franz von Assisi verstanden und seinem Beispiel folgen wir.<\/p>\n<p><a href=\"https:\/\/www.naturalscience.org\/de\/ueber-uns\/mitgliedschaft\/\">Erfahren Sie, warum Sie bei uns Mitglied werden sollten.<\/a><\/p>\n","protected":false},"excerpt":{"rendered":"The World Foundation for Natural Science ist international f\u00fchrend darin, Naturwissenschaft und Spiritualit\u00e4t zu vereinen, um echte L\u00f6sungen f\u00fcr die Probleme, mit denen Mensch und Natur heute in vielen Bereichen konfrontiert sind, aufzuzeigen. Lernen Sie uns besser kennen! Wiederherstellung und Heilung der Welt durch Verantwortung und Verpflichtung in Einklang mit dem Nat\u00fcrlichen und G\u00f6ttlichen Gesetz [&hellip;]","protected":false},"author":9,"featured_media":0,"parent":0,"menu_order":185,"comment_status":"closed","ping_status":"closed","template":"","meta":{"_acf_changed":false,"ngg_post_thumbnail":0,"footnotes":""},"categories":[],"class_list":["post-168","page","type-page","status-publish","hentry","wpautop"],"acf":[],"yoast_head":"<!-- This site is optimized with the Yoast SEO plugin v27.3 - https:\/\/yoast.com\/product\/yoast-seo-wordpress\/ -->\n<title>\u00dcber uns - The World Foundation for Natural Science<\/title>\n<meta name=\"robots\" content=\"index, follow, max-snippet:-1, max-image-preview:large, max-video-preview:-1\" \/>\n<link rel=\"canonical\" href=\"https:\/\/www.naturalscience.org\/de\/ueber-uns\/\" \/>\n<meta name=\"twitter:label1\" content=\"Gesch\u00e4tzte Lesezeit\" \/>\n\t<meta name=\"twitter:data1\" content=\"3\u00a0Minuten\" \/>\n<script type=\"application\/ld+json\" class=\"yoast-schema-graph\">{\"@context\":\"https:\\\/\\\/schema.org\",\"@graph\":[{\"@type\":\"WebPage\",\"@id\":\"https:\\\/\\\/www.naturalscience.org\\\/de\\\/ueber-uns\\\/\",\"url\":\"https:\\\/\\\/www.naturalscience.org\\\/de\\\/ueber-uns\\\/\",\"name\":\"\u00dcber uns - The World Foundation for Natural Science\",\"isPartOf\":{\"@id\":\"https:\\\/\\\/www.naturalscience.org\\\/#website\"},\"datePublished\":\"2014-04-24T21:02:40+00:00\",\"dateModified\":\"2016-10-05T12:31:06+00:00\",\"breadcrumb\":{\"@id\":\"https:\\\/\\\/www.naturalscience.org\\\/de\\\/ueber-uns\\\/#breadcrumb\"},\"inLanguage\":\"de\",\"potentialAction\":[{\"@type\":\"ReadAction\",\"target\":[\"https:\\\/\\\/www.naturalscience.org\\\/de\\\/ueber-uns\\\/\"]}]},{\"@type\":\"BreadcrumbList\",\"@id\":\"https:\\\/\\\/www.naturalscience.org\\\/de\\\/ueber-uns\\\/#breadcrumb\",\"itemListElement\":[{\"@type\":\"ListItem\",\"position\":1,\"name\":\"Home\",\"item\":\"https:\\\/\\\/www.naturalscience.org\\\/de\\\/\"},{\"@type\":\"ListItem\",\"position\":2,\"name\":\"\u00dcber uns\"}]},{\"@type\":\"WebSite\",\"@id\":\"https:\\\/\\\/www.naturalscience.org\\\/#website\",\"url\":\"https:\\\/\\\/www.naturalscience.org\\\/\",\"name\":\"The World Foundation for Natural Science\",\"description\":\"Restoring and Healing the World through Responsibility and Commitment in accord with Natural and Divine Law!\",\"potentialAction\":[{\"@type\":\"SearchAction\",\"target\":{\"@type\":\"EntryPoint\",\"urlTemplate\":\"https:\\\/\\\/www.naturalscience.org\\\/?s={search_term_string}\"},\"query-input\":{\"@type\":\"PropertyValueSpecification\",\"valueRequired\":true,\"valueName\":\"search_term_string\"}}],\"inLanguage\":\"de\"}]}<\/script>\n<!-- \/ Yoast SEO plugin. -->","yoast_head_json":{"title":"\u00dcber uns - The World Foundation for Natural Science","robots":{"index":"index","follow":"follow","max-snippet":"max-snippet:-1","max-image-preview":"max-image-preview:large","max-video-preview":"max-video-preview:-1"},"canonical":"https:\/\/www.naturalscience.org\/de\/ueber-uns\/","twitter_misc":{"Gesch\u00e4tzte Lesezeit":"3\u00a0Minuten"},"schema":{"@context":"https:\/\/schema.org","@graph":[{"@type":"WebPage","@id":"https:\/\/www.naturalscience.org\/de\/ueber-uns\/","url":"https:\/\/www.naturalscience.org\/de\/ueber-uns\/","name":"\u00dcber uns - The World Foundation for Natural Science","isPartOf":{"@id":"https:\/\/www.naturalscience.org\/#website"},"datePublished":"2014-04-24T21:02:40+00:00","dateModified":"2016-10-05T12:31:06+00:00","breadcrumb":{"@id":"https:\/\/www.naturalscience.org\/de\/ueber-uns\/#breadcrumb"},"inLanguage":"de","potentialAction":[{"@type":"ReadAction","target":["https:\/\/www.naturalscience.org\/de\/ueber-uns\/"]}]},{"@type":"BreadcrumbList","@id":"https:\/\/www.naturalscience.org\/de\/ueber-uns\/#breadcrumb","itemListElement":[{"@type":"ListItem","position":1,"name":"Home","item":"https:\/\/www.naturalscience.org\/de\/"},{"@type":"ListItem","position":2,"name":"\u00dcber uns"}]},{"@type":"WebSite","@id":"https:\/\/www.naturalscience.org\/#website","url":"https:\/\/www.naturalscience.org\/","name":"The World Foundation for Natural Science","description":"Restoring and Healing the World through Responsibility and Commitment in accord with Natural and Divine Law!","potentialAction":[{"@type":"SearchAction","target":{"@type":"EntryPoint","urlTemplate":"https:\/\/www.naturalscience.org\/?s={search_term_string}"},"query-input":{"@type":"PropertyValueSpecification","valueRequired":true,"valueName":"search_term_string"}}],"inLanguage":"de"}]}},"_links":{"self":[{"href":"https:\/\/www.naturalscience.org\/de\/wp-json\/wp\/v2\/pages\/168","targetHints":{"allow":["GET"]}}],"collection":[{"href":"https:\/\/www.naturalscience.org\/de\/wp-json\/wp\/v2\/pages"}],"about":[{"href":"https:\/\/www.naturalscience.org\/de\/wp-json\/wp\/v2\/types\/page"}],"author":[{"embeddable":true,"href":"https:\/\/www.naturalscience.org\/de\/wp-json\/wp\/v2\/users\/9"}],"replies":[{"embeddable":true,"href":"https:\/\/www.naturalscience.org\/de\/wp-json\/wp\/v2\/comments?post=168"}],"version-history":[{"count":7,"href":"https:\/\/www.naturalscience.org\/de\/wp-json\/wp\/v2\/pages\/168\/revisions"}],"predecessor-version":[{"id":22305,"href":"https:\/\/www.naturalscience.org\/de\/wp-json\/wp\/v2\/pages\/168\/revisions\/22305"}],"wp:attachment":[{"href":"https:\/\/www.naturalscience.org\/de\/wp-json\/wp\/v2\/media?parent=168"}],"wp:term":[{"taxonomy":"category","embeddable":true,"href":"https:\/\/www.naturalscience.org\/de\/wp-json\/wp\/v2\/categories?post=168"}],"curies":[{"name":"wp","href":"https:\/\/api.w.org\/{rel}","templated":true}]}}