{"id":166,"date":"2014-04-24T21:02:27","date_gmt":"2014-04-24T21:02:27","guid":{"rendered":"http:\/\/test.naturalscience.org\/?page_id=166"},"modified":"2024-05-17T09:44:52","modified_gmt":"2024-05-17T07:44:52","slug":"kontakt","status":"publish","type":"page","link":"https:\/\/www.naturalscience.org\/de\/kontakt\/","title":{"rendered":"Kontakt"},"content":{"rendered":"<p>Haben Sie Fragen oder brauchen Hilfe? Dann z\u00f6gern Sie nicht uns zu kontaktieren.<br \/>\nWir freuen uns Sie kennenzulernen!<\/p>\n<div class=\"row\">\n<div class=\"small-24 medium-10 columns\"><script type=\"text\/javascript\">\n\/* <![CDATA[ *\/\nvar gform;gform||(document.addEventListener(\"gform_main_scripts_loaded\",function(){gform.scriptsLoaded=!0}),document.addEventListener(\"gform\/theme\/scripts_loaded\",function(){gform.themeScriptsLoaded=!0}),window.addEventListener(\"DOMContentLoaded\",function(){gform.domLoaded=!0}),gform={domLoaded:!1,scriptsLoaded:!1,themeScriptsLoaded:!1,isFormEditor:()=>\"function\"==typeof InitializeEditor,callIfLoaded:function(o){return!(!gform.domLoaded||!gform.scriptsLoaded||!gform.themeScriptsLoaded&&!gform.isFormEditor()||(gform.isFormEditor()&&console.warn(\"The use of gform.initializeOnLoaded() is deprecated in the form editor context and will be removed in Gravity Forms 3.1.\"),o(),0))},initializeOnLoaded:function(o){gform.callIfLoaded(o)||(document.addEventListener(\"gform_main_scripts_loaded\",()=>{gform.scriptsLoaded=!0,gform.callIfLoaded(o)}),document.addEventListener(\"gform\/theme\/scripts_loaded\",()=>{gform.themeScriptsLoaded=!0,gform.callIfLoaded(o)}),window.addEventListener(\"DOMContentLoaded\",()=>{gform.domLoaded=!0,gform.callIfLoaded(o)}))},hooks:{action:{},filter:{}},addAction:function(o,r,e,t){gform.addHook(\"action\",o,r,e,t)},addFilter:function(o,r,e,t){gform.addHook(\"filter\",o,r,e,t)},doAction:function(o){gform.doHook(\"action\",o,arguments)},applyFilters:function(o){return gform.doHook(\"filter\",o,arguments)},removeAction:function(o,r){gform.removeHook(\"action\",o,r)},removeFilter:function(o,r,e){gform.removeHook(\"filter\",o,r,e)},addHook:function(o,r,e,t,n){null==gform.hooks[o][r]&&(gform.hooks[o][r]=[]);var d=gform.hooks[o][r];null==n&&(n=r+\"_\"+d.length),gform.hooks[o][r].push({tag:n,callable:e,priority:t=null==t?10:t})},doHook:function(r,o,e){var t;if(e=Array.prototype.slice.call(e,1),null!=gform.hooks[r][o]&&<span class=\"footnote_referrer\"><a role=\"button\" tabindex=\"0\" onclick=\"footnote_moveToReference_166_1('footnote_plugin_reference_166_1_1');\" onkeypress=\"footnote_moveToReference_166_1('footnote_plugin_reference_166_1_1');\" ><sup id=\"footnote_plugin_tooltip_166_1_1\" class=\"footnote_plugin_tooltip_text\">1)<\/sup><\/a><span id=\"footnote_plugin_tooltip_text_166_1_1\" class=\"footnote_tooltip\">o=gform.hooks[r][o]).sort(function(o,r){return o.priority-r.priority}),o.forEach(function(o){\"function\"!=typeof(t=o.callable)&&(t=window[t]),\"action\"==r?t.apply(null,e):e[0]=t.apply(null,e)}<\/span><\/span><script type=\"text\/javascript\"> jQuery('#footnote_plugin_tooltip_166_1_1').tooltip({ tip: '#footnote_plugin_tooltip_text_166_1_1', tipClass: 'footnote_tooltip', effect: 'fade', predelay: 0, fadeInSpeed: 200, delay: 400, fadeOutSpeed: 200, position: 'top right', relative: true, offset: [10, 10], });<\/script>,\"filter\"==r)return e[0]},removeHook:function(o,r,t,n){var e;null!=gform.hooks[o][r]&&(e=(e=gform.hooks[o][r]).filter(function(o,r,e){return!!(null!=n&&n!=o.tag||null!=t&&t!=o.priority)}),gform.hooks[o][r]=e)}});\n\/* ]]> *\/\n<\/script>\n\n                <div class='gf_browser_gecko gform_wrapper gform_legacy_markup_wrapper gform-theme--no-framework' data-form-theme='legacy' data-form-index='0' id='gform_wrapper_11' ><div id='gf_11' class='gform_anchor' tabindex='-1'><\/div><form method='post' enctype='multipart\/form-data' target='gform_ajax_frame_11' id='gform_11'  action='\/de\/wp-json\/wp\/v2\/pages\/166#gf_11' data-formid='11' novalidate>\n                        <div class='gform-body gform_body'><ul id='gform_fields_11' class='gform_fields top_label form_sublabel_below description_below validation_below'><li id=\"field_11_6\" class=\"gfield gfield--type-honeypot gform_validation_container field_sublabel_below gfield--has-description field_description_below field_validation_below gfield_visibility_visible\"  ><label class='gfield_label gform-field-label' for='input_11_6'>Email<\/label><div class='ginput_container'><input name='input_6' id='input_11_6' type='text' value='' autocomplete='new-password'\/><\/div><div class='gfield_description' id='gfield_description_11_6'>Dieses Feld dient zur Validierung und sollte nicht ver\u00e4ndert werden.<\/div><\/li><li id=\"field_11_1\" class=\"gfield gfield--type-text gfield_contains_required field_sublabel_below gfield--no-description field_description_below field_validation_below gfield_visibility_visible\"  ><label class='gfield_label gform-field-label' for='input_11_1'>Ihr Name<span class=\"gfield_required\"><span class=\"gfield_required gfield_required_asterisk\">*<\/span><\/span><\/label><div class='ginput_container ginput_container_text'><input name='input_1' id='input_11_1' type='text' value='' class='medium'     aria-required=\"true\" aria-invalid=\"false\"   \/><\/div><\/li><li id=\"field_11_2\" class=\"gfield gfield--type-email gfield_contains_required field_sublabel_below gfield--no-description field_description_below field_validation_below gfield_visibility_visible\"  ><label class='gfield_label gform-field-label' for='input_11_2'>Ihre E-Mail<span class=\"gfield_required\"><span class=\"gfield_required gfield_required_asterisk\">*<\/span><\/span><\/label><div class='ginput_container ginput_container_email'>\n                            <input name='input_2' id='input_11_2' type='email' value='' class='medium'    aria-required=\"true\" aria-invalid=\"false\"  \/>\n                        <\/div><\/li><li id=\"field_11_4\" class=\"gfield gfield--type-text gfield_contains_required field_sublabel_below gfield--no-description field_description_below field_validation_below gfield_visibility_visible\"  ><label class='gfield_label gform-field-label' for='input_11_4'>Betreff<span class=\"gfield_required\"><span class=\"gfield_required gfield_required_asterisk\">*<\/span><\/span><\/label><div class='ginput_container ginput_container_text'><input name='input_4' id='input_11_4' type='text' value='' class='large'     aria-required=\"true\" aria-invalid=\"false\"   \/><\/div><\/li><li id=\"field_11_5\" class=\"gfield gfield--type-textarea gfield_contains_required field_sublabel_below gfield--no-description field_description_below field_validation_below gfield_visibility_visible\"  ><label class='gfield_label gform-field-label' for='input_11_5'>Ihre Nachricht<span class=\"gfield_required\"><span class=\"gfield_required gfield_required_asterisk\">*<\/span><\/span><\/label><div class='ginput_container ginput_container_textarea'><textarea name='input_5' id='input_11_5' class='textarea medium'     aria-required=\"true\" aria-invalid=\"false\"   rows='10' cols='50'><\/textarea><\/div><\/li><\/ul><\/div>\n        <div class='gform-footer gform_footer top_label'> <input type='submit' id='gform_submit_button_11' class='gform_button button' onclick='gform.submission.handleButtonClick(this);' data-submission-type='submit' value='Senden'  \/> <input type='hidden' name='gform_ajax' value='form_id=11&amp;title=&amp;description=&amp;tabindex=0&amp;theme=legacy&amp;styles=[]&amp;hash=918f3c9ddbd0faa5f1f320ef729c3c20' \/>\n            <input type='hidden' class='gform_hidden' name='gform_submission_method' data-js='gform_submission_method_11' value='iframe' \/>\n            <input type='hidden' class='gform_hidden' name='gform_theme' data-js='gform_theme_11' id='gform_theme_11' value='legacy' \/>\n            <input type='hidden' class='gform_hidden' name='gform_style_settings' data-js='gform_style_settings_11' id='gform_style_settings_11' value='[]' \/>\n            <input type='hidden' class='gform_hidden' name='is_submit_11' value='1' \/>\n            <input type='hidden' class='gform_hidden' name='gform_submit' value='11' \/>\n            \n            <input type='hidden' class='gform_hidden' name='gform_currency' data-currency='EUR' value='jNa72jbuxFr7Tib6F0WiiMWlwrtQ4TERBRr4NllPD8kR3Q9JSbrLoEWkfJyJQ8xK0WVcdxFJpRlcdKRUjAQg14hx40SEFe4R4tM499ujQ12n70Q=' \/>\n            <input type='hidden' class='gform_hidden' name='gform_unique_id' value='' \/>\n            <input type='hidden' class='gform_hidden' name='state_11' value='WyJbXSIsIjJhNjQxODBlNTk1ZGNhNDc4MzdhZTJjODRkZjlmNWJmIl0=' \/>\n            <input type='hidden' autocomplete='off' class='gform_hidden' name='gform_target_page_number_11' id='gform_target_page_number_11' value='0' \/>\n            <input type='hidden' autocomplete='off' class='gform_hidden' name='gform_source_page_number_11' id='gform_source_page_number_11' value='1' \/>\n            <input type='hidden' name='gform_field_values' value='' \/>\n            \n        <\/div>\n                        <\/form>\n                        <\/div>\n\t\t                <iframe style='display:none;width:0px;height:0px;' src='about:blank' name='gform_ajax_frame_11' id='gform_ajax_frame_11' title='Dieser iframe enth\u00e4lt die erforderliche Logik um Gravity Forms Formulare mit AJAX zu handhaben.'><\/iframe>\n\t\t                <script type=\"text\/javascript\">\n\/* <![CDATA[ *\/\n gform.initializeOnLoaded( function() {gformInitSpinner( 11, 'https:\/\/www.naturalscience.org\/wp-content\/plugins\/gravityforms\/images\/spinner.svg', true );jQuery('#gform_ajax_frame_11').on('load',function(){var contents = jQuery(this).contents().find('*').html();var is_postback = contents.indexOf('GF_AJAX_POSTBACK') >= 0;if(!is_postback){return;}var form_content = jQuery(this).contents().find('#gform_wrapper_11');var is_confirmation = jQuery(this).contents().find('#gform_confirmation_wrapper_11').length > 0;var is_redirect = contents.indexOf('gformRedirect(){') >= 0;var is_form = form_content.length > 0 && ! is_redirect && ! is_confirmation;var mt = parseInt(jQuery('html').css('margin-top'), 10) + parseInt(jQuery('body').css('margin-top'), 10) + 100;if(is_form){jQuery('#gform_wrapper_11').html(form_content.html());if(form_content.hasClass('gform_validation_error')){jQuery('#gform_wrapper_11').addClass('gform_validation_error');} else {jQuery('#gform_wrapper_11').removeClass('gform_validation_error');}setTimeout( function() { \/* delay the scroll by 50 milliseconds to fix a bug in chrome *\/ jQuery(document).scrollTop(jQuery('#gform_wrapper_11').offset().top - mt); }, 50 );if(window['gformInitDatepicker']) {gformInitDatepicker();}if(window['gformInitPriceFields']) {gformInitPriceFields();}var current_page = jQuery('#gform_source_page_number_11').val();gformInitSpinner( 11, 'https:\/\/www.naturalscience.org\/wp-content\/plugins\/gravityforms\/images\/spinner.svg', true );jQuery(document).trigger('gform_page_loaded', [11, current_page]);window['gf_submitting_11'] = false;}else if(!is_redirect){var confirmation_content = jQuery(this).contents().find('.GF_AJAX_POSTBACK').html();if(!confirmation_content){confirmation_content = contents;}jQuery('#gform_wrapper_11').replaceWith(confirmation_content);jQuery(document).scrollTop(jQuery('#gf_11').offset().top - mt);jQuery(document).trigger('gform_confirmation_loaded', [11]);window['gf_submitting_11'] = false;wp.a11y.speak(jQuery('#gform_confirmation_message_11').text());}else{jQuery('#gform_11').append(contents);if(window['gformRedirect']) {gformRedirect();}}jQuery(document).trigger(\"gform_pre_post_render\", [{ formId: \"11\", currentPage: \"current_page\", abort: function() { this.preventDefault(); } }]);        if (event && event.defaultPrevented) {                return;        }        const gformWrapperDiv = document.getElementById( \"gform_wrapper_11\" );        if ( gformWrapperDiv ) {            const visibilitySpan = document.createElement( \"span\" );            visibilitySpan.id = \"gform_visibility_test_11\";            gformWrapperDiv.insertAdjacentElement( \"afterend\", visibilitySpan );        }        const visibilityTestDiv = document.getElementById( \"gform_visibility_test_11\" );        let postRenderFired = false;        function triggerPostRender() {            if ( postRenderFired ) {                return;            }            postRenderFired = true;            gform.core.triggerPostRenderEvents( 11, current_page );            if ( visibilityTestDiv ) {                visibilityTestDiv.parentNode.removeChild( visibilityTestDiv );            }        }        function debounce( func, wait, immediate ) {            var timeout;            return function() {                var context = this, args = arguments;                var later = function() {                    timeout = null;                    if ( !immediate ) func.apply( context, args );                };                var callNow = immediate && !timeout;                clearTimeout( timeout );                timeout = setTimeout( later, wait );                if ( callNow ) func.apply( context, args );            };        }        const debouncedTriggerPostRender = debounce( function() {            triggerPostRender();        }, 200 );        if ( visibilityTestDiv && visibilityTestDiv.offsetParent === null ) {            const observer = new MutationObserver( ( mutations ) => {                mutations.forEach( ( mutation ) => {                    if ( mutation.type === 'attributes' && visibilityTestDiv.offsetParent !== null ) {                        debouncedTriggerPostRender();                        observer.disconnect();                    }                });            });            observer.observe( document.body, {                attributes: true,                childList: false,                subtree: true,                attributeFilter: [ 'style', 'class' ],            });        } else {            triggerPostRender();        }    } );} ); \n\/* ]]> *\/\n<\/script>\n<\/div>\n<div class=\"small-24 medium-offset-1 medium-13 columns\">\n<ul class=\"small-block-grid-1 medium-block-grid-2\">\n<li><strong>Welthauptsitz<\/strong><br \/>\nPost Office Drawer 16900<br \/>\nWashington, DC 20041<br \/>\nU.S.A.<br \/>\n<i class=\"fa fa-phone\"><\/i> +1(703)631-1408<br \/>\n<i class=\"fa fa-fax\"><\/i> +1(703)631-1919<br \/>\n<i class=\"fa fa-at\"><\/i> <a href=\"mailto:hq@naturalscience.org\">HQ@NATURALSCIENCE.org<\/a><\/li>\n<li><strong>Europ\u00e4ischer Hauptsitz<\/strong><br \/>\n<strong>B\u00fcro f\u00fcr die Schweiz<\/strong><br \/>\nPostfach&nbsp;<br \/>\n6000 Luzern 7<br \/>\nSchweiz<br \/>\n<i class=\"fa fa-phone\"><\/i> +41(41)798-0398<br \/>\n<i class=\"fa fa-fax\"><\/i> +41(41)798-0399<br \/>\n<i class=\"fa fa-at\"><\/i>&nbsp;<a href=\"mailto:EU-HQ@NATURALSCIENCE.org\">EU-HQ@NATURALSCIENCE.org<\/a><\/li>\n<li><strong>B\u00fcro f\u00fcr Deutschland<\/strong><br \/>\nPostfach 1109<br \/>\n95146 Selbitz<br \/>\nDeutschland<br \/>\n<i class=\"fa fa-phone\"><\/i> +49(9292)727-9985<br \/>\n<i class=\"fa fa-at\"><\/i>&nbsp;<a href=\"mailto:de-office@naturalscience.org\">DE-Office@NATURALSCIENCE.org<\/a><\/li>\n<li><strong>B\u00fcro f\u00fcr \u00d6sterreich<\/strong><br \/>\nPostfach 14<br \/>\n4040 Linz<br \/>\n\u00d6sterreich<br \/>\n<i class=\"fa fa-phone\"><\/i>&nbsp;+43(7239)510-80<br \/>\n<i class=\"fa fa-at\"><\/i>&nbsp;<a href=\"mailto:at-office@naturalscience.org\">AT-Office@NATURALSCIENCE.org<\/a><\/li>\n<\/ul>\n<\/div>\n<\/div>\n<div class=\"speaker-mute footnotes_reference_container\"> <div class=\"footnote_container_prepare\"><p><span role=\"button\" tabindex=\"0\" class=\"footnote_reference_container_label pointer\" onclick=\"footnote_expand_collapse_reference_container_166_1();\">References<\/span><span role=\"button\" tabindex=\"0\" class=\"footnote_reference_container_collapse_button\" style=\"display: none;\" onclick=\"footnote_expand_collapse_reference_container_166_1();\">[<a id=\"footnote_reference_container_collapse_button_166_1\">+<\/a>]<\/span><\/p><\/div> <div id=\"footnote_references_container_166_1\" style=\"\"><table class=\"footnotes_table footnote-reference-container\"><caption class=\"accessibility\">References<\/caption> <tbody> \r\n\r\n<tr class=\"footnotes_plugin_reference_row\"> <th scope=\"row\" class=\"footnote_plugin_index_combi pointer\"  onclick=\"footnote_moveToAnchor_166_1('footnote_plugin_tooltip_166_1_1');\"><a id=\"footnote_plugin_reference_166_1_1\" class=\"footnote_backlink\"><span class=\"footnote_index_arrow\">&#8593;<\/span>1<\/a><\/th> <td class=\"footnote_plugin_text\">o=gform.hooks[r][o]).sort(function(o,r){return o.priority-r.priority}),o.forEach(function(o){\"function\"!=typeof(t=o.callable)&&(t=window[t]),\"action\"==r?t.apply(null,e):e[0]=t.apply(null,e)}<\/td><\/tr>\r\n\r\n <\/tbody> <\/table> <\/div><\/div><script type=\"text\/javascript\"> function footnote_expand_reference_container_166_1() { jQuery('#footnote_references_container_166_1').show(); jQuery('#footnote_reference_container_collapse_button_166_1').text('\u2212'); } function footnote_collapse_reference_container_166_1() { jQuery('#footnote_references_container_166_1').hide(); jQuery('#footnote_reference_container_collapse_button_166_1').text('+'); } function footnote_expand_collapse_reference_container_166_1() { if (jQuery('#footnote_references_container_166_1').is(':hidden')) { footnote_expand_reference_container_166_1(); } else { footnote_collapse_reference_container_166_1(); } } function footnote_moveToReference_166_1(p_str_TargetID) { footnote_expand_reference_container_166_1(); var l_obj_Target = jQuery('#' + p_str_TargetID); if (l_obj_Target.length) { jQuery( 'html, body' ).delay( 0 ); jQuery('html, body').animate({ scrollTop: l_obj_Target.offset().top - window.innerHeight * 0.2 }, 380); } } function footnote_moveToAnchor_166_1(p_str_TargetID) { footnote_expand_reference_container_166_1(); var l_obj_Target = jQuery('#' + p_str_TargetID); if (l_obj_Target.length) { jQuery( 'html, body' ).delay( 0 ); jQuery('html, body').animate({ scrollTop: l_obj_Target.offset().top - window.innerHeight * 0.2 }, 380); } }<\/script>","protected":false},"excerpt":{"rendered":"Haben Sie Fragen oder brauchen Hilfe? Dann z\u00f6gern Sie nicht uns zu kontaktieren. Wir freuen uns Sie kennenzulernen! Welthauptsitz Post Office Drawer 16900 Washington, DC 20041 U.S.A. +1(703)631-1408 +1(703)631-1919 HQ@NATURALSCIENCE.org Europ\u00e4ischer Hauptsitz B\u00fcro f\u00fcr die Schweiz Postfach&nbsp; 6000 Luzern 7 Schweiz +41(41)798-0398 +41(41)798-0399 &nbsp;EU-HQ@NATURALSCIENCE.org B\u00fcro f\u00fcr Deutschland Postfach 1109 95146 Selbitz Deutschland +49(9292)727-9985 &nbsp;DE-Office@NATURALSCIENCE.org B\u00fcro [&hellip;]","protected":false},"author":9,"featured_media":0,"parent":0,"menu_order":197,"comment_status":"closed","ping_status":"closed","template":"page-full.php","meta":{"_acf_changed":false,"ngg_post_thumbnail":0,"footnotes":""},"categories":[],"class_list":["post-166","page","type-page","status-publish","hentry","wpautop"],"acf":[],"yoast_head":"<!-- This site is optimized with the Yoast SEO plugin v27.3 - https:\/\/yoast.com\/product\/yoast-seo-wordpress\/ -->\n<title>Kontakt - The World Foundation for Natural Science<\/title>\n<meta name=\"robots\" content=\"index, follow, max-snippet:-1, max-image-preview:large, max-video-preview:-1\" \/>\n<link rel=\"canonical\" href=\"https:\/\/www.naturalscience.org\/de\/kontakt\/\" \/>\n<meta name=\"twitter:label1\" content=\"Gesch\u00e4tzte Lesezeit\" \/>\n\t<meta name=\"twitter:data1\" content=\"1\u00a0Minute\" \/>\n<script type=\"application\/ld+json\" class=\"yoast-schema-graph\">{\"@context\":\"https:\\\/\\\/schema.org\",\"@graph\":[{\"@type\":\"WebPage\",\"@id\":\"https:\\\/\\\/www.naturalscience.org\\\/de\\\/kontakt\\\/\",\"url\":\"https:\\\/\\\/www.naturalscience.org\\\/de\\\/kontakt\\\/\",\"name\":\"Kontakt - The World Foundation for Natural Science\",\"isPartOf\":{\"@id\":\"https:\\\/\\\/www.naturalscience.org\\\/#website\"},\"datePublished\":\"2014-04-24T21:02:27+00:00\",\"dateModified\":\"2024-05-17T07:44:52+00:00\",\"breadcrumb\":{\"@id\":\"https:\\\/\\\/www.naturalscience.org\\\/de\\\/kontakt\\\/#breadcrumb\"},\"inLanguage\":\"de\",\"potentialAction\":[{\"@type\":\"ReadAction\",\"target\":[\"https:\\\/\\\/www.naturalscience.org\\\/de\\\/kontakt\\\/\"]}]},{\"@type\":\"BreadcrumbList\",\"@id\":\"https:\\\/\\\/www.naturalscience.org\\\/de\\\/kontakt\\\/#breadcrumb\",\"itemListElement\":[{\"@type\":\"ListItem\",\"position\":1,\"name\":\"Home\",\"item\":\"https:\\\/\\\/www.naturalscience.org\\\/de\\\/\"},{\"@type\":\"ListItem\",\"position\":2,\"name\":\"Kontakt\"}]},{\"@type\":\"WebSite\",\"@id\":\"https:\\\/\\\/www.naturalscience.org\\\/#website\",\"url\":\"https:\\\/\\\/www.naturalscience.org\\\/\",\"name\":\"The World Foundation for Natural Science\",\"description\":\"Restoring and Healing the World through Responsibility and Commitment in accord with Natural and Divine Law!\",\"potentialAction\":[{\"@type\":\"SearchAction\",\"target\":{\"@type\":\"EntryPoint\",\"urlTemplate\":\"https:\\\/\\\/www.naturalscience.org\\\/?s={search_term_string}\"},\"query-input\":{\"@type\":\"PropertyValueSpecification\",\"valueRequired\":true,\"valueName\":\"search_term_string\"}}],\"inLanguage\":\"de\"}]}<\/script>\n<!-- \/ Yoast SEO plugin. -->","yoast_head_json":{"title":"Kontakt - The World Foundation for Natural Science","robots":{"index":"index","follow":"follow","max-snippet":"max-snippet:-1","max-image-preview":"max-image-preview:large","max-video-preview":"max-video-preview:-1"},"canonical":"https:\/\/www.naturalscience.org\/de\/kontakt\/","twitter_misc":{"Gesch\u00e4tzte Lesezeit":"1\u00a0Minute"},"schema":{"@context":"https:\/\/schema.org","@graph":[{"@type":"WebPage","@id":"https:\/\/www.naturalscience.org\/de\/kontakt\/","url":"https:\/\/www.naturalscience.org\/de\/kontakt\/","name":"Kontakt - The World Foundation for Natural Science","isPartOf":{"@id":"https:\/\/www.naturalscience.org\/#website"},"datePublished":"2014-04-24T21:02:27+00:00","dateModified":"2024-05-17T07:44:52+00:00","breadcrumb":{"@id":"https:\/\/www.naturalscience.org\/de\/kontakt\/#breadcrumb"},"inLanguage":"de","potentialAction":[{"@type":"ReadAction","target":["https:\/\/www.naturalscience.org\/de\/kontakt\/"]}]},{"@type":"BreadcrumbList","@id":"https:\/\/www.naturalscience.org\/de\/kontakt\/#breadcrumb","itemListElement":[{"@type":"ListItem","position":1,"name":"Home","item":"https:\/\/www.naturalscience.org\/de\/"},{"@type":"ListItem","position":2,"name":"Kontakt"}]},{"@type":"WebSite","@id":"https:\/\/www.naturalscience.org\/#website","url":"https:\/\/www.naturalscience.org\/","name":"The World Foundation for Natural Science","description":"Restoring and Healing the World through Responsibility and Commitment in accord with Natural and Divine Law!","potentialAction":[{"@type":"SearchAction","target":{"@type":"EntryPoint","urlTemplate":"https:\/\/www.naturalscience.org\/?s={search_term_string}"},"query-input":{"@type":"PropertyValueSpecification","valueRequired":true,"valueName":"search_term_string"}}],"inLanguage":"de"}]}},"_links":{"self":[{"href":"https:\/\/www.naturalscience.org\/de\/wp-json\/wp\/v2\/pages\/166","targetHints":{"allow":["GET"]}}],"collection":[{"href":"https:\/\/www.naturalscience.org\/de\/wp-json\/wp\/v2\/pages"}],"about":[{"href":"https:\/\/www.naturalscience.org\/de\/wp-json\/wp\/v2\/types\/page"}],"author":[{"embeddable":true,"href":"https:\/\/www.naturalscience.org\/de\/wp-json\/wp\/v2\/users\/9"}],"replies":[{"embeddable":true,"href":"https:\/\/www.naturalscience.org\/de\/wp-json\/wp\/v2\/comments?post=166"}],"version-history":[{"count":26,"href":"https:\/\/www.naturalscience.org\/de\/wp-json\/wp\/v2\/pages\/166\/revisions"}],"predecessor-version":[{"id":40472,"href":"https:\/\/www.naturalscience.org\/de\/wp-json\/wp\/v2\/pages\/166\/revisions\/40472"}],"wp:attachment":[{"href":"https:\/\/www.naturalscience.org\/de\/wp-json\/wp\/v2\/media?parent=166"}],"wp:term":[{"taxonomy":"category","embeddable":true,"href":"https:\/\/www.naturalscience.org\/de\/wp-json\/wp\/v2\/categories?post=166"}],"curies":[{"name":"wp","href":"https:\/\/api.w.org\/{rel}","templated":true}]}}