{"id":15873,"date":"2015-10-10T14:16:18","date_gmt":"2015-10-10T12:16:18","guid":{"rendered":"http:\/\/www.naturalscience.org\/de\/lehrtaetigkeit\/kongress-2015\/referenten\/"},"modified":"2015-10-18T20:46:56","modified_gmt":"2015-10-18T18:46:56","slug":"referenten","status":"publish","type":"page","link":"https:\/\/www.naturalscience.org\/de\/kongress-2015\/referenten\/","title":{"rendered":"Ein \u201cWho is Who\u201d unserer Redner"},"content":{"rendered":"<p><a name=\"Luebke-Hildebrandt\"><\/a><\/p>\n<div class=\"row\">\n<div class=\"small-24 medium-6 columns\"><img loading=\"lazy\" decoding=\"async\" class=\"alignnone wp-image-15875 size-medium\" src=\"https:\/\/www.naturalscience.org\/wp-content\/uploads\/2015\/10\/Angelika-L\u00fcbke-225x300.jpg\" alt=\"Angelika L\u00fcbke\" width=\"225\" height=\"300\" srcset=\"https:\/\/www.naturalscience.org\/wp-content\/uploads\/2015\/10\/Angelika-L\u00fcbke-225x300.jpg 225w, https:\/\/www.naturalscience.org\/wp-content\/uploads\/2015\/10\/Angelika-L\u00fcbke-123x164.jpg 123w, https:\/\/www.naturalscience.org\/wp-content\/uploads\/2015\/10\/Angelika-L\u00fcbke.jpg 354w\" sizes=\"auto, (max-width: 225px) 100vw, 225px\" \/><\/div>\n<div class=\"small-24 medium-18 columns\">\n<p><strong>Angelika L\u00fcbke-Hildebrandt<\/strong> stammt aus einer Familie, f\u00fcr die der Boden schon immer das Fundament aller Dinge war. Nach ihrer schulischen Ausbildung in \u00d6sterreich verbrachte sie mehrere Forschungsjahre im Ausland. In Kalifornien erhielt sie insbesondere Einblick in die amerikanische Agrarindustrie. Weiterbildungen in Earth Systems Science und Holistic Science verbreiterten den Zugang zu ihren Forschungsgebieten Kompost, Humus, \u00d6kologie, Ern\u00e4hrung und Soziologie.<\/p>\n<\/div>\n<\/div>\n<div class=\"line\"><\/div>\n<p><a name=\"Karl-Cox\"><\/a><\/p>\n<div class=\"row\">\n<div class=\"small-24 medium-6 columns\"><img loading=\"lazy\" decoding=\"async\" src=\"https:\/\/www.naturalscience.org\/wp-content\/uploads\/2015\/10\/Karl-Cox-225x300.jpg\" alt=\"Karl-Cox\" width=\"225\" height=\"300\" class=\"alignnone size-medium wp-image-15877\" srcset=\"https:\/\/www.naturalscience.org\/wp-content\/uploads\/2015\/10\/Karl-Cox-225x300.jpg 225w, https:\/\/www.naturalscience.org\/wp-content\/uploads\/2015\/10\/Karl-Cox-123x164.jpg 123w, https:\/\/www.naturalscience.org\/wp-content\/uploads\/2015\/10\/Karl-Cox.jpg 255w\" sizes=\"auto, (max-width: 225px) 100vw, 225px\" \/><\/div>\n<div class=\"small-24 medium-18 columns\">\n<p><strong>Dr. Karl Cox, PhD<\/strong>, absolvierte seinen ersten Studienabschluss in Geschichte. Anschlie\u00dfend unterrichtete er Englisch in Budapest und Madrid und promovierte 2002 in Computerwissenschaften. In diesem Bereich hat er seither \u00fcber 80 wissenschaftliche Artikel ver\u00f6ffentlicht. In den letzten Jahren galt sein haupts\u00e4chliches Forschungsinteresse der genetischen Manipulation von Lebensmitteln. Antriebskraft hief\u00fcr ist seine Wissbegier f\u00fcr darwinistische und genetische EDV. Dr. Cox doziert zurzeit im Bereich EDV an der Universit\u00e4t Brighton,UK.<\/p>\n<\/div>\n<\/div>\n<div class=\"line\"><\/div>\n<p><a name=\"Harman-Wakeford\"><\/a><\/p>\n<div class=\"row\">\n<div class=\"small-24 medium-6 columns\"><img loading=\"lazy\" decoding=\"async\" src=\"https:\/\/www.naturalscience.org\/wp-content\/uploads\/2015\/10\/Toni_Alex_Microbirth-225x300.jpg\" alt=\"Toni_Alex_Microbirth\" width=\"225\" height=\"300\" class=\"alignnone size-medium wp-image-15883\" srcset=\"https:\/\/www.naturalscience.org\/wp-content\/uploads\/2015\/10\/Toni_Alex_Microbirth-225x300.jpg 225w, https:\/\/www.naturalscience.org\/wp-content\/uploads\/2015\/10\/Toni_Alex_Microbirth-123x164.jpg 123w, https:\/\/www.naturalscience.org\/wp-content\/uploads\/2015\/10\/Toni_Alex_Microbirth.jpg 354w\" sizes=\"auto, (max-width: 225px) 100vw, 225px\" \/><\/div>\n<div class=\"small-24 medium-18 columns\">\n<p><strong>Toni Harman<\/strong> und <strong>Alex Wakeford<\/strong>, England, Dokumentarfilmer, Drehbuchautoren und Produzenten, begannen sich aufgrund der Geburt ihrer Tochter filmisch mit dem Thema \u201eGeburt\u201c zu befassen. Sie sind auch verantwortlich f\u00fcr Filme wie \u201eDoula!\u201c (2010), \u201eFreedom for Birth\u201c (2012) sowie \u201eMicrobirth\u201c (2014). Ankn\u00fcpfend an \u201eMicrobirth\u201c arbeiten sie nun an ihrem n\u00e4chsten Filmprojekt \u201eA Probiotic Life\u201c, welches sich ebenfalls um das menschliche Mikrobiom dreht. Geplantes Erscheinungsdatum ist 2016.<\/p>\n<\/div>\n<\/div>\n<div class=\"line\"><\/div>\n<p><a name=\"Waldmann\"><\/a><\/p>\n<div class=\"row\">\n<div class=\"small-24 medium-6 columns\"><img loading=\"lazy\" decoding=\"async\" src=\"https:\/\/www.naturalscience.org\/wp-content\/uploads\/2015\/10\/Lukas-Waldmann-225x300.jpg\" alt=\"Lukas Waldmann\" width=\"225\" height=\"300\" class=\"alignnone size-medium wp-image-15878\" srcset=\"https:\/\/www.naturalscience.org\/wp-content\/uploads\/2015\/10\/Lukas-Waldmann-225x300.jpg 225w, https:\/\/www.naturalscience.org\/wp-content\/uploads\/2015\/10\/Lukas-Waldmann-123x164.jpg 123w, https:\/\/www.naturalscience.org\/wp-content\/uploads\/2015\/10\/Lukas-Waldmann.jpg 354w\" sizes=\"auto, (max-width: 225px) 100vw, 225px\" \/><\/div>\n<div class=\"small-24 medium-18 columns\">\n<p><strong>Lukas Waldmann<\/strong> erlangte nach seiner Ausbildung zum Landwirt auf dem zweiten Bildungsweg an der Schule f\u00fcr angewandte Naturheilkunde in Z\u00fcrich, Schweiz, das Diplom als Heilpraktiker. Seit 15 Jahren hat er in seiner Praxis unz\u00e4hlige Menschen auf den Gesundheitspfad gef\u00fchrt und ihnen zur Gesundung verholfen. Sein Behandlungsschwergewicht liegt dabei in der Alternativen Medizin mittels Nahrungserg\u00e4nzungsmitteln, zugeschnitten auf die einzelnen Bed\u00fcrfnisse und den gesundheitlichen Zustand des Patienten.<\/p>\n<\/div>\n<\/div>\n<div class=\"line\"><\/div>\n<p><a name=\"Herout\"><\/a><\/p>\n<div class=\"row\">\n<div class=\"small-24 medium-6 columns\"><img loading=\"lazy\" decoding=\"async\" src=\"https:\/\/www.naturalscience.org\/wp-content\/uploads\/2015\/10\/Nicole-Herout2-225x300.jpg\" alt=\"Nicole Herout2\" width=\"225\" height=\"300\" class=\"alignnone size-medium wp-image-15880\" srcset=\"https:\/\/www.naturalscience.org\/wp-content\/uploads\/2015\/10\/Nicole-Herout2-225x300.jpg 225w, https:\/\/www.naturalscience.org\/wp-content\/uploads\/2015\/10\/Nicole-Herout2-123x164.jpg 123w, https:\/\/www.naturalscience.org\/wp-content\/uploads\/2015\/10\/Nicole-Herout2.jpg 354w\" sizes=\"auto, (max-width: 225px) 100vw, 225px\" \/><\/div>\n<div class=\"small-24 medium-18 columns\">\n<p><strong>Dr. med. vet. Nicole Herout<\/strong>, seit 30 Jahren in der Tiermedizin t\u00e4tig, promovierte 1986 in Wien zum Doktor der Veterin\u00e4rmedizin. Ihre Ausbildung erweiterte sie 1997 mit dem Fachtierarzt Hom\u00f6opathie sowie 2004 mit dem IAVC Chiropractic Certificate. Sie verf\u00fcgt \u00fcber umfassende Kenntnisse in Akupunktur und Phytotherapie bei Tieren. Seit vielen Jahren in der ganzheitlichen Betreuung von Nutztierbetrieben t\u00e4tig, hat sie auch eigene bio-zertifizierte Kr\u00e4uterzusatz-Futtermittel entwickelt. Sie z\u00fcchtet auch Bio-Freiland-Gefl\u00fcgel und L\u00e4mmer f\u00fcr den Ab-Hof-Verkauf.<\/p>\n<\/div>\n<\/div>\n<div class=\"line\"><\/div>\n<p><a name=\"Hofmann\"><\/a><\/p>\n<div class=\"row\">\n<div class=\"small-24 medium-6 columns\"><img loading=\"lazy\" decoding=\"async\" src=\"https:\/\/www.naturalscience.org\/wp-content\/uploads\/2015\/10\/Marcel-Hofmann-225x300.jpg\" alt=\"Marcel Hofmann\" width=\"225\" height=\"300\" class=\"alignnone size-medium wp-image-15879\" srcset=\"https:\/\/www.naturalscience.org\/wp-content\/uploads\/2015\/10\/Marcel-Hofmann-225x300.jpg 225w, https:\/\/www.naturalscience.org\/wp-content\/uploads\/2015\/10\/Marcel-Hofmann-123x164.jpg 123w, https:\/\/www.naturalscience.org\/wp-content\/uploads\/2015\/10\/Marcel-Hofmann.jpg 354w\" sizes=\"auto, (max-width: 225px) 100vw, 225px\" \/><\/div>\n<div class=\"small-24 medium-18 columns\">\n<p><strong>Marcel Hofmann<\/strong> hat nach der Fachlehre als Elektromonteur das Diplom als Elektroingenieur HTL an der Fachhochschule Rapperswil, Z\u00fcrich, Schweiz, und sp\u00e4ter das \u201aMaster of Science Diplom in Electrical Engineering\u2018, Studienrichtung Telekommunikation und digitale Signalverarbeitung, an der Northeastern Universit\u00e4t in Boston, USA, erlangt. Seine ersten praktischen Erfahrungen im Bereich Mobilfunk hat er direkt nach seinem Studium bei der Siemens Schweiz AG und danach u.a. bei der Swisscom Mobile AG erworben.<\/p>\n<\/div>\n<\/div>\n<div class=\"line\"><\/div>\n<p><a name=\"Trappitsch\"><\/a><\/p>\n<div class=\"row\">\n<div class=\"small-24 medium-6 columns\"><img loading=\"lazy\" decoding=\"async\" src=\"https:\/\/www.naturalscience.org\/wp-content\/uploads\/2015\/10\/Daniel-Trappitsch-2-225x300.jpg\" alt=\"Daniel Trappitsch 2\" width=\"225\" height=\"300\" class=\"alignnone size-medium wp-image-15876\" srcset=\"https:\/\/www.naturalscience.org\/wp-content\/uploads\/2015\/10\/Daniel-Trappitsch-2-225x300.jpg 225w, https:\/\/www.naturalscience.org\/wp-content\/uploads\/2015\/10\/Daniel-Trappitsch-2-123x164.jpg 123w, https:\/\/www.naturalscience.org\/wp-content\/uploads\/2015\/10\/Daniel-Trappitsch-2.jpg 354w\" sizes=\"auto, (max-width: 225px) 100vw, 225px\" \/><\/div>\n<div class=\"small-24 medium-18 columns\">\n<p><strong>Daniel Trappitsch<\/strong> ist ausgebildeter Heilpraktiker und leitete w\u00e4hrend zehn Jahren eine Naturheilpraktikerschule. Heute f\u00fchrt er seine eigene Naturheilpraxis, unterrichtet aber auch weiterhin an verschiedenen Schulen und schreibt B\u00fccher zu naturheilkundlichen Themen. Als Delegierter des Vorstandes Netzwerk Impfentscheid in der Schweiz engagiert sich der Vater von zwei erwachsenen Kindern f\u00fcr einen kritischen Umgang mit dem Thema Impfen und die Wahlfreiheit des Einzelnen diesbez\u00fcglich.<\/p>\n<\/div>\n<\/div>\n<div class=\"line\"><\/div>\n<p><a name=\"Zac-Cox\"><\/a><\/p>\n<div class=\"row\">\n<div class=\"small-24 medium-6 columns\"><img loading=\"lazy\" decoding=\"async\" src=\"https:\/\/www.naturalscience.org\/wp-content\/uploads\/2015\/10\/Zac-Cox-225x300.jpg\" alt=\"Zac-Cox\" width=\"225\" height=\"300\" class=\"alignnone size-medium wp-image-15884\" srcset=\"https:\/\/www.naturalscience.org\/wp-content\/uploads\/2015\/10\/Zac-Cox-225x300.jpg 225w, https:\/\/www.naturalscience.org\/wp-content\/uploads\/2015\/10\/Zac-Cox-123x164.jpg 123w, https:\/\/www.naturalscience.org\/wp-content\/uploads\/2015\/10\/Zac-Cox.jpg 255w\" sizes=\"auto, (max-width: 225px) 100vw, 225px\" \/><\/div>\n<div class=\"small-24 medium-18 columns\">\n<p><strong>Dr. R. Zac Cox, BDS<\/strong> schloss seine Ausbildung zum Zahnarzt 1992 an der Cardiff Dental School, University of Wales, ab. Seine Nachforschungen bez\u00fcglich des Zusammenhangs zwischen der Gesundheit des Mundraumes und der k\u00f6rperlichen Gesundheit weckten sein Interesse an der holistischen Zahnmedizin. Als ganzheitlicher Zahnarzt kombiniert er schulmedizinisches und naturheilkundliches Wissen und arbeitet mit Experten aus verschiedenen Bereichen.<\/p>\n<\/div>\n<\/div>\n<div class=\"line\"><\/div>\n<p><a name=\"Baars\"><\/a><\/p>\n<div class=\"row\">\n<div class=\"small-24 medium-6 columns\"><img loading=\"lazy\" decoding=\"async\" src=\"https:\/\/www.naturalscience.org\/wp-content\/uploads\/2015\/10\/Ton-Baars-225x300.jpg\" alt=\"Ton Baars\" width=\"225\" height=\"300\" class=\"alignnone size-medium wp-image-15882\" srcset=\"https:\/\/www.naturalscience.org\/wp-content\/uploads\/2015\/10\/Ton-Baars-225x300.jpg 225w, https:\/\/www.naturalscience.org\/wp-content\/uploads\/2015\/10\/Ton-Baars-123x164.jpg 123w, https:\/\/www.naturalscience.org\/wp-content\/uploads\/2015\/10\/Ton-Baars.jpg 354w\" sizes=\"auto, (max-width: 225px) 100vw, 225px\" \/><\/div>\n<div class=\"small-24 medium-18 columns\">\n<p><strong>Prof. Dr. Ton Baars<\/strong> hat w\u00e4hrend seines Studiums in Biologie und \u00d6kologie an der Universit\u00e4t Utrecht, Niederlande, eine K\u00e4serei geleitet und bildete Landwirte aus. Er arbeitete w\u00e4hrend 25 Jahren am Louis Bolk Institut, und baute w\u00e4hrend dieser Zeit die Abteilung Gr\u00fcnland\/Futterbau\/Tierhaltung auf. 2005 \u00fcbernahm er an der Universit\u00e4t Kassel die weltweit erste Professur in Biologisch-Dynamischer Landwirtschaft. Seit 2011 ist er als Senior Scientist for milk quality and animal welfare f\u00fcr das Forschungsinstitut f\u00fcr Biologischen Landbau (FiBL) t\u00e4tig.<\/p>\n<\/div>\n<\/div>\n<div class=\"line\"><\/div>\n<p><a name=\"Probst\"><\/a><\/p>\n<div class=\"row\">\n<div class=\"small-24 medium-6 columns\">\n<img loading=\"lazy\" decoding=\"async\" src=\"https:\/\/www.naturalscience.org\/wp-content\/uploads\/2015\/10\/Paul-Probst.jpg\" alt=\"Paul-Probst\" width=\"180\" height=\"240\" class=\"alignnone size-full wp-image-15881\" srcset=\"https:\/\/www.naturalscience.org\/wp-content\/uploads\/2015\/10\/Paul-Probst.jpg 180w, https:\/\/www.naturalscience.org\/wp-content\/uploads\/2015\/10\/Paul-Probst-123x164.jpg 123w\" sizes=\"auto, (max-width: 180px) 100vw, 180px\" \/>\n<\/div>\n<div class=\"small-24 medium-18 columns\">\n<p><strong>The Very Rev. Dean em. Paul Probst, SF<\/strong>, Europ\u00e4ischer Pr\u00e4sident The World Foundation for Natural Science, verf\u00fcgt \u00fcber eine 30-j\u00e4hrige Erfahrung als Heilpraktiker. Seine zus\u00e4tzliche umfangreiche Ausbildung im Gebiet der Geisteswissenschaft, sowie die daraus resultierenden Erkenntnisse und Erfahrungen, erlauben es ihm, unseren Organismus gekonnt zu f\u00fchren. Mit diesem soliden und balancierten Fundament hat er auch ideale Voraussetzungen, die wichtigsten Elemente von Naturwissenschaft und Religion zu verbinden und dem Menschen zu vermitteln.<\/p>\n<\/div>\n<\/div>\n<div class=\"line\"><\/div>\n<div class=\"text-center\" style=\"margin: 20px 0 40px 0;\">\n<a href=\"https:\/\/www.naturalscience.org\/de\/kongress-2015\/\" class=\"button radius primary\"><i class=\"fa fa-chevron-left \" ><\/i> Zur\u00fcck zur \u00dcbersicht<\/a>\n<\/div>\n","protected":false},"excerpt":{"rendered":"Angelika L\u00fcbke-Hildebrandt stammt aus einer Familie, f\u00fcr die der Boden schon immer das Fundament aller Dinge war. Nach ihrer schulischen Ausbildung in \u00d6sterreich verbrachte sie mehrere Forschungsjahre im Ausland. In Kalifornien erhielt sie insbesondere Einblick in die amerikanische Agrarindustrie. Weiterbildungen in Earth Systems Science und Holistic Science verbreiterten den Zugang zu ihren Forschungsgebieten Kompost, Humus, [&hellip;]","protected":false},"author":9,"featured_media":0,"parent":15248,"menu_order":11,"comment_status":"closed","ping_status":"closed","template":"","meta":{"_acf_changed":false,"ngg_post_thumbnail":0,"footnotes":""},"categories":[],"class_list":["post-15873","page","type-page","status-publish","hentry","wpautop"],"acf":[],"yoast_head":"<!-- This site is optimized with the Yoast SEO plugin v27.5 - https:\/\/yoast.com\/product\/yoast-seo-wordpress\/ -->\n<title>Ein \u201cWho is Who\u201d unserer Redner - The World Foundation for Natural Science<\/title>\n<meta name=\"robots\" content=\"index, follow, max-snippet:-1, max-image-preview:large, max-video-preview:-1\" \/>\n<link rel=\"canonical\" href=\"https:\/\/www.naturalscience.org\/de\/kongress-2015\/referenten\/\" \/>\n<meta name=\"twitter:label1\" content=\"Gesch\u00e4tzte Lesezeit\" \/>\n\t<meta name=\"twitter:data1\" content=\"4\u00a0Minuten\" \/>\n<script type=\"application\/ld+json\" class=\"yoast-schema-graph\">{\"@context\":\"https:\\\/\\\/schema.org\",\"@graph\":[{\"@type\":\"WebPage\",\"@id\":\"https:\\\/\\\/www.naturalscience.org\\\/de\\\/kongress-2015\\\/referenten\\\/\",\"url\":\"https:\\\/\\\/www.naturalscience.org\\\/de\\\/kongress-2015\\\/referenten\\\/\",\"name\":\"Ein \u201cWho is Who\u201d unserer Redner - The World Foundation for Natural Science\",\"isPartOf\":{\"@id\":\"https:\\\/\\\/www.naturalscience.org\\\/#website\"},\"primaryImageOfPage\":{\"@id\":\"https:\\\/\\\/www.naturalscience.org\\\/de\\\/kongress-2015\\\/referenten\\\/#primaryimage\"},\"image\":{\"@id\":\"https:\\\/\\\/www.naturalscience.org\\\/de\\\/kongress-2015\\\/referenten\\\/#primaryimage\"},\"thumbnailUrl\":\"https:\\\/\\\/www.naturalscience.org\\\/wp-content\\\/uploads\\\/2015\\\/10\\\/Karl-Cox-225x300.jpg\",\"datePublished\":\"2015-10-10T12:16:18+00:00\",\"dateModified\":\"2015-10-18T18:46:56+00:00\",\"breadcrumb\":{\"@id\":\"https:\\\/\\\/www.naturalscience.org\\\/de\\\/kongress-2015\\\/referenten\\\/#breadcrumb\"},\"inLanguage\":\"de\",\"potentialAction\":[{\"@type\":\"ReadAction\",\"target\":[\"https:\\\/\\\/www.naturalscience.org\\\/de\\\/kongress-2015\\\/referenten\\\/\"]}]},{\"@type\":\"ImageObject\",\"inLanguage\":\"de\",\"@id\":\"https:\\\/\\\/www.naturalscience.org\\\/de\\\/kongress-2015\\\/referenten\\\/#primaryimage\",\"url\":\"https:\\\/\\\/www.naturalscience.org\\\/wp-content\\\/uploads\\\/2015\\\/10\\\/Karl-Cox-225x300.jpg\",\"contentUrl\":\"https:\\\/\\\/www.naturalscience.org\\\/wp-content\\\/uploads\\\/2015\\\/10\\\/Karl-Cox-225x300.jpg\"},{\"@type\":\"BreadcrumbList\",\"@id\":\"https:\\\/\\\/www.naturalscience.org\\\/de\\\/kongress-2015\\\/referenten\\\/#breadcrumb\",\"itemListElement\":[{\"@type\":\"ListItem\",\"position\":1,\"name\":\"Home\",\"item\":\"https:\\\/\\\/www.naturalscience.org\\\/de\\\/\"},{\"@type\":\"ListItem\",\"position\":2,\"name\":\"20. Internationaler \u201eNeuer Wissenschaftlicher Ausblick\u201c Welt-Kongress\",\"item\":\"https:\\\/\\\/www.naturalscience.org\\\/de\\\/kongress-2015\\\/\"},{\"@type\":\"ListItem\",\"position\":3,\"name\":\"Ein \u201cWho is Who\u201d unserer Redner\"}]},{\"@type\":\"WebSite\",\"@id\":\"https:\\\/\\\/www.naturalscience.org\\\/#website\",\"url\":\"https:\\\/\\\/www.naturalscience.org\\\/\",\"name\":\"The World Foundation for Natural Science\",\"description\":\"Restoring and Healing the World through Responsibility and Commitment in accord with Natural and Divine Law!\",\"potentialAction\":[{\"@type\":\"SearchAction\",\"target\":{\"@type\":\"EntryPoint\",\"urlTemplate\":\"https:\\\/\\\/www.naturalscience.org\\\/?s={search_term_string}\"},\"query-input\":{\"@type\":\"PropertyValueSpecification\",\"valueRequired\":true,\"valueName\":\"search_term_string\"}}],\"inLanguage\":\"de\"}]}<\/script>\n<!-- \/ Yoast SEO plugin. -->","yoast_head_json":{"title":"Ein \u201cWho is Who\u201d unserer Redner - The World Foundation for Natural Science","robots":{"index":"index","follow":"follow","max-snippet":"max-snippet:-1","max-image-preview":"max-image-preview:large","max-video-preview":"max-video-preview:-1"},"canonical":"https:\/\/www.naturalscience.org\/de\/kongress-2015\/referenten\/","twitter_misc":{"Gesch\u00e4tzte Lesezeit":"4\u00a0Minuten"},"schema":{"@context":"https:\/\/schema.org","@graph":[{"@type":"WebPage","@id":"https:\/\/www.naturalscience.org\/de\/kongress-2015\/referenten\/","url":"https:\/\/www.naturalscience.org\/de\/kongress-2015\/referenten\/","name":"Ein \u201cWho is Who\u201d unserer Redner - The World Foundation for Natural Science","isPartOf":{"@id":"https:\/\/www.naturalscience.org\/#website"},"primaryImageOfPage":{"@id":"https:\/\/www.naturalscience.org\/de\/kongress-2015\/referenten\/#primaryimage"},"image":{"@id":"https:\/\/www.naturalscience.org\/de\/kongress-2015\/referenten\/#primaryimage"},"thumbnailUrl":"https:\/\/www.naturalscience.org\/wp-content\/uploads\/2015\/10\/Karl-Cox-225x300.jpg","datePublished":"2015-10-10T12:16:18+00:00","dateModified":"2015-10-18T18:46:56+00:00","breadcrumb":{"@id":"https:\/\/www.naturalscience.org\/de\/kongress-2015\/referenten\/#breadcrumb"},"inLanguage":"de","potentialAction":[{"@type":"ReadAction","target":["https:\/\/www.naturalscience.org\/de\/kongress-2015\/referenten\/"]}]},{"@type":"ImageObject","inLanguage":"de","@id":"https:\/\/www.naturalscience.org\/de\/kongress-2015\/referenten\/#primaryimage","url":"https:\/\/www.naturalscience.org\/wp-content\/uploads\/2015\/10\/Karl-Cox-225x300.jpg","contentUrl":"https:\/\/www.naturalscience.org\/wp-content\/uploads\/2015\/10\/Karl-Cox-225x300.jpg"},{"@type":"BreadcrumbList","@id":"https:\/\/www.naturalscience.org\/de\/kongress-2015\/referenten\/#breadcrumb","itemListElement":[{"@type":"ListItem","position":1,"name":"Home","item":"https:\/\/www.naturalscience.org\/de\/"},{"@type":"ListItem","position":2,"name":"20. Internationaler \u201eNeuer Wissenschaftlicher Ausblick\u201c Welt-Kongress","item":"https:\/\/www.naturalscience.org\/de\/kongress-2015\/"},{"@type":"ListItem","position":3,"name":"Ein \u201cWho is Who\u201d unserer Redner"}]},{"@type":"WebSite","@id":"https:\/\/www.naturalscience.org\/#website","url":"https:\/\/www.naturalscience.org\/","name":"The World Foundation for Natural Science","description":"Restoring and Healing the World through Responsibility and Commitment in accord with Natural and Divine Law!","potentialAction":[{"@type":"SearchAction","target":{"@type":"EntryPoint","urlTemplate":"https:\/\/www.naturalscience.org\/?s={search_term_string}"},"query-input":{"@type":"PropertyValueSpecification","valueRequired":true,"valueName":"search_term_string"}}],"inLanguage":"de"}]}},"_links":{"self":[{"href":"https:\/\/www.naturalscience.org\/de\/wp-json\/wp\/v2\/pages\/15873","targetHints":{"allow":["GET"]}}],"collection":[{"href":"https:\/\/www.naturalscience.org\/de\/wp-json\/wp\/v2\/pages"}],"about":[{"href":"https:\/\/www.naturalscience.org\/de\/wp-json\/wp\/v2\/types\/page"}],"author":[{"embeddable":true,"href":"https:\/\/www.naturalscience.org\/de\/wp-json\/wp\/v2\/users\/9"}],"replies":[{"embeddable":true,"href":"https:\/\/www.naturalscience.org\/de\/wp-json\/wp\/v2\/comments?post=15873"}],"version-history":[{"count":22,"href":"https:\/\/www.naturalscience.org\/de\/wp-json\/wp\/v2\/pages\/15873\/revisions"}],"predecessor-version":[{"id":16436,"href":"https:\/\/www.naturalscience.org\/de\/wp-json\/wp\/v2\/pages\/15873\/revisions\/16436"}],"up":[{"embeddable":true,"href":"https:\/\/www.naturalscience.org\/de\/wp-json\/wp\/v2\/pages\/15248"}],"wp:attachment":[{"href":"https:\/\/www.naturalscience.org\/de\/wp-json\/wp\/v2\/media?parent=15873"}],"wp:term":[{"taxonomy":"category","embeddable":true,"href":"https:\/\/www.naturalscience.org\/de\/wp-json\/wp\/v2\/categories?post=15873"}],"curies":[{"name":"wp","href":"https:\/\/api.w.org\/{rel}","templated":true}]}}