{"id":15669,"date":"2015-09-24T22:20:42","date_gmt":"2015-09-24T20:20:42","guid":{"rendered":"http:\/\/www.naturalscience.org\/de\/lehrtaetigkeit\/kongress-2015\/themenuebersicht\/"},"modified":"2015-10-18T20:46:47","modified_gmt":"2015-10-18T18:46:47","slug":"themen","status":"publish","type":"page","link":"https:\/\/www.naturalscience.org\/de\/kongress-2015\/themen\/","title":{"rendered":"Themen\u00fcbersicht"},"content":{"rendered":"<p><img loading=\"lazy\" decoding=\"async\" src=\"https:\/\/www.naturalscience.org\/wp-content\/uploads\/2015\/09\/header-soil-2.jpg\" alt=\"header-soil-2\" width=\"970\" height=\"220\" class=\"alignnone size-full wp-image-15731\" srcset=\"https:\/\/www.naturalscience.org\/wp-content\/uploads\/2015\/09\/header-soil-2.jpg 970w, https:\/\/www.naturalscience.org\/wp-content\/uploads\/2015\/09\/header-soil-2-300x68.jpg 300w, https:\/\/www.naturalscience.org\/wp-content\/uploads\/2015\/09\/header-soil-2-164x37.jpg 164w\" sizes=\"auto, (max-width: 970px) 100vw, 970px\" \/><\/p>\n<h2>Die B\u00f6den \u2013 Unsere Lebensgrundlage \u2013 sind tod-krank. <br \/>Eine Aufforderung zum Handeln.<\/h2>\n<p>Weltweit sind die B\u00f6den in einem katastrophalen Zustand, verursacht durch die Industrialisierung und den sinnlosen Einsatz von Pestiziden. Durch \u00fcberwiegend profitorientiertes und kurzsichtiges Denken ist aber unsere wichtigste Lebensgrundlage, die Erde, nicht nur gef\u00e4hrdet, sondern grossteils bereits verloren gegangen. Sie erhalten L\u00f6sungen, wie Sie individuell und wir als Gesellschaft insgesamt dazu beitragen k\u00f6nnen, die Regenerationsf\u00e4higkeit der B\u00f6den wiederherzustellen und wahre \u201eLebens-Mittel\u201c zu produzieren.<br \/>\n<em><strong><a href=\"https:\/\/www.naturalscience.org\/de\/kongress-2015\/referenten\/#Luebke-Hildebrandt\">Angelika L\u00fcbke-Hildebrandt<\/a><\/strong>, MSc, Expertin f\u00fcr Bodenqualit\u00e4t, U.R.S. Landmanagement, United Research for Soil, Peuerbach, \u00d6sterreich<\/em><\/p>\n<p>&nbsp;<\/p>\n<p><img loading=\"lazy\" decoding=\"async\" class=\"alignnone wp-image-15704 size-full\" src=\"https:\/\/www.naturalscience.org\/wp-content\/uploads\/2015\/09\/header-natural-birth-2.jpg\" alt=\"header-natural-birth-2\" width=\"970\" height=\"220\" srcset=\"https:\/\/www.naturalscience.org\/wp-content\/uploads\/2015\/09\/header-natural-birth-2.jpg 970w, https:\/\/www.naturalscience.org\/wp-content\/uploads\/2015\/09\/header-natural-birth-2-300x68.jpg 300w, https:\/\/www.naturalscience.org\/wp-content\/uploads\/2015\/09\/header-natural-birth-2-164x37.jpg 164w\" sizes=\"auto, (max-width: 970px) 100vw, 970px\" \/><\/p>\n<h2>Die Geburt \u2013 Ein Gott-gegebener Vorgang! <br \/>Der Kaiserschnitt \u2013 Ein St\u00f6renfried im Ganzen.<\/h2>\n<p>In den letzten 20 Jahren hat sich die Kaiserschnittrate in unserer zivilisierten Welt mehr als verdoppelt. Welche Geburtsart die Mutter w\u00e4hlt, beeinflusst jedoch wesentlich die Gesundheit des Neugeborenen. Im Gegensatz zur nat\u00fcrlichen Geburt, fehlt beim Kaiserschnitt die Weitergabe lebenswichtiger Mikroorganismen von der Mutter zum Kind. Harman und Wakeford, selbst erfahrene Eltern, pr\u00e4sentieren aufgrund ihrer pers\u00f6nlichen Erlebnisse und Erfahrungen, was bei einer nat\u00fcrlichen Geburt geschieht, welche Auswirkungen ein Kaiserschnitt auf zuk\u00fcnftige Generationen hat und was man machen kann, wenn ein Kaiserschnitt unumg\u00e4nglich ist!<br \/>\n<em><strong><a href=\"https:\/\/www.naturalscience.org\/de\/kongress-2015\/referenten\/#Harman-Wakeford\">Toni Harman &#038; Alex Wakeford<\/a><\/strong>, Filmemacher und Produzenten des Films \u201eMicrobirth\u201c, England<\/em><\/p>\n<p>&nbsp;<\/p>\n<p><img loading=\"lazy\" decoding=\"async\" class=\"alignnone wp-image-15701 size-full\" src=\"https:\/\/www.naturalscience.org\/wp-content\/uploads\/2015\/09\/header-farm-animals.jpg\" alt=\"header-farm-animals\" width=\"970\" height=\"220\" srcset=\"https:\/\/www.naturalscience.org\/wp-content\/uploads\/2015\/09\/header-farm-animals.jpg 970w, https:\/\/www.naturalscience.org\/wp-content\/uploads\/2015\/09\/header-farm-animals-300x68.jpg 300w, https:\/\/www.naturalscience.org\/wp-content\/uploads\/2015\/09\/header-farm-animals-164x37.jpg 164w\" sizes=\"auto, (max-width: 970px) 100vw, 970px\" \/><\/p>\n<h2>Das Verf\u00fcttern von Antibiotika an Nutztiere <br \/>und dessen fatale Auswirkungen.<\/h2>\n<p>J\u00e4hrlich sterben 25\u2018000 Menschen alleine in der EU an Infektionen, ausgel\u00f6st durch antibiotika-resistente Keime. Mitverantwortlich ist die falsche Anwendung synthetischer Antibiotika in der Landwirtschaft. Diese Pharmazeutika gelangen durch die nat\u00fcrliche Ausscheidung des Tieres ins Grundwasser und schliesslich wieder in unsere t\u00e4gliche Nahrung. Eine der Konsequenzen ist, dass Antibiotika bei immer mehr Menschen und Tieren wirkungslos sind. Wie dieser lebensbedrohende Weg in erneute Harmonie f\u00fcr Mensch, Tier und Natur gelenkt werden kann, zeigt Ihnen:<br \/>\n<em><strong><a href=\"https:\/\/www.naturalscience.org\/de\/kongress-2015\/referenten\/#Herout\">Dr. med. vet. Nicole Herout<\/a><\/strong>, Zentrum f\u00fcr ganzheitliche Tiermedizin, Lichtenberg, \u00d6sterreich<\/em><\/p>\n<p>&nbsp;<\/p>\n<p><img loading=\"lazy\" decoding=\"async\" class=\"alignnone size-full wp-image-15702\" src=\"https:\/\/www.naturalscience.org\/wp-content\/uploads\/2015\/09\/header-injection-2.jpg\" alt=\"header-injection\" width=\"970\" height=\"220\" srcset=\"https:\/\/www.naturalscience.org\/wp-content\/uploads\/2015\/09\/header-injection-2.jpg 970w, https:\/\/www.naturalscience.org\/wp-content\/uploads\/2015\/09\/header-injection-2-300x68.jpg 300w, https:\/\/www.naturalscience.org\/wp-content\/uploads\/2015\/09\/header-injection-2-164x37.jpg 164w\" sizes=\"auto, (max-width: 970px) 100vw, 970px\" \/><\/p>\n<h2>Impfen \u2013 Mythos oder Bedrohung?<\/h2>\n<p>Impfstoffe, basierend auf synthetischen Formeln, schw\u00e4chen das Immunsystem. Solche \u201eRezepturen\u201d haben zum Teil schwere und irreversible Nebenwirkungen. Bereits sind sich viele \u00c4rzte dessen bewusst und impfen sich und ihre Familien selbst gar nicht. Wirksamkeitsstudien und Erfolgsnachweise ihrer Produkte werden meist vom Hersteller selbst erbracht und sind demzufolge subjektiv zu behandeln. Ist es angesichts dieser tiefgreifenden Problematik zu rechtfertigen, dass nicht geimpfte Kinder von der Schule ausgeschlossen, Erwachsene von ihrem Arbeitsplatz ferngehalten und Menschen sogar zwangsgeimpft werden? Gegenargumente und fundierte Beweise werden uns lehrreich und \u00e4u\u00dferst professionell aufgezeigt von:<br \/>\n<em><strong><a href=\"https:\/\/www.naturalscience.org\/de\/kongress-2015\/referenten\/#Trappitsch\">Daniel Trappitsch<\/a><\/strong>, Delegierter des Vorstandes Netzwerk Impfentscheid, Buchs, Schweiz<\/em><\/p>\n<p>&nbsp;<\/p>\n<p><img loading=\"lazy\" decoding=\"async\" src=\"https:\/\/www.naturalscience.org\/wp-content\/uploads\/2015\/09\/header-gmo-2.jpg\" alt=\"header-gmo-2\" width=\"970\" height=\"220\" class=\"alignnone size-full wp-image-15705\" srcset=\"https:\/\/www.naturalscience.org\/wp-content\/uploads\/2015\/09\/header-gmo-2.jpg 970w, https:\/\/www.naturalscience.org\/wp-content\/uploads\/2015\/09\/header-gmo-2-300x68.jpg 300w, https:\/\/www.naturalscience.org\/wp-content\/uploads\/2015\/09\/header-gmo-2-164x37.jpg 164w\" sizes=\"auto, (max-width: 970px) 100vw, 970px\" \/><\/p>\n<h2>Gentechnik \u2013 Versteckter Killer unserer Gesundheit <br \/>und der gesamten Lebensqualit\u00e4t.<\/h2>\n<p>Bereits sind 90% aller Baby-Nahrungsmittel und 80% aller Lebensmittel gentechnisch ver\u00e4ndert. Gentechnik findet sich bereits zu 90% im Saatgut von Mais und Soja und ebenso h\u00e4ufig im Tierfutter f\u00fcr Hund, Katze, Vogel, Kuh und Fisch, sowie in unseren Lebensmitteln. Die Auswirkungen von gentechnisch ver\u00e4nderten Organismen sind potenziell katastrophal\u2014sie reichen von Allergien bis zu Krebsgeschw\u00fcren, sogar bis zum Tod und richten enormen Schaden an. Sie heben die gesamte nat\u00fcrliche Nahrungskette aus den Fugen. Wir zeigen Ihnen, worauf Sie achten m\u00fcssen, um auf Ihrem Teller nur nat\u00fcrlich-organische Speisen zu finden.<br \/>\n<em><strong><a href=\"https:\/\/www.naturalscience.org\/de\/kongress-2015\/referenten\/#Karl-Cox\">Prof. Dr. Karl Cox, PhD<\/a><\/strong>, University of Brighton, England<br \/>\n<strong><a href=\"https:\/\/www.naturalscience.org\/de\/kongress-2015\/referenten\/#Waldmann\">Lukas Waldmann<\/a><\/strong>, Heilpraktiker, Rotkreuz, Schweiz<\/em><\/p>\n<p>&nbsp;<\/p>\n<p><img loading=\"lazy\" decoding=\"async\" class=\"alignnone size-full wp-image-12806\" src=\"https:\/\/www.naturalscience.org\/wp-content\/uploads\/2015\/02\/header-microwave-towers.jpg\" alt=\"header-microwave-towers\" width=\"970\" height=\"220\" srcset=\"https:\/\/www.naturalscience.org\/wp-content\/uploads\/2015\/02\/header-microwave-towers.jpg 970w, https:\/\/www.naturalscience.org\/wp-content\/uploads\/2015\/02\/header-microwave-towers-300x68.jpg 300w, https:\/\/www.naturalscience.org\/wp-content\/uploads\/2015\/02\/header-microwave-towers-164x37.jpg 164w\" sizes=\"auto, (max-width: 970px) 100vw, 970px\" \/><\/p>\n<h2>Handystrahlung \u2013 Der moderne, schweigende Eindringling.<\/h2>\n<p>Alles Leben basiert auf Elektromagnetismus. Die menschengemachte Mikrowellenstrahlung (verursacht durch die weltweit verbreiteten Mobiltelefone, oder Handys, welche buchst\u00e4blich unseren Kindern in die Wiege gelegt werden, WLAN, Schnurlostelefon, Mikrowellenofen etc.) bewegt sich in den selben Frequenzbereichen, in welchen die Natur kommuniziert\u2013und sogar auch unsere K\u00f6rperzellen! Die k\u00fcnstlich erzeugten Strahlungen zerst\u00f6ren alle lebensf\u00f6rdernden Prozesse und bedrohen ALLES nat\u00fcrliche Leben. L\u00f6sungen, wie Sie sich&#8211;Mensch, Tier und Natur\u2013sch\u00fctzen k\u00f6nnen, pr\u00e4sentiert:<br \/>\n<em><strong><a href=\"https:\/\/www.naturalscience.org\/de\/kongress-2015\/referenten\/#Hofmann\">Marcel Hofmann, MSEE<\/a><\/strong>, Dipl. El.-Ing. HTL, Utzigen, Schweiz<\/em><\/p>\n<p>&nbsp;<\/p>\n<p><img loading=\"lazy\" decoding=\"async\" src=\"https:\/\/www.naturalscience.org\/wp-content\/uploads\/2015\/09\/header-teeth.jpg\" alt=\"header-teeth\" width=\"970\" height=\"220\" class=\"alignnone size-full wp-image-15732\" srcset=\"https:\/\/www.naturalscience.org\/wp-content\/uploads\/2015\/09\/header-teeth.jpg 970w, https:\/\/www.naturalscience.org\/wp-content\/uploads\/2015\/09\/header-teeth-300x68.jpg 300w, https:\/\/www.naturalscience.org\/wp-content\/uploads\/2015\/09\/header-teeth-164x37.jpg 164w\" sizes=\"auto, (max-width: 970px) 100vw, 970px\" \/><\/p>\n<h2>Die Z\u00e4hne \u2013 Spiegel unserer Gesundheit&#8230;.Wirklich?<\/h2>\n<p>Viele physische und psychische Krankheiten oder Beschwerden aller Art\u2013von Depression, \u00fcber Rheuma bis Krebs\u2013stehen in direktem Zusammenhang mit dem Zustand unserer Z\u00e4hne. Wir veranschaulichen aufgrund von Beispielen, weshalb nur naturbelassene Lebensmittel gesundheitsf\u00f6rdernd sind f\u00fcr unsere Z\u00e4hne, Chemie sch\u00e4dlich wirkt und weshalb es notwendig ist, dass wir unsere Z\u00e4hne t\u00e4glich mit einer fluorlosen Zahnpasta reinigen. Zudem zeigen wir Ihnen, welche Rolle unterschiedliche Bakterien und Schwermetalle beim Zahnzerfall spielen und welches die nat\u00fcrliche Alternative zu Fluor ist.<br \/>\n<em><strong><a href=\"https:\/\/www.naturalscience.org\/de\/kongress-2015\/referenten\/#Zac-Cox\">Dr. R. Zac Cox BDS<\/a><\/strong>, Holistischer Zahnarzt, London, England<br \/>\n<strong><a href=\"https:\/\/www.naturalscience.org\/de\/kongress-2015\/referenten\/#Waldmann\">Lukas Waldmann<\/a><\/strong>, Heilpraktiker, Rotkreuz, Schweiz<\/em><\/p>\n<p>&nbsp;<\/p>\n<p><img loading=\"lazy\" decoding=\"async\" class=\"alignnone size-full wp-image-15703\" src=\"https:\/\/www.naturalscience.org\/wp-content\/uploads\/2015\/09\/header-mild.jpg\" alt=\"header-mild\" width=\"970\" height=\"220\" srcset=\"https:\/\/www.naturalscience.org\/wp-content\/uploads\/2015\/09\/header-mild.jpg 970w, https:\/\/www.naturalscience.org\/wp-content\/uploads\/2015\/09\/header-mild-300x68.jpg 300w, https:\/\/www.naturalscience.org\/wp-content\/uploads\/2015\/09\/header-mild-164x37.jpg 164w\" sizes=\"auto, (max-width: 970px) 100vw, 970px\" \/><\/p>\n<h2>Milch gleich Milch? Nicht so schnell&#8230;<\/h2>\n<p>Handels\u00fcbliche UHT- oder Past-Milch, die durch die industriellen Verarbeitungsprozesse unkenntlich degeneriert ist, stellt eine ernsthafte Belastung f\u00fcr den menschlichen K\u00f6rper dar und ist verantwortlich f\u00fcr das Ausl\u00f6sen von Asthma, Allergien und Osteoporose. Hingegen hat u.a. Rohmilch von Tieren aus biologischer Weidehaltung den gegenteiligen Effekt. Sie ist ein essenzielles und lebensf\u00f6rderndes Lebensmittel. Erkennen Sie die Merkmale des wahren wei\u00dfen Labsals!<br \/>\n<em><strong><a href=\"https:\/\/www.naturalscience.org\/de\/kongress-2015\/referenten\/#Baars\">Prof. Dr. Ton Baars<\/a><\/strong>, Forschungsinstitut f\u00fcr biologischen Landbau (FiBL), Frick, Schweiz<\/em><\/p>\n<p>&nbsp;<\/p>\n<div class=\"text-center\" style=\"margin: 20px 0 40px 0;\">\n<a href=\"https:\/\/www.naturalscience.org\/de\/kongress-2015\/registration\/\" class=\"button radius register\"><i class=\"fa fa-chevron-right \" ><\/i> Jetzt anmelden!<\/a>\n<\/div>\n","protected":false},"excerpt":{"rendered":"Die B\u00f6den \u2013 Unsere Lebensgrundlage \u2013 sind tod-krank. Eine Aufforderung zum Handeln. Weltweit sind die B\u00f6den in einem katastrophalen Zustand, verursacht durch die Industrialisierung und den sinnlosen Einsatz von Pestiziden. Durch \u00fcberwiegend profitorientiertes und kurzsichtiges Denken ist aber unsere wichtigste Lebensgrundlage, die Erde, nicht nur gef\u00e4hrdet, sondern grossteils bereits verloren gegangen. Sie erhalten L\u00f6sungen, wie [&hellip;]","protected":false},"author":9,"featured_media":0,"parent":15248,"menu_order":2,"comment_status":"closed","ping_status":"closed","template":"","meta":{"_acf_changed":false,"ngg_post_thumbnail":0,"footnotes":""},"categories":[],"class_list":["post-15669","page","type-page","status-publish","hentry","wpautop"],"acf":[],"yoast_head":"<!-- This site is optimized with the Yoast SEO plugin v27.5 - https:\/\/yoast.com\/product\/yoast-seo-wordpress\/ -->\n<title>Themen\u00fcbersicht - The World Foundation for Natural Science<\/title>\n<meta name=\"robots\" content=\"index, follow, max-snippet:-1, max-image-preview:large, max-video-preview:-1\" \/>\n<link rel=\"canonical\" href=\"https:\/\/www.naturalscience.org\/de\/kongress-2015\/themen\/\" \/>\n<meta name=\"twitter:label1\" content=\"Gesch\u00e4tzte Lesezeit\" \/>\n\t<meta name=\"twitter:data1\" content=\"4\u00a0Minuten\" \/>\n<script type=\"application\/ld+json\" class=\"yoast-schema-graph\">{\"@context\":\"https:\\\/\\\/schema.org\",\"@graph\":[{\"@type\":\"WebPage\",\"@id\":\"https:\\\/\\\/www.naturalscience.org\\\/de\\\/kongress-2015\\\/themen\\\/\",\"url\":\"https:\\\/\\\/www.naturalscience.org\\\/de\\\/kongress-2015\\\/themen\\\/\",\"name\":\"Themen\u00fcbersicht - The World Foundation for Natural Science\",\"isPartOf\":{\"@id\":\"https:\\\/\\\/www.naturalscience.org\\\/#website\"},\"primaryImageOfPage\":{\"@id\":\"https:\\\/\\\/www.naturalscience.org\\\/de\\\/kongress-2015\\\/themen\\\/#primaryimage\"},\"image\":{\"@id\":\"https:\\\/\\\/www.naturalscience.org\\\/de\\\/kongress-2015\\\/themen\\\/#primaryimage\"},\"thumbnailUrl\":\"https:\\\/\\\/www.naturalscience.org\\\/wp-content\\\/uploads\\\/2015\\\/09\\\/header-soil-2.jpg\",\"datePublished\":\"2015-09-24T20:20:42+00:00\",\"dateModified\":\"2015-10-18T18:46:47+00:00\",\"breadcrumb\":{\"@id\":\"https:\\\/\\\/www.naturalscience.org\\\/de\\\/kongress-2015\\\/themen\\\/#breadcrumb\"},\"inLanguage\":\"de\",\"potentialAction\":[{\"@type\":\"ReadAction\",\"target\":[\"https:\\\/\\\/www.naturalscience.org\\\/de\\\/kongress-2015\\\/themen\\\/\"]}]},{\"@type\":\"ImageObject\",\"inLanguage\":\"de\",\"@id\":\"https:\\\/\\\/www.naturalscience.org\\\/de\\\/kongress-2015\\\/themen\\\/#primaryimage\",\"url\":\"https:\\\/\\\/www.naturalscience.org\\\/wp-content\\\/uploads\\\/2015\\\/09\\\/header-soil-2.jpg\",\"contentUrl\":\"https:\\\/\\\/www.naturalscience.org\\\/wp-content\\\/uploads\\\/2015\\\/09\\\/header-soil-2.jpg\"},{\"@type\":\"BreadcrumbList\",\"@id\":\"https:\\\/\\\/www.naturalscience.org\\\/de\\\/kongress-2015\\\/themen\\\/#breadcrumb\",\"itemListElement\":[{\"@type\":\"ListItem\",\"position\":1,\"name\":\"Home\",\"item\":\"https:\\\/\\\/www.naturalscience.org\\\/de\\\/\"},{\"@type\":\"ListItem\",\"position\":2,\"name\":\"20. Internationaler \u201eNeuer Wissenschaftlicher Ausblick\u201c Welt-Kongress\",\"item\":\"https:\\\/\\\/www.naturalscience.org\\\/de\\\/kongress-2015\\\/\"},{\"@type\":\"ListItem\",\"position\":3,\"name\":\"Themen\u00fcbersicht\"}]},{\"@type\":\"WebSite\",\"@id\":\"https:\\\/\\\/www.naturalscience.org\\\/#website\",\"url\":\"https:\\\/\\\/www.naturalscience.org\\\/\",\"name\":\"The World Foundation for Natural Science\",\"description\":\"Restoring and Healing the World through Responsibility and Commitment in accord with Natural and Divine Law!\",\"potentialAction\":[{\"@type\":\"SearchAction\",\"target\":{\"@type\":\"EntryPoint\",\"urlTemplate\":\"https:\\\/\\\/www.naturalscience.org\\\/?s={search_term_string}\"},\"query-input\":{\"@type\":\"PropertyValueSpecification\",\"valueRequired\":true,\"valueName\":\"search_term_string\"}}],\"inLanguage\":\"de\"}]}<\/script>\n<!-- \/ Yoast SEO plugin. -->","yoast_head_json":{"title":"Themen\u00fcbersicht - The World Foundation for Natural Science","robots":{"index":"index","follow":"follow","max-snippet":"max-snippet:-1","max-image-preview":"max-image-preview:large","max-video-preview":"max-video-preview:-1"},"canonical":"https:\/\/www.naturalscience.org\/de\/kongress-2015\/themen\/","twitter_misc":{"Gesch\u00e4tzte Lesezeit":"4\u00a0Minuten"},"schema":{"@context":"https:\/\/schema.org","@graph":[{"@type":"WebPage","@id":"https:\/\/www.naturalscience.org\/de\/kongress-2015\/themen\/","url":"https:\/\/www.naturalscience.org\/de\/kongress-2015\/themen\/","name":"Themen\u00fcbersicht - The World Foundation for Natural Science","isPartOf":{"@id":"https:\/\/www.naturalscience.org\/#website"},"primaryImageOfPage":{"@id":"https:\/\/www.naturalscience.org\/de\/kongress-2015\/themen\/#primaryimage"},"image":{"@id":"https:\/\/www.naturalscience.org\/de\/kongress-2015\/themen\/#primaryimage"},"thumbnailUrl":"https:\/\/www.naturalscience.org\/wp-content\/uploads\/2015\/09\/header-soil-2.jpg","datePublished":"2015-09-24T20:20:42+00:00","dateModified":"2015-10-18T18:46:47+00:00","breadcrumb":{"@id":"https:\/\/www.naturalscience.org\/de\/kongress-2015\/themen\/#breadcrumb"},"inLanguage":"de","potentialAction":[{"@type":"ReadAction","target":["https:\/\/www.naturalscience.org\/de\/kongress-2015\/themen\/"]}]},{"@type":"ImageObject","inLanguage":"de","@id":"https:\/\/www.naturalscience.org\/de\/kongress-2015\/themen\/#primaryimage","url":"https:\/\/www.naturalscience.org\/wp-content\/uploads\/2015\/09\/header-soil-2.jpg","contentUrl":"https:\/\/www.naturalscience.org\/wp-content\/uploads\/2015\/09\/header-soil-2.jpg"},{"@type":"BreadcrumbList","@id":"https:\/\/www.naturalscience.org\/de\/kongress-2015\/themen\/#breadcrumb","itemListElement":[{"@type":"ListItem","position":1,"name":"Home","item":"https:\/\/www.naturalscience.org\/de\/"},{"@type":"ListItem","position":2,"name":"20. Internationaler \u201eNeuer Wissenschaftlicher Ausblick\u201c Welt-Kongress","item":"https:\/\/www.naturalscience.org\/de\/kongress-2015\/"},{"@type":"ListItem","position":3,"name":"Themen\u00fcbersicht"}]},{"@type":"WebSite","@id":"https:\/\/www.naturalscience.org\/#website","url":"https:\/\/www.naturalscience.org\/","name":"The World Foundation for Natural Science","description":"Restoring and Healing the World through Responsibility and Commitment in accord with Natural and Divine Law!","potentialAction":[{"@type":"SearchAction","target":{"@type":"EntryPoint","urlTemplate":"https:\/\/www.naturalscience.org\/?s={search_term_string}"},"query-input":{"@type":"PropertyValueSpecification","valueRequired":true,"valueName":"search_term_string"}}],"inLanguage":"de"}]}},"_links":{"self":[{"href":"https:\/\/www.naturalscience.org\/de\/wp-json\/wp\/v2\/pages\/15669","targetHints":{"allow":["GET"]}}],"collection":[{"href":"https:\/\/www.naturalscience.org\/de\/wp-json\/wp\/v2\/pages"}],"about":[{"href":"https:\/\/www.naturalscience.org\/de\/wp-json\/wp\/v2\/types\/page"}],"author":[{"embeddable":true,"href":"https:\/\/www.naturalscience.org\/de\/wp-json\/wp\/v2\/users\/9"}],"replies":[{"embeddable":true,"href":"https:\/\/www.naturalscience.org\/de\/wp-json\/wp\/v2\/comments?post=15669"}],"version-history":[{"count":45,"href":"https:\/\/www.naturalscience.org\/de\/wp-json\/wp\/v2\/pages\/15669\/revisions"}],"predecessor-version":[{"id":16228,"href":"https:\/\/www.naturalscience.org\/de\/wp-json\/wp\/v2\/pages\/15669\/revisions\/16228"}],"up":[{"embeddable":true,"href":"https:\/\/www.naturalscience.org\/de\/wp-json\/wp\/v2\/pages\/15248"}],"wp:attachment":[{"href":"https:\/\/www.naturalscience.org\/de\/wp-json\/wp\/v2\/media?parent=15669"}],"wp:term":[{"taxonomy":"category","embeddable":true,"href":"https:\/\/www.naturalscience.org\/de\/wp-json\/wp\/v2\/categories?post=15669"}],"curies":[{"name":"wp","href":"https:\/\/api.w.org\/{rel}","templated":true}]}}