{"id":10744,"date":"2015-02-09T15:57:36","date_gmt":"2015-02-09T14:57:36","guid":{"rendered":"http:\/\/test.naturalscience.org\/?page_id=10744"},"modified":"2015-02-14T01:28:50","modified_gmt":"2015-02-14T00:28:50","slug":"was-sie-fuer-die-bienen-tun-koennen","status":"publish","type":"page","link":"https:\/\/www.naturalscience.org\/de\/themen\/natuerliche-landwirtschaft\/bienen\/was-sie-fuer-die-bienen-tun-koennen\/","title":{"rendered":"Was Sie f\u00fcr die Bienen tun k\u00f6nnen"},"content":{"rendered":"<ul>\n<li>Verwenden Sie im eigenen Garten keine <a title=\"Schutz von Bienen: Drei Pestizide in Europa verboten\" href=\"https:\/\/www.naturalscience.org\/de\/news\/2013\/05\/schutz-von-bienen-drei-pestizide-europa-verboten\/\">Pestizide<\/a>.<\/li>\n<li>Pflanzen Sie im eigenen Garten insektenbest\u00e4ubte, einheimische Pflanzen und achten Sie von Fr\u00fchling bis Herbst auf ein dauerhaftes Bl\u00fctenangebot.<\/li>\n<li>Reduzieren Sie Ihre Nutzung von <a title=\"Mikrowellen &amp; Mobilfunk\" href=\"https:\/\/www.naturalscience.org\/de\/themen\/mikrowellen\/\">Funktechnologien<\/a>.<\/li>\n<li>Kaufen Sie keine Zierpflanzen mit gef\u00fcllten Bl\u00fcten, weil diese sehr wenig bis gar keinen Pollen oder Nektar produzieren.<\/li>\n<li>Stellen Sie Wildbienen-Nisthilfen (Insektenhotels) auf.<\/li>\n<li>Sorgen Sie im eigenen Garten f\u00fcr eine Wassertr\u00e4nke f\u00fcr Bienen und andere Insekten.<\/li>\n<li>Kaufen Sie Honig beim Imker Ihrer Region.<\/li>\n<li>Kaufen Sie biologisch angebaute Nahrungsmittel, f\u00fcr deren Produktion keine Pestizide verwendet wurden.<\/li>\n<li>Begegnen Sie den Bienen bewusst mit Respekt und Dankbarkeit.<\/li>\n<\/ul>\n","protected":false},"excerpt":{"rendered":"Verwenden Sie im eigenen Garten keine Pestizide. Pflanzen Sie im eigenen Garten insektenbest\u00e4ubte, einheimische Pflanzen und achten Sie von Fr\u00fchling bis Herbst auf ein dauerhaftes Bl\u00fctenangebot. Reduzieren Sie Ihre Nutzung von Funktechnologien. Kaufen Sie keine Zierpflanzen mit gef\u00fcllten Bl\u00fcten, weil diese sehr wenig bis gar keinen Pollen oder Nektar produzieren. Stellen Sie Wildbienen-Nisthilfen (Insektenhotels) auf. [&hellip;]","protected":false},"author":7,"featured_media":0,"parent":102,"menu_order":15,"comment_status":"closed","ping_status":"closed","template":"","meta":{"_acf_changed":false,"ngg_post_thumbnail":0,"footnotes":""},"categories":[],"class_list":["post-10744","page","type-page","status-publish","hentry","wpautop"],"acf":[],"yoast_head":"<!-- This site is optimized with the Yoast SEO plugin v27.6 - https:\/\/yoast.com\/product\/yoast-seo-wordpress\/ -->\n<title>Was Sie f\u00fcr die Bienen tun k\u00f6nnen - The World Foundation for Natural Science<\/title>\n<meta name=\"robots\" content=\"index, follow, max-snippet:-1, max-image-preview:large, max-video-preview:-1\" \/>\n<link rel=\"canonical\" href=\"https:\/\/www.naturalscience.org\/de\/themen\/natuerliche-landwirtschaft\/bienen\/was-sie-fuer-die-bienen-tun-koennen\/\" \/>\n<meta name=\"twitter:label1\" content=\"Gesch\u00e4tzte Lesezeit\" \/>\n\t<meta name=\"twitter:data1\" content=\"1\u00a0Minute\" \/>\n<script type=\"application\/ld+json\" class=\"yoast-schema-graph\">{\"@context\":\"https:\\\/\\\/schema.org\",\"@graph\":[{\"@type\":\"WebPage\",\"@id\":\"https:\\\/\\\/www.naturalscience.org\\\/de\\\/themen\\\/natuerliche-landwirtschaft\\\/bienen\\\/was-sie-fuer-die-bienen-tun-koennen\\\/\",\"url\":\"https:\\\/\\\/www.naturalscience.org\\\/de\\\/themen\\\/natuerliche-landwirtschaft\\\/bienen\\\/was-sie-fuer-die-bienen-tun-koennen\\\/\",\"name\":\"Was Sie f\u00fcr die Bienen tun k\u00f6nnen - The World Foundation for Natural Science\",\"isPartOf\":{\"@id\":\"https:\\\/\\\/www.naturalscience.org\\\/#website\"},\"datePublished\":\"2015-02-09T14:57:36+00:00\",\"dateModified\":\"2015-02-14T00:28:50+00:00\",\"breadcrumb\":{\"@id\":\"https:\\\/\\\/www.naturalscience.org\\\/de\\\/themen\\\/natuerliche-landwirtschaft\\\/bienen\\\/was-sie-fuer-die-bienen-tun-koennen\\\/#breadcrumb\"},\"inLanguage\":\"de\",\"potentialAction\":[{\"@type\":\"ReadAction\",\"target\":[\"https:\\\/\\\/www.naturalscience.org\\\/de\\\/themen\\\/natuerliche-landwirtschaft\\\/bienen\\\/was-sie-fuer-die-bienen-tun-koennen\\\/\"]}]},{\"@type\":\"BreadcrumbList\",\"@id\":\"https:\\\/\\\/www.naturalscience.org\\\/de\\\/themen\\\/natuerliche-landwirtschaft\\\/bienen\\\/was-sie-fuer-die-bienen-tun-koennen\\\/#breadcrumb\",\"itemListElement\":[{\"@type\":\"ListItem\",\"position\":1,\"name\":\"Home\",\"item\":\"https:\\\/\\\/www.naturalscience.org\\\/de\\\/\"},{\"@type\":\"ListItem\",\"position\":2,\"name\":\"Themen\",\"item\":\"https:\\\/\\\/www.naturalscience.org\\\/de\\\/themen\\\/\"},{\"@type\":\"ListItem\",\"position\":3,\"name\":\"Nat\u00fcrliche Landwirtschaft\",\"item\":\"https:\\\/\\\/www.naturalscience.org\\\/de\\\/themen\\\/natuerliche-landwirtschaft\\\/\"},{\"@type\":\"ListItem\",\"position\":4,\"name\":\"Bienen\",\"item\":\"https:\\\/\\\/www.naturalscience.org\\\/de\\\/themen\\\/natuerliche-landwirtschaft\\\/bienen\\\/\"},{\"@type\":\"ListItem\",\"position\":5,\"name\":\"Was Sie f\u00fcr die Bienen tun k\u00f6nnen\"}]},{\"@type\":\"WebSite\",\"@id\":\"https:\\\/\\\/www.naturalscience.org\\\/#website\",\"url\":\"https:\\\/\\\/www.naturalscience.org\\\/\",\"name\":\"The World Foundation for Natural Science\",\"description\":\"Restoring and Healing the World through Responsibility and Commitment in accord with Natural and Divine Law!\",\"potentialAction\":[{\"@type\":\"SearchAction\",\"target\":{\"@type\":\"EntryPoint\",\"urlTemplate\":\"https:\\\/\\\/www.naturalscience.org\\\/?s={search_term_string}\"},\"query-input\":{\"@type\":\"PropertyValueSpecification\",\"valueRequired\":true,\"valueName\":\"search_term_string\"}}],\"inLanguage\":\"de\"}]}<\/script>\n<!-- \/ Yoast SEO plugin. -->","yoast_head_json":{"title":"Was Sie f\u00fcr die Bienen tun k\u00f6nnen - The World Foundation for Natural Science","robots":{"index":"index","follow":"follow","max-snippet":"max-snippet:-1","max-image-preview":"max-image-preview:large","max-video-preview":"max-video-preview:-1"},"canonical":"https:\/\/www.naturalscience.org\/de\/themen\/natuerliche-landwirtschaft\/bienen\/was-sie-fuer-die-bienen-tun-koennen\/","twitter_misc":{"Gesch\u00e4tzte Lesezeit":"1\u00a0Minute"},"schema":{"@context":"https:\/\/schema.org","@graph":[{"@type":"WebPage","@id":"https:\/\/www.naturalscience.org\/de\/themen\/natuerliche-landwirtschaft\/bienen\/was-sie-fuer-die-bienen-tun-koennen\/","url":"https:\/\/www.naturalscience.org\/de\/themen\/natuerliche-landwirtschaft\/bienen\/was-sie-fuer-die-bienen-tun-koennen\/","name":"Was Sie f\u00fcr die Bienen tun k\u00f6nnen - The World Foundation for Natural Science","isPartOf":{"@id":"https:\/\/www.naturalscience.org\/#website"},"datePublished":"2015-02-09T14:57:36+00:00","dateModified":"2015-02-14T00:28:50+00:00","breadcrumb":{"@id":"https:\/\/www.naturalscience.org\/de\/themen\/natuerliche-landwirtschaft\/bienen\/was-sie-fuer-die-bienen-tun-koennen\/#breadcrumb"},"inLanguage":"de","potentialAction":[{"@type":"ReadAction","target":["https:\/\/www.naturalscience.org\/de\/themen\/natuerliche-landwirtschaft\/bienen\/was-sie-fuer-die-bienen-tun-koennen\/"]}]},{"@type":"BreadcrumbList","@id":"https:\/\/www.naturalscience.org\/de\/themen\/natuerliche-landwirtschaft\/bienen\/was-sie-fuer-die-bienen-tun-koennen\/#breadcrumb","itemListElement":[{"@type":"ListItem","position":1,"name":"Home","item":"https:\/\/www.naturalscience.org\/de\/"},{"@type":"ListItem","position":2,"name":"Themen","item":"https:\/\/www.naturalscience.org\/de\/themen\/"},{"@type":"ListItem","position":3,"name":"Nat\u00fcrliche Landwirtschaft","item":"https:\/\/www.naturalscience.org\/de\/themen\/natuerliche-landwirtschaft\/"},{"@type":"ListItem","position":4,"name":"Bienen","item":"https:\/\/www.naturalscience.org\/de\/themen\/natuerliche-landwirtschaft\/bienen\/"},{"@type":"ListItem","position":5,"name":"Was Sie f\u00fcr die Bienen tun k\u00f6nnen"}]},{"@type":"WebSite","@id":"https:\/\/www.naturalscience.org\/#website","url":"https:\/\/www.naturalscience.org\/","name":"The World Foundation for Natural Science","description":"Restoring and Healing the World through Responsibility and Commitment in accord with Natural and Divine Law!","potentialAction":[{"@type":"SearchAction","target":{"@type":"EntryPoint","urlTemplate":"https:\/\/www.naturalscience.org\/?s={search_term_string}"},"query-input":{"@type":"PropertyValueSpecification","valueRequired":true,"valueName":"search_term_string"}}],"inLanguage":"de"}]}},"_links":{"self":[{"href":"https:\/\/www.naturalscience.org\/de\/wp-json\/wp\/v2\/pages\/10744","targetHints":{"allow":["GET"]}}],"collection":[{"href":"https:\/\/www.naturalscience.org\/de\/wp-json\/wp\/v2\/pages"}],"about":[{"href":"https:\/\/www.naturalscience.org\/de\/wp-json\/wp\/v2\/types\/page"}],"author":[{"embeddable":true,"href":"https:\/\/www.naturalscience.org\/de\/wp-json\/wp\/v2\/users\/7"}],"replies":[{"embeddable":true,"href":"https:\/\/www.naturalscience.org\/de\/wp-json\/wp\/v2\/comments?post=10744"}],"version-history":[{"count":0,"href":"https:\/\/www.naturalscience.org\/de\/wp-json\/wp\/v2\/pages\/10744\/revisions"}],"up":[{"embeddable":true,"href":"https:\/\/www.naturalscience.org\/de\/wp-json\/wp\/v2\/pages\/102"}],"wp:attachment":[{"href":"https:\/\/www.naturalscience.org\/de\/wp-json\/wp\/v2\/media?parent=10744"}],"wp:term":[{"taxonomy":"category","embeddable":true,"href":"https:\/\/www.naturalscience.org\/de\/wp-json\/wp\/v2\/categories?post=10744"}],"curies":[{"name":"wp","href":"https:\/\/api.w.org\/{rel}","templated":true}]}}