{"id":10729,"date":"2015-02-09T14:25:43","date_gmt":"2015-02-09T13:25:43","guid":{"rendered":"http:\/\/test.naturalscience.org\/?page_id=10729"},"modified":"2015-02-14T01:17:27","modified_gmt":"2015-02-14T00:17:27","slug":"tipps-fuer-den-richtigen-umgang-mit-mobilfunkgeraeten","status":"publish","type":"page","link":"https:\/\/www.naturalscience.org\/de\/themen\/mikrowellen\/tipps-fuer-den-richtigen-umgang-mit-mobilfunkgeraeten\/","title":{"rendered":"Tipps f\u00fcr den richtigen Umgang mit Mobilfunkger\u00e4ten"},"content":{"rendered":"<ul>\n<li>Verwenden Sie zu Hause und am Arbeitsplatz immer ein Kabel-Netzwerk.<\/li>\n<li>Deaktivieren Sie bei Nichtgebrauch bei allen Ger\u00e4ten (Laptop, PC, Drucker, Autoradio) die Bluetooth \/ <a title=\"Mobilfunkger\u00e4te\" href=\"https:\/\/www.naturalscience.org\/de\/themen\/mikrowellen\/mobilfunkgeraete\/\">WLAN<\/a>-Funktion (via Schalter oder Systemsteuerung).<\/li>\n<li>Verwenden Sie ein Wired-Telefon (kabelgebunden) anstatt eines <a title=\"Mobilfunkger\u00e4te\" href=\"https:\/\/www.naturalscience.org\/de\/themen\/mikrowellen\/mobilfunkgeraete\/\">kabellosen Funktelefons<\/a>.<\/li>\n<li>Falls Sie ein Funktelefon verwenden m\u00fcssen, halten Sie es nicht ans Ohr, sondern schalten Sie den Lautsprecher ein und legen Sie das Ger\u00e4t vor sich auf den Tisch.<\/li>\n<li>Aktivieren Sie beim Funktelefon den \u201cEco-Modus\u201d sowie die \u201cLow-Radiation\u201d- Funktion und kontrollieren Sie diese Programmierung regelm\u00e4ssig.<\/li>\n<li>Schalten Sie Handy, Smartphone, Tablet-PC, WLAN und Funktelefon bei Nichtgebrauch, und besonders in der Nacht, aus.<\/li>\n<li>Bestehen Sie bei jedem Ger\u00e4tekauf darauf, dass die M\u00f6glichkeit f\u00fcr den Anschluss von Netzwerkkabeln (z. B. RJ45) gegeben ist, und dass der Funkmodus per Schalter oder Software deaktivierbar ist.<\/li>\n<li>Tragen Sie Smartphone, Handy und Tablet-PC immer in Distanz zum K\u00f6rper.<\/li>\n<li>Tragen Sie Ihr Smartphone in einer Abschirmtasche, welche den Empfang gew\u00e4hrleistet, jedoch die elektrischen Felder von Ihrem K\u00f6rper fernh\u00e4lt.<\/li>\n<li>Aktivieren Sie auch beim Handy zum Telefonieren den Lautsprecher und halten Sie das Ger\u00e4t nicht ans Ohr.<\/li>\n<li>Verwenden Sie wenn m\u00f6glich ein Airtube-Headset. Dieses verhindert das Eindringen von Strahlung ins Ohr.<\/li>\n<li>Machen Sie Ihre Mitmenschen auf die Gef\u00e4hrdung durch elektromagnetische Felder durch Mobilfunkantennen, Handy, Funktelefon, WLAN usw. aufmerksam.<\/li>\n<li>Halten Sie Abstand von Kabeln, Elektroinstallationen, Beleuchtung, Netzteilen f\u00fcr Radio, Laptop usw. sowie von Ladeger\u00e4ten aller Art.<\/li>\n<li>Beobachten Sie Ihr Befinden: M\u00fcdigkeit, Ersch\u00f6pfung, Immunschw\u00e4che, Konzentrationsmangel, Kopfschmerzen usw. sind oft Anzeichen f\u00fcr Beeintr\u00e4chtigungen durch elektromagnetische Felder.<\/li>\n<li>Beziehen Sie bei Ihrer Suche nach Informationen kritische Stimmen in Ihre Meinungsbildung mit ein.<\/li>\n<li>Wenden Sie sich bei Fragen an uns; informieren Sie sich anhand unserer Brosch\u00fcren und Fact Sheets und\/oder besuchen Sie eine unserer <a title=\"Veranstaltungskalender\" href=\"https:\/\/www.naturalscience.org\/de\/veranstaltungskalender\/\">Veranstaltungen<\/a>.<\/li>\n<li>Leiten Sie Informationen und Links wie z. B. die Adresse dieser Webseite an Freunde und Bekannte weiter.<\/li>\n<\/ul>\n","protected":false},"excerpt":{"rendered":"Verwenden Sie zu Hause und am Arbeitsplatz immer ein Kabel-Netzwerk. Deaktivieren Sie bei Nichtgebrauch bei allen Ger\u00e4ten (Laptop, PC, Drucker, Autoradio) die Bluetooth \/ WLAN-Funktion (via Schalter oder Systemsteuerung). Verwenden Sie ein Wired-Telefon (kabelgebunden) anstatt eines kabellosen Funktelefons. Falls Sie ein Funktelefon verwenden m\u00fcssen, halten Sie es nicht ans Ohr, sondern schalten Sie den Lautsprecher [&hellip;]","protected":false},"author":7,"featured_media":0,"parent":103,"menu_order":2,"comment_status":"closed","ping_status":"closed","template":"","meta":{"_acf_changed":false,"ngg_post_thumbnail":0,"footnotes":""},"categories":[],"class_list":["post-10729","page","type-page","status-publish","hentry","wpautop"],"acf":[],"yoast_head":"<!-- This site is optimized with the Yoast SEO plugin v27.5 - https:\/\/yoast.com\/product\/yoast-seo-wordpress\/ -->\n<title>Tipps f\u00fcr den richtigen Umgang mit Mobilfunkger\u00e4ten - The World Foundation for Natural Science<\/title>\n<meta name=\"robots\" content=\"index, follow, max-snippet:-1, max-image-preview:large, max-video-preview:-1\" \/>\n<link rel=\"canonical\" href=\"https:\/\/www.naturalscience.org\/de\/themen\/mikrowellen\/tipps-fuer-den-richtigen-umgang-mit-mobilfunkgeraeten\/\" \/>\n<meta name=\"twitter:label1\" content=\"Gesch\u00e4tzte Lesezeit\" \/>\n\t<meta name=\"twitter:data1\" content=\"2\u00a0Minuten\" \/>\n<script type=\"application\/ld+json\" class=\"yoast-schema-graph\">{\"@context\":\"https:\\\/\\\/schema.org\",\"@graph\":[{\"@type\":\"WebPage\",\"@id\":\"https:\\\/\\\/www.naturalscience.org\\\/de\\\/themen\\\/mikrowellen\\\/tipps-fuer-den-richtigen-umgang-mit-mobilfunkgeraeten\\\/\",\"url\":\"https:\\\/\\\/www.naturalscience.org\\\/de\\\/themen\\\/mikrowellen\\\/tipps-fuer-den-richtigen-umgang-mit-mobilfunkgeraeten\\\/\",\"name\":\"Tipps f\u00fcr den richtigen Umgang mit Mobilfunkger\u00e4ten - The World Foundation for Natural Science\",\"isPartOf\":{\"@id\":\"https:\\\/\\\/www.naturalscience.org\\\/#website\"},\"datePublished\":\"2015-02-09T13:25:43+00:00\",\"dateModified\":\"2015-02-14T00:17:27+00:00\",\"breadcrumb\":{\"@id\":\"https:\\\/\\\/www.naturalscience.org\\\/de\\\/themen\\\/mikrowellen\\\/tipps-fuer-den-richtigen-umgang-mit-mobilfunkgeraeten\\\/#breadcrumb\"},\"inLanguage\":\"de\",\"potentialAction\":[{\"@type\":\"ReadAction\",\"target\":[\"https:\\\/\\\/www.naturalscience.org\\\/de\\\/themen\\\/mikrowellen\\\/tipps-fuer-den-richtigen-umgang-mit-mobilfunkgeraeten\\\/\"]}]},{\"@type\":\"BreadcrumbList\",\"@id\":\"https:\\\/\\\/www.naturalscience.org\\\/de\\\/themen\\\/mikrowellen\\\/tipps-fuer-den-richtigen-umgang-mit-mobilfunkgeraeten\\\/#breadcrumb\",\"itemListElement\":[{\"@type\":\"ListItem\",\"position\":1,\"name\":\"Home\",\"item\":\"https:\\\/\\\/www.naturalscience.org\\\/de\\\/\"},{\"@type\":\"ListItem\",\"position\":2,\"name\":\"Themen\",\"item\":\"https:\\\/\\\/www.naturalscience.org\\\/de\\\/themen\\\/\"},{\"@type\":\"ListItem\",\"position\":3,\"name\":\"Mikrowellen &#038; Mobilfunk\",\"item\":\"https:\\\/\\\/www.naturalscience.org\\\/de\\\/themen\\\/mikrowellen\\\/\"},{\"@type\":\"ListItem\",\"position\":4,\"name\":\"Tipps f\u00fcr den richtigen Umgang mit Mobilfunkger\u00e4ten\"}]},{\"@type\":\"WebSite\",\"@id\":\"https:\\\/\\\/www.naturalscience.org\\\/#website\",\"url\":\"https:\\\/\\\/www.naturalscience.org\\\/\",\"name\":\"The World Foundation for Natural Science\",\"description\":\"Restoring and Healing the World through Responsibility and Commitment in accord with Natural and Divine Law!\",\"potentialAction\":[{\"@type\":\"SearchAction\",\"target\":{\"@type\":\"EntryPoint\",\"urlTemplate\":\"https:\\\/\\\/www.naturalscience.org\\\/?s={search_term_string}\"},\"query-input\":{\"@type\":\"PropertyValueSpecification\",\"valueRequired\":true,\"valueName\":\"search_term_string\"}}],\"inLanguage\":\"de\"}]}<\/script>\n<!-- \/ Yoast SEO plugin. -->","yoast_head_json":{"title":"Tipps f\u00fcr den richtigen Umgang mit Mobilfunkger\u00e4ten - The World Foundation for Natural Science","robots":{"index":"index","follow":"follow","max-snippet":"max-snippet:-1","max-image-preview":"max-image-preview:large","max-video-preview":"max-video-preview:-1"},"canonical":"https:\/\/www.naturalscience.org\/de\/themen\/mikrowellen\/tipps-fuer-den-richtigen-umgang-mit-mobilfunkgeraeten\/","twitter_misc":{"Gesch\u00e4tzte Lesezeit":"2\u00a0Minuten"},"schema":{"@context":"https:\/\/schema.org","@graph":[{"@type":"WebPage","@id":"https:\/\/www.naturalscience.org\/de\/themen\/mikrowellen\/tipps-fuer-den-richtigen-umgang-mit-mobilfunkgeraeten\/","url":"https:\/\/www.naturalscience.org\/de\/themen\/mikrowellen\/tipps-fuer-den-richtigen-umgang-mit-mobilfunkgeraeten\/","name":"Tipps f\u00fcr den richtigen Umgang mit Mobilfunkger\u00e4ten - The World Foundation for Natural Science","isPartOf":{"@id":"https:\/\/www.naturalscience.org\/#website"},"datePublished":"2015-02-09T13:25:43+00:00","dateModified":"2015-02-14T00:17:27+00:00","breadcrumb":{"@id":"https:\/\/www.naturalscience.org\/de\/themen\/mikrowellen\/tipps-fuer-den-richtigen-umgang-mit-mobilfunkgeraeten\/#breadcrumb"},"inLanguage":"de","potentialAction":[{"@type":"ReadAction","target":["https:\/\/www.naturalscience.org\/de\/themen\/mikrowellen\/tipps-fuer-den-richtigen-umgang-mit-mobilfunkgeraeten\/"]}]},{"@type":"BreadcrumbList","@id":"https:\/\/www.naturalscience.org\/de\/themen\/mikrowellen\/tipps-fuer-den-richtigen-umgang-mit-mobilfunkgeraeten\/#breadcrumb","itemListElement":[{"@type":"ListItem","position":1,"name":"Home","item":"https:\/\/www.naturalscience.org\/de\/"},{"@type":"ListItem","position":2,"name":"Themen","item":"https:\/\/www.naturalscience.org\/de\/themen\/"},{"@type":"ListItem","position":3,"name":"Mikrowellen &#038; Mobilfunk","item":"https:\/\/www.naturalscience.org\/de\/themen\/mikrowellen\/"},{"@type":"ListItem","position":4,"name":"Tipps f\u00fcr den richtigen Umgang mit Mobilfunkger\u00e4ten"}]},{"@type":"WebSite","@id":"https:\/\/www.naturalscience.org\/#website","url":"https:\/\/www.naturalscience.org\/","name":"The World Foundation for Natural Science","description":"Restoring and Healing the World through Responsibility and Commitment in accord with Natural and Divine Law!","potentialAction":[{"@type":"SearchAction","target":{"@type":"EntryPoint","urlTemplate":"https:\/\/www.naturalscience.org\/?s={search_term_string}"},"query-input":{"@type":"PropertyValueSpecification","valueRequired":true,"valueName":"search_term_string"}}],"inLanguage":"de"}]}},"_links":{"self":[{"href":"https:\/\/www.naturalscience.org\/de\/wp-json\/wp\/v2\/pages\/10729","targetHints":{"allow":["GET"]}}],"collection":[{"href":"https:\/\/www.naturalscience.org\/de\/wp-json\/wp\/v2\/pages"}],"about":[{"href":"https:\/\/www.naturalscience.org\/de\/wp-json\/wp\/v2\/types\/page"}],"author":[{"embeddable":true,"href":"https:\/\/www.naturalscience.org\/de\/wp-json\/wp\/v2\/users\/7"}],"replies":[{"embeddable":true,"href":"https:\/\/www.naturalscience.org\/de\/wp-json\/wp\/v2\/comments?post=10729"}],"version-history":[{"count":0,"href":"https:\/\/www.naturalscience.org\/de\/wp-json\/wp\/v2\/pages\/10729\/revisions"}],"up":[{"embeddable":true,"href":"https:\/\/www.naturalscience.org\/de\/wp-json\/wp\/v2\/pages\/103"}],"wp:attachment":[{"href":"https:\/\/www.naturalscience.org\/de\/wp-json\/wp\/v2\/media?parent=10729"}],"wp:term":[{"taxonomy":"category","embeddable":true,"href":"https:\/\/www.naturalscience.org\/de\/wp-json\/wp\/v2\/categories?post=10729"}],"curies":[{"name":"wp","href":"https:\/\/api.w.org\/{rel}","templated":true}]}}