{"id":10699,"date":"2015-02-09T11:54:10","date_gmt":"2015-02-09T10:54:10","guid":{"rendered":"http:\/\/test.naturalscience.org\/?page_id=10699"},"modified":"2015-02-14T04:35:25","modified_gmt":"2015-02-14T03:35:25","slug":"praktische-tipps-fuer-die-bachblueten-anwendung","status":"publish","type":"page","link":"https:\/\/www.naturalscience.org\/de\/themen\/gesundheit\/bachblueten\/praktische-tipps-fuer-die-bachblueten-anwendung\/","title":{"rendered":"Praktische Tipps f\u00fcr die Bachbl\u00fcten-Anwendung"},"content":{"rendered":"<ul>\n<li>Greifen Sie zu Rescue Remedy (Notfalltropfen) in sehr heftigen, akuten Situationen: 4 Tropfen in ein Glas Wasser geben, davon viertelst\u00fcndlich schluckweise trinken, bis sich der Zustand bessert.<\/li>\n<li>Schaffen Sie sich ein Set mit den 38 Bachbl\u00fctenessenzen an, um bei Bedarf jederzeit das richtige Mittel zur Hand zu haben \u2013 f\u00fcr Mensch, Tier und Pflanze.<\/li>\n<li>Wenden Sie bei akuten, negativen Emotionen die Wasserglasmethode an: 2 Tropfen des jeweiligen Konzentratfl\u00e4schchens auf ein Glas Wasser und davon viertel- bis halbst\u00fcndlich schluckweise trinken, bis Sie sich besser f\u00fchlen.<\/li>\n<li>Verabreichen Sie eine individuell zusammengestellte Mischung bei l\u00e4nger andauernden Stresszust\u00e4nden und anderen belastenden Situationen, und zwar mehrmals t\u00e4glich als Tropfen oder Spr\u00fchst\u00f6sse, bis Sie sich besser f\u00fchlen.<\/li>\n<li>Befassen Sie sich mit der Heilmethode nach Dr. Bach.<\/li>\n<li>Lernen Sie die Bachbl\u00fcten an einem unserer <a title=\"Veranstaltungskalender\" href=\"https:\/\/www.naturalscience.org\/de\/veranstaltungskalender\/\">Themen-Vortr\u00e4ge<\/a> besser kennen.<\/li>\n<li>Nehmen Sie an einem Anwenderseminar teil und lernen Sie die Essenzen f\u00fcr sich und Ihre Familie richtig einzusetzen.<\/li>\n<li>Sie k\u00f6nnen Bachbl\u00fcten auch f\u00fcr Babys, Kleinkinder und Tiere bedenkenlos verwenden.<\/li>\n<li>Da Bachbl\u00fcten absolut unsch\u00e4dlich sind und keine Nebenwirkungen haben, empfehlen wir die Anwendung der Original Bachbl\u00fctenessenzen, weil diese genau nach den Vorschriften Dr. Edward Bach\u2019s hergestellt werden. Die Mehrheit der Heilmittel werden nach wie vor aus Pflanzen im Garten des Dr. Bach Centre, Brightwell-cum-Sotwell, Oxfordshire, England, zubereitet. Wir haben uns von der Reinheit der Herstellungsmethode vor Ort \u00fcberzeugt.<\/li>\n<\/ul>\n","protected":false},"excerpt":{"rendered":"Greifen Sie zu Rescue Remedy (Notfalltropfen) in sehr heftigen, akuten Situationen: 4 Tropfen in ein Glas Wasser geben, davon viertelst\u00fcndlich schluckweise trinken, bis sich der Zustand bessert. Schaffen Sie sich ein Set mit den 38 Bachbl\u00fctenessenzen an, um bei Bedarf jederzeit das richtige Mittel zur Hand zu haben \u2013 f\u00fcr Mensch, Tier und Pflanze. Wenden [&hellip;]","protected":false},"author":7,"featured_media":0,"parent":5368,"menu_order":15,"comment_status":"closed","ping_status":"closed","template":"","meta":{"_acf_changed":false,"ngg_post_thumbnail":0,"footnotes":""},"categories":[],"class_list":["post-10699","page","type-page","status-publish","hentry","wpautop"],"acf":[],"yoast_head":"<!-- This site is optimized with the Yoast SEO plugin v27.4 - https:\/\/yoast.com\/product\/yoast-seo-wordpress\/ -->\n<title>Praktische Tipps f\u00fcr die Bachbl\u00fcten-Anwendung - The World Foundation for Natural Science<\/title>\n<meta name=\"robots\" content=\"index, follow, max-snippet:-1, max-image-preview:large, max-video-preview:-1\" \/>\n<link rel=\"canonical\" href=\"https:\/\/www.naturalscience.org\/de\/themen\/gesundheit\/bachblueten\/praktische-tipps-fuer-die-bachblueten-anwendung\/\" \/>\n<meta name=\"twitter:label1\" content=\"Gesch\u00e4tzte Lesezeit\" \/>\n\t<meta name=\"twitter:data1\" content=\"1\u00a0Minute\" \/>\n<script type=\"application\/ld+json\" class=\"yoast-schema-graph\">{\"@context\":\"https:\\\/\\\/schema.org\",\"@graph\":[{\"@type\":\"WebPage\",\"@id\":\"https:\\\/\\\/www.naturalscience.org\\\/de\\\/themen\\\/gesundheit\\\/bachblueten\\\/praktische-tipps-fuer-die-bachblueten-anwendung\\\/\",\"url\":\"https:\\\/\\\/www.naturalscience.org\\\/de\\\/themen\\\/gesundheit\\\/bachblueten\\\/praktische-tipps-fuer-die-bachblueten-anwendung\\\/\",\"name\":\"Praktische Tipps f\u00fcr die Bachbl\u00fcten-Anwendung - The World Foundation for Natural Science\",\"isPartOf\":{\"@id\":\"https:\\\/\\\/www.naturalscience.org\\\/#website\"},\"datePublished\":\"2015-02-09T10:54:10+00:00\",\"dateModified\":\"2015-02-14T03:35:25+00:00\",\"breadcrumb\":{\"@id\":\"https:\\\/\\\/www.naturalscience.org\\\/de\\\/themen\\\/gesundheit\\\/bachblueten\\\/praktische-tipps-fuer-die-bachblueten-anwendung\\\/#breadcrumb\"},\"inLanguage\":\"de\",\"potentialAction\":[{\"@type\":\"ReadAction\",\"target\":[\"https:\\\/\\\/www.naturalscience.org\\\/de\\\/themen\\\/gesundheit\\\/bachblueten\\\/praktische-tipps-fuer-die-bachblueten-anwendung\\\/\"]}]},{\"@type\":\"BreadcrumbList\",\"@id\":\"https:\\\/\\\/www.naturalscience.org\\\/de\\\/themen\\\/gesundheit\\\/bachblueten\\\/praktische-tipps-fuer-die-bachblueten-anwendung\\\/#breadcrumb\",\"itemListElement\":[{\"@type\":\"ListItem\",\"position\":1,\"name\":\"Home\",\"item\":\"https:\\\/\\\/www.naturalscience.org\\\/de\\\/\"},{\"@type\":\"ListItem\",\"position\":2,\"name\":\"Themen\",\"item\":\"https:\\\/\\\/www.naturalscience.org\\\/de\\\/themen\\\/\"},{\"@type\":\"ListItem\",\"position\":3,\"name\":\"Gesundheit\",\"item\":\"https:\\\/\\\/www.naturalscience.org\\\/de\\\/themen\\\/gesundheit\\\/\"},{\"@type\":\"ListItem\",\"position\":4,\"name\":\"Bachbl\u00fcten\",\"item\":\"https:\\\/\\\/www.naturalscience.org\\\/de\\\/themen\\\/gesundheit\\\/bachblueten\\\/\"},{\"@type\":\"ListItem\",\"position\":5,\"name\":\"Praktische Tipps f\u00fcr die Bachbl\u00fcten-Anwendung\"}]},{\"@type\":\"WebSite\",\"@id\":\"https:\\\/\\\/www.naturalscience.org\\\/#website\",\"url\":\"https:\\\/\\\/www.naturalscience.org\\\/\",\"name\":\"The World Foundation for Natural Science\",\"description\":\"Restoring and Healing the World through Responsibility and Commitment in accord with Natural and Divine Law!\",\"potentialAction\":[{\"@type\":\"SearchAction\",\"target\":{\"@type\":\"EntryPoint\",\"urlTemplate\":\"https:\\\/\\\/www.naturalscience.org\\\/?s={search_term_string}\"},\"query-input\":{\"@type\":\"PropertyValueSpecification\",\"valueRequired\":true,\"valueName\":\"search_term_string\"}}],\"inLanguage\":\"de\"}]}<\/script>\n<!-- \/ Yoast SEO plugin. -->","yoast_head_json":{"title":"Praktische Tipps f\u00fcr die Bachbl\u00fcten-Anwendung - The World Foundation for Natural Science","robots":{"index":"index","follow":"follow","max-snippet":"max-snippet:-1","max-image-preview":"max-image-preview:large","max-video-preview":"max-video-preview:-1"},"canonical":"https:\/\/www.naturalscience.org\/de\/themen\/gesundheit\/bachblueten\/praktische-tipps-fuer-die-bachblueten-anwendung\/","twitter_misc":{"Gesch\u00e4tzte Lesezeit":"1\u00a0Minute"},"schema":{"@context":"https:\/\/schema.org","@graph":[{"@type":"WebPage","@id":"https:\/\/www.naturalscience.org\/de\/themen\/gesundheit\/bachblueten\/praktische-tipps-fuer-die-bachblueten-anwendung\/","url":"https:\/\/www.naturalscience.org\/de\/themen\/gesundheit\/bachblueten\/praktische-tipps-fuer-die-bachblueten-anwendung\/","name":"Praktische Tipps f\u00fcr die Bachbl\u00fcten-Anwendung - The World Foundation for Natural Science","isPartOf":{"@id":"https:\/\/www.naturalscience.org\/#website"},"datePublished":"2015-02-09T10:54:10+00:00","dateModified":"2015-02-14T03:35:25+00:00","breadcrumb":{"@id":"https:\/\/www.naturalscience.org\/de\/themen\/gesundheit\/bachblueten\/praktische-tipps-fuer-die-bachblueten-anwendung\/#breadcrumb"},"inLanguage":"de","potentialAction":[{"@type":"ReadAction","target":["https:\/\/www.naturalscience.org\/de\/themen\/gesundheit\/bachblueten\/praktische-tipps-fuer-die-bachblueten-anwendung\/"]}]},{"@type":"BreadcrumbList","@id":"https:\/\/www.naturalscience.org\/de\/themen\/gesundheit\/bachblueten\/praktische-tipps-fuer-die-bachblueten-anwendung\/#breadcrumb","itemListElement":[{"@type":"ListItem","position":1,"name":"Home","item":"https:\/\/www.naturalscience.org\/de\/"},{"@type":"ListItem","position":2,"name":"Themen","item":"https:\/\/www.naturalscience.org\/de\/themen\/"},{"@type":"ListItem","position":3,"name":"Gesundheit","item":"https:\/\/www.naturalscience.org\/de\/themen\/gesundheit\/"},{"@type":"ListItem","position":4,"name":"Bachbl\u00fcten","item":"https:\/\/www.naturalscience.org\/de\/themen\/gesundheit\/bachblueten\/"},{"@type":"ListItem","position":5,"name":"Praktische Tipps f\u00fcr die Bachbl\u00fcten-Anwendung"}]},{"@type":"WebSite","@id":"https:\/\/www.naturalscience.org\/#website","url":"https:\/\/www.naturalscience.org\/","name":"The World Foundation for Natural Science","description":"Restoring and Healing the World through Responsibility and Commitment in accord with Natural and Divine Law!","potentialAction":[{"@type":"SearchAction","target":{"@type":"EntryPoint","urlTemplate":"https:\/\/www.naturalscience.org\/?s={search_term_string}"},"query-input":{"@type":"PropertyValueSpecification","valueRequired":true,"valueName":"search_term_string"}}],"inLanguage":"de"}]}},"_links":{"self":[{"href":"https:\/\/www.naturalscience.org\/de\/wp-json\/wp\/v2\/pages\/10699","targetHints":{"allow":["GET"]}}],"collection":[{"href":"https:\/\/www.naturalscience.org\/de\/wp-json\/wp\/v2\/pages"}],"about":[{"href":"https:\/\/www.naturalscience.org\/de\/wp-json\/wp\/v2\/types\/page"}],"author":[{"embeddable":true,"href":"https:\/\/www.naturalscience.org\/de\/wp-json\/wp\/v2\/users\/7"}],"replies":[{"embeddable":true,"href":"https:\/\/www.naturalscience.org\/de\/wp-json\/wp\/v2\/comments?post=10699"}],"version-history":[{"count":0,"href":"https:\/\/www.naturalscience.org\/de\/wp-json\/wp\/v2\/pages\/10699\/revisions"}],"up":[{"embeddable":true,"href":"https:\/\/www.naturalscience.org\/de\/wp-json\/wp\/v2\/pages\/5368"}],"wp:attachment":[{"href":"https:\/\/www.naturalscience.org\/de\/wp-json\/wp\/v2\/media?parent=10699"}],"wp:term":[{"taxonomy":"category","embeddable":true,"href":"https:\/\/www.naturalscience.org\/de\/wp-json\/wp\/v2\/categories?post=10699"}],"curies":[{"name":"wp","href":"https:\/\/api.w.org\/{rel}","templated":true}]}}