{"id":104,"date":"2014-04-23T20:53:32","date_gmt":"2014-04-23T20:53:32","guid":{"rendered":"http:\/\/test.naturalscience.org\/?page_id=104"},"modified":"2023-01-09T17:41:37","modified_gmt":"2023-01-09T16:41:37","slug":"meere","status":"publish","type":"page","link":"https:\/\/www.naturalscience.org\/de\/themen\/meere\/","title":{"rendered":"Meere"},"content":{"rendered":"<p>Die Meere und Ozeane verbinden alles Leben auf dem Planeten. Sie machen \u00fcber sieben Zehntel der Erdoberfl\u00e4che aus, das sind 361 Millionen Quadratkilometer. Sie bilden ein einzigartiges \u00d6kosystem und sind Heimat f\u00fcr unz\u00e4hlige Tier- und Pflanzenarten \u2013 <strong>80% aller Lebewesen der Erde leben im Meer<\/strong>. Der weltweite Klimahaushalt wird massgeblich durch die Ozeane bestimmt, da sie eine wichtige Funktion f\u00fcr die globalen Stoffkreisl\u00e4ufe wie den Kohlenstoffkreislauf und den Stickstoffkreislauf aus\u00fcben. Das Meer ist der gr\u00f6sste Umwandler von CO<sub>2 <\/sub>und die Algen produzieren daraus zwei Drittel des Sauerstoffs der Erde. Man k\u00f6nnte also durchaus behaupten, zwei von drei Atemz\u00fcgen stammten aus dem Meer! Und f\u00fcr \u00fcber eine Milliarde Menschen bilden Meereslebewesen die einzige Eiweissquelle.<\/p>\n<p>Die Meere sind zudem das Reservoir, in welchem das S\u00fcsswasser durch das Salz immer wieder gereinigt und neu in Umlauf gebracht wird. Nur 2.6% der globalen Wasservorr\u00e4te sind in Form von geniessbarem S\u00fcsswasser f\u00fcr die Menschen verf\u00fcgbar.<\/p>\n<p><strong>Das Meer, der gr\u00f6sste Lebensraum unseres Planeten, ist in vielerlei Hinsicht durch das Handeln der Menschen in seiner Existenz bedroht.<\/strong> Massive Verschmutzung, extreme \u00dcberfischung, r\u00fccksichtslose Fischereimethoden und der noch heute von diversen Nationen gezielt betriebene Wal- und Delphinfang bringen Tausende von bedrohten Tierarten an den Rand des Aussterbens. Die Meere und ihre Bewohner gezielt zu sch\u00fctzen, ist deshalb eines unserer wichtigsten Anliegen.<\/p>\n<div class=\"content-box green-1 width-100\">\n<div class=\"content-box-title\">Praktische Tipps f\u00fcr die Reduktion der Meeresverschmutzung:<\/div>\n<div class=\"content-box-body\">\n<ul>\n<li>Seien Sie t\u00e4glich dankbar f\u00fcr das Wasser, das Sie zur Verf\u00fcgung haben.<\/li>\n<li>Benutzen Sie f\u00fcr die W\u00e4sche, das Geschirr und das Putzen umweltvertr\u00e4gliche Wasch- und Reinigungsmittel.<\/li>\n<li>Bevorzugen Sie regionale Lebensmittel aus nat\u00fcrlicher Produktion, denn die bei der konventionellen Landwirtschaft eingesetzten Schadstoffe belasten die Gew\u00e4sser und letztlich auch das Meer&#8230; <span class=\"more\"><i class=\"fa fa-angle-right \" ><\/i><a title=\"Was Sie f\u00fcr die Meere tun k\u00f6nnen\" href=\"https:\/\/www.naturalscience.org\/de\/themen\/meere\/was-sie-fuer-die-meere-tun-koennen\/\"> mehr<\/a><\/span><\/li>\n<\/ul>\n<\/div>\n<\/div>\n<p>&nbsp;<\/p>\n\r\n\t        <div class=\"subpages-grid\">\r\n\r\n            <ul class=\"small-block-grid-1 medium-block-grid-2\">\r\n\t\t\t\t\t\t\t\t                        <li>\r\n\r\n\t\t\t\t\t\t\t                                <a href=\"https:\/\/www.naturalscience.org\/de\/themen\/meere\/meeresschutzzonen\/\"><img loading=\"lazy\" decoding=\"async\" src=\"https:\/\/www.naturalscience.org\/wp-content\/uploads\/2023\/01\/AdobeStock_305383349-300x68.jpeg\"\r\n                                                                         width=\"300\"\r\n                                                                         height=\"68\"\/><\/a>\r\n\t\t\t\t\t\t\t\r\n                            <h2><a href=\"https:\/\/www.naturalscience.org\/de\/themen\/meere\/meeresschutzzonen\/\">Meeresschutzzonen<\/a><\/h2>\r\n\r\n                            <ul class=\"fa-ul\">\r\n\t\t\t\t\t\t\t\t                            <\/ul>\r\n                        <\/li>\r\n\t\t\t\t\t\t\t\t\t                        <li>\r\n\r\n\t\t\t\t\t\t\t                                <a href=\"https:\/\/www.naturalscience.org\/de\/themen\/meere\/plastik\/\"><img loading=\"lazy\" decoding=\"async\" src=\"https:\/\/www.naturalscience.org\/wp-content\/uploads\/2015\/02\/header-sea-plastic-300x68.jpg\"\r\n                                                                         width=\"300\"\r\n                                                                         height=\"68\"\/><\/a>\r\n\t\t\t\t\t\t\t\r\n                            <h2><a href=\"https:\/\/www.naturalscience.org\/de\/themen\/meere\/plastik\/\">Plastik<\/a><\/h2>\r\n\r\n                            <ul class=\"fa-ul\">\r\n\t\t\t\t\t\t\t\t\t\t\t\t\t\t\t\t\t\t\t\t\t\t\t\t\t\t\t\t\t\t\t\t\t\t                            <\/ul>\r\n                        <\/li>\r\n\t\t\t\t\t\t\t\t\t            <\/ul>\r\n        <\/div>\r\n\t\r\n\t\r\n\t\n\n\n","protected":false},"excerpt":{"rendered":"Reduzieren Sie Wegwerfartikel. Kaufen Sie bewusst ein: Bevorzugen Sie nat\u00fcrliche und langlebige Materialien, kaufen Sie keine Pflegeprodukte mit Mikroplastik (z. B. in Peelings oder Zahnpaste). Lassen Sie Verpackungen in den L\u00e4den zur\u00fcck. \u2013 Sensibilisieren Sie das Verkaufspersonal und die Firmen. Ben\u00fctzen Sie Mehrwegbeutel aus Stoff und Papier. Vermeiden Sie das sehr giftige Polyvinylchlorid (PVC) und [&hellip;]","protected":false},"author":9,"featured_media":0,"parent":269,"menu_order":55,"comment_status":"closed","ping_status":"closed","template":"","meta":{"_acf_changed":false,"ngg_post_thumbnail":0,"footnotes":""},"categories":[22],"class_list":["post-104","page","type-page","status-publish","hentry","category-meere","wpautop"],"acf":[],"yoast_head":"<!-- This site is optimized with the Yoast SEO plugin v27.4 - https:\/\/yoast.com\/product\/yoast-seo-wordpress\/ -->\n<title>Meere - The World Foundation for Natural Science<\/title>\n<meta name=\"robots\" content=\"index, follow, max-snippet:-1, max-image-preview:large, max-video-preview:-1\" \/>\n<link rel=\"canonical\" href=\"https:\/\/www.naturalscience.org\/de\/themen\/meere\/\" \/>\n<meta name=\"twitter:label1\" content=\"Gesch\u00e4tzte Lesezeit\" \/>\n\t<meta name=\"twitter:data1\" content=\"2\u00a0Minuten\" \/>\n<script type=\"application\/ld+json\" class=\"yoast-schema-graph\">{\"@context\":\"https:\\\/\\\/schema.org\",\"@graph\":[{\"@type\":\"WebPage\",\"@id\":\"https:\\\/\\\/www.naturalscience.org\\\/de\\\/themen\\\/meere\\\/\",\"url\":\"https:\\\/\\\/www.naturalscience.org\\\/de\\\/themen\\\/meere\\\/\",\"name\":\"Meere - The World Foundation for Natural Science\",\"isPartOf\":{\"@id\":\"https:\\\/\\\/www.naturalscience.org\\\/#website\"},\"datePublished\":\"2014-04-23T20:53:32+00:00\",\"dateModified\":\"2023-01-09T16:41:37+00:00\",\"breadcrumb\":{\"@id\":\"https:\\\/\\\/www.naturalscience.org\\\/de\\\/themen\\\/meere\\\/#breadcrumb\"},\"inLanguage\":\"de\",\"potentialAction\":[{\"@type\":\"ReadAction\",\"target\":[\"https:\\\/\\\/www.naturalscience.org\\\/de\\\/themen\\\/meere\\\/\"]}]},{\"@type\":\"BreadcrumbList\",\"@id\":\"https:\\\/\\\/www.naturalscience.org\\\/de\\\/themen\\\/meere\\\/#breadcrumb\",\"itemListElement\":[{\"@type\":\"ListItem\",\"position\":1,\"name\":\"Home\",\"item\":\"https:\\\/\\\/www.naturalscience.org\\\/de\\\/\"},{\"@type\":\"ListItem\",\"position\":2,\"name\":\"Themen\",\"item\":\"https:\\\/\\\/www.naturalscience.org\\\/de\\\/themen\\\/\"},{\"@type\":\"ListItem\",\"position\":3,\"name\":\"Meere\"}]},{\"@type\":\"WebSite\",\"@id\":\"https:\\\/\\\/www.naturalscience.org\\\/#website\",\"url\":\"https:\\\/\\\/www.naturalscience.org\\\/\",\"name\":\"The World Foundation for Natural Science\",\"description\":\"Restoring and Healing the World through Responsibility and Commitment in accord with Natural and Divine Law!\",\"potentialAction\":[{\"@type\":\"SearchAction\",\"target\":{\"@type\":\"EntryPoint\",\"urlTemplate\":\"https:\\\/\\\/www.naturalscience.org\\\/?s={search_term_string}\"},\"query-input\":{\"@type\":\"PropertyValueSpecification\",\"valueRequired\":true,\"valueName\":\"search_term_string\"}}],\"inLanguage\":\"de\"}]}<\/script>\n<!-- \/ Yoast SEO plugin. -->","yoast_head_json":{"title":"Meere - The World Foundation for Natural Science","robots":{"index":"index","follow":"follow","max-snippet":"max-snippet:-1","max-image-preview":"max-image-preview:large","max-video-preview":"max-video-preview:-1"},"canonical":"https:\/\/www.naturalscience.org\/de\/themen\/meere\/","twitter_misc":{"Gesch\u00e4tzte Lesezeit":"2\u00a0Minuten"},"schema":{"@context":"https:\/\/schema.org","@graph":[{"@type":"WebPage","@id":"https:\/\/www.naturalscience.org\/de\/themen\/meere\/","url":"https:\/\/www.naturalscience.org\/de\/themen\/meere\/","name":"Meere - The World Foundation for Natural Science","isPartOf":{"@id":"https:\/\/www.naturalscience.org\/#website"},"datePublished":"2014-04-23T20:53:32+00:00","dateModified":"2023-01-09T16:41:37+00:00","breadcrumb":{"@id":"https:\/\/www.naturalscience.org\/de\/themen\/meere\/#breadcrumb"},"inLanguage":"de","potentialAction":[{"@type":"ReadAction","target":["https:\/\/www.naturalscience.org\/de\/themen\/meere\/"]}]},{"@type":"BreadcrumbList","@id":"https:\/\/www.naturalscience.org\/de\/themen\/meere\/#breadcrumb","itemListElement":[{"@type":"ListItem","position":1,"name":"Home","item":"https:\/\/www.naturalscience.org\/de\/"},{"@type":"ListItem","position":2,"name":"Themen","item":"https:\/\/www.naturalscience.org\/de\/themen\/"},{"@type":"ListItem","position":3,"name":"Meere"}]},{"@type":"WebSite","@id":"https:\/\/www.naturalscience.org\/#website","url":"https:\/\/www.naturalscience.org\/","name":"The World Foundation for Natural Science","description":"Restoring and Healing the World through Responsibility and Commitment in accord with Natural and Divine Law!","potentialAction":[{"@type":"SearchAction","target":{"@type":"EntryPoint","urlTemplate":"https:\/\/www.naturalscience.org\/?s={search_term_string}"},"query-input":{"@type":"PropertyValueSpecification","valueRequired":true,"valueName":"search_term_string"}}],"inLanguage":"de"}]}},"_links":{"self":[{"href":"https:\/\/www.naturalscience.org\/de\/wp-json\/wp\/v2\/pages\/104","targetHints":{"allow":["GET"]}}],"collection":[{"href":"https:\/\/www.naturalscience.org\/de\/wp-json\/wp\/v2\/pages"}],"about":[{"href":"https:\/\/www.naturalscience.org\/de\/wp-json\/wp\/v2\/types\/page"}],"author":[{"embeddable":true,"href":"https:\/\/www.naturalscience.org\/de\/wp-json\/wp\/v2\/users\/9"}],"replies":[{"embeddable":true,"href":"https:\/\/www.naturalscience.org\/de\/wp-json\/wp\/v2\/comments?post=104"}],"version-history":[{"count":3,"href":"https:\/\/www.naturalscience.org\/de\/wp-json\/wp\/v2\/pages\/104\/revisions"}],"predecessor-version":[{"id":38636,"href":"https:\/\/www.naturalscience.org\/de\/wp-json\/wp\/v2\/pages\/104\/revisions\/38636"}],"up":[{"embeddable":true,"href":"https:\/\/www.naturalscience.org\/de\/wp-json\/wp\/v2\/pages\/269"}],"wp:attachment":[{"href":"https:\/\/www.naturalscience.org\/de\/wp-json\/wp\/v2\/media?parent=104"}],"wp:term":[{"taxonomy":"category","embeddable":true,"href":"https:\/\/www.naturalscience.org\/de\/wp-json\/wp\/v2\/categories?post=104"}],"curies":[{"name":"wp","href":"https:\/\/api.w.org\/{rel}","templated":true}]}}