{"id":103,"date":"2014-04-23T20:53:28","date_gmt":"2014-04-23T20:53:28","guid":{"rendered":"http:\/\/test.naturalscience.org\/?page_id=103"},"modified":"2022-12-30T11:28:33","modified_gmt":"2022-12-30T10:28:33","slug":"mikrowellen","status":"publish","type":"page","link":"https:\/\/www.naturalscience.org\/de\/themen\/mikrowellen\/","title":{"rendered":"Mikrowellen &#038; Mobilfunk"},"content":{"rendered":"<p>Leben basiert auf Elektromagnetismus. <strong>Jeder Aufbau-, Reparatur-, Erhaltungs- und Zerfallsprozess aber auch jegliche Kommunikationsprozesse in der Natur gr\u00fcnden auf dem <strong>Zusammenspiel von nat\u00fcrlichen, elektrischen und magnetischen Impulsen und entsprechenden Feldern<\/strong><\/strong>. Dies gilt im Mineral-, Pflanzen- und Tierreich wie auch bei uns Menschen und von der Zellkommunikation bis zur Ordnung in Sonnensystemen.<\/p>\n<p><strong>Die <strong>widernat\u00fcrliche, technische Strahlung<\/strong><\/strong>,<strong> verursacht durch den Mobilfunk, ist deshalb zur gr\u00f6ssten je von Menschen erzeugten Gef\u00e4hrdung f\u00fcr alles Leben und die gesamte Umwelt geworden.<\/strong> Ob im <a href=\"https:\/\/www.naturalscience.org\/de\/themen\/mikrowellen\/mikrowellenofen\/\">Mikrowellenofen<\/a>, beim DECT-Telefon, bei <a href=\"https:\/\/www.naturalscience.org\/de\/themen\/mikrowellen\/mobilfunkgeraete\/\">WLAN<\/a>, beim Tablet-Computer, beim Handy respektive Smartphone oder beim Smart Meter angewandt: <strong>Die <\/strong><strong>Mikrowellenstrahlung<\/strong><strong> st\u00f6rt s\u00e4mtliche nat\u00fcrliche Vorg\u00e4nge in unserem K\u00f6rper und in der Natur.<\/strong> Die negativen Auswirkungen sind deshalb mannigfach und teilweise bereits dramatisch.<\/p>\n<div class=\"content-box green-1 width-100\">\n<div class=\"content-box-title\">Praktische Tipps f\u00fcr den richtigen Umgang mit Mobilfunkger\u00e4ten:<\/div>\n<div class=\"content-box-body\">\n<ul>\n<li>Verwenden Sie zu Hause und am Arbeitsplatz immer ein Kabel-Netzwerk.<\/li>\n<li>Deaktivieren Sie bei Nichtgebrauch bei allen Ger\u00e4ten (Laptop, PC, Drucker, Autoradio) die Bluetooth \/ WLAN-Funktion (via Schalter oder Systemsteuerung).<\/li>\n<li>Verwenden Sie ein Wired-Telefon (kabelgebunden) anstatt eines kabellosen Funktelefons&#8230; <span class=\"more\"><i class=\"fa fa-angle-right \" ><\/i><a href=\"https:\/\/www.naturalscience.org\/de\/themen\/mikrowellen\/tipps-fuer-den-richtigen-umgang-mit-mobilfunkgeraeten\/\"> mehr<\/a><\/span><\/li>\n<\/ul>\n<\/div>\n<\/div>\n<p>&nbsp;<\/p>\n\r\n\t        <div class=\"subpages-grid\">\r\n\r\n            <ul class=\"small-block-grid-1 medium-block-grid-2\">\r\n\t\t\t\t\t\t\t\t                        <li>\r\n\r\n\t\t\t\t\t\t\t                                <a href=\"https:\/\/www.naturalscience.org\/de\/themen\/mikrowellen\/wlan-an-schulen\/\"><img loading=\"lazy\" decoding=\"async\" src=\"https:\/\/www.naturalscience.org\/wp-content\/uploads\/2022\/12\/AdobeStock_456530714-300x68.jpg\"\r\n                                                                         width=\"300\"\r\n                                                                         height=\"68\"\/><\/a>\r\n\t\t\t\t\t\t\t\r\n                            <h2><a href=\"https:\/\/www.naturalscience.org\/de\/themen\/mikrowellen\/wlan-an-schulen\/\">WLAN an Schulen<\/a><\/h2>\r\n\r\n                            <ul class=\"fa-ul\">\r\n\t\t\t\t\t\t\t\t                            <\/ul>\r\n                        <\/li>\r\n\t\t\t\t\t\t\t\t\t                        <li>\r\n\r\n\t\t\t\t\t\t\t                                <a href=\"https:\/\/www.naturalscience.org\/de\/themen\/mikrowellen\/5g\/\"><img loading=\"lazy\" decoding=\"async\" src=\"https:\/\/www.naturalscience.org\/wp-content\/uploads\/2019\/02\/header-5g-300x68.jpg\"\r\n                                                                         width=\"300\"\r\n                                                                         height=\"68\"\/><\/a>\r\n\t\t\t\t\t\t\t\r\n                            <h2><a href=\"https:\/\/www.naturalscience.org\/de\/themen\/mikrowellen\/5g\/\">5G<\/a><\/h2>\r\n\r\n                            <ul class=\"fa-ul\">\r\n\t\t\t\t\t\t\t\t                            <\/ul>\r\n                        <\/li>\r\n\t\t\t\t\t\t\t\t\t                        <li>\r\n\r\n\t\t\t\t\t\t\t                                <a href=\"https:\/\/www.naturalscience.org\/de\/themen\/mikrowellen\/auswirkungen-und-schaedigung\/\"><img loading=\"lazy\" decoding=\"async\" src=\"https:\/\/www.naturalscience.org\/wp-content\/uploads\/2021\/01\/header-image-effects-harm-300x68.jpg\"\r\n                                                                         width=\"300\"\r\n                                                                         height=\"68\"\/><\/a>\r\n\t\t\t\t\t\t\t\r\n                            <h2><a href=\"https:\/\/www.naturalscience.org\/de\/themen\/mikrowellen\/auswirkungen-und-schaedigung\/\">Auswirkungen und Sch\u00e4digung<\/a><\/h2>\r\n\r\n                            <ul class=\"fa-ul\">\r\n\t\t\t\t\t\t\t\t                            <\/ul>\r\n                        <\/li>\r\n\t\t\t\t\t\t\t\t\t                        <li>\r\n\r\n\t\t\t\t\t\t\t                                <a href=\"https:\/\/www.naturalscience.org\/de\/themen\/mikrowellen\/mikrowellenofen\/\"><img loading=\"lazy\" decoding=\"async\" src=\"https:\/\/www.naturalscience.org\/wp-content\/uploads\/2015\/02\/header-microwave-oven-300x68.jpg\"\r\n                                                                         width=\"300\"\r\n                                                                         height=\"68\"\/><\/a>\r\n\t\t\t\t\t\t\t\r\n                            <h2><a href=\"https:\/\/www.naturalscience.org\/de\/themen\/mikrowellen\/mikrowellenofen\/\">Mikrowellenofen<\/a><\/h2>\r\n\r\n                            <ul class=\"fa-ul\">\r\n\t\t\t\t\t\t\t\t                            <\/ul>\r\n                        <\/li>\r\n\t\t\t\t\t\t\t\t\t                        <li>\r\n\r\n\t\t\t\t\t\t\t                                <a href=\"https:\/\/www.naturalscience.org\/de\/themen\/mikrowellen\/induktionsherd\/\"><img loading=\"lazy\" decoding=\"async\" src=\"https:\/\/www.naturalscience.org\/wp-content\/uploads\/2015\/01\/header-induction-cooker-300x68.jpg\"\r\n                                                                         width=\"300\"\r\n                                                                         height=\"68\"\/><\/a>\r\n\t\t\t\t\t\t\t\r\n                            <h2><a href=\"https:\/\/www.naturalscience.org\/de\/themen\/mikrowellen\/induktionsherd\/\">Induktionsherd<\/a><\/h2>\r\n\r\n                            <ul class=\"fa-ul\">\r\n\t\t\t\t\t\t\t\t                            <\/ul>\r\n                        <\/li>\r\n\t\t\t\t\t\t\t\t\t                        <li>\r\n\r\n\t\t\t\t\t\t\t                                <a href=\"https:\/\/www.naturalscience.org\/de\/themen\/mikrowellen\/mikrowellen-wasser\/\"><img loading=\"lazy\" decoding=\"async\" src=\"https:\/\/www.naturalscience.org\/wp-content\/uploads\/2015\/02\/header-water-microwaves-300x68.jpg\"\r\n                                                                         width=\"300\"\r\n                                                                         height=\"68\"\/><\/a>\r\n\t\t\t\t\t\t\t\r\n                            <h2><a href=\"https:\/\/www.naturalscience.org\/de\/themen\/mikrowellen\/mikrowellen-wasser\/\">Mikrowellen &#038; Wasser<\/a><\/h2>\r\n\r\n                            <ul class=\"fa-ul\">\r\n\t\t\t\t\t\t\t\t                            <\/ul>\r\n                        <\/li>\r\n\t\t\t\t\t\t\t\t\t                        <li>\r\n\r\n\t\t\t\t\t\t\t                                <a href=\"https:\/\/www.naturalscience.org\/de\/themen\/mikrowellen\/jugend-handys\/\"><img loading=\"lazy\" decoding=\"async\" src=\"https:\/\/www.naturalscience.org\/wp-content\/uploads\/2015\/02\/header-youth-mobiles-300x68.jpg\"\r\n                                                                         width=\"300\"\r\n                                                                         height=\"68\"\/><\/a>\r\n\t\t\t\t\t\t\t\r\n                            <h2><a href=\"https:\/\/www.naturalscience.org\/de\/themen\/mikrowellen\/jugend-handys\/\">Jugend &#038; Handys<\/a><\/h2>\r\n\r\n                            <ul class=\"fa-ul\">\r\n\t\t\t\t\t\t\t\t                            <\/ul>\r\n                        <\/li>\r\n\t\t\t\t\t\t\t\t\t                        <li>\r\n\r\n\t\t\t\t\t\t\t                                <a href=\"https:\/\/www.naturalscience.org\/de\/themen\/mikrowellen\/mobilfunkgeraete\/\"><img loading=\"lazy\" decoding=\"async\" src=\"https:\/\/www.naturalscience.org\/wp-content\/uploads\/2022\/12\/AdobeStock_129273597_new-300x68.jpg\"\r\n                                                                         width=\"300\"\r\n                                                                         height=\"68\"\/><\/a>\r\n\t\t\t\t\t\t\t\r\n                            <h2><a href=\"https:\/\/www.naturalscience.org\/de\/themen\/mikrowellen\/mobilfunkgeraete\/\">Mobilfunkger\u00e4te<\/a><\/h2>\r\n\r\n                            <ul class=\"fa-ul\">\r\n\t\t\t\t\t\t\t\t                            <\/ul>\r\n                        <\/li>\r\n\t\t\t\t\t\t\t\t\t            <\/ul>\r\n        <\/div>\r\n\t\r\n\t\r\n\t\n            <div class=\"latest-news-list hide-for-print\">\r\n                <div class=\"row\">\r\n                    <div class=\"small-24 columns \">\r\n                        <div class=\"title\">Das Thema Mobilfunkger\u00e4te im Fokus<\/div>\r\n\t\t\t\t\t\t\t\t\t\t\t\t\t<article class=\"news-excerpt\" id=\"post-43346\">\r\n    <div class=\"row collapse\">\r\n\r\n\t\t\r\n        <div class=\"medium-7 columns\">\r\n            <a href=\"https:\/\/www.naturalscience.org\/de\/news\/2026\/02\/smart-tip-15\/\" title=\"Smart Tip # 15\">\r\n                <img decoding=\"async\" src=\"https:\/\/www.naturalscience.org\/wp-content\/uploads\/2026\/02\/AdobeStock_160674561SQUARE-164x164.jpg\" alt=\"\" width=\"200px\" height=\"200px\"\/>\r\n            <\/a>\r\n        <\/div>\r\n\r\n        <div class=\"medium-17 columns\">\r\n\t\t\t\r\n                <header>\r\n                    <div class=\"row collapse top\">\r\n                        <div class=\"small-12 columns\">\r\n                            <time datetime=\"2026-02-16T12:28:26+01:00\">\r\n\t\t\t\t\t\t\t\tMontag, 16. Februar 2026                            <\/time>\r\n                        <\/div>\r\n\t\t\t\t\t\t                    <\/div>\r\n                    <h2><a href=\"https:\/\/www.naturalscience.org\/de\/news\/2026\/02\/smart-tip-15\/\">Smart Tip # 15<\/a><\/h2>\r\n\r\n                <\/header>\r\n                <div class=\"entry-content\">\r\n                    <p>\r\n\t                    Schnurlostelefone senden pausenlos und k\u00f6nnen Schlafst\u00f6rungen und andere Beschwerden ausl\u00f6sen, denn \u00fcberall, wo Sie Empfang haben, haben Sie auch Strahlung. Wechseln Sie zu einem Schnurtelefon oder aktivieren Sie zumindest den Eco+ -Modus beim Schnurlostelefon. Somit strahlt das Telefon nur, wenn Sie telefonieren.                                            <\/p>\r\n                <\/div>\r\n            <\/div>\r\n        <\/div>\r\n<\/article>\t\t\t\t\t\t\t\t\t\t\t\t\r\n\t\t\t\t\t\t                        <a href=\"https:\/\/www.naturalscience.org\/de\/news\/category\/mikrowellen-mobilfunk\/mobilfunkgeraete\/\" class=\"button radius\">\r\n                            <i class=\"fa fa-angle-right\"><\/i>&nbsp;&nbsp;Mehr                        <\/a>\r\n                    <\/div>\r\n                <\/div>\r\n            <\/div>\r\n\t\t\t\n\n","protected":false},"excerpt":{"rendered":"Schnurlostelefone senden pausenlos und k\u00f6nnen Schlafst\u00f6rungen und andere Beschwerden ausl\u00f6sen, denn \u00fcberall, wo Sie Empfang haben, haben Sie auch Strahlung. Wechseln Sie zu einem Schnurtelefon oder aktivieren Sie zumindest den Eco+ -Modus beim Schnurlostelefon. Somit strahlt das Telefon nur, wenn Sie telefonieren.","protected":false},"author":9,"featured_media":0,"parent":269,"menu_order":28,"comment_status":"closed","ping_status":"closed","template":"","meta":{"_acf_changed":false,"ngg_post_thumbnail":0,"footnotes":""},"categories":[21],"class_list":["post-103","page","type-page","status-publish","hentry","category-mikrowellen-mobilfunk","wpautop"],"acf":[],"yoast_head":"<!-- This site is optimized with the Yoast SEO plugin v27.4 - https:\/\/yoast.com\/product\/yoast-seo-wordpress\/ -->\n<title>Mikrowellen &amp; Mobilfunk - The World Foundation for Natural Science<\/title>\n<meta name=\"robots\" content=\"index, follow, max-snippet:-1, max-image-preview:large, max-video-preview:-1\" \/>\n<link rel=\"canonical\" href=\"https:\/\/www.naturalscience.org\/de\/themen\/mikrowellen\/\" \/>\n<meta name=\"twitter:label1\" content=\"Gesch\u00e4tzte Lesezeit\" \/>\n\t<meta name=\"twitter:data1\" content=\"1\u00a0Minute\" \/>\n<script type=\"application\/ld+json\" class=\"yoast-schema-graph\">{\"@context\":\"https:\\\/\\\/schema.org\",\"@graph\":[{\"@type\":\"WebPage\",\"@id\":\"https:\\\/\\\/www.naturalscience.org\\\/de\\\/themen\\\/mikrowellen\\\/\",\"url\":\"https:\\\/\\\/www.naturalscience.org\\\/de\\\/themen\\\/mikrowellen\\\/\",\"name\":\"Mikrowellen & Mobilfunk - The World Foundation for Natural Science\",\"isPartOf\":{\"@id\":\"https:\\\/\\\/www.naturalscience.org\\\/#website\"},\"datePublished\":\"2014-04-23T20:53:28+00:00\",\"dateModified\":\"2022-12-30T10:28:33+00:00\",\"breadcrumb\":{\"@id\":\"https:\\\/\\\/www.naturalscience.org\\\/de\\\/themen\\\/mikrowellen\\\/#breadcrumb\"},\"inLanguage\":\"de\",\"potentialAction\":[{\"@type\":\"ReadAction\",\"target\":[\"https:\\\/\\\/www.naturalscience.org\\\/de\\\/themen\\\/mikrowellen\\\/\"]}]},{\"@type\":\"BreadcrumbList\",\"@id\":\"https:\\\/\\\/www.naturalscience.org\\\/de\\\/themen\\\/mikrowellen\\\/#breadcrumb\",\"itemListElement\":[{\"@type\":\"ListItem\",\"position\":1,\"name\":\"Home\",\"item\":\"https:\\\/\\\/www.naturalscience.org\\\/de\\\/\"},{\"@type\":\"ListItem\",\"position\":2,\"name\":\"Themen\",\"item\":\"https:\\\/\\\/www.naturalscience.org\\\/de\\\/themen\\\/\"},{\"@type\":\"ListItem\",\"position\":3,\"name\":\"Mikrowellen &#038; Mobilfunk\"}]},{\"@type\":\"WebSite\",\"@id\":\"https:\\\/\\\/www.naturalscience.org\\\/#website\",\"url\":\"https:\\\/\\\/www.naturalscience.org\\\/\",\"name\":\"The World Foundation for Natural Science\",\"description\":\"Restoring and Healing the World through Responsibility and Commitment in accord with Natural and Divine Law!\",\"potentialAction\":[{\"@type\":\"SearchAction\",\"target\":{\"@type\":\"EntryPoint\",\"urlTemplate\":\"https:\\\/\\\/www.naturalscience.org\\\/?s={search_term_string}\"},\"query-input\":{\"@type\":\"PropertyValueSpecification\",\"valueRequired\":true,\"valueName\":\"search_term_string\"}}],\"inLanguage\":\"de\"}]}<\/script>\n<!-- \/ Yoast SEO plugin. -->","yoast_head_json":{"title":"Mikrowellen & Mobilfunk - The World Foundation for Natural Science","robots":{"index":"index","follow":"follow","max-snippet":"max-snippet:-1","max-image-preview":"max-image-preview:large","max-video-preview":"max-video-preview:-1"},"canonical":"https:\/\/www.naturalscience.org\/de\/themen\/mikrowellen\/","twitter_misc":{"Gesch\u00e4tzte Lesezeit":"1\u00a0Minute"},"schema":{"@context":"https:\/\/schema.org","@graph":[{"@type":"WebPage","@id":"https:\/\/www.naturalscience.org\/de\/themen\/mikrowellen\/","url":"https:\/\/www.naturalscience.org\/de\/themen\/mikrowellen\/","name":"Mikrowellen & Mobilfunk - The World Foundation for Natural Science","isPartOf":{"@id":"https:\/\/www.naturalscience.org\/#website"},"datePublished":"2014-04-23T20:53:28+00:00","dateModified":"2022-12-30T10:28:33+00:00","breadcrumb":{"@id":"https:\/\/www.naturalscience.org\/de\/themen\/mikrowellen\/#breadcrumb"},"inLanguage":"de","potentialAction":[{"@type":"ReadAction","target":["https:\/\/www.naturalscience.org\/de\/themen\/mikrowellen\/"]}]},{"@type":"BreadcrumbList","@id":"https:\/\/www.naturalscience.org\/de\/themen\/mikrowellen\/#breadcrumb","itemListElement":[{"@type":"ListItem","position":1,"name":"Home","item":"https:\/\/www.naturalscience.org\/de\/"},{"@type":"ListItem","position":2,"name":"Themen","item":"https:\/\/www.naturalscience.org\/de\/themen\/"},{"@type":"ListItem","position":3,"name":"Mikrowellen &#038; Mobilfunk"}]},{"@type":"WebSite","@id":"https:\/\/www.naturalscience.org\/#website","url":"https:\/\/www.naturalscience.org\/","name":"The World Foundation for Natural Science","description":"Restoring and Healing the World through Responsibility and Commitment in accord with Natural and Divine Law!","potentialAction":[{"@type":"SearchAction","target":{"@type":"EntryPoint","urlTemplate":"https:\/\/www.naturalscience.org\/?s={search_term_string}"},"query-input":{"@type":"PropertyValueSpecification","valueRequired":true,"valueName":"search_term_string"}}],"inLanguage":"de"}]}},"_links":{"self":[{"href":"https:\/\/www.naturalscience.org\/de\/wp-json\/wp\/v2\/pages\/103","targetHints":{"allow":["GET"]}}],"collection":[{"href":"https:\/\/www.naturalscience.org\/de\/wp-json\/wp\/v2\/pages"}],"about":[{"href":"https:\/\/www.naturalscience.org\/de\/wp-json\/wp\/v2\/types\/page"}],"author":[{"embeddable":true,"href":"https:\/\/www.naturalscience.org\/de\/wp-json\/wp\/v2\/users\/9"}],"replies":[{"embeddable":true,"href":"https:\/\/www.naturalscience.org\/de\/wp-json\/wp\/v2\/comments?post=103"}],"version-history":[{"count":9,"href":"https:\/\/www.naturalscience.org\/de\/wp-json\/wp\/v2\/pages\/103\/revisions"}],"predecessor-version":[{"id":38428,"href":"https:\/\/www.naturalscience.org\/de\/wp-json\/wp\/v2\/pages\/103\/revisions\/38428"}],"up":[{"embeddable":true,"href":"https:\/\/www.naturalscience.org\/de\/wp-json\/wp\/v2\/pages\/269"}],"wp:attachment":[{"href":"https:\/\/www.naturalscience.org\/de\/wp-json\/wp\/v2\/media?parent=103"}],"wp:term":[{"taxonomy":"category","embeddable":true,"href":"https:\/\/www.naturalscience.org\/de\/wp-json\/wp\/v2\/categories?post=103"}],"curies":[{"name":"wp","href":"https:\/\/api.w.org\/{rel}","templated":true}]}}